{"id":17205,"date":"2024-10-22T08:54:35","date_gmt":"2024-10-22T08:54:35","guid":{"rendered":"https:\/\/italy-tourist-information.com\/affiliate-disclosure"},"modified":"2026-04-09T13:18:14","modified_gmt":"2026-04-09T13:18:14","slug":"offenlegung-der-affiliate-partner","status":"publish","type":"page","link":"https:\/\/italy-tourist-information.com\/de\/offenlegung-der-affiliate-partner","title":{"rendered":"Offenlegung der Affiliate-Partner"},"content":{"rendered":"<p dir=\"ltr\">Auf ItalyTouristInformation.com ist es unser Ziel, Ihnen hochwertige Reiseinformationen bereitzustellen, die Ihnen bei der Planung und dem Genuss Ihrer Reisen helfen. Um den Betrieb und die Weiterentwicklung dieser Website zu finanzieren, verwenden wir Affiliate-Links. Das bedeutet, dass wir eine kleine Provision erhalten, wenn Sie \u00fcber einen unserer Links einen Kauf t\u00e4tigen. F\u00fcr Sie entstehen dadurch keine zus\u00e4tzlichen Kosten, und es hilft uns, die Inhalte weiterhin kostenlos und aktuell zu halten.<\/p>\n<h2 dir=\"ltr\">Warum wir Affiliate-Links verwenden<\/h2>\n<p dir=\"ltr\">Der Betrieb einer Website erfordert Zeit und Ressourcen, und Affiliate-Partnerschaften erm\u00f6glichen es uns, unsere Arbeit zu finanzieren. Wir empfehlen ausschlie\u00dflich Produkte, Touren und Dienstleistungen, von denen wir \u00fcberzeugt sind, dass sie Ihr Reiseerlebnis bereichern. Unsere Affiliate-Partner werden sorgf\u00e4ltig ausgew\u00e4hlt und gepr\u00fcft, um sicherzustellen, dass sie den Standards und Interessen unserer Leser entsprechen.<\/p>\n<h2 dir=\"ltr\">Affiliate-Partner<\/h2>\n<p dir=\"ltr\">Zu unseren vertrauensw\u00fcrdigen Partnern geh\u00f6ren unter anderem:<\/p>\n<ul>\n<li dir=\"ltr\">GetYourGuide<\/li>\n<li dir=\"ltr\">Tiqets<\/li>\n<li dir=\"ltr\">Abfahrt<\/li>\n<li dir=\"ltr\">Viator<\/li>\n<li dir=\"ltr\">Platinumlist<\/li>\n<li dir=\"ltr\">Civitatis<\/li>\n<li dir=\"ltr\">Holafly<\/li>\n<li dir=\"ltr\">Booking.com<\/li>\n<li dir=\"ltr\">Megapass<\/li>\n<li dir=\"ltr\">Museum<\/li>\n<\/ul>\n<p dir=\"ltr\">Bitte beachten Sie, dass wir diese Liste gegebenenfalls aktualisieren, sobald wir neue Partnerschaften mit Unternehmen eingehen, denen wir vertrauen und die wir empfehlen.<\/p>\n<h2 dir=\"ltr\">Verpflichtung zur Ehrlichkeit<\/h2>\n<p dir=\"ltr\">Wir m\u00f6chten, dass Sie unseren Empfehlungen vertrauen. Provisionen unterst\u00fctzen zwar unsere Arbeit, haben aber keinerlei Einfluss auf die Inhalte, Themen oder Produkte, die wir empfehlen. Unser Hauptanliegen ist es, Ihnen hilfreiche, ehrliche und pr\u00e4zise Informationen f\u00fcr Ihre Reisen zu bieten. Jedes Produkt oder jede Dienstleistung, die wir empfehlen, w\u00fcrden wir auch selbst nutzen oder Freunden und Familie empfehlen.<\/p>\n<h2 dir=\"ltr\">Ihre Unterst\u00fctzung z\u00e4hlt.<\/h2>\n<p dir=\"ltr\">Indem Sie unsere Affiliate-Links nutzen, unterst\u00fctzen Sie die Inhalte und Ressourcen, die wir hier auf ItalyTouristInformation.com anbieten, und wir sind Ihnen f\u00fcr Ihr Vertrauen und Ihre Unterst\u00fctzung sehr dankbar. Dadurch k\u00f6nnen wir Ihnen weiterhin Tipps, Reisef\u00fchrer und Empfehlungen bereitstellen, die Ihre Reiseerlebnisse hoffentlich bereichern.<\/p>\n<p dir=\"ltr\">Sollten Sie Fragen oder Bedenken bez\u00fcglich unserer Affiliate-Partnerschaften oder Inhalte haben, kontaktieren Sie uns gerne.<\/p>\n","protected":false},"excerpt":{"rendered":"<p>Auf ItalyTouristInformation.com ist es unser Ziel, Ihnen hochwertige Reiseinformationen bereitzustellen, die Ihnen bei der Planung und dem Genuss Ihrer Reisen helfen. Um den Betrieb und die Weiterentwicklung dieser Website zu finanzieren, verwenden wir Affiliate-Links. Das bedeutet, dass wir eine kleine Provision erhalten, wenn Sie \u00fcber einen unserer Links einen Kauf t\u00e4tigen. F\u00fcr Sie entstehen dadurch [&hellip;]<\/p>\n","protected":false},"author":13,"featured_media":17206,"parent":0,"menu_order":0,"comment_status":"closed","ping_status":"closed","template":"","meta":{"footnotes":""},"categories":[],"tags":[],"class_list":["post-17205","page","type-page","status-publish","has-post-thumbnail","hentry","post-wrapper","thrv_wrapper"],"_links":{"self":[{"href":"https:\/\/italy-tourist-information.com\/de\/wp-json\/wp\/v2\/pages\/17205","targetHints":{"allow":["GET"]}}],"collection":[{"href":"https:\/\/italy-tourist-information.com\/de\/wp-json\/wp\/v2\/pages"}],"about":[{"href":"https:\/\/italy-tourist-information.com\/de\/wp-json\/wp\/v2\/types\/page"}],"author":[{"embeddable":true,"href":"https:\/\/italy-tourist-information.com\/de\/wp-json\/wp\/v2\/users\/13"}],"replies":[{"embeddable":true,"href":"https:\/\/italy-tourist-information.com\/de\/wp-json\/wp\/v2\/comments?post=17205"}],"version-history":[{"count":4,"href":"https:\/\/italy-tourist-information.com\/de\/wp-json\/wp\/v2\/pages\/17205\/revisions"}],"predecessor-version":[{"id":18984,"href":"https:\/\/italy-tourist-information.com\/de\/wp-json\/wp\/v2\/pages\/17205\/revisions\/18984"}],"wp:featuredmedia":[{"embeddable":true,"href":"https:\/\/italy-tourist-information.com\/de\/wp-json\/wp\/v2\/media\/17206"}],"wp:attachment":[{"href":"https:\/\/italy-tourist-information.com\/de\/wp-json\/wp\/v2\/media?parent=17205"}],"wp:term":[{"taxonomy":"category","embeddable":true,"href":"https:\/\/italy-tourist-information.com\/de\/wp-json\/wp\/v2\/categories?post=17205"},{"taxonomy":"post_tag","embeddable":true,"href":"https:\/\/italy-tourist-information.com\/de\/wp-json\/wp\/v2\/tags?post=17205"}],"curies":[{"name":"wp","href":"https:\/\/api.w.org\/{rel}","templated":true}]}}