{"id":17210,"date":"2025-05-09T07:52:20","date_gmt":"2025-05-09T07:52:20","guid":{"rendered":"https:\/\/italy-tourist-information.com\/agrigento-valley-of-the-temples-ticket"},"modified":"2026-04-22T15:01:04","modified_gmt":"2026-04-22T15:01:04","slug":"agrigento-tal-der-tempel-tickets","status":"publish","type":"page","link":"https:\/\/italy-tourist-information.com\/de\/agrigento-tal-der-tempel-tickets","title":{"rendered":"Agrigento: Tal der Tempel Tickets &amp; Audioguide"},"content":{"rendered":"<p><span><img decoding=\"async\" alt=\"\" data-id=\"10458\" width=\"960\" height=\"640\" title=\"Eintrittskarte und Audioguide f\u00fcr das Tal der Tempel von Agrigento\" src=\"https:\/\/italy-tourist-information.com\/wp-content\/uploads\/2025\/05\/Agrigento-Valley-of-the-Temples-Entry-Ticket-audioguide-ota.jpg\" data-src=\"https:\/\/italy-tourist-information.com\/wp-content\/uploads\/2025\/05\/Agrigento-Valley-of-the-Temples-Entry-Ticket-audioguide-ota-300x200.jpg\" loading=\"lazy\" data-sizes=\"{&quot;thumbnail&quot;:{&quot;url&quot;:&quot;https:\/\/italy-tourist-information.com\/wp-content\/uploads\/2025\/05\/Agrigento-Valley-of-the-Temples-Entry-Ticket-audioguide-ota-150x150.jpg&quot;,&quot;height&quot;:150,&quot;width&quot;:150,&quot;orientation&quot;:&quot;landscape&quot;},&quot;medium&quot;:{&quot;url&quot;:&quot;https:\/\/italy-tourist-information.com\/wp-content\/uploads\/2025\/05\/Agrigento-Valley-of-the-Temples-Entry-Ticket-audioguide-ota-300x200.jpg&quot;,&quot;height&quot;:200,&quot;width&quot;:300,&quot;orientation&quot;:&quot;landscape&quot;},&quot;full&quot;:{&quot;url&quot;:&quot;https:\/\/italy-tourist-information.com\/wp-content\/uploads\/2025\/05\/Agrigento-Valley-of-the-Temples-Entry-Ticket-audioguide-ota.jpg&quot;,&quot;height&quot;:640,&quot;width&quot;:960,&quot;orientation&quot;:&quot;landscape&quot;}}\"><\/span><span><img decoding=\"async\" alt=\"\" data-id=\"10457\" width=\"960\" height=\"640\" title=\"Eintrittskarte und Audioguide f\u00fcr das Tal der Tempel in Agrigento (OTA2)\" src=\"https:\/\/italy-tourist-information.com\/wp-content\/uploads\/2025\/05\/Agrigento-Valley-of-the-Temples-Entry-Ticket-audioguide-ota2.jpg\" data-src=\"https:\/\/italy-tourist-information.com\/wp-content\/uploads\/2025\/05\/Agrigento-Valley-of-the-Temples-Entry-Ticket-audioguide-ota2-300x200.jpg\" loading=\"lazy\" data-sizes=\"{&quot;thumbnail&quot;:{&quot;url&quot;:&quot;https:\/\/italy-tourist-information.com\/wp-content\/uploads\/2025\/05\/Agrigento-Valley-of-the-Temples-Entry-Ticket-audioguide-ota2-150x150.jpg&quot;,&quot;height&quot;:150,&quot;width&quot;:150,&quot;orientation&quot;:&quot;landscape&quot;},&quot;medium&quot;:{&quot;url&quot;:&quot;https:\/\/italy-tourist-information.com\/wp-content\/uploads\/2025\/05\/Agrigento-Valley-of-the-Temples-Entry-Ticket-audioguide-ota2-300x200.jpg&quot;,&quot;height&quot;:200,&quot;width&quot;:300,&quot;orientation&quot;:&quot;landscape&quot;},&quot;full&quot;:{&quot;url&quot;:&quot;https:\/\/italy-tourist-information.com\/wp-content\/uploads\/2025\/05\/Agrigento-Valley-of-the-Temples-Entry-Ticket-audioguide-ota2.jpg&quot;,&quot;height&quot;:640,&quot;width&quot;:960,&quot;orientation&quot;:&quot;landscape&quot;}}\"><\/span><span><img decoding=\"async\" alt=\"\" data-id=\"10456\" width=\"960\" height=\"639\" title=\"Eintrittskarte und Audioguide f\u00fcr das Tal der Tempel in Agrigento (OTA3)\" src=\"https:\/\/italy-tourist-information.com\/wp-content\/uploads\/2025\/05\/Agrigento-Valley-of-the-Temples-Entry-Ticket-audioguide-ota3.jpg\" data-src=\"https:\/\/italy-tourist-information.com\/wp-content\/uploads\/2025\/05\/Agrigento-Valley-of-the-Temples-Entry-Ticket-audioguide-ota3-300x200.jpg\" loading=\"lazy\" data-sizes=\"{&quot;thumbnail&quot;:{&quot;url&quot;:&quot;https:\/\/italy-tourist-information.com\/wp-content\/uploads\/2025\/05\/Agrigento-Valley-of-the-Temples-Entry-Ticket-audioguide-ota3-150x150.jpg&quot;,&quot;height&quot;:150,&quot;width&quot;:150,&quot;orientation&quot;:&quot;landscape&quot;},&quot;medium&quot;:{&quot;url&quot;:&quot;https:\/\/italy-tourist-information.com\/wp-content\/uploads\/2025\/05\/Agrigento-Valley-of-the-Temples-Entry-Ticket-audioguide-ota3-300x200.jpg&quot;,&quot;height&quot;:200,&quot;width&quot;:300,&quot;orientation&quot;:&quot;landscape&quot;},&quot;full&quot;:{&quot;url&quot;:&quot;https:\/\/italy-tourist-information.com\/wp-content\/uploads\/2025\/05\/Agrigento-Valley-of-the-Temples-Entry-Ticket-audioguide-ota3.jpg&quot;,&quot;height&quot;:639,&quot;width&quot;:960,&quot;orientation&quot;:&quot;landscape&quot;}}\"><\/span><\/p>\n<h1>Agrigent: Ticket und Audioguide f\u00fcr das Tal der Tempel<\/h1>\n<h2><a href=\"https:\/\/www.getyourguide.com\/agrigento-l1158\/agrigento-valley-of-the-temples-ticket-audio-pemcard-t652071\/?partner_id=NO9XIDE&amp;utm_medium=online_publisher&amp;cmp=ITIDeAgrigentoTempleSP\" target=\"_blank\" rel=\"nofollow noopener\" style=\"outline: none;\" spellcheck=\"false\">Zur Buchung<\/a><\/h2>\n<p style=\"\"><a href=\"https:\/\/www.getyourguide.com\/agrigento-l1158\/agrigento-valley-of-the-temples-ticket-audio-pemcard-t652071\/?partner_id=NO9XIDE&amp;utm_medium=online_publisher&amp;cmp=ITIDeAgrigentoTempleSP\" target=\"_blank\" rel=\"nofollow noopener\" style=\"outline: none;\">Preis ab<\/a><\/p>\n<h1><a href=\"https:\/\/www.getyourguide.com\/agrigento-l1158\/agrigento-valley-of-the-temples-ticket-audio-pemcard-t652071\/?partner_id=NO9XIDE&amp;utm_medium=online_publisher&amp;cmp=ITIDeAgrigentoTempleSP\" target=\"_blank\" rel=\"nofollow noopener\" style=\"outline: none;\" spellcheck=\"false\"><strong>15,00 \u20ac<\/strong><\/a><\/h1>\n<p dir=\"ltr\">Erkunden Sie eines der ber\u00fchmtesten arch\u00e4ologischen Wunder Siziliens mit<strong>&nbsp;Tickets f\u00fcr das Tal der Tempel in Agrigent.&nbsp;<\/strong>Wandeln Sie zwischen <strong>antiken dorischen Tempeln<\/strong> und entdecken Sie mit einem&nbsp;digitalen Audioguide&nbsp;das Erbe der antiken griechischen Stadt Akragas.<\/p>\n<ul>\n<li style=\"\"><span>Handverlesenes Ticket&nbsp;<\/span><\/li>\n<li style=\"\"><span>Jetzt reservieren &amp; sp\u00e4ter bezahlen<\/span><\/li>\n<li style=\"\"><span>Audioguide&nbsp;<\/span><\/li>\n<li style=\"\"><span>Kostenlose Stornierung<\/span><\/li>\n<\/ul>\n<h2>Inbegriffen<\/h2>\n<ul>\n<li style=\"\">                    <span>Eintrittskarte ohne Anstehen f\u00fcr das Tal der Tempel<\/span><\/li>\n<li style=\"\">                    <span>Digitaler Audioguide<\/span><\/li>\n<li style=\"\">                    <span>Eintritt zur Ausstellung \u201eSch\u00e4tze Italiens\u201c<\/span><\/li>\n<\/ul>\n<h2>Nicht inbegriffen<\/h2>\n<ul>\n<li style=\"\"><span>Live-Reisef\u00fchrer<\/span><\/li>\n<li style=\"\"><span>Kopfh\u00f6rer<\/span><\/li>\n<li style=\"\"><span>Eintritt in die Kolymbethra-G\u00e4rten<\/span><\/li>\n<\/ul>\n<h2>Wichtige Informationen<\/h2>\n<ul>\n<li style=\"\"><span>Das Tal der Tempel ist t\u00e4glich von 8:30 Uhr bis 19:00 Uhr ge\u00f6ffnet. Besucher m\u00fcssen das Gel\u00e4nde bis sp\u00e4testens 20:00 Uhr verlassen.<\/span><\/li>\n<li style=\"\"><span>Ihr E-Ticket steht Ihnen innerhalb von 24 Stunden vor Ihrem gew\u00e4hlten Besuchstermin zum Download bereit.<\/span><\/li>\n<li style=\"\"><span>Die E-Tickets werden Ihnen innerhalb von 24 Stunden vor Ihrem Besuch auch per WhatsApp zugesandt.<\/span><\/li>\n<li><span>Begeben Sie sich direkt zum Haupteingang des Tals der Tempel in Agrigent (Postleitzahl 92100).<\/span><\/li>\n<li><span>Zeigen Sie dem Personal Ihr E-Ticket auf Ihrem Mobilger\u00e4t vor, um Einlass zu erhalten.<\/span><\/li>\n<li><span>Scannen Sie den QR-Code auf Ihrem Voucher, um den Audioguide vor Ihrer Ankunft vor Ort herunterzuladen.<\/span><\/li>\n<\/ul>\n<h2>Beschreibung:<\/h2>\n<p data-end=\"314\" data-start=\"0\">Tauchen Sie ein in die Pracht des antiken Akragas mit Tickets f\u00fcr das Tal der Tempel von Agrigent, einer weitl\u00e4ufigen, zum&nbsp;<strong>UNESCO-Welterbe geh\u00f6renden arch\u00e4ologischen St\u00e4tte<\/strong> . Erkunden Sie die ber\u00fchmten Ruinen in Ihrem eigenen Tempo mit einem informativen Audioguide \u2013 vom bemerkenswert <strong>gut erhaltenen Concordia-Tempel<\/strong> bis hin zu den legend\u00e4ren Tempeln des Zeus und Herakles.<\/p>\n<p data-end=\"490\" data-is-last-node=\"\" data-is-only-node=\"\" data-start=\"316\">Dieser unvergessliche Besuch bietet einen tiefen Einblick in <strong>die sizilianische Geschichte<\/strong> und die klassische griechische Architektur vor der Kulisse einer der beeindruckendsten antiken Landschaften des Mittelmeers.<\/p>\n<h2>Highlights:<\/h2>\n<ul>\n<li dir=\"ltr\">Zugang ohne Anstehen zu einer UNESCO-Welterbest\u00e4tte<\/li>\n<li dir=\"ltr\">Immersive Kunden mit einem digitalen Audioguide<\/li>\n<li dir=\"ltr\">Besichtigen Sie majest\u00e4tische Ruinen wie den Tempel des Zeus und die Concordia.<\/li>\n<li dir=\"ltr\">Genie\u00dfen Sie den Panoramablick \u00fcber 1.300 Hektar l\u00e4ndlicher Landschaften.<\/li>\n<li dir=\"ltr\">Entdecken Sie antike Aqu\u00e4dukte und ein griechisch-r\u00f6misches Gymnasium.<\/li>\n<\/ul>\n<h2>Valle dei Templi<\/h2>\n<p>92100 Agrigento, Freie Gemeindegemeinschaft von Agrigento, Italien<\/p>\n<h2>Stornierungsbedingungen<\/h2>\n<p data-pm-slice=\"1 1 []\">Stornieren Sie bis zu 24 Stunden vor dem geplanten Erlebnis und Sie erhalten eine volle R\u00fcckerstattung.<\/p>\n<h2>Treffpunkt &amp; Anweisungen<\/h2>\n<p dir=\"ltr\">Der Treffpunkt kann je nach gew\u00e4hlter Option f\u00fcr das Eintrittsticket f\u00fcr das Tal der Tempel von Agrigent inklusive Audioguide variieren.<\/p>\n<p><a href=\"https:\/\/www.google.com\/maps?q=@37.28971481323242,13.600031852722168\" data-lt-tmp-id=\"lt-224233\" spellcheck=\"false\" target=\"_blank\" rel=\"nofollow noopener\" style=\"outline: none;\">In Karten \u00f6ffnen<\/a><\/p>\n<h2>Bewertungen<\/h2>\n<p><strong>4,2\/5 (289 Bewertungen)<\/strong><\/p>\n<p><em>\u201eWenn Sie die klassische Antike lieben, m\u00fcssen Sie unbedingt hierherkommen. Fahren Sie mit dem Zug von Palermo nach Agrigento und nehmen Sie dann den Bus direkt vor dem Bahnhof (ca. 15 Minuten Fahrt).\u201c<\/em> \u2013 Jay, Okt. 2024<\/p>\n<p><em>\u201eAu\u00dfergew\u00f6hnliche Ruinen mit einer au\u00dfergew\u00f6hnlichen Geschichte. Man sollte sich auf einen Spaziergang einstellen, aber es ist nichts Anstrengendes.\u201c<\/em> \u2013 Ronald, Sep. 2023 <a href=\"https:\/\/www.getyourguide.com\/agrigento-l1158\/agrigento-valley-of-the-temples-ticket-audio-pemcard-t652071\/?partner_id=NO9XIDE&amp;utm_medium=online_publisher&amp;cmp=ITIDeAgrigentoTempleSP\" target=\"_blank\" rel=\"nofollow noopener\" data-lt-tmp-id=\"lt-175475\" spellcheck=\"false\" style=\"outline: none;\">&nbsp;&gt;&gt; Weitere Bewertungen \u2026<\/a><\/p>\n<h2>Einige Aktivit\u00e4ten, die Ihnen gefallen k\u00f6nnten<\/h2>\n<p><span># <\/span><strong><span>2<\/span><\/strong><span>#1<\/span><span><img decoding=\"async\" alt=\"\" data-id=\"10454\" width=\"159\" data-init-width=\"960\" height=\"85\" data-init-height=\"514\" title=\"Gef\u00fchrte Tour ohne Anstehen im Tal der Tempel\" loading=\"lazy\" src=\"https:\/\/italy-tourist-information.com\/wp-content\/uploads\/2025\/05\/Valley-of-the-Temples-Skip-the-Line-Guided-Tour-ota.jpg\" data-width=\"159\" data-height=\"85\" style=\"aspect-ratio: auto 960 \/ 514;\"><\/span><\/p>\n<table>\n<tbody>\n<tr>\n<td><a href=\"https:\/\/megapass.com\/tours-tickets\/cappadocia-red-tour-with-goreme-museum-lunch-and-hotel-transfer-i2767?discountCode=ma-places\" target=\"_blank\" rel=\"nofollow noopener\" style=\"outline: none;\"><\/p>\n<table>\n<tbody>\n<tr>\n<td><strong><a data-lt-tmp-id=\"lt-978749\" href=\"https:\/\/www.getyourguide.com\/agrigento-l1158\/valley-of-the-temples-skip-the-line-guided-tour-t407067\/?partner_id=NO9XIDE&amp;utm_medium=online_publisher&amp;cmp=ITIDeAgrigentoTempleSP2\" rel=\"nofollow noopener\" spellcheck=\"false\" target=\"_blank\" style=\"outline: none;\">F\u00fchrung durch das Tal der Tempel ohne Anstehen<\/a><\/strong><\/td>\n<\/tr>\n<\/tbody>\n<\/table>\n<p><strong><\/strong><\/a><\/td>\n<\/tr>\n<\/tbody>\n<\/table>\n<p data-pm-slice=\"1 1 []\">Nehmen Sie an einer zweist\u00fcndigen F\u00fchrung durch das Tal der Tempel in Agrigent teil. Wandeln Sie zwischen majest\u00e4tischen Ruinen, lauschen Sie faszinierenden Geschichten der altgriechischen Zivilisation und erkunden Sie einen der bekanntesten arch\u00e4ologischen Parks Italiens \u2013 inklusive bevorzugtem Einlass.<\/p>\n<h3 style=\"\">Gesamtpreis<\/h3>\n<h3 style=\"\">Ihr Konto wird noch nicht belastet<\/h3>\n<p><span># <\/span><strong><span>2<\/span><\/strong><span><img decoding=\"async\" alt=\"\" data-id=\"10460\" width=\"159\" data-init-width=\"1185\" height=\"83\" data-init-height=\"616\" title=\"\u00c4tna \u2013 Gef\u00fchrte Vulkangipfelwanderung mit Seilbahnfahrt\" loading=\"lazy\" src=\"https:\/\/italy-tourist-information.com\/wp-content\/uploads\/2025\/05\/Mount-Etna-Guided-Volcano-Summit-Hiking-Tour-with-Cable-Car-ota.jpg\" data-width=\"159\" data-height=\"83\" style=\"aspect-ratio: auto 1185 \/ 616;\"><\/span><\/p>\n<table>\n<tbody>\n<tr>\n<td><a href=\"https:\/\/www.getyourguide.com\/mount-etna-l1901\/mount-etna-guided-volcano-summit-hiking-tour-with-cable-car-t279292\/?partner_id=NO9XIDE&amp;utm_medium=online_publisher&amp;cmp=ITIDeAgrigentoTempleSP3\" target=\"_blank\" rel=\"nofollow noopener\" style=\"outline: none;\" spellcheck=\"false\">\u00c4tna: Gef\u00fchrte Gipfelwanderung mit Seilbahn<\/a><\/td>\n<\/tr>\n<\/tbody>\n<\/table>\n<p>Erklimmen Sie den \u00c4tna mit der Seilbahn, wandern Sie mit einem F\u00fchrer durch vulkanische Landschaften und erleben Sie atemberaubende Ausblicke auf die Gipfelkrater.<\/p>\n<h3 style=\"\">Gesamtpreis<\/h3>\n<h3 style=\"\">Ihr Konto wird noch nicht belastet<\/h3>\n<p><\/p>\n<h2><a href=\"https:\/\/www.getyourguide.com\/agrigento-l1158\/agrigento-valley-of-the-temples-ticket-audio-pemcard-t652071\/?partner_id=NO9XIDE&amp;utm_medium=online_publisher&amp;cmp=ITIDeAgrigentoTempleSP\" target=\"_blank\" rel=\"nofollow noopener\" style=\"outline: none;\">Zur Buchung<\/a><\/h2>\n<p style=\"\"><a href=\"https:\/\/www.getyourguide.com\/agrigento-l1158\/agrigento-valley-of-the-temples-ticket-audio-pemcard-t652071\/?partner_id=NO9XIDE&amp;utm_medium=online_publisher&amp;cmp=ITIDeAgrigentoTempleSP\" target=\"_blank\" rel=\"nofollow noopener\" style=\"outline: none;\">Preis ab<\/a><\/p>\n<h1><a href=\"https:\/\/www.getyourguide.com\/agrigento-l1158\/agrigento-valley-of-the-temples-ticket-audio-pemcard-t652071\/?partner_id=NO9XIDE&amp;utm_medium=online_publisher&amp;cmp=ITIDeAgrigentoTempleSP\" target=\"_blank\" rel=\"nofollow noopener\" style=\"outline: none;\"><strong>15,00 \u20ac<\/strong><\/a><\/h1>\n<p style=\"\">Ihr Konto wird noch nicht belastet<\/p>\n","protected":false},"excerpt":{"rendered":"<p>Agrigent: Ticket und Audioguide f\u00fcr das Tal der Tempel Zur Buchung Preis ab 15,00 \u20ac Erkunden Sie eines der ber\u00fchmtesten arch\u00e4ologischen Wunder Siziliens mit&nbsp;Tickets f\u00fcr das Tal der Tempel in Agrigent.&nbsp;Wandeln Sie zwischen antiken dorischen Tempeln und entdecken Sie mit einem&nbsp;digitalen Audioguide&nbsp;das Erbe der antiken griechischen Stadt Akragas. Handverlesenes Ticket&nbsp; Jetzt reservieren &amp; sp\u00e4ter bezahlen [&hellip;]<\/p>\n","protected":false},"author":6,"featured_media":17211,"parent":0,"menu_order":0,"comment_status":"closed","ping_status":"closed","template":"","meta":{"footnotes":""},"categories":[129,128],"tags":[131,130],"class_list":["post-17210","page","type-page","status-publish","has-post-thumbnail","hentry","category-sizilien","category-verkaufsseite","tag-sizilien","tag-verkaufsseite","post-wrapper","thrv_wrapper"],"_links":{"self":[{"href":"https:\/\/italy-tourist-information.com\/de\/wp-json\/wp\/v2\/pages\/17210","targetHints":{"allow":["GET"]}}],"collection":[{"href":"https:\/\/italy-tourist-information.com\/de\/wp-json\/wp\/v2\/pages"}],"about":[{"href":"https:\/\/italy-tourist-information.com\/de\/wp-json\/wp\/v2\/types\/page"}],"author":[{"embeddable":true,"href":"https:\/\/italy-tourist-information.com\/de\/wp-json\/wp\/v2\/users\/6"}],"replies":[{"embeddable":true,"href":"https:\/\/italy-tourist-information.com\/de\/wp-json\/wp\/v2\/comments?post=17210"}],"version-history":[{"count":11,"href":"https:\/\/italy-tourist-information.com\/de\/wp-json\/wp\/v2\/pages\/17210\/revisions"}],"predecessor-version":[{"id":20099,"href":"https:\/\/italy-tourist-information.com\/de\/wp-json\/wp\/v2\/pages\/17210\/revisions\/20099"}],"wp:featuredmedia":[{"embeddable":true,"href":"https:\/\/italy-tourist-information.com\/de\/wp-json\/wp\/v2\/media\/17211"}],"wp:attachment":[{"href":"https:\/\/italy-tourist-information.com\/de\/wp-json\/wp\/v2\/media?parent=17210"}],"wp:term":[{"taxonomy":"category","embeddable":true,"href":"https:\/\/italy-tourist-information.com\/de\/wp-json\/wp\/v2\/categories?post=17210"},{"taxonomy":"post_tag","embeddable":true,"href":"https:\/\/italy-tourist-information.com\/de\/wp-json\/wp\/v2\/tags?post=17210"}],"curies":[{"name":"wp","href":"https:\/\/api.w.org\/{rel}","templated":true}]}}