{"id":17218,"date":"2025-07-17T12:58:44","date_gmt":"2025-07-17T12:58:44","guid":{"rendered":"https:\/\/italy-tourist-information.com\/bernina-express-from-milan"},"modified":"2026-05-06T08:09:22","modified_gmt":"2026-05-06T08:09:22","slug":"bernina-express-ab-mailand","status":"publish","type":"page","link":"https:\/\/italy-tourist-information.com\/de\/bernina-express-ab-mailand","title":{"rendered":"Bernina Express ab Mailand: Tagesausflug nach St. Moritz und Tirano"},"content":{"rendered":"<p><span><img decoding=\"async\" alt=\"\" data-id=\"11329\" width=\"2334\" height=\"1556\" title=\"St. Moritz &amp; Tirano \u2013 Tagesausflug ab Mailand + Fahrt mit dem Bernina Express\" src=\"https:\/\/italy-tourist-information.com\/wp-content\/uploads\/2025\/07\/St.-Moritz-Tirano-Day-Tour-from-Milan-Bernina-Express-Ride-ota-1024x683.avif\" data-src=\"https:\/\/italy-tourist-information.com\/wp-content\/uploads\/2025\/07\/St.-Moritz-Tirano-Day-Tour-from-Milan-Bernina-Express-Ride-ota-300x200.avif\" loading=\"lazy\" data-sizes=\"{&quot;thumbnail&quot;:{&quot;url&quot;:&quot;https:\/\/italy-tourist-information.com\/wp-content\/uploads\/2025\/07\/St.-Moritz-Tirano-Day-Tour-from-Milan-Bernina-Express-Ride-ota-150x150.avif&quot;,&quot;height&quot;:150,&quot;width&quot;:150,&quot;orientation&quot;:&quot;landscape&quot;},&quot;medium&quot;:{&quot;url&quot;:&quot;https:\/\/italy-tourist-information.com\/wp-content\/uploads\/2025\/07\/St.-Moritz-Tirano-Day-Tour-from-Milan-Bernina-Express-Ride-ota-300x200.avif&quot;,&quot;height&quot;:200,&quot;width&quot;:300,&quot;orientation&quot;:&quot;landscape&quot;},&quot;large&quot;:{&quot;url&quot;:&quot;https:\/\/italy-tourist-information.com\/wp-content\/uploads\/2025\/07\/St.-Moritz-Tirano-Day-Tour-from-Milan-Bernina-Express-Ride-ota-1024x683.avif&quot;,&quot;height&quot;:683,&quot;width&quot;:1024,&quot;orientation&quot;:&quot;landscape&quot;},&quot;full&quot;:{&quot;url&quot;:&quot;https:\/\/italy-tourist-information.com\/wp-content\/uploads\/2025\/07\/St.-Moritz-Tirano-Day-Tour-from-Milan-Bernina-Express-Ride-ota.avif&quot;,&quot;height&quot;:1556,&quot;width&quot;:2334,&quot;orientation&quot;:&quot;landscape&quot;},&quot;1536x1536&quot;:{&quot;url&quot;:&quot;https:\/\/italy-tourist-information.com\/wp-content\/uploads\/2025\/07\/St.-Moritz-Tirano-Day-Tour-from-Milan-Bernina-Express-Ride-ota-1536x1024.avif&quot;,&quot;height&quot;:1024,&quot;width&quot;:1536,&quot;orientation&quot;:&quot;landscape&quot;},&quot;2048x2048&quot;:{&quot;url&quot;:&quot;https:\/\/italy-tourist-information.com\/wp-content\/uploads\/2025\/07\/St.-Moritz-Tirano-Day-Tour-from-Milan-Bernina-Express-Ride-ota-2048x1365.avif&quot;,&quot;height&quot;:1365,&quot;width&quot;:2048,&quot;orientation&quot;:&quot;landscape&quot;}}\"><\/span><span><img decoding=\"async\" alt=\"\" data-id=\"11328\" width=\"2334\" height=\"1556\" title=\"St. Moritz &amp; Tirano \u2013 Tagesausflug ab Mailand + Fahrt mit dem Bernina Express (ota2)\" src=\"https:\/\/italy-tourist-information.com\/wp-content\/uploads\/2025\/07\/St.-Moritz-Tirano-Day-Tour-from-Milan-Bernina-Express-Ride-ota2-1024x683.avif\" data-src=\"https:\/\/italy-tourist-information.com\/wp-content\/uploads\/2025\/07\/St.-Moritz-Tirano-Day-Tour-from-Milan-Bernina-Express-Ride-ota2-300x200.avif\" loading=\"lazy\" data-sizes=\"{&quot;thumbnail&quot;:{&quot;url&quot;:&quot;https:\/\/italy-tourist-information.com\/wp-content\/uploads\/2025\/07\/St.-Moritz-Tirano-Day-Tour-from-Milan-Bernina-Express-Ride-ota2-150x150.avif&quot;,&quot;height&quot;:150,&quot;width&quot;:150,&quot;orientation&quot;:&quot;landscape&quot;},&quot;medium&quot;:{&quot;url&quot;:&quot;https:\/\/italy-tourist-information.com\/wp-content\/uploads\/2025\/07\/St.-Moritz-Tirano-Day-Tour-from-Milan-Bernina-Express-Ride-ota2-300x200.avif&quot;,&quot;height&quot;:200,&quot;width&quot;:300,&quot;orientation&quot;:&quot;landscape&quot;},&quot;large&quot;:{&quot;url&quot;:&quot;https:\/\/italy-tourist-information.com\/wp-content\/uploads\/2025\/07\/St.-Moritz-Tirano-Day-Tour-from-Milan-Bernina-Express-Ride-ota2-1024x683.avif&quot;,&quot;height&quot;:683,&quot;width&quot;:1024,&quot;orientation&quot;:&quot;landscape&quot;},&quot;full&quot;:{&quot;url&quot;:&quot;https:\/\/italy-tourist-information.com\/wp-content\/uploads\/2025\/07\/St.-Moritz-Tirano-Day-Tour-from-Milan-Bernina-Express-Ride-ota2.avif&quot;,&quot;height&quot;:1556,&quot;width&quot;:2334,&quot;orientation&quot;:&quot;landscape&quot;},&quot;1536x1536&quot;:{&quot;url&quot;:&quot;https:\/\/italy-tourist-information.com\/wp-content\/uploads\/2025\/07\/St.-Moritz-Tirano-Day-Tour-from-Milan-Bernina-Express-Ride-ota2-1536x1024.avif&quot;,&quot;height&quot;:1024,&quot;width&quot;:1536,&quot;orientation&quot;:&quot;landscape&quot;},&quot;2048x2048&quot;:{&quot;url&quot;:&quot;https:\/\/italy-tourist-information.com\/wp-content\/uploads\/2025\/07\/St.-Moritz-Tirano-Day-Tour-from-Milan-Bernina-Express-Ride-ota2-2048x1365.avif&quot;,&quot;height&quot;:1365,&quot;width&quot;:2048,&quot;orientation&quot;:&quot;landscape&quot;}}\"><\/span><span><img decoding=\"async\" alt=\"\" data-id=\"11326\" width=\"2333\" height=\"1556\" title=\"St. Moritz &amp; Tirano \u2013 Tagesausflug ab Mailand + Fahrt mit dem Bernina Express (ota4)\" src=\"https:\/\/italy-tourist-information.com\/wp-content\/uploads\/2025\/07\/St.-Moritz-Tirano-Day-Tour-from-Milan-Bernina-Express-Ride-ota4-1024x683.avif\" data-src=\"https:\/\/italy-tourist-information.com\/wp-content\/uploads\/2025\/07\/St.-Moritz-Tirano-Day-Tour-from-Milan-Bernina-Express-Ride-ota4-300x200.avif\" loading=\"lazy\" data-sizes=\"{&quot;thumbnail&quot;:{&quot;url&quot;:&quot;https:\/\/italy-tourist-information.com\/wp-content\/uploads\/2025\/07\/St.-Moritz-Tirano-Day-Tour-from-Milan-Bernina-Express-Ride-ota4-150x150.avif&quot;,&quot;height&quot;:150,&quot;width&quot;:150,&quot;orientation&quot;:&quot;landscape&quot;},&quot;medium&quot;:{&quot;url&quot;:&quot;https:\/\/italy-tourist-information.com\/wp-content\/uploads\/2025\/07\/St.-Moritz-Tirano-Day-Tour-from-Milan-Bernina-Express-Ride-ota4-300x200.avif&quot;,&quot;height&quot;:200,&quot;width&quot;:300,&quot;orientation&quot;:&quot;landscape&quot;},&quot;large&quot;:{&quot;url&quot;:&quot;https:\/\/italy-tourist-information.com\/wp-content\/uploads\/2025\/07\/St.-Moritz-Tirano-Day-Tour-from-Milan-Bernina-Express-Ride-ota4-1024x683.avif&quot;,&quot;height&quot;:683,&quot;width&quot;:1024,&quot;orientation&quot;:&quot;landscape&quot;},&quot;full&quot;:{&quot;url&quot;:&quot;https:\/\/italy-tourist-information.com\/wp-content\/uploads\/2025\/07\/St.-Moritz-Tirano-Day-Tour-from-Milan-Bernina-Express-Ride-ota4.avif&quot;,&quot;height&quot;:1556,&quot;width&quot;:2333,&quot;orientation&quot;:&quot;landscape&quot;},&quot;1536x1536&quot;:{&quot;url&quot;:&quot;https:\/\/italy-tourist-information.com\/wp-content\/uploads\/2025\/07\/St.-Moritz-Tirano-Day-Tour-from-Milan-Bernina-Express-Ride-ota4-1536x1024.avif&quot;,&quot;height&quot;:1024,&quot;width&quot;:1536,&quot;orientation&quot;:&quot;landscape&quot;},&quot;2048x2048&quot;:{&quot;url&quot;:&quot;https:\/\/italy-tourist-information.com\/wp-content\/uploads\/2025\/07\/St.-Moritz-Tirano-Day-Tour-from-Milan-Bernina-Express-Ride-ota4-2048x1366.avif&quot;,&quot;height&quot;:1366,&quot;width&quot;:2048,&quot;orientation&quot;:&quot;landscape&quot;}}\"><\/span><span><img decoding=\"async\" alt=\"\" data-id=\"11327\" width=\"2333\" height=\"1556\" title=\"St. Moritz &amp; Tirano \u2013 Tagesausflug ab Mailand + Fahrt mit dem Bernina Express (ota3)\" src=\"https:\/\/italy-tourist-information.com\/wp-content\/uploads\/2025\/07\/St.-Moritz-Tirano-Day-Tour-from-Milan-Bernina-Express-Ride-ota3-1024x683.avif\" data-src=\"https:\/\/italy-tourist-information.com\/wp-content\/uploads\/2025\/07\/St.-Moritz-Tirano-Day-Tour-from-Milan-Bernina-Express-Ride-ota3-300x200.avif\" loading=\"lazy\" data-sizes=\"{&quot;thumbnail&quot;:{&quot;url&quot;:&quot;https:\/\/italy-tourist-information.com\/wp-content\/uploads\/2025\/07\/St.-Moritz-Tirano-Day-Tour-from-Milan-Bernina-Express-Ride-ota3-150x150.avif&quot;,&quot;height&quot;:150,&quot;width&quot;:150,&quot;orientation&quot;:&quot;landscape&quot;},&quot;medium&quot;:{&quot;url&quot;:&quot;https:\/\/italy-tourist-information.com\/wp-content\/uploads\/2025\/07\/St.-Moritz-Tirano-Day-Tour-from-Milan-Bernina-Express-Ride-ota3-300x200.avif&quot;,&quot;height&quot;:200,&quot;width&quot;:300,&quot;orientation&quot;:&quot;landscape&quot;},&quot;large&quot;:{&quot;url&quot;:&quot;https:\/\/italy-tourist-information.com\/wp-content\/uploads\/2025\/07\/St.-Moritz-Tirano-Day-Tour-from-Milan-Bernina-Express-Ride-ota3-1024x683.avif&quot;,&quot;height&quot;:683,&quot;width&quot;:1024,&quot;orientation&quot;:&quot;landscape&quot;},&quot;full&quot;:{&quot;url&quot;:&quot;https:\/\/italy-tourist-information.com\/wp-content\/uploads\/2025\/07\/St.-Moritz-Tirano-Day-Tour-from-Milan-Bernina-Express-Ride-ota3.avif&quot;,&quot;height&quot;:1556,&quot;width&quot;:2333,&quot;orientation&quot;:&quot;landscape&quot;},&quot;1536x1536&quot;:{&quot;url&quot;:&quot;https:\/\/italy-tourist-information.com\/wp-content\/uploads\/2025\/07\/St.-Moritz-Tirano-Day-Tour-from-Milan-Bernina-Express-Ride-ota3-1536x1024.avif&quot;,&quot;height&quot;:1024,&quot;width&quot;:1536,&quot;orientation&quot;:&quot;landscape&quot;},&quot;2048x2048&quot;:{&quot;url&quot;:&quot;https:\/\/italy-tourist-information.com\/wp-content\/uploads\/2025\/07\/St.-Moritz-Tirano-Day-Tour-from-Milan-Bernina-Express-Ride-ota3-2048x1366.avif&quot;,&quot;height&quot;:1366,&quot;width&quot;:2048,&quot;orientation&quot;:&quot;landscape&quot;}}\"><\/span><\/p>\n<h1 dir=\"ltr\">St. Moritz &amp; Tirano: Tagesausflug ab Mailand + Bernina Express Zugfahrt<\/h1>\n<h2><a href=\"https:\/\/www.tiqets.com\/de\/mailand-sehenswuerdigkeiten-c71749\/tickets-fur-st-moritz-tirano-tagestour-ab-mailand-bernina-express-zugfahrt-p1117048\/?partner=italytouristinformation&amp;tq_campaign=ITIDeBerninaExpressRideTourSP\" target=\"_blank\" rel=\"nofollow noopener\">Zur Buchung<\/a><\/h2>\n<p style=\"\"><a href=\"https:\/\/www.tiqets.com\/de\/mailand-sehenswuerdigkeiten-c71749\/tickets-fur-st-moritz-tirano-tagestour-ab-mailand-bernina-express-zugfahrt-p1117048\/?partner=italytouristinformation&amp;tq_campaign=ITIDeBerninaExpressRideTourSP\" target=\"_blank\" rel=\"nofollow noopener\" style=\"outline: none;\">Preis ab<\/a><\/p>\n<h1><a href=\"https:\/\/www.tiqets.com\/de\/mailand-sehenswuerdigkeiten-c71749\/tickets-fur-st-moritz-tirano-tagestour-ab-mailand-bernina-express-zugfahrt-p1117048\/?partner=italytouristinformation&amp;tq_campaign=ITIDeBerninaExpressRideTourSP\" target=\"_blank\" rel=\"nofollow noopener\" style=\"outline: none;\" spellcheck=\"false\"><strong>139 \u20ac<\/strong><\/a><\/h1>\n<p dir=\"ltr\">Erleben Sie eine unvergessliche Fahrt mit dem legend\u00e4ren Bernina Express und entdecken Sie den Charme von St. Moritz an einem einzigen Tag. Buchen Sie jetzt und genie\u00dfen Sie die malerischste Bahnreise durch die Schweizer Alpen!<\/p>\n<ul>\n<li style=\"\"><span>Handverlesenes Ticket&nbsp;<\/span><\/li>\n<li style=\"\"><span>Live-Guide (Englisch)<\/span><\/li>\n<li style=\"\"><span>Dauer: ca. 12,5 Stunden<\/span><\/li>\n<li style=\"\"><span>Kostenlose Stornierung<\/span><\/li>\n<\/ul>\n<h2>Inbegriffen<\/h2>\n<ul>\n<li style=\"\">                    <span>Fahrkarte f\u00fcr den Bernina Express (Zweite Klasse)<\/span><\/li>\n<li style=\"\">                    <span>Professioneller, englischsprachiger Reiseleiter<\/span><\/li>\n<li style=\"\">                    <span>Hin- und R\u00fccktransfer ab Mailand&nbsp;<\/span><\/li>\n<li><span>Freizeit zur Erkundung von St. Moritz&nbsp;<\/span><\/li>\n<\/ul>\n<h2>Nicht inbegriffen<\/h2>\n<ul>\n<li style=\"\"><span>Hotelabholung und -r\u00fccktransfer<\/span><\/li>\n<li style=\"\"><span>Tipps<\/span><\/li>\n<li style=\"\"><span>Speisen und Getr\u00e4nke<\/span><\/li>\n<\/ul>\n<h2>Wichtige Informationen<\/h2>\n<ul>\n<li style=\"\"><span><strong>F\u00fcr den Grenz\u00fcbertritt ist ein g\u00fcltiger Reisepass oder EU-Personalausweis erforderlich.<\/strong><\/span><\/li>\n<li style=\"\"><span>Dauer: Ungef\u00e4hr 12 Stunden 30 Minuten<\/span><\/li>\n<li style=\"\"><span>Die Tour findet bei jedem Wetter statt \u2013 bitte kleiden Sie sich entsprechend.<\/span><\/li>\n<li><span>Nicht rollstuhlgerecht<\/span><\/li>\n<li><span>Haustiere sind nicht erlaubt<\/span><\/li>\n<li><span>Kommentar in englischer Sprache verf\u00fcgbar<\/span><\/li>\n<li><span>Bitte erscheinen Sie mindestens 20 Minuten vor Abfahrt.<\/span><\/li>\n<\/ul>\n<h2>Beschreibung:<\/h2>\n<p dir=\"ltr\">Begeben Sie sich auf einen atemberaubenden <strong>Tagesausflug von Mailand<\/strong> aus und entdecken Sie den Zauber der <strong>Schweizer Alpen<\/strong> an Bord des ber\u00fchmten <strong>Bernina Express.<\/strong> Ihr Abenteuer beginnt mit einer komfortablen Busfahrt in das luxuri\u00f6se Alpenst\u00e4dtchen <strong>St. Moritz,<\/strong> wo Sie Zeit zur freien Verf\u00fcgung haben, um durch die eleganten Gassen zu schlendern oder Schweizer K\u00f6stlichkeiten zu genie\u00dfen.<\/p>\n<p dir=\"ltr\">Steigen Sie anschlie\u00dfend in den <strong>Panoramazug <\/strong><strong>Bernina Express<\/strong> und genie\u00dfen Sie eine atemberaubende Fahrt durch Gletscher, Br\u00fccken und Gebirgst\u00e4ler hinunter <strong>nach Tirano.<\/strong> Dieses einmalige Erlebnis ist ein wahrer Genuss f\u00fcr alle Sinne!<\/p>\n<h2>Highlights:<\/h2>\n<ul>\n<li dir=\"ltr\"><strong>Fahren Sie mit dem legend\u00e4ren Bernina Express,<\/strong> Europas h\u00f6chstgelegener Eisenbahnstrecke, durch eine atemberaubende Alpenlandschaft.<\/li>\n<li dir=\"ltr\"><strong>Erkunden Sie St. Moritz, den<\/strong> luxuri\u00f6sen Bergkurort in der Schweiz, in Ihrem eigenen Tempo.<\/li>\n<li dir=\"ltr\"><strong>Genie\u00dfen Sie von Ihrem Zugsitz aus den Panoramablick auf Gletscher<\/strong>, Berggipfel und imposante Viadukte.<\/li>\n<li dir=\"ltr\"><strong>Reisen Sie komfortabel im Reisebus<\/strong> ab Mailand und genie\u00dfen Sie fachkundige Kommentare w\u00e4hrend der gesamten Fahrt.<\/li>\n<\/ul>\n<h2>Stornierungsbedingungen<\/h2>\n<p dir=\"ltr\">Kostenlose Stornierung bis 48 Stunden vor Abflug. Bei rechtzeitiger Stornierung erhalten Sie eine volle R\u00fcckerstattung.<\/p>\n<h2>Treffpunkt &amp; Anweisungen<\/h2>\n<p dir=\"ltr\">Treffpunkt ist die Piazza IV Novembre, 20124 Mailand (in der N\u00e4he des Hauptbahnhofs Milano Centrale). Bitte zeigen Sie bei Ihrer Ankunft Ihren mobilen Voucher dem Personal. Seien Sie bitte mindestens 20 Minuten vor Abfahrt da.<\/p>\n<p dir=\"ltr\"><a href=\"https:\/\/www.google.com\/maps\/search\/?api=1&amp;query=Piazza%20IV%20Novembre%2020124%20Milan\" target=\"_blank\" rel=\"nofollow noopener\" style=\"outline: none;\" data-lt-tmp-id=\"lt-807097\" spellcheck=\"false\">In Google Maps \u00f6ffnen<\/a><\/p>\n<h2>Bewertungen<\/h2>\n<p><strong>4.0\/5 (1 Bewertung)<\/strong><\/p>\n<p dir=\"ltr\">&#8222;Alles ist sch\u00f6n und nett, aber wir sind nicht nach Tirano gekommen.&#8220; &#8211; piotr, Jan. 2026&nbsp;&nbsp;<a href=\"https:\/\/www.tiqets.com\/de\/mailand-sehenswuerdigkeiten-c71749\/tickets-fur-st-moritz-tirano-tagestour-ab-mailand-bernina-express-zugfahrt-p1117048\/?partner=italytouristinformation&amp;tq_campaign=ITIDeBerninaExpressRideTourSP\" target=\"_blank\" rel=\"nofollow noopener\" spellcheck=\"false\" style=\"outline: none;\">&gt;&gt; Weitere Bewertungen&#8230;<\/a><\/p>\n<h2>Weitere Aktivit\u00e4ten, die Ihnen gefallen k\u00f6nnten<\/h2>\n<p><span># <\/span><strong><span>2<\/span><\/strong><span># <\/span><strong><span>2<\/span><\/strong><span><img decoding=\"async\" alt=\"\" data-id=\"10683\" width=\"159\" data-init-width=\"2335\" height=\"106\" data-init-height=\"1556\" title=\"Tagesausflug zum Comer See, nach Bellagio und Lugano in der Schweiz ab Mailand\" loading=\"lazy\" src=\"https:\/\/italy-tourist-information.com\/wp-content\/uploads\/2025\/05\/Lake-Como-Bellagio-and-Lugano-Switzerland-Day-Trip-from-Milan-ota.avif\" data-width=\"159\" data-height=\"106\" style=\"aspect-ratio: auto 2335 \/ 1556;\"><\/span><\/p>\n<table>\n<tbody>\n<tr>\n<td><a href=\"https:\/\/www.tiqets.com\/de\/milan-attractions-c71749\/tickets-for-lake-como-bellagio-and-lugano-switzerland-day-trip-from-milan-p1034810\/?partner=italytouristinformation&amp;tq_campaign=ITIDeBerninaExpressRideTourSP2\" target=\"_blank\" rel=\"nofollow noopener\" style=\"outline: none;\" spellcheck=\"false\">Tagesausflug von Mailand zum Comer See, nach Bellagio und Lugano in der Schweiz<\/a><\/td>\n<\/tr>\n<\/tbody>\n<\/table>\n<p>Entdecken Sie das <strong>Beste von Italien und der Schweiz<\/strong> auf einem Ganztagesausflug ab Mailand, der eine malerische <strong>2-st\u00fcndige Bootsfahrt auf dem Comer See,<\/strong>&nbsp;freie Zeit zur Erkundung des charmanten Dorfes&nbsp;<strong>Bellagio<\/strong> und einen Besuch der eleganten Schweizer Stadt <strong>Lugano<\/strong>&nbsp;am Seeufer beinhaltet.<\/p>\n<h3 style=\"\">Gesamtpreis<\/h3>\n<h3>Ihr Konto wird noch nicht belastet.<\/h3>\n<p><span># <\/span><strong><span>2<\/span><\/strong><span><img decoding=\"async\" alt=\"\" data-id=\"10707\" width=\"159\" data-init-width=\"926\" height=\"110\" data-init-height=\"640\" title=\"Von Mailand \u2013 Bernina-Zug und Tagesausflug nach St. Moritz\" loading=\"lazy\" src=\"https:\/\/italy-tourist-information.com\/wp-content\/uploads\/2025\/05\/From-Milan-Bernina-Train-and-St.-Moritz-Day-Trip-ota.jpg\" data-width=\"159\" data-height=\"110\" style=\"aspect-ratio: auto 926 \/ 640;\"><\/span><\/p>\n<table>\n<tbody>\n<tr>\n<td><a href=\"https:\/\/www.getyourguide.com\/st-moritz-l1551\/from-milan-bernina-express-train-st-moritz-full-day-tour-t146019\/?partner_id=NO9XIDE&amp;utm_medium=online_publisher&amp;cmp=ITIDeBerninaExpressRideTourSP3\" target=\"_blank\" rel=\"nofollow noopener\" style=\"outline: none;\" spellcheck=\"false\">Von Mailand aus: Bernina-Zug und Tagesausflug nach St. Moritz<\/a><\/td>\n<\/tr>\n<\/tbody>\n<\/table>\n<p dir=\"ltr\">Erleben Sie ein ganzt\u00e4giges Abenteuer ab Mailand, das eine malerische Busfahrt in den eleganten <strong>Schweizer Ferienort St. Moritz,<\/strong> freie Zeit zur Erkundung seines alpinen Charmes und eine atemberaubende Fahrt mit dem <strong>Bernina Express<\/strong> durch spektakul\u00e4re Berglandschaften kombiniert.<\/p>\n<h3 style=\"\">Gesamtpreis<\/h3>\n<h3 style=\"\">Ihr Konto wird noch nicht belastet.<\/h3>\n<p><\/p>\n<h2><a href=\"https:\/\/www.tiqets.com\/de\/mailand-sehenswuerdigkeiten-c71749\/tickets-fur-st-moritz-tirano-tagestour-ab-mailand-bernina-express-zugfahrt-p1117048\/?partner=italytouristinformation&amp;tq_campaign=ITIDeBerninaExpressRideTourSP\" target=\"_blank\" rel=\"nofollow noopener\" style=\"outline: none;\" spellcheck=\"false\">Zur Buchung<\/a><\/h2>\n<p style=\"\"><a href=\"https:\/\/www.tiqets.com\/de\/mailand-sehenswuerdigkeiten-c71749\/tickets-fur-st-moritz-tirano-tagestour-ab-mailand-bernina-express-zugfahrt-p1117048\/?partner=italytouristinformation&amp;tq_campaign=ITIDeBerninaExpressRideTourSP\" target=\"_blank\" rel=\"nofollow noopener\" style=\"outline: none;\" spellcheck=\"false\">Preis ab<\/a><\/p>\n<h1><a href=\"https:\/\/www.tiqets.com\/de\/mailand-sehenswuerdigkeiten-c71749\/tickets-fur-st-moritz-tirano-tagestour-ab-mailand-bernina-express-zugfahrt-p1117048\/?partner=italytouristinformation&amp;tq_campaign=ITIDeBerninaExpressRideTourSP\" target=\"_blank\" rel=\"nofollow noopener\" style=\"outline: none;\" spellcheck=\"false\"><strong>139 \u20ac<\/strong><\/a><\/h1>\n<h3>Ihr Konto wird noch nicht belastet.<\/h3>\n","protected":false},"excerpt":{"rendered":"<p>St. Moritz &amp; Tirano: Tagesausflug ab Mailand + Bernina Express Zugfahrt Zur Buchung Preis ab 139 \u20ac Erleben Sie eine unvergessliche Fahrt mit dem legend\u00e4ren Bernina Express und entdecken Sie den Charme von St. Moritz an einem einzigen Tag. Buchen Sie jetzt und genie\u00dfen Sie die malerischste Bahnreise durch die Schweizer Alpen! Handverlesenes Ticket&nbsp; Live-Guide [&hellip;]<\/p>\n","protected":false},"author":6,"featured_media":17219,"parent":0,"menu_order":0,"comment_status":"closed","ping_status":"closed","template":"","meta":{"footnotes":"","tve_updated_post":"","tve_custom_css":"","tve_user_custom_css":"","tve_globals":{},"tcb2_ready":1,"tcb_editor_enabled":1,"tve_landing_page":"bd86f3fc67210fed5b2794ad4a56d3a9","_tve_header":"17144","_tve_footer":"17145"},"categories":[132,133,128],"tags":[134,135,130],"class_list":["post-17218","page","type-page","status-publish","has-post-thumbnail","hentry","category-fuhrung","category-mailand","category-verkaufsseite","tag-fuhrung","tag-milan","tag-verkaufsseite","post-wrapper","thrv_wrapper"],"_links":{"self":[{"href":"https:\/\/italy-tourist-information.com\/de\/wp-json\/wp\/v2\/pages\/17218","targetHints":{"allow":["GET"]}}],"collection":[{"href":"https:\/\/italy-tourist-information.com\/de\/wp-json\/wp\/v2\/pages"}],"about":[{"href":"https:\/\/italy-tourist-information.com\/de\/wp-json\/wp\/v2\/types\/page"}],"author":[{"embeddable":true,"href":"https:\/\/italy-tourist-information.com\/de\/wp-json\/wp\/v2\/users\/6"}],"replies":[{"embeddable":true,"href":"https:\/\/italy-tourist-information.com\/de\/wp-json\/wp\/v2\/comments?post=17218"}],"version-history":[{"count":11,"href":"https:\/\/italy-tourist-information.com\/de\/wp-json\/wp\/v2\/pages\/17218\/revisions"}],"predecessor-version":[{"id":20301,"href":"https:\/\/italy-tourist-information.com\/de\/wp-json\/wp\/v2\/pages\/17218\/revisions\/20301"}],"wp:featuredmedia":[{"embeddable":true,"href":"https:\/\/italy-tourist-information.com\/de\/wp-json\/wp\/v2\/media\/17219"}],"wp:attachment":[{"href":"https:\/\/italy-tourist-information.com\/de\/wp-json\/wp\/v2\/media?parent=17218"}],"wp:term":[{"taxonomy":"category","embeddable":true,"href":"https:\/\/italy-tourist-information.com\/de\/wp-json\/wp\/v2\/categories?post=17218"},{"taxonomy":"post_tag","embeddable":true,"href":"https:\/\/italy-tourist-information.com\/de\/wp-json\/wp\/v2\/tags?post=17218"}],"curies":[{"name":"wp","href":"https:\/\/api.w.org\/{rel}","templated":true}]}}