{"id":17255,"date":"2020-12-04T12:12:48","date_gmt":"2020-12-04T12:12:48","guid":{"rendered":"https:\/\/italy-tourist-information.com\/imprint"},"modified":"2026-04-22T12:40:32","modified_gmt":"2026-04-22T12:40:32","slug":"impressum","status":"publish","type":"page","link":"https:\/\/italy-tourist-information.com\/de\/impressum","title":{"rendered":"Impressum"},"content":{"rendered":"<p>DIE FANTASTISCHSTEN ORTE TANITIM VE T\u0130C. ALS.<\/p>\n<p>G\u00fcm\u00fc\u015fsuyu Mah.&nbsp;<\/p>\n<p>\u0130n\u00f6n\u00fc Cd. Melek Apt, NO: 11, K1 D2<\/p>\n<p>34437 Beyo\u011flu\/\u0130stanbul<\/p>\n<p><strong>Steueridentifikationsnummer:<br \/><\/strong> Beyoglu VD 6232114088<\/p>\n<p><strong>Gesch\u00e4ftsf\u00fchrer:&nbsp;<\/strong> D. Eronal<\/p>\n<p><strong>Internet:&nbsp;  <\/strong><a href=\"https:\/\/most-amazing-places.com\/\" target=\"_blank\" style=\"outline: currentcolor;\" rel=\"nofollow noopener\">https:\/\/most-amazing-places.com\/<\/a><\/p>\n","protected":false},"excerpt":{"rendered":"<p>DIE FANTASTISCHSTEN ORTE TANITIM VE T\u0130C. ALS. G\u00fcm\u00fc\u015fsuyu Mah.&nbsp; \u0130n\u00f6n\u00fc Cd. Melek Apt, NO: 11, K1 D2 34437 Beyo\u011flu\/\u0130stanbul Steueridentifikationsnummer: Beyoglu VD 6232114088 Gesch\u00e4ftsf\u00fchrer:&nbsp; D. Eronal Internet:&nbsp; https:\/\/most-amazing-places.com\/<\/p>\n","protected":false},"author":17,"featured_media":17256,"parent":0,"menu_order":0,"comment_status":"closed","ping_status":"closed","template":"","meta":{"footnotes":""},"categories":[],"tags":[],"class_list":["post-17255","page","type-page","status-publish","has-post-thumbnail","hentry","post-wrapper","thrv_wrapper"],"_links":{"self":[{"href":"https:\/\/italy-tourist-information.com\/de\/wp-json\/wp\/v2\/pages\/17255","targetHints":{"allow":["GET"]}}],"collection":[{"href":"https:\/\/italy-tourist-information.com\/de\/wp-json\/wp\/v2\/pages"}],"about":[{"href":"https:\/\/italy-tourist-information.com\/de\/wp-json\/wp\/v2\/types\/page"}],"author":[{"embeddable":true,"href":"https:\/\/italy-tourist-information.com\/de\/wp-json\/wp\/v2\/users\/17"}],"replies":[{"embeddable":true,"href":"https:\/\/italy-tourist-information.com\/de\/wp-json\/wp\/v2\/comments?post=17255"}],"version-history":[{"count":5,"href":"https:\/\/italy-tourist-information.com\/de\/wp-json\/wp\/v2\/pages\/17255\/revisions"}],"predecessor-version":[{"id":20038,"href":"https:\/\/italy-tourist-information.com\/de\/wp-json\/wp\/v2\/pages\/17255\/revisions\/20038"}],"wp:featuredmedia":[{"embeddable":true,"href":"https:\/\/italy-tourist-information.com\/de\/wp-json\/wp\/v2\/media\/17256"}],"wp:attachment":[{"href":"https:\/\/italy-tourist-information.com\/de\/wp-json\/wp\/v2\/media?parent=17255"}],"wp:term":[{"taxonomy":"category","embeddable":true,"href":"https:\/\/italy-tourist-information.com\/de\/wp-json\/wp\/v2\/categories?post=17255"},{"taxonomy":"post_tag","embeddable":true,"href":"https:\/\/italy-tourist-information.com\/de\/wp-json\/wp\/v2\/tags?post=17255"}],"curies":[{"name":"wp","href":"https:\/\/api.w.org\/{rel}","templated":true}]}}