{"id":17267,"date":"2025-01-02T10:47:51","date_gmt":"2025-01-02T10:47:51","guid":{"rendered":"https:\/\/italy-tourist-information.com\/bernina-express-seat-reservation-tickets"},"modified":"2026-04-22T13:03:56","modified_gmt":"2026-04-22T13:03:56","slug":"bernina-express-tickets-mit-sitzplatzreservierung","status":"publish","type":"page","link":"https:\/\/italy-tourist-information.com\/de\/bernina-express-tickets-mit-sitzplatzreservierung","title":{"rendered":"Bernina Express Tickets mit Sitzplatzreservierung"},"content":{"rendered":"<p><span><img decoding=\"async\" alt=\"Bernina Express-Ticket mit Sitzplatzreservierung: Tirano nach\/von St. Moritz\/Chu\" data-id=\"9451\" width=\"1200\" height=\"750\" title=\"Bernina Express (Ticket mit Sitzplatzreservierung) \u2013 Tirano nach: von St. Moritz: Chu\" src=\"https:\/\/italy-tourist-information.com\/wp-content\/uploads\/2025\/01\/Bernina-Express-Ticket-with-Seat-Reservation-Tirano-tofrom-St.-MoritzChu-1024x640.avif\" data-src=\"https:\/\/italy-tourist-information.com\/wp-content\/uploads\/2025\/01\/Bernina-Express-Ticket-with-Seat-Reservation-Tirano-tofrom-St.-MoritzChu-300x188.avif\" data-sizes=\"{&quot;thumbnail&quot;:{&quot;url&quot;:&quot;https:\/\/italy-tourist-information.com\/wp-content\/uploads\/2025\/01\/Bernina-Express-Ticket-with-Seat-Reservation-Tirano-tofrom-St.-MoritzChu-150x150.avif&quot;,&quot;height&quot;:150,&quot;width&quot;:150,&quot;orientation&quot;:&quot;landscape&quot;},&quot;medium&quot;:{&quot;url&quot;:&quot;https:\/\/italy-tourist-information.com\/wp-content\/uploads\/2025\/01\/Bernina-Express-Ticket-with-Seat-Reservation-Tirano-tofrom-St.-MoritzChu-300x188.avif&quot;,&quot;height&quot;:188,&quot;width&quot;:300,&quot;orientation&quot;:&quot;landscape&quot;},&quot;large&quot;:{&quot;url&quot;:&quot;https:\/\/italy-tourist-information.com\/wp-content\/uploads\/2025\/01\/Bernina-Express-Ticket-with-Seat-Reservation-Tirano-tofrom-St.-MoritzChu-1024x640.avif&quot;,&quot;height&quot;:640,&quot;width&quot;:1024,&quot;orientation&quot;:&quot;landscape&quot;},&quot;full&quot;:{&quot;url&quot;:&quot;https:\/\/italy-tourist-information.com\/wp-content\/uploads\/2025\/01\/Bernina-Express-Ticket-with-Seat-Reservation-Tirano-tofrom-St.-MoritzChu.avif&quot;,&quot;height&quot;:750,&quot;width&quot;:1200,&quot;orientation&quot;:&quot;landscape&quot;}}\" loading=\"lazy\"><\/span><span><img decoding=\"async\" alt=\"\" data-id=\"9122\" width=\"1200\" height=\"750\" title=\"Bernina Express (Fahrkarte ohne Sitzplatzreservierung) \u2013 Tirano nach St. Moritz: Kirche 2\" src=\"https:\/\/italy-tourist-information.com\/wp-content\/uploads\/2024\/11\/Bernina-Express-Ticket-without-Seat-Reservation-Tirano-tofrom-St.-MoritzChur-2-1024x640.avif\" data-src=\"https:\/\/italy-tourist-information.com\/wp-content\/uploads\/2024\/11\/Bernina-Express-Ticket-without-Seat-Reservation-Tirano-tofrom-St.-MoritzChur-2-300x188.avif\" data-sizes=\"{&quot;thumbnail&quot;:{&quot;url&quot;:&quot;https:\/\/italy-tourist-information.com\/wp-content\/uploads\/2024\/11\/Bernina-Express-Ticket-without-Seat-Reservation-Tirano-tofrom-St.-MoritzChur-2-150x150.avif&quot;,&quot;height&quot;:150,&quot;width&quot;:150,&quot;orientation&quot;:&quot;landscape&quot;},&quot;medium&quot;:{&quot;url&quot;:&quot;https:\/\/italy-tourist-information.com\/wp-content\/uploads\/2024\/11\/Bernina-Express-Ticket-without-Seat-Reservation-Tirano-tofrom-St.-MoritzChur-2-300x188.avif&quot;,&quot;height&quot;:188,&quot;width&quot;:300,&quot;orientation&quot;:&quot;landscape&quot;},&quot;large&quot;:{&quot;url&quot;:&quot;https:\/\/italy-tourist-information.com\/wp-content\/uploads\/2024\/11\/Bernina-Express-Ticket-without-Seat-Reservation-Tirano-tofrom-St.-MoritzChur-2-1024x640.avif&quot;,&quot;height&quot;:640,&quot;width&quot;:1024,&quot;orientation&quot;:&quot;landscape&quot;},&quot;full&quot;:{&quot;url&quot;:&quot;https:\/\/italy-tourist-information.com\/wp-content\/uploads\/2024\/11\/Bernina-Express-Ticket-without-Seat-Reservation-Tirano-tofrom-St.-MoritzChur-2.avif&quot;,&quot;height&quot;:750,&quot;width&quot;:1200,&quot;orientation&quot;:&quot;landscape&quot;}}\" loading=\"lazy\"><\/span><span><img decoding=\"async\" alt=\"\" data-id=\"9121\" width=\"1200\" height=\"750\" title=\"Bernina Express (Fahrkarte ohne Sitzplatzreservierung) \u2013 Tirano nach St. Moritz: Kirche 3\" src=\"https:\/\/italy-tourist-information.com\/wp-content\/uploads\/2024\/11\/Bernina-Express-Ticket-without-Seat-Reservation-Tirano-tofrom-St.-MoritzChur-3-1024x640.avif\" data-src=\"https:\/\/italy-tourist-information.com\/wp-content\/uploads\/2024\/11\/Bernina-Express-Ticket-without-Seat-Reservation-Tirano-tofrom-St.-MoritzChur-3-300x188.avif\" data-sizes=\"{&quot;thumbnail&quot;:{&quot;url&quot;:&quot;https:\/\/italy-tourist-information.com\/wp-content\/uploads\/2024\/11\/Bernina-Express-Ticket-without-Seat-Reservation-Tirano-tofrom-St.-MoritzChur-3-150x150.avif&quot;,&quot;height&quot;:150,&quot;width&quot;:150,&quot;orientation&quot;:&quot;landscape&quot;},&quot;medium&quot;:{&quot;url&quot;:&quot;https:\/\/italy-tourist-information.com\/wp-content\/uploads\/2024\/11\/Bernina-Express-Ticket-without-Seat-Reservation-Tirano-tofrom-St.-MoritzChur-3-300x188.avif&quot;,&quot;height&quot;:188,&quot;width&quot;:300,&quot;orientation&quot;:&quot;landscape&quot;},&quot;large&quot;:{&quot;url&quot;:&quot;https:\/\/italy-tourist-information.com\/wp-content\/uploads\/2024\/11\/Bernina-Express-Ticket-without-Seat-Reservation-Tirano-tofrom-St.-MoritzChur-3-1024x640.avif&quot;,&quot;height&quot;:640,&quot;width&quot;:1024,&quot;orientation&quot;:&quot;landscape&quot;},&quot;full&quot;:{&quot;url&quot;:&quot;https:\/\/italy-tourist-information.com\/wp-content\/uploads\/2024\/11\/Bernina-Express-Ticket-without-Seat-Reservation-Tirano-tofrom-St.-MoritzChur-3.avif&quot;,&quot;height&quot;:750,&quot;width&quot;:1200,&quot;orientation&quot;:&quot;landscape&quot;}}\" loading=\"lazy\"><\/span><span><img decoding=\"async\" alt=\"\" data-id=\"9120\" width=\"1200\" height=\"750\" title=\"Bernina Express (Ticket ohne Sitzplatzreservierung) \u2013 Tirano nach St. Moritz: Church 4\" src=\"https:\/\/italy-tourist-information.com\/wp-content\/uploads\/2024\/11\/Bernina-Express-Ticket-without-Seat-Reservation-Tirano-tofrom-St.-MoritzChur-4-1024x640.avif\" data-src=\"https:\/\/italy-tourist-information.com\/wp-content\/uploads\/2024\/11\/Bernina-Express-Ticket-without-Seat-Reservation-Tirano-tofrom-St.-MoritzChur-4-300x188.avif\" data-sizes=\"{&quot;thumbnail&quot;:{&quot;url&quot;:&quot;https:\/\/italy-tourist-information.com\/wp-content\/uploads\/2024\/11\/Bernina-Express-Ticket-without-Seat-Reservation-Tirano-tofrom-St.-MoritzChur-4-150x150.avif&quot;,&quot;height&quot;:150,&quot;width&quot;:150,&quot;orientation&quot;:&quot;landscape&quot;},&quot;medium&quot;:{&quot;url&quot;:&quot;https:\/\/italy-tourist-information.com\/wp-content\/uploads\/2024\/11\/Bernina-Express-Ticket-without-Seat-Reservation-Tirano-tofrom-St.-MoritzChur-4-300x188.avif&quot;,&quot;height&quot;:188,&quot;width&quot;:300,&quot;orientation&quot;:&quot;landscape&quot;},&quot;large&quot;:{&quot;url&quot;:&quot;https:\/\/italy-tourist-information.com\/wp-content\/uploads\/2024\/11\/Bernina-Express-Ticket-without-Seat-Reservation-Tirano-tofrom-St.-MoritzChur-4-1024x640.avif&quot;,&quot;height&quot;:640,&quot;width&quot;:1024,&quot;orientation&quot;:&quot;landscape&quot;},&quot;full&quot;:{&quot;url&quot;:&quot;https:\/\/italy-tourist-information.com\/wp-content\/uploads\/2024\/11\/Bernina-Express-Ticket-without-Seat-Reservation-Tirano-tofrom-St.-MoritzChur-4.avif&quot;,&quot;height&quot;:750,&quot;width&quot;:1200,&quot;orientation&quot;:&quot;landscape&quot;}}\" loading=\"lazy\"><\/span><\/p>\n<h1 data-qa-marker=\"product-name\">Bernina Express Tickets mit Sitzplatzreservierung<\/h1>\n<h2><a href=\"https:\/\/www.headout.com\/de\/bernina-express\/bernina-express-one-way-tickets-chur-nachvon-tirano-e-24952\/?affiliate_code=KXkQ69&amp;utm_campaign=itideberninaexpressticketandseatsp&amp;utm_content=link&amp;utm_medium=affiliate&amp;utm_source=most_amazing_places\" target=\"_blank\" rel=\"nofollow noopener\" style=\"outline: none;\">Zur Buchung<\/a><\/h2>\n<h1><a href=\"https:\/\/www.headout.com\/de\/bernina-express\/bernina-express-one-way-tickets-chur-nachvon-tirano-e-24952\/?affiliate_code=KXkQ69&amp;utm_campaign=itideberninaexpressticketandseatsp&amp;utm_content=link&amp;utm_medium=affiliate&amp;utm_source=most_amazing_places\" target=\"_blank\" rel=\"nofollow noopener\" style=\"outline: none;\" spellcheck=\"false\">Ab 86,19<strong>&nbsp;<\/strong>\u20ac<strong><br \/><\/strong><\/a><\/h1>\n<p data-pm-slice=\"1 1 []\">Sichern Sie sich das ultimative Alpenabenteuer mit&nbsp;<strong>Bernina Express Tickets (einfache Fahrt) inklusive Sitzplatzreservierung.<\/strong> Genie\u00dfen Sie atemberaubende Panoramablicke auf Gletscher, Berge und T\u00e4ler von Ihrem reservierten Sitzplatz in der 1. oder 2. Klasse (je nach gew\u00e4hlter Option) auf der Strecke zwischen Chur, Tirano und St. Moritz.<\/p>\n<ul>\n<li style=\"\"><span>Handverlesenes Ticket<\/span><\/li>\n<li style=\"\"><span>Handyticket<\/span><\/li>\n<li style=\"\"><span>Dauer 2:30 Std. &#8211; 4:25 Std.<\/span><\/li>\n<li style=\"\"><span>Nicht erstattungsf\u00e4hig<\/span><\/li>\n<\/ul>\n<h2>Inbegriffen<\/h2>\n<ul>\n<li style=\"\">                    <span>Einfache Zugfahrt zwischen Chur, Tirano und St. Moritz (ohne Zwischenstopps)<\/span><\/li>\n<li style=\"\">                    <span>Reservierte Sitzpl\u00e4tze<\/span><\/li>\n<li style=\"\">                    <span>Sitzpl\u00e4tze 1. oder 2. Klasse (je nach gew\u00e4hlter Option)<\/span><\/li>\n<li><span>Klimatisierte Reisebusse<\/span><\/li>\n<li><span>Kostenloses WLAN an Bord<\/span><\/li>\n<li><span>Stromversorgung f\u00fcr Ger\u00e4te<\/span><\/li>\n<li><span>InfoT(r)ainment-App f\u00fcr Reiseeinblicke<\/span><\/li>\n<li><span>Fahrkarte f\u00fcr den Bernina Express Bus von Tirano nach Lugano<\/span><\/li>\n<\/ul>\n<h2>Nicht inbegriffen<\/h2>\n<ul>\n<li style=\"\"><span>Minibar und pers\u00f6nliche Ausgaben<\/span><\/li>\n<\/ul>\n<h2>Wichtige Informationen<\/h2>\n<ul>\n<li><span><strong>G\u00fcltigkeit des Tickets<\/strong>: G\u00fcltig f\u00fcr 24 Stunden ab dem gew\u00e4hlten Abreisedatum.<\/span><\/li>\n<li style=\"\"><span><strong>Regelung f\u00fcr Kinder:<\/strong> Kinder bis einschlie\u00dflich 6 Jahre kostenlos reisen, haben aber keinen Anspruch auf einen eigenen Sitzplatz. Kinder unter 12 Jahren m\u00fcssen von einem Erwachsenen begleitet werden.<\/span><\/li>\n<li style=\"\"><span><strong>Barrierefreiheit<\/strong>: Unterst\u00fctzung und rollstuhlgerechte Sitzpl\u00e4tze sind auf Anfrage erh\u00e4ltlich.<\/span><\/li>\n<li><span><strong>Reisedokumente:<\/strong> Bitte bringen Sie ein g\u00fcltiges Ausweis oder Reisedokument mit, da Sie die Grenze zwischen der Schweiz und Italien \u00fcberqueren werden.<\/span><\/li>\n<li><span>Saisonale Abfahrtszeiten (siehe detaillierten Fahrplan).<\/span><\/li>\n<li><span><strong>Gep\u00e4ckbestimmungen<\/strong>: Sie d\u00fcrfen eine Tasche in Standardgr\u00f6\u00dfe mitbringen, allerdings ist der Platz im Gep\u00e4ckraum begrenzt \u2013 wir empfehlen Ihnen daher dringend, mit leichtem Gep\u00e4ck zu packen.<\/span><\/li>\n<li><span>F\u00fcr den Bernina Express Bus ist eine separate Sitzplatzreservierung erforderlich, die nicht im Ticket enthalten ist.<\/span><\/li>\n<\/ul>\n<h2>Beschreibung:<\/h2>\n<p dir=\"ltr\">Erleben Sie die Schweizer Alpen auf ganz besondere Weise mit&nbsp;<strong>Bernina Express Tickets mit Sitzplatzreservierung.<\/strong> Gleiten Sie komfortabel vorbei an atemberaubenden Gletschern, \u00fcppigen T\u00e4lern und idyllischen Bergseen. Ob Abfahrt in Chur, Tirano oder St. Moritz \u2013 diese Panoramafahrt ist ein absolutes Muss f\u00fcr Naturliebhaber und Reisebegeisterte.<\/p>\n<h2>Highlights:<\/h2>\n<ul>\n<li><strong>Erleben Sie eine Reise durch das Herz der Alpen<\/strong> an Bord des Bernina Express \u2013 mit Einzelfahrschein und reserviertem Sitzplatz.<\/li>\n<li><strong>Bewundern Sie die atemberaubende Alpenlandschaft<\/strong> durch das Panoramafenster, w\u00e4hrend der Zug durch Berge, T\u00e4ler und Gletscher gleitet.<\/li>\n<li><strong>Reisen Sie mit der zum UNESCO-Weltkulturerbe geh\u00f6renden Berninabahn,<\/strong> Europas h\u00f6chstgelegener Eisenbahnstrecke, und erleben Sie ein unvergessliches Abenteuer.<\/li>\n<li><strong>\u00dcberqueren Sie das ber\u00fchmte Landwasser-Viadukt<\/strong> und bestaunen Sie technische Meisterwerke inmitten einer atemberaubenden Naturkulisse.<\/li>\n<li><strong>Erkunden Sie malerische Orte<\/strong> wie Chur, St. Moritz und Tirano und lassen Sie sich vom Charme der Schweizer Alpen verzaubern.<\/li>\n<\/ul>\n<h2>Bernina Express<\/h2>\n<p>Bahnhofpl. 1, 7000 Chur, Schweiz<\/p>\n<h2>Stornierungsbedingungen<\/h2>\n<p>Dieses Ticket ist nicht erstattungsf\u00e4hig und kann nicht umgebucht werden.<\/p>\n<h2>Treffpunkt &amp; Anweisungen<\/h2>\n<p dir=\"ltr\">Pr\u00fcfen Sie auf Ihrem Voucher den angegebenen Einstiegsort und die genauen Anweisungen. Seien Sie mindestens 15 Minuten vor Abfahrt am Bahnhof. Zeigen Sie Ihren mobilen Voucher zusammen mit einem g\u00fcltigen Lichtbildausweis vor.<\/p>\n<p><a href=\"https:\/\/www.google.com\/maps\/place\/Bernina+Express\/@46.8538781,9.5266194,17z\/data=!4m15!1m8!3m7!1s0x4784c77747f5d951:0xcbe9c32752e65de!2sBernina+Express!8m2!3d46.8538781!4d9.5291943!10e8!16s%2Fm%2F03qdcb5!3m5!1s0x4784c77747f5d951:0xcbe9c32752e65de!8m2!3d46.8538781!4d9.5291943!16s%2Fm%2F03qdcb5?entry=ttu&amp;g_ep=EgoyMDI0MTEyNC4xIKXMDSoASAFQAw%3D%3D\" data-lt-tmp-id=\"lt-827772\" spellcheck=\"false\" target=\"_blank\" rel=\"nofollow noopener\" style=\"outline: none;\">In Karten \u00f6ffnen<\/a><\/p>\n<h2>Bewertungen<\/h2>\n<p dir=\"ltr\"><strong>4,1\/5 (115 Bewertungen)<\/strong><\/p>\n<p dir=\"ltr\"><em>\u201eEin einmaliges Erlebnis. Die Auffahrt zum Berninapass ist unvergesslich. Ich habe fr\u00fchzeitig \u00fcber Headout gebucht und alles lief reibungslos.\u201c \u2013<\/em> Mark, April 2025<\/p>\n<p dir=\"ltr\"><em>\u201e <\/em><em>Absolut jeden Cent wert. Wundersch\u00f6ne Schneelandschaften, freundliches Personal und super bequeme Sitze. Ein absolutes Muss in der Schweiz!\u201c \u2013&nbsp;<\/em> Ella, April 2025<\/p>\n<p dir=\"ltr\"><em>\u201eDer Bernina Express bietet eine unvergleichliche Aussicht \u2013 Gletscher, Fl\u00fcsse und D\u00f6rfer. Ich w\u00fcnschte nur, es g\u00e4be mehr Auswahl beim Essen an Bord.\u201c<\/em> \u2013 Adrian, April 2025 <a href=\"https:\/\/www.headout.com\/de\/bernina-express\/bernina-express-one-way-tickets-chur-nachvon-tirano-e-24952\/?affiliate_code=KXkQ69&amp;utm_campaign=itideberninaexpressticketandseatsp&amp;utm_content=link&amp;utm_medium=affiliate&amp;utm_source=most_amazing_places\" data-lt-tmp-id=\"lt-901445\" spellcheck=\"false\" target=\"_blank\" rel=\"nofollow noopener\" style=\"outline: none;\">&nbsp;&gt;&gt; Weitere Bewertungen hier<\/a><\/p>\n<h2>Einige Aktivit\u00e4ten, die Ihnen gefallen k\u00f6nnten<\/h2>\n<p><span># <\/span><strong><span>2<\/span><\/strong><span># <\/span><strong><span>2<\/span><\/strong><span><img decoding=\"async\" alt=\"\" data-id=\"9396\" width=\"159\" data-init-width=\"930\" height=\"99\" data-init-height=\"581\" title=\"Swiss Travel Pass\" src=\"https:\/\/italy-tourist-information.com\/wp-content\/uploads\/2025\/01\/Swiss-travel-pass.avif\" data-width=\"159\" data-height=\"99\" style=\"aspect-ratio: auto 930 \/ 581;\" loading=\"lazy\"><\/span><\/p>\n<table>\n<tbody>\n<tr>\n<td><a href=\"https:\/\/www.headout.com\/de\/bahnpasse\/swiss-continuous-travel-pass-mit-zugang-zu-zug-bus-und-schiff-e-24559\/?affiliate_code=KXkQ69&amp;city=CHUR&amp;utm_campaign=itideberninaexpressseatsp2&amp;utm_content=link&amp;utm_medium=affiliate&amp;utm_source=most_amazing_places\" target=\"_blank\" rel=\"nofollow noopener\" style=\"outline: none;\" spellcheck=\"false\">Swiss Travel Pass: unbegrenztes Reisen mit Bahn, Bus und Schiff<\/a><\/td>\n<\/tr>\n<\/tbody>\n<\/table>\n<p data-pm-slice=\"1 1 []\">Erkunden Sie die Schweiz m\u00fchelos mit dem Swiss Travel Pass, der Ihnen unbegrenzte Fahrten mit Z\u00fcgen, Bussen und Schiffen im ganzen Land erm\u00f6glicht. W\u00e4hlen Sie zwischen 3 und 15 aufeinanderfolgenden Tagen und entdecken Sie atemberaubende Landschaften und charmante St\u00e4dte in Ihrem eigenen Tempo!<\/p>\n<h3 style=\"\">Gesamtpreis<\/h3>\n<h3 style=\"\">Ihr Konto wird noch nicht belastet<\/h3>\n<p><span># <\/span><strong><span>2<\/span><\/strong><span><img decoding=\"async\" alt=\"\" data-id=\"9116\" width=\"159\" data-init-width=\"1185\" height=\"83\" data-init-height=\"616\" title=\"Ab Mailand \u2013 Comer See-Kreuzfahrt, St. Moritz &amp; Bernina-Roter Zug\" src=\"https:\/\/italy-tourist-information.com\/wp-content\/uploads\/2024\/11\/From-Milan-Lake-Como-Cruise-St.-Moritz-Bernina-Red-Train-.jpg\" data-width=\"159\" data-height=\"83\" style=\"aspect-ratio: auto 1185 \/ 616;\" loading=\"lazy\"><\/span><\/p>\n<table>\n<tbody>\n<tr>\n<td><strong><a href=\"https:\/\/www.getyourguide.com\/lake-como-l63\/lake-como-st-moritz-and-bernina-express-t154485\/?partner_id=NO9XIDE&amp;utm_medium=online_publisher&amp;cmp=ITIDeBerninaExpressSP3\" target=\"_blank\" rel=\"nofollow noopener\" style=\"outline: none;\" data-lt-tmp-id=\"lt-206666\" spellcheck=\"false\">Ab Mailand: Kreuzfahrt auf dem Comer See, St. Moritz &amp; Bernina-Roter Zug<\/a><\/strong><\/td>\n<\/tr>\n<\/tbody>\n<\/table>\n<p data-pm-slice=\"1 1 []\">Entdecken Sie die Sch\u00f6nheit des Comer Sees, von St. Moritz und der Alpen auf dieser 13-st\u00fcndigen Tour mit einem Luxusreisebus, einer privaten Seefahrt, einem gef\u00fchrten Spaziergang und einer malerischen Fahrt mit dem Bernina Red Train.<\/p>\n<h3 style=\"\">Gesamtpreis<\/h3>\n<h3>Ihr Konto wird noch nicht belastet<\/h3>\n<p><span>#3<\/span><span><img decoding=\"async\" alt=\"\" data-id=\"11388\" width=\"159\" data-init-width=\"2334\" height=\"106\" data-init-height=\"1556\" title=\"Bernina Red Train - Hin- und R\u00fcckfahrt ab Mailand ota\" src=\"https:\/\/italy-tourist-information.com\/wp-content\/uploads\/2025\/08\/Bernina-Red-Train-Roundtrip-from-Milan-ota.avif\" data-width=\"159\" data-height=\"106\" style=\"aspect-ratio: auto 2334 \/ 1556;\" loading=\"lazy\"><\/span><\/p>\n<table>\n<tbody>\n<tr>\n<td><strong><a href=\"https:\/\/www.tiqets.com\/de\/milan-attractions-c71749\/tickets-for-bernina-red-train-roundtrip-from-milan-p975297\/?partner=italytouristinformation&amp;tq_campaign=ITIDeBerninaExpressSP4\" target=\"_blank\" rel=\"nofollow noopener\" style=\"outline: none;\" data-lt-tmp-id=\"lt-61134\" spellcheck=\"false\">Bernina Red Train: Hin- und R\u00fcckfahrt ab Mailand<\/a><\/strong><\/td>\n<\/tr>\n<\/tbody>\n<\/table>\n<p data-pm-slice=\"1 1 []\">Reisen Sie von Mailand aus mit dem legend\u00e4ren Bernina Red Train und erleben Sie eine atemberaubende Rundreise durch die spektakul\u00e4ren Schweizer Alpen, die zum UNESCO-Weltkulturerbe geh\u00f6ren.<\/p>\n<h3 style=\"\">Gesamtpreis<\/h3>\n<h3>Ihr Konto wird noch nicht belastet<\/h3>\n<p><\/p>\n<h2><a href=\"https:\/\/www.headout.com\/de\/bernina-express\/bernina-express-one-way-tickets-chur-nachvon-tirano-e-24952\/?affiliate_code=KXkQ69&amp;utm_campaign=itideberninaexpressticketandseatsp&amp;utm_content=link&amp;utm_medium=affiliate&amp;utm_source=most_amazing_places\" target=\"_blank\" rel=\"nofollow noopener\" style=\"outline: none;\">Zur Buchung&nbsp;<\/a><\/h2>\n<h1><a href=\"https:\/\/www.headout.com\/de\/bernina-express\/bernina-express-one-way-tickets-chur-nachvon-tirano-e-24952\/?affiliate_code=KXkQ69&amp;utm_campaign=itideberninaexpressticketandseatsp&amp;utm_content=link&amp;utm_medium=affiliate&amp;utm_source=most_amazing_places\" target=\"_blank\" rel=\"nofollow noopener\" style=\"outline: none;\" spellcheck=\"false\">Ab 86,19 \u20ac<strong><br \/><\/strong><\/a><\/h1>\n<h3>Ihr Konto wird noch nicht belastet<\/h3>\n","protected":false},"excerpt":{"rendered":"<p>Bernina Express Tickets mit Sitzplatzreservierung Zur Buchung Ab 86,19&nbsp;\u20ac Sichern Sie sich das ultimative Alpenabenteuer mit&nbsp;Bernina Express Tickets (einfache Fahrt) inklusive Sitzplatzreservierung. Genie\u00dfen Sie atemberaubende Panoramablicke auf Gletscher, Berge und T\u00e4ler von Ihrem reservierten Sitzplatz in der 1. oder 2. Klasse (je nach gew\u00e4hlter Option) auf der Strecke zwischen Chur, Tirano und St. Moritz. Handverlesenes [&hellip;]<\/p>\n","protected":false},"author":6,"featured_media":17268,"parent":0,"menu_order":0,"comment_status":"closed","ping_status":"closed","template":"","meta":{"footnotes":""},"categories":[133,128],"tags":[135,130],"class_list":["post-17267","page","type-page","status-publish","has-post-thumbnail","hentry","category-mailand","category-verkaufsseite","tag-milan","tag-verkaufsseite","post-wrapper","thrv_wrapper"],"_links":{"self":[{"href":"https:\/\/italy-tourist-information.com\/de\/wp-json\/wp\/v2\/pages\/17267","targetHints":{"allow":["GET"]}}],"collection":[{"href":"https:\/\/italy-tourist-information.com\/de\/wp-json\/wp\/v2\/pages"}],"about":[{"href":"https:\/\/italy-tourist-information.com\/de\/wp-json\/wp\/v2\/types\/page"}],"author":[{"embeddable":true,"href":"https:\/\/italy-tourist-information.com\/de\/wp-json\/wp\/v2\/users\/6"}],"replies":[{"embeddable":true,"href":"https:\/\/italy-tourist-information.com\/de\/wp-json\/wp\/v2\/comments?post=17267"}],"version-history":[{"count":8,"href":"https:\/\/italy-tourist-information.com\/de\/wp-json\/wp\/v2\/pages\/17267\/revisions"}],"predecessor-version":[{"id":20052,"href":"https:\/\/italy-tourist-information.com\/de\/wp-json\/wp\/v2\/pages\/17267\/revisions\/20052"}],"wp:featuredmedia":[{"embeddable":true,"href":"https:\/\/italy-tourist-information.com\/de\/wp-json\/wp\/v2\/media\/17268"}],"wp:attachment":[{"href":"https:\/\/italy-tourist-information.com\/de\/wp-json\/wp\/v2\/media?parent=17267"}],"wp:term":[{"taxonomy":"category","embeddable":true,"href":"https:\/\/italy-tourist-information.com\/de\/wp-json\/wp\/v2\/categories?post=17267"},{"taxonomy":"post_tag","embeddable":true,"href":"https:\/\/italy-tourist-information.com\/de\/wp-json\/wp\/v2\/tags?post=17267"}],"curies":[{"name":"wp","href":"https:\/\/api.w.org\/{rel}","templated":true}]}}