{"id":17282,"date":"2025-08-22T08:47:19","date_gmt":"2025-08-22T08:47:19","guid":{"rendered":"https:\/\/italy-tourist-information.com\/big-bus-rome"},"modified":"2026-05-06T08:18:18","modified_gmt":"2026-05-06T08:18:18","slug":"big-bus-rom-hop-on-hop-off-bustour","status":"publish","type":"page","link":"https:\/\/italy-tourist-information.com\/de\/big-bus-rom-hop-on-hop-off-bustour","title":{"rendered":"Big Bus Rom Hop-on-Hop-off-Bustour"},"content":{"rendered":"<p><span><img decoding=\"async\" alt=\"\" data-id=\"11544\" width=\"1600\" height=\"1000\" title=\"Big Bus Rom - Hop-on Hop-off Bustour\" src=\"https:\/\/italy-tourist-information.com\/wp-content\/uploads\/2025\/08\/Big-Bus-Rome-Hop-on-Hop-off-Bus-Tour-ota-1024x640.avif\" data-src=\"https:\/\/italy-tourist-information.com\/wp-content\/uploads\/2025\/08\/Big-Bus-Rome-Hop-on-Hop-off-Bus-Tour-ota-300x188.avif\" loading=\"lazy\" data-sizes=\"{&quot;thumbnail&quot;:{&quot;height&quot;:150,&quot;width&quot;:150,&quot;url&quot;:&quot;https:\/\/italy-tourist-information.com\/wp-content\/uploads\/2025\/08\/Big-Bus-Rome-Hop-on-Hop-off-Bus-Tour-ota-150x150.avif&quot;,&quot;orientation&quot;:&quot;landscape&quot;},&quot;medium&quot;:{&quot;height&quot;:188,&quot;width&quot;:300,&quot;url&quot;:&quot;https:\/\/italy-tourist-information.com\/wp-content\/uploads\/2025\/08\/Big-Bus-Rome-Hop-on-Hop-off-Bus-Tour-ota-300x188.avif&quot;,&quot;orientation&quot;:&quot;landscape&quot;},&quot;large&quot;:{&quot;height&quot;:640,&quot;width&quot;:1024,&quot;url&quot;:&quot;https:\/\/italy-tourist-information.com\/wp-content\/uploads\/2025\/08\/Big-Bus-Rome-Hop-on-Hop-off-Bus-Tour-ota-1024x640.avif&quot;,&quot;orientation&quot;:&quot;landscape&quot;},&quot;full&quot;:{&quot;url&quot;:&quot;https:\/\/italy-tourist-information.com\/wp-content\/uploads\/2025\/08\/Big-Bus-Rome-Hop-on-Hop-off-Bus-Tour-ota.avif&quot;,&quot;height&quot;:1000,&quot;width&quot;:1600,&quot;orientation&quot;:&quot;landscape&quot;}}\"><\/span><span><img decoding=\"async\" alt=\"\" data-id=\"11543\" width=\"1600\" height=\"1000\" title=\"Big Bus Rom \u2013 Hop-on\/Hop-off-Bustour 2\" src=\"https:\/\/italy-tourist-information.com\/wp-content\/uploads\/2025\/08\/Big-Bus-Rome-Hop-on-Hop-off-Bus-Tour2-1024x640.avif\" data-src=\"https:\/\/italy-tourist-information.com\/wp-content\/uploads\/2025\/08\/Big-Bus-Rome-Hop-on-Hop-off-Bus-Tour2-300x188.avif\" loading=\"lazy\" data-sizes=\"{&quot;thumbnail&quot;:{&quot;height&quot;:150,&quot;width&quot;:150,&quot;url&quot;:&quot;https:\/\/italy-tourist-information.com\/wp-content\/uploads\/2025\/08\/Big-Bus-Rome-Hop-on-Hop-off-Bus-Tour2-150x150.avif&quot;,&quot;orientation&quot;:&quot;landscape&quot;},&quot;medium&quot;:{&quot;height&quot;:188,&quot;width&quot;:300,&quot;url&quot;:&quot;https:\/\/italy-tourist-information.com\/wp-content\/uploads\/2025\/08\/Big-Bus-Rome-Hop-on-Hop-off-Bus-Tour2-300x188.avif&quot;,&quot;orientation&quot;:&quot;landscape&quot;},&quot;large&quot;:{&quot;height&quot;:640,&quot;width&quot;:1024,&quot;url&quot;:&quot;https:\/\/italy-tourist-information.com\/wp-content\/uploads\/2025\/08\/Big-Bus-Rome-Hop-on-Hop-off-Bus-Tour2-1024x640.avif&quot;,&quot;orientation&quot;:&quot;landscape&quot;},&quot;full&quot;:{&quot;url&quot;:&quot;https:\/\/italy-tourist-information.com\/wp-content\/uploads\/2025\/08\/Big-Bus-Rome-Hop-on-Hop-off-Bus-Tour2.avif&quot;,&quot;height&quot;:1000,&quot;width&quot;:1600,&quot;orientation&quot;:&quot;landscape&quot;}}\"><\/span><span><img decoding=\"async\" alt=\"\" data-id=\"11542\" width=\"1600\" height=\"1000\" title=\"Big Bus Rom \u2013 Hop-on\/Hop-off-Bustour 3\" src=\"https:\/\/italy-tourist-information.com\/wp-content\/uploads\/2025\/08\/Big-Bus-Rome-Hop-on-Hop-off-Bus-Tour3-1024x640.avif\" data-src=\"https:\/\/italy-tourist-information.com\/wp-content\/uploads\/2025\/08\/Big-Bus-Rome-Hop-on-Hop-off-Bus-Tour3-300x188.avif\" loading=\"lazy\" data-sizes=\"{&quot;thumbnail&quot;:{&quot;height&quot;:150,&quot;width&quot;:150,&quot;url&quot;:&quot;https:\/\/italy-tourist-information.com\/wp-content\/uploads\/2025\/08\/Big-Bus-Rome-Hop-on-Hop-off-Bus-Tour3-150x150.avif&quot;,&quot;orientation&quot;:&quot;landscape&quot;},&quot;medium&quot;:{&quot;height&quot;:188,&quot;width&quot;:300,&quot;url&quot;:&quot;https:\/\/italy-tourist-information.com\/wp-content\/uploads\/2025\/08\/Big-Bus-Rome-Hop-on-Hop-off-Bus-Tour3-300x188.avif&quot;,&quot;orientation&quot;:&quot;landscape&quot;},&quot;large&quot;:{&quot;height&quot;:640,&quot;width&quot;:1024,&quot;url&quot;:&quot;https:\/\/italy-tourist-information.com\/wp-content\/uploads\/2025\/08\/Big-Bus-Rome-Hop-on-Hop-off-Bus-Tour3-1024x640.avif&quot;,&quot;orientation&quot;:&quot;landscape&quot;},&quot;full&quot;:{&quot;url&quot;:&quot;https:\/\/italy-tourist-information.com\/wp-content\/uploads\/2025\/08\/Big-Bus-Rome-Hop-on-Hop-off-Bus-Tour3.avif&quot;,&quot;height&quot;:1000,&quot;width&quot;:1600,&quot;orientation&quot;:&quot;landscape&quot;}}\"><\/span><span><img decoding=\"async\" alt=\"\" data-id=\"11541\" width=\"1598\" height=\"999\" title=\"Big Bus Rom \u2013 Hop-on\/Hop-off-Bustour 4\" src=\"https:\/\/italy-tourist-information.com\/wp-content\/uploads\/2025\/08\/Big-Bus-Rome-Hop-on-Hop-off-Bus-Tour4-1024x640.avif\" data-src=\"https:\/\/italy-tourist-information.com\/wp-content\/uploads\/2025\/08\/Big-Bus-Rome-Hop-on-Hop-off-Bus-Tour4-300x188.avif\" loading=\"lazy\" data-sizes=\"{&quot;thumbnail&quot;:{&quot;height&quot;:150,&quot;width&quot;:150,&quot;url&quot;:&quot;https:\/\/italy-tourist-information.com\/wp-content\/uploads\/2025\/08\/Big-Bus-Rome-Hop-on-Hop-off-Bus-Tour4-150x150.avif&quot;,&quot;orientation&quot;:&quot;landscape&quot;},&quot;medium&quot;:{&quot;height&quot;:188,&quot;width&quot;:300,&quot;url&quot;:&quot;https:\/\/italy-tourist-information.com\/wp-content\/uploads\/2025\/08\/Big-Bus-Rome-Hop-on-Hop-off-Bus-Tour4-300x188.avif&quot;,&quot;orientation&quot;:&quot;landscape&quot;},&quot;large&quot;:{&quot;height&quot;:640,&quot;width&quot;:1024,&quot;url&quot;:&quot;https:\/\/italy-tourist-information.com\/wp-content\/uploads\/2025\/08\/Big-Bus-Rome-Hop-on-Hop-off-Bus-Tour4-1024x640.avif&quot;,&quot;orientation&quot;:&quot;landscape&quot;},&quot;full&quot;:{&quot;url&quot;:&quot;https:\/\/italy-tourist-information.com\/wp-content\/uploads\/2025\/08\/Big-Bus-Rome-Hop-on-Hop-off-Bus-Tour4.avif&quot;,&quot;height&quot;:999,&quot;width&quot;:1598,&quot;orientation&quot;:&quot;landscape&quot;}}\"><\/span><span><img decoding=\"async\" alt=\"\" data-id=\"11540\" width=\"1598\" height=\"999\" title=\"Big Bus Rom \u2013 Hop-on\/Hop-off-Bustour 5\" src=\"https:\/\/italy-tourist-information.com\/wp-content\/uploads\/2025\/08\/Big-Bus-Rome-Hop-on-Hop-off-Bus-Tour5-1024x640.avif\" data-src=\"https:\/\/italy-tourist-information.com\/wp-content\/uploads\/2025\/08\/Big-Bus-Rome-Hop-on-Hop-off-Bus-Tour5-300x188.avif\" loading=\"lazy\" data-sizes=\"{&quot;thumbnail&quot;:{&quot;height&quot;:150,&quot;width&quot;:150,&quot;url&quot;:&quot;https:\/\/italy-tourist-information.com\/wp-content\/uploads\/2025\/08\/Big-Bus-Rome-Hop-on-Hop-off-Bus-Tour5-150x150.avif&quot;,&quot;orientation&quot;:&quot;landscape&quot;},&quot;medium&quot;:{&quot;height&quot;:188,&quot;width&quot;:300,&quot;url&quot;:&quot;https:\/\/italy-tourist-information.com\/wp-content\/uploads\/2025\/08\/Big-Bus-Rome-Hop-on-Hop-off-Bus-Tour5-300x188.avif&quot;,&quot;orientation&quot;:&quot;landscape&quot;},&quot;large&quot;:{&quot;height&quot;:640,&quot;width&quot;:1024,&quot;url&quot;:&quot;https:\/\/italy-tourist-information.com\/wp-content\/uploads\/2025\/08\/Big-Bus-Rome-Hop-on-Hop-off-Bus-Tour5-1024x640.avif&quot;,&quot;orientation&quot;:&quot;landscape&quot;},&quot;full&quot;:{&quot;url&quot;:&quot;https:\/\/italy-tourist-information.com\/wp-content\/uploads\/2025\/08\/Big-Bus-Rome-Hop-on-Hop-off-Bus-Tour5.avif&quot;,&quot;height&quot;:999,&quot;width&quot;:1598,&quot;orientation&quot;:&quot;landscape&quot;}}\"><\/span><\/p>\n<h1 data-qa-marker=\"product-name\">Big Bus: Rome Hop-on Hop-off Bus Tour<\/h1>\n<h2><a href=\"https:\/\/www.headout.com\/hop-on-hop-off-bus-tours\/big-bus-rome-123-day-hop-on-hop-off-sightseeing-bus-free-walking-tour-e-9646\/?affiliate_code=KXkQ69&amp;utm_campaign=itidebigbushoponhopoffsp&amp;utm_content=link&amp;utm_medium=affiliate&amp;utm_source=most_amazing_places\" target=\"_blank\" rel=\"nofollow noopener\" style=\"outline: none;\">Zur Buchung<\/a><\/h2>\n<h1><a href=\"https:\/\/www.headout.com\/hop-on-hop-off-bus-tours\/big-bus-rome-123-day-hop-on-hop-off-sightseeing-bus-free-walking-tour-e-9646\/?affiliate_code=KXkQ69&amp;utm_campaign=itidebigbushoponhopoffsp&amp;utm_content=link&amp;utm_medium=affiliate&amp;utm_source=most_amazing_places\" target=\"_blank\" rel=\"nofollow noopener\" style=\"outline: none;\" spellcheck=\"false\"><strong>Ab 18<\/strong><strong>,70<\/strong> \u20ac<strong><\/strong><\/a><\/h1>\n<p dir=\"ltr\">Erleben Sie Rom ganz nach Ihren W\u00fcnschen! Steigen Sie an bekannte Sehensw\u00fcrdigkeiten ein und aus, genie\u00dfen Sie Panoramablicke und entdecken Sie verborgene Sch\u00e4tze mit flexiblen Tickets und interaktiven Stadtf\u00fchrungen.<\/p>\n<ul>\n<li style=\"\"><span>Handverlesenes Ticket<\/span><\/li>\n<li style=\"\"><!--! Font Awesome Free 6.7.1 by @fontawesome - https:\/\/fontawesome.com License - https:\/\/fontawesome.com\/license\/free (Icons: CC BY 4.0, Fonts: SIL OFL 1.1, Code: MIT License) Copyright 2024 Fonticons, Inc. --><span>Im eigenen Tempo erkunden<\/span><\/li>\n<li style=\"\"><span>Audioguide&nbsp;<\/span><\/li>\n<li style=\"\"><span>Kostenlose Stornierung<\/span><\/li>\n<\/ul>\n<h2>Inbegriffen<\/h2>\n<ul>\n<li style=\"\">                    <span>Hop-on-Hop-off-Bustour <strong>(3-Stunden-, 1-Tages-, 24\/48\/72-Stunden-Optionen)<\/strong><\/span><\/li>\n<li style=\"\">                    <span>Zugang zur Roten Route (8 wichtige Haltestellen)<\/span><\/li>\n<li style=\"\">                    <span>Audioguide in Englisch, Italienisch, Spanisch, Franz\u00f6sisch, Deutsch, brasilianischem Portugiesisch und Mandarin (im Bus)<\/span><\/li>\n<li style=\"\">                    <span>Kostenlose Kopfh\u00f6rer<\/span><\/li>\n<li style=\"\">                    <span>Live-Busverfolgung und digitale Karte per mobiler App<\/span><\/li>\n<li style=\"\">                    <span>Kostenloses WLAN an Bord<\/span><\/li>\n<li style=\"\">                    <span>4 selbstgef\u00fchrte Stadtrundg\u00e4nge per App (falls ausgew\u00e4hlt)<\/span><\/li>\n<li style=\"\">                    <span>Panorama-Nachttour (falls diese Option ausgew\u00e4hlt ist)<\/span><\/li>\n<\/ul>\n<h2>Nicht inbegriffen<\/h2>\n<ul>\n<li style=\"\"><span>Eintrittskarten f\u00fcr Sehensw\u00fcrdigkeiten<\/span><\/li>\n<\/ul>\n<h2>Wichtige Informationen<\/h2>\n<ul>\n<li style=\"\"><span><strong>Dauer<\/strong>: Rundfahrt ca. 1 Stunde 45 Minuten;&nbsp;<strong>H\u00e4ufigkeit<\/strong>: Busse fahren alle 20 Minuten<\/span><\/li>\n<li><span><strong>Gutscheineinl\u00f6sung:<\/strong> An Bord an jeder Haltestelle oder im Big Bus Shop (mit Annehmlichkeiten wie WLAN, Wasser, Klimaanlage, gelegentlichen Rabatten)<\/span><\/li>\n<li><span>Betriebszeiten: 9:00 \u2013 19:00 Uhr ab Bahnhof Termini<\/span><\/li>\n<li style=\"\"><span>Mobiler Gutschein wird akzeptiert \u2013 kein Ausdruck erforderlich<\/span><\/li>\n<li style=\"\"><span>Die meisten Busse sind rollstuhl- und kinderwagengerecht (Kinderwagen nur auf dem Unterdeck).<\/span><\/li>\n<li style=\"\"><span>Haustiere mit Maulkorb erlaubt<\/span><\/li>\n<li style=\"\"><span>Das 3-Stunden-Ticket ist nur am Kauftag g\u00fcltig.<\/span><\/li>\n<li><span>Die Nachttour findet t\u00e4glich um 20:20 Uhr und 20:30 Uhr statt (bis zum 31. Oktober).<\/span><\/li>\n<li><span>Kein Gep\u00e4ck erlaubt<\/span><\/li>\n<\/ul>\n<h2>Beschreibung:<\/h2>\n<p dir=\"ltr\">Entdecken Sie Rom ganz flexibel mit der <strong>Big Bus Hop-On Hop-Off Tour.<\/strong> Gleiten Sie vorbei an legend\u00e4ren Sehensw\u00fcrdigkeiten wie dem Kolosseum, der Spanischen Treppe und dem Vatikan, w\u00e4hrend Sie den faszinierenden <strong>Geschichten Ihres Audioguides an Bord lauschen.<\/strong><\/p>\n<p dir=\"ltr\">Steigen Sie aus, um Sehensw\u00fcrdigkeiten wie den Trevi-Brunnen und die Piazza Venezia zu entdecken, und steigen Sie wieder ein, wann immer Sie bereit sind. Dank <strong>flexibler Ticketoptionen, selbstgef\u00fchrter Stadtrundg\u00e4nge und einer zauberhaften Nachtfahrt ist diese Tour die ideale M\u00f6glichkeit, die Ewige Stadt <\/strong><strong>in Ihrem eigenen Tempo<\/strong>&nbsp;zu erkunden.<strong><\/strong><\/p>\n<h2>Highlights:<\/h2>\n<ul>\n<li data-pm-slice=\"1 1 []\"><strong>Steigen Sie an 8 Haltestellen ein und aus, die Sie unbedingt gesehen haben m\u00fcssen,<\/strong> darunter die Basilika Santa Maria Maggiore, das Kolosseum, der Vatikan und die Spanische Treppe.<\/li>\n<li dir=\"ltr\">Erkunden Sie das Kolosseum, den Vatikan, das Pantheon, den Trevi-Brunnen und vieles mehr.<\/li>\n<li dir=\"ltr\">Bereichern Sie Ihren Besuch mit <strong>vier thematischen Stadtf\u00fchrungen<\/strong><\/li>\n<li dir=\"ltr\">Entspannen Sie sich mit kostenlosem WLAN, <strong>mehrsprachigem Audio<\/strong> und bequemen Sitzgelegenheiten.<\/li>\n<li dir=\"ltr\"><strong>Buchen Sie ein Upgrade<\/strong> inklusive einer n\u00e4chtlichen Panoramatour zu Roms leuchtenden Sehensw\u00fcrdigkeiten.<\/li>\n<\/ul>\n<h2>Stornierungsbedingungen<\/h2>\n<p>Stornieren Sie bis zu 24 Stunden im Voraus und Sie erhalten eine volle R\u00fcckerstattung.<\/p>\n<h2>Treffpunkt &amp; Anweisungen<\/h2>\n<p data-pm-slice=\"1 1 []\">L\u00f6sen Sie Ihren mobilen Voucher direkt beim Fahrer an jeder Haltestelle oder im Big Bus Shop &amp; Info Centre (Via delle Terme di Diocleziano 34) ein.<\/p>\n<p data-pm-slice=\"1 1 []\">Das Infozentrum bietet zus\u00e4tzliche Annehmlichkeiten wie WLAN, Klimaanlage, Mineralwasser und gelegentliche Rabatte.<\/p>\n<h2>Bewertungen<\/h2>\n<p><strong>4,4\/5&nbsp; <\/strong><strong>(1323 Bewertungen)<\/strong><\/p>\n<p dir=\"ltr\"><em>\u201e<\/em>Exzellenter Service. Besonders interessant ist der Audioguide, der die verschiedenen Sehensw\u00fcrdigkeiten erkl\u00e4rt und sogar Quizfragen und Witze der Sprecher enth\u00e4lt. Sehr freundliche Fahrer. Alles perfekt organisiert. Die Haltezeiten wurden eingehalten. Die App zur Standortverfolgung ist ebenfalls eine tolle Idee. Alles in allem hervorragend.&nbsp;<em>\u201c&nbsp;<\/em> \u2013 Saveria, Mai 2025&nbsp; <a href=\"https:\/\/www.headout.com\/hop-on-hop-off-bus-tours\/big-bus-rome-123-day-hop-on-hop-off-sightseeing-bus-free-walking-tour-e-9646\/?affiliate_code=KXkQ69&amp;utm_campaign=itidebigbushoponhopoffsp&amp;utm_content=link&amp;utm_medium=affiliate&amp;utm_source=most_amazing_places\" target=\"_blank\" rel=\"nofollow noopener\" spellcheck=\"false\" style=\"outline: none;\">&gt;&gt; Weitere Bewertungen ansehen \u2026<\/a><\/p>\n<p><span>#1<\/span><\/p>\n<h2>Weitere Aktivit\u00e4ten, die Ihnen gefallen k\u00f6nnten<\/h2>\n<p><\/p>\n<p><span><img decoding=\"async\" alt=\"\" data-id=\"11545\" width=\"159\" data-init-width=\"1600\" height=\"99\" data-init-height=\"1000\" title=\"Green Line \u2013 Rom Hop-on Hop-off Bustour\" loading=\"lazy\" src=\"https:\/\/italy-tourist-information.com\/wp-content\/uploads\/2025\/08\/Green-Line-Rome-Hop-on-Hop-off-Bus-Tour-ota.avif\" data-width=\"159\" data-height=\"99\" style=\"aspect-ratio: auto 1600 \/ 1000;\"><\/span><\/p>\n<table>\n<tbody>\n<tr>\n<td>\n<table>\n<tbody>\n<tr>\n<td><strong><a data-lt-tmp-id=\"lt-747599\" href=\"https:\/\/www.headout.com\/hop-on-hop-off-bus-tours\/green-line-3-stops-1-day-24-hr-48-hr-72-hr-hop-on-hop-off-tour-of-rome-e-15898\/?affiliate_code=KXkQ69&amp;utm_campaign=itidebigbushoponhopoffsp2&amp;utm_content=link&amp;utm_medium=affiliate&amp;utm_source=most_amazing_places\" rel=\"nofollow noopener\" spellcheck=\"false\" target=\"_blank\" style=\"outline: none;\">Gr\u00fcne Linie: Hop-on-Hop-off-Bustour durch Rom<\/a><\/strong><\/td>\n<\/tr>\n<\/tbody>\n<\/table>\n<p><strong><\/strong><\/td>\n<\/tr>\n<\/tbody>\n<\/table>\n<p>Erkunden Sie die Ewige Stadt in Ihrem eigenen Tempo mit einer Hop-on-Hop-off-Bustour der Green Line in Rom und entdecken Sie so ganz flexibel ikonische Sehensw\u00fcrdigkeiten wie das Kolosseum und den Vatikan.<\/p>\n<h3 style=\"\">Gesamtpreis<\/h3>\n<h3 style=\"\">Ihr Konto wird noch nicht belastet<\/h3>\n<p><span># <\/span><strong><span>2<\/span><\/strong><span><img decoding=\"async\" alt=\"\" data-id=\"11547\" width=\"159\" data-init-width=\"1600\" height=\"99\" data-init-height=\"1000\" title=\"Big Bus \u2013 Rom Panorama-Nachtbustour\" loading=\"lazy\" src=\"https:\/\/italy-tourist-information.com\/wp-content\/uploads\/2025\/08\/Big-Bus-Rome-Panoramic-Night-Bus-Tour-ota.avif\" data-width=\"159\" data-height=\"99\" style=\"aspect-ratio: auto 1600 \/ 1000;\"><\/span><\/p>\n<table>\n<tbody>\n<tr>\n<td>\n<table>\n<tbody>\n<tr>\n<td data-del-cell=\"true\"><a href=\"https:\/\/www.headout.com\/hop-on-hop-off-bus-tours\/big-bus-rome-panoramic-night-bus-tour-e-9649\/?affiliate_code=KXkQ69&amp;utm_campaign=itidebigbushoponhopoffsp3&amp;utm_content=link&amp;utm_medium=affiliate&amp;utm_source=most_amazing_places\" target=\"_blank\" rel=\"nofollow noopener\" style=\"outline: none;\" data-lt-tmp-id=\"lt-254600\" spellcheck=\"false\"><strong>Big Bus: Rom Panorama-Nachtbustour<\/strong><\/a><\/td>\n<\/tr>\n<\/tbody>\n<\/table>\n<\/td>\n<\/tr>\n<\/tbody>\n<\/table>\n<p>Erleben Sie den Zauber Roms nach Einbruch der Dunkelheit mit einer Big Bus Panoramic Night Tour, w\u00e4hrend Sie an beleuchteten Sehensw\u00fcrdigkeiten wie dem Kolosseum, dem Vatikan und vielem mehr vorbeigleiten.<\/p>\n<h3 style=\"\">Gesamtpreis<\/h3>\n<h3 style=\"\">Ihr Konto wird noch nicht belastet<\/h3>\n<p><\/p>\n<p><span><img decoding=\"async\" alt=\"\" data-id=\"10312\" width=\"159\" data-init-width=\"1556\" height=\"159\" data-init-height=\"1556\" title=\"Rom-Touristenkarte Ota\" loading=\"lazy\" src=\"https:\/\/italy-tourist-information.com\/wp-content\/uploads\/2025\/05\/Rome-Tourist-Card-Ota.avif\" data-width=\"159\" data-height=\"159\" style=\"aspect-ratio: auto 1556 \/ 1556;\"><\/span><\/p>\n<table>\n<tbody>\n<tr>\n<td>\n<table>\n<tbody>\n<tr>\n<td data-del-cell=\"true\"><a href=\"https:\/\/www.tiqets.com\/de\/rom-sehenswuerdigkeiten-c71631\/tickets-fur-rome-tourist-card-p1013153\/?partner=italytouristinformation&amp;tq_campaignitidebigbushoponhopoffsp3\" target=\"_blank\" rel=\"nofollow noopener\" style=\"outline: none;\" spellcheck=\"false\"><strong>Rome Tourist Card<\/strong><\/a><\/td>\n<\/tr>\n<\/tbody>\n<\/table>\n<\/td>\n<\/tr>\n<\/tbody>\n<\/table>\n<p>Entdecken Sie Rom m\u00fchelos mit der Rome Tourist Card \u2013 genie\u00dfen Sie Zugang zu ber\u00fchmten Sehensw\u00fcrdigkeiten wie dem Kolosseum, den Vatikanischen Museen und der Sixtinischen Kapelle sowie die M\u00f6glichkeit, eine dritte Sehensw\u00fcrdigkeit Ihrer Wahl zu besuchen.<\/p>\n<h3 style=\"\">Gesamtpreis<\/h3>\n<h3 style=\"\">Ihr Konto wird noch nicht belastet<\/h3>\n<p><span># <\/span><strong><span>2<\/span><\/strong><span># <\/span><strong><span>2<\/span><\/strong><\/p>\n<p><\/p>\n<h2><a href=\"https:\/\/www.headout.com\/hop-on-hop-off-bus-tours\/big-bus-rome-123-day-hop-on-hop-off-sightseeing-bus-free-walking-tour-e-9646\/?affiliate_code=KXkQ69&amp;utm_campaign=itidebigbushoponhopoffsp&amp;utm_content=link&amp;utm_medium=affiliate&amp;utm_source=most_amazing_places\" target=\"_blank\" rel=\"nofollow noopener\" style=\"outline: none;\" spellcheck=\"false\">Zur Buchung<\/a><\/h2>\n<h1><a href=\"https:\/\/www.headout.com\/hop-on-hop-off-bus-tours\/big-bus-rome-123-day-hop-on-hop-off-sightseeing-bus-free-walking-tour-e-9646\/?affiliate_code=KXkQ69&amp;utm_campaign=itidebigbushoponhopoffsp&amp;utm_content=link&amp;utm_medium=affiliate&amp;utm_source=most_amazing_places\" target=\"_blank\" rel=\"nofollow noopener\" style=\"outline: none;\" spellcheck=\"false\"><strong>Ab 18,70<\/strong> \u20ac<strong><\/strong><\/a><\/h1>\n<p style=\"\">Ihr Konto wird noch nicht belastet<\/p>\n","protected":false},"excerpt":{"rendered":"<p>Big Bus: Rome Hop-on Hop-off Bus Tour Zur Buchung Ab 18,70 \u20ac Erleben Sie Rom ganz nach Ihren W\u00fcnschen! Steigen Sie an bekannte Sehensw\u00fcrdigkeiten ein und aus, genie\u00dfen Sie Panoramablicke und entdecken Sie verborgene Sch\u00e4tze mit flexiblen Tickets und interaktiven Stadtf\u00fchrungen. Handverlesenes Ticket Im eigenen Tempo erkunden Audioguide&nbsp; Kostenlose Stornierung Inbegriffen Hop-on-Hop-off-Bustour (3-Stunden-, 1-Tages-, 24\/48\/72-Stunden-Optionen) [&hellip;]<\/p>\n","protected":false},"author":17,"featured_media":17283,"parent":0,"menu_order":0,"comment_status":"closed","ping_status":"closed","template":"","meta":{"footnotes":"","tve_updated_post":"","tve_custom_css":"","tve_user_custom_css":"","tve_globals":{},"tcb2_ready":1,"tcb_editor_enabled":1,"tve_landing_page":"bd86f3fc67210fed5b2794ad4a56d3a9","_tve_header":"17144","_tve_footer":"17145"},"categories":[143,128],"tags":[155,130],"class_list":["post-17282","page","type-page","status-publish","has-post-thumbnail","hentry","category-rom","category-verkaufsseite","tag-rom","tag-verkaufsseite","post-wrapper","thrv_wrapper"],"_links":{"self":[{"href":"https:\/\/italy-tourist-information.com\/de\/wp-json\/wp\/v2\/pages\/17282","targetHints":{"allow":["GET"]}}],"collection":[{"href":"https:\/\/italy-tourist-information.com\/de\/wp-json\/wp\/v2\/pages"}],"about":[{"href":"https:\/\/italy-tourist-information.com\/de\/wp-json\/wp\/v2\/types\/page"}],"author":[{"embeddable":true,"href":"https:\/\/italy-tourist-information.com\/de\/wp-json\/wp\/v2\/users\/17"}],"replies":[{"embeddable":true,"href":"https:\/\/italy-tourist-information.com\/de\/wp-json\/wp\/v2\/comments?post=17282"}],"version-history":[{"count":8,"href":"https:\/\/italy-tourist-information.com\/de\/wp-json\/wp\/v2\/pages\/17282\/revisions"}],"predecessor-version":[{"id":20308,"href":"https:\/\/italy-tourist-information.com\/de\/wp-json\/wp\/v2\/pages\/17282\/revisions\/20308"}],"wp:featuredmedia":[{"embeddable":true,"href":"https:\/\/italy-tourist-information.com\/de\/wp-json\/wp\/v2\/media\/17283"}],"wp:attachment":[{"href":"https:\/\/italy-tourist-information.com\/de\/wp-json\/wp\/v2\/media?parent=17282"}],"wp:term":[{"taxonomy":"category","embeddable":true,"href":"https:\/\/italy-tourist-information.com\/de\/wp-json\/wp\/v2\/categories?post=17282"},{"taxonomy":"post_tag","embeddable":true,"href":"https:\/\/italy-tourist-information.com\/de\/wp-json\/wp\/v2\/tags?post=17282"}],"curies":[{"name":"wp","href":"https:\/\/api.w.org\/{rel}","templated":true}]}}