{"id":17292,"date":"2024-09-19T12:28:57","date_gmt":"2024-09-19T12:28:57","guid":{"rendered":"https:\/\/italy-tourist-information.com\/boboli-gardens-skip-the-line-tickets"},"modified":"2026-04-22T14:35:36","modified_gmt":"2026-04-22T14:35:36","slug":"boboli-garten-tickets","status":"publish","type":"page","link":"https:\/\/italy-tourist-information.com\/de\/boboli-garten-tickets","title":{"rendered":"Boboli Garten Tickets: Reservierter Eintritt + Audioguide"},"content":{"rendered":"<p><span><img decoding=\"async\" alt=\"\" data-id=\"7075\" width=\"1600\" height=\"1600\" title=\"Boboli-G\u00e4rten \u2013 Ticket ohne Anstehen 4\" src=\"https:\/\/italy-tourist-information.com\/wp-content\/uploads\/2024\/09\/Boboli-Gardens-Skip-The-Line-Ticket-4-1024x1024.avif\" data-src=\"https:\/\/italy-tourist-information.com\/wp-content\/uploads\/2024\/09\/Boboli-Gardens-Skip-The-Line-Ticket-4-300x300.avif\" loading=\"lazy\" data-sizes=\"{&quot;thumbnail&quot;:{&quot;url&quot;:&quot;https:\/\/italy-tourist-information.com\/wp-content\/uploads\/2024\/09\/Boboli-Gardens-Skip-The-Line-Ticket-4-150x150.avif&quot;,&quot;height&quot;:150,&quot;width&quot;:150,&quot;orientation&quot;:&quot;landscape&quot;},&quot;medium&quot;:{&quot;url&quot;:&quot;https:\/\/italy-tourist-information.com\/wp-content\/uploads\/2024\/09\/Boboli-Gardens-Skip-The-Line-Ticket-4-300x300.avif&quot;,&quot;height&quot;:300,&quot;width&quot;:300,&quot;orientation&quot;:&quot;landscape&quot;},&quot;large&quot;:{&quot;url&quot;:&quot;https:\/\/italy-tourist-information.com\/wp-content\/uploads\/2024\/09\/Boboli-Gardens-Skip-The-Line-Ticket-4-1024x1024.avif&quot;,&quot;height&quot;:1024,&quot;width&quot;:1024,&quot;orientation&quot;:&quot;landscape&quot;},&quot;full&quot;:{&quot;url&quot;:&quot;https:\/\/italy-tourist-information.com\/wp-content\/uploads\/2024\/09\/Boboli-Gardens-Skip-The-Line-Ticket-4.avif&quot;,&quot;height&quot;:1600,&quot;width&quot;:1600,&quot;orientation&quot;:&quot;landscape&quot;},&quot;1536x1536&quot;:{&quot;url&quot;:&quot;https:\/\/italy-tourist-information.com\/wp-content\/uploads\/2024\/09\/Boboli-Gardens-Skip-The-Line-Ticket-4-1536x1536.avif&quot;,&quot;height&quot;:1536,&quot;width&quot;:1536,&quot;orientation&quot;:&quot;landscape&quot;}}\" style=\"\"><\/span><span><img decoding=\"async\" alt=\"\" data-id=\"7076\" width=\"1600\" height=\"1600\" title=\"Boboli-G\u00e4rten \u2013 Ticket ohne Anstehen 3\" src=\"https:\/\/italy-tourist-information.com\/wp-content\/uploads\/2024\/09\/Boboli-Gardens-Skip-The-Line-Ticket-3-1024x1024.avif\" data-src=\"https:\/\/italy-tourist-information.com\/wp-content\/uploads\/2024\/09\/Boboli-Gardens-Skip-The-Line-Ticket-3-300x300.avif\" loading=\"lazy\" data-sizes=\"{&quot;thumbnail&quot;:{&quot;url&quot;:&quot;https:\/\/italy-tourist-information.com\/wp-content\/uploads\/2024\/09\/Boboli-Gardens-Skip-The-Line-Ticket-3-150x150.avif&quot;,&quot;height&quot;:150,&quot;width&quot;:150,&quot;orientation&quot;:&quot;landscape&quot;},&quot;medium&quot;:{&quot;url&quot;:&quot;https:\/\/italy-tourist-information.com\/wp-content\/uploads\/2024\/09\/Boboli-Gardens-Skip-The-Line-Ticket-3-300x300.avif&quot;,&quot;height&quot;:300,&quot;width&quot;:300,&quot;orientation&quot;:&quot;landscape&quot;},&quot;large&quot;:{&quot;url&quot;:&quot;https:\/\/italy-tourist-information.com\/wp-content\/uploads\/2024\/09\/Boboli-Gardens-Skip-The-Line-Ticket-3-1024x1024.avif&quot;,&quot;height&quot;:1024,&quot;width&quot;:1024,&quot;orientation&quot;:&quot;landscape&quot;},&quot;full&quot;:{&quot;url&quot;:&quot;https:\/\/italy-tourist-information.com\/wp-content\/uploads\/2024\/09\/Boboli-Gardens-Skip-The-Line-Ticket-3.avif&quot;,&quot;height&quot;:1600,&quot;width&quot;:1600,&quot;orientation&quot;:&quot;landscape&quot;},&quot;1536x1536&quot;:{&quot;url&quot;:&quot;https:\/\/italy-tourist-information.com\/wp-content\/uploads\/2024\/09\/Boboli-Gardens-Skip-The-Line-Ticket-3-1536x1536.avif&quot;,&quot;height&quot;:1536,&quot;width&quot;:1536,&quot;orientation&quot;:&quot;landscape&quot;}}\" style=\"\"><\/span><span><img decoding=\"async\" alt=\"\" data-id=\"7077\" width=\"1600\" height=\"1600\" title=\"Boboli-G\u00e4rten \u2013 Ticket ohne Anstehen 2\" src=\"https:\/\/italy-tourist-information.com\/wp-content\/uploads\/2024\/09\/Boboli-Gardens-Skip-The-Line-Ticket-2-1024x1024.avif\" data-src=\"https:\/\/italy-tourist-information.com\/wp-content\/uploads\/2024\/09\/Boboli-Gardens-Skip-The-Line-Ticket-2-300x300.avif\" loading=\"lazy\" data-sizes=\"{&quot;thumbnail&quot;:{&quot;url&quot;:&quot;https:\/\/italy-tourist-information.com\/wp-content\/uploads\/2024\/09\/Boboli-Gardens-Skip-The-Line-Ticket-2-150x150.avif&quot;,&quot;height&quot;:150,&quot;width&quot;:150,&quot;orientation&quot;:&quot;landscape&quot;},&quot;medium&quot;:{&quot;url&quot;:&quot;https:\/\/italy-tourist-information.com\/wp-content\/uploads\/2024\/09\/Boboli-Gardens-Skip-The-Line-Ticket-2-300x300.avif&quot;,&quot;height&quot;:300,&quot;width&quot;:300,&quot;orientation&quot;:&quot;landscape&quot;},&quot;large&quot;:{&quot;url&quot;:&quot;https:\/\/italy-tourist-information.com\/wp-content\/uploads\/2024\/09\/Boboli-Gardens-Skip-The-Line-Ticket-2-1024x1024.avif&quot;,&quot;height&quot;:1024,&quot;width&quot;:1024,&quot;orientation&quot;:&quot;landscape&quot;},&quot;full&quot;:{&quot;url&quot;:&quot;https:\/\/italy-tourist-information.com\/wp-content\/uploads\/2024\/09\/Boboli-Gardens-Skip-The-Line-Ticket-2.avif&quot;,&quot;height&quot;:1600,&quot;width&quot;:1600,&quot;orientation&quot;:&quot;landscape&quot;},&quot;1536x1536&quot;:{&quot;url&quot;:&quot;https:\/\/italy-tourist-information.com\/wp-content\/uploads\/2024\/09\/Boboli-Gardens-Skip-The-Line-Ticket-2-1536x1536.avif&quot;,&quot;height&quot;:1536,&quot;width&quot;:1536,&quot;orientation&quot;:&quot;landscape&quot;}}\" style=\"\"><\/span><span><img decoding=\"async\" alt=\"\" data-id=\"7078\" width=\"1600\" height=\"1600\" title=\"Boboli-G\u00e4rten \u2013 Ticket ohne Anstehen\" src=\"https:\/\/italy-tourist-information.com\/wp-content\/uploads\/2024\/09\/Boboli-Gardens-Skip-The-Line-Ticket--1024x1024.avif\" data-src=\"https:\/\/italy-tourist-information.com\/wp-content\/uploads\/2024\/09\/Boboli-Gardens-Skip-The-Line-Ticket--300x300.avif\" loading=\"lazy\" data-sizes=\"{&quot;thumbnail&quot;:{&quot;url&quot;:&quot;https:\/\/italy-tourist-information.com\/wp-content\/uploads\/2024\/09\/Boboli-Gardens-Skip-The-Line-Ticket--150x150.avif&quot;,&quot;height&quot;:150,&quot;width&quot;:150,&quot;orientation&quot;:&quot;landscape&quot;},&quot;medium&quot;:{&quot;url&quot;:&quot;https:\/\/italy-tourist-information.com\/wp-content\/uploads\/2024\/09\/Boboli-Gardens-Skip-The-Line-Ticket--300x300.avif&quot;,&quot;height&quot;:300,&quot;width&quot;:300,&quot;orientation&quot;:&quot;landscape&quot;},&quot;large&quot;:{&quot;url&quot;:&quot;https:\/\/italy-tourist-information.com\/wp-content\/uploads\/2024\/09\/Boboli-Gardens-Skip-The-Line-Ticket--1024x1024.avif&quot;,&quot;height&quot;:1024,&quot;width&quot;:1024,&quot;orientation&quot;:&quot;landscape&quot;},&quot;full&quot;:{&quot;url&quot;:&quot;https:\/\/italy-tourist-information.com\/wp-content\/uploads\/2024\/09\/Boboli-Gardens-Skip-The-Line-Ticket-.avif&quot;,&quot;height&quot;:1600,&quot;width&quot;:1600,&quot;orientation&quot;:&quot;landscape&quot;},&quot;1536x1536&quot;:{&quot;url&quot;:&quot;https:\/\/italy-tourist-information.com\/wp-content\/uploads\/2024\/09\/Boboli-Gardens-Skip-The-Line-Ticket--1536x1536.avif&quot;,&quot;height&quot;:1536,&quot;width&quot;:1536,&quot;orientation&quot;:&quot;landscape&quot;}}\" style=\"\"><\/span><\/p>\n<h1 data-test-id=\"activity-title\" data-track=\"activity-title\" data-v-6a92356d=\"\">Boboli-G\u00e4rten: Reservierter Eintritt + Audioguide<\/h1>\n<h2><a href=\"https:\/\/www.tiqets.com\/de\/florenz-sehenswuerdigkeiten-c71854\/tickets-fur-boboli-garten-reservierter-eintritt-audioguide-p974202\/?partner=italytouristinformation&amp;tq_campaign=DeBoboliGardensSP\" target=\"_blank\" rel=\"nofollow noopener\" style=\"outline: none;\">Zur Buchung<\/a><\/h2>\n<p style=\"\"><a href=\"https:\/\/www.tiqets.com\/de\/florenz-sehenswuerdigkeiten-c71854\/tickets-fur-boboli-garten-reservierter-eintritt-audioguide-p974202\/?partner=italytouristinformation&amp;tq_campaign=DeBoboliGardensSP\" target=\"_blank\" rel=\"nofollow noopener\" style=\"outline: none;\">Preis ab<\/a><\/p>\n<h1><a href=\"https:\/\/www.tiqets.com\/de\/florenz-sehenswuerdigkeiten-c71854\/tickets-fur-boboli-garten-reservierter-eintritt-audioguide-p974202\/?partner=italytouristinformation&amp;tq_campaign=DeBoboliGardensSP\" target=\"_blank\" rel=\"nofollow noopener\" style=\"outline: none;\" spellcheck=\"false\"><strong>18,00 \u20ac<\/strong><\/a><\/h1>\n<p dir=\"ltr\">Besuchen Sie den Boboli-Garten, einen bezaubernden Park hinter dem Palazzo Pitti. Mit diesem Ticket umgehen Sie die Warteschlange und k\u00f6nnen \u00fcppige Landschaften, beeindruckende Skulpturen und Panoramablicke auf die toskanische Umgebung genie\u00dfen.<\/p>\n<ul>\n<li style=\"\"><span>Handverlesenes Ticket&nbsp;<\/span><\/li>\n<li style=\"\"><span>Sofortige Best\u00e4tigung<\/span><\/li>\n<li style=\"\"><span>\u00dcberspringen Sie die Warteschlange am Ticketschalter.&nbsp;<\/span><\/li>\n<li style=\"\"><span>R\u00fcckerstattungsf\u00e4hige Tickets erh\u00e4ltlich<\/span><\/li>\n<\/ul>\n<h2>Inbegriffen<\/h2>\n<ul>\n<li style=\"\">                    <span>Zutritt zum Boboli-Garten<\/span><\/li>\n<li style=\"\">                    <span>Eintritt in den Bardini-Garten<\/span><\/li>\n<li style=\"\">                    <span>Zugang zum Porzellanmuseum<\/span><\/li>\n<li style=\"\">                    <span>Digitaler Audio-Guide<\/span><\/li>\n<li style=\"\">                    <span>Buchungs- und Bearbeitungsgeb\u00fchren<\/span><\/li>\n<\/ul>\n<h2>Nicht inbegriffen&nbsp;<\/h2>\n<ul>\n<li style=\"\"><span>Eintritt in die Grotta del Buontalenti<\/span><\/li>\n<\/ul>\n<h2>Wichtige Informationen<\/h2>\n<ul>\n<li style=\"\"><span>Sie erhalten den n\u00e4chstm\u00f6glichen verf\u00fcgbaren Zeitslot zu Ihrer gew\u00e4hlten Zeit. Ihre tats\u00e4chliche Einlasszeit kann um bis zu 45 Minuten abweichen. Bitte \u00fcberpr\u00fcfen Sie die best\u00e4tigte Zeit auf Ihrem PDF-Ticket und zeigen Sie dieses am Eingang vor.<br \/><\/span><\/li>\n<li><span>Der Zutritt wird verweigert, wenn Ihre pers\u00f6nlichen Daten fehlerhaft sind. Zur Einreise ist ein Personalausweis oder Reisepass erforderlich.<\/span><\/li>\n<li style=\"\"><span>Erscheinen Sie 15 Minuten vor Ihrem vereinbarten Termin.<\/span><\/li>\n<li style=\"\"><span>Sie erhalten eine separate E-Mail mit einem Link zum Herunterladen Ihrer digitalen Audioguide-App. Folgen Sie den Anweisungen zur Installation auf Ihrem Ger\u00e4t. Bitte beachten Sie, dass es sich hierbei um einen vom Anbieter bereitgestellten und nicht um den offiziellen Audioguide handelt.<\/span><\/li>\n<li style=\"\"><span>Hunde sind im Garten nicht erlaubt.<\/span><\/li>\n<\/ul>\n<h2>Beschreibung:<\/h2>\n<p dir=\"ltr\">Tauchen Sie ein in die Renaissance und besuchen Sie den&nbsp;<strong>Boboli-Garten.<\/strong> Schlendern Sie durch eine <strong>sorgf\u00e4ltig gestaltete Landschaft mit<\/strong> pr\u00e4chtigen Skulpturen, antiken Brunnen und eleganter Architektur. Ihr Ticket beinhaltet au\u00dferdem den Eintritt in die idyllischen <strong>Bardini-G\u00e4rten<\/strong> und das faszinierende <strong>Porzellanmuseum \u2013<\/strong> eine gelungene Verbindung von Kunst, Geschichte und Natur.<\/p>\n<h2>Highlights:<\/h2>\n<ul>\n<li dir=\"ltr\">Schlendern Sie durch die 111 Hektar gro\u00dfen Boboli-Garten, den Inbegriff eines Renaissancegartens, der f\u00fcr Cosimo I. de&#8216; Medici und seine Frau angelegt wurde.<\/li>\n<li dir=\"ltr\">Bewundern Sie jahrhundertealte Skulpturen, darunter den \u00e4gyptischen Obelisken aus dem 13. Jahrhundert v. Chr.<\/li>\n<li dir=\"ltr\">Bewundern Sie die wundersch\u00f6nen Brunnen und Grotten, die in den G\u00e4rten verstreut sind, darunter den Neptunbrunnen und die Gro\u00dfe Grotte von Giorgio Vasari.<\/li>\n<li dir=\"ltr\">Erkunden Sie die friedlichen Bardini-Garten, ein verstecktes Juwel mit weniger Menschenmassen und atemberaubendem Blick auf Florenz.<\/li>\n<li dir=\"ltr\">Besuchen Sie das Porzellanmuseum im historischen Casino del Cavaliere, das exquisite Porzellansammlungen pr\u00e4sentiert, die einst der herrschenden Florentiner Elite geh\u00f6rten.<\/li>\n<\/ul>\n<h2>Boboli-G\u00e4rten<\/h2>\n<p>Piazza Pitti 1, 50125 Florenz, Italien<\/p>\n<h2>Stornierungsbedingungen<\/h2>\n<p><span data-sheets-root=\"1\">Tickets sind grunds\u00e4tzlich nicht erstattungsf\u00e4hig und k\u00f6nnen nicht umgebucht werden, es sei denn, Sie w\u00e4hlen beim Bezahlvorgang ein erstattungsf\u00e4higes Ticket aus.<\/span><\/p>\n<h2>Treffpunkt &amp; Anweisungen<\/h2>\n<p>Tauschen Sie Ihr Smartphone-Ticket am Ticketschalter des Palazzo Pitti gegen ein Papierticket ein. Der Zugang zu den Boboli-G\u00e4rten erfolgt \u00fcber den Haupteingang an der Piazza Pitti 1.<\/p>\n<p><a href=\"https:\/\/www.google.com\/maps\/place\/Boboli-Garten\/@43.7624972,11.2483996,17z\/data=!4m6!3m5!1s0x132a515690734e97:0x40c02f73b03d9b2!8m2!3d43.7624972!4d11.2483996!16zL20vMDI1cGNq?entry=ttu&amp;g_ep=EgoyMDI0MDkxNi4wIKXMDSoASAFQAw%3D%3D\" target=\"_blank\" rel=\"nofollow noopener\" style=\"outline: none;\">In Karten \u00f6ffnen<\/a><\/p>\n<h2>Bewertungen<\/h2>\n<p><strong>4,2\/5 &nbsp;<\/strong><strong>(1030 Bewertungen)<\/strong><\/p>\n<p dir=\"ltr\"><em>\u201eBobolis Garten? Ich habe noch nie etwas Sch\u00f6neres gesehen. Meine Frau und ich waren \u00fcberw\u00e4ltigt von der Sch\u00f6nheit, meine Frau hat vor Gl\u00fcck geweint\u2026\u201c&nbsp;<\/em> Ivo, Tschechische Republik, Juli 2024&nbsp; <a href=\"https:\/\/www.tiqets.com\/de\/florenz-sehenswuerdigkeiten-c71854\/tickets-fur-boboli-garten-reservierter-eintritt-audioguide-p974202\/?partner=italytouristinformation&amp;tq_campaign=DeBoboliGardensSP\" target=\"_blank\" rel=\"nofollow noopener\" spellcheck=\"false\" style=\"outline: none;\">&gt;&gt; Weitere Bewertungen ansehen\u2026<\/a><\/p>\n<p><span># <\/span><strong><span>2<\/span><\/strong><span># <\/span><strong><span>2<\/span><\/strong><\/p>\n<p><\/p>\n<h2><a href=\"https:\/\/www.tiqets.com\/de\/florenz-sehenswuerdigkeiten-c71854\/tickets-fur-boboli-garten-reservierter-eintritt-audioguide-p974202\/?partner=italytouristinformation&amp;tq_campaign=DeBoboliGardensSP\" target=\"_blank\" rel=\"nofollow noopener\" style=\"outline: none;\">Zur Buchung<\/a><\/h2>\n<p style=\"\"><a href=\"https:\/\/www.tiqets.com\/de\/florenz-sehenswuerdigkeiten-c71854\/tickets-fur-boboli-garten-reservierter-eintritt-audioguide-p974202\/?partner=italytouristinformation&amp;tq_campaign=DeBoboliGardensSP\" target=\"_blank\" rel=\"nofollow noopener\" style=\"outline: none;\">Preis ab<\/a><\/p>\n<h1><a href=\"https:\/\/www.tiqets.com\/de\/florenz-sehenswuerdigkeiten-c71854\/tickets-fur-boboli-garten-reservierter-eintritt-audioguide-p974202\/?partner=italytouristinformation&amp;tq_campaign=DeBoboliGardensSP\" target=\"_blank\" rel=\"nofollow noopener\" style=\"outline: none;\"><strong>18,00 \u20ac<\/strong><\/a><\/h1>\n<p style=\"\">Ihr Konto wird noch nicht belastet<\/p>\n","protected":false},"excerpt":{"rendered":"<p>Boboli-G\u00e4rten: Reservierter Eintritt + Audioguide Zur Buchung Preis ab 18,00 \u20ac Besuchen Sie den Boboli-Garten, einen bezaubernden Park hinter dem Palazzo Pitti. Mit diesem Ticket umgehen Sie die Warteschlange und k\u00f6nnen \u00fcppige Landschaften, beeindruckende Skulpturen und Panoramablicke auf die toskanische Umgebung genie\u00dfen. Handverlesenes Ticket&nbsp; Sofortige Best\u00e4tigung \u00dcberspringen Sie die Warteschlange am Ticketschalter.&nbsp; R\u00fcckerstattungsf\u00e4hige Tickets erh\u00e4ltlich [&hellip;]<\/p>\n","protected":false},"author":6,"featured_media":17293,"parent":0,"menu_order":0,"comment_status":"closed","ping_status":"closed","template":"","meta":{"footnotes":""},"categories":[138,128],"tags":[147,130],"class_list":["post-17292","page","type-page","status-publish","has-post-thumbnail","hentry","category-florenz","category-verkaufsseite","tag-florenz","tag-verkaufsseite","post-wrapper","thrv_wrapper"],"_links":{"self":[{"href":"https:\/\/italy-tourist-information.com\/de\/wp-json\/wp\/v2\/pages\/17292","targetHints":{"allow":["GET"]}}],"collection":[{"href":"https:\/\/italy-tourist-information.com\/de\/wp-json\/wp\/v2\/pages"}],"about":[{"href":"https:\/\/italy-tourist-information.com\/de\/wp-json\/wp\/v2\/types\/page"}],"author":[{"embeddable":true,"href":"https:\/\/italy-tourist-information.com\/de\/wp-json\/wp\/v2\/users\/6"}],"replies":[{"embeddable":true,"href":"https:\/\/italy-tourist-information.com\/de\/wp-json\/wp\/v2\/comments?post=17292"}],"version-history":[{"count":8,"href":"https:\/\/italy-tourist-information.com\/de\/wp-json\/wp\/v2\/pages\/17292\/revisions"}],"predecessor-version":[{"id":20082,"href":"https:\/\/italy-tourist-information.com\/de\/wp-json\/wp\/v2\/pages\/17292\/revisions\/20082"}],"wp:featuredmedia":[{"embeddable":true,"href":"https:\/\/italy-tourist-information.com\/de\/wp-json\/wp\/v2\/media\/17293"}],"wp:attachment":[{"href":"https:\/\/italy-tourist-information.com\/de\/wp-json\/wp\/v2\/media?parent=17292"}],"wp:term":[{"taxonomy":"category","embeddable":true,"href":"https:\/\/italy-tourist-information.com\/de\/wp-json\/wp\/v2\/categories?post=17292"},{"taxonomy":"post_tag","embeddable":true,"href":"https:\/\/italy-tourist-information.com\/de\/wp-json\/wp\/v2\/tags?post=17292"}],"curies":[{"name":"wp","href":"https:\/\/api.w.org\/{rel}","templated":true}]}}