{"id":17299,"date":"2024-09-17T09:09:25","date_gmt":"2024-09-17T09:09:25","guid":{"rendered":"https:\/\/italy-tourist-information.com\/castel-sant-angelo-skip-the-line-tickets"},"modified":"2026-04-15T14:25:59","modified_gmt":"2026-04-15T14:25:59","slug":"engelsburg-tickets-ohne-anstehen","status":"publish","type":"page","link":"https:\/\/italy-tourist-information.com\/de\/engelsburg-tickets-ohne-anstehen","title":{"rendered":"Engelsburg Tickets ohne Anstehen"},"content":{"rendered":"<p><span><img decoding=\"async\" alt=\"\" data-id=\"6710\" width=\"1200\" height=\"750\" title=\"Castel Sant'Angelo Skip-the-Line-Tickets\" src=\"https:\/\/italy-tourist-information.com\/wp-content\/uploads\/2024\/09\/Castel-SantAngelo-Skip-the-Line-Tickets--1024x640.avif\" data-src=\"https:\/\/italy-tourist-information.com\/wp-content\/uploads\/2024\/09\/Castel-SantAngelo-Skip-the-Line-Tickets--300x188.avif\" data-sizes=\"{&quot;thumbnail&quot;:{&quot;url&quot;:&quot;https:\/\/italy-tourist-information.com\/wp-content\/uploads\/2024\/09\/Castel-SantAngelo-Skip-the-Line-Tickets--150x150.avif&quot;,&quot;height&quot;:150,&quot;width&quot;:150,&quot;orientation&quot;:&quot;landscape&quot;},&quot;medium&quot;:{&quot;url&quot;:&quot;https:\/\/italy-tourist-information.com\/wp-content\/uploads\/2024\/09\/Castel-SantAngelo-Skip-the-Line-Tickets--300x188.avif&quot;,&quot;height&quot;:188,&quot;width&quot;:300,&quot;orientation&quot;:&quot;landscape&quot;},&quot;large&quot;:{&quot;url&quot;:&quot;https:\/\/italy-tourist-information.com\/wp-content\/uploads\/2024\/09\/Castel-SantAngelo-Skip-the-Line-Tickets--1024x640.avif&quot;,&quot;height&quot;:640,&quot;width&quot;:1024,&quot;orientation&quot;:&quot;landscape&quot;},&quot;full&quot;:{&quot;url&quot;:&quot;https:\/\/italy-tourist-information.com\/wp-content\/uploads\/2024\/09\/Castel-SantAngelo-Skip-the-Line-Tickets-.avif&quot;,&quot;height&quot;:750,&quot;width&quot;:1200,&quot;orientation&quot;:&quot;landscape&quot;}}\" loading=\"lazy\"><\/span><span><img decoding=\"async\" alt=\"\" data-id=\"6709\" width=\"1200\" height=\"750\" title=\"Castel Sant'Angelo Skip-the-Line-Tickets 2\" src=\"https:\/\/italy-tourist-information.com\/wp-content\/uploads\/2024\/09\/Castel-SantAngelo-Skip-the-Line-Tickets-2-1024x640.avif\" data-src=\"https:\/\/italy-tourist-information.com\/wp-content\/uploads\/2024\/09\/Castel-SantAngelo-Skip-the-Line-Tickets-2-300x188.avif\" data-sizes=\"{&quot;thumbnail&quot;:{&quot;url&quot;:&quot;https:\/\/italy-tourist-information.com\/wp-content\/uploads\/2024\/09\/Castel-SantAngelo-Skip-the-Line-Tickets-2-150x150.avif&quot;,&quot;height&quot;:150,&quot;width&quot;:150,&quot;orientation&quot;:&quot;landscape&quot;},&quot;medium&quot;:{&quot;url&quot;:&quot;https:\/\/italy-tourist-information.com\/wp-content\/uploads\/2024\/09\/Castel-SantAngelo-Skip-the-Line-Tickets-2-300x188.avif&quot;,&quot;height&quot;:188,&quot;width&quot;:300,&quot;orientation&quot;:&quot;landscape&quot;},&quot;large&quot;:{&quot;url&quot;:&quot;https:\/\/italy-tourist-information.com\/wp-content\/uploads\/2024\/09\/Castel-SantAngelo-Skip-the-Line-Tickets-2-1024x640.avif&quot;,&quot;height&quot;:640,&quot;width&quot;:1024,&quot;orientation&quot;:&quot;landscape&quot;},&quot;full&quot;:{&quot;url&quot;:&quot;https:\/\/italy-tourist-information.com\/wp-content\/uploads\/2024\/09\/Castel-SantAngelo-Skip-the-Line-Tickets-2.avif&quot;,&quot;height&quot;:750,&quot;width&quot;:1200,&quot;orientation&quot;:&quot;landscape&quot;}}\" loading=\"lazy\"><\/span><span><img decoding=\"async\" alt=\"\" data-id=\"6708\" width=\"1200\" height=\"750\" title=\"Castel Sant'Angelo Skip-the-Line Tickets 3\" src=\"https:\/\/italy-tourist-information.com\/wp-content\/uploads\/2024\/09\/Castel-SantAngelo-Skip-the-Line-Tickets-3-1024x640.avif\" data-src=\"https:\/\/italy-tourist-information.com\/wp-content\/uploads\/2024\/09\/Castel-SantAngelo-Skip-the-Line-Tickets-3-300x188.avif\" data-sizes=\"{&quot;thumbnail&quot;:{&quot;url&quot;:&quot;https:\/\/italy-tourist-information.com\/wp-content\/uploads\/2024\/09\/Castel-SantAngelo-Skip-the-Line-Tickets-3-150x150.avif&quot;,&quot;height&quot;:150,&quot;width&quot;:150,&quot;orientation&quot;:&quot;landscape&quot;},&quot;medium&quot;:{&quot;url&quot;:&quot;https:\/\/italy-tourist-information.com\/wp-content\/uploads\/2024\/09\/Castel-SantAngelo-Skip-the-Line-Tickets-3-300x188.avif&quot;,&quot;height&quot;:188,&quot;width&quot;:300,&quot;orientation&quot;:&quot;landscape&quot;},&quot;large&quot;:{&quot;url&quot;:&quot;https:\/\/italy-tourist-information.com\/wp-content\/uploads\/2024\/09\/Castel-SantAngelo-Skip-the-Line-Tickets-3-1024x640.avif&quot;,&quot;height&quot;:640,&quot;width&quot;:1024,&quot;orientation&quot;:&quot;landscape&quot;},&quot;full&quot;:{&quot;url&quot;:&quot;https:\/\/italy-tourist-information.com\/wp-content\/uploads\/2024\/09\/Castel-SantAngelo-Skip-the-Line-Tickets-3.avif&quot;,&quot;height&quot;:750,&quot;width&quot;:1200,&quot;orientation&quot;:&quot;landscape&quot;}}\" loading=\"lazy\"><\/span><span><img decoding=\"async\" alt=\"\" data-id=\"6707\" width=\"1200\" height=\"750\" title=\"Castel Sant'Angelo Skip-the-Line-Tickets 4\" src=\"https:\/\/italy-tourist-information.com\/wp-content\/uploads\/2024\/09\/Castel-SantAngelo-Skip-the-Line-Tickets-4-1024x640.avif\" data-src=\"https:\/\/italy-tourist-information.com\/wp-content\/uploads\/2024\/09\/Castel-SantAngelo-Skip-the-Line-Tickets-4-300x188.avif\" data-sizes=\"{&quot;thumbnail&quot;:{&quot;url&quot;:&quot;https:\/\/italy-tourist-information.com\/wp-content\/uploads\/2024\/09\/Castel-SantAngelo-Skip-the-Line-Tickets-4-150x150.avif&quot;,&quot;height&quot;:150,&quot;width&quot;:150,&quot;orientation&quot;:&quot;landscape&quot;},&quot;medium&quot;:{&quot;url&quot;:&quot;https:\/\/italy-tourist-information.com\/wp-content\/uploads\/2024\/09\/Castel-SantAngelo-Skip-the-Line-Tickets-4-300x188.avif&quot;,&quot;height&quot;:188,&quot;width&quot;:300,&quot;orientation&quot;:&quot;landscape&quot;},&quot;large&quot;:{&quot;url&quot;:&quot;https:\/\/italy-tourist-information.com\/wp-content\/uploads\/2024\/09\/Castel-SantAngelo-Skip-the-Line-Tickets-4-1024x640.avif&quot;,&quot;height&quot;:640,&quot;width&quot;:1024,&quot;orientation&quot;:&quot;landscape&quot;},&quot;full&quot;:{&quot;url&quot;:&quot;https:\/\/italy-tourist-information.com\/wp-content\/uploads\/2024\/09\/Castel-SantAngelo-Skip-the-Line-Tickets-4.avif&quot;,&quot;height&quot;:750,&quot;width&quot;:1200,&quot;orientation&quot;:&quot;landscape&quot;}}\" loading=\"lazy\"><\/span><\/p>\n<h1 data-qa-marker=\"product-name\">Rom: Ticket f\u00fcr die Engelsburg &amp; Audio-App<\/h1>\n<h2><a href=\"https:\/\/www.getyourguide.com\/rome-l33\/rome-castel-sant-angelo-priority-entry-ticket-audio-app-t882079\/?partner_id=NO9XIDE&amp;utm_medium=online_publisher&amp;cmp=ITIDeCastelSantAngeloSP\" target=\"_blank\" rel=\"nofollow noopener\">Zur Buchung<\/a><\/h2>\n<p style=\"\"><a href=\"https:\/\/www.getyourguide.com\/rome-l33\/rome-castel-sant-angelo-priority-entry-ticket-audio-app-t882079\/?partner_id=NO9XIDE&amp;utm_medium=online_publisher&amp;cmp=ITIDeCastelSantAngeloSP\" target=\"_blank\" rel=\"nofollow noopener\" style=\"outline: none;\">Preis ab<\/a><\/p>\n<h1><a href=\"https:\/\/www.getyourguide.com\/rome-l33\/rome-castel-sant-angelo-priority-entry-ticket-audio-app-t882079\/?partner_id=NO9XIDE&amp;utm_medium=online_publisher&amp;cmp=ITIDeCastelSantAngeloSP\" target=\"_blank\" rel=\"nofollow noopener\" style=\"outline: none;\" spellcheck=\"false\"><strong>20,00 \u20ac<\/strong><\/a><\/h1>\n<p dir=\"ltr\">Sehen Sie die Sch\u00e4tze der Engelsburg Castel Sant&#8217;Angelo mit diesen Eintrittskarten, die Warteschlangen umgehen und direkt in Jahrhunderte der r\u00f6mischen Geschichte eintauchen. Erkunden Sie f\u00fcnf Etagen mit erhaltener Kunst, antiken Waffen und atemberaubender Architektur, w\u00e4hrend Sie von der Terrasse aus einen Panoramablick auf Rom genie\u00dfen.<\/p>\n<ul>\n<li style=\"\"><span>Handverlesenes Ticket<\/span><\/li>\n<li style=\"\"><span>Mobiles Ticket<\/span><\/li>\n<li style=\"\"><span>1 Tag g\u00fcltig<\/span><\/li>\n<li style=\"\"><span>Ticketbest\u00e4tigung innerhalb von 48 Stunden<\/span><\/li>\n<\/ul>\n<h2>Inbegriffen<\/h2>\n<ul>\n<li style=\"\">                    <span>Eintritt in die Engelsburg (Castel Sant&#8217;Angelo)<\/span><\/li>\n<li style=\"\">                    <span>Digitaler Audioguide auf Ihrem Smartphone<\/span><\/li>\n<\/ul>\n<h2>Nicht inbegriffen<\/h2>\n<ul>\n<li style=\"\"><span>Live-F\u00fchrer<\/span><\/li>\n<\/ul>\n<h2>Wichtige Informationen<\/h2>\n<ul>\n<li style=\"\"><span>W\u00e4hlen Sie Ihr bevorzugtes Zeitfenster (je nach Verf\u00fcgbarkeit).<\/span><\/li>\n<li><span>Nach der Buchung erhalten Sie eine offizielle Eintrittskarte f\u00fcr das Castel Sant&#8217;Angelo.<\/span><\/li>\n<li style=\"\"><span>Tragen Sie bequeme Schuhe; einige Bereiche k\u00f6nnen rutschig sein.<\/span><\/li>\n<li style=\"\"><span>Bringen Sie Ihren g\u00fcltigen Ausweis zur \u00dcberpr\u00fcfung mit. Wenn Ihre pers\u00f6nlichen Daten falsch sind, wird Ihnen der Zutritt verweigert.<\/span><\/li>\n<li style=\"\"><span>Gep\u00e4ck und gro\u00dfe Taschen sind im Inneren nicht erlaubt.<\/span><\/li>\n<li style=\"\"><span>Nicht alle Teile der Festung sind rollstuhl- oder kinderwagengerecht. Verwenden Sie eine Trage, wenn Sie mit einem Baby zu Besuch sind.<\/span><\/li>\n<\/ul>\n<h2>Beschreibung:<\/h2>\n<p dir=\"ltr\">Betreten Sie die<strong>&nbsp;Engelsburg,&nbsp;<\/strong>ein Denkmal aus dem Jahr 185 n. Chr.. Schlendern Sie durch <strong>f\u00fcnf aufwendig <\/strong><strong>gestaltete<\/strong><strong> <\/strong><strong>Stockwerke<\/strong>, in denen antike r\u00f6mische Kunst, Waffen und sogar p\u00e4pstliche Viertel zu sehen sind. Nutzen Sie Ihren digitalen Audioguide f\u00fcr ein bereichertes Erlebnis oder genie\u00dfen Sie einfach die atemberaubende Architektur in Ihrem eigenen Tempo.<\/p>\n<h2>H\u00f6hepunkte:<\/h2>\n<ul>\n<li dir=\"ltr\">Besuchen Sie dieses ikonische r\u00f6mische Wahrzeichen und h\u00f6ren Sie sich Ihren digitalen Audioguide an.<\/li>\n<li dir=\"ltr\">Spazieren Sie durch wundersch\u00f6n erhaltene R\u00e4ume, die einst als p\u00e4pstliche Viertel dienten.<\/li>\n<li dir=\"ltr\">Entdecken Sie antike Waffen und Artefakte, die Jahrhunderte r\u00f6mischer Geschichte umfassen.<\/li>\n<li dir=\"ltr\">Erklimmen Sie die Terrasse f\u00fcr einen atemberaubenden Panoramablick auf Rom.<\/li>\n<\/ul>\n<h2>Engelsburg (Castel Sant&#8217;Angelo)<\/h2>\n<p>Lungotevere Castello, 50, 00193 Rom RM, Italien<\/p>\n<h2>Stornierungsrichtlinien<\/h2>\n<p>Diese Tickets f\u00fcr die Engelsburg k\u00f6nnen nicht storniert oder verschoben werden, es sei denn, Sie w\u00e4hlen w\u00e4hrend des Bezahlvorgangs ein erstattungsf\u00e4higes Ticket.<\/p>\n<h2>Treffpunkt &amp; Hinweise<\/h2>\n<p data-pm-slice=\"1 1 []\">Legen Sie Ihr Smartphone-Ticket 15 Minuten vor Ihrem Zeitfenster an der Kasse vor. Bringen Sie Ihren g\u00fcltigen Ausweis zur \u00dcberpr\u00fcfung mit.<\/p>\n<p><a href=\"https:\/\/www.google.com\/maps\/place\/Engelsburg\/@41.9030632,12.4637011,17z\/data=!3m1!5s0x132f605c87448521:0xbf5790e798df062f!4m6!3m5!1s0x13258a8711e7a4d1:0x366c111ce77d4189!8m2!3d41.9030632!4d12.466276!16zL20vMDFyanFi?entry=ttu&amp;g_ep=EgoyMDI0MDkxNS4wIKXMDSoASAFQAw%3D%3D\" style=\"outline: none;\" data-lt-tmp-id=\"lt-709961\" spellcheck=\"false\" target=\"_blank\" rel=\"nofollow noopener\">In Karten \u00f6ffnen<\/a><\/p>\n<h2>Bewertungen<\/h2>\n<p><strong>4,3\/ 5 <\/strong><strong>(5,253 Bewertungen)<\/strong><\/p>\n<p dir=\"ltr\">&#8222;Das Castel ist ein Muss in Rom &#8211; in diesem einen Geb\u00e4ude k\u00f6nnen Sie alle Schichten der Geschichte sehen, die diese Stadt gepr\u00e4gt haben. Der Ticketing-Prozess war einfach und funktionierte sehr gut. Es ist so wichtig, direkt ins Castel gehen zu k\u00f6nnen und nicht drau\u00dfen in der Hitze warten zu m\u00fcssen. Es gibt eine ganze Menge an Treppen und Spazierg\u00e4ngen innerhalb des Gel\u00e4ndes selbst und man m\u00f6chte nicht ersch\u00f6pft sein, weil man 20 Minuten in der Sonne gewartet hat&#8220;. Cheryl, September 2024<a href=\"https:\/\/www.getyourguide.com\/rome-l33\/rome-castel-sant-angelo-priority-entry-ticket-audio-app-t882079\/?partner_id=NO9XIDE&amp;utm_medium=online_publisher&amp;cmp=ITIDeCastelSantAngeloSP\" target=\"_blank\" rel=\"nofollow noopener\" spellcheck=\"false\" style=\"outline: none;\">&gt;&gt; Weitere Bewertungen anzeigen&#8230;<\/a><\/p>\n<p><span>#2<\/span><span>#2<\/span><\/p>\n<p><\/p>\n<h2><a href=\"https:\/\/www.getyourguide.com\/rome-l33\/rome-castel-sant-angelo-priority-entry-ticket-audio-app-t882079\/?partner_id=NO9XIDE&amp;utm_medium=online_publisher&amp;cmp=ITIDeCastelSantAngeloSP\" target=\"_blank\" rel=\"nofollow noopener\" style=\"outline: none;\">Zur Buchung<\/a><\/h2>\n<p style=\"\"><a href=\"https:\/\/www.getyourguide.com\/rome-l33\/rome-castel-sant-angelo-priority-entry-ticket-audio-app-t882079\/?partner_id=NO9XIDE&amp;utm_medium=online_publisher&amp;cmp=ITIDeCastelSantAngeloSP\" target=\"_blank\" rel=\"nofollow noopener\" style=\"outline: none;\">Preis ab<\/a><\/p>\n<h1><a href=\"https:\/\/www.getyourguide.com\/rome-l33\/rome-castel-sant-angelo-priority-entry-ticket-audio-app-t882079\/?partner_id=NO9XIDE&amp;utm_medium=online_publisher&amp;cmp=ITIDeCastelSantAngeloSP\" target=\"_blank\" rel=\"nofollow noopener\" style=\"outline: none;\"><strong>20,00 \u20ac<\/strong><\/a><\/h1>\n<p style=\"\">Ihr Konto wird noch nicht belastet.<\/p>\n","protected":false},"excerpt":{"rendered":"<p>Rom: Ticket f\u00fcr die Engelsburg &amp; Audio-App Zur Buchung Preis ab 20,00 \u20ac Sehen Sie die Sch\u00e4tze der Engelsburg Castel Sant&#8217;Angelo mit diesen Eintrittskarten, die Warteschlangen umgehen und direkt in Jahrhunderte der r\u00f6mischen Geschichte eintauchen. Erkunden Sie f\u00fcnf Etagen mit erhaltener Kunst, antiken Waffen und atemberaubender Architektur, w\u00e4hrend Sie von der Terrasse aus einen Panoramablick [&hellip;]<\/p>\n","protected":false},"author":6,"featured_media":17300,"parent":0,"menu_order":0,"comment_status":"closed","ping_status":"closed","template":"","meta":{"footnotes":""},"categories":[143,128],"tags":[155,130],"class_list":["post-17299","page","type-page","status-publish","has-post-thumbnail","hentry","category-rom","category-verkaufsseite","tag-rom","tag-verkaufsseite","post-wrapper","thrv_wrapper"],"_links":{"self":[{"href":"https:\/\/italy-tourist-information.com\/de\/wp-json\/wp\/v2\/pages\/17299","targetHints":{"allow":["GET"]}}],"collection":[{"href":"https:\/\/italy-tourist-information.com\/de\/wp-json\/wp\/v2\/pages"}],"about":[{"href":"https:\/\/italy-tourist-information.com\/de\/wp-json\/wp\/v2\/types\/page"}],"author":[{"embeddable":true,"href":"https:\/\/italy-tourist-information.com\/de\/wp-json\/wp\/v2\/users\/6"}],"replies":[{"embeddable":true,"href":"https:\/\/italy-tourist-information.com\/de\/wp-json\/wp\/v2\/comments?post=17299"}],"version-history":[{"count":8,"href":"https:\/\/italy-tourist-information.com\/de\/wp-json\/wp\/v2\/pages\/17299\/revisions"}],"predecessor-version":[{"id":19428,"href":"https:\/\/italy-tourist-information.com\/de\/wp-json\/wp\/v2\/pages\/17299\/revisions\/19428"}],"wp:featuredmedia":[{"embeddable":true,"href":"https:\/\/italy-tourist-information.com\/de\/wp-json\/wp\/v2\/media\/17300"}],"wp:attachment":[{"href":"https:\/\/italy-tourist-information.com\/de\/wp-json\/wp\/v2\/media?parent=17299"}],"wp:term":[{"taxonomy":"category","embeddable":true,"href":"https:\/\/italy-tourist-information.com\/de\/wp-json\/wp\/v2\/categories?post=17299"},{"taxonomy":"post_tag","embeddable":true,"href":"https:\/\/italy-tourist-information.com\/de\/wp-json\/wp\/v2\/tags?post=17299"}],"curies":[{"name":"wp","href":"https:\/\/api.w.org\/{rel}","templated":true}]}}