{"id":17306,"date":"2025-05-15T09:35:27","date_gmt":"2025-05-15T09:35:27","guid":{"rendered":"https:\/\/italy-tourist-information.com\/rome-hop-on-hop-off-bus-tour"},"modified":"2026-05-05T14:30:30","modified_gmt":"2026-05-05T14:30:30","slug":"rom-hop-on-hop-off-stadtrundfahrt","status":"publish","type":"page","link":"https:\/\/italy-tourist-information.com\/de\/rom-hop-on-hop-off-stadtrundfahrt","title":{"rendered":"City Sightseeing Rom Hop-on-Hop-off Stadtrundfahrt im offenen Bus"},"content":{"rendered":"<p><span><img decoding=\"async\" alt=\"\" data-id=\"10921\" width=\"2334\" height=\"1556\" title=\"Stadtrundfahrt \u2013 Rom Hop-on Hop-off Open Bus Tour ota5\" src=\"https:\/\/italy-tourist-information.com\/wp-content\/uploads\/2025\/05\/City-Sightseeing-Rome-Hop-on-Hop-off-Open-Bus-Tour-ota5-1024x683.avif\" data-src=\"https:\/\/italy-tourist-information.com\/wp-content\/uploads\/2025\/05\/City-Sightseeing-Rome-Hop-on-Hop-off-Open-Bus-Tour-ota5-300x200.avif\" loading=\"lazy\" data-sizes=\"{&quot;thumbnail&quot;:{&quot;url&quot;:&quot;https:\/\/italy-tourist-information.com\/wp-content\/uploads\/2025\/05\/City-Sightseeing-Rome-Hop-on-Hop-off-Open-Bus-Tour-ota5-150x150.avif&quot;,&quot;height&quot;:150,&quot;width&quot;:150,&quot;orientation&quot;:&quot;landscape&quot;},&quot;medium&quot;:{&quot;url&quot;:&quot;https:\/\/italy-tourist-information.com\/wp-content\/uploads\/2025\/05\/City-Sightseeing-Rome-Hop-on-Hop-off-Open-Bus-Tour-ota5-300x200.avif&quot;,&quot;height&quot;:200,&quot;width&quot;:300,&quot;orientation&quot;:&quot;landscape&quot;},&quot;large&quot;:{&quot;url&quot;:&quot;https:\/\/italy-tourist-information.com\/wp-content\/uploads\/2025\/05\/City-Sightseeing-Rome-Hop-on-Hop-off-Open-Bus-Tour-ota5-1024x683.avif&quot;,&quot;height&quot;:683,&quot;width&quot;:1024,&quot;orientation&quot;:&quot;landscape&quot;},&quot;full&quot;:{&quot;url&quot;:&quot;https:\/\/italy-tourist-information.com\/wp-content\/uploads\/2025\/05\/City-Sightseeing-Rome-Hop-on-Hop-off-Open-Bus-Tour-ota5.avif&quot;,&quot;height&quot;:1556,&quot;width&quot;:2334,&quot;orientation&quot;:&quot;landscape&quot;},&quot;1536x1536&quot;:{&quot;url&quot;:&quot;https:\/\/italy-tourist-information.com\/wp-content\/uploads\/2025\/05\/City-Sightseeing-Rome-Hop-on-Hop-off-Open-Bus-Tour-ota5-1536x1024.avif&quot;,&quot;height&quot;:1024,&quot;width&quot;:1536,&quot;orientation&quot;:&quot;landscape&quot;},&quot;2048x2048&quot;:{&quot;url&quot;:&quot;https:\/\/italy-tourist-information.com\/wp-content\/uploads\/2025\/05\/City-Sightseeing-Rome-Hop-on-Hop-off-Open-Bus-Tour-ota5-2048x1365.avif&quot;,&quot;height&quot;:1365,&quot;width&quot;:2048,&quot;orientation&quot;:&quot;landscape&quot;}}\"><\/span><span><img decoding=\"async\" alt=\"\" data-id=\"10923\" width=\"2334\" height=\"1556\" title=\"Stadtrundfahrt \u2013 Rom Hop-on Hop-off Open Bus Tour ota3\" src=\"https:\/\/italy-tourist-information.com\/wp-content\/uploads\/2025\/05\/City-Sightseeing-Rome-Hop-on-Hop-off-Open-Bus-Tour-ota3-1024x683.avif\" data-src=\"https:\/\/italy-tourist-information.com\/wp-content\/uploads\/2025\/05\/City-Sightseeing-Rome-Hop-on-Hop-off-Open-Bus-Tour-ota3-300x200.avif\" loading=\"lazy\" data-sizes=\"{&quot;thumbnail&quot;:{&quot;url&quot;:&quot;https:\/\/italy-tourist-information.com\/wp-content\/uploads\/2025\/05\/City-Sightseeing-Rome-Hop-on-Hop-off-Open-Bus-Tour-ota3-150x150.avif&quot;,&quot;height&quot;:150,&quot;width&quot;:150,&quot;orientation&quot;:&quot;landscape&quot;},&quot;medium&quot;:{&quot;url&quot;:&quot;https:\/\/italy-tourist-information.com\/wp-content\/uploads\/2025\/05\/City-Sightseeing-Rome-Hop-on-Hop-off-Open-Bus-Tour-ota3-300x200.avif&quot;,&quot;height&quot;:200,&quot;width&quot;:300,&quot;orientation&quot;:&quot;landscape&quot;},&quot;large&quot;:{&quot;url&quot;:&quot;https:\/\/italy-tourist-information.com\/wp-content\/uploads\/2025\/05\/City-Sightseeing-Rome-Hop-on-Hop-off-Open-Bus-Tour-ota3-1024x683.avif&quot;,&quot;height&quot;:683,&quot;width&quot;:1024,&quot;orientation&quot;:&quot;landscape&quot;},&quot;full&quot;:{&quot;url&quot;:&quot;https:\/\/italy-tourist-information.com\/wp-content\/uploads\/2025\/05\/City-Sightseeing-Rome-Hop-on-Hop-off-Open-Bus-Tour-ota3.avif&quot;,&quot;height&quot;:1556,&quot;width&quot;:2334,&quot;orientation&quot;:&quot;landscape&quot;},&quot;1536x1536&quot;:{&quot;url&quot;:&quot;https:\/\/italy-tourist-information.com\/wp-content\/uploads\/2025\/05\/City-Sightseeing-Rome-Hop-on-Hop-off-Open-Bus-Tour-ota3-1536x1024.avif&quot;,&quot;height&quot;:1024,&quot;width&quot;:1536,&quot;orientation&quot;:&quot;landscape&quot;},&quot;2048x2048&quot;:{&quot;url&quot;:&quot;https:\/\/italy-tourist-information.com\/wp-content\/uploads\/2025\/05\/City-Sightseeing-Rome-Hop-on-Hop-off-Open-Bus-Tour-ota3-2048x1365.avif&quot;,&quot;height&quot;:1365,&quot;width&quot;:2048,&quot;orientation&quot;:&quot;landscape&quot;}}\"><\/span><span><img decoding=\"async\" alt=\"\" data-id=\"10922\" width=\"2334\" height=\"1556\" title=\"Stadtrundfahrt \u2013 Rom Hop-on Hop-off Open Bus Tour ota4\" src=\"https:\/\/italy-tourist-information.com\/wp-content\/uploads\/2025\/05\/City-Sightseeing-Rome-Hop-on-Hop-off-Open-Bus-Tour-ota4-1024x683.avif\" data-src=\"https:\/\/italy-tourist-information.com\/wp-content\/uploads\/2025\/05\/City-Sightseeing-Rome-Hop-on-Hop-off-Open-Bus-Tour-ota4-300x200.avif\" loading=\"lazy\" data-sizes=\"{&quot;thumbnail&quot;:{&quot;url&quot;:&quot;https:\/\/italy-tourist-information.com\/wp-content\/uploads\/2025\/05\/City-Sightseeing-Rome-Hop-on-Hop-off-Open-Bus-Tour-ota4-150x150.avif&quot;,&quot;height&quot;:150,&quot;width&quot;:150,&quot;orientation&quot;:&quot;landscape&quot;},&quot;medium&quot;:{&quot;url&quot;:&quot;https:\/\/italy-tourist-information.com\/wp-content\/uploads\/2025\/05\/City-Sightseeing-Rome-Hop-on-Hop-off-Open-Bus-Tour-ota4-300x200.avif&quot;,&quot;height&quot;:200,&quot;width&quot;:300,&quot;orientation&quot;:&quot;landscape&quot;},&quot;large&quot;:{&quot;url&quot;:&quot;https:\/\/italy-tourist-information.com\/wp-content\/uploads\/2025\/05\/City-Sightseeing-Rome-Hop-on-Hop-off-Open-Bus-Tour-ota4-1024x683.avif&quot;,&quot;height&quot;:683,&quot;width&quot;:1024,&quot;orientation&quot;:&quot;landscape&quot;},&quot;full&quot;:{&quot;url&quot;:&quot;https:\/\/italy-tourist-information.com\/wp-content\/uploads\/2025\/05\/City-Sightseeing-Rome-Hop-on-Hop-off-Open-Bus-Tour-ota4.avif&quot;,&quot;height&quot;:1556,&quot;width&quot;:2334,&quot;orientation&quot;:&quot;landscape&quot;},&quot;1536x1536&quot;:{&quot;url&quot;:&quot;https:\/\/italy-tourist-information.com\/wp-content\/uploads\/2025\/05\/City-Sightseeing-Rome-Hop-on-Hop-off-Open-Bus-Tour-ota4-1536x1024.avif&quot;,&quot;height&quot;:1024,&quot;width&quot;:1536,&quot;orientation&quot;:&quot;landscape&quot;},&quot;2048x2048&quot;:{&quot;url&quot;:&quot;https:\/\/italy-tourist-information.com\/wp-content\/uploads\/2025\/05\/City-Sightseeing-Rome-Hop-on-Hop-off-Open-Bus-Tour-ota4-2048x1365.avif&quot;,&quot;height&quot;:1365,&quot;width&quot;:2048,&quot;orientation&quot;:&quot;landscape&quot;}}\"><\/span><span><img decoding=\"async\" alt=\"\" data-id=\"10925\" width=\"2334\" height=\"1556\" title=\"Stadtrundfahrt \u2013 Rom Hop-on Hop-off-Tour mit offenen Bussen\" src=\"https:\/\/italy-tourist-information.com\/wp-content\/uploads\/2025\/05\/City-Sightseeing-Rome-Hop-on-Hop-off-Open-Bus-Tour-ota-1024x683.avif\" data-src=\"https:\/\/italy-tourist-information.com\/wp-content\/uploads\/2025\/05\/City-Sightseeing-Rome-Hop-on-Hop-off-Open-Bus-Tour-ota-300x200.avif\" loading=\"lazy\" data-sizes=\"{&quot;thumbnail&quot;:{&quot;url&quot;:&quot;https:\/\/italy-tourist-information.com\/wp-content\/uploads\/2025\/05\/City-Sightseeing-Rome-Hop-on-Hop-off-Open-Bus-Tour-ota-150x150.avif&quot;,&quot;height&quot;:150,&quot;width&quot;:150,&quot;orientation&quot;:&quot;landscape&quot;},&quot;medium&quot;:{&quot;url&quot;:&quot;https:\/\/italy-tourist-information.com\/wp-content\/uploads\/2025\/05\/City-Sightseeing-Rome-Hop-on-Hop-off-Open-Bus-Tour-ota-300x200.avif&quot;,&quot;height&quot;:200,&quot;width&quot;:300,&quot;orientation&quot;:&quot;landscape&quot;},&quot;large&quot;:{&quot;url&quot;:&quot;https:\/\/italy-tourist-information.com\/wp-content\/uploads\/2025\/05\/City-Sightseeing-Rome-Hop-on-Hop-off-Open-Bus-Tour-ota-1024x683.avif&quot;,&quot;height&quot;:683,&quot;width&quot;:1024,&quot;orientation&quot;:&quot;landscape&quot;},&quot;full&quot;:{&quot;url&quot;:&quot;https:\/\/italy-tourist-information.com\/wp-content\/uploads\/2025\/05\/City-Sightseeing-Rome-Hop-on-Hop-off-Open-Bus-Tour-ota.avif&quot;,&quot;height&quot;:1556,&quot;width&quot;:2334,&quot;orientation&quot;:&quot;landscape&quot;},&quot;1536x1536&quot;:{&quot;url&quot;:&quot;https:\/\/italy-tourist-information.com\/wp-content\/uploads\/2025\/05\/City-Sightseeing-Rome-Hop-on-Hop-off-Open-Bus-Tour-ota-1536x1024.avif&quot;,&quot;height&quot;:1024,&quot;width&quot;:1536,&quot;orientation&quot;:&quot;landscape&quot;},&quot;2048x2048&quot;:{&quot;url&quot;:&quot;https:\/\/italy-tourist-information.com\/wp-content\/uploads\/2025\/05\/City-Sightseeing-Rome-Hop-on-Hop-off-Open-Bus-Tour-ota-2048x1365.avif&quot;,&quot;height&quot;:1365,&quot;width&quot;:2048,&quot;orientation&quot;:&quot;landscape&quot;}}\"><\/span><\/p>\n<h1>City Sightseeing Rom: Hop-on-Hop-off Stadtrundfahrt im offenen Bus<\/h1>\n<h2><a href=\"https:\/\/www.tiqets.com\/de\/rom-sehenswuerdigkeiten-c71631\/tickets-fur-city-sightseeing-rom-hop-on-hop-off-stadtrundfahrt-im-offenen-bus-p975058\/?partner=italytouristinformation&amp;tq_campaign=ITIDeHoponHopoffBustourSP\" target=\"_blank\" rel=\"nofollow noopener\" style=\"outline: none;\">Zur Buchung<\/a><\/h2>\n<h1><a href=\"https:\/\/www.tiqets.com\/de\/rom-sehenswuerdigkeiten-c71631\/tickets-fur-city-sightseeing-rom-hop-on-hop-off-stadtrundfahrt-im-offenen-bus-p975058\/?partner=italytouristinformation&amp;tq_campaign=ITIDeHoponHopoffBustourSP\" target=\"_blank\" rel=\"nofollow noopener\" style=\"outline: none;\" spellcheck=\"false\"><strong>Ab 18,00<\/strong> \u20ac<strong><\/strong><\/a><\/h1>\n<p dir=\"ltr\">Entdecken Sie Rom in Ihrem eigenen Tempo mit einer flexiblen Hop-on-Hop-off-Bustour. <strong>Genie\u00dfen Sie unbegrenzte Fahrten, Audiokommentare und kostenloses WLAN,<\/strong> w\u00e4hrend Sie an ber\u00fchmten Sehensw\u00fcrdigkeiten wie dem Vatikan und dem Kolosseum vorbeifahren.<\/p>\n<ul>\n<li style=\"\"><span>Handverlesenes Ticket<\/span><\/li>\n<li style=\"\"><!--! Font Awesome Free 6.7.1 by @fontawesome - https:\/\/fontawesome.com License - https:\/\/fontawesome.com\/license\/free (Icons: CC BY 4.0, Fonts: SIL OFL 1.1, Code: MIT License) Copyright 2024 Fonticons, Inc. --><span>Dauer: 1 Stunde 40 Minuten.<\/span><\/li>\n<li style=\"\"><span>Audioguide&nbsp;<\/span><\/li>\n<li style=\"\"><span>Kostenlose Stornierung<\/span><\/li>\n<\/ul>\n<h2>Inbegriffen<\/h2>\n<ul>\n<li style=\"\">                    <span>Hop-on-Hop-off-Busticket (g\u00fcltig f\u00fcr 24, 48 oder 72 Stunden)<\/span><\/li>\n<li style=\"\">                    <span>Mehrsprachiger Audioguide<\/span><\/li>\n<li style=\"\">                    <span>Papierroutenplan<\/span><\/li>\n<li style=\"\">                    <span>Kostenloses WLAN an Bord<\/span><\/li>\n<li style=\"\">                    <span>\u201eSightseeing Experience\u201c-Mobil-App mit Stadtrundgang und Live-Busverfolgung (verf\u00fcgbar in Englisch, Italienisch, Franz\u00f6sisch, Spanisch, Deutsch)<\/span><\/li>\n<li style=\"\">                    <span>Zugang zur Jubilee Line<\/span><\/li>\n<\/ul>\n<h2>Nicht inbegriffen<\/h2>\n<ul>\n<li style=\"\"><span>Eintrittskarten f\u00fcr Sehensw\u00fcrdigkeiten<\/span><\/li>\n<\/ul>\n<h2>Wichtige Informationen<\/h2>\n<ul>\n<li style=\"\"><span>Nach der Aktivierung ist das Ticket f\u00fcr die gesamte Dauer des Kaufs \u2013 24, 48 oder 72 Stunden \u2013 nutzbar.<\/span><\/li>\n<li><span>Die Busse verkehren zwischen 9:00 und 18:00 Uhr alle 20 Minuten.<\/span><\/li>\n<li style=\"\"><span>Dieses Ticket berechtigt zum Zugang sowohl zur Stadtrundfahrt Rom als auch zum Open-Air-Bus Vatikan &amp; Rom.<\/span><\/li>\n<li style=\"\"><span>Das Mitf\u00fchren von gro\u00dfem Gep\u00e4ck an Bord ist nicht gestattet.<\/span><\/li>\n<li style=\"\"><span>Rollstuhlgerecht<\/span><\/li>\n<li style=\"\"><span>Zeigen Sie beim Einsteigen Ihr Smartphone-Ticket vor.<br \/><\/span><\/li>\n<li><span>Ab dem 14. Januar werden m\u00f6glicherweise einige zentrale Haltestellen ausgelassen (Venedig, Argentinien, Navona).<br \/><\/span><\/li>\n<li><span>Bei Fragen wenden Sie sich bitte via WhatsApp an: +39 324 8114807<\/span><\/li>\n<\/ul>\n<h2>Beschreibung:<\/h2>\n<p dir=\"ltr\">Steigen Sie in einen <strong>offenen Doppeldeckerbus<\/strong> und erkunden Sie Rom ganz bequem. Mit diesem flexiblen Ticket k\u00f6nnen Sie an Sehensw\u00fcrdigkeiten wie dem Kolosseum, dem Vatikan, der Spanischen Treppe und vielem mehr <strong>beliebig oft ein- und aussteigen.<\/strong><\/p>\n<p dir=\"ltr\">Genie\u00dfen Sie <strong>den Audiokommentar an Bord<\/strong>, der Roms reiche Geschichte lebendig werden l\u00e4sst, sowie die Echtzeit-Busverfolgung per&nbsp;<strong>App<\/strong>. Bequeme Sitze,&nbsp;<strong>kostenloses WLAN<\/strong> und freundliches Personal machen diese Reise zur intelligentesten und sch\u00f6nsten Art, die Ewige Stadt in Ihrem eigenen Tempo zu entdecken.<\/p>\n<h2>Highlights:<\/h2>\n<ul>\n<li dir=\"ltr\"><strong><\/strong>Steigen Sie an Roms Top-Attraktionen <strong>beliebig oft ein und aus.<\/strong><\/li>\n<li dir=\"ltr\"><strong>Besuchen Sie das Kolosseum, die Vatikanischen Museen,<\/strong> die Spanische Treppe und vieles mehr.<\/li>\n<li dir=\"ltr\"><strong>H\u00f6ren Sie spannende Audiokommentare<\/strong> in 5 Sprachen.<\/li>\n<li dir=\"ltr\"><strong>Nutzen Sie die App, um Busse zu verfolgen<\/strong> und Stadtf\u00fchrungen zu erkunden.<\/li>\n<li dir=\"ltr\"><strong>Reisen Sie komfortabel<\/strong> mit Klimaanlage, WLAN und Panoramablick<\/li>\n<li dir=\"ltr\">Genie\u00dfen Sie den Zugang zur <strong>exklusiven Jubilee Line.<\/strong><\/li>\n<\/ul>\n<h2>Stornierungsbedingungen<\/h2>\n<p>Stornieren Sie bis zu 24 Stunden im Voraus und Sie erhalten eine volle R\u00fcckerstattung.<\/p>\n<h2>Treffpunkt &amp; Anweisungen<\/h2>\n<p data-pm-slice=\"1 1 []\">Steigen Sie einfach in einen beliebigen City Sightseeing Rome oder Vatican&amp;Rome Open Bus ein und zeigen Sie Ihr mobiles Ticket vor. Sie k\u00f6nnen an jeder Haltestelle beliebig oft ein- und aussteigen.&nbsp;<\/p>\n<h2>Rezensionen &amp; Bewertungen<\/h2>\n<p><strong>4,0\/5&nbsp; <\/strong><strong>(1169 Bewertungen)<\/strong><\/p>\n<p dir=\"ltr\"><em>\u201e<\/em>Eine sehr einfache und bequeme Art, Rom kennenzulernen. Ich musste nie lange auf den Bus warten. Die Sitze im Freien oben sind toll. Die Audiof\u00fchrung war einfach zu bedienen und gut verst\u00e4ndlich.&nbsp;<em>\u201c&nbsp;<\/em> \u2013 Jennifer, April 2024 <a href=\"https:\/\/www.tiqets.com\/de\/rom-sehenswuerdigkeiten-c71631\/tickets-fur-city-sightseeing-rom-hop-on-hop-off-stadtrundfahrt-im-offenen-bus-p975058\/?partner=italytouristinformation&amp;tq_campaign=ITIDeHoponHopoffBustourSP\" target=\"_blank\" rel=\"nofollow noopener\" data-lt-tmp-id=\"lt-957178\" spellcheck=\"false\" style=\"outline: none;\">&gt;&gt; Weitere Bewertungen ansehen \u2026<\/a><\/p>\n<p><span>#1<\/span><\/p>\n<h2>Weitere Aktivit\u00e4ten, die Ihnen gefallen k\u00f6nnten<\/h2>\n<p><\/p>\n<p><span><img decoding=\"async\" alt=\"\" data-id=\"10918\" width=\"159\" data-init-width=\"960\" height=\"106\" data-init-height=\"639\" title=\"Rom-Hop-On Hop-Off Panorama-Busticket (3 Runden x 1 ota)\" loading=\"lazy\" src=\"https:\/\/italy-tourist-information.com\/wp-content\/uploads\/2025\/05\/Rome-Hop-On-Hop-Off-Panoramic-Open-Bus-Ticket-3-Circuits-x-1-ota.jpg\" data-width=\"159\" data-height=\"106\" style=\"aspect-ratio: auto 960 \/ 639;\"><\/span><\/p>\n<table>\n<tbody>\n<tr>\n<td>\n<table>\n<tbody>\n<tr>\n<td><strong><a data-lt-tmp-id=\"lt-793515\" href=\"https:\/\/www.getyourguide.com\/rome-l33\/romehop-on-hop-off-panoramic-open-bus-ticket-3-circuits-x-1-t30720\/?partner_id=NO9XIDE&amp;utm_medium=online_publisher&amp;cmp=ITIDeHoponHopoffBustourSP2\" rel=\"nofollow noopener\" spellcheck=\"false\" target=\"_blank\" style=\"outline: none;\">Rom: Hop-On Hop-Off Panorama-Busticket (3 Runden) x 1<\/a><\/strong><\/td>\n<\/tr>\n<\/tbody>\n<\/table>\n<p><strong><\/strong><\/td>\n<\/tr>\n<\/tbody>\n<\/table>\n<p>Erkunden Sie Rom in Ihrem eigenen Tempo mit einem flexiblen Hop-On Hop-Off Panorama-Busticket, das auf 3 malerischen Routen alle wichtigen Sehensw\u00fcrdigkeiten abdeckt.<\/p>\n<h3 style=\"\">Gesamtpreis<\/h3>\n<h3>Ihr Konto wird noch nicht belastet.<\/h3>\n<p><span># <\/span><strong><span>2<\/span><\/strong><span><img decoding=\"async\" alt=\"\" data-id=\"10312\" width=\"159\" data-init-width=\"1556\" height=\"159\" data-init-height=\"1556\" title=\"Rom-Touristenkarte Ota\" loading=\"lazy\" src=\"https:\/\/italy-tourist-information.com\/wp-content\/uploads\/2025\/05\/Rome-Tourist-Card-Ota.avif\" data-width=\"159\" data-height=\"159\" style=\"aspect-ratio: auto 1556 \/ 1556;\"><\/span><\/p>\n<table>\n<tbody>\n<tr>\n<td>\n<table>\n<tbody>\n<tr>\n<td data-del-cell=\"true\"><a href=\"https:\/\/www.tiqets.com\/de\/rome-attractions-c71631\/rome-tourist-card-p1013153\/?partner=italytouristinformation&amp;tq_campaign=https:\/\/www.tiqets.com\/en\/rome-attractions-c71631\/tickets-for-vatican-museums-sistine-chapel-st-peter-s-basilica-guided-tour-p1105898\/?partner=italytouristinformation&amp;tq_campaign=ITIDeHoponHopoffBustourSP\" target=\"_blank\" rel=\"nofollow noopener\" style=\"outline: none;\" data-lt-tmp-id=\"lt-703045\" spellcheck=\"false\"><strong>Rome Tourist Card<\/strong><\/a><\/td>\n<\/tr>\n<\/tbody>\n<\/table>\n<\/td>\n<\/tr>\n<\/tbody>\n<\/table>\n<p>Entdecken Sie Rom m\u00fchelos mit der Rome Tourist Card \u2013 genie\u00dfen Sie Zugang zu ber\u00fchmten Sehensw\u00fcrdigkeiten wie dem Kolosseum, den Vatikanischen Museen und der Sixtinischen Kapelle sowie die M\u00f6glichkeit, eine dritte Sehensw\u00fcrdigkeit Ihrer Wahl zu besuchen.<\/p>\n<h3 style=\"\">Gesamtpreis<\/h3>\n<h3 style=\"\">Ihr Konto wird noch nicht belastet.<\/h3>\n<p><span># <\/span><strong><span>2<\/span><\/strong><span># <\/span><strong><span>2<\/span><\/strong><\/p>\n<p><\/p>\n<h2><a href=\"https:\/\/www.tiqets.com\/de\/rom-sehenswuerdigkeiten-c71631\/tickets-fur-city-sightseeing-rom-hop-on-hop-off-stadtrundfahrt-im-offenen-bus-p975058\/?partner=italytouristinformation&amp;tq_campaign=ITIDeHoponHopoffBustourSP\" target=\"_blank\" rel=\"nofollow noopener\">Zur Buchung<\/a><\/h2>\n<h1><a href=\"https:\/\/www.tiqets.com\/de\/rom-sehenswuerdigkeiten-c71631\/tickets-fur-city-sightseeing-rom-hop-on-hop-off-stadtrundfahrt-im-offenen-bus-p975058\/?partner=italytouristinformation&amp;tq_campaign=ITIDeHoponHopoffBustourSP\" target=\"_blank\" rel=\"nofollow noopener\" style=\"outline: none;\" spellcheck=\"false\"><strong>Ab 18,00<\/strong> \u20ac<strong><\/strong><\/a><\/h1>\n<h3>Ihr Konto wird noch nicht belastet.<\/h3>\n","protected":false},"excerpt":{"rendered":"<p>City Sightseeing Rom: Hop-on-Hop-off Stadtrundfahrt im offenen Bus Zur Buchung Ab 18,00 \u20ac Entdecken Sie Rom in Ihrem eigenen Tempo mit einer flexiblen Hop-on-Hop-off-Bustour. Genie\u00dfen Sie unbegrenzte Fahrten, Audiokommentare und kostenloses WLAN, w\u00e4hrend Sie an ber\u00fchmten Sehensw\u00fcrdigkeiten wie dem Vatikan und dem Kolosseum vorbeifahren. Handverlesenes Ticket Dauer: 1 Stunde 40 Minuten. Audioguide&nbsp; Kostenlose Stornierung Inbegriffen [&hellip;]<\/p>\n","protected":false},"author":6,"featured_media":17287,"parent":0,"menu_order":0,"comment_status":"closed","ping_status":"closed","template":"","meta":{"footnotes":"","tve_updated_post":"","tve_custom_css":"","tve_user_custom_css":"","tve_globals":{},"tcb2_ready":1,"tcb_editor_enabled":1,"tve_landing_page":"bd86f3fc67210fed5b2794ad4a56d3a9","_tve_header":"17144","_tve_footer":"17145"},"categories":[143,128],"tags":[155,130],"class_list":["post-17306","page","type-page","status-publish","has-post-thumbnail","hentry","category-rom","category-verkaufsseite","tag-rom","tag-verkaufsseite","post-wrapper","thrv_wrapper"],"_links":{"self":[{"href":"https:\/\/italy-tourist-information.com\/de\/wp-json\/wp\/v2\/pages\/17306","targetHints":{"allow":["GET"]}}],"collection":[{"href":"https:\/\/italy-tourist-information.com\/de\/wp-json\/wp\/v2\/pages"}],"about":[{"href":"https:\/\/italy-tourist-information.com\/de\/wp-json\/wp\/v2\/types\/page"}],"author":[{"embeddable":true,"href":"https:\/\/italy-tourist-information.com\/de\/wp-json\/wp\/v2\/users\/6"}],"replies":[{"embeddable":true,"href":"https:\/\/italy-tourist-information.com\/de\/wp-json\/wp\/v2\/comments?post=17306"}],"version-history":[{"count":10,"href":"https:\/\/italy-tourist-information.com\/de\/wp-json\/wp\/v2\/pages\/17306\/revisions"}],"predecessor-version":[{"id":20252,"href":"https:\/\/italy-tourist-information.com\/de\/wp-json\/wp\/v2\/pages\/17306\/revisions\/20252"}],"wp:featuredmedia":[{"embeddable":true,"href":"https:\/\/italy-tourist-information.com\/de\/wp-json\/wp\/v2\/media\/17287"}],"wp:attachment":[{"href":"https:\/\/italy-tourist-information.com\/de\/wp-json\/wp\/v2\/media?parent=17306"}],"wp:term":[{"taxonomy":"category","embeddable":true,"href":"https:\/\/italy-tourist-information.com\/de\/wp-json\/wp\/v2\/categories?post=17306"},{"taxonomy":"post_tag","embeddable":true,"href":"https:\/\/italy-tourist-information.com\/de\/wp-json\/wp\/v2\/tags?post=17306"}],"curies":[{"name":"wp","href":"https:\/\/api.w.org\/{rel}","templated":true}]}}