{"id":17309,"date":"2025-05-15T08:18:39","date_gmt":"2025-05-15T08:18:39","guid":{"rendered":"https:\/\/italy-tourist-information.com\/colosseum-arena-and-underground-tour"},"modified":"2026-05-05T14:11:48","modified_gmt":"2026-05-05T14:11:48","slug":"tickets-fuer-kolosseum-arena-untergrund","status":"publish","type":"page","link":"https:\/\/italy-tourist-information.com\/de\/tickets-fuer-kolosseum-arena-untergrund","title":{"rendered":"Tickets f\u00fcr Kolosseum Arena Untergrund, Forum &amp; Palatin H\u00fcgel: Gef\u00fchrte Tour"},"content":{"rendered":"<p><span><img decoding=\"async\" alt=\"\" data-id=\"10899\" width=\"2088\" height=\"1556\" title=\"Kolosseum, Arena, Untergrundanlage, Forum Romanum &amp; Palatinh\u00fcgel + F\u00fchrung\" src=\"https:\/\/italy-tourist-information.com\/wp-content\/uploads\/2025\/05\/Colosseum-Arena-Underground-Forum-Palatine-Hill-Guided-Tour-ota-1024x763.avif\" data-src=\"https:\/\/italy-tourist-information.com\/wp-content\/uploads\/2025\/05\/Colosseum-Arena-Underground-Forum-Palatine-Hill-Guided-Tour-ota-300x224.avif\" loading=\"lazy\" data-sizes=\"{&quot;thumbnail&quot;:{&quot;url&quot;:&quot;https:\/\/italy-tourist-information.com\/wp-content\/uploads\/2025\/05\/Colosseum-Arena-Underground-Forum-Palatine-Hill-Guided-Tour-ota-150x150.avif&quot;,&quot;height&quot;:150,&quot;width&quot;:150,&quot;orientation&quot;:&quot;landscape&quot;},&quot;medium&quot;:{&quot;url&quot;:&quot;https:\/\/italy-tourist-information.com\/wp-content\/uploads\/2025\/05\/Colosseum-Arena-Underground-Forum-Palatine-Hill-Guided-Tour-ota-300x224.avif&quot;,&quot;height&quot;:224,&quot;width&quot;:300,&quot;orientation&quot;:&quot;landscape&quot;},&quot;large&quot;:{&quot;url&quot;:&quot;https:\/\/italy-tourist-information.com\/wp-content\/uploads\/2025\/05\/Colosseum-Arena-Underground-Forum-Palatine-Hill-Guided-Tour-ota-1024x763.avif&quot;,&quot;height&quot;:763,&quot;width&quot;:1024,&quot;orientation&quot;:&quot;landscape&quot;},&quot;full&quot;:{&quot;url&quot;:&quot;https:\/\/italy-tourist-information.com\/wp-content\/uploads\/2025\/05\/Colosseum-Arena-Underground-Forum-Palatine-Hill-Guided-Tour-ota.avif&quot;,&quot;height&quot;:1556,&quot;width&quot;:2088,&quot;orientation&quot;:&quot;landscape&quot;},&quot;1536x1536&quot;:{&quot;url&quot;:&quot;https:\/\/italy-tourist-information.com\/wp-content\/uploads\/2025\/05\/Colosseum-Arena-Underground-Forum-Palatine-Hill-Guided-Tour-ota-1536x1145.avif&quot;,&quot;height&quot;:1145,&quot;width&quot;:1536,&quot;orientation&quot;:&quot;landscape&quot;},&quot;2048x2048&quot;:{&quot;url&quot;:&quot;https:\/\/italy-tourist-information.com\/wp-content\/uploads\/2025\/05\/Colosseum-Arena-Underground-Forum-Palatine-Hill-Guided-Tour-ota-2048x1526.avif&quot;,&quot;height&quot;:1526,&quot;width&quot;:2048,&quot;orientation&quot;:&quot;landscape&quot;}}\"><\/span><span><img decoding=\"async\" alt=\"\" data-id=\"10898\" width=\"2334\" height=\"1556\" title=\"Kolosseum, Arena, Untergrund, Forum und Palatinh\u00fcgel + F\u00fchrung ota3\" src=\"https:\/\/italy-tourist-information.com\/wp-content\/uploads\/2025\/05\/Colosseum-Arena-Underground-Forum-Palatine-Hill-Guided-Tour-ota3-1024x683.avif\" data-src=\"https:\/\/italy-tourist-information.com\/wp-content\/uploads\/2025\/05\/Colosseum-Arena-Underground-Forum-Palatine-Hill-Guided-Tour-ota3-300x200.avif\" loading=\"lazy\" data-sizes=\"{&quot;thumbnail&quot;:{&quot;url&quot;:&quot;https:\/\/italy-tourist-information.com\/wp-content\/uploads\/2025\/05\/Colosseum-Arena-Underground-Forum-Palatine-Hill-Guided-Tour-ota3-150x150.avif&quot;,&quot;height&quot;:150,&quot;width&quot;:150,&quot;orientation&quot;:&quot;landscape&quot;},&quot;medium&quot;:{&quot;url&quot;:&quot;https:\/\/italy-tourist-information.com\/wp-content\/uploads\/2025\/05\/Colosseum-Arena-Underground-Forum-Palatine-Hill-Guided-Tour-ota3-300x200.avif&quot;,&quot;height&quot;:200,&quot;width&quot;:300,&quot;orientation&quot;:&quot;landscape&quot;},&quot;large&quot;:{&quot;url&quot;:&quot;https:\/\/italy-tourist-information.com\/wp-content\/uploads\/2025\/05\/Colosseum-Arena-Underground-Forum-Palatine-Hill-Guided-Tour-ota3-1024x683.avif&quot;,&quot;height&quot;:683,&quot;width&quot;:1024,&quot;orientation&quot;:&quot;landscape&quot;},&quot;full&quot;:{&quot;url&quot;:&quot;https:\/\/italy-tourist-information.com\/wp-content\/uploads\/2025\/05\/Colosseum-Arena-Underground-Forum-Palatine-Hill-Guided-Tour-ota3.avif&quot;,&quot;height&quot;:1556,&quot;width&quot;:2334,&quot;orientation&quot;:&quot;landscape&quot;},&quot;1536x1536&quot;:{&quot;url&quot;:&quot;https:\/\/italy-tourist-information.com\/wp-content\/uploads\/2025\/05\/Colosseum-Arena-Underground-Forum-Palatine-Hill-Guided-Tour-ota3-1536x1024.avif&quot;,&quot;height&quot;:1024,&quot;width&quot;:1536,&quot;orientation&quot;:&quot;landscape&quot;},&quot;2048x2048&quot;:{&quot;url&quot;:&quot;https:\/\/italy-tourist-information.com\/wp-content\/uploads\/2025\/05\/Colosseum-Arena-Underground-Forum-Palatine-Hill-Guided-Tour-ota3-2048x1365.avif&quot;,&quot;height&quot;:1365,&quot;width&quot;:2048,&quot;orientation&quot;:&quot;landscape&quot;}}\"><\/span><span><img decoding=\"async\" alt=\"\" data-id=\"10897\" width=\"2405\" height=\"1556\" title=\"Kolosseum, Arena, Untergrund, Forum und Palatinh\u00fcgel + F\u00fchrung ota4\" src=\"https:\/\/italy-tourist-information.com\/wp-content\/uploads\/2025\/05\/Colosseum-Arena-Underground-Forum-Palatine-Hill-Guided-Tour-ota4-1024x663.avif\" data-src=\"https:\/\/italy-tourist-information.com\/wp-content\/uploads\/2025\/05\/Colosseum-Arena-Underground-Forum-Palatine-Hill-Guided-Tour-ota4-300x194.avif\" loading=\"lazy\" data-sizes=\"{&quot;thumbnail&quot;:{&quot;url&quot;:&quot;https:\/\/italy-tourist-information.com\/wp-content\/uploads\/2025\/05\/Colosseum-Arena-Underground-Forum-Palatine-Hill-Guided-Tour-ota4-150x150.avif&quot;,&quot;height&quot;:150,&quot;width&quot;:150,&quot;orientation&quot;:&quot;landscape&quot;},&quot;medium&quot;:{&quot;url&quot;:&quot;https:\/\/italy-tourist-information.com\/wp-content\/uploads\/2025\/05\/Colosseum-Arena-Underground-Forum-Palatine-Hill-Guided-Tour-ota4-300x194.avif&quot;,&quot;height&quot;:194,&quot;width&quot;:300,&quot;orientation&quot;:&quot;landscape&quot;},&quot;large&quot;:{&quot;url&quot;:&quot;https:\/\/italy-tourist-information.com\/wp-content\/uploads\/2025\/05\/Colosseum-Arena-Underground-Forum-Palatine-Hill-Guided-Tour-ota4-1024x663.avif&quot;,&quot;height&quot;:663,&quot;width&quot;:1024,&quot;orientation&quot;:&quot;landscape&quot;},&quot;full&quot;:{&quot;url&quot;:&quot;https:\/\/italy-tourist-information.com\/wp-content\/uploads\/2025\/05\/Colosseum-Arena-Underground-Forum-Palatine-Hill-Guided-Tour-ota4.avif&quot;,&quot;height&quot;:1556,&quot;width&quot;:2405,&quot;orientation&quot;:&quot;landscape&quot;},&quot;1536x1536&quot;:{&quot;url&quot;:&quot;https:\/\/italy-tourist-information.com\/wp-content\/uploads\/2025\/05\/Colosseum-Arena-Underground-Forum-Palatine-Hill-Guided-Tour-ota4-1536x994.avif&quot;,&quot;height&quot;:994,&quot;width&quot;:1536,&quot;orientation&quot;:&quot;landscape&quot;},&quot;2048x2048&quot;:{&quot;url&quot;:&quot;https:\/\/italy-tourist-information.com\/wp-content\/uploads\/2025\/05\/Colosseum-Arena-Underground-Forum-Palatine-Hill-Guided-Tour-ota4-2048x1325.avif&quot;,&quot;height&quot;:1325,&quot;width&quot;:2048,&quot;orientation&quot;:&quot;landscape&quot;}}\"><\/span><span><img decoding=\"async\" alt=\"\" data-id=\"10896\" width=\"2253\" height=\"1556\" title=\"Kolosseum, Arena, Untergrundanlage, Forum Romanum &amp; Palatinh\u00fcgel + F\u00fchrung ota5\" src=\"https:\/\/italy-tourist-information.com\/wp-content\/uploads\/2025\/05\/Colosseum-Arena-Underground-Forum-Palatine-Hill-Guided-Tour-ota5-1024x707.avif\" data-src=\"https:\/\/italy-tourist-information.com\/wp-content\/uploads\/2025\/05\/Colosseum-Arena-Underground-Forum-Palatine-Hill-Guided-Tour-ota5-300x207.avif\" loading=\"lazy\" data-sizes=\"{&quot;thumbnail&quot;:{&quot;url&quot;:&quot;https:\/\/italy-tourist-information.com\/wp-content\/uploads\/2025\/05\/Colosseum-Arena-Underground-Forum-Palatine-Hill-Guided-Tour-ota5-150x150.avif&quot;,&quot;height&quot;:150,&quot;width&quot;:150,&quot;orientation&quot;:&quot;landscape&quot;},&quot;medium&quot;:{&quot;url&quot;:&quot;https:\/\/italy-tourist-information.com\/wp-content\/uploads\/2025\/05\/Colosseum-Arena-Underground-Forum-Palatine-Hill-Guided-Tour-ota5-300x207.avif&quot;,&quot;height&quot;:207,&quot;width&quot;:300,&quot;orientation&quot;:&quot;landscape&quot;},&quot;large&quot;:{&quot;url&quot;:&quot;https:\/\/italy-tourist-information.com\/wp-content\/uploads\/2025\/05\/Colosseum-Arena-Underground-Forum-Palatine-Hill-Guided-Tour-ota5-1024x707.avif&quot;,&quot;height&quot;:707,&quot;width&quot;:1024,&quot;orientation&quot;:&quot;landscape&quot;},&quot;full&quot;:{&quot;url&quot;:&quot;https:\/\/italy-tourist-information.com\/wp-content\/uploads\/2025\/05\/Colosseum-Arena-Underground-Forum-Palatine-Hill-Guided-Tour-ota5.avif&quot;,&quot;height&quot;:1556,&quot;width&quot;:2253,&quot;orientation&quot;:&quot;landscape&quot;},&quot;1536x1536&quot;:{&quot;url&quot;:&quot;https:\/\/italy-tourist-information.com\/wp-content\/uploads\/2025\/05\/Colosseum-Arena-Underground-Forum-Palatine-Hill-Guided-Tour-ota5-1536x1061.avif&quot;,&quot;height&quot;:1061,&quot;width&quot;:1536,&quot;orientation&quot;:&quot;landscape&quot;},&quot;2048x2048&quot;:{&quot;url&quot;:&quot;https:\/\/italy-tourist-information.com\/wp-content\/uploads\/2025\/05\/Colosseum-Arena-Underground-Forum-Palatine-Hill-Guided-Tour-ota5-2048x1414.avif&quot;,&quot;height&quot;:1414,&quot;width&quot;:2048,&quot;orientation&quot;:&quot;landscape&quot;}}\"><\/span><span><img decoding=\"async\" alt=\"\" data-id=\"10895\" width=\"2075\" height=\"1556\" title=\"Kolosseum, Arena, Untergrund, Forum und Palatinh\u00fcgel + F\u00fchrung ota2\" src=\"https:\/\/italy-tourist-information.com\/wp-content\/uploads\/2025\/05\/Colosseum-Arena-Underground-Forum-Palatine-Hill-Guided-Tour-ota2-1024x768.avif\" data-src=\"https:\/\/italy-tourist-information.com\/wp-content\/uploads\/2025\/05\/Colosseum-Arena-Underground-Forum-Palatine-Hill-Guided-Tour-ota2-300x225.avif\" loading=\"lazy\" data-sizes=\"{&quot;thumbnail&quot;:{&quot;url&quot;:&quot;https:\/\/italy-tourist-information.com\/wp-content\/uploads\/2025\/05\/Colosseum-Arena-Underground-Forum-Palatine-Hill-Guided-Tour-ota2-150x150.avif&quot;,&quot;height&quot;:150,&quot;width&quot;:150,&quot;orientation&quot;:&quot;landscape&quot;},&quot;medium&quot;:{&quot;url&quot;:&quot;https:\/\/italy-tourist-information.com\/wp-content\/uploads\/2025\/05\/Colosseum-Arena-Underground-Forum-Palatine-Hill-Guided-Tour-ota2-300x225.avif&quot;,&quot;height&quot;:225,&quot;width&quot;:300,&quot;orientation&quot;:&quot;landscape&quot;},&quot;large&quot;:{&quot;url&quot;:&quot;https:\/\/italy-tourist-information.com\/wp-content\/uploads\/2025\/05\/Colosseum-Arena-Underground-Forum-Palatine-Hill-Guided-Tour-ota2-1024x768.avif&quot;,&quot;height&quot;:768,&quot;width&quot;:1024,&quot;orientation&quot;:&quot;landscape&quot;},&quot;full&quot;:{&quot;url&quot;:&quot;https:\/\/italy-tourist-information.com\/wp-content\/uploads\/2025\/05\/Colosseum-Arena-Underground-Forum-Palatine-Hill-Guided-Tour-ota2.avif&quot;,&quot;height&quot;:1556,&quot;width&quot;:2075,&quot;orientation&quot;:&quot;landscape&quot;},&quot;1536x1536&quot;:{&quot;url&quot;:&quot;https:\/\/italy-tourist-information.com\/wp-content\/uploads\/2025\/05\/Colosseum-Arena-Underground-Forum-Palatine-Hill-Guided-Tour-ota2-1536x1152.avif&quot;,&quot;height&quot;:1152,&quot;width&quot;:1536,&quot;orientation&quot;:&quot;landscape&quot;},&quot;2048x2048&quot;:{&quot;url&quot;:&quot;https:\/\/italy-tourist-information.com\/wp-content\/uploads\/2025\/05\/Colosseum-Arena-Underground-Forum-Palatine-Hill-Guided-Tour-ota2-2048x1536.avif&quot;,&quot;height&quot;:1536,&quot;width&quot;:2048,&quot;orientation&quot;:&quot;landscape&quot;}}\"><\/span><span><img decoding=\"async\" alt=\"\" data-id=\"10894\" width=\"2193\" height=\"1556\" title=\"Kolosseum, Arena, Untergrund, Forum und Palatinh\u00fcgel + F\u00fchrung ota7\" src=\"https:\/\/italy-tourist-information.com\/wp-content\/uploads\/2025\/05\/Colosseum-Arena-Underground-Forum-Palatine-Hill-Guided-Tour-ota7-1024x727.avif\" data-src=\"https:\/\/italy-tourist-information.com\/wp-content\/uploads\/2025\/05\/Colosseum-Arena-Underground-Forum-Palatine-Hill-Guided-Tour-ota7-300x213.avif\" loading=\"lazy\" data-sizes=\"{&quot;thumbnail&quot;:{&quot;url&quot;:&quot;https:\/\/italy-tourist-information.com\/wp-content\/uploads\/2025\/05\/Colosseum-Arena-Underground-Forum-Palatine-Hill-Guided-Tour-ota7-150x150.avif&quot;,&quot;height&quot;:150,&quot;width&quot;:150,&quot;orientation&quot;:&quot;landscape&quot;},&quot;medium&quot;:{&quot;url&quot;:&quot;https:\/\/italy-tourist-information.com\/wp-content\/uploads\/2025\/05\/Colosseum-Arena-Underground-Forum-Palatine-Hill-Guided-Tour-ota7-300x213.avif&quot;,&quot;height&quot;:213,&quot;width&quot;:300,&quot;orientation&quot;:&quot;landscape&quot;},&quot;large&quot;:{&quot;url&quot;:&quot;https:\/\/italy-tourist-information.com\/wp-content\/uploads\/2025\/05\/Colosseum-Arena-Underground-Forum-Palatine-Hill-Guided-Tour-ota7-1024x727.avif&quot;,&quot;height&quot;:727,&quot;width&quot;:1024,&quot;orientation&quot;:&quot;landscape&quot;},&quot;full&quot;:{&quot;url&quot;:&quot;https:\/\/italy-tourist-information.com\/wp-content\/uploads\/2025\/05\/Colosseum-Arena-Underground-Forum-Palatine-Hill-Guided-Tour-ota7.avif&quot;,&quot;height&quot;:1556,&quot;width&quot;:2193,&quot;orientation&quot;:&quot;landscape&quot;},&quot;1536x1536&quot;:{&quot;url&quot;:&quot;https:\/\/italy-tourist-information.com\/wp-content\/uploads\/2025\/05\/Colosseum-Arena-Underground-Forum-Palatine-Hill-Guided-Tour-ota7-1536x1090.avif&quot;,&quot;height&quot;:1090,&quot;width&quot;:1536,&quot;orientation&quot;:&quot;landscape&quot;},&quot;2048x2048&quot;:{&quot;url&quot;:&quot;https:\/\/italy-tourist-information.com\/wp-content\/uploads\/2025\/05\/Colosseum-Arena-Underground-Forum-Palatine-Hill-Guided-Tour-ota7-2048x1453.avif&quot;,&quot;height&quot;:1453,&quot;width&quot;:2048,&quot;orientation&quot;:&quot;landscape&quot;}}\"><\/span><\/p>\n<h1>Kolosseum, Arena, Untergrund, Forum &amp; Palatin H\u00fcgel + Gef\u00fchrte Tour<\/h1>\n<h2><a href=\"https:\/\/www.tiqets.com\/de\/rom-sehenswuerdigkeiten-c71631\/tickets-fur-kolosseum-arena-untergrund-forum-palatin-hugel-gefuhrte-tour-p1016054\/?partner=italytouristinformation&amp;tq_campaign=ITIDeColosseumArenaUndergrouSP\" target=\"_blank\" rel=\"nofollow noopener\">Zur Buchung<\/a><\/h2>\n<h1><a href=\"https:\/\/www.tiqets.com\/de\/rom-sehenswuerdigkeiten-c71631\/tickets-fur-kolosseum-arena-untergrund-forum-palatin-hugel-gefuhrte-tour-p1016054\/?partner=italytouristinformation&amp;tq_campaign=ITIDeColosseumArenaUndergrouSP\" target=\"_blank\" rel=\"nofollow noopener\" style=\"outline: none;\" spellcheck=\"false\"><strong>Ab 126,00<\/strong> \u20ac<strong><\/strong><\/a><\/h1>\n<p dir=\"ltr\">Erleben Sie das Kolosseum abseits der \u00fcblichen Touristenpfade mit dieser <strong>exklusiven<\/strong> F\u00fchrung durch die unterirdischen G\u00e4nge, die Arena, das Forum Romanum und den Palatin. Erkunden Sie<strong> verborgene Kammern<\/strong> und tauchen Sie mit einem <strong>passionierten Experten in die Dramatik des antiken Roms ein.<\/strong><\/p>\n<ul>\n<li style=\"\"><span>Handverlesen<\/span><\/li>\n<li style=\"\"><!--! Font Awesome Free 6.7.1 by @fontawesome - https:\/\/fontawesome.com License - https:\/\/fontawesome.com\/license\/free (Icons: CC BY 4.0, Fonts: SIL OFL 1.1, Code: MIT License) Copyright 2024 Fonticons, Inc. --><span>Dauer: 3 Stunden<\/span><\/li>\n<li style=\"\"><!--! Font Awesome Free 6.7.1 by @fontawesome - https:\/\/fontawesome.com License - https:\/\/fontawesome.com\/license\/free (Icons: CC BY 4.0, Fonts: SIL OFL 1.1, Code: MIT License) Copyright 2024 Fonticons, Inc. --><span>Maximale Gruppengr\u00f6\u00dfe: 24<\/span><\/li>\n<li style=\"\"><span>Nicht erstattungsf\u00e4hig<\/span><\/li>\n<\/ul>\n<h2>Inbegriffen<\/h2>\n<ul>\n<li style=\"\">                    <span>Eintritt ins Kolosseum<\/span><\/li>\n<li style=\"\">                    <span>Gef\u00fchrte Tour durch das Kolosseum, die Arena und den Untergrund<\/span><\/li>\n<li style=\"\">                    <span>Exklusiver Zutritt zur Arena-Etage<\/span><\/li>\n<li style=\"\">                    <span>Zutritt zum unterirdischen Teil des Kolosseums<\/span><\/li>\n<li style=\"\">                    <span>Zutritt zum Forum Romanum und zum Palatinh\u00fcgel<\/span><\/li>\n<li style=\"\">                    <span>Audio-Headset, damit Sie Ihren Reiseleiter klar h\u00f6ren k\u00f6nnen.&nbsp;<\/span><\/li>\n<\/ul>\n<h2>Nicht inbegriffen<\/h2>\n<ul>\n<li style=\"\"><span>Gef\u00fchrte Tour durch das Forum Romanum und den Palatin<\/span><\/li>\n<\/ul>\n<h2>Wichtige Informationen<\/h2>\n<ul>\n<li style=\"\"><span><strong data-end=\"181\" data-start=\"51\">Ein g\u00fcltiger Lichtbildausweis ist erforderlich.<\/strong> Der Zutritt zum Kolosseum kann verweigert werden, wenn die angegebenen pers\u00f6nlichen Daten nicht mit den Angaben im Ausweis \u00fcbereinstimmen.<\/span><\/li>\n<li><span><strong>Tourdauer:<\/strong> ca. 3 Stunden; verf\u00fcgbar in Englisch und Spanisch<\/span><\/li>\n<li><span>Sicherheitskontrollen sind obligatorisch und k\u00f6nnen bis zu 30 Minuten dauern.<\/span><\/li>\n<li style=\"\"><span>Die Gruppengr\u00f6\u00dfe ist auf 24 Personen begrenzt, um ein pers\u00f6nlicheres Erlebnis zu gew\u00e4hrleisten.<\/span><\/li>\n<li style=\"\"><span>Sie m\u00fcssen 30 Minuten vor Tourbeginn eintreffen.<\/span><\/li>\n<li style=\"\"><span>Das Forum Romanum und der Palatinh\u00fcgel k\u00f6nnen nach der F\u00fchrung auf eigene Faust erkundet werden.<br \/><\/span><\/li>\n<li><span>Die Tourzeiten k\u00f6nnen aufgrund der Planung vor Ort um bis zu 20 Minuten variieren.<br \/><\/span><\/li>\n<li><span>Der Preis gilt pro Person, und jeder Teilnehmer ben\u00f6tigt ein eigenes Ticket, um an der Tour teilnehmen zu k\u00f6nnen.<\/span><\/li>\n<li><span>Haustiere sind nicht erlaubt<\/span><\/li>\n<\/ul>\n<h2>Beschreibung:<\/h2>\n<p data-end=\"639\" data-start=\"176\">Betreten Sie das Herz des antiken Roms mit dieser <strong data-end=\"262\" data-start=\"222\">Tour durch die unterirdischen G\u00e4nge und die Arena des Kolosseums<\/strong>. Sie bietet eine seltene Gelegenheit, Teile des Monuments zu erkunden, die den meisten Besuchern sonst verschlossen bleiben.<\/p>\n<p data-end=\"639\" data-start=\"176\">In einer kleinen Gruppe steigen Sie hinab in die <strong>verborgenen Kammern des Untergrunds<\/strong> wo einst Gladiatoren und wilde Tiere warteten, und stellen sich dann auf den <strong>Arenaboden,<\/strong> um sich den L\u00e4rm der Massen vorzustellen.<\/p>\n<p data-end=\"639\" data-start=\"176\">Anschlie\u00dfend k\u00f6nnen Sie <strong>in Ihrem eigenen Tempo durch das Forum Romanum und den Palatinh\u00fcgel<\/strong>&nbsp;schlendern, um Ihre Reise durch die r\u00f6mische Geschichte abzurunden.<\/p>\n<h2>Highlights:<\/h2>\n<ul>\n<li dir=\"ltr\"><strong>Betreten Sie den abgesperrten unterirdischen<\/strong> Bereich des Kolosseums.<\/li>\n<li dir=\"ltr\"><strong><\/strong>Bewege dich wie ein Gladiator <strong>\u00fcber den Arenaboden.<\/strong><\/li>\n<li dir=\"ltr\"><strong>Erkunden Sie das Forum Romanum<\/strong> und den Palatinh\u00fcgel nach der Tour auf eigene Faust.<\/li>\n<li dir=\"ltr\"><strong>H\u00f6ren Sie lebhafte Geschichten<\/strong> mit Live-Kommentaren von Experten.<\/li>\n<li dir=\"ltr\"><strong>Die kleine Gruppengr\u00f6\u00dfe<\/strong> sorgt f\u00fcr ein ansprechenderes und entspannteres Erlebnis.<\/li>\n<li dir=\"ltr\"><strong>Entdecken Sie antike Fallt\u00fcren,<\/strong> Aufz\u00fcge und K\u00e4fige, die einst f\u00fcr Auff\u00fchrungen genutzt wurden.<\/li>\n<li dir=\"ltr\"><strong>Genie\u00dfen Sie den Panoramablick<\/strong> aus dem Inneren des ber\u00fchmtesten Amphitheaters der Welt.<\/li>\n<\/ul>\n<h2>Stornierungsbedingungen<\/h2>\n<p>Diese Tour ist nicht erstattungsf\u00e4hig.<\/p>\n<h2>Treffpunkt &amp; Anweisungen<\/h2>\n<p dir=\"ltr\">Treffen Sie Ihren Reiseleiter in <strong>der Via del Colosseo 31,<\/strong> gegen\u00fcber dem Caff\u00e8 Roma, im zweiten Stock der Metrostation Colosseum (Linie B). Bitte bringen Sie einen g\u00fcltigen Lichtbildausweis mit und seien Sie 30 Minuten vor Beginn der Tour vor Ort.<\/p>\n<p dir=\"ltr\"><a href=\"https:\/\/www.google.com\/maps\/search\/?api=1&amp;query=Via%20del%20Colosseo%2C%2031%2000184%20Rome\" target=\"_blank\" rel=\"nofollow noopener\">In Google Maps \u00f6ffnen<\/a><\/p>\n<h2>Bewertungen<\/h2>\n<p><strong>4,6\/5&nbsp; <\/strong><strong>(\u00fcber 1539 Bewertungen)<\/strong><\/p>\n<p dir=\"ltr\"><em>,,<\/em>Die unterirdische Tour war ein fantastisches Erlebnis. Es war unglaublich, so viele Details des Kolosseums zu sehen. Kaum zu glauben, dass all das vor so langer Zeit erbaut wurde und wir heute nur noch 20 % davon sehen k\u00f6nnen.&nbsp;<em>\u201c&nbsp;<\/em> \u2013 Orlando, Mai 2025 <a href=\"https:\/\/www.tiqets.com\/de\/rom-sehenswuerdigkeiten-c71631\/tickets-fur-kolosseum-arena-untergrund-forum-palatin-hugel-gefuhrte-tour-p1016054\/?partner=italytouristinformation&amp;tq_campaign=ITIDeColosseumArenaUndergrouSP\" target=\"_blank\" rel=\"nofollow noopener\" data-lt-tmp-id=\"lt-26796\" spellcheck=\"false\" style=\"outline: none;\">&gt;&gt; Weitere Bewertungen ansehen \u2026<\/a><\/p>\n<p><span>#1<\/span><\/p>\n<h2>Weitere Aktivit\u00e4ten, die Ihnen gefallen k\u00f6nnten<\/h2>\n<p><\/p>\n<p><span><img decoding=\"async\" alt=\"\" data-id=\"10365\" width=\"159\" data-init-width=\"2335\" height=\"106\" data-init-height=\"1556\" title=\"Kolosseum, Arena &amp; Forum Romanum - Gef\u00fchrte Tour\" loading=\"lazy\" src=\"https:\/\/italy-tourist-information.com\/wp-content\/uploads\/2025\/05\/Colosseum-Arena-Roman-Forum-Guided-Tour-ota.avif\" data-width=\"159\" data-height=\"106\" style=\"aspect-ratio: auto 2335 \/ 1556;\"><\/span><\/p>\n<table>\n<tbody>\n<tr>\n<td>\n<table>\n<tbody>\n<tr>\n<td><strong><a data-lt-tmp-id=\"lt-757187\" href=\"https:\/\/www.tiqets.com\/de\/rome-attractions-c71631\/tickets-for-colosseum-arena-roman-forum-guided-tour-p1111476\/?partner=italytouristinformation&amp;tq_campaign=ITIDeColosseumArenaUndergrouSP2\" rel=\"nofollow noopener\" spellcheck=\"false\" target=\"_blank\" style=\"outline: none;\">Kolosseum, Arena &amp; Forum Romanum: Gef\u00fchrte Tour<\/a><\/strong><\/td>\n<\/tr>\n<\/tbody>\n<\/table>\n<p><strong><\/strong><\/td>\n<\/tr>\n<\/tbody>\n<\/table>\n<p>Begeben Sie sich auf eine Reise ins antike Rom mit einer F\u00fchrung durch das Kolosseum, inklusive exklusivem Zugang zur Arena. Anschlie\u00dfend k\u00f6nnen Sie das Forum Romanum und den Palatinh\u00fcgel auf eigene Faust erkunden.<\/p>\n<h3 style=\"\">Gesamtpreis<\/h3>\n<h3 style=\"\">Ihr Konto wird noch nicht belastet<\/h3>\n<p><span># <\/span><strong><span>2<\/span><\/strong><span><img decoding=\"async\" alt=\"\" data-id=\"10312\" width=\"159\" data-init-width=\"1556\" height=\"159\" data-init-height=\"1556\" title=\"Rom-Touristenkarte Ota\" loading=\"lazy\" src=\"https:\/\/italy-tourist-information.com\/wp-content\/uploads\/2025\/05\/Rome-Tourist-Card-Ota.avif\" data-width=\"159\" data-height=\"159\" style=\"aspect-ratio: auto 1556 \/ 1556;\"><\/span><\/p>\n<table>\n<tbody>\n<tr>\n<td>\n<table>\n<tbody>\n<tr>\n<td data-del-cell=\"true\"><a href=\"https:\/\/www.tiqets.com\/de\/rome-attractions-c71631\/rome-tourist-card-p1013153\/?partner=italytouristinformation&amp;tq_campaign=ITIDeColosseumArenaUndergrouSP3\" target=\"_blank\" rel=\"nofollow noopener\" style=\"outline: none;\" data-lt-tmp-id=\"lt-394354\" spellcheck=\"false\"><strong>Rome Tourist Card<\/strong><\/a><\/td>\n<\/tr>\n<\/tbody>\n<\/table>\n<\/td>\n<\/tr>\n<\/tbody>\n<\/table>\n<p>Entdecken Sie Rom m\u00fchelos mit der Rome Tourist Card \u2013 genie\u00dfen Sie Zugang zu ber\u00fchmten Sehensw\u00fcrdigkeiten wie dem Kolosseum, den Vatikanischen Museen und der Sixtinischen Kapelle sowie die M\u00f6glichkeit, eine dritte Sehensw\u00fcrdigkeit Ihrer Wahl zu besuchen.<\/p>\n<h3 style=\"\">Gesamtpreis<\/h3>\n<h3 style=\"\">Ihr Konto wird noch nicht belastet<\/h3>\n<p><span># <\/span><strong><span>2<\/span><\/strong><span># <\/span><strong><span>2<\/span><\/strong><\/p>\n<p><\/p>\n<h2><a href=\"https:\/\/www.tiqets.com\/de\/rom-sehenswuerdigkeiten-c71631\/tickets-fur-kolosseum-arena-untergrund-forum-palatin-hugel-gefuhrte-tour-p1016054\/?partner=italytouristinformation&amp;tq_campaign=ITIDeColosseumArenaUndergrouSP\" target=\"_blank\" rel=\"nofollow noopener\" style=\"outline: none;\" spellcheck=\"false\">Zur Buchung<\/a><\/h2>\n<h1><a href=\"https:\/\/www.tiqets.com\/de\/rom-sehenswuerdigkeiten-c71631\/tickets-fur-kolosseum-arena-untergrund-forum-palatin-hugel-gefuhrte-tour-p1016054\/?partner=italytouristinformation&amp;tq_campaign=ITIDeColosseumArenaUndergrouSP\" target=\"_blank\" rel=\"nofollow noopener\" style=\"outline: none;\" spellcheck=\"false\"><strong>Ab <\/strong><strong>126,00<\/strong> \u20ac<strong><\/strong><\/a><\/h1>\n<p style=\"\">Ihr Konto wird noch nicht belastet<\/p>\n","protected":false},"excerpt":{"rendered":"<p>Kolosseum, Arena, Untergrund, Forum &amp; Palatin H\u00fcgel + Gef\u00fchrte Tour Zur Buchung Ab 126,00 \u20ac Erleben Sie das Kolosseum abseits der \u00fcblichen Touristenpfade mit dieser exklusiven F\u00fchrung durch die unterirdischen G\u00e4nge, die Arena, das Forum Romanum und den Palatin. Erkunden Sie verborgene Kammern und tauchen Sie mit einem passionierten Experten in die Dramatik des antiken [&hellip;]<\/p>\n","protected":false},"author":6,"featured_media":17310,"parent":0,"menu_order":0,"comment_status":"closed","ping_status":"closed","template":"","meta":{"footnotes":"","tve_updated_post":"","tve_custom_css":"","tve_user_custom_css":"","tve_globals":{},"tcb2_ready":1,"tcb_editor_enabled":1,"tve_landing_page":"bd86f3fc67210fed5b2794ad4a56d3a9","_tve_header":"17144","_tve_footer":"17145"},"categories":[143,128],"tags":[155,130],"class_list":["post-17309","page","type-page","status-publish","has-post-thumbnail","hentry","category-rom","category-verkaufsseite","tag-rom","tag-verkaufsseite","post-wrapper","thrv_wrapper"],"_links":{"self":[{"href":"https:\/\/italy-tourist-information.com\/de\/wp-json\/wp\/v2\/pages\/17309","targetHints":{"allow":["GET"]}}],"collection":[{"href":"https:\/\/italy-tourist-information.com\/de\/wp-json\/wp\/v2\/pages"}],"about":[{"href":"https:\/\/italy-tourist-information.com\/de\/wp-json\/wp\/v2\/types\/page"}],"author":[{"embeddable":true,"href":"https:\/\/italy-tourist-information.com\/de\/wp-json\/wp\/v2\/users\/6"}],"replies":[{"embeddable":true,"href":"https:\/\/italy-tourist-information.com\/de\/wp-json\/wp\/v2\/comments?post=17309"}],"version-history":[{"count":10,"href":"https:\/\/italy-tourist-information.com\/de\/wp-json\/wp\/v2\/pages\/17309\/revisions"}],"predecessor-version":[{"id":20245,"href":"https:\/\/italy-tourist-information.com\/de\/wp-json\/wp\/v2\/pages\/17309\/revisions\/20245"}],"wp:featuredmedia":[{"embeddable":true,"href":"https:\/\/italy-tourist-information.com\/de\/wp-json\/wp\/v2\/media\/17310"}],"wp:attachment":[{"href":"https:\/\/italy-tourist-information.com\/de\/wp-json\/wp\/v2\/media?parent=17309"}],"wp:term":[{"taxonomy":"category","embeddable":true,"href":"https:\/\/italy-tourist-information.com\/de\/wp-json\/wp\/v2\/categories?post=17309"},{"taxonomy":"post_tag","embeddable":true,"href":"https:\/\/italy-tourist-information.com\/de\/wp-json\/wp\/v2\/tags?post=17309"}],"curies":[{"name":"wp","href":"https:\/\/api.w.org\/{rel}","templated":true}]}}