{"id":17319,"date":"2024-09-26T14:14:57","date_gmt":"2024-09-26T14:14:57","guid":{"rendered":"https:\/\/italy-tourist-information.com\/contact"},"modified":"2026-05-13T14:33:18","modified_gmt":"2026-05-13T14:33:18","slug":"kontakt","status":"publish","type":"page","link":"https:\/\/italy-tourist-information.com\/de\/kontakt","title":{"rendered":"Kontakt"},"content":{"rendered":"<h1 style=\"text-align: left; font-size: 18px !important;\"><span style=\"font-weight: normal;\">Planen Sie eine Reise nach Italien?<br \/><\/span><\/h1>\n<h1>Kontakt von Italy Tourist Information<\/h1>\n<p>Unser engagiertes Team steht Ihnen zur Seite, um Ihre Reise nach Italien unvergesslich zu machen.<\/p>\n<p>Egal, ob Sie <strong>Informationen<\/strong>&nbsp;ben\u00f6tigen,&nbsp;<strong>Buchungen<\/strong>&nbsp;<strong>vornehmen<\/strong>&nbsp;m\u00f6chten oder Unterst\u00fctzung bei&nbsp;<strong>Gruppenreisen und M.I.C.E.&nbsp;<\/strong>w\u00fcnschen \u2013 wir sind f\u00fcr Sie da.<\/p>\n<p><span style=\"\"><img decoding=\"async\" alt=\"Kontakt f\u00fcr Touristeninformationen Italien\" data-id=\"6225\" title=\"Kontakt f\u00fcr Touristeninformationen Italien\" src=\"https:\/\/italy-tourist-information.com\/wp-content\/uploads\/2024\/09\/Italy-tourist-information-contact-2.jpg\" style=\"aspect-ratio: auto 1000 \/ 655;\" ml-d=\"0\" data-width=\"480\" data-height=\"314\" data-init-width=\"1000\" data-init-height=\"655\" mt-d=\"0\" width=\"480\" height=\"314\" data-link-wrap=\"true\" loading=\"lazy\"><\/span><\/p>\n<p style=\"text-align: center;\">Kontaktieren Sie uns per E-Mail oder nutzen Sie das nachfolgende Kontaktformular.<\/p>\n<h2 style=\"\">Wie k\u00f6nnen wir Ihnen helfen?<\/h2>\n<h3 style=\"\">1. Info-Service<\/h3>\n<p style=\"\">Antworten auf Fragen zu geplanten Ausfl\u00fcgen nach Italien oder zu Ausfl\u00fcgen w\u00e4hrend Ihres Aufenthalts.<\/p>\n<h3 style=\"\">2. Buchungsservice<\/h3>\n<p style=\"\">Buchung von Hotels, Tickets, Touren, Tagungshotels und Gruppenreisen. Reservierungen in Restaurants.<\/p>\n<h3 style=\"\">3. Gruppenreisen und M.I.C.E.<\/h3>\n<p>Ihr Partner f\u00fcr ma\u00dfgeschneiderte Gruppenreisen und Events:<\/p>\n<ul>\n<li><strong>Planung und Organisation von Gruppenreisen:<\/strong>&nbsp;Ob kleine Reisegruppen oder gro\u00dfe Gesellschaften, wir koordinieren alle Details.<\/li>\n<li><strong>M.I.C.E. Services<\/strong>: Unterst\u00fctzung bei Meetings, Incentives, Konferenzen und Events. Wir arbeiten mit lokalen Anbietern und internationalen Reiseveranstaltern zusammen, um Ihre Veranstaltungen perfekt umzusetzen.<\/li>\n<\/ul>\n","protected":false},"excerpt":{"rendered":"<p>Planen Sie eine Reise nach Italien? Kontakt von Italy Tourist Information Unser engagiertes Team steht Ihnen zur Seite, um Ihre Reise nach Italien unvergesslich zu machen. Egal, ob Sie Informationen&nbsp;ben\u00f6tigen,&nbsp;Buchungen&nbsp;vornehmen&nbsp;m\u00f6chten oder Unterst\u00fctzung bei&nbsp;Gruppenreisen und M.I.C.E.&nbsp;w\u00fcnschen \u2013 wir sind f\u00fcr Sie da. Kontaktieren Sie uns per E-Mail oder nutzen Sie das nachfolgende Kontaktformular. Wie k\u00f6nnen wir [&hellip;]<\/p>\n","protected":false},"author":17,"featured_media":17320,"parent":0,"menu_order":0,"comment_status":"closed","ping_status":"closed","template":"","meta":{"footnotes":"","tve_updated_post":"","tve_custom_css":"","tve_user_custom_css":"","tve_globals":{},"tcb2_ready":1,"tcb_editor_enabled":1,"tve_landing_page":"tcb2-blank-page","_tve_header":"17144","_tve_footer":"17145"},"categories":[],"tags":[149],"class_list":["post-17319","page","type-page","status-publish","has-post-thumbnail","hentry","tag-italien","post-wrapper","thrv_wrapper"],"_links":{"self":[{"href":"https:\/\/italy-tourist-information.com\/de\/wp-json\/wp\/v2\/pages\/17319","targetHints":{"allow":["GET"]}}],"collection":[{"href":"https:\/\/italy-tourist-information.com\/de\/wp-json\/wp\/v2\/pages"}],"about":[{"href":"https:\/\/italy-tourist-information.com\/de\/wp-json\/wp\/v2\/types\/page"}],"author":[{"embeddable":true,"href":"https:\/\/italy-tourist-information.com\/de\/wp-json\/wp\/v2\/users\/17"}],"replies":[{"embeddable":true,"href":"https:\/\/italy-tourist-information.com\/de\/wp-json\/wp\/v2\/comments?post=17319"}],"version-history":[{"count":14,"href":"https:\/\/italy-tourist-information.com\/de\/wp-json\/wp\/v2\/pages\/17319\/revisions"}],"predecessor-version":[{"id":20617,"href":"https:\/\/italy-tourist-information.com\/de\/wp-json\/wp\/v2\/pages\/17319\/revisions\/20617"}],"wp:featuredmedia":[{"embeddable":true,"href":"https:\/\/italy-tourist-information.com\/de\/wp-json\/wp\/v2\/media\/17320"}],"wp:attachment":[{"href":"https:\/\/italy-tourist-information.com\/de\/wp-json\/wp\/v2\/media?parent=17319"}],"wp:term":[{"taxonomy":"category","embeddable":true,"href":"https:\/\/italy-tourist-information.com\/de\/wp-json\/wp\/v2\/categories?post=17319"},{"taxonomy":"post_tag","embeddable":true,"href":"https:\/\/italy-tourist-information.com\/de\/wp-json\/wp\/v2\/tags?post=17319"}],"curies":[{"name":"wp","href":"https:\/\/api.w.org\/{rel}","templated":true}]}}