{"id":17346,"date":"2024-09-06T08:28:43","date_gmt":"2024-09-06T08:28:43","guid":{"rendered":"https:\/\/italy-tourist-information.com\/venice-doges-palace-skip-the-line-tickets"},"modified":"2026-04-15T12:31:17","modified_gmt":"2026-04-15T12:31:17","slug":"dogenpalast-tickets-ohne-anstehen","status":"publish","type":"page","link":"https:\/\/italy-tourist-information.com\/de\/dogenpalast-tickets-ohne-anstehen","title":{"rendered":"Dogenpalast Tickets ohne Anstehen"},"content":{"rendered":"<p><span><img decoding=\"async\" alt=\"\" data-id=\"6092\" width=\"1200\" height=\"750\" title=\"Tickets ohne Anstehen f\u00fcr den Dogenpalast\" src=\"https:\/\/italy-tourist-information.com\/wp-content\/uploads\/2024\/09\/Doges-Palace-Skip-the-Line-Tickets-1024x640.avif\" data-src=\"https:\/\/italy-tourist-information.com\/wp-content\/uploads\/2024\/09\/Doges-Palace-Skip-the-Line-Tickets-300x188.avif\" loading=\"lazy\" data-sizes=\"{&quot;thumbnail&quot;:{&quot;url&quot;:&quot;https:\/\/italy-tourist-information.com\/wp-content\/uploads\/2024\/09\/Doges-Palace-Skip-the-Line-Tickets-150x150.avif&quot;,&quot;height&quot;:150,&quot;width&quot;:150,&quot;orientation&quot;:&quot;landscape&quot;},&quot;medium&quot;:{&quot;url&quot;:&quot;https:\/\/italy-tourist-information.com\/wp-content\/uploads\/2024\/09\/Doges-Palace-Skip-the-Line-Tickets-300x188.avif&quot;,&quot;height&quot;:188,&quot;width&quot;:300,&quot;orientation&quot;:&quot;landscape&quot;},&quot;large&quot;:{&quot;url&quot;:&quot;https:\/\/italy-tourist-information.com\/wp-content\/uploads\/2024\/09\/Doges-Palace-Skip-the-Line-Tickets-1024x640.avif&quot;,&quot;height&quot;:640,&quot;width&quot;:1024,&quot;orientation&quot;:&quot;landscape&quot;},&quot;full&quot;:{&quot;url&quot;:&quot;https:\/\/italy-tourist-information.com\/wp-content\/uploads\/2024\/09\/Doges-Palace-Skip-the-Line-Tickets.avif&quot;,&quot;height&quot;:750,&quot;width&quot;:1200,&quot;orientation&quot;:&quot;landscape&quot;}}\"><\/span><span><img decoding=\"async\" alt=\"\" data-id=\"6091\" width=\"1200\" height=\"750\" title=\"Doge's Palace Tickets ohne Anstehen 2\" src=\"https:\/\/italy-tourist-information.com\/wp-content\/uploads\/2024\/09\/Doges-Palace-Skip-the-Line-Tickets-2-1024x640.avif\" data-src=\"https:\/\/italy-tourist-information.com\/wp-content\/uploads\/2024\/09\/Doges-Palace-Skip-the-Line-Tickets-2-300x188.avif\" loading=\"lazy\" data-sizes=\"{&quot;thumbnail&quot;:{&quot;url&quot;:&quot;https:\/\/italy-tourist-information.com\/wp-content\/uploads\/2024\/09\/Doges-Palace-Skip-the-Line-Tickets-2-150x150.avif&quot;,&quot;height&quot;:150,&quot;width&quot;:150,&quot;orientation&quot;:&quot;landscape&quot;},&quot;medium&quot;:{&quot;url&quot;:&quot;https:\/\/italy-tourist-information.com\/wp-content\/uploads\/2024\/09\/Doges-Palace-Skip-the-Line-Tickets-2-300x188.avif&quot;,&quot;height&quot;:188,&quot;width&quot;:300,&quot;orientation&quot;:&quot;landscape&quot;},&quot;large&quot;:{&quot;url&quot;:&quot;https:\/\/italy-tourist-information.com\/wp-content\/uploads\/2024\/09\/Doges-Palace-Skip-the-Line-Tickets-2-1024x640.avif&quot;,&quot;height&quot;:640,&quot;width&quot;:1024,&quot;orientation&quot;:&quot;landscape&quot;},&quot;full&quot;:{&quot;url&quot;:&quot;https:\/\/italy-tourist-information.com\/wp-content\/uploads\/2024\/09\/Doges-Palace-Skip-the-Line-Tickets-2.avif&quot;,&quot;height&quot;:750,&quot;width&quot;:1200,&quot;orientation&quot;:&quot;landscape&quot;}}\"><\/span><span><img decoding=\"async\" alt=\"\" data-id=\"6090\" width=\"1200\" height=\"750\" title=\"Dogenpalast-Tickets ohne Anstehen 3\" src=\"https:\/\/italy-tourist-information.com\/wp-content\/uploads\/2024\/09\/Doges-Palace-Skip-the-Line-Tickets-3-1024x640.avif\" data-src=\"https:\/\/italy-tourist-information.com\/wp-content\/uploads\/2024\/09\/Doges-Palace-Skip-the-Line-Tickets-3-300x188.avif\" loading=\"lazy\" data-sizes=\"{&quot;thumbnail&quot;:{&quot;url&quot;:&quot;https:\/\/italy-tourist-information.com\/wp-content\/uploads\/2024\/09\/Doges-Palace-Skip-the-Line-Tickets-3-150x150.avif&quot;,&quot;height&quot;:150,&quot;width&quot;:150,&quot;orientation&quot;:&quot;landscape&quot;},&quot;medium&quot;:{&quot;url&quot;:&quot;https:\/\/italy-tourist-information.com\/wp-content\/uploads\/2024\/09\/Doges-Palace-Skip-the-Line-Tickets-3-300x188.avif&quot;,&quot;height&quot;:188,&quot;width&quot;:300,&quot;orientation&quot;:&quot;landscape&quot;},&quot;large&quot;:{&quot;url&quot;:&quot;https:\/\/italy-tourist-information.com\/wp-content\/uploads\/2024\/09\/Doges-Palace-Skip-the-Line-Tickets-3-1024x640.avif&quot;,&quot;height&quot;:640,&quot;width&quot;:1024,&quot;orientation&quot;:&quot;landscape&quot;},&quot;full&quot;:{&quot;url&quot;:&quot;https:\/\/italy-tourist-information.com\/wp-content\/uploads\/2024\/09\/Doges-Palace-Skip-the-Line-Tickets-3.avif&quot;,&quot;height&quot;:750,&quot;width&quot;:1200,&quot;orientation&quot;:&quot;landscape&quot;}}\"><\/span><span><img decoding=\"async\" alt=\"\" data-id=\"6089\" width=\"1200\" height=\"750\" title=\"Doge-Palast \u2013 Tickets ohne Anstehen 4\" src=\"https:\/\/italy-tourist-information.com\/wp-content\/uploads\/2024\/09\/Doges-Palace-Skip-the-Line-Tickets-4-1024x640.avif\" data-src=\"https:\/\/italy-tourist-information.com\/wp-content\/uploads\/2024\/09\/Doges-Palace-Skip-the-Line-Tickets-4-300x188.avif\" loading=\"lazy\" data-sizes=\"{&quot;thumbnail&quot;:{&quot;url&quot;:&quot;https:\/\/italy-tourist-information.com\/wp-content\/uploads\/2024\/09\/Doges-Palace-Skip-the-Line-Tickets-4-150x150.avif&quot;,&quot;height&quot;:150,&quot;width&quot;:150,&quot;orientation&quot;:&quot;landscape&quot;},&quot;medium&quot;:{&quot;url&quot;:&quot;https:\/\/italy-tourist-information.com\/wp-content\/uploads\/2024\/09\/Doges-Palace-Skip-the-Line-Tickets-4-300x188.avif&quot;,&quot;height&quot;:188,&quot;width&quot;:300,&quot;orientation&quot;:&quot;landscape&quot;},&quot;large&quot;:{&quot;url&quot;:&quot;https:\/\/italy-tourist-information.com\/wp-content\/uploads\/2024\/09\/Doges-Palace-Skip-the-Line-Tickets-4-1024x640.avif&quot;,&quot;height&quot;:640,&quot;width&quot;:1024,&quot;orientation&quot;:&quot;landscape&quot;},&quot;full&quot;:{&quot;url&quot;:&quot;https:\/\/italy-tourist-information.com\/wp-content\/uploads\/2024\/09\/Doges-Palace-Skip-the-Line-Tickets-4.avif&quot;,&quot;height&quot;:750,&quot;width&quot;:1200,&quot;orientation&quot;:&quot;landscape&quot;}}\"><\/span><\/p>\n<h1>Dogenpalast: Fast-Track-Ticket<\/h1>\n<h2><a href=\"https:\/\/www.tiqets.com\/en\/venice-attractions-c71510\/tickets-for-doges-palace-fast-track-p1058258\/?partner=italytouristinformation&amp;tq_campaign=DogesPalaceGttd\" target=\"_blank\" rel=\"nofollow noopener\" style=\"outline: none;\">Zur Buchung<\/a><\/h2>\n<h1><a href=\"https:\/\/www.tiqets.com\/en\/venice-attractions-c71510\/tickets-for-doges-palace-fast-track-p1058258\/?partner=italytouristinformation&amp;tq_campaign=DogesPalaceGttd\" target=\"_blank\" rel=\"nofollow noopener\" style=\"outline: none;\" spellcheck=\"false\"><strong>Ab 35,00<\/strong> \u20ac<strong><\/strong><\/a><\/h1>\n<p dir=\"ltr\">Entdecken Sie die Geheimnisse der venezianischen Politikgeschichte mit Tickets ohne Anstehen f\u00fcr den Dogenpalast. Genie\u00dfen Sie den unkomplizierten Einlass und erkunden Sie drei weitere Museen am Markusplatz, um in die venezianische Kunst, Geschichte und Kultur einzutauchen.<\/p>\n<ul>\n<li style=\"\"><span>Sorgf\u00e4ltig ausgew\u00e4hltes Ticket &nbsp;<\/span><\/li>\n<li style=\"\"><span>Mobiles Ticket&nbsp;<\/span><\/li>\n<li style=\"\"><span>Sofortige Best\u00e4tigung<\/span><\/li>\n<li style=\"\"><span>Audioguide verf\u00fcgbar<\/span><\/li>\n<\/ul>\n<h2>Inbegriffen<\/h2>\n<ul>\n<li style=\"\">                    <span>Schneller Zugang zum Dogenpalast<\/span><\/li>\n<li style=\"\">                    <span>Zugang zur Seufzerbr\u00fccke<\/span><\/li>\n<li style=\"\">                    <span>Zugang zur Waffenkammer<\/span><\/li>\n<li><span>Zugang zum ersten Stock des Museo Correr<\/span><\/li>\n<li style=\"\">                    <span>Zugang zum Arch\u00e4ologischen Museum<\/span><\/li>\n<li><span>Zugang zur Marciana Nationalbibliothek<\/span><\/li>\n<\/ul>\n<h2>Nicht inbegriffen<\/h2>\n<ul>\n<li style=\"\"><span>F\u00fchrung<\/span><\/li>\n<li style=\"\"><span>Audioguide<br \/><\/span><\/li>\n<\/ul>\n<h2>Wichtige Informationen<\/h2>\n<ul>\n<li style=\"\"><span>Blitzlichtfotografie, Stative, Selfie-Sticks und kommerzielle Fotografie sind nicht gestattet.<br \/><\/span><\/li>\n<li><span>Bitte seien Sie p\u00fcnktlich zu Ihrem gew\u00e4hlten Zeitfenster da \u2013 der Einlass ist bis zu 15 Minuten nach Ihrer reservierten Zeit m\u00f6glich.<\/span><\/li>\n<li style=\"\"><span>F\u00fcr barrierefreien Zugang stehen Rampen und Aufz\u00fcge zur Verf\u00fcgung, jedoch sind bestimmte Bereiche wie die Geheimen Routen, Gef\u00e4ngnisse und die Waffenkammer nicht rollstuhl- oder kinderwagentauglich.<\/span><\/li>\n<li style=\"\"><span>Bringen Sie einen g\u00fcltigen Lichtbildausweis mit.<\/span><\/li>\n<li style=\"\"><span>Bitte bringen Sie Ihre eigenen Kopfh\u00f6rer f\u00fcr den Audioguide mit (falls diese Option ausgew\u00e4hlt wurde).<\/span><\/li>\n<\/ul>\n<h2>Beschreibung:<\/h2>\n<p dir=\"ltr\">Tauchen Sie ein in die venezianische Geschichte mit <strong>Tickets ohne Anstehen f\u00fcr den Dogenpalast.<\/strong> Erkunden Sie <strong>prunkvolle R\u00e4ume<\/strong> mit atemberaubenden Fresken, spazieren Sie \u00fcber die <strong>ber\u00fchmte Seufzerbr\u00fccke<\/strong> und genie\u00dfen Sie den fantastischen Blick auf den Canal Grande. Diese Reise durch Venedigs goldenes Zeitalter ist perfekt f\u00fcr Kunst- und Geschichtsliebhaber.<\/p>\n<h2>Highlights:<\/h2>\n<ul>\n<li>Umgehen Sie die langen Warteschlangen und erkunden Sie direkt den Dogenpalast.<\/li>\n<li dir=\"ltr\">Schlendern Sie durch die prunkvollen Gem\u00e4cher und bestaunen Sie die venezianische Gotikarchitektur des Palastes.<\/li>\n<li dir=\"ltr\">Entdecken Sie kunstvolle Skulpturen an der Palastfassade, darunter Werke von Calendario und Rizzo.<\/li>\n<li dir=\"ltr\">Erleben Sie den geheimnisvollen Reiz der Seufzerbr\u00fccke und die riesige Waffensammlung der Waffenkammer.<\/li>\n<li dir=\"ltr\">Bewundern Sie die prachtvollen Fresken venezianischer Meister wie Tintoretto und Veronese.<\/li>\n<li dir=\"ltr\">Erweitern Sie Ihren Besuch um das Museo Correr, das Arch\u00e4ologische Museum und die Biblioteca Marciana.&nbsp;<\/li>\n<\/ul>\n<h2>Dogenpalast (Palazzo Ducale)<\/h2>\n<p>P.za San Marco, 1, 30124 Venezia VE, Italien<\/p>\n<h2>Stornierungsbedingungen<\/h2>\n<p>Tickets sind nicht stornierbar und k\u00f6nnen nicht umgebucht werden.<\/p>\n<h2>Treffpunkt &amp; Anweisungen<\/h2>\n<p data-pm-slice=\"1 1 []\">Bitte seien Sie p\u00fcnktlich zu Ihrem gew\u00e4hlten Zeitfenster da \u2013 der Einlass ist bis zu 15 Minuten nach Ihrer reservierten Zeit m\u00f6glich.<\/p>\n<p data-pm-slice=\"1 1 []\">Um Ihre Fast-Track-Tickets zu nutzen, begeben Sie sich bitte zum Eingang mit der Aufschrift \u201eVorausbezahltes Ticket\u201c.<\/p>\n<p><a href=\"https:\/\/www.google.com\/maps\/place\/Doge&#039;s+Palace\/@45.4337035,12.3378091,17z\/data=!4m14!1m7!3m6!1s0x477eb1d76e418489:0xb809d204dcca74d1!2sDoge&#039;s+Palace!8m2!3d45.4337035!4d12.3403894!16zL20vMHE0MXo!3m5!1s0x477eb1d76e418489:0xb809d204dcca74d1!8m2!3d45.4337035!4d12.3403894!16zL20vMHE0MXo?entry=ttu&amp;g_ep=EgoyMDI0MDkwMi4xIKXMDSoASAFQAw%3D%3D\" style=\"outline: none;\" data-lt-tmp-id=\"lt-652841\" spellcheck=\"false\" target=\"_blank\" rel=\"nofollow noopener\">In Karten \u00f6ffnen<\/a><\/p>\n<h2>Bewertungen<\/h2>\n<p><strong>4,6\/5&nbsp; <\/strong><strong>(6750 Bewertungen)<\/strong><\/p>\n<p dir=\"ltr\">\u201eIch war schon mal zum Shoppen in Venedig, aber noch nie im Dogenpalast. Er war wundersch\u00f6n. Dank der Fast-Track-Tickets kam ich problemlos p\u00fcnktlich hinein. Ich kann einen Besuch nur empfehlen.\u201c \u2013 Michelle, Juni 2025<\/p>\n<p dir=\"ltr\">\u201eAtemberaubende Kunstwerke, die sich von Wand zu Wand erstreckten, lie\u00dfen die Galerie wie in der Zeit stehen geblieben wirken. Es war eine gro\u00dfartige Veranstaltung, und das All-Access-Ticket mit bevorzugtem Einlass erm\u00f6glichte es uns, den Veranstaltungsort schnell zu erreichen, bevor der Andrang zu gro\u00df wurde. Benjamin, September 2024\u201c <a href=\"https:\/\/www.tiqets.com\/en\/venice-attractions-c71510\/tickets-for-doges-palace-fast-track-p1058258\/?partner=italytouristinformation&amp;tq_campaign=DogesPalaceGttd\" target=\"_blank\" rel=\"nofollow noopener\" style=\"outline: none;\" spellcheck=\"false\">&gt;&gt; Weitere Bewertungen ansehen \u2026<\/a><\/p>\n<h2>Weitere Aktivit\u00e4ten, die Ihnen gefallen k\u00f6nnten<\/h2>\n<p><span># <\/span><strong><span>2<\/span><\/strong><span># <\/span><strong><span>2<\/span><\/strong><span><img decoding=\"async\" alt=\"\" data-id=\"6085\" width=\"159\" data-init-width=\"1600\" height=\"159\" data-init-height=\"1600\" title=\"Dogenpalast \u2013 Geheime F\u00fchrung mit bevorzugtem Einlass\" loading=\"lazy\" src=\"https:\/\/italy-tourist-information.com\/wp-content\/uploads\/2024\/09\/Doges-Palace-Secret-Itinerary-Guided-Tour-Skip-The-Line.avif\" data-width=\"159\" data-height=\"159\" style=\"aspect-ratio: auto 1600 \/ 1600;\"><\/span><\/p>\n<table>\n<tbody>\n<tr>\n<td><a href=\"https:\/\/www.tiqets.com\/en\/venice-attractions-c71510\/tickets-for-doge-s-palace-secret-itinerary-guided-tour-skip-the-line-p1090091\/?partner=italytouristinformation&amp;tq_campaign=DogesPalaceGttd2\" target=\"_blank\" rel=\"nofollow noopener\" style=\"outline: none;\" data-lt-tmp-id=\"lt-827352\" spellcheck=\"false\">Dogenpalast: Geheime F\u00fchrung mit freiem Einlass + Anstehen<\/a><\/td>\n<\/tr>\n<\/tbody>\n<\/table>\n<p>Entdecken Sie die verborgenen Geheimnisse des Dogenpalastes auf einer gef\u00fchrten Tour entlang der \u201eGeheimen Route\u201c, die unter anderem die Gef\u00e4ngnisse, die Seufzerbr\u00fccke und die Waffenkammer umfasst. Genie\u00dfen Sie ein reibungsloses Erlebnis ohne Anstehen.<\/p>\n<h3 style=\"\">Gesamtpreis<\/h3>\n<h3 style=\"\">Ihr Konto wird noch nicht belastet.<\/h3>\n<p><span># <\/span><strong><span>2<\/span><\/strong><span><img decoding=\"async\" alt=\"\" data-id=\"6087\" width=\"159\" data-init-width=\"1185\" height=\"83\" data-init-height=\"616\" title=\"F\u00fchrung durch den Dogenpalast und den Markusdom mit Zugang zur Terrasse\" loading=\"lazy\" src=\"https:\/\/italy-tourist-information.com\/wp-content\/uploads\/2024\/09\/Doges-Palace-St.-Marks-Basilica-with-Terrace-Access-Tour-.jpg\" data-width=\"159\" data-height=\"83\" style=\"aspect-ratio: auto 1185 \/ 616;\"><\/span><\/p>\n<table>\n<tbody>\n<tr>\n<td>\n<table>\n<tbody>\n<tr>\n<td><strong><a data-lt-tmp-id=\"lt-163467\" href=\"https:\/\/www.getyourguide.com\/venice-l35\/st-mark-s-square-and-doge-s-palace-priority-entrance-tour-t234117\/?partner_id=NO9XIDE&amp;utm_medium=online_publisher&amp;cmp=ITIDogesPalaceGttd3\" rel=\"nofollow noopener\" spellcheck=\"false\" target=\"_blank\" style=\"outline: none;\">F\u00fchrung durch den Dogenpalast und den Markusdom mit Zugang zur Terrasse<\/a><\/strong><\/td>\n<\/tr>\n<\/tbody>\n<\/table>\n<p><strong><\/strong><\/td>\n<\/tr>\n<\/tbody>\n<\/table>\n<p>Entdecken Sie Venedigs reiche Geschichte bei einer 3-st\u00fcndigen F\u00fchrung durch den Dogenpalast und den Markusdom, inklusive Seufzerbr\u00fccke und exklusivem Zugang zur Terrasse des Markusdoms mit atemberaubender Aussicht.<\/p>\n<h3 style=\"\">Gesamtpreis<\/h3>\n<h3 style=\"\">Ihr Konto wird noch nicht belastet.<\/h3>\n<p><\/p>\n<p><span><img decoding=\"async\" alt=\"\" data-id=\"11579\" width=\"159\" data-init-width=\"1600\" height=\"99\" data-init-height=\"1000\" title=\"Eintrittskarten ohne Anstehen f\u00fcr den Markusdom und den Dogenpalast inklusive Audioguide\" loading=\"lazy\" src=\"https:\/\/italy-tourist-information.com\/wp-content\/uploads\/2025\/08\/St.-Marks-Basilica-Entry-Doges-Palace-Skip-the-Line-Tickets-with-Audioguide-ota.avif\" data-width=\"159\" data-height=\"99\" style=\"aspect-ratio: auto 1600 \/ 1000;\"><\/span><\/p>\n<table>\n<tbody>\n<tr>\n<td>\n<table>\n<tbody>\n<tr>\n<td><strong><a data-lt-tmp-id=\"lt-292179\" href=\"https:\/\/www.headout.com\/r\/most-amazing-placesrecommends-bHAjz\/\" rel=\"nofollow noopener\" spellcheck=\"false\" target=\"_blank\" style=\"outline: none;\">Eintrittskarten ohne Anstehen f\u00fcr den Markusdom und den Dogenpalast inklusive Audioguide<\/a><\/strong><\/td>\n<\/tr>\n<\/tbody>\n<\/table>\n<p><strong><\/strong><\/td>\n<\/tr>\n<\/tbody>\n<\/table>\n<p>Erleben Sie die Pracht Venedigs mit Tickets ohne Anstehen f\u00fcr den atemberaubenden Markusdom und den historischen Dogenpalast, erg\u00e4nzt durch einen hilfreichen Audioguide.<\/p>\n<h3 style=\"\">Gesamtpreis<\/h3>\n<h3 style=\"\">Ihr Konto wird noch nicht belastet.<\/h3>\n<p><\/p>\n<h2><a href=\"https:\/\/www.tiqets.com\/en\/venice-attractions-c71510\/tickets-for-doges-palace-fast-track-p1058258\/?partner=italytouristinformation&amp;tq_campaign=DogesPalaceGttd\" target=\"_blank\" rel=\"nofollow noopener\" style=\"outline: none;\" spellcheck=\"false\">Zur Buchung<\/a><\/h2>\n<h1><a href=\"https:\/\/www.tiqets.com\/en\/venice-attractions-c71510\/tickets-for-doges-palace-fast-track-p1058258\/?partner=italytouristinformation&amp;tq_campaign=DogesPalaceGttd\" target=\"_blank\" rel=\"nofollow noopener\" style=\"outline: none;\"><strong>Ab 35,00<\/strong> \u20ac<strong><\/strong><\/a><\/h1>\n<p style=\"\">Ihr Konto wird noch nicht belastet.<\/p>\n\n\n<p><\/p>\n","protected":false},"excerpt":{"rendered":"<p>Dogenpalast: Fast-Track-Ticket Zur Buchung Ab 35,00 \u20ac Entdecken Sie die Geheimnisse der venezianischen Politikgeschichte mit Tickets ohne Anstehen f\u00fcr den Dogenpalast. Genie\u00dfen Sie den unkomplizierten Einlass und erkunden Sie drei weitere Museen am Markusplatz, um in die venezianische Kunst, Geschichte und Kultur einzutauchen. Sorgf\u00e4ltig ausgew\u00e4hltes Ticket &nbsp; Mobiles Ticket&nbsp; Sofortige Best\u00e4tigung Audioguide verf\u00fcgbar Inbegriffen Schneller [&hellip;]<\/p>\n","protected":false},"author":6,"featured_media":17347,"parent":0,"menu_order":0,"comment_status":"closed","ping_status":"closed","template":"","meta":{"footnotes":""},"categories":[144,128],"tags":[158,130],"class_list":["post-17346","page","type-page","status-publish","has-post-thumbnail","hentry","category-venedig","category-verkaufsseite","tag-venedig","tag-verkaufsseite","post-wrapper","thrv_wrapper"],"_links":{"self":[{"href":"https:\/\/italy-tourist-information.com\/de\/wp-json\/wp\/v2\/pages\/17346","targetHints":{"allow":["GET"]}}],"collection":[{"href":"https:\/\/italy-tourist-information.com\/de\/wp-json\/wp\/v2\/pages"}],"about":[{"href":"https:\/\/italy-tourist-information.com\/de\/wp-json\/wp\/v2\/types\/page"}],"author":[{"embeddable":true,"href":"https:\/\/italy-tourist-information.com\/de\/wp-json\/wp\/v2\/users\/6"}],"replies":[{"embeddable":true,"href":"https:\/\/italy-tourist-information.com\/de\/wp-json\/wp\/v2\/comments?post=17346"}],"version-history":[{"count":10,"href":"https:\/\/italy-tourist-information.com\/de\/wp-json\/wp\/v2\/pages\/17346\/revisions"}],"predecessor-version":[{"id":19391,"href":"https:\/\/italy-tourist-information.com\/de\/wp-json\/wp\/v2\/pages\/17346\/revisions\/19391"}],"wp:featuredmedia":[{"embeddable":true,"href":"https:\/\/italy-tourist-information.com\/de\/wp-json\/wp\/v2\/media\/17347"}],"wp:attachment":[{"href":"https:\/\/italy-tourist-information.com\/de\/wp-json\/wp\/v2\/media?parent=17346"}],"wp:term":[{"taxonomy":"category","embeddable":true,"href":"https:\/\/italy-tourist-information.com\/de\/wp-json\/wp\/v2\/categories?post=17346"},{"taxonomy":"post_tag","embeddable":true,"href":"https:\/\/italy-tourist-information.com\/de\/wp-json\/wp\/v2\/tags?post=17346"}],"curies":[{"name":"wp","href":"https:\/\/api.w.org\/{rel}","templated":true}]}}