{"id":17356,"date":"2024-09-24T11:10:16","date_gmt":"2024-09-24T11:10:16","guid":{"rendered":"https:\/\/italy-tourist-information.com\/entry-ticket-for-aquarium-of-genoa"},"modified":"2026-04-22T14:48:22","modified_gmt":"2026-04-22T14:48:22","slug":"tickets-fuer-das-aquarium-von-genua","status":"publish","type":"page","link":"https:\/\/italy-tourist-information.com\/de\/tickets-fuer-das-aquarium-von-genua","title":{"rendered":"Tickets f\u00fcr das Aquarium von Genua"},"content":{"rendered":"<p><span><img decoding=\"async\" alt=\"\" data-id=\"7620\" width=\"960\" height=\"639\" title=\"Eintrittskarte 2 f\u00fcr das Aquarium von Genua (Zeitfenster)\" src=\"https:\/\/italy-tourist-information.com\/wp-content\/uploads\/2024\/09\/Aquarium-of-Genoa-Timeslot-Entry-Ticket-2.jpg\" data-src=\"https:\/\/italy-tourist-information.com\/wp-content\/uploads\/2024\/09\/Aquarium-of-Genoa-Timeslot-Entry-Ticket-2-300x200.jpg\" loading=\"lazy\" data-sizes=\"{&quot;thumbnail&quot;:{&quot;url&quot;:&quot;https:\/\/italy-tourist-information.com\/wp-content\/uploads\/2024\/09\/Aquarium-of-Genoa-Timeslot-Entry-Ticket-2-150x150.jpg&quot;,&quot;height&quot;:150,&quot;width&quot;:150,&quot;orientation&quot;:&quot;landscape&quot;},&quot;medium&quot;:{&quot;url&quot;:&quot;https:\/\/italy-tourist-information.com\/wp-content\/uploads\/2024\/09\/Aquarium-of-Genoa-Timeslot-Entry-Ticket-2-300x200.jpg&quot;,&quot;height&quot;:200,&quot;width&quot;:300,&quot;orientation&quot;:&quot;landscape&quot;},&quot;full&quot;:{&quot;url&quot;:&quot;https:\/\/italy-tourist-information.com\/wp-content\/uploads\/2024\/09\/Aquarium-of-Genoa-Timeslot-Entry-Ticket-2.jpg&quot;,&quot;height&quot;:639,&quot;width&quot;:960,&quot;orientation&quot;:&quot;landscape&quot;}}\" style=\"\"><\/span><span><img decoding=\"async\" alt=\"\" data-id=\"7619\" width=\"960\" height=\"639\" title=\"Eintrittskarte 3 f\u00fcr das Aquarium von Genua (Zeitfenster)\" src=\"https:\/\/italy-tourist-information.com\/wp-content\/uploads\/2024\/09\/Aquarium-of-Genoa-Timeslot-Entry-Ticket3.jpg\" data-src=\"https:\/\/italy-tourist-information.com\/wp-content\/uploads\/2024\/09\/Aquarium-of-Genoa-Timeslot-Entry-Ticket3-300x200.jpg\" loading=\"lazy\" data-sizes=\"{&quot;thumbnail&quot;:{&quot;url&quot;:&quot;https:\/\/italy-tourist-information.com\/wp-content\/uploads\/2024\/09\/Aquarium-of-Genoa-Timeslot-Entry-Ticket3-150x150.jpg&quot;,&quot;height&quot;:150,&quot;width&quot;:150,&quot;orientation&quot;:&quot;landscape&quot;},&quot;medium&quot;:{&quot;url&quot;:&quot;https:\/\/italy-tourist-information.com\/wp-content\/uploads\/2024\/09\/Aquarium-of-Genoa-Timeslot-Entry-Ticket3-300x200.jpg&quot;,&quot;height&quot;:200,&quot;width&quot;:300,&quot;orientation&quot;:&quot;landscape&quot;},&quot;full&quot;:{&quot;url&quot;:&quot;https:\/\/italy-tourist-information.com\/wp-content\/uploads\/2024\/09\/Aquarium-of-Genoa-Timeslot-Entry-Ticket3.jpg&quot;,&quot;height&quot;:639,&quot;width&quot;:960,&quot;orientation&quot;:&quot;landscape&quot;}}\" style=\"\"><\/span><span><img decoding=\"async\" alt=\"\" data-id=\"7618\" width=\"960\" height=\"639\" title=\"Eintrittskarte f\u00fcr das Aquarium von Genua (Zeitfenster 4)\" src=\"https:\/\/italy-tourist-information.com\/wp-content\/uploads\/2024\/09\/Aquarium-of-Genoa-Timeslot-Entry-Ticket-4.jpg\" data-src=\"https:\/\/italy-tourist-information.com\/wp-content\/uploads\/2024\/09\/Aquarium-of-Genoa-Timeslot-Entry-Ticket-4-300x200.jpg\" loading=\"lazy\" data-sizes=\"{&quot;thumbnail&quot;:{&quot;url&quot;:&quot;https:\/\/italy-tourist-information.com\/wp-content\/uploads\/2024\/09\/Aquarium-of-Genoa-Timeslot-Entry-Ticket-4-150x150.jpg&quot;,&quot;height&quot;:150,&quot;width&quot;:150,&quot;orientation&quot;:&quot;landscape&quot;},&quot;medium&quot;:{&quot;url&quot;:&quot;https:\/\/italy-tourist-information.com\/wp-content\/uploads\/2024\/09\/Aquarium-of-Genoa-Timeslot-Entry-Ticket-4-300x200.jpg&quot;,&quot;height&quot;:200,&quot;width&quot;:300,&quot;orientation&quot;:&quot;landscape&quot;},&quot;full&quot;:{&quot;url&quot;:&quot;https:\/\/italy-tourist-information.com\/wp-content\/uploads\/2024\/09\/Aquarium-of-Genoa-Timeslot-Entry-Ticket-4.jpg&quot;,&quot;height&quot;:639,&quot;width&quot;:960,&quot;orientation&quot;:&quot;landscape&quot;}}\" style=\"\"><\/span><span><img decoding=\"async\" alt=\"\" data-id=\"7622\" width=\"960\" height=\"639\" title=\"Eintrittskarte f\u00fcr das Aquarium von Genua (Zeitfenster 5)\" src=\"https:\/\/italy-tourist-information.com\/wp-content\/uploads\/2024\/09\/Aquarium-of-Genoa-Timeslot-Entry-Ticket-5.jpg\" data-src=\"https:\/\/italy-tourist-information.com\/wp-content\/uploads\/2024\/09\/Aquarium-of-Genoa-Timeslot-Entry-Ticket-5-300x200.jpg\" loading=\"lazy\" data-sizes=\"{&quot;thumbnail&quot;:{&quot;url&quot;:&quot;https:\/\/italy-tourist-information.com\/wp-content\/uploads\/2024\/09\/Aquarium-of-Genoa-Timeslot-Entry-Ticket-5-150x150.jpg&quot;,&quot;height&quot;:150,&quot;width&quot;:150,&quot;orientation&quot;:&quot;landscape&quot;},&quot;medium&quot;:{&quot;url&quot;:&quot;https:\/\/italy-tourist-information.com\/wp-content\/uploads\/2024\/09\/Aquarium-of-Genoa-Timeslot-Entry-Ticket-5-300x200.jpg&quot;,&quot;height&quot;:200,&quot;width&quot;:300,&quot;orientation&quot;:&quot;landscape&quot;},&quot;full&quot;:{&quot;url&quot;:&quot;https:\/\/italy-tourist-information.com\/wp-content\/uploads\/2024\/09\/Aquarium-of-Genoa-Timeslot-Entry-Ticket-5.jpg&quot;,&quot;height&quot;:639,&quot;width&quot;:960,&quot;orientation&quot;:&quot;landscape&quot;}}\" style=\"\"><\/span><\/p>\n<h1 data-test-id=\"activity-title\" data-track=\"activity-title\" data-v-78ea513c=\"\">Genua: Eintrittskarte f\u00fcr das Aquarium von Genua<\/h1>\n<h2><a href=\"https:\/\/www.getyourguide.com\/genoa-l1009\/aquarium-of-genoa-skip-the-line-ticket-t399086\/?partner_id=NO9XIDE&amp;utm_medium=online_publisher&amp;cmp=ITIDeGenuaAquariumSP\" target=\"_blank\" rel=\"nofollow noopener\" style=\"outline: none;\">Zur Buchung<\/a><\/h2>\n<h1><a href=\"https:\/\/www.getyourguide.com\/genoa-l1009\/aquarium-of-genoa-skip-the-line-ticket-t399086\/?partner_id=NO9XIDE&amp;utm_medium=online_publisher&amp;cmp=ITIDeGenuaAquariumSP\" target=\"_blank\" rel=\"nofollow noopener\" style=\"outline: none;\" spellcheck=\"false\">30,00 \u20ac<\/a><\/h1>\n<p dir=\"ltr\">Erleben Sie die Magie der Meereswelt im Aquarium von Genua, Europas gr\u00f6\u00dftem Unterwasserzoo. Mit \u00fcber 5.000 Tieren aus 400 Arten, darunter verspielte Delfine, majest\u00e4tische Haie und liebenswerte Pinguine, ist diese unvergessliche Tour perfekt f\u00fcr Familien und Naturliebhaber.<\/p>\n<ul>\n<li style=\"\"><span>Handverlesenes Ticket&nbsp;<\/span><\/li>\n<li style=\"\"><span>Warteschlange \u00fcberspringen<\/span><\/li>\n<li style=\"\"><span>G\u00fcltig f\u00fcr 1 Tag<\/span><\/li>\n<li style=\"\"><span>Kostenlose Stornierung<\/span><\/li>\n<\/ul>\n<h2>Inbegriffen<\/h2>\n<ul>\n<li style=\"\">                    <span>Eintrittskarte f\u00fcr das Aquarium von Genua<\/span><\/li>\n<li style=\"\">                    <span>Zugang zu einem Aquarium mit 5.000 Tieren aus 400 Arten<\/span><\/li>\n<\/ul>\n<h2>Nicht inbegriffen<\/h2>\n<ul>\n<li style=\"\"><span>F\u00fchrung<\/span><\/li>\n<\/ul>\n<h2>Wichtige Informationen<\/h2>\n<ul>\n<li style=\"\"><span>Bitte halten Sie sich unbedingt an Ihre gew\u00e4hlte Einlasszeit.<\/span><\/li>\n<li style=\"\"><span>Die Tickets sind nur f\u00fcr das bei der Buchung gew\u00e4hlte Datum und die gew\u00e4hlte Uhrzeit g\u00fcltig.<\/span><\/li>\n<li style=\"\"><span>Letzter Einlass ist 2 Stunden vor Schlie\u00dfung.<\/span><\/li>\n<li><span>Die \u00d6ffnungszeiten des Aquariums variieren je nach Jahreszeit.<\/span><\/li>\n<li><span>Haustiere sind nicht erlaubt, ausgenommen Assistenzhunde.<\/span><\/li>\n<\/ul>\n<h2>Beschreibung:<\/h2>\n<p dir=\"ltr\">Tauchen Sie ein in die faszinierende Unterwasserwelt <strong>des Aquariums von Genua,<\/strong> Heimat einer unglaublichen Vielfalt an Meereslebewesen. Von farbenpr\u00e4chtigen Korallenriffen bis hin zu den eisigen Gew\u00e4ssern der Antarktis \u2013 erkunden Sie unterschiedliche \u00d6kosysteme und begegnen Sie <strong>\u00fcber 5.000 faszinierenden Tieren,<\/strong> darunter Haie, Quallen und verspielte Delfine. Der von dem renommierten <strong>Architekten Renzo Piano<\/strong> entworfene Walpavillon ist ein absolutes Highlight und bietet Freiluftbecken f\u00fcr ein hautnahes Erlebnis mit Delfinen.<strong> <\/strong><\/p>\n<h2>Highlights:<\/h2>\n<ul>\n<li ltr\"\"=\"\"><strong>Entdecken Sie Italiens gr\u00f6\u00dftes Aquarium<\/strong> mit \u00fcber 400 Arten und 5.000 Tieren.<\/li>\n<li ltr\"\"=\"\"><strong>Bestaunen Sie die Gro\u00dfen T\u00fcmmler<\/strong> im atemberaubenden Walpavillon, der von Renzo Piano entworfen wurde.<\/li>\n<li dir=\"ltr\"><strong>Entdecken Sie mehr als 70 detailgetreue Aquarien<\/strong> mit farbenpr\u00e4chtigen Korallenriffen, neugierigen Haien und verspielten Robben.<\/li>\n<li dir=\"ltr\"><strong>Besuchen Sie spezielle Bereiche,<\/strong> die den einzigartigen \u00d6kosystemen der Antarktis und des Mittelmeers gewidmet sind.<\/li>\n<\/ul>\n<h2>Aquarium von Genua<\/h2>\n<p dir=\"ltr\">Ponte Spinola, 16128 Genova GE, Italien<\/p>\n<h2>Stornierungsbedingungen<\/h2>\n<p>Kostenlose Stornierung und Umbuchung sind bis zu 24 Stunden vor Ihrem geplanten Besuch m\u00f6glich.<\/p>\n<h2>Treffpunkt &amp; Anweisungen<\/h2>\n<p dir=\"ltr\">Gehen Sie mit Ihrem Voucher direkt durch die Drehkreuze. Bitte seien Sie p\u00fcnktlich zu Ihrer gew\u00e4hlten Einlasszeit da, um einen reibungslosen Ablauf zu gew\u00e4hrleisten.<\/p>\n<p><a href=\"https:\/\/www.google.com\/maps\/place\/Acquario+di+Genova\/@44.4102211,8.924096,17z\/data=!4m15!1m8!3m7!1s0x12d343e101e57227:0x57b7c3ba05fd1126!2sAcquario+di+Genova!8m2!3d44.4102211!4d8.9266709!10e8!16s%2Fm%2F02r86lq!3m5!1s0x12d343e101e57227:0x57b7c3ba05fd1126!8m2!3d44.4102211!4d8.9266709!16s%2Fm%2F02r86lq?entry=ttu&amp;g_ep=EgoyMDI0MDkxOC4xIKXMDSoASAFQAw%3D%3D\" target=\"_blank\" rel=\"nofollow noopener\" data-lt-tmp-id=\"lt-332764\" spellcheck=\"false\" style=\"outline: none;\">In Karten \u00f6ffnen<\/a><\/p>\n<h2>Bewertungen<\/h2>\n<p><strong>4,5\/5&nbsp; <\/strong><strong>(10174 Bewertungen)<\/strong><\/p>\n<p dir=\"ltr\"><em>\u201eEine atemberaubende Kathedrale im SeaWorld. Ich war voller kindlicher Begeisterung und Freude. Eines der sch\u00f6nsten Naturerlebnisse meines Lebens. Ich sa\u00df stundenlang bei den Delfinen. Grandios!\u201c&nbsp;<\/em> Goran \u2013 August 2024 <a href=\"https:\/\/www.getyourguide.com\/genoa-l1009\/aquarium-of-genoa-skip-the-line-ticket-t399086\/?partner_id=NO9XIDE&amp;utm_medium=online_publisher&amp;cmp=ITIDeGenuaAquariumSP\" target=\"_blank\" rel=\"nofollow noopener\" data-lt-tmp-id=\"lt-325981\" spellcheck=\"false\" style=\"outline: none;\">&gt;&gt; Weitere Bewertungen ansehen \u2026<\/a><em>&nbsp;<\/em><\/p>\n<p><span># <\/span><strong><span>2<\/span><\/strong><span># <\/span><strong><span>2<\/span><\/strong><\/p>\n<p><\/p>\n<h2><a href=\"https:\/\/www.getyourguide.com\/genoa-l1009\/aquarium-of-genoa-skip-the-line-ticket-t399086\/?partner_id=NO9XIDE&amp;utm_medium=online_publisher&amp;cmp=ITIDeGenuaAquariumSP\" target=\"_blank\" rel=\"nofollow noopener\" style=\"outline: none;\">Zur Buchung<\/a><\/h2>\n<p style=\"\"><a href=\"https:\/\/www.getyourguide.com\/genoa-l1009\/aquarium-of-genoa-skip-the-line-ticket-t399086\/?partner_id=NO9XIDE&amp;utm_medium=online_publisher&amp;cmp=ITIDeGenuaAquariumSP\" target=\"_blank\" rel=\"nofollow noopener\" style=\"outline: none;\">Preis ab<\/a><\/p>\n<h1><a href=\"https:\/\/www.getyourguide.com\/genoa-l1009\/aquarium-of-genoa-skip-the-line-ticket-t399086\/?partner_id=NO9XIDE&amp;utm_medium=online_publisher&amp;cmp=ITIDeGenuaAquariumSP\" target=\"_blank\" rel=\"nofollow noopener\" style=\"outline: none;\"><strong>30,00 \u20ac<\/strong><\/a><\/h1>\n<p style=\"\">Ihr Konto wird noch nicht belastet<\/p>\n","protected":false},"excerpt":{"rendered":"<p>Genua: Eintrittskarte f\u00fcr das Aquarium von Genua Zur Buchung 30,00 \u20ac Erleben Sie die Magie der Meereswelt im Aquarium von Genua, Europas gr\u00f6\u00dftem Unterwasserzoo. Mit \u00fcber 5.000 Tieren aus 400 Arten, darunter verspielte Delfine, majest\u00e4tische Haie und liebenswerte Pinguine, ist diese unvergessliche Tour perfekt f\u00fcr Familien und Naturliebhaber. Handverlesenes Ticket&nbsp; Warteschlange \u00fcberspringen G\u00fcltig f\u00fcr 1 [&hellip;]<\/p>\n","protected":false},"author":6,"featured_media":17357,"parent":0,"menu_order":0,"comment_status":"closed","ping_status":"closed","template":"","meta":{"footnotes":""},"categories":[139,128],"tags":[148,130],"class_list":["post-17356","page","type-page","status-publish","has-post-thumbnail","hentry","category-genua","category-verkaufsseite","tag-genua","tag-verkaufsseite","post-wrapper","thrv_wrapper"],"_links":{"self":[{"href":"https:\/\/italy-tourist-information.com\/de\/wp-json\/wp\/v2\/pages\/17356","targetHints":{"allow":["GET"]}}],"collection":[{"href":"https:\/\/italy-tourist-information.com\/de\/wp-json\/wp\/v2\/pages"}],"about":[{"href":"https:\/\/italy-tourist-information.com\/de\/wp-json\/wp\/v2\/types\/page"}],"author":[{"embeddable":true,"href":"https:\/\/italy-tourist-information.com\/de\/wp-json\/wp\/v2\/users\/6"}],"replies":[{"embeddable":true,"href":"https:\/\/italy-tourist-information.com\/de\/wp-json\/wp\/v2\/comments?post=17356"}],"version-history":[{"count":7,"href":"https:\/\/italy-tourist-information.com\/de\/wp-json\/wp\/v2\/pages\/17356\/revisions"}],"predecessor-version":[{"id":20093,"href":"https:\/\/italy-tourist-information.com\/de\/wp-json\/wp\/v2\/pages\/17356\/revisions\/20093"}],"wp:featuredmedia":[{"embeddable":true,"href":"https:\/\/italy-tourist-information.com\/de\/wp-json\/wp\/v2\/media\/17357"}],"wp:attachment":[{"href":"https:\/\/italy-tourist-information.com\/de\/wp-json\/wp\/v2\/media?parent=17356"}],"wp:term":[{"taxonomy":"category","embeddable":true,"href":"https:\/\/italy-tourist-information.com\/de\/wp-json\/wp\/v2\/categories?post=17356"},{"taxonomy":"post_tag","embeddable":true,"href":"https:\/\/italy-tourist-information.com\/de\/wp-json\/wp\/v2\/tags?post=17356"}],"curies":[{"name":"wp","href":"https:\/\/api.w.org\/{rel}","templated":true}]}}