{"id":17386,"date":"2024-09-24T09:44:00","date_gmt":"2024-09-24T09:44:00","guid":{"rendered":"https:\/\/italy-tourist-information.com\/ticket-for-the-ferrari-museum"},"modified":"2026-04-22T14:42:19","modified_gmt":"2026-04-22T14:42:19","slug":"museo-ferrari-maranello-tickets","status":"publish","type":"page","link":"https:\/\/italy-tourist-information.com\/de\/museo-ferrari-maranello-tickets","title":{"rendered":"Museo Ferrari Maranello Tickets"},"content":{"rendered":"<p><span><img decoding=\"async\" alt=\"\" data-id=\"7588\" width=\"1600\" height=\"1600\" title=\"Museo Ferrari \u2013 Eintrittskarte\" src=\"https:\/\/italy-tourist-information.com\/wp-content\/uploads\/2024\/09\/Museo-Ferrari-Entry-Ticket--1024x1024.avif\" data-src=\"https:\/\/italy-tourist-information.com\/wp-content\/uploads\/2024\/09\/Museo-Ferrari-Entry-Ticket--300x300.avif\" loading=\"lazy\" data-sizes=\"{&quot;thumbnail&quot;:{&quot;url&quot;:&quot;https:\/\/italy-tourist-information.com\/wp-content\/uploads\/2024\/09\/Museo-Ferrari-Entry-Ticket--150x150.avif&quot;,&quot;height&quot;:150,&quot;width&quot;:150,&quot;orientation&quot;:&quot;landscape&quot;},&quot;medium&quot;:{&quot;url&quot;:&quot;https:\/\/italy-tourist-information.com\/wp-content\/uploads\/2024\/09\/Museo-Ferrari-Entry-Ticket--300x300.avif&quot;,&quot;height&quot;:300,&quot;width&quot;:300,&quot;orientation&quot;:&quot;landscape&quot;},&quot;large&quot;:{&quot;url&quot;:&quot;https:\/\/italy-tourist-information.com\/wp-content\/uploads\/2024\/09\/Museo-Ferrari-Entry-Ticket--1024x1024.avif&quot;,&quot;height&quot;:1024,&quot;width&quot;:1024,&quot;orientation&quot;:&quot;landscape&quot;},&quot;full&quot;:{&quot;url&quot;:&quot;https:\/\/italy-tourist-information.com\/wp-content\/uploads\/2024\/09\/Museo-Ferrari-Entry-Ticket-.avif&quot;,&quot;height&quot;:1600,&quot;width&quot;:1600,&quot;orientation&quot;:&quot;landscape&quot;},&quot;1536x1536&quot;:{&quot;url&quot;:&quot;https:\/\/italy-tourist-information.com\/wp-content\/uploads\/2024\/09\/Museo-Ferrari-Entry-Ticket--1536x1536.avif&quot;,&quot;height&quot;:1536,&quot;width&quot;:1536,&quot;orientation&quot;:&quot;landscape&quot;}}\" style=\"\"><\/span><span><img decoding=\"async\" alt=\"\" data-id=\"7587\" width=\"1600\" height=\"1600\" title=\"Museo Ferrari \u2013 Eintrittskarte 3\" src=\"https:\/\/italy-tourist-information.com\/wp-content\/uploads\/2024\/09\/Museo-Ferrari-Entry-Ticket-3-1024x1024.avif\" data-src=\"https:\/\/italy-tourist-information.com\/wp-content\/uploads\/2024\/09\/Museo-Ferrari-Entry-Ticket-3-300x300.avif\" loading=\"lazy\" data-sizes=\"{&quot;thumbnail&quot;:{&quot;url&quot;:&quot;https:\/\/italy-tourist-information.com\/wp-content\/uploads\/2024\/09\/Museo-Ferrari-Entry-Ticket-3-150x150.avif&quot;,&quot;height&quot;:150,&quot;width&quot;:150,&quot;orientation&quot;:&quot;landscape&quot;},&quot;medium&quot;:{&quot;url&quot;:&quot;https:\/\/italy-tourist-information.com\/wp-content\/uploads\/2024\/09\/Museo-Ferrari-Entry-Ticket-3-300x300.avif&quot;,&quot;height&quot;:300,&quot;width&quot;:300,&quot;orientation&quot;:&quot;landscape&quot;},&quot;large&quot;:{&quot;url&quot;:&quot;https:\/\/italy-tourist-information.com\/wp-content\/uploads\/2024\/09\/Museo-Ferrari-Entry-Ticket-3-1024x1024.avif&quot;,&quot;height&quot;:1024,&quot;width&quot;:1024,&quot;orientation&quot;:&quot;landscape&quot;},&quot;full&quot;:{&quot;url&quot;:&quot;https:\/\/italy-tourist-information.com\/wp-content\/uploads\/2024\/09\/Museo-Ferrari-Entry-Ticket-3.avif&quot;,&quot;height&quot;:1600,&quot;width&quot;:1600,&quot;orientation&quot;:&quot;landscape&quot;},&quot;1536x1536&quot;:{&quot;url&quot;:&quot;https:\/\/italy-tourist-information.com\/wp-content\/uploads\/2024\/09\/Museo-Ferrari-Entry-Ticket-3-1536x1536.avif&quot;,&quot;height&quot;:1536,&quot;width&quot;:1536,&quot;orientation&quot;:&quot;landscape&quot;}}\" style=\"\"><\/span><span><img decoding=\"async\" alt=\"\" data-id=\"7586\" width=\"1600\" height=\"1600\" title=\"Museo Ferrari \u2013 Eintrittskarte 1\" src=\"https:\/\/italy-tourist-information.com\/wp-content\/uploads\/2024\/09\/Museo-Ferrari-Entry-Ticket-1-1024x1024.avif\" data-src=\"https:\/\/italy-tourist-information.com\/wp-content\/uploads\/2024\/09\/Museo-Ferrari-Entry-Ticket-1-300x300.avif\" loading=\"lazy\" data-sizes=\"{&quot;thumbnail&quot;:{&quot;url&quot;:&quot;https:\/\/italy-tourist-information.com\/wp-content\/uploads\/2024\/09\/Museo-Ferrari-Entry-Ticket-1-150x150.avif&quot;,&quot;height&quot;:150,&quot;width&quot;:150,&quot;orientation&quot;:&quot;landscape&quot;},&quot;medium&quot;:{&quot;url&quot;:&quot;https:\/\/italy-tourist-information.com\/wp-content\/uploads\/2024\/09\/Museo-Ferrari-Entry-Ticket-1-300x300.avif&quot;,&quot;height&quot;:300,&quot;width&quot;:300,&quot;orientation&quot;:&quot;landscape&quot;},&quot;large&quot;:{&quot;url&quot;:&quot;https:\/\/italy-tourist-information.com\/wp-content\/uploads\/2024\/09\/Museo-Ferrari-Entry-Ticket-1-1024x1024.avif&quot;,&quot;height&quot;:1024,&quot;width&quot;:1024,&quot;orientation&quot;:&quot;landscape&quot;},&quot;full&quot;:{&quot;url&quot;:&quot;https:\/\/italy-tourist-information.com\/wp-content\/uploads\/2024\/09\/Museo-Ferrari-Entry-Ticket-1.avif&quot;,&quot;height&quot;:1600,&quot;width&quot;:1600,&quot;orientation&quot;:&quot;landscape&quot;},&quot;1536x1536&quot;:{&quot;url&quot;:&quot;https:\/\/italy-tourist-information.com\/wp-content\/uploads\/2024\/09\/Museo-Ferrari-Entry-Ticket-1-1536x1536.avif&quot;,&quot;height&quot;:1536,&quot;width&quot;:1536,&quot;orientation&quot;:&quot;landscape&quot;}}\" style=\"\"><\/span><span><img decoding=\"async\" alt=\"\" data-id=\"7585\" width=\"1600\" height=\"1600\" title=\"Museo Ferrari \u2013 Eintrittskarte 2\" src=\"https:\/\/italy-tourist-information.com\/wp-content\/uploads\/2024\/09\/Museo-Ferrari-Entry-Ticket-2-1024x1024.avif\" data-src=\"https:\/\/italy-tourist-information.com\/wp-content\/uploads\/2024\/09\/Museo-Ferrari-Entry-Ticket-2-300x300.avif\" loading=\"lazy\" data-sizes=\"{&quot;thumbnail&quot;:{&quot;url&quot;:&quot;https:\/\/italy-tourist-information.com\/wp-content\/uploads\/2024\/09\/Museo-Ferrari-Entry-Ticket-2-150x150.avif&quot;,&quot;height&quot;:150,&quot;width&quot;:150,&quot;orientation&quot;:&quot;landscape&quot;},&quot;medium&quot;:{&quot;url&quot;:&quot;https:\/\/italy-tourist-information.com\/wp-content\/uploads\/2024\/09\/Museo-Ferrari-Entry-Ticket-2-300x300.avif&quot;,&quot;height&quot;:300,&quot;width&quot;:300,&quot;orientation&quot;:&quot;landscape&quot;},&quot;large&quot;:{&quot;url&quot;:&quot;https:\/\/italy-tourist-information.com\/wp-content\/uploads\/2024\/09\/Museo-Ferrari-Entry-Ticket-2-1024x1024.avif&quot;,&quot;height&quot;:1024,&quot;width&quot;:1024,&quot;orientation&quot;:&quot;landscape&quot;},&quot;full&quot;:{&quot;url&quot;:&quot;https:\/\/italy-tourist-information.com\/wp-content\/uploads\/2024\/09\/Museo-Ferrari-Entry-Ticket-2.avif&quot;,&quot;height&quot;:1600,&quot;width&quot;:1600,&quot;orientation&quot;:&quot;landscape&quot;},&quot;1536x1536&quot;:{&quot;url&quot;:&quot;https:\/\/italy-tourist-information.com\/wp-content\/uploads\/2024\/09\/Museo-Ferrari-Entry-Ticket-2-1536x1536.avif&quot;,&quot;height&quot;:1536,&quot;width&quot;:1536,&quot;orientation&quot;:&quot;landscape&quot;}}\" style=\"\"><\/span><\/p>\n<h1>Museo Ferrari Maranello: Eintrittskarte<\/h1>\n<h2><a href=\"https:\/\/www.tiqets.com\/de\/maranello-sehenswuerdigkeiten-c71773\/tickets-fur-museo-ferrari-maranello-eintrittskarte-p975146\/?partner=italytouristinformation&amp;tq_campaign=ITIDeFerrariMuseumSP\" target=\"_blank\" rel=\"nofollow noopener\">Zur Buchung<\/a><\/h2>\n<h1><a href=\"https:\/\/www.tiqets.com\/de\/maranello-sehenswuerdigkeiten-c71773\/tickets-fur-museo-ferrari-maranello-eintrittskarte-p975146\/?partner=italytouristinformation&amp;tq_campaign=ITIDeFerrariMuseumSP\" target=\"_blank\" rel=\"nofollow noopener\" style=\"outline: none;\" spellcheck=\"false\"><strong>Ab 27,00<\/strong> \u20ac<strong><\/strong><\/a><\/h1>\n<p dir=\"ltr\">Erleben Sie die faszinierende 75-j\u00e4hrige Geschichte von Ferrari im legend\u00e4ren Museo Ferrari Maranello. Tauchen Sie ein in die Welt der Hochleistungstechnik und des Designs und entdecken Sie legend\u00e4re Formel-1-Rennwagen, seltene Modelle und bahnbrechende Innovationen, die das Erbe des springenden Pferdes pr\u00e4gen.<\/p>\n<ul>\n<li style=\"\"><span>Handverlesenes Ticket&nbsp;<\/span><\/li>\n<li style=\"\"><span>Handyticket<\/span><\/li>\n<li style=\"\"><span>Dauer: 1 Stunde 30 Minuten<\/span><\/li>\n<li style=\"\"><span>Kostenlose Stornierung<\/span><\/li>\n<\/ul>\n<h2>Inbegriffen<\/h2>\n<ul>\n<li style=\"\">                    <span>Zugang zum Ferrari-Museum in Maranello<\/span><\/li>\n<\/ul>\n<h2>Nicht inbegriffen<\/h2>\n<ul>\n<li style=\"\"><span>Eingang zum Enzo Ferrari Museum in Modena<\/span><\/li>\n<\/ul>\n<h2>Wichtige Informationen<\/h2>\n<ul>\n<li style=\"\"><span>Die Besuchszeit im Museum betr\u00e4gt ungef\u00e4hr 1 Stunde.<\/span><\/li>\n<li style=\"\"><span>Bitte warten Sie mindestens 10 Minuten vor Ihrer geplanten Einlasszeit.<\/span><\/li>\n<li style=\"\"><span>Die Fiorano Track-Tour kann aufgrund von Verpflichtungen der Teilnehmer kurzfristigen \u00c4nderungen oder Absagen unterliegen. Im Falle einer vollst\u00e4ndigen Absage der Tour werden bereits bezahlte Betr\u00e4ge zur\u00fcckerstattet.<\/span><\/li>\n<li><span>Sie k\u00f6nnen das Maranello-Museum entweder vor oder nach Ihrer Tour besuchen; der Besuch dauert ungef\u00e4hr 1 Stunde.<\/span><\/li>\n<\/ul>\n<h2>Beschreibung:<\/h2>\n<p dir=\"ltr\">Tauchen Sie im Ferrari-Museum in Maranello ein, wo Geschichte und Innovation aufeinandertreffen. Bewundern Sie legend\u00e4re Formel-1-Rennwagen, vom siegreichen F2008 bis zum F2004, gefahren von Michael Schumacher. Erleben Sie die Faszination der Ferrari-Entwicklung und sehen Sie exklusive Sondermodelle wie den Enzo und den LaFerrari.<strong> <\/strong><\/p>\n<h2>Highlights:<\/h2>\n<ul>\n<li dir=\"ltr\"><strong>Entdecken Sie 75 Jahre Ferrari-Geschichte.<\/strong> Erleben Sie die Entwicklung dieser legend\u00e4ren Marke, von ihren ersten Rennwagen bis zu ihren neuesten Innovationen.<\/li>\n<li dir=\"ltr\"><strong>Erleben Sie legend\u00e4re Formel-1-Rennwagen. Sehen<\/strong> Sie den F2008, der die Konstrukteurs-Weltmeisterschaft gewann, und den F500 F2, mit dem Ferrari 1952 den ersten Fahrerweltmeistertitel errang, aus n\u00e4chster N\u00e4he.<\/li>\n<li dir=\"ltr\"><strong>Bewundern Sie seltene Sondermodelle.<\/strong> Entdecken Sie die exklusiven Modelle F50, Enzo und LaFerrari, bekannt f\u00fcr ihre innovative Technologie und ihr herausragendes Design.<\/li>\n<li dir=\"ltr\"><strong>Interaktive Ausstellungen.<\/strong> Erleben Sie den Nervenkitzel, hinter dem Steuer zu sitzen, mit Multimedia-Displays und virtuellen Fahrerlebnissen.<\/li>\n<li dir=\"ltr\"><strong>Kombinieren Sie Ihr Erlebnis.<\/strong> Entscheiden Sie sich f\u00fcr ein Kombiticket, das einen Besuch des Enzo Ferrari Museums beinhaltet, und tauchen Sie noch tiefer in die Welt von Ferrari ein.<\/li>\n<\/ul>\n<h2>Ferrari-Museum Maranello<\/h2>\n<p dir=\"ltr\">Via Alfredo Dino Ferrari, 43, 41053 Maranello MO, Italien<\/p>\n<h2>Stornierungsbedingungen<\/h2>\n<p>Kostenlose Stornierung und Umbuchung sind bis zu 24 Stunden vor Ihrem geplanten Besuch m\u00f6glich.<\/p>\n<h2>Treffpunkt &amp; Anweisungen<\/h2>\n<p dir=\"ltr\">Bitte finden Sie sich 10 Minuten vor Ihrem gebuchten Termin am Haupteingang des Ferrari-Museums in Maranello ein. Folgen Sie der Beschilderung zum Ticketschalter, um Ihren Voucher vorzuzeigen und Einlass zu erhalten.<\/p>\n<p><a href=\"https:\/\/www.google.com\/maps\/place\/Galleria+Ferrari\/@44.5297444,10.8615001,17z\/data=!3m1!4b1!4m6!3m5!1s0x4781e629e2ffffff:0x78dd8a4915609a5b!8m2!3d44.5297444!4d10.8615001!16s%2Fm%2F027htmg?entry=ttu&amp;g_ep=EgoyMDI0MDkxOC4xIKXMDSoASAFQAw%3D%3D\" target=\"_blank\" rel=\"nofollow noopener\" data-lt-tmp-id=\"lt-332764\" spellcheck=\"false\" style=\"outline: none;\">In Karten \u00f6ffnen<\/a><\/p>\n<h2>Bewertungen<\/h2>\n<p><strong>4,6\/5&nbsp; <\/strong><strong>(1277 Bewertungen)<\/strong><\/p>\n<p dir=\"ltr\"><em>\u201eWenn Sie Ferrari lieben, werden Sie diesen Ort lieben. Wir haben zuerst eine Spritztour gemacht und dann das Museum besucht \u2013 einfach toll! Sogar meine Frau, die Autos eigentlich nicht mag, war begeistert!\u201c<\/em> Ian, September 2024 <a href=\"https:\/\/www.tiqets.com\/de\/maranello-sehenswuerdigkeiten-c71773\/tickets-fur-museo-ferrari-maranello-eintrittskarte-p975146\/?partner=italytouristinformation&amp;tq_campaign=ITIDeFerrariMuseumSP\" target=\"_blank\" rel=\"nofollow noopener\" data-lt-tmp-id=\"lt-517751\" spellcheck=\"false\" style=\"outline: none;\">&gt;&gt; Weitere Bewertungen ansehen \u2026<\/a><\/p>\n<p><span># <\/span><strong><span>2<\/span><\/strong><span># <\/span><strong><span>2<\/span><\/strong><\/p>\n<p><\/p>\n<h2><a href=\"https:\/\/www.tiqets.com\/de\/maranello-sehenswuerdigkeiten-c71773\/tickets-fur-museo-ferrari-maranello-eintrittskarte-p975146\/?partner=italytouristinformation&amp;tq_campaign=ITIDeFerrariMuseumSP\" target=\"_blank\" rel=\"nofollow noopener\" style=\"outline: none;\">Zur Buchung<\/a><\/h2>\n<p style=\"\"><a href=\"https:\/\/www.tiqets.com\/de\/maranello-sehenswuerdigkeiten-c71773\/tickets-fur-museo-ferrari-maranello-eintrittskarte-p975146\/?partner=italytouristinformation&amp;tq_campaign=ITIDeFerrariMuseumSP\" target=\"_blank\" rel=\"nofollow noopener\" style=\"outline: none;\">Preis ab<\/a><\/p>\n<h1><a href=\"https:\/\/www.tiqets.com\/de\/maranello-sehenswuerdigkeiten-c71773\/tickets-fur-museo-ferrari-maranello-eintrittskarte-p975146\/?partner=italytouristinformation&amp;tq_campaign=ITIDeFerrariMuseumSP\" target=\"_blank\" rel=\"nofollow noopener\" style=\"outline: none;\"><strong>27,00 \u20ac<\/strong><\/a><\/h1>\n<p style=\"\">Ihr Konto wird noch nicht belastet<\/p>\n","protected":false},"excerpt":{"rendered":"<p>Museo Ferrari Maranello: Eintrittskarte Zur Buchung Ab 27,00 \u20ac Erleben Sie die faszinierende 75-j\u00e4hrige Geschichte von Ferrari im legend\u00e4ren Museo Ferrari Maranello. Tauchen Sie ein in die Welt der Hochleistungstechnik und des Designs und entdecken Sie legend\u00e4re Formel-1-Rennwagen, seltene Modelle und bahnbrechende Innovationen, die das Erbe des springenden Pferdes pr\u00e4gen. Handverlesenes Ticket&nbsp; Handyticket Dauer: 1 [&hellip;]<\/p>\n","protected":false},"author":6,"featured_media":17387,"parent":0,"menu_order":0,"comment_status":"closed","ping_status":"closed","template":"","meta":{"footnotes":""},"categories":[128],"tags":[150,130],"class_list":["post-17386","page","type-page","status-publish","has-post-thumbnail","hentry","category-verkaufsseite","tag-modena-de","tag-verkaufsseite","post-wrapper","thrv_wrapper"],"_links":{"self":[{"href":"https:\/\/italy-tourist-information.com\/de\/wp-json\/wp\/v2\/pages\/17386","targetHints":{"allow":["GET"]}}],"collection":[{"href":"https:\/\/italy-tourist-information.com\/de\/wp-json\/wp\/v2\/pages"}],"about":[{"href":"https:\/\/italy-tourist-information.com\/de\/wp-json\/wp\/v2\/types\/page"}],"author":[{"embeddable":true,"href":"https:\/\/italy-tourist-information.com\/de\/wp-json\/wp\/v2\/users\/6"}],"replies":[{"embeddable":true,"href":"https:\/\/italy-tourist-information.com\/de\/wp-json\/wp\/v2\/comments?post=17386"}],"version-history":[{"count":7,"href":"https:\/\/italy-tourist-information.com\/de\/wp-json\/wp\/v2\/pages\/17386\/revisions"}],"predecessor-version":[{"id":20091,"href":"https:\/\/italy-tourist-information.com\/de\/wp-json\/wp\/v2\/pages\/17386\/revisions\/20091"}],"wp:featuredmedia":[{"embeddable":true,"href":"https:\/\/italy-tourist-information.com\/de\/wp-json\/wp\/v2\/media\/17387"}],"wp:attachment":[{"href":"https:\/\/italy-tourist-information.com\/de\/wp-json\/wp\/v2\/media?parent=17386"}],"wp:term":[{"taxonomy":"category","embeddable":true,"href":"https:\/\/italy-tourist-information.com\/de\/wp-json\/wp\/v2\/categories?post=17386"},{"taxonomy":"post_tag","embeddable":true,"href":"https:\/\/italy-tourist-information.com\/de\/wp-json\/wp\/v2\/tags?post=17386"}],"curies":[{"name":"wp","href":"https:\/\/api.w.org\/{rel}","templated":true}]}}