{"id":17393,"date":"2024-09-16T10:10:31","date_gmt":"2024-09-16T10:10:31","guid":{"rendered":"https:\/\/italy-tourist-information.com\/rome-colosseum-and-roman-forum-ticket"},"modified":"2026-04-15T13:30:00","modified_gmt":"2026-04-15T13:30:00","slug":"eintritt-zum-kolosseum-forum-romanum-palatin","status":"publish","type":"page","link":"https:\/\/italy-tourist-information.com\/de\/eintritt-zum-kolosseum-forum-romanum-palatin","title":{"rendered":"Eintritt zum Kolosseum,  Forum Romanum\u00a0und Palatin"},"content":{"rendered":"<p><span><img decoding=\"async\" alt=\"\" data-id=\"6634\" width=\"960\" height=\"638\" title=\"Rom \u2013 Kolosseum und Forum Romanum: Erlebnis- und Audioguide-App\" src=\"https:\/\/italy-tourist-information.com\/wp-content\/uploads\/2024\/09\/Rome-Colosseum-and-Roman-Forum-Experience-Audio-Guide-App-.jpg\" data-src=\"https:\/\/italy-tourist-information.com\/wp-content\/uploads\/2024\/09\/Rome-Colosseum-and-Roman-Forum-Experience-Audio-Guide-App--300x199.jpg\" data-sizes=\"{&quot;thumbnail&quot;:{&quot;url&quot;:&quot;https:\/\/italy-tourist-information.com\/wp-content\/uploads\/2024\/09\/Rome-Colosseum-and-Roman-Forum-Experience-Audio-Guide-App--150x150.jpg&quot;,&quot;height&quot;:150,&quot;width&quot;:150,&quot;orientation&quot;:&quot;landscape&quot;},&quot;medium&quot;:{&quot;url&quot;:&quot;https:\/\/italy-tourist-information.com\/wp-content\/uploads\/2024\/09\/Rome-Colosseum-and-Roman-Forum-Experience-Audio-Guide-App--300x199.jpg&quot;,&quot;height&quot;:199,&quot;width&quot;:300,&quot;orientation&quot;:&quot;landscape&quot;},&quot;full&quot;:{&quot;url&quot;:&quot;https:\/\/italy-tourist-information.com\/wp-content\/uploads\/2024\/09\/Rome-Colosseum-and-Roman-Forum-Experience-Audio-Guide-App-.jpg&quot;,&quot;height&quot;:638,&quot;width&quot;:960,&quot;orientation&quot;:&quot;landscape&quot;}}\" loading=\"lazy\"><\/span><span><img decoding=\"async\" alt=\"\" data-id=\"6633\" width=\"960\" height=\"638\" title=\"Rom \u2013 Kolosseum und Forum Romanum Erlebnis- und Audioguide-App 2\" src=\"https:\/\/italy-tourist-information.com\/wp-content\/uploads\/2024\/09\/Rome-Colosseum-and-Roman-Forum-Experience-Audio-Guide-App-2.jpg\" data-src=\"https:\/\/italy-tourist-information.com\/wp-content\/uploads\/2024\/09\/Rome-Colosseum-and-Roman-Forum-Experience-Audio-Guide-App-2-300x199.jpg\" data-sizes=\"{&quot;thumbnail&quot;:{&quot;url&quot;:&quot;https:\/\/italy-tourist-information.com\/wp-content\/uploads\/2024\/09\/Rome-Colosseum-and-Roman-Forum-Experience-Audio-Guide-App-2-150x150.jpg&quot;,&quot;height&quot;:150,&quot;width&quot;:150,&quot;orientation&quot;:&quot;landscape&quot;},&quot;medium&quot;:{&quot;url&quot;:&quot;https:\/\/italy-tourist-information.com\/wp-content\/uploads\/2024\/09\/Rome-Colosseum-and-Roman-Forum-Experience-Audio-Guide-App-2-300x199.jpg&quot;,&quot;height&quot;:199,&quot;width&quot;:300,&quot;orientation&quot;:&quot;landscape&quot;},&quot;full&quot;:{&quot;url&quot;:&quot;https:\/\/italy-tourist-information.com\/wp-content\/uploads\/2024\/09\/Rome-Colosseum-and-Roman-Forum-Experience-Audio-Guide-App-2.jpg&quot;,&quot;height&quot;:638,&quot;width&quot;:960,&quot;orientation&quot;:&quot;landscape&quot;}}\" loading=\"lazy\"><\/span><span><img decoding=\"async\" alt=\"\" data-id=\"6632\" width=\"960\" height=\"638\" title=\"Rom \u2013 Kolosseum und Forum Romanum Erlebnis- und Audioguide-App 3\" src=\"https:\/\/italy-tourist-information.com\/wp-content\/uploads\/2024\/09\/Rome-Colosseum-and-Roman-Forum-Experience-Audio-Guide-App-3.jpg\" data-src=\"https:\/\/italy-tourist-information.com\/wp-content\/uploads\/2024\/09\/Rome-Colosseum-and-Roman-Forum-Experience-Audio-Guide-App-3-300x199.jpg\" data-sizes=\"{&quot;thumbnail&quot;:{&quot;url&quot;:&quot;https:\/\/italy-tourist-information.com\/wp-content\/uploads\/2024\/09\/Rome-Colosseum-and-Roman-Forum-Experience-Audio-Guide-App-3-150x150.jpg&quot;,&quot;height&quot;:150,&quot;width&quot;:150,&quot;orientation&quot;:&quot;landscape&quot;},&quot;medium&quot;:{&quot;url&quot;:&quot;https:\/\/italy-tourist-information.com\/wp-content\/uploads\/2024\/09\/Rome-Colosseum-and-Roman-Forum-Experience-Audio-Guide-App-3-300x199.jpg&quot;,&quot;height&quot;:199,&quot;width&quot;:300,&quot;orientation&quot;:&quot;landscape&quot;},&quot;full&quot;:{&quot;url&quot;:&quot;https:\/\/italy-tourist-information.com\/wp-content\/uploads\/2024\/09\/Rome-Colosseum-and-Roman-Forum-Experience-Audio-Guide-App-3.jpg&quot;,&quot;height&quot;:638,&quot;width&quot;:960,&quot;orientation&quot;:&quot;landscape&quot;}}\" loading=\"lazy\"><\/span><span><img decoding=\"async\" alt=\"\" data-id=\"6631\" width=\"960\" height=\"638\" title=\"Rom \u2013 Kolosseum und Forum Romanum Erlebnis- und Audioguide-App 4\" src=\"https:\/\/italy-tourist-information.com\/wp-content\/uploads\/2024\/09\/Rome-Colosseum-and-Roman-Forum-Experience-Audio-Guide-App-4.jpg\" data-src=\"https:\/\/italy-tourist-information.com\/wp-content\/uploads\/2024\/09\/Rome-Colosseum-and-Roman-Forum-Experience-Audio-Guide-App-4-300x199.jpg\" data-sizes=\"{&quot;thumbnail&quot;:{&quot;url&quot;:&quot;https:\/\/italy-tourist-information.com\/wp-content\/uploads\/2024\/09\/Rome-Colosseum-and-Roman-Forum-Experience-Audio-Guide-App-4-150x150.jpg&quot;,&quot;height&quot;:150,&quot;width&quot;:150,&quot;orientation&quot;:&quot;landscape&quot;},&quot;medium&quot;:{&quot;url&quot;:&quot;https:\/\/italy-tourist-information.com\/wp-content\/uploads\/2024\/09\/Rome-Colosseum-and-Roman-Forum-Experience-Audio-Guide-App-4-300x199.jpg&quot;,&quot;height&quot;:199,&quot;width&quot;:300,&quot;orientation&quot;:&quot;landscape&quot;},&quot;full&quot;:{&quot;url&quot;:&quot;https:\/\/italy-tourist-information.com\/wp-content\/uploads\/2024\/09\/Rome-Colosseum-and-Roman-Forum-Experience-Audio-Guide-App-4.jpg&quot;,&quot;height&quot;:638,&quot;width&quot;:960,&quot;orientation&quot;:&quot;landscape&quot;}}\" loading=\"lazy\"><\/span><span><img decoding=\"async\" alt=\"\" data-id=\"6630\" width=\"960\" height=\"638\" title=\"Rom \u2013 Kolosseum und Forum Romanum Erlebnis- und Audioguide-App 5\" src=\"https:\/\/italy-tourist-information.com\/wp-content\/uploads\/2024\/09\/Rome-Colosseum-and-Roman-Forum-Experience-Audio-Guide-App-5.jpg\" data-src=\"https:\/\/italy-tourist-information.com\/wp-content\/uploads\/2024\/09\/Rome-Colosseum-and-Roman-Forum-Experience-Audio-Guide-App-5-300x199.jpg\" data-sizes=\"{&quot;thumbnail&quot;:{&quot;url&quot;:&quot;https:\/\/italy-tourist-information.com\/wp-content\/uploads\/2024\/09\/Rome-Colosseum-and-Roman-Forum-Experience-Audio-Guide-App-5-150x150.jpg&quot;,&quot;height&quot;:150,&quot;width&quot;:150,&quot;orientation&quot;:&quot;landscape&quot;},&quot;medium&quot;:{&quot;url&quot;:&quot;https:\/\/italy-tourist-information.com\/wp-content\/uploads\/2024\/09\/Rome-Colosseum-and-Roman-Forum-Experience-Audio-Guide-App-5-300x199.jpg&quot;,&quot;height&quot;:199,&quot;width&quot;:300,&quot;orientation&quot;:&quot;landscape&quot;},&quot;full&quot;:{&quot;url&quot;:&quot;https:\/\/italy-tourist-information.com\/wp-content\/uploads\/2024\/09\/Rome-Colosseum-and-Roman-Forum-Experience-Audio-Guide-App-5.jpg&quot;,&quot;height&quot;:638,&quot;width&quot;:960,&quot;orientation&quot;:&quot;landscape&quot;}}\" loading=\"lazy\"><\/span><\/p>\n<h1 data-qa-marker=\"product-name\">Eintritt zum Kolosseum, Palatin und Forum Romanum<\/h1>\n<h2><a href=\"https:\/\/www.headout.com\/de\/kolosseum-tickets\/fast-track-tickets-kolosseum-forum-romanum-und-palatin-e-7148\/?affiliate_code=KXkQ69&amp;utm_campaign=itidecolosseosp&amp;utm_content=link&amp;utm_medium=affiliate&amp;utm_source=most_amazing_places\" target=\"_blank\" rel=\"nofollow noopener\" style=\"outline: none;\">Zur Buchung<\/a><\/h2>\n<p style=\"\"><a href=\"https:\/\/www.headout.com\/de\/kolosseum-tickets\/fast-track-tickets-kolosseum-forum-romanum-und-palatin-e-7148\/?affiliate_code=KXkQ69&amp;utm_campaign=itidecolosseosp&amp;utm_content=link&amp;utm_medium=affiliate&amp;utm_source=most_amazing_places\" target=\"_blank\" rel=\"nofollow noopener\" style=\"outline: none;\">Preis ab<\/a><\/p>\n<h1><a href=\"https:\/\/www.headout.com\/de\/kolosseum-tickets\/fast-track-tickets-kolosseum-forum-romanum-und-palatin-e-7148\/?affiliate_code=KXkQ69&amp;utm_campaign=itidecolosseosp&amp;utm_content=link&amp;utm_medium=affiliate&amp;utm_source=most_amazing_places\" target=\"_blank\" rel=\"nofollow noopener\" style=\"outline: none;\" spellcheck=\"false\"><strong>23,90 \u20ac<\/strong><\/a><\/h1>\n<p dir=\"ltr\">Betreten Sie das Herz des antiken Roms mit Eintritt zum&nbsp;<strong>Kolosseum, Forum Romanum und Palatin.<\/strong>&nbsp;Erkunden Sie die historischen St\u00e4tten in Ihrem eigenen Tempo, optional mit einer Audio-App, die sie zum Leben erweckt.<\/p>\n<ul>\n<li style=\"\"><span>Handverlesenes Angebot&nbsp;<\/span><\/li>\n<li style=\"\"><span>Sofortige Best\u00e4tigung<\/span><\/li>\n<li style=\"\"><span>Audioguide&nbsp;<\/span><\/li>\n<li style=\"\"><span>Nicht stornierbar<\/span><\/li>\n<\/ul>\n<h2>Inbegriffen<\/h2>\n<ul>\n<li style=\"\">                    <span>Zeitlich festgelegter Eintritt ins Kolosseum&nbsp;<\/span><\/li>\n<li style=\"\">                    <span>Audioguide in Englisch, Spanisch, Franz\u00f6sisch, Deutsch, Italienisch und Chinesisch (optional)<\/span><\/li>\n<li style=\"\">                    <span>Eintritt ins Mamertine-Gef\u00e4ngnis (optional)<\/span><\/li>\n<li style=\"\">                    <span>Spezieller Zugang zur Kolosseum-Arena (optional)<\/span><\/li>\n<li><span>Zugang zum Palatin und zum Forum Romanum<\/span><\/li>\n<\/ul>\n<h2>Nicht inbegriffen<\/h2>\n<ul>\n<li style=\"\"><span>Live-Reisef\u00fchrer<\/span><\/li>\n<li style=\"\"><span>Zugang zum unterirdischen Bereich des Kolosseums und zum Belvedere<\/span><\/li>\n<\/ul>\n<h2>Wichtige Informationen<\/h2>\n<ul>\n<li style=\"\"><span>Der Besuch kann entweder im Kolosseum oder am Forum Romanum und dem Palatinh\u00fcgel beginnen.<\/span><\/li>\n<li style=\"\"><span>Bringen Sie zur Einreise Ihren g\u00fcltigen Reisepass oder Personalausweis mit (gilt auch f\u00fcr Kinder).<\/span><\/li>\n<li style=\"\"><span>Alle Teilnehmer m\u00fcssen bei der Buchung ihren vollst\u00e4ndigen Namen angeben, um Zugang zum Kolosseum zu erhalten.<\/span><\/li>\n<li style=\"\"><span>Ihr Zutritt ist nur f\u00fcr die angegebene Einlasszeit g\u00fcltig.<\/span><\/li>\n<li style=\"\"><span>Stellen Sie sich auf Sicherheitskontrollen am Eingang des Kolosseums ein.<\/span><\/li>\n<li style=\"\"><span>Tragen Sie bequeme Kleidung und bringen Sie einen Sonnenhut f\u00fcr die Au\u00dfenbereiche mit.<\/span><\/li>\n<li><span>Stellen Sie sicher, dass Ihr Smartphone aufgeladen ist und \u00fcber einen Internetzugang f\u00fcr den optionalen Audioguide verf\u00fcgt.&nbsp;<\/span><\/li>\n<li><span>Nicht erlaubt: Haustiere, Waffen oder scharfe Gegenst\u00e4nde, Gep\u00e4ck oder gro\u00dfe Taschen, Alkohol und Drogen sowie Glasgegenst\u00e4nde.<\/span><\/li>\n<\/ul>\n<h2>Beschreibung:<\/h2>\n<p dir=\"ltr\">Entdecken Sie die Geheimnisse des antiken Roms und erkunden Sie das <strong>Kolosseum, das Forum Romanum und den Palatinh\u00fcgel<\/strong> mit einem herunterladbaren Audioguide. Tauchen Sie ein in die Geschichte von Gladiatorenk\u00e4mpfen, politischen Intrigen und imperialer Pracht \u2013 ganz in Ihrem eigenen Tempo.<\/p>\n<h2>Highlights:<\/h2>\n<ul>\n<li>Bewundern Sie die Pracht des Kolosseums, ein Symbol r\u00f6mischer Macht und Ingenieurskunst.<\/li>\n<li dir=\"ltr\">Erstaunen Sie w\u00e4hrend Ihrer Aufkl\u00e4rungstour faszinierende historische Details mit Ihrem optionalen Audioguides.<\/li>\n<li dir=\"ltr\">Entdecken Sie das Forum Romanum, einst das Herzst\u00fcck des politischen, sozialen und wirtschaftlichen Lebens.<\/li>\n<li dir=\"ltr\">Erleben Sie atemberaubende Panoramablicke vom Palatinh\u00fcgel, dem legend\u00e4ren Geburtsort Roms.<\/li>\n<\/ul>\n<h2>Kolosseum<\/h2>\n<p>Piazza del Colosseo, 1, 00184 Roma RM, Italien<\/p>\n<h2>Stornierungsbedingungen<\/h2>\n<p>Diese Erlebnisse k\u00f6nnen nicht storniert oder verschoben werden.<\/p>\n<h2>Treffpunkt &amp; Anweisungen<\/h2>\n<p data-pm-slice=\"1 1 []\">Erscheinen Sie 15 Minuten vor dem vereinbarten Zeitpunkt am Einl\u00f6sepunkt und zeigen Sie Ihren mobilen Voucher zusammen mit einem g\u00fcltigen Lichtbildausweis vor.<\/p>\n<h2>Bewertungen<\/h2>\n<p><strong>4,3\/5&nbsp; <\/strong><strong>(26089 Bewertungen)<\/strong><\/p>\n<p dir=\"ltr\"><em>\u201eDas \u00fcberw\u00e4ltigende Ausma\u00df; es ist ein Wunder, dass ein solches Geb\u00e4ude nach \u00fcber 2000 Jahren noch existiert. Ich war nicht nur vom Entwurf, sondern auch von der handwerklichen Ausf\u00fchrung beeindruckt.\u201c<\/em> \u2013 Osamu, April 2025<\/p>\n<p dir=\"ltr\"><em>\u201eAlles war super, der Kaufprozess ging sehr schnell. Ich w\u00fcrde es auf jeden Fall wiederholen.<\/em> \u201c \u2013 Miguel, M\u00e4rz 2025<\/p>\n<p dir=\"ltr\"><em>\u201eMan konnte sich gut vorstellen, wie das antike Rom war. Der Zugang zu den St\u00e4tten war unkompliziert. Einziger Kritikpunkt: Es war nicht klar, dass nur das Kolosseum im Programm stand. Wir erfuhren vom Team auf dem Palatin, dass man diese St\u00e4tte jederzeit besichtigen kann.\u201c<\/em> Catarina, September 2024 <a href=\"https:\/\/www.headout.com\/de\/kolosseum-tickets\/fast-track-tickets-kolosseum-forum-romanum-und-palatin-e-7148\/?affiliate_code=KXkQ69&amp;utm_campaign=itidecolosseosp&amp;utm_content=link&amp;utm_medium=affiliate&amp;utm_source=most_amazing_places\" target=\"_blank\" rel=\"nofollow noopener\" data-lt-tmp-id=\"lt-321471\" spellcheck=\"false\" style=\"outline: none;\">&gt;&gt; Weitere Bewertungen ansehen \u2026<\/a><\/p>\n<p><span># <\/span><strong><span>2<\/span><\/strong><span># <\/span><strong><span>2<\/span><\/strong><span>#1<\/span><span><img decoding=\"async\" alt=\"\" data-id=\"11490\" width=\"159\" data-init-width=\"1600\" height=\"99\" data-init-height=\"1000\" title=\"Gef\u00fchrte Tour durch Kolosseum, Palatin und Forum Romanum\" loading=\"lazy\" src=\"https:\/\/italy-tourist-information.com\/wp-content\/uploads\/2025\/08\/Colosseum-Palatine-Hill-Roman-Forum-Guided-Tour-ota.avif\" data-width=\"159\" data-height=\"99\" style=\"aspect-ratio: auto 1600 \/ 1000;\"><\/span><\/p>\n<table>\n<tbody>\n<tr>\n<td>\n<table>\n<tbody>\n<tr>\n<td><\/p>\n<table>\n<tbody>\n<tr>\n<td>\n<table>\n<tbody>\n<tr>\n<td><a href=\"https:\/\/www.headout.com\/de\/kolosseum-tickets\/fuehrung-kolosseum-forum-romanum-und-palatin-ohne-anstehen-e-3075\/?affiliate_code=KXkQ69&amp;utm_campaign=itidecolosseumsp2&amp;utm_content=link&amp;utm_medium=affiliate&amp;utm_source=most_amazing_places\" target=\"_blank\" rel=\"nofollow noopener\" style=\"outline: none;\" data-lt-tmp-id=\"lt-37347\" spellcheck=\"false\">F\u00fchrung durch Kolosseum, Palatin und Forum Roman<\/a><\/td>\n<\/tr>\n<\/tbody>\n<\/table>\n<\/td>\n<\/tr>\n<\/tbody>\n<\/table>\n<\/td>\n<\/tr>\n<\/tbody>\n<\/table>\n<\/td>\n<\/tr>\n<\/tbody>\n<\/table>\n<p>Begeben Sie sich auf eine Zeitreise durch die ber\u00fchmtesten antiken St\u00e4tten Roms, vom m\u00e4chtigen Kolosseum bis zum weitl\u00e4ufigen Forum Romanum, dem Herzen eines einst gro\u00dfen Reiches.<\/p>\n<h3 style=\"\">Gesamtpreis<\/h3>\n<h3 style=\"\">Ihr Konto wird noch nicht belastet.<\/h3>\n<p><span><img decoding=\"async\" alt=\"\" data-id=\"8872\" width=\"159\" data-init-width=\"1200\" height=\"99\" data-init-height=\"750\" title=\"F\u00fchrung durch die Unterwelt des Kolosseums, den Palatin und das Forum Romanum\" loading=\"lazy\" src=\"https:\/\/italy-tourist-information.com\/wp-content\/uploads\/2024\/11\/Colosseum-Underground-Palatine-Hill-Roman-Forum-Guided-Tour-.avif\" data-width=\"159\" data-height=\"99\" style=\"aspect-ratio: auto 1200 \/ 750;\"><\/span><\/p>\n<table>\n<tbody>\n<tr>\n<td>\n<table>\n<tbody>\n<tr>\n<td><\/p>\n<table>\n<tbody>\n<tr>\n<td>\n<table>\n<tbody>\n<tr>\n<td><a href=\"https:\/\/www.headout.com\/de\/kolosseum-tickets\/exklusive-kolosseum-untergrund-tour-mit-forum-romanum-e-10208\/?affiliate_code=KXkQ69&amp;utm_campaign=itidecolosseumsp2&amp;utm_content=link&amp;utm_medium=affiliate&amp;utm_source=most_amazing_places\" target=\"_blank\" rel=\"nofollow noopener\" style=\"outline: none;\">F\u00fchrung durch die Unterwelt des Kolosseums, den Palatin und das Forum Romanum<\/a><\/td>\n<\/tr>\n<\/tbody>\n<\/table>\n<\/td>\n<\/tr>\n<\/tbody>\n<\/table>\n<p><strong><\/strong><\/td>\n<\/tr>\n<\/tbody>\n<\/table>\n<\/td>\n<\/tr>\n<\/tbody>\n<\/table>\n<p data-pm-slice=\"1 1 []\">Entdecken Sie die Geheimnisse des antiken Roms mit exklusivem Zugang zu den unterirdischen Kammern des Kolosseums, der Arena und dem Palatinh\u00fcgel unter der F\u00fchrung eines Experten.<\/p>\n<h3 style=\"\">Gesamtpreis<\/h3>\n<h3 style=\"\">Ihr Konto wird noch nicht belastet.<\/h3>\n<p><\/p>\n<h2><a href=\"https:\/\/www.headout.com\/de\/kolosseum-tickets\/fast-track-tickets-kolosseum-forum-romanum-und-palatin-e-7148\/?affiliate_code=KXkQ69&amp;utm_campaign=itidecolosseosp&amp;utm_content=link&amp;utm_medium=affiliate&amp;utm_source=most_amazing_places\" target=\"_blank\" rel=\"nofollow noopener\" style=\"outline: none;\" spellcheck=\"false\">Zur Buchung<\/a><\/h2>\n<p style=\"\"><a href=\"https:\/\/www.headout.com\/de\/kolosseum-tickets\/fast-track-tickets-kolosseum-forum-romanum-und-palatin-e-7148\/?affiliate_code=KXkQ69&amp;utm_campaign=itidecolosseosp&amp;utm_content=link&amp;utm_medium=affiliate&amp;utm_source=most_amazing_places\" target=\"_blank\" rel=\"nofollow noopener\" style=\"outline: none;\" spellcheck=\"false\">Preis ab<\/a><\/p>\n<h1><a href=\"https:\/\/www.headout.com\/de\/kolosseum-tickets\/fast-track-tickets-kolosseum-forum-romanum-und-palatin-e-7148\/?affiliate_code=KXkQ69&amp;utm_campaign=itidecolosseosp&amp;utm_content=link&amp;utm_medium=affiliate&amp;utm_source=most_amazing_places\" target=\"_blank\" rel=\"nofollow noopener\" style=\"outline: none;\" spellcheck=\"false\"><strong>23,90 \u20ac<br \/><\/strong><\/a><\/h1>\n<p style=\"\">Ihr Konto wird noch nicht belastet.<\/p>\n","protected":false},"excerpt":{"rendered":"<p>Eintritt zum Kolosseum, Palatin und Forum Romanum Zur Buchung Preis ab 23,90 \u20ac Betreten Sie das Herz des antiken Roms mit Eintritt zum&nbsp;Kolosseum, Forum Romanum und Palatin.&nbsp;Erkunden Sie die historischen St\u00e4tten in Ihrem eigenen Tempo, optional mit einer Audio-App, die sie zum Leben erweckt. Handverlesenes Angebot&nbsp; Sofortige Best\u00e4tigung Audioguide&nbsp; Nicht stornierbar Inbegriffen Zeitlich festgelegter Eintritt [&hellip;]<\/p>\n","protected":false},"author":6,"featured_media":17394,"parent":0,"menu_order":0,"comment_status":"closed","ping_status":"closed","template":"","meta":{"footnotes":""},"categories":[143,128],"tags":[155,130],"class_list":["post-17393","page","type-page","status-publish","has-post-thumbnail","hentry","category-rom","category-verkaufsseite","tag-rom","tag-verkaufsseite","post-wrapper","thrv_wrapper"],"_links":{"self":[{"href":"https:\/\/italy-tourist-information.com\/de\/wp-json\/wp\/v2\/pages\/17393","targetHints":{"allow":["GET"]}}],"collection":[{"href":"https:\/\/italy-tourist-information.com\/de\/wp-json\/wp\/v2\/pages"}],"about":[{"href":"https:\/\/italy-tourist-information.com\/de\/wp-json\/wp\/v2\/types\/page"}],"author":[{"embeddable":true,"href":"https:\/\/italy-tourist-information.com\/de\/wp-json\/wp\/v2\/users\/6"}],"replies":[{"embeddable":true,"href":"https:\/\/italy-tourist-information.com\/de\/wp-json\/wp\/v2\/comments?post=17393"}],"version-history":[{"count":10,"href":"https:\/\/italy-tourist-information.com\/de\/wp-json\/wp\/v2\/pages\/17393\/revisions"}],"predecessor-version":[{"id":19410,"href":"https:\/\/italy-tourist-information.com\/de\/wp-json\/wp\/v2\/pages\/17393\/revisions\/19410"}],"wp:featuredmedia":[{"embeddable":true,"href":"https:\/\/italy-tourist-information.com\/de\/wp-json\/wp\/v2\/media\/17394"}],"wp:attachment":[{"href":"https:\/\/italy-tourist-information.com\/de\/wp-json\/wp\/v2\/media?parent=17393"}],"wp:term":[{"taxonomy":"category","embeddable":true,"href":"https:\/\/italy-tourist-information.com\/de\/wp-json\/wp\/v2\/categories?post=17393"},{"taxonomy":"post_tag","embeddable":true,"href":"https:\/\/italy-tourist-information.com\/de\/wp-json\/wp\/v2\/tags?post=17393"}],"curies":[{"name":"wp","href":"https:\/\/api.w.org\/{rel}","templated":true}]}}