{"id":17403,"date":"2024-09-24T13:52:23","date_gmt":"2024-09-24T13:52:23","guid":{"rendered":"https:\/\/italy-tourist-information.com\/fast-track-tickets-for-peggy-guggenheim-collection"},"modified":"2026-04-15T12:50:44","modified_gmt":"2026-04-15T12:50:44","slug":"tickets-fuer-die-peggy-guggenheim-collection","status":"publish","type":"page","link":"https:\/\/italy-tourist-information.com\/de\/tickets-fuer-die-peggy-guggenheim-collection","title":{"rendered":"Fast-Track-Tickets f\u00fcr die Peggy Guggenheim Collection\u00a0"},"content":{"rendered":"<p><span><img decoding=\"async\" alt=\"\" data-id=\"7646\" width=\"1600\" height=\"1600\" title=\"Peggy Guggenheim Sammlung \u2013 Fast-Track-Ticket\" src=\"https:\/\/italy-tourist-information.com\/wp-content\/uploads\/2024\/09\/Peggy-Guggenheim-Collection-Fast-Track-Ticket--1024x1024.avif\" data-src=\"https:\/\/italy-tourist-information.com\/wp-content\/uploads\/2024\/09\/Peggy-Guggenheim-Collection-Fast-Track-Ticket--300x300.avif\" loading=\"lazy\" data-sizes=\"{&quot;thumbnail&quot;:{&quot;url&quot;:&quot;https:\/\/italy-tourist-information.com\/wp-content\/uploads\/2024\/09\/Peggy-Guggenheim-Collection-Fast-Track-Ticket--150x150.avif&quot;,&quot;height&quot;:150,&quot;width&quot;:150,&quot;orientation&quot;:&quot;landscape&quot;},&quot;medium&quot;:{&quot;url&quot;:&quot;https:\/\/italy-tourist-information.com\/wp-content\/uploads\/2024\/09\/Peggy-Guggenheim-Collection-Fast-Track-Ticket--300x300.avif&quot;,&quot;height&quot;:300,&quot;width&quot;:300,&quot;orientation&quot;:&quot;landscape&quot;},&quot;large&quot;:{&quot;url&quot;:&quot;https:\/\/italy-tourist-information.com\/wp-content\/uploads\/2024\/09\/Peggy-Guggenheim-Collection-Fast-Track-Ticket--1024x1024.avif&quot;,&quot;height&quot;:1024,&quot;width&quot;:1024,&quot;orientation&quot;:&quot;landscape&quot;},&quot;full&quot;:{&quot;url&quot;:&quot;https:\/\/italy-tourist-information.com\/wp-content\/uploads\/2024\/09\/Peggy-Guggenheim-Collection-Fast-Track-Ticket-.avif&quot;,&quot;height&quot;:1600,&quot;width&quot;:1600,&quot;orientation&quot;:&quot;landscape&quot;},&quot;1536x1536&quot;:{&quot;url&quot;:&quot;https:\/\/italy-tourist-information.com\/wp-content\/uploads\/2024\/09\/Peggy-Guggenheim-Collection-Fast-Track-Ticket--1536x1536.avif&quot;,&quot;height&quot;:1536,&quot;width&quot;:1536,&quot;orientation&quot;:&quot;landscape&quot;}}\" style=\"\"><\/span><span><img decoding=\"async\" alt=\"\" data-id=\"7645\" width=\"1600\" height=\"1600\" title=\"Peggy Guggenheim Collection \u2013 Fast Track Ticket 2\" src=\"https:\/\/italy-tourist-information.com\/wp-content\/uploads\/2024\/09\/Peggy-Guggenheim-Collection-Fast-Track-Ticket-2-1024x1024.avif\" data-src=\"https:\/\/italy-tourist-information.com\/wp-content\/uploads\/2024\/09\/Peggy-Guggenheim-Collection-Fast-Track-Ticket-2-300x300.avif\" loading=\"lazy\" data-sizes=\"{&quot;thumbnail&quot;:{&quot;url&quot;:&quot;https:\/\/italy-tourist-information.com\/wp-content\/uploads\/2024\/09\/Peggy-Guggenheim-Collection-Fast-Track-Ticket-2-150x150.avif&quot;,&quot;height&quot;:150,&quot;width&quot;:150,&quot;orientation&quot;:&quot;landscape&quot;},&quot;medium&quot;:{&quot;url&quot;:&quot;https:\/\/italy-tourist-information.com\/wp-content\/uploads\/2024\/09\/Peggy-Guggenheim-Collection-Fast-Track-Ticket-2-300x300.avif&quot;,&quot;height&quot;:300,&quot;width&quot;:300,&quot;orientation&quot;:&quot;landscape&quot;},&quot;large&quot;:{&quot;url&quot;:&quot;https:\/\/italy-tourist-information.com\/wp-content\/uploads\/2024\/09\/Peggy-Guggenheim-Collection-Fast-Track-Ticket-2-1024x1024.avif&quot;,&quot;height&quot;:1024,&quot;width&quot;:1024,&quot;orientation&quot;:&quot;landscape&quot;},&quot;full&quot;:{&quot;url&quot;:&quot;https:\/\/italy-tourist-information.com\/wp-content\/uploads\/2024\/09\/Peggy-Guggenheim-Collection-Fast-Track-Ticket-2.avif&quot;,&quot;height&quot;:1600,&quot;width&quot;:1600,&quot;orientation&quot;:&quot;landscape&quot;},&quot;1536x1536&quot;:{&quot;url&quot;:&quot;https:\/\/italy-tourist-information.com\/wp-content\/uploads\/2024\/09\/Peggy-Guggenheim-Collection-Fast-Track-Ticket-2-1536x1536.avif&quot;,&quot;height&quot;:1536,&quot;width&quot;:1536,&quot;orientation&quot;:&quot;landscape&quot;}}\" style=\"\"><\/span><span><img decoding=\"async\" alt=\"\" data-id=\"7644\" width=\"1600\" height=\"1600\" title=\"Peggy Guggenheim Sammlung \u2013 Fast-Track-Ticket 3\" src=\"https:\/\/italy-tourist-information.com\/wp-content\/uploads\/2024\/09\/Peggy-Guggenheim-Collection-Fast-Track-Ticket-3-1024x1024.avif\" data-src=\"https:\/\/italy-tourist-information.com\/wp-content\/uploads\/2024\/09\/Peggy-Guggenheim-Collection-Fast-Track-Ticket-3-300x300.avif\" loading=\"lazy\" data-sizes=\"{&quot;thumbnail&quot;:{&quot;url&quot;:&quot;https:\/\/italy-tourist-information.com\/wp-content\/uploads\/2024\/09\/Peggy-Guggenheim-Collection-Fast-Track-Ticket-3-150x150.avif&quot;,&quot;height&quot;:150,&quot;width&quot;:150,&quot;orientation&quot;:&quot;landscape&quot;},&quot;medium&quot;:{&quot;url&quot;:&quot;https:\/\/italy-tourist-information.com\/wp-content\/uploads\/2024\/09\/Peggy-Guggenheim-Collection-Fast-Track-Ticket-3-300x300.avif&quot;,&quot;height&quot;:300,&quot;width&quot;:300,&quot;orientation&quot;:&quot;landscape&quot;},&quot;large&quot;:{&quot;url&quot;:&quot;https:\/\/italy-tourist-information.com\/wp-content\/uploads\/2024\/09\/Peggy-Guggenheim-Collection-Fast-Track-Ticket-3-1024x1024.avif&quot;,&quot;height&quot;:1024,&quot;width&quot;:1024,&quot;orientation&quot;:&quot;landscape&quot;},&quot;full&quot;:{&quot;url&quot;:&quot;https:\/\/italy-tourist-information.com\/wp-content\/uploads\/2024\/09\/Peggy-Guggenheim-Collection-Fast-Track-Ticket-3.avif&quot;,&quot;height&quot;:1600,&quot;width&quot;:1600,&quot;orientation&quot;:&quot;landscape&quot;},&quot;1536x1536&quot;:{&quot;url&quot;:&quot;https:\/\/italy-tourist-information.com\/wp-content\/uploads\/2024\/09\/Peggy-Guggenheim-Collection-Fast-Track-Ticket-3-1536x1536.avif&quot;,&quot;height&quot;:1536,&quot;width&quot;:1536,&quot;orientation&quot;:&quot;landscape&quot;}}\" style=\"\"><\/span><span><img decoding=\"async\" alt=\"\" data-id=\"7643\" width=\"1600\" height=\"1600\" title=\"Peggy Guggenheim Sammlung \u2013 Fast-Track-Ticket 4\" src=\"https:\/\/italy-tourist-information.com\/wp-content\/uploads\/2024\/09\/Peggy-Guggenheim-Collection-Fast-Track-Ticket-4-1024x1024.avif\" data-src=\"https:\/\/italy-tourist-information.com\/wp-content\/uploads\/2024\/09\/Peggy-Guggenheim-Collection-Fast-Track-Ticket-4-300x300.avif\" loading=\"lazy\" data-sizes=\"{&quot;thumbnail&quot;:{&quot;url&quot;:&quot;https:\/\/italy-tourist-information.com\/wp-content\/uploads\/2024\/09\/Peggy-Guggenheim-Collection-Fast-Track-Ticket-4-150x150.avif&quot;,&quot;height&quot;:150,&quot;width&quot;:150,&quot;orientation&quot;:&quot;landscape&quot;},&quot;medium&quot;:{&quot;url&quot;:&quot;https:\/\/italy-tourist-information.com\/wp-content\/uploads\/2024\/09\/Peggy-Guggenheim-Collection-Fast-Track-Ticket-4-300x300.avif&quot;,&quot;height&quot;:300,&quot;width&quot;:300,&quot;orientation&quot;:&quot;landscape&quot;},&quot;large&quot;:{&quot;url&quot;:&quot;https:\/\/italy-tourist-information.com\/wp-content\/uploads\/2024\/09\/Peggy-Guggenheim-Collection-Fast-Track-Ticket-4-1024x1024.avif&quot;,&quot;height&quot;:1024,&quot;width&quot;:1024,&quot;orientation&quot;:&quot;landscape&quot;},&quot;full&quot;:{&quot;url&quot;:&quot;https:\/\/italy-tourist-information.com\/wp-content\/uploads\/2024\/09\/Peggy-Guggenheim-Collection-Fast-Track-Ticket-4.avif&quot;,&quot;height&quot;:1600,&quot;width&quot;:1600,&quot;orientation&quot;:&quot;landscape&quot;},&quot;1536x1536&quot;:{&quot;url&quot;:&quot;https:\/\/italy-tourist-information.com\/wp-content\/uploads\/2024\/09\/Peggy-Guggenheim-Collection-Fast-Track-Ticket-4-1536x1536.avif&quot;,&quot;height&quot;:1536,&quot;width&quot;:1536,&quot;orientation&quot;:&quot;landscape&quot;}}\" style=\"\"><\/span><\/p>\n<h1>Peggy Guggenheim Sammlung: Fast-Track-Ticket<\/h1>\n<h2><a href=\"https:\/\/www.tiqets.com\/de\/attraktionen-und-aktivitaten-in-venedig-c71510\/tickets-fur-peggy-guggenheim-collection-ticket-mit-schnelleintritt-p975592\/?partner=italytouristinformation&amp;tq_campaign=ITIDePeggyGuggenheimSp\" target=\"_blank\" rel=\"nofollow noopener\" style=\"outline: none;\">Zur Buchung<\/a><\/h2>\n<h1><a href=\"https:\/\/www.tiqets.com\/de\/attraktionen-und-aktivitaten-in-venedig-c71510\/tickets-fur-peggy-guggenheim-collection-ticket-mit-schnelleintritt-p975592\/?partner=italytouristinformation&amp;tq_campaign=ITIDePeggyGuggenheimSp\" target=\"_blank\" rel=\"nofollow noopener\" style=\"outline: none;\" spellcheck=\"false\"><strong>Ab 18,50<\/strong> \u20ac<strong><\/strong><\/a><\/h1>\n<p dir=\"ltr\">Entdecken Sie eine wahre Schatzkammer der Kunst des 20. Jahrhunderts in der Peggy Guggenheim Collection in Venedig. Bestaunen Sie Meisterwerke ber\u00fchmter K\u00fcnstler wie Picasso, Dal\u00ed und Pollock, die alle in Peggy Guggenheims ehemaligem Wohnhaus am ber\u00fchmten Canal Grande ausgestellt sind.<\/p>\n<ul>\n<li style=\"\"><span>Handverlesenes Ticket&nbsp;<\/span><\/li>\n<li style=\"\"><span>Mobiles Ticket<\/span><\/li>\n<li style=\"\"><span>Schnelleinlass<\/span><\/li>\n<li style=\"\"><span>Audioguide<\/span><\/li>\n<\/ul>\n<h2>Inbegriffen<\/h2>\n<ul>\n<li style=\"\">                    <span>Eintritt zur Peggy Guggenheim Sammlung<\/span><\/li>\n<\/ul>\n<h2>Nicht inbegriffen<\/h2>\n<ul>\n<li style=\"\"><span>Audioguide (am Eingang f\u00fcr 7 \u20ac in mehreren Sprachen erh\u00e4ltlich)<\/span><\/li>\n<\/ul>\n<h2>Wichtige Informationen<\/h2>\n<ul>\n<li style=\"\"><span>Sie k\u00f6nnen das Museum jederzeit innerhalb des angegebenen Zeitfensters betreten: 10:00\u201312:00 Uhr oder 14:00\u201316:00 Uhr.<\/span><\/li>\n<li style=\"\"><span>Eine Garderobe ist vorhanden; Babytragen werden kontrolliert.<\/span><\/li>\n<li style=\"\"><span>Haustiere sind nicht erlaubt, ausgenommen Blindenhunde.<\/span><\/li>\n<li style=\"\"><span>F\u00fcr erm\u00e4\u00dfigte Tickets ist ein g\u00fcltiger (Studenten-)Ausweis erforderlich.<\/span><\/li>\n<li style=\"\"><span>Fotografieren ohne Blitz ist erlaubt.<\/span><\/li>\n<\/ul>\n<h2>Beschreibung:<\/h2>\n<p dir=\"ltr\">Tauchen Sie ein in die Welt der modernen Kunst in der Peggy Guggenheim Collection und bewundern Sie eine beeindruckende Auswahl europ\u00e4ischer und amerikanischer Meisterwerke. Das ehemalige Wohnhaus von Peggy Guggenheim, direkt am Canal Grande gelegen, bietet einen einzigartigen Einblick in die Kunststr\u00f6mungen, die das 20. Jahrhundert pr\u00e4gten.<\/p>\n<h2>Highlights:<\/h2>\n<ul>\n<li dir=\"ltr\"><span style=\"color: var(--tcb-skin-color-4); font-weight: var(--g-regular-weight, normal);\">Entdecken Sie eine vielf\u00e4ltige Palette an Kunststilen, darunter Kubismus, Surrealismus und Abstrakter Expressionismus.<\/span><\/li>\n<li dir=\"ltr\">Bewundern Sie Werke legend\u00e4rer K\u00fcnstler wie Picasso, Kandinsky und Magritte.<\/li>\n<li dir=\"ltr\">Schlendern Sie durch die Privatsammlung von Peggy Guggenheim im historischen Palazzo Venier dei Leoni.<\/li>\n<li dir=\"ltr\">Lernen Sie das faszinierende Leben und Verm\u00f6gen von Peggy Guggenheim kennen, einer prominenten Kunstsammlerin und Society-Lady.<\/li>\n<\/ul>\n<h1>Peggy Guggenheim Collection<\/h1>\n<p>Dorsoduro, 701, 30123 Venezia VE, Italien<\/p>\n<h2>Stornierungsbedingungen<\/h2>\n<p><span data-sheets-root=\"1\">Tickets sind grunds\u00e4tzlich nicht erstattungsf\u00e4hig und k\u00f6nnen nicht umgebucht werden, es sei denn, Sie w\u00e4hlen beim Bezahlvorgang ein stornierbares Ticket aus.<\/span><\/p>\n<h2>Treffpunkt &amp; Anweisungen<\/h2>\n<p data-pm-slice=\"1 1 []\">Bitte legen Sie am Veranstaltungsort Ihren mobilen Voucher zusammen mit einem g\u00fcltigen Lichtbildausweis vor. Erscheinen Sie 10\u201315 Minuten vor Tourbeginn, um Verz\u00f6gerungen zu vermeiden.<\/p>\n<p><a href=\"https:\/\/www.google.com\/maps\/place\/Peggy+Guggenheim+Collection\/@45.4308209,12.3289625,17z\/data=!4m15!1m8!3m7!1s0x477eb1d3d3b8fec5:0xe3c68f64caa349ed!2sPeggy+Guggenheim+Collection!8m2!3d45.4308209!4d12.3315374!10e8!16zL20vMHE5cnI!3m5!1s0x477eb1d3d3b8fec5:0xe3c68f64caa349ed!8m2!3d45.4308209!4d12.3315374!16zL20vMHE5cnI?entry=ttu&amp;g_ep=EgoyMDI0MDkxOC4xIKXMDSoASAFQAw%3D%3D\" target=\"_blank\" rel=\"nofollow noopener\" style=\"outline: none;\" data-lt-tmp-id=\"lt-210497\" spellcheck=\"false\">In Karten \u00f6ffnen<\/a><\/p>\n<h2>Bewertungen<\/h2>\n<p><strong>4,6\/5&nbsp; <\/strong><strong>(708 Bewertungen)<\/strong><\/p>\n<p dir=\"ltr\"><em>\u201eDie Peggy Guggenheim Collection und der dazugeh\u00f6rige Skulpturengarten sind absolut sehenswert. Um Wartezeiten zu vermeiden, buchen Sie am besten vor Ihrem Besuch ein Fast-Track-Ticket.\u201c<\/em> Konrad, September 2024 <a href=\"https:\/\/www.tiqets.com\/de\/attraktionen-und-aktivitaten-in-venedig-c71510\/tickets-fur-peggy-guggenheim-collection-ticket-mit-schnelleintritt-p975592\/?partner=italytouristinformation&amp;tq_campaign=ITIDePeggyGuggenheimSp\" target=\"_blank\" rel=\"nofollow noopener\" spellcheck=\"false\" style=\"outline: none;\">&gt;&gt; Weitere Bewertungen ansehen \u2026<\/a><em>&nbsp;<\/em><\/p>\n<p><span># <\/span><strong><span>2<\/span><\/strong><span># <\/span><strong><span>2<\/span><\/strong><\/p>\n<p><\/p>\n<h2><a href=\"https:\/\/www.tiqets.com\/de\/attraktionen-und-aktivitaten-in-venedig-c71510\/tickets-fur-peggy-guggenheim-collection-ticket-mit-schnelleintritt-p975592\/?partner=italytouristinformation&amp;tq_campaign=ITIDePeggyGuggenheimSp\" target=\"_blank\" rel=\"nofollow noopener\" style=\"outline: none;\">Zur Buchung<\/a><\/h2>\n<h1><a href=\"https:\/\/www.tiqets.com\/de\/attraktionen-und-aktivitaten-in-venedig-c71510\/tickets-fur-peggy-guggenheim-collection-ticket-mit-schnelleintritt-p975592\/?partner=italytouristinformation&amp;tq_campaign=ITIDePeggyGuggenheimSp\" target=\"_blank\" rel=\"nofollow noopener\" style=\"outline: none;\"><strong>Ab 18,50<\/strong> \u20ac<strong><\/strong><\/a><\/h1>\n<p style=\"\">Ihr Konto wird noch nicht belastet.<\/p>\n","protected":false},"excerpt":{"rendered":"<p>Peggy Guggenheim Sammlung: Fast-Track-Ticket Zur Buchung Ab 18,50 \u20ac Entdecken Sie eine wahre Schatzkammer der Kunst des 20. Jahrhunderts in der Peggy Guggenheim Collection in Venedig. Bestaunen Sie Meisterwerke ber\u00fchmter K\u00fcnstler wie Picasso, Dal\u00ed und Pollock, die alle in Peggy Guggenheims ehemaligem Wohnhaus am ber\u00fchmten Canal Grande ausgestellt sind. Handverlesenes Ticket&nbsp; Mobiles Ticket Schnelleinlass Audioguide [&hellip;]<\/p>\n","protected":false},"author":6,"featured_media":17404,"parent":0,"menu_order":0,"comment_status":"closed","ping_status":"closed","template":"","meta":{"footnotes":""},"categories":[144,128],"tags":[158,130],"class_list":["post-17403","page","type-page","status-publish","has-post-thumbnail","hentry","category-venedig","category-verkaufsseite","tag-venedig","tag-verkaufsseite","post-wrapper","thrv_wrapper"],"_links":{"self":[{"href":"https:\/\/italy-tourist-information.com\/de\/wp-json\/wp\/v2\/pages\/17403","targetHints":{"allow":["GET"]}}],"collection":[{"href":"https:\/\/italy-tourist-information.com\/de\/wp-json\/wp\/v2\/pages"}],"about":[{"href":"https:\/\/italy-tourist-information.com\/de\/wp-json\/wp\/v2\/types\/page"}],"author":[{"embeddable":true,"href":"https:\/\/italy-tourist-information.com\/de\/wp-json\/wp\/v2\/users\/6"}],"replies":[{"embeddable":true,"href":"https:\/\/italy-tourist-information.com\/de\/wp-json\/wp\/v2\/comments?post=17403"}],"version-history":[{"count":5,"href":"https:\/\/italy-tourist-information.com\/de\/wp-json\/wp\/v2\/pages\/17403\/revisions"}],"predecessor-version":[{"id":19401,"href":"https:\/\/italy-tourist-information.com\/de\/wp-json\/wp\/v2\/pages\/17403\/revisions\/19401"}],"wp:featuredmedia":[{"embeddable":true,"href":"https:\/\/italy-tourist-information.com\/de\/wp-json\/wp\/v2\/media\/17404"}],"wp:attachment":[{"href":"https:\/\/italy-tourist-information.com\/de\/wp-json\/wp\/v2\/media?parent=17403"}],"wp:term":[{"taxonomy":"category","embeddable":true,"href":"https:\/\/italy-tourist-information.com\/de\/wp-json\/wp\/v2\/categories?post=17403"},{"taxonomy":"post_tag","embeddable":true,"href":"https:\/\/italy-tourist-information.com\/de\/wp-json\/wp\/v2\/tags?post=17403"}],"curies":[{"name":"wp","href":"https:\/\/api.w.org\/{rel}","templated":true}]}}