{"id":17410,"date":"2024-09-18T14:39:14","date_gmt":"2024-09-18T14:39:14","guid":{"rendered":"https:\/\/italy-tourist-information.com\/duomo-florence-cathedral-tickets"},"modified":"2026-04-22T14:14:22","modified_gmt":"2026-04-22T14:14:22","slug":"dom-von-florenz-tickets","status":"publish","type":"page","link":"https:\/\/italy-tourist-information.com\/de\/dom-von-florenz-tickets","title":{"rendered":"Dom von Florenz Tickets: Brunelleschi Kuppel &amp; Kathedrale &#8211; Premium Skip The Line Ticket"},"content":{"rendered":"<p><span><img decoding=\"async\" alt=\"\" data-id=\"6980\" width=\"1200\" height=\"750\" title=\"Eintrittskarten f\u00fcr die Kathedrale von Florenz mit optionaler Kuppel- und Turmbesteigung\" src=\"https:\/\/italy-tourist-information.com\/wp-content\/uploads\/2024\/09\/Florence-Cathedral-Tickets-with-Optional-Dome-Bell-Tower-Climb--1024x640.avif\" data-src=\"https:\/\/italy-tourist-information.com\/wp-content\/uploads\/2024\/09\/Florence-Cathedral-Tickets-with-Optional-Dome-Bell-Tower-Climb--300x188.avif\" data-sizes=\"{&quot;thumbnail&quot;:{&quot;url&quot;:&quot;https:\/\/italy-tourist-information.com\/wp-content\/uploads\/2024\/09\/Florence-Cathedral-Tickets-with-Optional-Dome-Bell-Tower-Climb--150x150.avif&quot;,&quot;height&quot;:150,&quot;width&quot;:150,&quot;orientation&quot;:&quot;landscape&quot;},&quot;medium&quot;:{&quot;url&quot;:&quot;https:\/\/italy-tourist-information.com\/wp-content\/uploads\/2024\/09\/Florence-Cathedral-Tickets-with-Optional-Dome-Bell-Tower-Climb--300x188.avif&quot;,&quot;height&quot;:188,&quot;width&quot;:300,&quot;orientation&quot;:&quot;landscape&quot;},&quot;large&quot;:{&quot;url&quot;:&quot;https:\/\/italy-tourist-information.com\/wp-content\/uploads\/2024\/09\/Florence-Cathedral-Tickets-with-Optional-Dome-Bell-Tower-Climb--1024x640.avif&quot;,&quot;height&quot;:640,&quot;width&quot;:1024,&quot;orientation&quot;:&quot;landscape&quot;},&quot;full&quot;:{&quot;url&quot;:&quot;https:\/\/italy-tourist-information.com\/wp-content\/uploads\/2024\/09\/Florence-Cathedral-Tickets-with-Optional-Dome-Bell-Tower-Climb-.avif&quot;,&quot;height&quot;:750,&quot;width&quot;:1200,&quot;orientation&quot;:&quot;landscape&quot;}}\" loading=\"lazy\"><\/span><span><img decoding=\"async\" alt=\"\" data-id=\"6979\" width=\"1200\" height=\"750\" title=\"Tickets f\u00fcr den Dom von Florenz mit optionaler Kuppel- und Turmbesteigung 2\" src=\"https:\/\/italy-tourist-information.com\/wp-content\/uploads\/2024\/09\/Florence-Cathedral-Tickets-with-Optional-Dome-Bell-Tower-Climb-2-1024x640.avif\" data-src=\"https:\/\/italy-tourist-information.com\/wp-content\/uploads\/2024\/09\/Florence-Cathedral-Tickets-with-Optional-Dome-Bell-Tower-Climb-2-300x188.avif\" data-sizes=\"{&quot;thumbnail&quot;:{&quot;url&quot;:&quot;https:\/\/italy-tourist-information.com\/wp-content\/uploads\/2024\/09\/Florence-Cathedral-Tickets-with-Optional-Dome-Bell-Tower-Climb-2-150x150.avif&quot;,&quot;height&quot;:150,&quot;width&quot;:150,&quot;orientation&quot;:&quot;landscape&quot;},&quot;medium&quot;:{&quot;url&quot;:&quot;https:\/\/italy-tourist-information.com\/wp-content\/uploads\/2024\/09\/Florence-Cathedral-Tickets-with-Optional-Dome-Bell-Tower-Climb-2-300x188.avif&quot;,&quot;height&quot;:188,&quot;width&quot;:300,&quot;orientation&quot;:&quot;landscape&quot;},&quot;large&quot;:{&quot;url&quot;:&quot;https:\/\/italy-tourist-information.com\/wp-content\/uploads\/2024\/09\/Florence-Cathedral-Tickets-with-Optional-Dome-Bell-Tower-Climb-2-1024x640.avif&quot;,&quot;height&quot;:640,&quot;width&quot;:1024,&quot;orientation&quot;:&quot;landscape&quot;},&quot;full&quot;:{&quot;url&quot;:&quot;https:\/\/italy-tourist-information.com\/wp-content\/uploads\/2024\/09\/Florence-Cathedral-Tickets-with-Optional-Dome-Bell-Tower-Climb-2.avif&quot;,&quot;height&quot;:750,&quot;width&quot;:1200,&quot;orientation&quot;:&quot;landscape&quot;}}\" loading=\"lazy\"><\/span><span><img decoding=\"async\" alt=\"\" data-id=\"6978\" width=\"1200\" height=\"750\" title=\"Tickets f\u00fcr den Dom von Florenz mit optionaler Kuppel- und Turmbesteigung (3 Tickets)\" src=\"https:\/\/italy-tourist-information.com\/wp-content\/uploads\/2024\/09\/Florence-Cathedral-Tickets-with-Optional-Dome-Bell-Tower-Climb-3-1024x640.avif\" data-src=\"https:\/\/italy-tourist-information.com\/wp-content\/uploads\/2024\/09\/Florence-Cathedral-Tickets-with-Optional-Dome-Bell-Tower-Climb-3-300x188.avif\" data-sizes=\"{&quot;thumbnail&quot;:{&quot;url&quot;:&quot;https:\/\/italy-tourist-information.com\/wp-content\/uploads\/2024\/09\/Florence-Cathedral-Tickets-with-Optional-Dome-Bell-Tower-Climb-3-150x150.avif&quot;,&quot;height&quot;:150,&quot;width&quot;:150,&quot;orientation&quot;:&quot;landscape&quot;},&quot;medium&quot;:{&quot;url&quot;:&quot;https:\/\/italy-tourist-information.com\/wp-content\/uploads\/2024\/09\/Florence-Cathedral-Tickets-with-Optional-Dome-Bell-Tower-Climb-3-300x188.avif&quot;,&quot;height&quot;:188,&quot;width&quot;:300,&quot;orientation&quot;:&quot;landscape&quot;},&quot;large&quot;:{&quot;url&quot;:&quot;https:\/\/italy-tourist-information.com\/wp-content\/uploads\/2024\/09\/Florence-Cathedral-Tickets-with-Optional-Dome-Bell-Tower-Climb-3-1024x640.avif&quot;,&quot;height&quot;:640,&quot;width&quot;:1024,&quot;orientation&quot;:&quot;landscape&quot;},&quot;full&quot;:{&quot;url&quot;:&quot;https:\/\/italy-tourist-information.com\/wp-content\/uploads\/2024\/09\/Florence-Cathedral-Tickets-with-Optional-Dome-Bell-Tower-Climb-3.avif&quot;,&quot;height&quot;:750,&quot;width&quot;:1200,&quot;orientation&quot;:&quot;landscape&quot;}}\" loading=\"lazy\"><\/span><span><img decoding=\"async\" alt=\"\" data-id=\"6977\" width=\"1200\" height=\"750\" title=\"Tickets f\u00fcr die Kathedrale von Florenz mit optionaler Kuppel- und Turmbesteigung (4 Personen)\" src=\"https:\/\/italy-tourist-information.com\/wp-content\/uploads\/2024\/09\/Florence-Cathedral-Tickets-with-Optional-Dome-Bell-Tower-Climb-4-1024x640.avif\" data-src=\"https:\/\/italy-tourist-information.com\/wp-content\/uploads\/2024\/09\/Florence-Cathedral-Tickets-with-Optional-Dome-Bell-Tower-Climb-4-300x188.avif\" data-sizes=\"{&quot;thumbnail&quot;:{&quot;url&quot;:&quot;https:\/\/italy-tourist-information.com\/wp-content\/uploads\/2024\/09\/Florence-Cathedral-Tickets-with-Optional-Dome-Bell-Tower-Climb-4-150x150.avif&quot;,&quot;height&quot;:150,&quot;width&quot;:150,&quot;orientation&quot;:&quot;landscape&quot;},&quot;medium&quot;:{&quot;url&quot;:&quot;https:\/\/italy-tourist-information.com\/wp-content\/uploads\/2024\/09\/Florence-Cathedral-Tickets-with-Optional-Dome-Bell-Tower-Climb-4-300x188.avif&quot;,&quot;height&quot;:188,&quot;width&quot;:300,&quot;orientation&quot;:&quot;landscape&quot;},&quot;large&quot;:{&quot;url&quot;:&quot;https:\/\/italy-tourist-information.com\/wp-content\/uploads\/2024\/09\/Florence-Cathedral-Tickets-with-Optional-Dome-Bell-Tower-Climb-4-1024x640.avif&quot;,&quot;height&quot;:640,&quot;width&quot;:1024,&quot;orientation&quot;:&quot;landscape&quot;},&quot;full&quot;:{&quot;url&quot;:&quot;https:\/\/italy-tourist-information.com\/wp-content\/uploads\/2024\/09\/Florence-Cathedral-Tickets-with-Optional-Dome-Bell-Tower-Climb-4.avif&quot;,&quot;height&quot;:750,&quot;width&quot;:1200,&quot;orientation&quot;:&quot;landscape&quot;}}\" loading=\"lazy\"><\/span><span><img decoding=\"async\" alt=\"\" data-id=\"6976\" width=\"1200\" height=\"750\" title=\"Tickets f\u00fcr den Dom von Florenz mit optionaler Kuppel- und Turmbesteigung 5\" src=\"https:\/\/italy-tourist-information.com\/wp-content\/uploads\/2024\/09\/Florence-Cathedral-Tickets-with-Optional-Dome-Bell-Tower-Climb-5-1024x640.avif\" data-src=\"https:\/\/italy-tourist-information.com\/wp-content\/uploads\/2024\/09\/Florence-Cathedral-Tickets-with-Optional-Dome-Bell-Tower-Climb-5-300x188.avif\" data-sizes=\"{&quot;thumbnail&quot;:{&quot;url&quot;:&quot;https:\/\/italy-tourist-information.com\/wp-content\/uploads\/2024\/09\/Florence-Cathedral-Tickets-with-Optional-Dome-Bell-Tower-Climb-5-150x150.avif&quot;,&quot;height&quot;:150,&quot;width&quot;:150,&quot;orientation&quot;:&quot;landscape&quot;},&quot;medium&quot;:{&quot;url&quot;:&quot;https:\/\/italy-tourist-information.com\/wp-content\/uploads\/2024\/09\/Florence-Cathedral-Tickets-with-Optional-Dome-Bell-Tower-Climb-5-300x188.avif&quot;,&quot;height&quot;:188,&quot;width&quot;:300,&quot;orientation&quot;:&quot;landscape&quot;},&quot;large&quot;:{&quot;url&quot;:&quot;https:\/\/italy-tourist-information.com\/wp-content\/uploads\/2024\/09\/Florence-Cathedral-Tickets-with-Optional-Dome-Bell-Tower-Climb-5-1024x640.avif&quot;,&quot;height&quot;:640,&quot;width&quot;:1024,&quot;orientation&quot;:&quot;landscape&quot;},&quot;full&quot;:{&quot;url&quot;:&quot;https:\/\/italy-tourist-information.com\/wp-content\/uploads\/2024\/09\/Florence-Cathedral-Tickets-with-Optional-Dome-Bell-Tower-Climb-5.avif&quot;,&quot;height&quot;:750,&quot;width&quot;:1200,&quot;orientation&quot;:&quot;landscape&quot;}}\" loading=\"lazy\"><\/span><\/p>\n<h1 data-v-29e5bc46=\"\" data-v-92fd85c8=\"\">Brunelleschi-Kuppel &amp; Kathedrale: Premium-Ticket ohne Anstehen<\/h1>\n<h2><a href=\"https:\/\/www.tiqets.com\/de\/florenz-sehenswuerdigkeiten-c71854\/tickets-fur-brunelleschi-kuppel-kathedrale-premium-skip-the-line-ticket-p1032002\/?partner=italytouristinformation&amp;tq_campaign=ITIDeFlorenceCathedralSP\" target=\"_blank\" rel=\"nofollow noopener\" style=\"outline: none;\">Zur Buchung<\/a><\/h2>\n<h1><a href=\"https:\/\/www.tiqets.com\/de\/florenz-sehenswuerdigkeiten-c71854\/tickets-fur-brunelleschi-kuppel-kathedrale-premium-skip-the-line-ticket-p1032002\/?partner=italytouristinformation&amp;tq_campaign=ITIDeFlorenceCathedralSP\" target=\"_blank\" rel=\"nofollow noopener\" style=\"outline: none;\" spellcheck=\"false\"><strong>Ab 58,00<\/strong> \u20ac<strong><\/strong><\/a><\/h1>\n<p dir=\"ltr\"><strong>Mit diesem Ticket mit bevorzugtem Zugang umgehen Sie die Warteschlangen<\/strong> und betreten <strong>Brunelleschis Dom<\/strong>. Ihr Ticket beinhaltet&nbsp;den<strong> Eintritt zu Giottos Glockenturm,<\/strong> dem Museo Opera del Duomo, dem Baptisterium und Santa Reparata (g\u00fcltig f\u00fcr 72 Stunden) sowie freien Eintritt in den Dom von Florenz. Treffen Sie die Mitarbeiter des Doms am angegebenen Treffpunkt f\u00fcr einen reibungslosen Ablauf.<\/p>\n<ul>\n<li style=\"\"><span>Handverlesenes Ticket&nbsp;<\/span><\/li>\n<li style=\"\"><span>Mobiles Ticket&nbsp;<\/span><\/li>\n<li style=\"\"><span>Warteschlange \u00fcberspringen<\/span><\/li>\n<li style=\"\"><span>Kostenlose Stornierung<\/span><\/li>\n<\/ul>\n<h2>Inbegriffen<\/h2>\n<ul>\n<li style=\"\">                    <span>Direkter Zugang ohne Anstehen zur Brunelleschi-Kuppel<\/span><\/li>\n<li style=\"\">                    <span>Eintritt zur Kathedrale<\/span><\/li>\n<li style=\"\">                    <span>Zugang zum Glockenturm von Giotto<\/span><\/li>\n<li style=\"\">                    <span>Zugang zum Museum Opera del Duomo<\/span><\/li>\n<li style=\"\">                    <span>Zugang zu Reparata und Baptisterium<\/span><\/li>\n<li style=\"\">                    <span>Hilfe am Treffpunkt<\/span><\/li>\n<\/ul>\n<h2>Nicht inbegriffen&nbsp;<\/h2>\n<ul>\n<li style=\"\"><span>F\u00fchrung<\/span><\/li>\n<\/ul>\n<h2>Wichtige Informationen<\/h2>\n<ul>\n<li style=\"\"><span>Der Zugang zur Kuppel erfolgt ausschlie\u00dflich \u00fcber eine Treppe; Es gibt keinen Aufzug.<\/span><\/li>\n<li><span>Strenge Kleiderordnung: Knie und Schultern m\u00fcssen bedeckt sein.<\/span><\/li>\n<li style=\"\"><span>Die T\u00fcren der Kathedrale schlie\u00dfen um 15:45 Uhr; Sonntage und an religi\u00f6sen Feiertagen ist sie geschlossen.&nbsp;<\/span><\/li>\n<li style=\"\"><span>Blitzlichtfotografie ist im gesamten Komplex nicht gestattet, und es sind nur kleine Taschen erlaubt. Gro\u00dfe Taschen und Koffer m\u00fcssen vor dem Besuch des Glockenturms, der Kathedrale, des Museums oder der Kirche Santa Reparata in der Gep\u00e4ckaufbewahrung an der Piazza Duomo 38\/r abgegeben werden.<\/span><\/li>\n<li><span>Kinder haben nur mit einer regul\u00e4ren Eintrittskarte Zutritt; Eintrittskarten k\u00f6nnen nicht vor Ort erworben werden.<\/span><\/li>\n<li><span>Ihr Zeitfenster berechtigt Sie zum bevorzugten Einlass in Brunelleschis Kuppel \u2013 bei sp\u00e4terer Ankunft ist dies nicht m\u00f6glich. Das Ticket berechtigt Sie au\u00dferdem zum Eintritt zu den anderen genannten Sehensw\u00fcrdigkeiten innerhalb von 3 Tagen, beginnend um Mitternacht an Ihrem gew\u00e4hlten Datum.<\/span><\/li>\n<li><span>Buchungen bei Santa Reparata k\u00f6nnen nach der Reservierung nicht mehr ge\u00e4ndert werden.<br \/><\/span><\/li>\n<li><span>Eingang zum Baptisterium: Nordt\u00fcr (Martellistra\u00dfe-Seite). Eingang zum Museum Opera del Duomo: Piazza del Duomo Nr. 9. Eingang Santa Reparata: Porta Campanile der Kathedrale (S\u00fcdseite, neben dem Glockenturm)<\/span><\/li>\n<\/ul>\n<h2>Beschreibung:<\/h2>\n<p dir=\"ltr\">Umgehen Sie die Menschenmassen und betreten Sie <strong>Brunelleschis Kuppel mit bevorzugtem Einlass<\/strong> zu Ihrer reservierten Zeit. Entdecken Sie den atemberaubenden Domkomplex von Florenz, ein UNESCO-Weltkulturerbe, und tauchen Sie ein in seine architektonische Praxis und historische Bedeutung.<\/p>\n<p dir=\"ltr\">Mit Ihrer Eintrittskarte erhalten Sie <strong>Zutritt zum Glockenturm von Giotto, dem Museum Opera del Duomo, dem Baptisterium San Giovanni<\/strong> und der <strong>alten Basilika Santa Reparata.<\/strong> Die Eintrittskarte ist 72 Stunden g\u00fcltig.<\/p>\n<p dir=\"ltr\">Genie\u00dfen Sie au\u00dferdem <strong>den freien Eintritt in den Dom von Florenz<\/strong> und erhalten Sie <strong>Unterst\u00fctzung<\/strong> vom offiziellen Dompersonal am vereinbarten Treffpunkt f\u00fcr einen reibungslosen und stressfreien Besuch.<\/p>\n<h2>Highlights:<\/h2>\n<ul>\n<li dir=\"ltr\">Erhalten Sie bevorzugten Zugang zum Domkomplex von Florenz und umgehen Sie die Warteschlangen.<\/li>\n<li dir=\"ltr\">Besichtigen Sie das atemberaubende Fresko von Giorgio Vasari und die von Filippo entworfene Kuppel.<\/li>\n<li dir=\"ltr\">Bewundern Sie das kunstvolle gotische Design und das beeindruckende Interieur.<\/li>\n<li dir=\"ltr\">Erkunden Sie eine der gr\u00f6\u00dften und geschichtstr\u00e4chtigsten Kathedralen der Welt.<\/li>\n<li dir=\"ltr\">Besuchen Sie drei historische St\u00e4tten: das Baptisterium San Giovanni, das Museum Opera del Duomo und die antike Basilika Santa Reparata auf der Piazza del Duomo.<\/li>\n<\/ul>\n<h2>Kathedrale Santa Maria del Fiore<\/h2>\n<p>Piazza del Duomo, 50122 Firenze FI, Italien<\/p>\n<h2>Stornierungsbedingungen<\/h2>\n<p>Stornieren Sie kostenlos bis 48 Stunden vor Ihrem Besuch und erhalten Sie eine volle R\u00fcckerstattung.<\/p>\n<h2>Treffpunkt &amp; Anweisungen<\/h2>\n<p data-end=\"171\" data-is-last-node=\"\" data-is-only-node=\"\" data-start=\"0\">Legen Sie Ihren Voucher dem offiziellen Personal des Doms am Treffpunkt vor, der sich auf der linken Seite der Treppe Porta dei Cornacchini (Nordseite des Doms) befindet.<\/p>\n<p dir=\"ltr\">Ihr Zeitfenster erm\u00f6glicht Ihnen den bevorzugten Einlass in Brunelleschis Kuppel \u2013 versp\u00e4tete Ank\u00fcnfte k\u00f6nnen die Warteschlange nicht umgehen. Bitte finden Sie sich 15 Minuten vor Ihrem gebuchten Zeitpunkt am Treffpunkt ein.<\/p>\n<p><a href=\"https:\/\/www.google.com\/maps\/search\/?api=1&amp;query=Piazza%20del%20Duomo%2C%207%2050122%20Florence\" data-lt-tmp-id=\"lt-859812\" spellcheck=\"false\" target=\"_blank\" rel=\"nofollow noopener\">In Karten \u00f6ffnen&nbsp;<\/a><\/p>\n<h2>Bewertungen<\/h2>\n<p><strong>4,4\/4&nbsp; <\/strong><strong>(<strong>1639&nbsp;<\/strong> Bewertungen)<\/strong><\/p>\n<p dir=\"ltr\">\u201eEines meiner Highlights in Florenz. Der Blick von der Kuppel war atemberaubend und spektakul\u00e4r. Nach den vielen Stufen hat es sich absolut gelohnt.\u201c Ginalyn, September 2025 <a href=\"https:\/\/www.tiqets.com\/de\/florenz-sehenswuerdigkeiten-c71854\/tickets-fur-brunelleschi-kuppel-kathedrale-premium-skip-the-line-ticket-p1032002\/?partner=italytouristinformation&amp;tq_campaign=ITIDeFlorenceCathedralSP\" target=\"_blank\" rel=\"nofollow noopener\" spellcheck=\"false\" style=\"outline: none;\">&gt;&gt; Weitere Bewertungen ansehen \u2026<\/a><\/p>\n<p><span># <\/span><strong><span>2<\/span><\/strong><\/p>\n<h2>Einige Aktivit\u00e4ten, die Ihnen gefallen k\u00f6nnten<\/h2>\n<p><span># <\/span><strong><span>2<\/span><\/strong><span><img decoding=\"async\" alt=\"\" data-id=\"11577\" width=\"159\" data-init-width=\"1600\" height=\"99\" data-init-height=\"1000\" title=\"Freier Eintritt in die Kathedrale von Florenz\" loading=\"lazy\" src=\"https:\/\/italy-tourist-information.com\/wp-content\/uploads\/2025\/08\/Free-entry-to-Florence-Cathedral-ota.avif\" data-width=\"159\" data-height=\"99\" style=\"aspect-ratio: auto 1600 \/ 1000;\"><\/span><\/p>\n<table>\n<tbody>\n<tr>\n<td>\n<table>\n<tbody>\n<tr>\n<td><strong><a href=\"https:\/\/www.headout.com\/de\/dom-florenz-tickets\/freier-eintritt-zum-dom-von-florenz-e-35835\/?affiliate_code=KXkQ69&amp;utm_campaign=itideflorencecathedralsp3&amp;utm_content=link&amp;utm_medium=affiliate&amp;utm_source=most_amazing_places\" rel=\"nofollow noopener\" spellcheck=\"false\" target=\"_blank\" style=\"outline: none;\">Freier Eintritt in den Florentiner Dom<\/a><\/strong><\/td>\n<\/tr>\n<\/tbody>\n<\/table>\n<p><strong><\/strong><\/td>\n<\/tr>\n<\/tbody>\n<\/table>\n<p>Sichern Sie sich Ihren Zugang zum pr\u00e4chtigen Florentiner Dom mit einem <strong>Audioguide in sechs Sprachen.<\/strong> Optional k\u00f6nnen Sie ein <strong>F\u00fchrungsbuch<\/strong> hinzubuchen und Brunelleschis ber\u00fchmte Kuppel besteigen.<\/p>\n<h3 style=\"\">Gesamtpreis<\/h3>\n<h3 style=\"\">Ihr Konto wird noch nicht belastet<\/h3>\n<p><span><img decoding=\"async\" alt=\"\" data-id=\"11574\" width=\"159\" data-init-width=\"1600\" height=\"99\" data-init-height=\"1000\" title=\"F\u00fchrung auf dem Domplatz von Florenz &amp; optionaler Kuppelaufstieg\" loading=\"lazy\" src=\"https:\/\/italy-tourist-information.com\/wp-content\/uploads\/2025\/08\/Florence-Cathedral-Square-Guided-Tour-Optional-Dome-Climb-ota.avif\" data-width=\"159\" data-height=\"99\" style=\"aspect-ratio: auto 1600 \/ 1000;\"><\/span><\/p>\n<table>\n<tbody>\n<tr>\n<td>\n<table>\n<tbody>\n<tr>\n<td><strong><a href=\"https:\/\/www.headout.com\/duomo-florence-tickets\/guided-tour-of-florence-cathedral-with-optional-dome-climb-e-10536\/?affiliate_code=KXkQ69&amp;utm_campaign=itideflorencecathedralsp2&amp;utm_content=link&amp;utm_medium=affiliate&amp;utm_source=most_amazing_places\" rel=\"nofollow noopener\" spellcheck=\"false\" target=\"_blank\" style=\"outline: none;\">Gef\u00fchrte Tour \u00fcber den Domplatz von Florenz &amp; optionale Kuppelbesteigung<\/a><\/strong><\/td>\n<\/tr>\n<\/tbody>\n<\/table>\n<p><strong><\/strong><\/td>\n<\/tr>\n<\/tbody>\n<\/table>\n<p>Entdecken Sie die Geheimnisse des ber\u00fchmten Domplatzes von Florenz bei einer gef\u00fchrten Tour. Optional k\u00f6nnen Sie die pr\u00e4chtige Kuppel von Brunelleschi besteigen und einen unvergleichlichen Blick auf die Stadt genie\u00dfen.<\/p>\n<h3 style=\"\">Gesamtpreis<\/h3>\n<h3 style=\"\">Ihr Konto wird noch nicht belastet<\/h3>\n<p><span># <\/span><strong><span>2<\/span><\/strong><\/p>\n<p><\/p>\n<h2><a href=\"https:\/\/www.tiqets.com\/de\/florenz-sehenswuerdigkeiten-c71854\/tickets-fur-brunelleschi-kuppel-kathedrale-premium-skip-the-line-ticket-p1032002\/?partner=italytouristinformation&amp;tq_campaign=ITIDeFlorenceCathedralSP\" target=\"_blank\" rel=\"nofollow noopener\" style=\"outline: none;\" spellcheck=\"false\">Zur Buchung<\/a><\/h2>\n<h1><a href=\"https:\/\/www.tiqets.com\/de\/florenz-sehenswuerdigkeiten-c71854\/tickets-fur-brunelleschi-kuppel-kathedrale-premium-skip-the-line-ticket-p1032002\/?partner=italytouristinformation&amp;tq_campaign=ITIDeFlorenceCathedralSP\" target=\"_blank\" rel=\"nofollow noopener\" style=\"outline: none;\" spellcheck=\"false\"><strong>Ab 58,00<\/strong> \u20ac<strong><\/strong><\/a><\/h1>\n<p style=\"\">Ihr Konto wird noch nicht belastet<\/p>\n","protected":false},"excerpt":{"rendered":"<p>Brunelleschi-Kuppel &amp; Kathedrale: Premium-Ticket ohne Anstehen Zur Buchung Ab 58,00 \u20ac Mit diesem Ticket mit bevorzugtem Zugang umgehen Sie die Warteschlangen und betreten Brunelleschis Dom. Ihr Ticket beinhaltet&nbsp;den Eintritt zu Giottos Glockenturm, dem Museo Opera del Duomo, dem Baptisterium und Santa Reparata (g\u00fcltig f\u00fcr 72 Stunden) sowie freien Eintritt in den Dom von Florenz. Treffen [&hellip;]<\/p>\n","protected":false},"author":6,"featured_media":17411,"parent":0,"menu_order":0,"comment_status":"closed","ping_status":"closed","template":"","meta":{"footnotes":""},"categories":[138,128],"tags":[147,130],"class_list":["post-17410","page","type-page","status-publish","has-post-thumbnail","hentry","category-florenz","category-verkaufsseite","tag-florenz","tag-verkaufsseite","post-wrapper","thrv_wrapper"],"_links":{"self":[{"href":"https:\/\/italy-tourist-information.com\/de\/wp-json\/wp\/v2\/pages\/17410","targetHints":{"allow":["GET"]}}],"collection":[{"href":"https:\/\/italy-tourist-information.com\/de\/wp-json\/wp\/v2\/pages"}],"about":[{"href":"https:\/\/italy-tourist-information.com\/de\/wp-json\/wp\/v2\/types\/page"}],"author":[{"embeddable":true,"href":"https:\/\/italy-tourist-information.com\/de\/wp-json\/wp\/v2\/users\/6"}],"replies":[{"embeddable":true,"href":"https:\/\/italy-tourist-information.com\/de\/wp-json\/wp\/v2\/comments?post=17410"}],"version-history":[{"count":7,"href":"https:\/\/italy-tourist-information.com\/de\/wp-json\/wp\/v2\/pages\/17410\/revisions"}],"predecessor-version":[{"id":20067,"href":"https:\/\/italy-tourist-information.com\/de\/wp-json\/wp\/v2\/pages\/17410\/revisions\/20067"}],"wp:featuredmedia":[{"embeddable":true,"href":"https:\/\/italy-tourist-information.com\/de\/wp-json\/wp\/v2\/media\/17411"}],"wp:attachment":[{"href":"https:\/\/italy-tourist-information.com\/de\/wp-json\/wp\/v2\/media?parent=17410"}],"wp:term":[{"taxonomy":"category","embeddable":true,"href":"https:\/\/italy-tourist-information.com\/de\/wp-json\/wp\/v2\/categories?post=17410"},{"taxonomy":"post_tag","embeddable":true,"href":"https:\/\/italy-tourist-information.com\/de\/wp-json\/wp\/v2\/tags?post=17410"}],"curies":[{"name":"wp","href":"https:\/\/api.w.org\/{rel}","templated":true}]}}