{"id":17439,"date":"2025-06-16T15:11:15","date_gmt":"2025-06-16T15:11:15","guid":{"rendered":"https:\/\/italy-tourist-information.com\/florence\/plan"},"modified":"2026-05-14T13:51:27","modified_gmt":"2026-05-14T13:51:27","slug":"planen","status":"publish","type":"page","link":"https:\/\/italy-tourist-information.com\/de\/florenz\/planen","title":{"rendered":"Planen Sie Ihre Reise nach Florenz: Kompletter Guide mit Reisetipps"},"content":{"rendered":"<h1 style=\"\">Planen Sie Ihre Reise nach Florenz<\/h1>\n<p data-pm-slice=\"1 1 []\">Hier finden Sie praktische Reisetipps, Empfehlungen f\u00fcr Sehensw\u00fcrdigkeiten und wichtige Fragen, die Sie sich vor Ihrer Reise nach Florenz stellen sollten.<\/p>\n<h2 style=\"text-align: center;\" id=\"t-1601911056482\">Wie komme ich nach Florenz?<\/h2>\n<p style=\"text-align: center;\">Zug, Bus, Auto und Flugzeug<\/p>\n<p><a href=\"https:\/\/italy-tourist-information.com\/de\/florenz\" dynamic-postlink=\"tcb_post_the_permalink\" data-shortcode-id=\"6666\"><\/a><\/p>\n<h3 style=\"text-align: center; padding-top: 0px !important; margin-top: 0px !important;\"><span data-attr-link=\"1\" data-attr-rel=\"0\" data-attr-target=\"0\" data-extra_key=\"\" data-option-inline=\"1\" data-shortcode=\"tcb_post_title\" data-shortcode-name=\"Post title\" data-attr-css=\"\" data-attr-static-link=\"{&quot;className&quot;:&quot;&quot;,&quot;href&quot;:&quot;https:\/\/italy-tourist-information.com\/de\/florenz&quot;,&quot;title&quot;:&quot;Florenz Reisef\u00fchrer: Tipps f\u00fcr Ihren Urlaub&quot;,&quot;class&quot;:&quot;&quot;}\"><a href=\"https:\/\/italy-tourist-information.com\/de\/florenz\" title=\"Florenz Reisef\u00fchrer: Tipps f\u00fcr Ihren Urlaub\" data-css=\"\">Florenz Reisef\u00fchrer: Tipps f\u00fcr Ihren Urlaub<\/a><\/span><\/h3>\n<p>Florenz Reisef\u00fchrer: Tipps f\u00fcr Ihren Urlaub Dieser ultimative <a href=\"https:\/\/italy-tourist-information.com\/de\/florenz#more-17420\">&#8230;<\/a><\/p>\n<p><a href=\"https:\/\/italy-tourist-information.com\/de\/florenz\" style=\"\"><span style=\"\"><span style=\"\"><strong>Mehr lesen&#8230;<\/strong><\/span><\/span><\/a><a href=\"javascript:void(0)\" style=\"\"><span style=\"\"><span style=\"\">Mehr laden<\/span><\/span><\/a><\/p>\n<h2 style=\"text-align: center;\" id=\"t-1601911056483\">Wo soll ich in Florenz \u00fcbernachten?<\/h2>\n<p style=\"text-align: center;\">Stadtteile, Hotels, Apartments und mehr&#8230;<\/p>\n<h3 style=\"\" id=\"t-1601911056465\"><span data-attr-css=\"tve-u-6850329850b7b3\" data-attr-link=\"1\" data-attr-rel=\"0\" data-attr-target=\"0\" data-extra_key=\"\" data-option-inline=\"1\" data-shortcode=\"tcb_post_title\" data-shortcode-name=\"Post title\" data-attr-static-link=\"{&quot;className&quot;:&quot;&quot;,&quot;href&quot;:&quot;#&quot;,&quot;title&quot;:&quot;Planen Sie Ihre Reise nach Florenz: Kompletter Guide mit Reisetipps&quot;,&quot;data-css&quot;:&quot;tve-u-6850329850b7b3&quot;,&quot;class&quot;:&quot;&quot;}\" style=\"\"><a href=\"https:\/\/italy-tourist-information.com\/de\/florenz\/planen\" title=\"Planen Sie Ihre Reise nach Florenz: Kompletter Guide mit Reisetipps\">Planen Sie Ihre Reise nach Florenz: Kompletter Guide mit Reisetipps<\/a><\/span><\/h3>\n<p><a href=\"https:\/\/italy-tourist-information.com\/de\/florenz\/planen\" dynamic-postlink=\"tcb_post_the_permalink\" data-shortcode-id=\"6\"><\/a><\/p>\n<h3 style=\"text-align: center; padding-top: 0px !important; margin-top: 0px !important;\"><span data-attr-link=\"1\" data-attr-rel=\"0\" data-attr-target=\"0\" data-extra_key=\"\" data-option-inline=\"1\" data-shortcode=\"tcb_post_title\" data-shortcode-name=\"Post title\" data-attr-css=\"\" data-attr-static-link=\"{&quot;className&quot;:&quot;&quot;,&quot;href&quot;:&quot;#&quot;,&quot;title&quot;:&quot;Planen Sie Ihre Reise nach Florenz: Kompletter Guide mit Reisetipps&quot;,&quot;class&quot;:&quot;&quot;}\"><a href=\"https:\/\/italy-tourist-information.com\/de\/florenz\/planen\" title=\"Planen Sie Ihre Reise nach Florenz: Kompletter Guide mit Reisetipps\" data-css=\"\">Planen Sie Ihre Reise nach Florenz: Kompletter Guide mit Reisetipps<\/a><\/span><\/h3>\n<p>Planen Sie Ihre Reise nach Florenz Hier finden <a href=\"https:\/\/italy-tourist-information.com\/de\/florenz\/planen#more-17439\">&#8230;<\/a><\/p>\n<p><a href=\"https:\/\/italy-tourist-information.com\/de\/florenz\/planen\" style=\"\"><span style=\"\"><span style=\"\"><strong>Mehr lesen&#8230;<\/strong><\/span><\/span><\/a><a href=\"javascript:void(0)\" style=\"\"><span style=\"\"><span style=\"\">Mehr laden<\/span><\/span><\/a><\/p>\n<h3 style=\"\" id=\"t-1601911056469\"><span style=\"\">Full-Service-MICE&nbsp;<\/span><\/h3>\n<p>Wir k\u00f6nnen Ihnen das komplette Rahmenprogramm aus einer Hand anbieten \u2013 von Incentives bis hin zu Konferenzhotels mit 24-Stunden-Support.<\/p>\n<h2 style=\"text-align: center;\" id=\"t-1601911056484\">Was kann ich in Florenz unternehmen?<\/h2>\n<p style=\"text-align: center;\">Historische Wahrzeichen, Sehensw\u00fcrdigkeiten und Attraktionen&#8230;<\/p>\n<h3 style=\"\" id=\"t-1601911056470\"><span data-attr-css=\"tve-u-6850329850bbe0\" data-attr-link=\"1\" data-attr-rel=\"0\" data-attr-target=\"0\" data-extra_key=\"\" data-option-inline=\"1\" data-shortcode=\"tcb_post_title\" data-shortcode-name=\"Post title\" data-attr-static-link=\"{&quot;className&quot;:&quot;&quot;,&quot;href&quot;:&quot;#&quot;,&quot;title&quot;:&quot;Planen Sie Ihre Reise nach Florenz: Kompletter Guide mit Reisetipps&quot;,&quot;data-css&quot;:&quot;tve-u-6850329850bbe0&quot;,&quot;class&quot;:&quot;&quot;}\"><a href=\"https:\/\/italy-tourist-information.com\/de\/florenz\/planen\" title=\"Planen Sie Ihre Reise nach Florenz: Kompletter Guide mit Reisetipps\">Planen Sie Ihre Reise nach Florenz: Kompletter Guide mit Reisetipps<\/a><\/span><\/h3>\n<p><a href=\"https:\/\/italy-tourist-information.com\/de\/boboli-garten-tickets\" dynamic-postlink=\"tcb_post_the_permalink\" data-shortcode-id=\"7067\"><\/a><\/p>\n<h3 style=\"text-align: center; padding-top: 0px !important; margin-top: 0px !important;\" id=\"t-1601911056471\"><span data-attr-link=\"1\" data-attr-rel=\"0\" data-attr-target=\"0\" data-extra_key=\"\" data-option-inline=\"1\" data-shortcode=\"tcb_post_title\" data-shortcode-name=\"Post title\" data-attr-css=\"\" data-attr-static-link=\"{&quot;className&quot;:&quot;&quot;,&quot;href&quot;:&quot;https:\/\/italy-tourist-information.com\/de\/boboli-garten-tickets&quot;,&quot;title&quot;:&quot;Boboli Garten Tickets: Reservierter Eintritt + Audioguide&quot;,&quot;class&quot;:&quot;&quot;}\"><a href=\"https:\/\/italy-tourist-information.com\/de\/boboli-garten-tickets\" title=\"Boboli Garten Tickets: Reservierter Eintritt + Audioguide\" data-css=\"\">Boboli Garten Tickets: Reservierter Eintritt + Audioguide<\/a><\/span><\/h3>\n<p>Boboli-G\u00e4rten: Reservierter Eintritt + Audioguide Zur Buchung Preis ab 18,00 \u20ac Besuchen <a href=\"https:\/\/italy-tourist-information.com\/de\/boboli-garten-tickets#more-17292\">&#8230;<\/a><\/p>\n<p><a href=\"https:\/\/italy-tourist-information.com\/de\/boboli-garten-tickets\" style=\"\"><span style=\"\"><span style=\"\"><strong>Mehr lesen&#8230;<\/strong><\/span><\/span><\/a><a href=\"https:\/\/italy-tourist-information.com\/de\/dom-von-florenz-tickets\" dynamic-postlink=\"tcb_post_the_permalink\" data-shortcode-id=\"7067\"><\/a><\/p>\n<h3 style=\"text-align: center; padding-top: 0px !important; margin-top: 0px !important;\" id=\"t-1601911056471\"><span data-attr-link=\"1\" data-attr-rel=\"0\" data-attr-target=\"0\" data-extra_key=\"\" data-option-inline=\"1\" data-shortcode=\"tcb_post_title\" data-shortcode-name=\"Post title\" data-attr-css=\"\" data-attr-static-link=\"{&quot;className&quot;:&quot;&quot;,&quot;href&quot;:&quot;https:\/\/italy-tourist-information.com\/de\/boboli-garten-tickets&quot;,&quot;title&quot;:&quot;Boboli Garten Tickets: Reservierter Eintritt + Audioguide&quot;,&quot;class&quot;:&quot;&quot;}\"><a href=\"https:\/\/italy-tourist-information.com\/de\/dom-von-florenz-tickets\" title=\"Dom von Florenz Tickets: Brunelleschi Kuppel &amp; Kathedrale \u2013 Premium Skip The Line Ticket\" data-css=\"\">Dom von Florenz Tickets: Brunelleschi Kuppel &amp; Kathedrale \u2013 Premium Skip The Line Ticket<\/a><\/span><\/h3>\n<p>Brunelleschi-Kuppel &amp; Kathedrale: Premium-Ticket ohne Anstehen Zur Buchung Ab 58,00 \u20ac Mit <a href=\"https:\/\/italy-tourist-information.com\/de\/dom-von-florenz-tickets#more-17410\">&#8230;<\/a><\/p>\n<p><a href=\"https:\/\/italy-tourist-information.com\/de\/dom-von-florenz-tickets\" style=\"\"><span style=\"\"><span style=\"\"><strong>Mehr lesen&#8230;<\/strong><\/span><\/span><\/a><a href=\"https:\/\/italy-tourist-information.com\/de\/basilika-santa-croce-tickets\" dynamic-postlink=\"tcb_post_the_permalink\" data-shortcode-id=\"7067\"><\/a><\/p>\n<h3 style=\"text-align: center; padding-top: 0px !important; margin-top: 0px !important;\" id=\"t-1601911056471\"><span data-attr-link=\"1\" data-attr-rel=\"0\" data-attr-target=\"0\" data-extra_key=\"\" data-option-inline=\"1\" data-shortcode=\"tcb_post_title\" data-shortcode-name=\"Post title\" data-attr-css=\"\" data-attr-static-link=\"{&quot;className&quot;:&quot;&quot;,&quot;href&quot;:&quot;https:\/\/italy-tourist-information.com\/de\/boboli-garten-tickets&quot;,&quot;title&quot;:&quot;Boboli Garten Tickets: Reservierter Eintritt + Audioguide&quot;,&quot;class&quot;:&quot;&quot;}\"><a href=\"https:\/\/italy-tourist-information.com\/de\/basilika-santa-croce-tickets\" title=\"Florenz: Basilika Santa Croce Tickets\" data-css=\"\">Florenz: Basilika Santa Croce Tickets<\/a><\/span><\/h3>\n<p>Schnelleinlass-Tickets f\u00fcr den Komplex der Basilika Santa Croce Zur Buchung Preis ab <a href=\"https:\/\/italy-tourist-information.com\/de\/basilika-santa-croce-tickets#more-17462\">&#8230;<\/a><\/p>\n<p><a href=\"https:\/\/italy-tourist-information.com\/de\/basilika-santa-croce-tickets\" style=\"\"><span style=\"\"><span style=\"\"><strong>Mehr lesen&#8230;<\/strong><\/span><\/span><\/a><a href=\"https:\/\/italy-tourist-information.com\/de\/galleria-dellaccademia-tickets\" dynamic-postlink=\"tcb_post_the_permalink\" data-shortcode-id=\"7067\"><\/a><\/p>\n<h3 style=\"text-align: center; padding-top: 0px !important; margin-top: 0px !important;\" id=\"t-1601911056471\"><span data-attr-link=\"1\" data-attr-rel=\"0\" data-attr-target=\"0\" data-extra_key=\"\" data-option-inline=\"1\" data-shortcode=\"tcb_post_title\" data-shortcode-name=\"Post title\" data-attr-css=\"\" data-attr-static-link=\"{&quot;className&quot;:&quot;&quot;,&quot;href&quot;:&quot;https:\/\/italy-tourist-information.com\/de\/boboli-garten-tickets&quot;,&quot;title&quot;:&quot;Boboli Garten Tickets: Reservierter Eintritt + Audioguide&quot;,&quot;class&quot;:&quot;&quot;}\"><a href=\"https:\/\/italy-tourist-information.com\/de\/galleria-dellaccademia-tickets\" title=\"Florenz: Galleria dell\u2019Accademia Tickets mit bevorzugtem Eintritt\" data-css=\"\">Florenz: Galleria dell\u2019Accademia Tickets mit bevorzugtem Eintritt<\/a><\/span><\/h3>\n<p>Galleria dell&#8217;Accademia Tickets mit bevorzugtem Eintritt Zur Buchung Preis ab 24,00 \u20ac <a href=\"https:\/\/italy-tourist-information.com\/de\/galleria-dellaccademia-tickets#more-17468\">&#8230;<\/a><\/p>\n<p><a href=\"https:\/\/italy-tourist-information.com\/de\/galleria-dellaccademia-tickets\" style=\"\"><span style=\"\"><span style=\"\"><strong>Mehr lesen&#8230;<\/strong><\/span><\/span><\/a><a href=\"https:\/\/italy-tourist-information.com\/de\/ticket-fuer-die-medici-kapelle\" dynamic-postlink=\"tcb_post_the_permalink\" data-shortcode-id=\"7067\"><\/a><\/p>\n<h3 style=\"text-align: center; padding-top: 0px !important; margin-top: 0px !important;\" id=\"t-1601911056471\"><span data-attr-link=\"1\" data-attr-rel=\"0\" data-attr-target=\"0\" data-extra_key=\"\" data-option-inline=\"1\" data-shortcode=\"tcb_post_title\" data-shortcode-name=\"Post title\" data-attr-css=\"\" data-attr-static-link=\"{&quot;className&quot;:&quot;&quot;,&quot;href&quot;:&quot;https:\/\/italy-tourist-information.com\/de\/boboli-garten-tickets&quot;,&quot;title&quot;:&quot;Boboli Garten Tickets: Reservierter Eintritt + Audioguide&quot;,&quot;class&quot;:&quot;&quot;}\"><a href=\"https:\/\/italy-tourist-information.com\/de\/ticket-fuer-die-medici-kapelle\" title=\"Florenz: Ticket f\u00fcr die Medici-Kapelle\" data-css=\"\">Florenz: Ticket f\u00fcr die Medici-Kapelle<\/a><\/span><\/h3>\n<p>Florenz: Reservierte Eintrittskarte f\u00fcr die Medici-Kapelle Zur Buchung Ab 18 \u20ac Entdecken <a href=\"https:\/\/italy-tourist-information.com\/de\/ticket-fuer-die-medici-kapelle#more-17478\">&#8230;<\/a><\/p>\n<p><a href=\"https:\/\/italy-tourist-information.com\/de\/ticket-fuer-die-medici-kapelle\" style=\"\"><span style=\"\"><span style=\"\"><strong>Mehr lesen&#8230;<\/strong><\/span><\/span><\/a><a href=\"https:\/\/italy-tourist-information.com\/de\/tickets-fuer-palazzo-pitti\" dynamic-postlink=\"tcb_post_the_permalink\" data-shortcode-id=\"7067\"><\/a><\/p>\n<h3 style=\"text-align: center; padding-top: 0px !important; margin-top: 0px !important;\" id=\"t-1601911056471\"><span data-attr-link=\"1\" data-attr-rel=\"0\" data-attr-target=\"0\" data-extra_key=\"\" data-option-inline=\"1\" data-shortcode=\"tcb_post_title\" data-shortcode-name=\"Post title\" data-attr-css=\"\" data-attr-static-link=\"{&quot;className&quot;:&quot;&quot;,&quot;href&quot;:&quot;https:\/\/italy-tourist-information.com\/de\/boboli-garten-tickets&quot;,&quot;title&quot;:&quot;Boboli Garten Tickets: Reservierter Eintritt + Audioguide&quot;,&quot;class&quot;:&quot;&quot;}\"><a href=\"https:\/\/italy-tourist-information.com\/de\/tickets-fuer-palazzo-pitti\" title=\"Florenz: Tickets f\u00fcr Palazzo Pitti\" data-css=\"\">Florenz: Tickets f\u00fcr Palazzo Pitti<\/a><\/span><\/h3>\n<p>Tickets f\u00fcr Palazzo Pitti &amp; Palatinische Galerie: Reservierter Zutritt + Audioguide Zur <a href=\"https:\/\/italy-tourist-information.com\/de\/tickets-fuer-palazzo-pitti#more-17453\">&#8230;<\/a><\/p>\n<p><a href=\"https:\/\/italy-tourist-information.com\/de\/tickets-fuer-palazzo-pitti\" style=\"\"><span style=\"\"><span style=\"\"><strong>Mehr lesen&#8230;<\/strong><\/span><\/span><\/a><a href=\"javascript:void(0)\" style=\"\"><span style=\"\"><span style=\"\">Mehr laden<\/span><\/span><\/a><\/p>\n<h3 style=\"\" id=\"t-1601911056477\"><span style=\"\">Ticketshop<\/span><\/h3>\n","protected":false},"excerpt":{"rendered":"<p>Planen Sie Ihre Reise nach Florenz Hier finden Sie praktische Reisetipps, Empfehlungen f\u00fcr Sehensw\u00fcrdigkeiten und wichtige Fragen, die Sie sich vor Ihrer Reise nach Florenz stellen sollten. Wie komme ich nach Florenz? Zug, Bus, Auto und Flugzeug Florenz Reisef\u00fchrer: Tipps f\u00fcr Ihren Urlaub Florenz Reisef\u00fchrer: Tipps f\u00fcr Ihren Urlaub Dieser ultimative &#8230; Mehr lesen&#8230;Mehr laden [&hellip;]<\/p>\n","protected":false},"author":17,"featured_media":17440,"parent":17420,"menu_order":0,"comment_status":"closed","ping_status":"closed","template":"","meta":{"footnotes":"","tve_updated_post":"","tve_custom_css":"","tve_user_custom_css":"","tve_globals":{},"tcb2_ready":1,"tcb_editor_enabled":1,"tve_landing_page":"tcb2-blank-page","_tve_header":"17144","_tve_footer":"17145"},"categories":[138],"tags":[147],"class_list":["post-17439","page","type-page","status-publish","has-post-thumbnail","hentry","category-florenz","tag-florenz","post-wrapper","thrv_wrapper"],"_links":{"self":[{"href":"https:\/\/italy-tourist-information.com\/de\/wp-json\/wp\/v2\/pages\/17439","targetHints":{"allow":["GET"]}}],"collection":[{"href":"https:\/\/italy-tourist-information.com\/de\/wp-json\/wp\/v2\/pages"}],"about":[{"href":"https:\/\/italy-tourist-information.com\/de\/wp-json\/wp\/v2\/types\/page"}],"author":[{"embeddable":true,"href":"https:\/\/italy-tourist-information.com\/de\/wp-json\/wp\/v2\/users\/17"}],"replies":[{"embeddable":true,"href":"https:\/\/italy-tourist-information.com\/de\/wp-json\/wp\/v2\/comments?post=17439"}],"version-history":[{"count":5,"href":"https:\/\/italy-tourist-information.com\/de\/wp-json\/wp\/v2\/pages\/17439\/revisions"}],"predecessor-version":[{"id":20683,"href":"https:\/\/italy-tourist-information.com\/de\/wp-json\/wp\/v2\/pages\/17439\/revisions\/20683"}],"up":[{"embeddable":true,"href":"https:\/\/italy-tourist-information.com\/de\/wp-json\/wp\/v2\/pages\/17420"}],"wp:featuredmedia":[{"embeddable":true,"href":"https:\/\/italy-tourist-information.com\/de\/wp-json\/wp\/v2\/media\/17440"}],"wp:attachment":[{"href":"https:\/\/italy-tourist-information.com\/de\/wp-json\/wp\/v2\/media?parent=17439"}],"wp:term":[{"taxonomy":"category","embeddable":true,"href":"https:\/\/italy-tourist-information.com\/de\/wp-json\/wp\/v2\/categories?post=17439"},{"taxonomy":"post_tag","embeddable":true,"href":"https:\/\/italy-tourist-information.com\/de\/wp-json\/wp\/v2\/tags?post=17439"}],"curies":[{"name":"wp","href":"https:\/\/api.w.org\/{rel}","templated":true}]}}