{"id":17453,"date":"2024-09-19T11:36:23","date_gmt":"2024-09-19T11:36:23","guid":{"rendered":"https:\/\/italy-tourist-information.com\/florence-ticket-to-pitti-palace"},"modified":"2026-04-22T14:29:32","modified_gmt":"2026-04-22T14:29:32","slug":"tickets-fuer-palazzo-pitti","status":"publish","type":"page","link":"https:\/\/italy-tourist-information.com\/de\/tickets-fuer-palazzo-pitti","title":{"rendered":"Florenz: Tickets f\u00fcr Palazzo Pitti"},"content":{"rendered":"<p><span><img decoding=\"async\" alt=\"\" data-id=\"7064\" width=\"960\" height=\"639\" title=\"Florenz \u2013 Eintrittskarte f\u00fcr den Palazzo Pitti\" src=\"https:\/\/italy-tourist-information.com\/wp-content\/uploads\/2024\/09\/Florence-Entrance-Ticket-to-Pitti-Palace-.jpg\" data-src=\"https:\/\/italy-tourist-information.com\/wp-content\/uploads\/2024\/09\/Florence-Entrance-Ticket-to-Pitti-Palace--300x200.jpg\" loading=\"lazy\" data-sizes=\"{&quot;thumbnail&quot;:{&quot;url&quot;:&quot;https:\/\/italy-tourist-information.com\/wp-content\/uploads\/2024\/09\/Florence-Entrance-Ticket-to-Pitti-Palace--150x150.jpg&quot;,&quot;height&quot;:150,&quot;width&quot;:150,&quot;orientation&quot;:&quot;landscape&quot;},&quot;medium&quot;:{&quot;url&quot;:&quot;https:\/\/italy-tourist-information.com\/wp-content\/uploads\/2024\/09\/Florence-Entrance-Ticket-to-Pitti-Palace--300x200.jpg&quot;,&quot;height&quot;:200,&quot;width&quot;:300,&quot;orientation&quot;:&quot;landscape&quot;},&quot;full&quot;:{&quot;url&quot;:&quot;https:\/\/italy-tourist-information.com\/wp-content\/uploads\/2024\/09\/Florence-Entrance-Ticket-to-Pitti-Palace-.jpg&quot;,&quot;height&quot;:639,&quot;width&quot;:960,&quot;orientation&quot;:&quot;landscape&quot;}}\"><\/span><span><img decoding=\"async\" alt=\"\" data-id=\"7063\" width=\"960\" height=\"640\" title=\"Florenz \u2013 Eintrittskarte f\u00fcr den Palazzo Pitti 2\" src=\"https:\/\/italy-tourist-information.com\/wp-content\/uploads\/2024\/09\/Florence-Entrance-Ticket-to-Pitti-Palace-2.jpg\" data-src=\"https:\/\/italy-tourist-information.com\/wp-content\/uploads\/2024\/09\/Florence-Entrance-Ticket-to-Pitti-Palace-2-300x200.jpg\" loading=\"lazy\" data-sizes=\"{&quot;thumbnail&quot;:{&quot;url&quot;:&quot;https:\/\/italy-tourist-information.com\/wp-content\/uploads\/2024\/09\/Florence-Entrance-Ticket-to-Pitti-Palace-2-150x150.jpg&quot;,&quot;height&quot;:150,&quot;width&quot;:150,&quot;orientation&quot;:&quot;landscape&quot;},&quot;medium&quot;:{&quot;url&quot;:&quot;https:\/\/italy-tourist-information.com\/wp-content\/uploads\/2024\/09\/Florence-Entrance-Ticket-to-Pitti-Palace-2-300x200.jpg&quot;,&quot;height&quot;:200,&quot;width&quot;:300,&quot;orientation&quot;:&quot;landscape&quot;},&quot;full&quot;:{&quot;url&quot;:&quot;https:\/\/italy-tourist-information.com\/wp-content\/uploads\/2024\/09\/Florence-Entrance-Ticket-to-Pitti-Palace-2.jpg&quot;,&quot;height&quot;:640,&quot;width&quot;:960,&quot;orientation&quot;:&quot;landscape&quot;}}\"><\/span><span><img decoding=\"async\" alt=\"\" data-id=\"7062\" width=\"960\" height=\"640\" title=\"Florenz \u2013 Eintrittskarte f\u00fcr den Palazzo Pitti 3\" src=\"https:\/\/italy-tourist-information.com\/wp-content\/uploads\/2024\/09\/Florence-Entrance-Ticket-to-Pitti-Palace-3.jpg\" data-src=\"https:\/\/italy-tourist-information.com\/wp-content\/uploads\/2024\/09\/Florence-Entrance-Ticket-to-Pitti-Palace-3-300x200.jpg\" loading=\"lazy\" data-sizes=\"{&quot;thumbnail&quot;:{&quot;url&quot;:&quot;https:\/\/italy-tourist-information.com\/wp-content\/uploads\/2024\/09\/Florence-Entrance-Ticket-to-Pitti-Palace-3-150x150.jpg&quot;,&quot;height&quot;:150,&quot;width&quot;:150,&quot;orientation&quot;:&quot;landscape&quot;},&quot;medium&quot;:{&quot;url&quot;:&quot;https:\/\/italy-tourist-information.com\/wp-content\/uploads\/2024\/09\/Florence-Entrance-Ticket-to-Pitti-Palace-3-300x200.jpg&quot;,&quot;height&quot;:200,&quot;width&quot;:300,&quot;orientation&quot;:&quot;landscape&quot;},&quot;full&quot;:{&quot;url&quot;:&quot;https:\/\/italy-tourist-information.com\/wp-content\/uploads\/2024\/09\/Florence-Entrance-Ticket-to-Pitti-Palace-3.jpg&quot;,&quot;height&quot;:640,&quot;width&quot;:960,&quot;orientation&quot;:&quot;landscape&quot;}}\"><\/span><\/p>\n<h1>Tickets f\u00fcr Palazzo Pitti &amp; Palatinische Galerie: Reservierter Zutritt + Audioguide<\/h1>\n<h2><a href=\"https:\/\/www.tiqets.com\/de\/florenz-sehenswuerdigkeiten-c71854\/tickets-fur-palazzo-pitti-palatinische-galerie-reservierter-zutritt-audioguide-p974203\/?partner=italytouristinformation&amp;tq_campaign=ITIDePalazzoPittiSP\" target=\"_blank\" rel=\"nofollow noopener\" style=\"outline: none;\">Zur Buchung&nbsp;<\/a><\/h2>\n<p style=\"\"><a href=\"https:\/\/www.tiqets.com\/de\/florenz-sehenswuerdigkeiten-c71854\/tickets-fur-palazzo-pitti-palatinische-galerie-reservierter-zutritt-audioguide-p974203\/?partner=italytouristinformation&amp;tq_campaign=ITIDePalazzoPittiSP\" target=\"_blank\" rel=\"nofollow noopener\" style=\"outline: none;\">Preis ab<\/a><\/p>\n<h1><a href=\"https:\/\/www.tiqets.com\/de\/florenz-sehenswuerdigkeiten-c71854\/tickets-fur-palazzo-pitti-palatinische-galerie-reservierter-zutritt-audioguide-p974203\/?partner=italytouristinformation&amp;tq_campaign=ITIDePalazzoPittiSP\" target=\"_blank\" rel=\"nofollow noopener\" style=\"outline: none;\" spellcheck=\"false\"><strong>24 \u20ac<\/strong><\/a><\/h1>\n<p dir=\"ltr\">Besuchen Sie den ber\u00fchmten Palazzo Pitti in Florenz mit reserviertem Eintritt und tauchen Sie ein in die reiche Geschichte der Medici. Entdecken Sie bemerkenswerte Kunstsammlungen und genie\u00dfen Sie den exklusiven Zugang zur Galleria Palatina und zur Galleria Moderna.<\/p>\n<ul>\n<li style=\"\"><span>Handverlesenes Ticket&nbsp;<\/span><\/li>\n<li style=\"\"><span>Reservierter Eingang<\/span><\/li>\n<li style=\"\"><span>G\u00fcltig f\u00fcr 1 Tag<\/span><\/li>\n<li style=\"\"><span>R\u00fcckerstattungsf\u00e4hige Tickets erh\u00e4ltlich<\/span><\/li>\n<\/ul>\n<h2>Inbegriffen<\/h2>\n<ul>\n<li style=\"\">                    <span>Reservierte Eintrittskarte f\u00fcr den Palazzo Pitti<\/span><\/li>\n<li><span>Zugang zur Galleria Palatina und den k\u00f6niglichen Gem\u00e4chern<\/span><\/li>\n<li style=\"\">                    <span>Eintritt zur Galerie f\u00fcr moderne Kunst<\/span><\/li>\n<li style=\"\">                    <span>Zugang zur Schatzkammer der Gro\u00dfherz\u00f6ge<\/span><\/li>\n<li style=\"\">                    <span>Digitale Audio-App f\u00fcr Florenz<\/span><\/li>\n<li style=\"\">                    <span>Buchungs- und Bearbeitungsgeb\u00fchren<\/span><\/li>\n<\/ul>\n<h2>Nicht inbegriffen<\/h2>\n<ul>\n<li style=\"\"><span>F\u00fchrung<\/span><\/li>\n<\/ul>\n<h2>Wichtige Informationen<\/h2>\n<ul>\n<li style=\"\"><span>Bitte bringen Sie Ihren g\u00fcltigen Reisepass oder Personalausweis zur \u00dcberpr\u00fcfung mit.<\/span><\/li>\n<li style=\"\"><span>Sie erhalten den n\u00e4chstm\u00f6glichen verf\u00fcgbaren Zeitslot zu Ihrem gew\u00e4hlten Zeitpunkt. Ihre endg\u00fcltige Einlasszeit kann um bis zu 45 Minuten abweichen. Bitte \u00fcberpr\u00fcfen Sie daher die best\u00e4tigte Zeit auf Ihrem Gutschein.<\/span><\/li>\n<li><span>Sie erhalten eine separate E-Mail mit einem Link und einer Anleitung zum Herunterladen Ihres digitalen Audioguides auf Ihr Ger\u00e4t. Dieser Audioguide ist nicht die offizielle Version, sondern ein Service des Anbieters.<\/span><\/li>\n<\/ul>\n<h2>Beschreibung:<\/h2>\n<p dir=\"ltr\">Entdecken Sie den beeindruckenden <strong>Palazzo Pitti,<\/strong> einst Residenz der einflussreichen Medici. Schlendern Sie durch die <strong>Galleria Palatina<\/strong> mit Werken von Raffael und Tizian und bewundern Sie moderne Meisterwerke in der <strong>Galerie f\u00fcr Moderne Kunst<\/strong>. Profitieren Sie vom reservierten Eintritt und tauchen Sie direkt ein in die Praxis italienischer Renaissance- und Gegenwartskunst.<\/p>\n<h2>Highlights:<\/h2>\n<ul>\n<li dir=\"ltr\">Genie\u00dfen Sie den bevorzugten Zugang zu einem der gr\u00f6\u00dften und renommiertesten Museen von Florenz.<\/li>\n<li dir=\"ltr\">Bewundern Sie die Galleria Palatina, die mit Meisterwerken aus der Sammlung der Medici geschm\u00fcckt ist.<\/li>\n<li dir=\"ltr\">Schlendern Sie durch die k\u00f6niglichen Gem\u00e4cher mit ihren exquisiten Einrichtungsgegenst\u00e4nden aus der Renovierung des 19. Jahrhunderts.<\/li>\n<li dir=\"ltr\">Erkunden Sie die Galerie f\u00fcr Moderne Kunst, die italienische Kunst vom 18. Jahrhundert bis zum Ersten Weltkrieg pr\u00e4sentiert.<\/li>\n<li dir=\"ltr\">Genie\u00dfen Sie den Blick aus den Fenstern auf die Boboli-G\u00e4rten und Brunelleschis Basilika Santo Spirito.<\/li>\n<\/ul>\n<h2>Palazzo Pitti<\/h2>\n<p>Palazzo Pitti, Piazza de&#8216; Pitti, 1, 50125 Florenz, Italien<\/p>\n<h2>Stornierungsbedingungen<\/h2>\n<p><span data-sheets-root=\"1\">Tickets sind grunds\u00e4tzlich nicht erstattungsf\u00e4hig und k\u00f6nnen nicht umgebucht werden, es sei denn, Sie w\u00e4hlen beim Bezahlvorgang ein erstattungsf\u00e4higes Ticket aus.<\/span><\/p>\n<h2>Treffpunkt &amp; Anweisungen<\/h2>\n<p data-pm-slice=\"1 1 []\"><span data-sheets-root=\"1\">Zeigen Sie Ihren mobilen Voucher am Eingang vor.<\/span><\/p>\n<p><a href=\"https:\/\/www.google.com\/maps\/place\/Palazzo+Pitti\/@43.7613655,11.248916,14z\/data=!4m14!1m7!3m6!1s0x132a515690734e97:0x40c02f73b03d9b2!2sBoboli-Garten!8m2!3d43.7624972!4d11.2483996!16zL20vMDI1cGNq!3m5!1s0x132a515441db99f1:0x5cd0cce4e6f1502a!8m2!3d43.7651533!4d11.2500081!16zL20vMDQ0Ymg2?entry=ttu&amp;g_ep=EgoyMDI0MDkxNi4wIKXMDSoASAFQAw%3D%3D\" target=\"_blank\" rel=\"nofollow noopener\" style=\"font-weight: var(--g-regular-weight, normal); background-color: rgb(255, 255, 255); outline: none;\">In Karten \u00f6ffnen<\/a><\/p>\n<h2>Bewertungen<\/h2>\n<p><strong>4,6\/5&nbsp; <\/strong><strong>(1071 Bewertungen)<\/strong><\/p>\n<p dir=\"ltr\"><em>\u201eSehr gute Erfahrung \u2013 ich war zun\u00e4chst vom \u00c4u\u00dferen des Palastes entt\u00e4uscht, da er sehr schlicht und einfach wirkt, aber das Innere war zauberhaft und prunkvoll! Wundersch\u00f6ne Gem\u00e4lde und Kronleuchter!\u201c Chantal<\/em> \u2013 Vereinigtes K\u00f6nigreich, September 2024 <a href=\"https:\/\/www.tiqets.com\/de\/florenz-sehenswuerdigkeiten-c71854\/tickets-fur-palazzo-pitti-palatinische-galerie-reservierter-zutritt-audioguide-p974203\/?partner=italytouristinformation&amp;tq_campaign=ITIDePalazzoPittiSP\" target=\"_blank\" rel=\"nofollow noopener\" spellcheck=\"false\" style=\"outline: none;\">&gt;&gt; Weitere Bewertungen ansehen \u2026<\/a><\/p>\n<p><span># <\/span><strong><span>2<\/span><\/strong><\/p>\n<h2>Weitere Aktivit\u00e4ten, die Ihnen gefallen k\u00f6nnten<\/h2>\n<p><span><img decoding=\"async\" alt=\"\" data-id=\"11566\" width=\"159\" data-init-width=\"1600\" height=\"99\" data-init-height=\"1000\" title=\"Pitti-Palast &amp; Galleria Palatin, Boboli- &amp; Bardini-G\u00e4rten: Tickets ohne Anstehen\" loading=\"lazy\" src=\"https:\/\/italy-tourist-information.com\/wp-content\/uploads\/2025\/08\/Pitti-Palace-Palatine-Gallery-Boboli-Bardini-Gardens-Skip-the-Line-Tickets-ota.avif\" data-width=\"159\" data-height=\"99\" style=\"aspect-ratio: auto 1600 \/ 1000;\"><\/span><\/p>\n<table>\n<tbody>\n<tr>\n<td>\n<table>\n<tbody>\n<tr>\n<td><strong><a href=\"https:\/\/www.headout.com\/de\/palazzo-pitti-und-boboli-garten\/kombitickets-palazzo-pitti-galleria-palatina-boboli-garten-e-15258\/?affiliate_code=KXkQ69&amp;utm_campaign=itidepalazzopittisp2&amp;utm_content=link&amp;utm_medium=affiliate&amp;utm_source=most_amazing_places\" target=\"_blank\" rel=\"nofollow noopener\" style=\"outline: none;\" data-lt-tmp-id=\"lt-830225\" spellcheck=\"false\">Pitti-Palast &amp; Galleria Palatin, Boboli- &amp; Bardini-G\u00e4rten: Tickets ohne Anstehen<\/a><\/strong><\/td>\n<\/tr>\n<\/tbody>\n<\/table>\n<\/td>\n<\/tr>\n<\/tbody>\n<\/table>\n<p>Erleben Sie die Pracht des Palazzo Pitti in Florenz mit Tickets ohne Anstehen, die Ihnen auch Zugang zu den Meisterwerken der <strong>Galleria Palatina<\/strong> und der beschaulichen Sch\u00f6nheit der <strong>Boboli-<\/strong> und <strong>Bardini- <\/strong><strong>G\u00e4rten<\/strong> gew\u00e4hren.<\/p>\n<h3 style=\"\">Gesamtpreis<\/h3>\n<h3>Ihr Konto wird noch nicht belastet<\/h3>\n<p><span># <\/span><strong><span>2<\/span><\/strong><span><img decoding=\"async\" alt=\"\" data-id=\"11572\" width=\"159\" data-init-width=\"1600\" height=\"99\" data-init-height=\"1000\" title=\"F\u00fchrung durch den Pitti-Palast, die Galleria Palatina und die Boboli-G\u00e4rten\" loading=\"lazy\" src=\"https:\/\/italy-tourist-information.com\/wp-content\/uploads\/2025\/08\/Pitti-Palace-Palatine-Gallery-Boboli-Gardens-Guided-Tour-ota.avif\" data-width=\"159\" data-height=\"99\" style=\"aspect-ratio: auto 1600 \/ 1000;\"><\/span><\/p>\n<table>\n<tbody>\n<tr>\n<td>\n<table>\n<tbody>\n<tr>\n<td><strong><a href=\"https:\/\/www.headout.com\/de\/palazzo-pitti-und-boboli-garten\/palazzo-pitti-boboli-garten-und-palatinische-galerie-mit-fuhrung-e-26981\/?affiliate_code=KXkQ69&amp;utm_campaign=itidepalazzopittisp4&amp;utm_content=link&amp;utm_medium=affiliate&amp;utm_source=most_amazing_places\" rel=\"nofollow noopener\" style=\"outline: none;\" target=\"_blank\" data-lt-tmp-id=\"lt-67292\" spellcheck=\"false\">F\u00fchrung durch den Pitti-Palast, die Galleria Palatina und die Boboli-G\u00e4rten<\/a><\/strong><\/td>\n<\/tr>\n<\/tbody>\n<\/table>\n<\/td>\n<\/tr>\n<\/tbody>\n<\/table>\n<p>Entdecken Sie die Kunst und Geschichte von Florenz unter einer <strong>F\u00fchrung<\/strong> durch den pr\u00e4chtigen Palazzo Pitti, die weltber\u00fchmte Galleria Palatina und die beschauliche Sch\u00f6nheit der Boboli-G\u00e4rten.<\/p>\n<h3 style=\"\">Gesamtpreis<\/h3>\n<h3>Ihr Konto wird noch nicht belastet<\/h3>\n<p><span><img decoding=\"async\" alt=\"\" data-id=\"11570\" width=\"159\" data-init-width=\"1600\" height=\"99\" data-init-height=\"1000\" title=\"Florenz 5-Tages-Pass \u2013 Tickets f\u00fcr die Uffizien, den Palazzo Pitti und die Boboli-G\u00e4rten\" loading=\"lazy\" src=\"https:\/\/italy-tourist-information.com\/wp-content\/uploads\/2025\/08\/Florence-5-Day-Pass-Uffizi-Gallery-Pitti-Palace-Boboli-Gardens-Tickets-ota.avif\" data-width=\"159\" data-height=\"99\" style=\"aspect-ratio: auto 1600 \/ 1000;\"><\/span><\/p>\n<table>\n<tbody>\n<tr>\n<td>\n<table>\n<tbody>\n<tr>\n<td><strong><a href=\"https:\/\/www.headout.com\/de\/palazzo-pitti-und-boboli-garten\/florenz-5-tage-pass-uffizien-galerie-pitti-palast-boboli-garten-tickets-e-26957\/?affiliate_code=KXkQ69&amp;utm_campaign=itidepalazzopittisp3&amp;utm_content=link&amp;utm_medium=affiliate&amp;utm_source=most_amazing_places\" rel=\"nofollow noopener\" style=\"outline: none;\" target=\"_blank\" data-lt-tmp-id=\"lt-388029\" spellcheck=\"false\">Florenz 5-Tages-Pass: Tickets f\u00fcr die Uffizien, den Palazzo Pitti und die Boboli-G\u00e4rten<\/a><\/strong><\/td>\n<\/tr>\n<\/tbody>\n<\/table>\n<\/td>\n<\/tr>\n<\/tbody>\n<\/table>\n<p>Erleben Sie das kulturelle Herz von Florenz mit einem einzigen <strong>5-Tage-Pass,<\/strong> der Ihnen Zugang zu seinen wertvollsten Sehensw\u00fcrdigkeiten gew\u00e4hrt: den weltber\u00fchmten <strong>Uffizien, dem<\/strong> pr\u00e4chtigen <strong>Pitti-Palast <\/strong><strong>und<\/strong> den atemberaubenden <strong>Boboli-G\u00e4rten.<\/strong><\/p>\n<h3 style=\"\">Gesamtpreis<\/h3>\n<h3 style=\"\">Ihr Konto wird noch nicht belastet<\/h3>\n<p><span># <\/span><strong><span>2<\/span><\/strong><\/p>\n<p><\/p>\n<h2><a href=\"https:\/\/www.tiqets.com\/de\/florenz-sehenswuerdigkeiten-c71854\/tickets-fur-palazzo-pitti-palatinische-galerie-reservierter-zutritt-audioguide-p974203\/?partner=italytouristinformation&amp;tq_campaign=ITIDePalazzoPittiSP\" target=\"_blank\" rel=\"nofollow noopener\" style=\"outline: none;\">Zur Buchung<\/a><\/h2>\n<p style=\"\"><a href=\"https:\/\/www.tiqets.com\/de\/florenz-sehenswuerdigkeiten-c71854\/tickets-fur-palazzo-pitti-palatinische-galerie-reservierter-zutritt-audioguide-p974203\/?partner=italytouristinformation&amp;tq_campaign=ITIDePalazzoPittiSP\" target=\"_blank\" rel=\"nofollow noopener\" style=\"outline: none;\">Preis ab<\/a><\/p>\n<h1><a href=\"https:\/\/www.tiqets.com\/de\/florenz-sehenswuerdigkeiten-c71854\/tickets-fur-palazzo-pitti-palatinische-galerie-reservierter-zutritt-audioguide-p974203\/?partner=italytouristinformation&amp;tq_campaign=ITIDePalazzoPittiSP\" target=\"_blank\" rel=\"nofollow noopener\" style=\"outline: none;\">24 \u20ac<\/a><\/h1>\n<h3>Ihr Konto wird noch nicht belastet<\/h3>\n","protected":false},"excerpt":{"rendered":"<p>Tickets f\u00fcr Palazzo Pitti &amp; Palatinische Galerie: Reservierter Zutritt + Audioguide Zur Buchung&nbsp; Preis ab 24 \u20ac Besuchen Sie den ber\u00fchmten Palazzo Pitti in Florenz mit reserviertem Eintritt und tauchen Sie ein in die reiche Geschichte der Medici. Entdecken Sie bemerkenswerte Kunstsammlungen und genie\u00dfen Sie den exklusiven Zugang zur Galleria Palatina und zur Galleria Moderna. [&hellip;]<\/p>\n","protected":false},"author":6,"featured_media":17454,"parent":0,"menu_order":0,"comment_status":"closed","ping_status":"closed","template":"","meta":{"footnotes":""},"categories":[138,128],"tags":[147,130],"class_list":["post-17453","page","type-page","status-publish","has-post-thumbnail","hentry","category-florenz","category-verkaufsseite","tag-florenz","tag-verkaufsseite","post-wrapper","thrv_wrapper"],"_links":{"self":[{"href":"https:\/\/italy-tourist-information.com\/de\/wp-json\/wp\/v2\/pages\/17453","targetHints":{"allow":["GET"]}}],"collection":[{"href":"https:\/\/italy-tourist-information.com\/de\/wp-json\/wp\/v2\/pages"}],"about":[{"href":"https:\/\/italy-tourist-information.com\/de\/wp-json\/wp\/v2\/types\/page"}],"author":[{"embeddable":true,"href":"https:\/\/italy-tourist-information.com\/de\/wp-json\/wp\/v2\/users\/6"}],"replies":[{"embeddable":true,"href":"https:\/\/italy-tourist-information.com\/de\/wp-json\/wp\/v2\/comments?post=17453"}],"version-history":[{"count":7,"href":"https:\/\/italy-tourist-information.com\/de\/wp-json\/wp\/v2\/pages\/17453\/revisions"}],"predecessor-version":[{"id":20078,"href":"https:\/\/italy-tourist-information.com\/de\/wp-json\/wp\/v2\/pages\/17453\/revisions\/20078"}],"wp:featuredmedia":[{"embeddable":true,"href":"https:\/\/italy-tourist-information.com\/de\/wp-json\/wp\/v2\/media\/17454"}],"wp:attachment":[{"href":"https:\/\/italy-tourist-information.com\/de\/wp-json\/wp\/v2\/media?parent=17453"}],"wp:term":[{"taxonomy":"category","embeddable":true,"href":"https:\/\/italy-tourist-information.com\/de\/wp-json\/wp\/v2\/categories?post=17453"},{"taxonomy":"post_tag","embeddable":true,"href":"https:\/\/italy-tourist-information.com\/de\/wp-json\/wp\/v2\/tags?post=17453"}],"curies":[{"name":"wp","href":"https:\/\/api.w.org\/{rel}","templated":true}]}}