{"id":17462,"date":"2024-09-19T10:55:11","date_gmt":"2024-09-19T10:55:11","guid":{"rendered":"https:\/\/italy-tourist-information.com\/ticket-to-santa-croce-basilica-florence"},"modified":"2026-04-22T14:24:27","modified_gmt":"2026-04-22T14:24:27","slug":"basilika-santa-croce-tickets","status":"publish","type":"page","link":"https:\/\/italy-tourist-information.com\/de\/basilika-santa-croce-tickets","title":{"rendered":"Florenz: Basilika Santa Croce Tickets"},"content":{"rendered":"<p><span><img decoding=\"async\" alt=\"\" data-id=\"7051\" width=\"911\" height=\"640\" title=\"Eintrittskarte f\u00fcr den Basilika-Komplex Santa Croce\" src=\"https:\/\/italy-tourist-information.com\/wp-content\/uploads\/2024\/09\/Entrance-Ticket-to-Santa-Croce-Basilica-Complex.jpg\" data-src=\"https:\/\/italy-tourist-information.com\/wp-content\/uploads\/2024\/09\/Entrance-Ticket-to-Santa-Croce-Basilica-Complex-300x211.jpg\" loading=\"lazy\" data-sizes=\"{&quot;thumbnail&quot;:{&quot;url&quot;:&quot;https:\/\/italy-tourist-information.com\/wp-content\/uploads\/2024\/09\/Entrance-Ticket-to-Santa-Croce-Basilica-Complex-150x150.jpg&quot;,&quot;height&quot;:150,&quot;width&quot;:150,&quot;orientation&quot;:&quot;landscape&quot;},&quot;medium&quot;:{&quot;url&quot;:&quot;https:\/\/italy-tourist-information.com\/wp-content\/uploads\/2024\/09\/Entrance-Ticket-to-Santa-Croce-Basilica-Complex-300x211.jpg&quot;,&quot;height&quot;:211,&quot;width&quot;:300,&quot;orientation&quot;:&quot;landscape&quot;},&quot;full&quot;:{&quot;url&quot;:&quot;https:\/\/italy-tourist-information.com\/wp-content\/uploads\/2024\/09\/Entrance-Ticket-to-Santa-Croce-Basilica-Complex.jpg&quot;,&quot;height&quot;:640,&quot;width&quot;:911,&quot;orientation&quot;:&quot;landscape&quot;}}\"><\/span><span><img decoding=\"async\" alt=\"\" data-id=\"7050\" width=\"853\" height=\"640\" title=\"Eintrittskarte f\u00fcr den Basilika-Komplex Santa Croce 2\" src=\"https:\/\/italy-tourist-information.com\/wp-content\/uploads\/2024\/09\/Entrance-Ticket-to-Santa-Croce-Basilica-Complex-2.jpg\" data-src=\"https:\/\/italy-tourist-information.com\/wp-content\/uploads\/2024\/09\/Entrance-Ticket-to-Santa-Croce-Basilica-Complex-2-300x225.jpg\" loading=\"lazy\" data-sizes=\"{&quot;thumbnail&quot;:{&quot;url&quot;:&quot;https:\/\/italy-tourist-information.com\/wp-content\/uploads\/2024\/09\/Entrance-Ticket-to-Santa-Croce-Basilica-Complex-2-150x150.jpg&quot;,&quot;height&quot;:150,&quot;width&quot;:150,&quot;orientation&quot;:&quot;landscape&quot;},&quot;medium&quot;:{&quot;url&quot;:&quot;https:\/\/italy-tourist-information.com\/wp-content\/uploads\/2024\/09\/Entrance-Ticket-to-Santa-Croce-Basilica-Complex-2-300x225.jpg&quot;,&quot;height&quot;:225,&quot;width&quot;:300,&quot;orientation&quot;:&quot;landscape&quot;},&quot;full&quot;:{&quot;url&quot;:&quot;https:\/\/italy-tourist-information.com\/wp-content\/uploads\/2024\/09\/Entrance-Ticket-to-Santa-Croce-Basilica-Complex-2.jpg&quot;,&quot;height&quot;:640,&quot;width&quot;:853,&quot;orientation&quot;:&quot;landscape&quot;}}\"><\/span><span><img decoding=\"async\" alt=\"\" data-id=\"7049\" width=\"853\" height=\"640\" title=\"Eintrittskarte f\u00fcr den Basilika-Komplex Santa Croce 3\" src=\"https:\/\/italy-tourist-information.com\/wp-content\/uploads\/2024\/09\/Entrance-Ticket-to-Santa-Croce-Basilica-Complex-3.jpg\" data-src=\"https:\/\/italy-tourist-information.com\/wp-content\/uploads\/2024\/09\/Entrance-Ticket-to-Santa-Croce-Basilica-Complex-3-300x225.jpg\" loading=\"lazy\" data-sizes=\"{&quot;thumbnail&quot;:{&quot;url&quot;:&quot;https:\/\/italy-tourist-information.com\/wp-content\/uploads\/2024\/09\/Entrance-Ticket-to-Santa-Croce-Basilica-Complex-3-150x150.jpg&quot;,&quot;height&quot;:150,&quot;width&quot;:150,&quot;orientation&quot;:&quot;landscape&quot;},&quot;medium&quot;:{&quot;url&quot;:&quot;https:\/\/italy-tourist-information.com\/wp-content\/uploads\/2024\/09\/Entrance-Ticket-to-Santa-Croce-Basilica-Complex-3-300x225.jpg&quot;,&quot;height&quot;:225,&quot;width&quot;:300,&quot;orientation&quot;:&quot;landscape&quot;},&quot;full&quot;:{&quot;url&quot;:&quot;https:\/\/italy-tourist-information.com\/wp-content\/uploads\/2024\/09\/Entrance-Ticket-to-Santa-Croce-Basilica-Complex-3.jpg&quot;,&quot;height&quot;:640,&quot;width&quot;:853,&quot;orientation&quot;:&quot;landscape&quot;}}\"><\/span><\/p>\n<h1 dir=\"ltr\">Schnelleinlass-Tickets f\u00fcr den Komplex der Basilika Santa Croce<\/h1>\n<h2><a href=\"https:\/\/www.headout.com\/de\/basilika-von-santa-croce\/schnelleinlass-tickets-fur-den-basilika-komplex-santa-croce-e-23216\/?affiliate_code=KXkQ69&amp;utm_campaign=itidesantacrocesp&amp;utm_content=link&amp;utm_medium=affiliate&amp;utm_source=most_amazing_places\" target=\"_blank\" rel=\"nofollow noopener\" style=\"outline: none;\" spellcheck=\"false\">Zur Buchung<\/a><\/h2>\n<p style=\"\"><a href=\"https:\/\/www.headout.com\/de\/basilika-von-santa-croce\/schnelleinlass-tickets-fur-den-basilika-komplex-santa-croce-e-23216\/?affiliate_code=KXkQ69&amp;utm_campaign=itidesantacrocesp&amp;utm_content=link&amp;utm_medium=affiliate&amp;utm_source=most_amazing_places\" target=\"_blank\" rel=\"nofollow noopener\" style=\"outline: none;\">Preis ab<\/a><\/p>\n<h1><a href=\"https:\/\/www.headout.com\/de\/basilika-von-santa-croce\/schnelleinlass-tickets-fur-den-basilika-komplex-santa-croce-e-23216\/?affiliate_code=KXkQ69&amp;utm_campaign=itidesantacrocesp&amp;utm_content=link&amp;utm_medium=affiliate&amp;utm_source=most_amazing_places\" target=\"_blank\" rel=\"nofollow noopener\" style=\"outline: none;\" spellcheck=\"false\"><strong>11,00 \u20ac<\/strong><\/a><\/h1>\n<p dir=\"ltr\">Erkunden Sie die historische Basilika Santa Croce mit einem Schnelleinlass-Ticket. Bewundern Sie Meisterwerke ber\u00fchmter italienischer K\u00fcnstler und die letzten Ruhest\u00e4tten legend\u00e4rer Pers\u00f6nlichkeiten wie Michelangelo und Galilei.<\/p>\n<ul>\n<li style=\"\"><span>Handverlesenes Ticket&nbsp;<\/span><\/li>\n<li style=\"\"><span>Warteschlange \u00fcberspringen&nbsp;<\/span><\/li>\n<li style=\"\"><span>G\u00fcltig f\u00fcr 1 Tag<\/span><\/li>\n<li style=\"\"><span>Nicht erstattungsf\u00e4hig<\/span><\/li>\n<\/ul>\n<h2>Inbegriffen<\/h2>\n<ul>\n<li style=\"\">                    <span>Schnelleinlass-Ticket f\u00fcr Komplex Santa Croce Basilika<\/span><\/li>\n<li style=\"\">                    <span>Zugang zur Medici-Kapelle, der Alten Sakristei und der Sala del Pozzo<\/span><\/li>\n<\/ul>\n<h2>Nicht inbegriffen<\/h2>\n<ul>\n<li style=\"\"><span>Live-Guide<\/span><\/li>\n<\/ul>\n<h2>Wichtige Informationen<\/h2>\n<ul>\n<li style=\"\"><span>Nicht erlaubt: Kurze Hosen, Rauchen, Essen und Trinken, gro\u00dfe Taschen oder Gep\u00e4ckst\u00fccke, Haustiere (ausgenommen Assistenzhunde), Blitzlichtfotografie, Stative und \u00fcberm\u00e4\u00dfiger L\u00e4rm.<\/span><\/li>\n<li style=\"\"><span>Dieses Ticket berechtigt nur zum Eintritt; F\u00fchrungen sind nicht inbegriffen.<\/span><\/li>\n<li style=\"\"><span>Die Bardi-Kapelle ist bis auf Weiteres wegen Restaurierungsarbeiten geschlossen.<\/span><\/li>\n<li style=\"\"><span>Die meisten Bereiche des Komplexes sind f\u00fcr Besucher mit Behinderungen zug\u00e4nglich, wobei der Zugang in einigen Bereichen m\u00f6glicherweise eingeschr\u00e4nkt ist.<\/span><\/li>\n<li style=\"\"><span>Die Basilika und der Kreuzgang sind \u00fcber eine Rampe und eine erh\u00f6hte Plattform am Largo Bargellini zug\u00e4nglich.<\/span><\/li>\n<\/ul>\n<h2>Beschreibung:<\/h2>\n<p dir=\"ltr\">Entdecken Sie die&nbsp;<strong>Basilika Santa Croce,<\/strong> wo Kunst, Geschichte und Spiritualit\u00e4t aufeinandertreffen. Mit Ihrem <strong>Ticket mit Schnelleinlass<\/strong> k\u00f6nnen Sie diese prachtvolle St\u00e4tte in Ihrem eigenen Tempo erkunden und beeindruckende Kunstwerke sowie die <strong>Gr\u00e4ber einiger ber\u00fchmter Pers\u00f6nlichkeiten Italiens<\/strong> bewundern. Von der ikonischen Pazzi-Kapelle bis zu den beschaulichen Kreuzg\u00e4ngen erz\u00e4hlt jeder Winkel dieses Komplexes seine eigene Geschichte.<\/p>\n<h2>Highlights:<\/h2>\n<ul>\n<li dir=\"ltr\">Profitieren Sie von einem Ticket ohne Anstehen und genie\u00dfen Sie mehr Zeit, die raffinierten Details der Basilika zu entdecken.<\/li>\n<li dir=\"ltr\">Erweisen Sie den Gr\u00e4bern ber\u00fchmter Pers\u00f6nlichkeiten wie Dante, Michelangelo und Galilei Ihre Ehre.<\/li>\n<li dir=\"ltr\">Schlendern Sie durch die beschaulichen Kreuzg\u00e4nge und genie\u00dfen Sie die friedvolle Atmosph\u00e4re des Franziskanerklosters.<\/li>\n<li dir=\"ltr\">Bewundern Sie die Meisterwerke von Giotto, Brunelleschi, Donatello und Cimabue.<\/li>\n<li dir=\"ltr\">Erkunden Sie die Pazzi-Kapelle, ein architektonisches Juwel, das vom Renaissance-Meister Filippo Brunelleschi entworfen wurde.<\/li>\n<\/ul>\n<h2>Santa Croce&nbsp;<\/h2>\n<p>Piazza di Santa Croce 16, 50122 Florenz, Italien<\/p>\n<h2>Stornierungsbedingungen<\/h2>\n<p>Diese Tickets sind nicht erstattungsf\u00e4hig.<\/p>\n<h2>Treffpunkt &amp; Anweisungen<\/h2>\n<p data-pm-slice=\"1 1 []\">Zeigen Sie am Eingang Ihren mobilen Voucher und einen g\u00fcltigen Lichtbildausweis vor. Kommen Sie 15 Minuten fr\u00fcher, um Verz\u00f6gerungen zu vermeiden.<\/p>\n<p><a href=\"https:\/\/www.google.com\/maps\/place\/Santa+Croce\/@43.7685683,11.2596928,17z\/data=!3m1!4b1!4m6!3m5!1s0x132a540723ccc331:0x8f8279649c131255!8m2!3d43.7685683!4d11.2622677!16zL20vMDM0NW1y?entry=ttu&amp;g_ep=EgoyMDI0MDkxNi4wIKXMDSoASAFQAw%3D%3D\" target=\"_blank\" rel=\"nofollow noopener\" style=\"outline: none;\" data-lt-tmp-id=\"lt-717027\" spellcheck=\"false\">In Karten \u00f6ffnen<\/a><\/p>\n<h2>Bewertungen<\/h2>\n<p><strong>4,4\/5&nbsp; <\/strong><strong>(288 Bewertungen)<\/strong><\/p>\n<p dir=\"ltr\"><em>\u201eWundersch\u00f6ne Anlage mit den Gr\u00e4bern mehrerer sehr ber\u00fchmter Italiener. Die Kreuzg\u00e4nge laden zu einer ruhigen und friedlichen Verweildauer ein.\u201c<\/em> Sarah \u2013 Vereinigtes K\u00f6nigreich, Juni 2024 <a href=\"https:\/\/www.headout.com\/de\/basilika-von-santa-croce\/schnelleinlass-tickets-fur-den-basilika-komplex-santa-croce-e-23216\/?affiliate_code=KXkQ69&amp;utm_campaign=itidesantacrocesp&amp;utm_content=link&amp;utm_medium=affiliate&amp;utm_source=most_amazing_places\" target=\"_blank\" rel=\"nofollow noopener\" spellcheck=\"false\" style=\"outline: none;\">&gt;&gt; Weitere Bewertungen ansehen \u2026<\/a><\/p>\n<p><span># <\/span><strong><span>2<\/span><\/strong><span># <\/span><strong><span>2<\/span><\/strong><\/p>\n<p><\/p>\n<h2><a href=\"https:\/\/www.headout.com\/de\/basilika-von-santa-croce\/schnelleinlass-tickets-fur-den-basilika-komplex-santa-croce-e-23216\/?affiliate_code=KXkQ69&amp;utm_campaign=itidesantacrocesp&amp;utm_content=link&amp;utm_medium=affiliate&amp;utm_source=most_amazing_places\" target=\"_blank\" rel=\"nofollow noopener\" style=\"outline: none;\">Zur Buchung<\/a><\/h2>\n<p style=\"\"><a href=\"https:\/\/www.headout.com\/de\/basilika-von-santa-croce\/schnelleinlass-tickets-fur-den-basilika-komplex-santa-croce-e-23216\/?affiliate_code=KXkQ69&amp;utm_campaign=itidesantacrocesp&amp;utm_content=link&amp;utm_medium=affiliate&amp;utm_source=most_amazing_places\" target=\"_blank\" rel=\"nofollow noopener\" style=\"outline: none;\">Preis ab<\/a><\/p>\n<h1><a href=\"https:\/\/www.headout.com\/de\/basilika-von-santa-croce\/schnelleinlass-tickets-fur-den-basilika-komplex-santa-croce-e-23216\/?affiliate_code=KXkQ69&amp;utm_campaign=itidesantacrocesp&amp;utm_content=link&amp;utm_medium=affiliate&amp;utm_source=most_amazing_places\" target=\"_blank\" rel=\"nofollow noopener\" style=\"outline: none;\"><strong>11,00 \u20ac<\/strong><\/a><\/h1>\n<p style=\"\">Iihr Konto wir noch nicht belastet<\/p>\n","protected":false},"excerpt":{"rendered":"<p>Schnelleinlass-Tickets f\u00fcr den Komplex der Basilika Santa Croce Zur Buchung Preis ab 11,00 \u20ac Erkunden Sie die historische Basilika Santa Croce mit einem Schnelleinlass-Ticket. Bewundern Sie Meisterwerke ber\u00fchmter italienischer K\u00fcnstler und die letzten Ruhest\u00e4tten legend\u00e4rer Pers\u00f6nlichkeiten wie Michelangelo und Galilei. Handverlesenes Ticket&nbsp; Warteschlange \u00fcberspringen&nbsp; G\u00fcltig f\u00fcr 1 Tag Nicht erstattungsf\u00e4hig Inbegriffen Schnelleinlass-Ticket f\u00fcr Komplex Santa [&hellip;]<\/p>\n","protected":false},"author":6,"featured_media":17463,"parent":0,"menu_order":0,"comment_status":"closed","ping_status":"closed","template":"","meta":{"footnotes":""},"categories":[138,128],"tags":[147,130],"class_list":["post-17462","page","type-page","status-publish","has-post-thumbnail","hentry","category-florenz","category-verkaufsseite","tag-florenz","tag-verkaufsseite","post-wrapper","thrv_wrapper"],"_links":{"self":[{"href":"https:\/\/italy-tourist-information.com\/de\/wp-json\/wp\/v2\/pages\/17462","targetHints":{"allow":["GET"]}}],"collection":[{"href":"https:\/\/italy-tourist-information.com\/de\/wp-json\/wp\/v2\/pages"}],"about":[{"href":"https:\/\/italy-tourist-information.com\/de\/wp-json\/wp\/v2\/types\/page"}],"author":[{"embeddable":true,"href":"https:\/\/italy-tourist-information.com\/de\/wp-json\/wp\/v2\/users\/6"}],"replies":[{"embeddable":true,"href":"https:\/\/italy-tourist-information.com\/de\/wp-json\/wp\/v2\/comments?post=17462"}],"version-history":[{"count":9,"href":"https:\/\/italy-tourist-information.com\/de\/wp-json\/wp\/v2\/pages\/17462\/revisions"}],"predecessor-version":[{"id":20074,"href":"https:\/\/italy-tourist-information.com\/de\/wp-json\/wp\/v2\/pages\/17462\/revisions\/20074"}],"wp:featuredmedia":[{"embeddable":true,"href":"https:\/\/italy-tourist-information.com\/de\/wp-json\/wp\/v2\/media\/17463"}],"wp:attachment":[{"href":"https:\/\/italy-tourist-information.com\/de\/wp-json\/wp\/v2\/media?parent=17462"}],"wp:term":[{"taxonomy":"category","embeddable":true,"href":"https:\/\/italy-tourist-information.com\/de\/wp-json\/wp\/v2\/categories?post=17462"},{"taxonomy":"post_tag","embeddable":true,"href":"https:\/\/italy-tourist-information.com\/de\/wp-json\/wp\/v2\/tags?post=17462"}],"curies":[{"name":"wp","href":"https:\/\/api.w.org\/{rel}","templated":true}]}}