{"id":17468,"date":"2024-09-18T10:30:04","date_gmt":"2024-09-18T10:30:04","guid":{"rendered":"https:\/\/italy-tourist-information.com\/ticket-to-michelangelos-david-accademia-gallery"},"modified":"2026-04-22T13:25:52","modified_gmt":"2026-04-22T13:25:52","slug":"galleria-dellaccademia-tickets","status":"publish","type":"page","link":"https:\/\/italy-tourist-information.com\/de\/galleria-dellaccademia-tickets","title":{"rendered":"Florenz: Galleria dell&#8217;Accademia Tickets mit bevorzugtem Eintritt"},"content":{"rendered":"<p><span><img decoding=\"async\" alt=\"\" data-id=\"16688\" width=\"1600\" height=\"1000\" title=\"Accademia Gallery Priority Entry Tickets ota\" src=\"https:\/\/italy-tourist-information.com\/wp-content\/uploads\/2026\/01\/Accademia-Gallery-Priority-Entry-Tickets-ota-1024x640.avif\" data-src=\"https:\/\/italy-tourist-information.com\/wp-content\/uploads\/2026\/01\/Accademia-Gallery-Priority-Entry-Tickets-ota-300x188.avif\" loading=\"lazy\" data-sizes=\"{&quot;thumbnail&quot;:{&quot;height&quot;:150,&quot;width&quot;:150,&quot;url&quot;:&quot;https:\/\/italy-tourist-information.com\/wp-content\/uploads\/2026\/01\/Accademia-Gallery-Priority-Entry-Tickets-ota-150x150.avif&quot;,&quot;orientation&quot;:&quot;landscape&quot;},&quot;medium&quot;:{&quot;height&quot;:188,&quot;width&quot;:300,&quot;url&quot;:&quot;https:\/\/italy-tourist-information.com\/wp-content\/uploads\/2026\/01\/Accademia-Gallery-Priority-Entry-Tickets-ota-300x188.avif&quot;,&quot;orientation&quot;:&quot;landscape&quot;},&quot;large&quot;:{&quot;height&quot;:640,&quot;width&quot;:1024,&quot;url&quot;:&quot;https:\/\/italy-tourist-information.com\/wp-content\/uploads\/2026\/01\/Accademia-Gallery-Priority-Entry-Tickets-ota-1024x640.avif&quot;,&quot;orientation&quot;:&quot;landscape&quot;},&quot;full&quot;:{&quot;url&quot;:&quot;https:\/\/italy-tourist-information.com\/wp-content\/uploads\/2026\/01\/Accademia-Gallery-Priority-Entry-Tickets-ota.avif&quot;,&quot;height&quot;:1000,&quot;width&quot;:1600,&quot;orientation&quot;:&quot;landscape&quot;}}\"><\/span><span><img decoding=\"async\" alt=\"\" data-id=\"16687\" width=\"1600\" height=\"1000\" title=\"Accademia Gallery Priority Entry Tickets ota2\" src=\"https:\/\/italy-tourist-information.com\/wp-content\/uploads\/2026\/01\/Accademia-Gallery-Priority-Entry-Tickets-ota2-1024x640.avif\" data-src=\"https:\/\/italy-tourist-information.com\/wp-content\/uploads\/2026\/01\/Accademia-Gallery-Priority-Entry-Tickets-ota2-300x188.avif\" loading=\"lazy\" data-sizes=\"{&quot;thumbnail&quot;:{&quot;height&quot;:150,&quot;width&quot;:150,&quot;url&quot;:&quot;https:\/\/italy-tourist-information.com\/wp-content\/uploads\/2026\/01\/Accademia-Gallery-Priority-Entry-Tickets-ota2-150x150.avif&quot;,&quot;orientation&quot;:&quot;landscape&quot;},&quot;medium&quot;:{&quot;height&quot;:188,&quot;width&quot;:300,&quot;url&quot;:&quot;https:\/\/italy-tourist-information.com\/wp-content\/uploads\/2026\/01\/Accademia-Gallery-Priority-Entry-Tickets-ota2-300x188.avif&quot;,&quot;orientation&quot;:&quot;landscape&quot;},&quot;large&quot;:{&quot;height&quot;:640,&quot;width&quot;:1024,&quot;url&quot;:&quot;https:\/\/italy-tourist-information.com\/wp-content\/uploads\/2026\/01\/Accademia-Gallery-Priority-Entry-Tickets-ota2-1024x640.avif&quot;,&quot;orientation&quot;:&quot;landscape&quot;},&quot;full&quot;:{&quot;url&quot;:&quot;https:\/\/italy-tourist-information.com\/wp-content\/uploads\/2026\/01\/Accademia-Gallery-Priority-Entry-Tickets-ota2.avif&quot;,&quot;height&quot;:1000,&quot;width&quot;:1600,&quot;orientation&quot;:&quot;landscape&quot;}}\"><\/span><span><img decoding=\"async\" alt=\"\" data-id=\"16685\" width=\"1600\" height=\"1000\" title=\"Accademia Gallery Priority Entry Tickets ota4\" src=\"https:\/\/italy-tourist-information.com\/wp-content\/uploads\/2026\/01\/Accademia-Gallery-Priority-Entry-Tickets-ota4-1024x640.avif\" data-src=\"https:\/\/italy-tourist-information.com\/wp-content\/uploads\/2026\/01\/Accademia-Gallery-Priority-Entry-Tickets-ota4-300x188.avif\" loading=\"lazy\" data-sizes=\"{&quot;thumbnail&quot;:{&quot;height&quot;:150,&quot;width&quot;:150,&quot;url&quot;:&quot;https:\/\/italy-tourist-information.com\/wp-content\/uploads\/2026\/01\/Accademia-Gallery-Priority-Entry-Tickets-ota4-150x150.avif&quot;,&quot;orientation&quot;:&quot;landscape&quot;},&quot;medium&quot;:{&quot;height&quot;:188,&quot;width&quot;:300,&quot;url&quot;:&quot;https:\/\/italy-tourist-information.com\/wp-content\/uploads\/2026\/01\/Accademia-Gallery-Priority-Entry-Tickets-ota4-300x188.avif&quot;,&quot;orientation&quot;:&quot;landscape&quot;},&quot;large&quot;:{&quot;height&quot;:640,&quot;width&quot;:1024,&quot;url&quot;:&quot;https:\/\/italy-tourist-information.com\/wp-content\/uploads\/2026\/01\/Accademia-Gallery-Priority-Entry-Tickets-ota4-1024x640.avif&quot;,&quot;orientation&quot;:&quot;landscape&quot;},&quot;full&quot;:{&quot;url&quot;:&quot;https:\/\/italy-tourist-information.com\/wp-content\/uploads\/2026\/01\/Accademia-Gallery-Priority-Entry-Tickets-ota4.avif&quot;,&quot;height&quot;:1000,&quot;width&quot;:1600,&quot;orientation&quot;:&quot;landscape&quot;}}\"><\/span><span><img decoding=\"async\" alt=\"\" data-id=\"16686\" width=\"1600\" height=\"1000\" title=\"Accademia Gallery Priority Entry Tickets ota3\" src=\"https:\/\/italy-tourist-information.com\/wp-content\/uploads\/2026\/01\/Accademia-Gallery-Priority-Entry-Tickets-ota3-1024x640.avif\" data-src=\"https:\/\/italy-tourist-information.com\/wp-content\/uploads\/2026\/01\/Accademia-Gallery-Priority-Entry-Tickets-ota3-300x188.avif\" loading=\"lazy\" data-sizes=\"{&quot;thumbnail&quot;:{&quot;height&quot;:150,&quot;width&quot;:150,&quot;url&quot;:&quot;https:\/\/italy-tourist-information.com\/wp-content\/uploads\/2026\/01\/Accademia-Gallery-Priority-Entry-Tickets-ota3-150x150.avif&quot;,&quot;orientation&quot;:&quot;landscape&quot;},&quot;medium&quot;:{&quot;height&quot;:188,&quot;width&quot;:300,&quot;url&quot;:&quot;https:\/\/italy-tourist-information.com\/wp-content\/uploads\/2026\/01\/Accademia-Gallery-Priority-Entry-Tickets-ota3-300x188.avif&quot;,&quot;orientation&quot;:&quot;landscape&quot;},&quot;large&quot;:{&quot;height&quot;:640,&quot;width&quot;:1024,&quot;url&quot;:&quot;https:\/\/italy-tourist-information.com\/wp-content\/uploads\/2026\/01\/Accademia-Gallery-Priority-Entry-Tickets-ota3-1024x640.avif&quot;,&quot;orientation&quot;:&quot;landscape&quot;},&quot;full&quot;:{&quot;url&quot;:&quot;https:\/\/italy-tourist-information.com\/wp-content\/uploads\/2026\/01\/Accademia-Gallery-Priority-Entry-Tickets-ota3.avif&quot;,&quot;height&quot;:1000,&quot;width&quot;:1600,&quot;orientation&quot;:&quot;landscape&quot;}}\"><\/span><\/p>\n<h1 data-qa-marker=\"product-name\">Galleria dell&#8217;Accademia Tickets mit bevorzugtem Eintritt<\/h1>\n<h2><a href=\"https:\/\/www.headout.com\/de\/galleria-dell-accademia-tickets\/reservierter-eintritt-galleria-dellaccademia-michelangelos-david-e-7600\/?affiliate_code=KXkQ69&amp;utm_campaign=itidegalleriadellaccademiasp&amp;utm_content=link&amp;utm_medium=affiliate&amp;utm_source=most_amazing_places\" target=\"_blank\" rel=\"nofollow noopener\" style=\"outline: none;\">Zur Buchung<\/a><\/h2>\n<p style=\"\"><a href=\"https:\/\/www.headout.com\/de\/galleria-dell-accademia-tickets\/reservierter-eintritt-galleria-dellaccademia-michelangelos-david-e-7600\/?affiliate_code=KXkQ69&amp;utm_campaign=itidegalleriadellaccademiasp&amp;utm_content=link&amp;utm_medium=affiliate&amp;utm_source=most_amazing_places\" target=\"_blank\" rel=\"nofollow noopener\" style=\"outline: none;\">Preis ab<\/a><\/p>\n<h1><a href=\"https:\/\/www.headout.com\/de\/galleria-dell-accademia-tickets\/reservierter-eintritt-galleria-dellaccademia-michelangelos-david-e-7600\/?affiliate_code=KXkQ69&amp;utm_campaign=itidegalleriadellaccademiasp&amp;utm_content=link&amp;utm_medium=affiliate&amp;utm_source=most_amazing_places\" target=\"_blank\" rel=\"nofollow noopener\" style=\"outline: none;\" spellcheck=\"false\"><strong>24,00 \u20ac<br \/><\/strong><\/a><\/h1>\n<p dir=\"ltr\">Sichern Sie sich Ihre Galleria dell&#8217;Accademia Tickets mit Zeitfenster f\u00fcr den Eintritt in die ber\u00fchmte Galleria dell&#8217;Accademia in Florenz. Entdecken Sie Meisterwerke von Michelangelo, darunter die&nbsp;<strong>weltber\u00fchmte David-Statue<\/strong>, und andere ber\u00fchmte Werke aus einer Sammlung, die Jahrhunderte florentinischer Kunst umfasst.<\/p>\n<ul>\n<li style=\"\"><span>Handverlesenes Ticket&nbsp;<\/span><\/li>\n<li style=\"\"><span>Reservierter Eingang&nbsp;<\/span><\/li>\n<li style=\"\"><span>G\u00fcltig f\u00fcr 1 Tag<\/span><\/li>\n<li style=\"\"><span>Keine Stornierung<\/span><\/li>\n<\/ul>\n<h2>Inbegriffen<\/h2>\n<ul>\n<li style=\"\">                    <span>Eintrittskarte f\u00fcr die Galleria dell&#8217;Accademia mit Schnelleinlass<\/span><\/li>\n<li style=\"\">                    <span>Audioguide in Englisch, Franz\u00f6sisch, Italienisch, Spanisch, Deutsch und Chinesisch (je nach gew\u00e4hlter Option)<br \/><\/span><\/li>\n<li><span>Gef\u00fchrte Tour (gem\u00e4\u00df der gew\u00e4hlten Option)<br \/><\/span><\/li>\n<li><span>Digitaler Reisef\u00fchrer in englischer Sprache (je nach gew\u00e4hlter Option)<\/span><\/li>\n<\/ul>\n<h2>Nicht inbegriffen<\/h2>\n<ul>\n<li style=\"\"><span>Gedruckte Ausgabe des Reisef\u00fchrers<\/span><\/li>\n<\/ul>\n<h2>Wichtige Informationen<\/h2>\n<ul>\n<li style=\"\"><span>Bitte bringen Sie einen g\u00fcltigen Ausweis mit (auch f\u00fcr Kinder) und geben Sie zur \u00dcberpr\u00fcfung das Geburtsdatum des Hauptgastes an.<\/span><\/li>\n<li style=\"\"><span>Die Einlasszeit wird strikt eingehalten; bitte erscheinen Sie 15 Minuten vor Ihrem geplanten Einlass.<\/span><\/li>\n<li><span>Die Galerie beh\u00e4lt sich das Recht vor, je nach Verf\u00fcgbarkeit geringf\u00fcgige Anpassungen an Ihrem Zeitfenster vorzunehmen.<\/span><\/li>\n<li><span>F\u00fcr den bevorzugten Einlass ist weiterhin eine Sicherheitskontrolle erforderlich.<\/span><\/li>\n<li><span>Die Einlasszeiten k\u00f6nnen sich aufgrund von Kapazit\u00e4tsgrenzen geringf\u00fcgig \u00e4ndern.<\/span><\/li>\n<li style=\"\"><span>Am Internationalen Frauentag (8. M\u00e4rz) ist der Eintritt f\u00fcr alle Frauen frei; Begleitpersonen m\u00fcssen Eintrittskarten kaufen.<br \/><\/span><\/li>\n<li><span>Bringen Sie Ihre Kopfh\u00f6rer und Ihr aufgeladenes Smartphone mit.<br \/><\/span><\/li>\n<li><span>Besucher im Alter von 6 bis 17 Jahren m\u00fcssen einen g\u00fcltigen Lichtbildausweis mit Geburtsdatum vorlegen, um eine erm\u00e4\u00dfigte Eintrittskarte zu erhalten; andernfalls ist eine Eintrittskarte f\u00fcr Erwachsene erforderlich.<br \/><\/span><\/li>\n<\/ul>\n<h2>Beschreibung:<\/h2>\n<p data-pm-slice=\"1 1 []\">Entdecken Sie das k\u00fcnstlerische Erbe von Florenz mit einem zeitlich begrenzten Eintritt in die <strong>Galleria dell&#8217;Accademia<\/strong>. Bestaunen Sie <strong>Michelangelos<\/strong> ikonischen&nbsp;<strong>David,<\/strong> ein 5,17 Meter hohes Meisterwerk. Schlendern Sie durch S\u00e4le voller <strong>Renaissance-Sch\u00e4tze<\/strong>, von atemberaubenden Skulpturen bis hin zu zeitlosen Gem\u00e4lden.<\/p>\n<p data-pm-slice=\"1 1 []\">Verpassen Sie nicht die faszinierende Musikinstrumentensammlung des <strong>Cherubini-Konservatoriums <\/strong>mit<strong>&nbsp;seltenen Stradivari-Violinen <\/strong>und<strong>&nbsp;historischen St\u00fccken<\/strong>, die das <strong>reiche kulturelle Erbe <\/strong>der Stadt widerspiegeln. Tauchen Sie ein in Jahrhunderte k\u00fcnstlerischer Brillanz, wo jede Ecke eine Geschichte erz\u00e4hlt.<\/p>\n<h2>Highlights:<\/h2>\n<ul>\n<li dir=\"ltr\">Nutzen Sie den reservierten Eintritt, um die langen Warteschlangen in der Galleria dell&#8217;Accademia zu umgehen.<\/li>\n<li dir=\"ltr\">Bewundern Sie Michelangelos ber\u00fchmte Werke, darunter die beeindruckende David-Statue.<\/li>\n<li dir=\"ltr\">Tauchen Sie ein in die Kunst der Renaissance und betrachten Sie Werke wie \u201eDie Gefangenen\u201c und \u201eDer heilige Matth\u00e4us\u201c.<\/li>\n<li dir=\"ltr\">Entdecken Sie die weniger bekannten Sch\u00e4tze der Galerie, darunter Bartolinis Meisterwerke.<\/li>\n<li dir=\"ltr\">Entdecken Sie eine einzigartige Sammlung historischer Musikinstrumente aus dem Cherubini-Konservatorium.<\/li>\n<\/ul>\n<h2>Galleria dell&#8217;Accademia<\/h2>\n<p dir=\"ltr\">Via Ricasoli, 58\/60, 50129 Firenze FI, Italien<\/p>\n<h2>Stornierungsbedingungen<\/h2>\n<p data-pm-slice=\"1 1 []\">Diese Tickets sind nicht erstattungsf\u00e4hig.<\/p>\n<h2>Treffpunkt &amp; Anweisungen<\/h2>\n<p data-pm-slice=\"1 1 []\">Bitte bringen Sie Ihre Best\u00e4tigungs-E-Mail oder Ihren Voucher, entweder in gedruckter oder digitaler Form, zum Einlass mit.<\/p>\n<p>Zeigen Sie am Treffpunkt Ihren Voucher auf Ihrem Mobilger\u00e4t zusammen mit einem g\u00fcltigen Lichtbildausweis vor.<\/p>\n<p><a href=\"https:\/\/www.google.com\/maps\/place\/43%C2%B046&#039;38.1%22N+11%C2%B015&#039;31.8%22E\/@43.7772598,11.2562561,670m\/data=!3m2!1e3!4b1!4m4!3m3!8m2!3d43.7772598!4d11.258831?entry=ttu&amp;g_ep=EgoyMDI1MDcyMy4wIKXMDSoASAFQAw%3D%3D\" data-lt-tmp-id=\"lt-228052\" spellcheck=\"false\" target=\"_blank\" rel=\"nofollow noopener\" style=\"font-weight: 400; background-color: rgb(255, 255, 255); outline: none;\">In Karten \u00f6ffnen&nbsp;<\/a><\/p>\n<h2>Bewertungen<\/h2>\n<p><strong>4,4\/5&nbsp; <\/strong><strong>(5753 Bewertungen)<\/strong><\/p>\n<p dir=\"ltr\"><em>\u201eWir haben das Museum vormittags besucht, was sehr empfehlenswert ist, um den gr\u00f6\u00dften Andrang zu vermeiden. Das Museum ist au\u00dfergew\u00f6hnlich f\u00fcr Skulpturenliebhaber, insbesondere f\u00fcr die wundersch\u00f6nen Werke Michelangelos, aber auch anderer K\u00fcnstler sollte sich aber Zeit nehmen und jedes Gem\u00e4lde genie\u00dfen.\u201c<\/em> Eleonara, Januar 2026 <a href=\"https:\/\/www.headout.com\/de\/galleria-dell-accademia-tickets\/reservierter-eintritt-galleria-dellaccademia-michelangelos-david-e-7600\/?affiliate_code=KXkQ69&amp;utm_campaign=itidegalleriadellaccademiasp&amp;utm_content=link&amp;utm_medium=affiliate&amp;utm_source=most_amazing_places\" target=\"_blank\" rel=\"nofollow noopener\" spellcheck=\"false\" style=\"outline: none;\">&gt;&gt; Weitere Bewertungen ansehen&#8230;<\/a><\/p>\n<p><span># <\/span><strong><span>2<\/span><\/strong><span># <\/span><strong><span>2<\/span><\/strong><\/p>\n<h2>Einige Aktivit\u00e4ten, die Ihnen gefallen k\u00f6nnten<\/h2>\n<p><\/p>\n<p><span>#1<\/span><span><img decoding=\"async\" alt=\"\" data-id=\"8891\" width=\"159\" data-init-width=\"930\" height=\"99\" data-init-height=\"581\" title=\"F\u00fchrung durch die Accademia Gallery ohne Anstehen\" src=\"https:\/\/italy-tourist-information.com\/wp-content\/uploads\/2024\/11\/Accademia-Gallery-Skip-the-Line-Guided-Tour-.avif\" data-width=\"159\" data-height=\"99\" style=\"aspect-ratio: auto 930 \/ 581;\" loading=\"lazy\"><\/span><\/p>\n<table>\n<tbody>\n<tr>\n<td>\n<table>\n<tbody>\n<tr>\n<td><strong><a href=\"https:\/\/www.headout.com\/r\/most-amazing-placesrecommends-FTNTF\/\" target=\"_blank\" rel=\"nofollow noopener\" style=\"outline: none;\" data-lt-tmp-id=\"lt-18601\" spellcheck=\"false\">F\u00fchrung durch die Galleria dell&#8217;Accademia mit Schnelleinlass<\/a><\/strong><\/td>\n<\/tr>\n<\/tbody>\n<\/table>\n<\/td>\n<\/tr>\n<\/tbody>\n<\/table>\n<p data-pm-slice=\"1 1 []\">Umgehen Sie die Wartezeit und tauchen Sie ein in die Wunder der Galleria dell&#8217;Accademia mit einer einst\u00fcndigen F\u00fchrung, die Meisterwerke wie Michelangelos David pr\u00e4sentiert.<\/p>\n<h3 style=\"\">Gesamtpreis<\/h3>\n<h3 style=\"\">Ihr Konto wird noch nicht belastet<\/h3>\n<p><span><img decoding=\"async\" alt=\"\" data-id=\"8894\" width=\"159\" data-init-width=\"930\" height=\"99\" data-init-height=\"581\" title=\"Tickets ohne Anstehen f\u00fcr Uffizien und Accademia mit Gastgeber\" src=\"https:\/\/italy-tourist-information.com\/wp-content\/uploads\/2024\/11\/Uffizi-and-Accademia-Skip-the-Line-Tickets-with-Host-.avif\" data-width=\"159\" data-height=\"99\" style=\"aspect-ratio: auto 930 \/ 581;\" loading=\"lazy\"><\/span><\/p>\n<table>\n<tbody>\n<tr>\n<td>\n<table>\n<tbody>\n<tr>\n<td><a href=\"https:\/\/www.headout.com\/de\/uffizien-tickets\/kombitickets-uffizien-galleria-dell-accdemia-e-15257\/?affiliate_code=KXkQ69&amp;utm_campaign=itidegalleriaaccademiasp3&amp;utm_content=link&amp;utm_medium=affiliate&amp;utm_source=most_amazing_places\" target=\"_blank\" rel=\"nofollow noopener\" style=\"outline: none;\"><strong>Tickets ohne Anstehen f\u00fcr Uffizien und Accademia mit Gastgebern<\/strong><\/a><\/td>\n<\/tr>\n<\/tbody>\n<\/table>\n<\/td>\n<\/tr>\n<\/tbody>\n<\/table>\n<p data-pm-slice=\"1 1 []\">Profitieren Sie von einem Kombi-Angebot mit Tickets ohne Anstehen f\u00fcr die Uffizien und die Galeria dell&#8217;Accademia, inklusive eines Ansprechpartners, der Ihnen einen reibungslosen Zugang zu den ber\u00fchmtesten Kunstsammlungen von Florenz garantiert.<\/p>\n<h3 style=\"\">Gesamtpreis<\/h3>\n<h3>Ihr Konto wird noch nicht belastet<\/h3>\n<p><\/p>\n<h2><a href=\"https:\/\/www.headout.com\/de\/galleria-dell-accademia-tickets\/reservierter-eintritt-galleria-dellaccademia-michelangelos-david-e-7600\/?affiliate_code=KXkQ69&amp;utm_campaign=itidegalleriadellaccademiasp&amp;utm_content=link&amp;utm_medium=affiliate&amp;utm_source=most_amazing_places\" target=\"_blank\" rel=\"nofollow noopener\" style=\"outline: none;\">Zur Buchung<\/a><\/h2>\n<p style=\"\"><a href=\"https:\/\/www.headout.com\/de\/galleria-dell-accademia-tickets\/reservierter-eintritt-galleria-dellaccademia-michelangelos-david-e-7600\/?affiliate_code=KXkQ69&amp;utm_campaign=itidegalleriadellaccademiasp&amp;utm_content=link&amp;utm_medium=affiliate&amp;utm_source=most_amazing_places\" target=\"_blank\" rel=\"nofollow noopener\" style=\"outline: none;\">Preis ab<\/a><\/p>\n<h1><a href=\"https:\/\/www.headout.com\/de\/galleria-dell-accademia-tickets\/reservierter-eintritt-galleria-dellaccademia-michelangelos-david-e-7600\/?affiliate_code=KXkQ69&amp;utm_campaign=itidegalleriadellaccademiasp&amp;utm_content=link&amp;utm_medium=affiliate&amp;utm_source=most_amazing_places\" target=\"_blank\" rel=\"nofollow noopener\" style=\"outline: none;\"><strong>24,00 \u20ac<br \/><\/strong><\/a><\/h1>\n<h3>Ihr Konto wird noch nicht belastet<\/h3>\n","protected":false},"excerpt":{"rendered":"<p>Galleria dell&#8217;Accademia Tickets mit bevorzugtem Eintritt Zur Buchung Preis ab 24,00 \u20ac Sichern Sie sich Ihre Galleria dell&#8217;Accademia Tickets mit Zeitfenster f\u00fcr den Eintritt in die ber\u00fchmte Galleria dell&#8217;Accademia in Florenz. Entdecken Sie Meisterwerke von Michelangelo, darunter die&nbsp;weltber\u00fchmte David-Statue, und andere ber\u00fchmte Werke aus einer Sammlung, die Jahrhunderte florentinischer Kunst umfasst. Handverlesenes Ticket&nbsp; Reservierter Eingang&nbsp; [&hellip;]<\/p>\n","protected":false},"author":6,"featured_media":17469,"parent":0,"menu_order":0,"comment_status":"closed","ping_status":"closed","template":"","meta":{"footnotes":""},"categories":[138,128],"tags":[147,130],"class_list":["post-17468","page","type-page","status-publish","has-post-thumbnail","hentry","category-florenz","category-verkaufsseite","tag-florenz","tag-verkaufsseite","post-wrapper","thrv_wrapper"],"_links":{"self":[{"href":"https:\/\/italy-tourist-information.com\/de\/wp-json\/wp\/v2\/pages\/17468","targetHints":{"allow":["GET"]}}],"collection":[{"href":"https:\/\/italy-tourist-information.com\/de\/wp-json\/wp\/v2\/pages"}],"about":[{"href":"https:\/\/italy-tourist-information.com\/de\/wp-json\/wp\/v2\/types\/page"}],"author":[{"embeddable":true,"href":"https:\/\/italy-tourist-information.com\/de\/wp-json\/wp\/v2\/users\/6"}],"replies":[{"embeddable":true,"href":"https:\/\/italy-tourist-information.com\/de\/wp-json\/wp\/v2\/comments?post=17468"}],"version-history":[{"count":8,"href":"https:\/\/italy-tourist-information.com\/de\/wp-json\/wp\/v2\/pages\/17468\/revisions"}],"predecessor-version":[{"id":20058,"href":"https:\/\/italy-tourist-information.com\/de\/wp-json\/wp\/v2\/pages\/17468\/revisions\/20058"}],"wp:featuredmedia":[{"embeddable":true,"href":"https:\/\/italy-tourist-information.com\/de\/wp-json\/wp\/v2\/media\/17469"}],"wp:attachment":[{"href":"https:\/\/italy-tourist-information.com\/de\/wp-json\/wp\/v2\/media?parent=17468"}],"wp:term":[{"taxonomy":"category","embeddable":true,"href":"https:\/\/italy-tourist-information.com\/de\/wp-json\/wp\/v2\/categories?post=17468"},{"taxonomy":"post_tag","embeddable":true,"href":"https:\/\/italy-tourist-information.com\/de\/wp-json\/wp\/v2\/tags?post=17468"}],"curies":[{"name":"wp","href":"https:\/\/api.w.org\/{rel}","templated":true}]}}