{"id":17478,"date":"2024-09-19T13:36:41","date_gmt":"2024-09-19T13:36:41","guid":{"rendered":"https:\/\/italy-tourist-information.com\/entrance-ticket-to-the-medici-chapel"},"modified":"2026-04-22T14:38:43","modified_gmt":"2026-04-22T14:38:43","slug":"ticket-fuer-die-medici-kapelle","status":"publish","type":"page","link":"https:\/\/italy-tourist-information.com\/de\/ticket-fuer-die-medici-kapelle","title":{"rendered":"Florenz: Ticket f\u00fcr die Medici-Kapelle"},"content":{"rendered":"<p><span><img decoding=\"async\" alt=\"\" data-id=\"7094\" width=\"960\" height=\"639\" title=\"Reservierte Eintrittskarte f\u00fcr die Medici-Kapelle\" src=\"https:\/\/italy-tourist-information.com\/wp-content\/uploads\/2024\/09\/Reserved-Entrance-Ticket-to-the-Medici-Chapel.jpg\" data-src=\"https:\/\/italy-tourist-information.com\/wp-content\/uploads\/2024\/09\/Reserved-Entrance-Ticket-to-the-Medici-Chapel-300x200.jpg\" data-sizes=\"{&quot;thumbnail&quot;:{&quot;url&quot;:&quot;https:\/\/italy-tourist-information.com\/wp-content\/uploads\/2024\/09\/Reserved-Entrance-Ticket-to-the-Medici-Chapel-150x150.jpg&quot;,&quot;height&quot;:150,&quot;width&quot;:150,&quot;orientation&quot;:&quot;landscape&quot;},&quot;medium&quot;:{&quot;url&quot;:&quot;https:\/\/italy-tourist-information.com\/wp-content\/uploads\/2024\/09\/Reserved-Entrance-Ticket-to-the-Medici-Chapel-300x200.jpg&quot;,&quot;height&quot;:200,&quot;width&quot;:300,&quot;orientation&quot;:&quot;landscape&quot;},&quot;full&quot;:{&quot;url&quot;:&quot;https:\/\/italy-tourist-information.com\/wp-content\/uploads\/2024\/09\/Reserved-Entrance-Ticket-to-the-Medici-Chapel.jpg&quot;,&quot;height&quot;:639,&quot;width&quot;:960,&quot;orientation&quot;:&quot;landscape&quot;}}\" style=\"\" loading=\"lazy\"><\/span><span><img decoding=\"async\" alt=\"\" data-id=\"7093\" width=\"960\" height=\"639\" title=\"Reservierte Eintrittskarte f\u00fcr die Medici-Kapelle2\" src=\"https:\/\/italy-tourist-information.com\/wp-content\/uploads\/2024\/09\/Reserved-Entrance-Ticket-to-the-Medici-Chapel2.jpg\" data-src=\"https:\/\/italy-tourist-information.com\/wp-content\/uploads\/2024\/09\/Reserved-Entrance-Ticket-to-the-Medici-Chapel2-300x200.jpg\" data-sizes=\"{&quot;thumbnail&quot;:{&quot;url&quot;:&quot;https:\/\/italy-tourist-information.com\/wp-content\/uploads\/2024\/09\/Reserved-Entrance-Ticket-to-the-Medici-Chapel2-150x150.jpg&quot;,&quot;height&quot;:150,&quot;width&quot;:150,&quot;orientation&quot;:&quot;landscape&quot;},&quot;medium&quot;:{&quot;url&quot;:&quot;https:\/\/italy-tourist-information.com\/wp-content\/uploads\/2024\/09\/Reserved-Entrance-Ticket-to-the-Medici-Chapel2-300x200.jpg&quot;,&quot;height&quot;:200,&quot;width&quot;:300,&quot;orientation&quot;:&quot;landscape&quot;},&quot;full&quot;:{&quot;url&quot;:&quot;https:\/\/italy-tourist-information.com\/wp-content\/uploads\/2024\/09\/Reserved-Entrance-Ticket-to-the-Medici-Chapel2.jpg&quot;,&quot;height&quot;:639,&quot;width&quot;:960,&quot;orientation&quot;:&quot;landscape&quot;}}\" style=\"\" loading=\"lazy\"><\/span><span><img decoding=\"async\" alt=\"\" data-id=\"7092\" width=\"960\" height=\"640\" title=\"Reservierte Eintrittskarte f\u00fcr die Medici-Kapelle 3\" src=\"https:\/\/italy-tourist-information.com\/wp-content\/uploads\/2024\/09\/Reserved-Entrance-Ticket-to-the-Medici-Chapel-3.jpg\" data-src=\"https:\/\/italy-tourist-information.com\/wp-content\/uploads\/2024\/09\/Reserved-Entrance-Ticket-to-the-Medici-Chapel-3-300x200.jpg\" data-sizes=\"{&quot;thumbnail&quot;:{&quot;url&quot;:&quot;https:\/\/italy-tourist-information.com\/wp-content\/uploads\/2024\/09\/Reserved-Entrance-Ticket-to-the-Medici-Chapel-3-150x150.jpg&quot;,&quot;height&quot;:150,&quot;width&quot;:150,&quot;orientation&quot;:&quot;landscape&quot;},&quot;medium&quot;:{&quot;url&quot;:&quot;https:\/\/italy-tourist-information.com\/wp-content\/uploads\/2024\/09\/Reserved-Entrance-Ticket-to-the-Medici-Chapel-3-300x200.jpg&quot;,&quot;height&quot;:200,&quot;width&quot;:300,&quot;orientation&quot;:&quot;landscape&quot;},&quot;full&quot;:{&quot;url&quot;:&quot;https:\/\/italy-tourist-information.com\/wp-content\/uploads\/2024\/09\/Reserved-Entrance-Ticket-to-the-Medici-Chapel-3.jpg&quot;,&quot;height&quot;:640,&quot;width&quot;:960,&quot;orientation&quot;:&quot;landscape&quot;}}\" style=\"\" loading=\"lazy\"><\/span><span><img decoding=\"async\" alt=\"\" data-id=\"7091\" width=\"960\" height=\"640\" title=\"Reservierte Eintrittskarte f\u00fcr die Medici-Kapelle 4\" src=\"https:\/\/italy-tourist-information.com\/wp-content\/uploads\/2024\/09\/Reserved-Entrance-Ticket-to-the-Medici-Chapel-4.jpg\" data-src=\"https:\/\/italy-tourist-information.com\/wp-content\/uploads\/2024\/09\/Reserved-Entrance-Ticket-to-the-Medici-Chapel-4-300x200.jpg\" data-sizes=\"{&quot;thumbnail&quot;:{&quot;url&quot;:&quot;https:\/\/italy-tourist-information.com\/wp-content\/uploads\/2024\/09\/Reserved-Entrance-Ticket-to-the-Medici-Chapel-4-150x150.jpg&quot;,&quot;height&quot;:150,&quot;width&quot;:150,&quot;orientation&quot;:&quot;landscape&quot;},&quot;medium&quot;:{&quot;url&quot;:&quot;https:\/\/italy-tourist-information.com\/wp-content\/uploads\/2024\/09\/Reserved-Entrance-Ticket-to-the-Medici-Chapel-4-300x200.jpg&quot;,&quot;height&quot;:200,&quot;width&quot;:300,&quot;orientation&quot;:&quot;landscape&quot;},&quot;full&quot;:{&quot;url&quot;:&quot;https:\/\/italy-tourist-information.com\/wp-content\/uploads\/2024\/09\/Reserved-Entrance-Ticket-to-the-Medici-Chapel-4.jpg&quot;,&quot;height&quot;:640,&quot;width&quot;:960,&quot;orientation&quot;:&quot;landscape&quot;}}\" style=\"\" loading=\"lazy\"><\/span><\/p>\n<h1 data-test-id=\"activity-title\" data-track=\"activity-title\" data-v-e5e013ce=\"\">Florenz: Reservierte Eintrittskarte f\u00fcr die Medici-Kapelle<\/h1>\n<h2><a href=\"https:\/\/www.getyourguide.com\/medici-chapel-l5147\/florence-reserved-entry-ticket-to-medici-chapels-t61210\/?partner_id=NO9XIDE&amp;utm_medium=online_publisher&amp;cmp=ITIDeMediciChapelSP\" target=\"_blank\" rel=\"nofollow noopener\" style=\"outline: none;\">Zur Buchung<\/a><\/h2>\n<h1><a href=\"https:\/\/www.getyourguide.com\/medici-chapel-l5147\/florence-reserved-entry-ticket-to-medici-chapels-t61210\/?partner_id=NO9XIDE&amp;utm_medium=online_publisher&amp;cmp=ITIDeMediciChapelSP\" target=\"_blank\" rel=\"nofollow noopener\" style=\"outline: none;\" spellcheck=\"false\">Ab <strong>18 \u20ac<\/strong><\/a><\/h1>\n<p dir=\"ltr\">Entdecken Sie die Medici-Kapelle in Florenz mit einer reservierten Eintrittskarte. Erkunden Sie das opulente Mausoleum der Medici-Dynastie, bestaunen Sie Michelangelos Meisterwerke und vieles mehr.<\/p>\n<ul>\n<li style=\"\"><span>Handverlesenes Ticket&nbsp;<\/span><\/li>\n<li style=\"\"><span>Vorrangiger Eingang<\/span><\/li>\n<li style=\"\"><span>G\u00fcltig f\u00fcr 1 Tag<\/span><\/li>\n<li style=\"\"><span>Kostenlose Stornierung<\/span><\/li>\n<\/ul>\n<h2>Inbegriffen<\/h2>\n<ul>\n<li style=\"\">                    <span>Reservierte Eintrittskarte f\u00fcr die Medici-Kapelle in der Basilika San Lorenzo<\/span><\/li>\n<\/ul>\n<ul>\n<li style=\"\">                    <span>GetYourGuide-Servicegeb\u00fchr<\/span><\/li>\n<\/ul>\n<ul>\n<li style=\"\">                    <span>Kostenlose Audio-App (zum Herunterladen auf Smartphones)<\/span><\/li>\n<\/ul>\n<ul>\n<li style=\"\">                    <span>10 % Rabatt im Hard Rock Shop in der Via dei Brunelleschi, 1 (Piazza della Repubblica), ausgenommen Artikel aus limitierten Editionen und Wohlt\u00e4tigkeitsartikeln.<\/span><\/li>\n<\/ul>\n<h2>Nicht inbegriffen<\/h2>\n<ul>\n<li style=\"\"><span>F\u00fchrung<\/span><\/li>\n<li style=\"\"><span>Audioguide zum Museum<\/span><\/li>\n<\/ul>\n<h2>Wichtige Informationen<\/h2>\n<ul>\n<li style=\"\"><span>Datum und Zeitpunkt Ihres Buchungswunsches sind verbindlich. Bitte erscheinen Sie p\u00fcnktlich.<\/span><\/li>\n<li style=\"\"><span>Dieses Ticket beinhaltet eine kostenlose Audioguide-App, die auf Smartphones heruntergeladen werden kann.<\/span><\/li>\n<li style=\"\"><span>Der Veranstaltungsort ist teilweise f\u00fcr Rollstuhlfahrer zug\u00e4nglich.<\/span><\/li>\n<li style=\"\"><span>Bringen Sie Ihren g\u00fcltigen Lichtbildausweis mit.<\/span><\/li>\n<\/ul>\n<h2>Beschreibung:<\/h2>\n<p dir=\"ltr\">Tauchen Sie ein in die Welt der m\u00e4chtigen Medici-Familie und besuchen Sie ihre <strong>Privatkapelle<\/strong> in der <strong>Basilika San Lorenzo.<\/strong> Bewundern Sie die prachtvolle <strong>Neue Sakristei,<\/strong> entworfen von Michelangelo, und entdecken Sie die <strong>Gr\u00e4ber der Medici-Gro\u00dfherz\u00f6ge<\/strong>. Diese Tour auf eigenem Faust erm\u00f6glicht es Ihnen, die reiche Geschichte und die k\u00fcnstlerische Brillanz der italienischen Renaissance in Ihrem eigenen Tempo zu erkunden.<\/p>\n<h2>Highlights:<\/h2>\n<ul>\n<li dir=\"ltr\">Genie\u00dfen Sie den bevorzugten Einlass zur Medici-Kapelle und umgehen Sie die Warteschlangen.<\/li>\n<li dir=\"ltr\">Erkunden Sie Michelangelos ber\u00fchmte Neue Sakristei, einen H\u00f6hepunkt der Renaissancekunst.<\/li>\n<li dir=\"ltr\">Lernen Sie die einflussreiche Familie Medici und ihren Einfluss auf die Geschichte von Florenz kennen.<\/li>\n<li dir=\"ltr\">Entdecken Sie die prachtvolle F\u00fcrstenkapelle, die mit kunstvollen Marmorverzierungen geschm\u00fcckt ist.<\/li>\n<\/ul>\n<h2>Medici-Kapelle (Basilika San Lorenzo)<\/h2>\n<p>Piazza di Madonna degli Aldobrandini, 6, 50123 Firenze FI, Italien<\/p>\n<h2>Stornierungsbedingungen<\/h2>\n<p>Eine Stornierung ist bis 24 Stunden vor Ihrem geplanten Besuch m\u00f6glich.<\/p>\n<h2>Treffpunkt &amp; Anweisungen<\/h2>\n<p data-pm-slice=\"1 1 []\"><span data-sheets-root=\"1\">Bitte zeigen Sie Ihren Gutschein am Eingang vor, um den bevorzugten Einlass zu erhalten. Sollte sich eine Warteschlange bilden, k\u00f6nnen Sie diese mit Ihrem Gutschein umgehen und sofort eintreten.<\/span><\/p>\n<p><a href=\"https:\/\/www.google.com\/maps\/place\/Medici+-+Kapelle\/@43.7750913,11.2508154,17z\/data=!3m1!5s0x132a5402f5027d43:0xf2eabea27289991a!4m14!1m7!3m6!1s0x132a540287d5f98f:0x728e1282dcf87170!2sMedici+-+Kapelle!8m2!3d43.7750913!4d11.2533903!16s%2Fm%2F05_5tc1!3m5!1s0x132a540287d5f98f:0x728e1282dcf87170!8m2!3d43.7750913!4d11.2533903!16s%2Fm%2F05_5tc1?entry=ttu&amp;g_ep=EgoyMDI0MDkxNi4wIKXMDSoASAFQAw%3D%3D\" target=\"_blank\" rel=\"nofollow noopener\" style=\"font-weight: var(--g-regular-weight, normal); background-color: rgb(255, 255, 255); outline: none;\">In Karten \u00f6ffnen<\/a><\/p>\n<h2>Bewertungen<\/h2>\n<p><strong>4,6\/5&nbsp; <\/strong><strong>(3720 Bewertungen)<\/strong><\/p>\n<p dir=\"ltr\"><em>\u201eAbsolut atemberaubend, wundersch\u00f6n und ehrf\u00fcrchtgebietend. Die Medici-Kultur und ihr Erbe sind in der Krypta und Kapelle dieses Geb\u00e4udes eingefangen.\u201c<\/em> Robert, September 2024 <a href=\"https:\/\/www.getyourguide.com\/medici-chapel-l5147\/florence-reserved-entry-ticket-to-medici-chapels-t61210\/?partner_id=NO9XIDE&amp;utm_medium=online_publisher&amp;cmp=ITIDeMediciChapelSP\" target=\"_blank\" rel=\"nofollow noopener\" data-lt-tmp-id=\"lt-903126\" spellcheck=\"false\" style=\"outline: none;\">&gt;&gt; Weitere Bewertungen ansehen \u2026<\/a><\/p>\n<p><span># <\/span><strong><span>2<\/span><\/strong><span># <\/span><strong><span>2<\/span><\/strong><\/p>\n<p><\/p>\n<h2><a href=\"https:\/\/www.getyourguide.com\/medici-chapel-l5147\/florence-reserved-entry-ticket-to-medici-chapels-t61210\/?partner_id=NO9XIDE&amp;utm_medium=online_publisher&amp;cmp=ITIDeMediciChapelSP\" target=\"_blank\" rel=\"nofollow noopener\" style=\"outline: none;\">Zur Buchung<\/a><\/h2>\n<h1><a href=\"https:\/\/www.getyourguide.com\/medici-chapel-l5147\/florence-reserved-entry-ticket-to-medici-chapels-t61210\/?partner_id=NO9XIDE&amp;utm_medium=online_publisher&amp;cmp=ITIDeMediciChapelSP\" target=\"_blank\" rel=\"nofollow noopener\" style=\"outline: none;\"><span style=\"font-weight: normal;\">Ab<\/span> 18 \u20ac<\/a><\/h1>\n<p style=\"\">Ihr Konto wird noch nicht belastet<\/p>\n","protected":false},"excerpt":{"rendered":"<p>Florenz: Reservierte Eintrittskarte f\u00fcr die Medici-Kapelle Zur Buchung Ab 18 \u20ac Entdecken Sie die Medici-Kapelle in Florenz mit einer reservierten Eintrittskarte. Erkunden Sie das opulente Mausoleum der Medici-Dynastie, bestaunen Sie Michelangelos Meisterwerke und vieles mehr. Handverlesenes Ticket&nbsp; Vorrangiger Eingang G\u00fcltig f\u00fcr 1 Tag Kostenlose Stornierung Inbegriffen Reservierte Eintrittskarte f\u00fcr die Medici-Kapelle in der Basilika San [&hellip;]<\/p>\n","protected":false},"author":6,"featured_media":17479,"parent":0,"menu_order":0,"comment_status":"closed","ping_status":"closed","template":"","meta":{"footnotes":""},"categories":[138,128],"tags":[147,130],"class_list":["post-17478","page","type-page","status-publish","has-post-thumbnail","hentry","category-florenz","category-verkaufsseite","tag-florenz","tag-verkaufsseite","post-wrapper","thrv_wrapper"],"_links":{"self":[{"href":"https:\/\/italy-tourist-information.com\/de\/wp-json\/wp\/v2\/pages\/17478","targetHints":{"allow":["GET"]}}],"collection":[{"href":"https:\/\/italy-tourist-information.com\/de\/wp-json\/wp\/v2\/pages"}],"about":[{"href":"https:\/\/italy-tourist-information.com\/de\/wp-json\/wp\/v2\/types\/page"}],"author":[{"embeddable":true,"href":"https:\/\/italy-tourist-information.com\/de\/wp-json\/wp\/v2\/users\/6"}],"replies":[{"embeddable":true,"href":"https:\/\/italy-tourist-information.com\/de\/wp-json\/wp\/v2\/comments?post=17478"}],"version-history":[{"count":8,"href":"https:\/\/italy-tourist-information.com\/de\/wp-json\/wp\/v2\/pages\/17478\/revisions"}],"predecessor-version":[{"id":20087,"href":"https:\/\/italy-tourist-information.com\/de\/wp-json\/wp\/v2\/pages\/17478\/revisions\/20087"}],"wp:featuredmedia":[{"embeddable":true,"href":"https:\/\/italy-tourist-information.com\/de\/wp-json\/wp\/v2\/media\/17479"}],"wp:attachment":[{"href":"https:\/\/italy-tourist-information.com\/de\/wp-json\/wp\/v2\/media?parent=17478"}],"wp:term":[{"taxonomy":"category","embeddable":true,"href":"https:\/\/italy-tourist-information.com\/de\/wp-json\/wp\/v2\/categories?post=17478"},{"taxonomy":"post_tag","embeddable":true,"href":"https:\/\/italy-tourist-information.com\/de\/wp-json\/wp\/v2\/tags?post=17478"}],"curies":[{"name":"wp","href":"https:\/\/api.w.org\/{rel}","templated":true}]}}