{"id":17485,"date":"2024-09-18T13:56:56","date_gmt":"2024-09-18T13:56:56","guid":{"rendered":"https:\/\/italy-tourist-information.com\/florence-skip-the-line-ticket-for-the-uffizi-gallery"},"modified":"2026-04-22T13:59:22","modified_gmt":"2026-04-22T13:59:22","slug":"uffizien-tickets","status":"publish","type":"page","link":"https:\/\/italy-tourist-information.com\/de\/uffizien-tickets","title":{"rendered":"Uffizien Tickets: Reservierter Eintritt + Audioguide"},"content":{"rendered":"<p><span><img decoding=\"async\" alt=\"Uffizien: Reservierter Eintritt + Audioguide\" data-id=\"16607\" width=\"2434\" height=\"1556\" title=\"Uffizien-Galerie \u2013 Reservierter Eintritt + Audioguide\" src=\"https:\/\/italy-tourist-information.com\/wp-content\/uploads\/2025\/12\/Uffizi-Gallery-Reserved-Entry-Audio-Guide-ota-1024x655.avif\" data-src=\"https:\/\/italy-tourist-information.com\/wp-content\/uploads\/2025\/12\/Uffizi-Gallery-Reserved-Entry-Audio-Guide-ota-300x192.avif\" loading=\"lazy\" data-sizes=\"{&quot;thumbnail&quot;:{&quot;height&quot;:150,&quot;width&quot;:150,&quot;url&quot;:&quot;https:\/\/italy-tourist-information.com\/wp-content\/uploads\/2025\/12\/Uffizi-Gallery-Reserved-Entry-Audio-Guide-ota-150x150.avif&quot;,&quot;orientation&quot;:&quot;landscape&quot;},&quot;medium&quot;:{&quot;height&quot;:192,&quot;width&quot;:300,&quot;url&quot;:&quot;https:\/\/italy-tourist-information.com\/wp-content\/uploads\/2025\/12\/Uffizi-Gallery-Reserved-Entry-Audio-Guide-ota-300x192.avif&quot;,&quot;orientation&quot;:&quot;landscape&quot;},&quot;large&quot;:{&quot;height&quot;:655,&quot;width&quot;:1024,&quot;url&quot;:&quot;https:\/\/italy-tourist-information.com\/wp-content\/uploads\/2025\/12\/Uffizi-Gallery-Reserved-Entry-Audio-Guide-ota-1024x655.avif&quot;,&quot;orientation&quot;:&quot;landscape&quot;},&quot;full&quot;:{&quot;url&quot;:&quot;https:\/\/italy-tourist-information.com\/wp-content\/uploads\/2025\/12\/Uffizi-Gallery-Reserved-Entry-Audio-Guide-ota.avif&quot;,&quot;height&quot;:1556,&quot;width&quot;:2434,&quot;orientation&quot;:&quot;landscape&quot;}}\"><\/span><span><img decoding=\"async\" alt=\"Ticket ohne Anstehen f\u00fcr die Uffizien-Galerie\" data-id=\"6965\" width=\"960\" height=\"639\" title=\"Ticket ohne Anstehen f\u00fcr die Uffizien-Galerie\" src=\"https:\/\/italy-tourist-information.com\/wp-content\/uploads\/2024\/09\/Skip-The-Line-Ticket-for-the-Uffizi-Gallery.jpg\" data-src=\"https:\/\/italy-tourist-information.com\/wp-content\/uploads\/2024\/09\/Skip-The-Line-Ticket-for-the-Uffizi-Gallery-300x200.jpg\" loading=\"lazy\" data-sizes=\"{&quot;thumbnail&quot;:{&quot;height&quot;:150,&quot;width&quot;:150,&quot;url&quot;:&quot;https:\/\/italy-tourist-information.com\/wp-content\/uploads\/2024\/09\/Skip-The-Line-Ticket-for-the-Uffizi-Gallery-150x150.jpg&quot;,&quot;orientation&quot;:&quot;landscape&quot;},&quot;medium&quot;:{&quot;height&quot;:200,&quot;width&quot;:300,&quot;url&quot;:&quot;https:\/\/italy-tourist-information.com\/wp-content\/uploads\/2024\/09\/Skip-The-Line-Ticket-for-the-Uffizi-Gallery-300x200.jpg&quot;,&quot;orientation&quot;:&quot;landscape&quot;},&quot;full&quot;:{&quot;url&quot;:&quot;https:\/\/italy-tourist-information.com\/wp-content\/uploads\/2024\/09\/Skip-The-Line-Ticket-for-the-Uffizi-Gallery.jpg&quot;,&quot;height&quot;:639,&quot;width&quot;:960,&quot;orientation&quot;:&quot;landscape&quot;}}\"><\/span><span><img decoding=\"async\" alt=\"\" data-id=\"6964\" width=\"960\" height=\"639\" title=\"Ticket ohne Anstehen f\u00fcr die Uffizien Galerie 2\" src=\"https:\/\/italy-tourist-information.com\/wp-content\/uploads\/2024\/09\/Skip-The-Line-Ticket-for-the-Uffizi-Gallery2.jpg\" data-src=\"https:\/\/italy-tourist-information.com\/wp-content\/uploads\/2024\/09\/Skip-The-Line-Ticket-for-the-Uffizi-Gallery2-300x200.jpg\" loading=\"lazy\" data-sizes=\"{&quot;thumbnail&quot;:{&quot;height&quot;:150,&quot;width&quot;:150,&quot;url&quot;:&quot;https:\/\/italy-tourist-information.com\/wp-content\/uploads\/2024\/09\/Skip-The-Line-Ticket-for-the-Uffizi-Gallery2-150x150.jpg&quot;,&quot;orientation&quot;:&quot;landscape&quot;},&quot;medium&quot;:{&quot;height&quot;:200,&quot;width&quot;:300,&quot;url&quot;:&quot;https:\/\/italy-tourist-information.com\/wp-content\/uploads\/2024\/09\/Skip-The-Line-Ticket-for-the-Uffizi-Gallery2-300x200.jpg&quot;,&quot;orientation&quot;:&quot;landscape&quot;},&quot;full&quot;:{&quot;url&quot;:&quot;https:\/\/italy-tourist-information.com\/wp-content\/uploads\/2024\/09\/Skip-The-Line-Ticket-for-the-Uffizi-Gallery2.jpg&quot;,&quot;height&quot;:639,&quot;width&quot;:960,&quot;orientation&quot;:&quot;landscape&quot;}}\"><\/span><span><img decoding=\"async\" alt=\"\" data-id=\"6962\" width=\"960\" height=\"639\" title=\"Ticket ohne Anstehen f\u00fcr die Uffizien Galerie 4\" src=\"https:\/\/italy-tourist-information.com\/wp-content\/uploads\/2024\/09\/Skip-The-Line-Ticket-for-the-Uffizi-Gallery-4.jpg\" data-src=\"https:\/\/italy-tourist-information.com\/wp-content\/uploads\/2024\/09\/Skip-The-Line-Ticket-for-the-Uffizi-Gallery-4-300x200.jpg\" loading=\"lazy\" data-sizes=\"{&quot;thumbnail&quot;:{&quot;height&quot;:150,&quot;width&quot;:150,&quot;url&quot;:&quot;https:\/\/italy-tourist-information.com\/wp-content\/uploads\/2024\/09\/Skip-The-Line-Ticket-for-the-Uffizi-Gallery-4-150x150.jpg&quot;,&quot;orientation&quot;:&quot;landscape&quot;},&quot;medium&quot;:{&quot;height&quot;:200,&quot;width&quot;:300,&quot;url&quot;:&quot;https:\/\/italy-tourist-information.com\/wp-content\/uploads\/2024\/09\/Skip-The-Line-Ticket-for-the-Uffizi-Gallery-4-300x200.jpg&quot;,&quot;orientation&quot;:&quot;landscape&quot;},&quot;full&quot;:{&quot;url&quot;:&quot;https:\/\/italy-tourist-information.com\/wp-content\/uploads\/2024\/09\/Skip-The-Line-Ticket-for-the-Uffizi-Gallery-4.jpg&quot;,&quot;height&quot;:639,&quot;width&quot;:960,&quot;orientation&quot;:&quot;landscape&quot;}}\"><\/span><\/p>\n<h1 data-test-id=\"activity-title\" data-track=\"activity-title\" data-v-fb1c5f17=\"\">Uffizien: Reservierter Eintritt + Audioguide<\/h1>\n<h2><a href=\"https:\/\/www.tiqets.com\/de\/florenz-sehenswuerdigkeiten-c71854\/tickets-fur-uffizien-reservierter-eintritt-audioguide-p974170\/?partner=italytouristinformation&amp;tq_campaign=ITIDeUffiziGallerySP\" target=\"_blank\" rel=\"nofollow noopener\" style=\"outline: none;\">Zur Buchung<\/a><\/h2>\n<p style=\"\"><a href=\"https:\/\/www.tiqets.com\/de\/florenz-sehenswuerdigkeiten-c71854\/tickets-fur-uffizien-reservierter-eintritt-audioguide-p974170\/?partner=italytouristinformation&amp;tq_campaign=ITIDeUffiziGallerySP\" target=\"_blank\" rel=\"nofollow noopener\" style=\"outline: none;\">Preis ab<\/a><\/p>\n<h1><a href=\"https:\/\/www.tiqets.com\/de\/florenz-sehenswuerdigkeiten-c71854\/tickets-fur-uffizien-reservierter-eintritt-audioguide-p974170\/?partner=italytouristinformation&amp;tq_campaign=ITIDeUffiziGallerySP\" target=\"_blank\" rel=\"nofollow noopener\" style=\"outline: none;\" spellcheck=\"false\"><strong>25 \u20ac<\/strong><\/a><\/h1>\n<p dir=\"ltr\">Erleben Sie Italiens ber\u00fchmteste Kunstsammlung mit Ihren Tickets f\u00fcr die Uffizien in Florenz. Umgehen Sie die Warteschlangen und bestaunen Sie Meisterwerke wie Botticellis \u201eGeburt der Venus\u201c und Michelangelos ikonische Werke.<\/p>\n<ul>\n<li style=\"\"><span>Handverlesenes Ticket&nbsp;<\/span><\/li>\n<li style=\"\"><span>Priorit\u00e4tseingang<\/span><\/li>\n<li style=\"\"><span>G\u00fcltig f\u00fcr 1 Tag<\/span><\/li>\n<li style=\"\"><span>R\u00fcckerstattungsf\u00e4hige Tickets erh\u00e4ltlich<\/span><\/li>\n<\/ul>\n<h2>Inbegriffen<\/h2>\n<ul>\n<li style=\"\">                    <span>Eintritt in die Uffizien<\/span><\/li>\n<li style=\"\">                    <span>Digitale Audioguide-App<\/span><\/li>\n<\/ul>\n<h2>Nicht inbegriffen<\/h2>\n<ul>\n<li style=\"\"><span>Reiseleiter<\/span><\/li>\n<li style=\"\"><span>Physischer Audioguide<\/span><\/li>\n<\/ul>\n<h2>Wichtige Informationen<\/h2>\n<ul>\n<li style=\"\"><span>Sie erhalten den n\u00e4chstm\u00f6glichen Einlasszeitpunkt. Die Einlasszeit kann um bis zu 45 Minuten variieren. Bitte \u00fcberpr\u00fcfen Sie Ihre best\u00e4tigte Einlasszeit auf dem PDF-Ticket und zeigen Sie diese am Eingang 1 (Levante Portico) vor.<\/span><\/li>\n<li><span>Sie erhalten eine separate E-Mail mit einem Download-Link f\u00fcr Ihren digitalen Audioguide. Es handelt sich dabei um einen Audioguide eines Drittanbieters, nicht um den offiziellen Audioguide des Museums.<\/span><\/li>\n<li style=\"\"><span>Bitte bringen Sie zur Einreise einen g\u00fcltigen Ausweis oder Reisepass mit. Falsche Angaben f\u00fchren zur Einreiseverweigerung.<\/span><\/li>\n<li style=\"\"><span>M\u00f6glicherweise m\u00fcssen Sie an der Kasse anstehen, um Ihre Eintrittskarte abzuholen.<\/span><\/li>\n<li style=\"\"><span>Kinder unter 18 Jahren m\u00fcssen einen g\u00fcltigen Ausweis vorzeigen und von einem Erwachsenen begleitet werden.<\/span><\/li>\n<li style=\"\"><span>Regenschirme, gro\u00dfe Taschen und Rucks\u00e4cke m\u00fcssen in der kostenlosen Garderobe in der N\u00e4he des Museumseingangs abgegeben werden.<br \/><\/span><\/li>\n<li><span>Blitzlichtfotografie, mitgebrachte Speisen und Getr\u00e4nke, Drohnen und Haustiere (ausgenommen Assistenztiere nach vorheriger Anmeldung) sind verboten.<\/span><\/li>\n<li><span>Nach Verlassen der Galerie ist ein Wiedereintritt nicht gestattet.<\/span><\/li>\n<li><span>Lehrer, Wissenschaftler und Sch\u00fcler auf Schulausfl\u00fcgen haben mit den entsprechenden Unterlagen freien Eintritt.<\/span><\/li>\n<\/ul>\n<h2>Beschreibung:<\/h2>\n<p dir=\"ltr\">Tauchen Sie ein in die Kunst der italienischen Renaissance und genie\u00dfen Sie einen <strong>entspannten Besuch der Uffizien.<\/strong> Profitieren Sie vom bevorzugten Einlass und erleben Sie die Welt von Leonardo da Vinci, Michelangelo und Botticelli hautnah. Erkunden Sie das Museum <strong>in Ihrem eigenen Tempo und<\/strong>&nbsp;bewundern Sie zeitlose Meisterwerke wie \u201e<em>Die <\/em><em>Geburt der Venus\u201c<\/em> und <em><em>\u201ePrimavera\u201c<\/em><\/em> so lange Sie m\u00f6chten.<em> <em><\/em>&nbsp;<\/em><\/p>\n<h2>Highlights:<\/h2>\n<ul>\n<li dir=\"ltr\">Umgehen Sie die langen Warteschlangen und erhalten Sie bevorzugten Einlass in die ber\u00fchmten Uffizien.<\/li>\n<li dir=\"ltr\">Bestaunen Sie Botticellis ikonische Werke \u201eDie Geburt der Venus\u201c und \u201ePrimavera\u201c.<\/li>\n<li dir=\"ltr\">Bewundern Sie die Kunstwerke von Michelangelo, Da Vinci und Giotto.<\/li>\n<li dir=\"ltr\">Erkunden Sie die Galerie in aller Ruhe, ohne zeitliche Begrenzung Ihres Aufenthalts.<\/li>\n<li dir=\"ltr\">Profitieren Sie von der Flexibilit\u00e4t, Tickets ohne Anstehen f\u00fcr den Pitti-Palast und die Boboli-G\u00e4rten hinzuzuf\u00fcgen.<\/li>\n<\/ul>\n<h2>Uffizien<\/h2>\n<p>Piazzale degli Uffizi, 6, 50122 Firenze FI, Italien<\/p>\n<h2>Stornierungsbedingungen<\/h2>\n<p>Diese Tickets sind nicht erstattungsf\u00e4hig, es sei denn, Sie w\u00e4hlen beim Bezahlvorgang ein erstattungsf\u00e4higes Ticket.<\/p>\n<h2>Treffpunkt &amp; Anweisungen<\/h2>\n<p data-pm-slice=\"1 1 []\">Bitte \u00fcberpr\u00fcfen Sie Ihre best\u00e4tigte Uhrzeit auf dem PDF-Ticket und zeigen Sie diese am Eingang 1 (Levante Portico) vor. Bitte warten Sie 15 Minuten vor Ihrem geplanten Zeitpunkt.<\/p>\n<p><a href=\"https:\/\/www.google.com\/maps?q=@43.767784118652344,11.255311012268066\" data-lt-tmp-id=\"lt-320454\" spellcheck=\"false\" target=\"_blank\" rel=\"nofollow noopener\" style=\"outline: none;\">In Karten \u00f6ffnen&nbsp;<\/a><\/p>\n<h2>Bewertungen<\/h2>\n<p><strong>4,4\/5&nbsp; <\/strong><strong>(9752 Bewertungen)<\/strong><\/p>\n<p dir=\"ltr\">\u201eDer Ticketkauf war kinderleicht. Die Audiokommentare enthielten genau die richtige Menge an Details zu jedem wichtigen Gem\u00e4lde. Insgesamt super!\u201c Elizabeth \u2013 USA, September 2024 <a href=\"https:\/\/www.tiqets.com\/de\/florenz-sehenswuerdigkeiten-c71854\/tickets-fur-uffizien-reservierter-eintritt-audioguide-p974170\/?partner=italytouristinformation&amp;tq_campaign=ITIDeUffiziGallerySP\" target=\"_blank\" rel=\"nofollow noopener\" spellcheck=\"false\" style=\"outline: none;\">&gt;&gt; Weitere Bewertungen ansehen \u2026<\/a><\/p>\n<p><span># <\/span><strong><span>2<\/span><\/strong><span># <\/span><strong><span>2<\/span><\/strong><\/p>\n<h2>Weitere Aktivit\u00e4ten, die Ihnen gefallen k\u00f6nnten<\/h2>\n<p><\/p>\n<p><strong><span>#1<\/span><\/strong><span><img decoding=\"async\" alt=\"\" data-id=\"8901\" width=\"159\" data-init-width=\"1200\" height=\"99\" data-init-height=\"750\" title=\"Uffizien-Galerie: F\u00fchrung ohne Anstehen\" src=\"https:\/\/italy-tourist-information.com\/wp-content\/uploads\/2024\/11\/Uffizi-Gallery-Skip-the-Line-Guided-Tour-.avif\" data-width=\"159\" data-height=\"99\" style=\"aspect-ratio: auto 1200 \/ 750;\" loading=\"lazy\"><\/span><\/p>\n<table>\n<tbody>\n<tr>\n<td>\n<table>\n<tbody>\n<tr>\n<td><strong><a href=\"https:\/\/www.headout.com\/de\/uffizien-tickets\/gefuehrte-uffizien-tour-e-7713\/?affiliate_code=KXkQ69&amp;utm_campaign=itideuffizigallerysp2&amp;utm_content=link&amp;utm_medium=affiliate&amp;utm_source=most_amazing_places\" target=\"_blank\" rel=\"nofollow noopener\" style=\"outline: none;\">Uffizien-Galerie: F\u00fchrung ohne Anstehen<\/a><\/strong><\/td>\n<\/tr>\n<\/tbody>\n<\/table>\n<\/td>\n<\/tr>\n<\/tbody>\n<\/table>\n<p>Entdecken Sie Meisterwerke von Botticelli, Michelangelo und da Vinci auf einer 90-min\u00fctigen F\u00fchrung durch die Uffizien-Galerie ohne Anstehen und tauchen Sie ohne Wartezeit in das Herz der Renaissancekunst ein.<\/p>\n<h3 style=\"\">Gesamtpreis<\/h3>\n<h3 style=\"\">Ihr Konto wird noch nicht belastet<\/h3>\n<p><\/p>\n<p><span><img decoding=\"async\" alt=\"\" data-id=\"8905\" width=\"159\" data-init-width=\"695\" height=\"99\" data-init-height=\"434\" title=\"F\u00fchrung durch die Uffizien und die Accademia (David)\" src=\"https:\/\/italy-tourist-information.com\/wp-content\/uploads\/2024\/11\/Uffizi-and-Accademia-David-Guided-Tour-.avif\" data-width=\"159\" data-height=\"99\" style=\"aspect-ratio: auto 695 \/ 434;\" loading=\"lazy\"><\/span><\/p>\n<table>\n<tbody>\n<tr>\n<td>\n<table>\n<tbody>\n<tr>\n<td><strong><a href=\"https:\/\/www.headout.com\/de\/uffizien-tickets\/kombiticket-gefuhrte-tour-durch-die-uffizien-galleria-dellaccademia-e-24598\/?affiliate_code=KXkQ69&amp;utm_campaign=itideuffizigallerysp3&amp;utm_content=link&amp;utm_medium=affiliate&amp;utm_source=most_amazing_places\" target=\"_blank\" rel=\"nofollow noopener\" style=\"outline: none;\" data-lt-tmp-id=\"lt-605083\" spellcheck=\"false\">F\u00fchrung durch die Uffizien und die Accademia (David)<\/a><\/strong><\/td>\n<\/tr>\n<\/tbody>\n<\/table>\n<\/td>\n<\/tr>\n<\/tbody>\n<\/table>\n<p>Erleben Sie die k\u00fcnstlerischen Sch\u00e4tze von Florenz bei einer F\u00fchrung durch die Uffizien und die Accademia-Galerien, wo Sie Michelangelos David und Meisterwerke der Renaissance aus n\u00e4chster N\u00e4he mit einem fachkundigen F\u00fchrer bewundern k\u00f6nnen.<\/p>\n<h3 style=\"\">Gesamtpreis<\/h3>\n<h3>Ihr Konto wird noch nicht belastet<\/h3>\n<p><\/p>\n<h2><a href=\"https:\/\/www.tiqets.com\/de\/florenz-sehenswuerdigkeiten-c71854\/tickets-fur-uffizien-reservierter-eintritt-audioguide-p974170\/?partner=italytouristinformation&amp;tq_campaign=ITIDeUffiziGallerySP\" target=\"_blank\" rel=\"nofollow noopener\" style=\"outline: none;\" spellcheck=\"false\">Zur Buchung&nbsp;<\/a><\/h2>\n<p><a href=\"https:\/\/www.tiqets.com\/de\/florenz-sehenswuerdigkeiten-c71854\/tickets-fur-uffizien-reservierter-eintritt-audioguide-p974170\/?partner=italytouristinformation&amp;tq_campaign=ITIDeUffiziGallerySP\" target=\"_blank\" rel=\"nofollow noopener\" style=\"outline: none;\" spellcheck=\"false\">Preis ab<\/a><\/p>\n<h1><a href=\"https:\/\/www.tiqets.com\/de\/florenz-sehenswuerdigkeiten-c71854\/tickets-fur-uffizien-reservierter-eintritt-audioguide-p974170\/?partner=italytouristinformation&amp;tq_campaign=ITIDeUffiziGallerySP\" target=\"_blank\" rel=\"nofollow noopener\" style=\"outline: none;\" spellcheck=\"false\"><strong>25 \u20ac<\/strong><\/a><\/h1>\n<h3>Ihr Konto wird noch nicht belastet<\/h3>\n","protected":false},"excerpt":{"rendered":"<p>Uffizien: Reservierter Eintritt + Audioguide Zur Buchung Preis ab 25 \u20ac Erleben Sie Italiens ber\u00fchmteste Kunstsammlung mit Ihren Tickets f\u00fcr die Uffizien in Florenz. Umgehen Sie die Warteschlangen und bestaunen Sie Meisterwerke wie Botticellis \u201eGeburt der Venus\u201c und Michelangelos ikonische Werke. Handverlesenes Ticket&nbsp; Priorit\u00e4tseingang G\u00fcltig f\u00fcr 1 Tag R\u00fcckerstattungsf\u00e4hige Tickets erh\u00e4ltlich Inbegriffen Eintritt in die [&hellip;]<\/p>\n","protected":false},"author":6,"featured_media":17486,"parent":0,"menu_order":0,"comment_status":"closed","ping_status":"closed","template":"","meta":{"footnotes":""},"categories":[138,128],"tags":[147,130],"class_list":["post-17485","page","type-page","status-publish","has-post-thumbnail","hentry","category-florenz","category-verkaufsseite","tag-florenz","tag-verkaufsseite","post-wrapper","thrv_wrapper"],"_links":{"self":[{"href":"https:\/\/italy-tourist-information.com\/de\/wp-json\/wp\/v2\/pages\/17485","targetHints":{"allow":["GET"]}}],"collection":[{"href":"https:\/\/italy-tourist-information.com\/de\/wp-json\/wp\/v2\/pages"}],"about":[{"href":"https:\/\/italy-tourist-information.com\/de\/wp-json\/wp\/v2\/types\/page"}],"author":[{"embeddable":true,"href":"https:\/\/italy-tourist-information.com\/de\/wp-json\/wp\/v2\/users\/6"}],"replies":[{"embeddable":true,"href":"https:\/\/italy-tourist-information.com\/de\/wp-json\/wp\/v2\/comments?post=17485"}],"version-history":[{"count":8,"href":"https:\/\/italy-tourist-information.com\/de\/wp-json\/wp\/v2\/pages\/17485\/revisions"}],"predecessor-version":[{"id":20063,"href":"https:\/\/italy-tourist-information.com\/de\/wp-json\/wp\/v2\/pages\/17485\/revisions\/20063"}],"wp:featuredmedia":[{"embeddable":true,"href":"https:\/\/italy-tourist-information.com\/de\/wp-json\/wp\/v2\/media\/17486"}],"wp:attachment":[{"href":"https:\/\/italy-tourist-information.com\/de\/wp-json\/wp\/v2\/media?parent=17485"}],"wp:term":[{"taxonomy":"category","embeddable":true,"href":"https:\/\/italy-tourist-information.com\/de\/wp-json\/wp\/v2\/categories?post=17485"},{"taxonomy":"post_tag","embeddable":true,"href":"https:\/\/italy-tourist-information.com\/de\/wp-json\/wp\/v2\/tags?post=17485"}],"curies":[{"name":"wp","href":"https:\/\/api.w.org\/{rel}","templated":true}]}}