{"id":17494,"date":"2026-02-20T09:34:08","date_gmt":"2026-02-20T09:34:08","guid":{"rendered":"https:\/\/italy-tourist-information.com\/fondazione-prada-tickets"},"modified":"2026-05-04T12:55:07","modified_gmt":"2026-05-04T12:55:07","slug":"fondazione-prada-tickets","status":"publish","type":"page","link":"https:\/\/italy-tourist-information.com\/de\/fondazione-prada-tickets","title":{"rendered":"Mailand: Fondazione Prada Tickets"},"content":{"rendered":"<p><span><img decoding=\"async\" alt=\"Tickets der Fondazione Prada\" data-id=\"16977\" width=\"2282\" height=\"1520\" title=\"Tickets der Fondazione Prada\" src=\"https:\/\/italy-tourist-information.com\/wp-content\/uploads\/2026\/02\/Fondazione-Prada-Tickets-ota-1.avif\" data-src=\"https:\/\/italy-tourist-information.com\/wp-content\/uploads\/2026\/02\/Fondazione-Prada-Tickets-ota-1.avif\" loading=\"lazy\" data-sizes=\"{&quot;full&quot;:{&quot;url&quot;:&quot;https:\/\/italy-tourist-information.com\/wp-content\/uploads\/2026\/02\/Fondazione-Prada-Tickets-ota-1.avif&quot;,&quot;height&quot;:1520,&quot;width&quot;:2282,&quot;orientation&quot;:&quot;landscape&quot;}}\"><\/span><span><img decoding=\"async\" alt=\"\" data-id=\"16978\" width=\"2280\" height=\"1520\" title=\"Tickets der Fondazione Prada\" src=\"https:\/\/italy-tourist-information.com\/wp-content\/uploads\/2026\/02\/Fondazione-Prada-Tickets-ota2-1.avif\" data-src=\"https:\/\/italy-tourist-information.com\/wp-content\/uploads\/2026\/02\/Fondazione-Prada-Tickets-ota2-1.avif\" loading=\"lazy\" data-sizes=\"{&quot;full&quot;:{&quot;url&quot;:&quot;https:\/\/italy-tourist-information.com\/wp-content\/uploads\/2026\/02\/Fondazione-Prada-Tickets-ota2-1.avif&quot;,&quot;height&quot;:1520,&quot;width&quot;:2280,&quot;orientation&quot;:&quot;landscape&quot;}}\"><\/span><span><img decoding=\"async\" alt=\"\" data-id=\"16979\" width=\"2280\" height=\"1520\" title=\"Tickets der Fondazione Prada\" src=\"https:\/\/italy-tourist-information.com\/wp-content\/uploads\/2026\/02\/Fondazione-Prada-Tickets-ota3-1.avif\" data-src=\"https:\/\/italy-tourist-information.com\/wp-content\/uploads\/2026\/02\/Fondazione-Prada-Tickets-ota3-1.avif\" loading=\"lazy\" data-sizes=\"{&quot;full&quot;:{&quot;url&quot;:&quot;https:\/\/italy-tourist-information.com\/wp-content\/uploads\/2026\/02\/Fondazione-Prada-Tickets-ota3-1.avif&quot;,&quot;height&quot;:1520,&quot;width&quot;:2280,&quot;orientation&quot;:&quot;landscape&quot;}}\"><\/span><span><img decoding=\"async\" alt=\"\" data-id=\"16980\" width=\"2280\" height=\"1520\" title=\"Tickets der Fondazione Prada\" src=\"https:\/\/italy-tourist-information.com\/wp-content\/uploads\/2026\/02\/Fondazione-Prada-Tickets-ota4-1.avif\" data-src=\"https:\/\/italy-tourist-information.com\/wp-content\/uploads\/2026\/02\/Fondazione-Prada-Tickets-ota4-1.avif\" loading=\"lazy\" data-sizes=\"{&quot;full&quot;:{&quot;url&quot;:&quot;https:\/\/italy-tourist-information.com\/wp-content\/uploads\/2026\/02\/Fondazione-Prada-Tickets-ota4-1.avif&quot;,&quot;height&quot;:1520,&quot;width&quot;:2280,&quot;orientation&quot;:&quot;landscape&quot;}}\"><\/span><span><img decoding=\"async\" alt=\"\" data-id=\"16981\" width=\"2281\" height=\"1520\" title=\"Tickets der Fondazione Prada\" src=\"https:\/\/italy-tourist-information.com\/wp-content\/uploads\/2026\/02\/Fondazione-Prada-Tickets-ota5-1.avif\" data-src=\"https:\/\/italy-tourist-information.com\/wp-content\/uploads\/2026\/02\/Fondazione-Prada-Tickets-ota5-1.avif\" loading=\"lazy\" data-sizes=\"{&quot;full&quot;:{&quot;url&quot;:&quot;https:\/\/italy-tourist-information.com\/wp-content\/uploads\/2026\/02\/Fondazione-Prada-Tickets-ota5-1.avif&quot;,&quot;height&quot;:1520,&quot;width&quot;:2281,&quot;orientation&quot;:&quot;landscape&quot;}}\"><\/span><span><img decoding=\"async\" alt=\"\" data-id=\"16982\" width=\"2280\" height=\"1520\" title=\"Tickets der Fondazione Prada\" src=\"https:\/\/italy-tourist-information.com\/wp-content\/uploads\/2026\/02\/Fondazione-Prada-Tickets-ota6-1.avif\" data-src=\"https:\/\/italy-tourist-information.com\/wp-content\/uploads\/2026\/02\/Fondazione-Prada-Tickets-ota6-1.avif\" loading=\"lazy\" data-sizes=\"{&quot;full&quot;:{&quot;url&quot;:&quot;https:\/\/italy-tourist-information.com\/wp-content\/uploads\/2026\/02\/Fondazione-Prada-Tickets-ota6-1.avif&quot;,&quot;height&quot;:1520,&quot;width&quot;:2280,&quot;orientation&quot;:&quot;landscape&quot;}}\"><\/span><\/p>\n<h1 data-block-id=\"adp-title-text\" data-v-0636b5b3=\"\" data-v-25a6f21d=\"\" data-v-4533c707=\"\"><span data-v-4533c707=\"\">Prada Foundation Mailand: Eintrittskarte<\/span><\/h1>\n<h2><a href=\"https:\/\/www.getyourguide.com\/milan-l139\/prada-foundation-milan-admission-ticket-t1168884\/?partner_id=NO9XIDE&amp;utm_medium=online_publisher&amp;cmp=ITIDeFondazionePradaSP\" target=\"_blank\" rel=\"nofollow noopener\" style=\"outline: none;\">Zur Buchung<\/a><\/h2>\n<h1><a href=\"https:\/\/www.getyourguide.com\/milan-l139\/prada-foundation-milan-admission-ticket-t1168884\/?partner_id=NO9XIDE&amp;utm_medium=online_publisher&amp;cmp=ITIDeFondazionePradaSP\" target=\"_blank\" rel=\"nofollow noopener\" style=\"outline: none;\" spellcheck=\"false\"><strong>Ab 16<\/strong> \u20ac<strong><\/strong><\/a><\/h1>\n<p dir=\"ltr\"><strong>Erleben Sie mit Tickets f\u00fcr die Fondazione Prada<\/strong>&nbsp;einen der innovativsten Kulturorte Mailands. Entdecken Sie hochkar\u00e4tige Wechselausstellungen, ikonische Dauerausstellungen und <strong>architektonisch beeindruckende R\u00e4umlichkeiten<\/strong> von Rem Koolhaas \u2013 ein einzigartiges Erlebnis zeitgen\u00f6ssischer Kunst in der Stadt.<\/p>\n<ul>\n<li style=\"\"><span>Handverlesenes Ticket<\/span><\/li>\n<li style=\"\"><span>Letzter Einlass: 30 Minuten vor Schlie\u00dfung<\/span><\/li>\n<li style=\"\"><span>R\u00fcckerstattungsf\u00e4hige Tickets erh\u00e4ltlich<\/span><\/li>\n<\/ul>\n<h2>Inbegriffen<\/h2>\n<ul>\n<li style=\"\">                    <span>Tickets der Fondazione Prada<\/span><\/li>\n<li style=\"\">                    <span>Zugang zu allen Wechsel- und Dauerausstellungen<\/span><\/li>\n<li style=\"\">                    <span>Garderobe<\/span><\/li>\n<\/ul>\n<h2>Nicht inbegriffen<\/h2>\n<ul>\n<li style=\"\"><span>Live-Guide<\/span><\/li>\n<li style=\"\"><span>Getr\u00e4nke<\/span><\/li>\n<\/ul>\n<h2>Wichtige Informationen<\/h2>\n<ul>\n<li style=\"\"><span>Zeigen Sie Ihr Smartphone-Ticket am Eingang vor, um Einlass zu erhalten.<\/span><\/li>\n<li><span>Die Sternwarte in der Galleria Vittorio Emanuele II kann innerhalb von 30 Tagen besichtigt werden (Dienstags geschlossen).<\/span><\/li>\n<li><span>Der Veranstaltungsort ist f\u00fcr Besucher mit eingeschr\u00e4nkter Mobilit\u00e4t zug\u00e4nglich.<\/span><\/li>\n<li style=\"\"><span>Garderobe f\u00fcr gro\u00dfe Taschen und Gegenst\u00e4nde, die die Gr\u00f6\u00dfenbeschr\u00e4nkungen \u00fcberschreiten<\/span><\/li>\n<li style=\"\"><span>Das Fotografieren ist nur f\u00fcr den pers\u00f6nlichen Gebrauch gestattet; Stative und Selfie-Sticks verboten.<\/span><\/li>\n<li style=\"\"><span>Nur Assistenztiere sind im Inneren erlaubt.<\/span><\/li>\n<\/ul>\n<h2>Beschreibung:<\/h2>\n<p dir=\"ltr\">Mit <strong>Tickets f\u00fcr die Fondazione Prada<\/strong> betreten Sie eine der fortschrittlichsten Kulturinstitutionen Mailands. Der Komplex, untergebracht in umgebauten Destilleriegeb\u00e4uden und von <strong>OMA unter der Leitung von Rem Koolhaas<\/strong> entworfen, pr\u00e4sentiert wegweisende Wechselausstellungen sowie gefeierte Dauerausstellungen internationaler K\u00fcnstler.&nbsp;<\/p>\n<p dir=\"ltr\">Erleben Sie immersive Werke, Multimedia-Pr\u00e4sentationen und das Atlas-Projekt, das die k\u00fcnstlerische Entwicklung der Stiftung beleuchtet. Ihr Besuch beinhaltet au\u00dferdem den Zugang zum <strong>Ausstellungsraum des Observatoriums<\/strong> im Zentrum Mailands. So k\u00f6nnen Sie Ihre k\u00fcnstlerische Reise \u00fcber den Hauptausstellungsort hinaus erweitern und die pulsierende zeitgen\u00f6ssische Kunstszene der Stadt entdecken.<\/p>\n<h2>Highlights:<\/h2>\n","protected":false},"excerpt":{"rendered":"<p>Prada Foundation Mailand: Eintrittskarte Zur Buchung Ab 16 \u20ac Erleben Sie mit Tickets f\u00fcr die Fondazione Prada&nbsp;einen der innovativsten Kulturorte Mailands. Entdecken Sie hochkar\u00e4tige Wechselausstellungen, ikonische Dauerausstellungen und architektonisch beeindruckende R\u00e4umlichkeiten von Rem Koolhaas \u2013 ein einzigartiges Erlebnis zeitgen\u00f6ssischer Kunst in der Stadt. Handverlesenes Ticket Letzter Einlass: 30 Minuten vor Schlie\u00dfung R\u00fcckerstattungsf\u00e4hige Tickets erh\u00e4ltlich Inbegriffen [&hellip;]<\/p>\n","protected":false},"author":21,"featured_media":17495,"parent":0,"menu_order":0,"comment_status":"closed","ping_status":"closed","template":"","meta":{"footnotes":"","tve_updated_post":"","tve_custom_css":"","tve_user_custom_css":"","tve_globals":{},"tcb2_ready":1,"tcb_editor_enabled":1,"tve_landing_page":"bd86f3fc67210fed5b2794ad4a56d3a9","_tve_header":"17144","_tve_footer":"17145"},"categories":[],"tags":[130],"class_list":["post-17494","page","type-page","status-publish","has-post-thumbnail","hentry","tag-verkaufsseite","post-wrapper","thrv_wrapper"],"_links":{"self":[{"href":"https:\/\/italy-tourist-information.com\/de\/wp-json\/wp\/v2\/pages\/17494","targetHints":{"allow":["GET"]}}],"collection":[{"href":"https:\/\/italy-tourist-information.com\/de\/wp-json\/wp\/v2\/pages"}],"about":[{"href":"https:\/\/italy-tourist-information.com\/de\/wp-json\/wp\/v2\/types\/page"}],"author":[{"embeddable":true,"href":"https:\/\/italy-tourist-information.com\/de\/wp-json\/wp\/v2\/users\/21"}],"replies":[{"embeddable":true,"href":"https:\/\/italy-tourist-information.com\/de\/wp-json\/wp\/v2\/comments?post=17494"}],"version-history":[{"count":8,"href":"https:\/\/italy-tourist-information.com\/de\/wp-json\/wp\/v2\/pages\/17494\/revisions"}],"predecessor-version":[{"id":20180,"href":"https:\/\/italy-tourist-information.com\/de\/wp-json\/wp\/v2\/pages\/17494\/revisions\/20180"}],"wp:featuredmedia":[{"embeddable":true,"href":"https:\/\/italy-tourist-information.com\/de\/wp-json\/wp\/v2\/media\/17495"}],"wp:attachment":[{"href":"https:\/\/italy-tourist-information.com\/de\/wp-json\/wp\/v2\/media?parent=17494"}],"wp:term":[{"taxonomy":"category","embeddable":true,"href":"https:\/\/italy-tourist-information.com\/de\/wp-json\/wp\/v2\/categories?post=17494"},{"taxonomy":"post_tag","embeddable":true,"href":"https:\/\/italy-tourist-information.com\/de\/wp-json\/wp\/v2\/tags?post=17494"}],"curies":[{"name":"wp","href":"https:\/\/api.w.org\/{rel}","templated":true}]}}