{"id":17518,"date":"2025-05-12T15:02:30","date_gmt":"2025-05-12T15:02:30","guid":{"rendered":"https:\/\/italy-tourist-information.com\/from-florence-cinque-terre-day-trip"},"modified":"2026-05-05T15:04:15","modified_gmt":"2026-05-05T15:04:15","slug":"tagesausflug-von-florenz-nach-cinque-terre","status":"publish","type":"page","link":"https:\/\/italy-tourist-information.com\/de\/tagesausflug-von-florenz-nach-cinque-terre","title":{"rendered":"Tagesausflug von Florenz nach Cinque Terre mit optionaler Wanderung"},"content":{"rendered":"<p><span><img decoding=\"async\" alt=\"\" data-id=\"10656\" width=\"960\" height=\"639\" title=\"Tagesausflug Florenz-Cinque Terre mit optionaler Wanderung\" src=\"https:\/\/italy-tourist-information.com\/wp-content\/uploads\/2025\/05\/Florence-Cinque-Terre-Day-Trip-with-Optional-Hike-ota.jpg\" data-src=\"https:\/\/italy-tourist-information.com\/wp-content\/uploads\/2025\/05\/Florence-Cinque-Terre-Day-Trip-with-Optional-Hike-ota-300x200.jpg\" loading=\"lazy\" data-sizes=\"{&quot;thumbnail&quot;:{&quot;url&quot;:&quot;https:\/\/italy-tourist-information.com\/wp-content\/uploads\/2025\/05\/Florence-Cinque-Terre-Day-Trip-with-Optional-Hike-ota-150x150.jpg&quot;,&quot;height&quot;:150,&quot;width&quot;:150,&quot;orientation&quot;:&quot;landscape&quot;},&quot;medium&quot;:{&quot;url&quot;:&quot;https:\/\/italy-tourist-information.com\/wp-content\/uploads\/2025\/05\/Florence-Cinque-Terre-Day-Trip-with-Optional-Hike-ota-300x200.jpg&quot;,&quot;height&quot;:200,&quot;width&quot;:300,&quot;orientation&quot;:&quot;landscape&quot;},&quot;full&quot;:{&quot;url&quot;:&quot;https:\/\/italy-tourist-information.com\/wp-content\/uploads\/2025\/05\/Florence-Cinque-Terre-Day-Trip-with-Optional-Hike-ota.jpg&quot;,&quot;height&quot;:639,&quot;width&quot;:960,&quot;orientation&quot;:&quot;landscape&quot;}}\"><\/span><span><img decoding=\"async\" alt=\"\" data-id=\"10655\" width=\"853\" height=\"640\" title=\"Florenz-Cinque Terre Tagesausflug mit optionaler Wanderung ota2\" src=\"https:\/\/italy-tourist-information.com\/wp-content\/uploads\/2025\/05\/Florence-Cinque-Terre-Day-Trip-with-Optional-Hike-ota2.jpg\" data-src=\"https:\/\/italy-tourist-information.com\/wp-content\/uploads\/2025\/05\/Florence-Cinque-Terre-Day-Trip-with-Optional-Hike-ota2-300x225.jpg\" loading=\"lazy\" data-sizes=\"{&quot;thumbnail&quot;:{&quot;url&quot;:&quot;https:\/\/italy-tourist-information.com\/wp-content\/uploads\/2025\/05\/Florence-Cinque-Terre-Day-Trip-with-Optional-Hike-ota2-150x150.jpg&quot;,&quot;height&quot;:150,&quot;width&quot;:150,&quot;orientation&quot;:&quot;landscape&quot;},&quot;medium&quot;:{&quot;url&quot;:&quot;https:\/\/italy-tourist-information.com\/wp-content\/uploads\/2025\/05\/Florence-Cinque-Terre-Day-Trip-with-Optional-Hike-ota2-300x225.jpg&quot;,&quot;height&quot;:225,&quot;width&quot;:300,&quot;orientation&quot;:&quot;landscape&quot;},&quot;full&quot;:{&quot;url&quot;:&quot;https:\/\/italy-tourist-information.com\/wp-content\/uploads\/2025\/05\/Florence-Cinque-Terre-Day-Trip-with-Optional-Hike-ota2.jpg&quot;,&quot;height&quot;:640,&quot;width&quot;:853,&quot;orientation&quot;:&quot;landscape&quot;}}\"><\/span><span><img decoding=\"async\" alt=\"\" data-id=\"10654\" width=\"960\" height=\"639\" title=\"Florenz-Cinque Terre-Tagesausflug mit optionaler Wanderung ota3\" src=\"https:\/\/italy-tourist-information.com\/wp-content\/uploads\/2025\/05\/Florence-Cinque-Terre-Day-Trip-with-Optional-Hike-ota3.jpg\" data-src=\"https:\/\/italy-tourist-information.com\/wp-content\/uploads\/2025\/05\/Florence-Cinque-Terre-Day-Trip-with-Optional-Hike-ota3-300x200.jpg\" loading=\"lazy\" data-sizes=\"{&quot;thumbnail&quot;:{&quot;url&quot;:&quot;https:\/\/italy-tourist-information.com\/wp-content\/uploads\/2025\/05\/Florence-Cinque-Terre-Day-Trip-with-Optional-Hike-ota3-150x150.jpg&quot;,&quot;height&quot;:150,&quot;width&quot;:150,&quot;orientation&quot;:&quot;landscape&quot;},&quot;medium&quot;:{&quot;url&quot;:&quot;https:\/\/italy-tourist-information.com\/wp-content\/uploads\/2025\/05\/Florence-Cinque-Terre-Day-Trip-with-Optional-Hike-ota3-300x200.jpg&quot;,&quot;height&quot;:200,&quot;width&quot;:300,&quot;orientation&quot;:&quot;landscape&quot;},&quot;full&quot;:{&quot;url&quot;:&quot;https:\/\/italy-tourist-information.com\/wp-content\/uploads\/2025\/05\/Florence-Cinque-Terre-Day-Trip-with-Optional-Hike-ota3.jpg&quot;,&quot;height&quot;:639,&quot;width&quot;:960,&quot;orientation&quot;:&quot;landscape&quot;}}\"><\/span><span><img decoding=\"async\" alt=\"\" data-id=\"10653\" width=\"955\" height=\"640\" title=\"Florenz-Cinque Terre-Tagesausflug mit optionaler Wanderung ota4\" src=\"https:\/\/italy-tourist-information.com\/wp-content\/uploads\/2025\/05\/Florence-Cinque-Terre-Day-Trip-with-Optional-Hike-ota4.jpg\" data-src=\"https:\/\/italy-tourist-information.com\/wp-content\/uploads\/2025\/05\/Florence-Cinque-Terre-Day-Trip-with-Optional-Hike-ota4-300x201.jpg\" loading=\"lazy\" data-sizes=\"{&quot;thumbnail&quot;:{&quot;url&quot;:&quot;https:\/\/italy-tourist-information.com\/wp-content\/uploads\/2025\/05\/Florence-Cinque-Terre-Day-Trip-with-Optional-Hike-ota4-150x150.jpg&quot;,&quot;height&quot;:150,&quot;width&quot;:150,&quot;orientation&quot;:&quot;landscape&quot;},&quot;medium&quot;:{&quot;url&quot;:&quot;https:\/\/italy-tourist-information.com\/wp-content\/uploads\/2025\/05\/Florence-Cinque-Terre-Day-Trip-with-Optional-Hike-ota4-300x201.jpg&quot;,&quot;height&quot;:201,&quot;width&quot;:300,&quot;orientation&quot;:&quot;landscape&quot;},&quot;full&quot;:{&quot;url&quot;:&quot;https:\/\/italy-tourist-information.com\/wp-content\/uploads\/2025\/05\/Florence-Cinque-Terre-Day-Trip-with-Optional-Hike-ota4.jpg&quot;,&quot;height&quot;:640,&quot;width&quot;:955,&quot;orientation&quot;:&quot;landscape&quot;}}\"><\/span><span><img decoding=\"async\" alt=\"\" data-id=\"10652\" width=\"853\" height=\"640\" title=\"Florenz-Cinque Terre-Tagesausflug mit optionaler Wanderung ota5\" src=\"https:\/\/italy-tourist-information.com\/wp-content\/uploads\/2025\/05\/Florence-Cinque-Terre-Day-Trip-with-Optional-Hike-ota5.jpg\" data-src=\"https:\/\/italy-tourist-information.com\/wp-content\/uploads\/2025\/05\/Florence-Cinque-Terre-Day-Trip-with-Optional-Hike-ota5-300x225.jpg\" loading=\"lazy\" data-sizes=\"{&quot;thumbnail&quot;:{&quot;url&quot;:&quot;https:\/\/italy-tourist-information.com\/wp-content\/uploads\/2025\/05\/Florence-Cinque-Terre-Day-Trip-with-Optional-Hike-ota5-150x150.jpg&quot;,&quot;height&quot;:150,&quot;width&quot;:150,&quot;orientation&quot;:&quot;landscape&quot;},&quot;medium&quot;:{&quot;url&quot;:&quot;https:\/\/italy-tourist-information.com\/wp-content\/uploads\/2025\/05\/Florence-Cinque-Terre-Day-Trip-with-Optional-Hike-ota5-300x225.jpg&quot;,&quot;height&quot;:225,&quot;width&quot;:300,&quot;orientation&quot;:&quot;landscape&quot;},&quot;full&quot;:{&quot;url&quot;:&quot;https:\/\/italy-tourist-information.com\/wp-content\/uploads\/2025\/05\/Florence-Cinque-Terre-Day-Trip-with-Optional-Hike-ota5.jpg&quot;,&quot;height&quot;:640,&quot;width&quot;:853,&quot;orientation&quot;:&quot;landscape&quot;}}\"><\/span><\/p>\n<h1>Ab Florenz: Tagesausflug in die Cinque Terre mit optionaler Wanderung<\/h1>\n<h2><a href=\"https:\/\/www.getyourguide.com\/florence-l32\/florence-cinque-terre-day-trip-with-optional-hike-and-lunch-t399124\/?partner_id=NO9XIDE&amp;utm_medium=online_publisher&amp;cmp=ITIDeFlorenceCinqueTerreDayTripSP\" target=\"_blank\" rel=\"nofollow noopener\" style=\"outline: none;\" spellcheck=\"false\">Zur Buchung<\/a><\/h2>\n<p style=\"\"><a href=\"https:\/\/www.getyourguide.com\/florence-l32\/florence-cinque-terre-day-trip-with-optional-hike-and-lunch-t399124\/?partner_id=NO9XIDE&amp;utm_medium=online_publisher&amp;cmp=ITIDeFlorenceCinqueTerreDayTripSP\" target=\"_blank\" rel=\"nofollow noopener\" style=\"outline: none;\">Preis ab<\/a><\/p>\n<h1><a href=\"https:\/\/www.getyourguide.com\/florence-l32\/florence-cinque-terre-day-trip-with-optional-hike-and-lunch-t399124\/?partner_id=NO9XIDE&amp;utm_medium=online_publisher&amp;cmp=ITIDeFlorenceCinqueTerreDayTripSP\" target=\"_blank\" rel=\"nofollow noopener\" style=\"outline: none;\" spellcheck=\"false\"><strong>55 \u20ac<\/strong><\/a><\/h1>\n<p data-pm-slice=\"1 1 []\">Dieser Tagesausflug von Florenz in die Cinque Terre erm\u00f6glicht es Ihnen, <strong>alle f\u00fcnf D\u00f6rfer mit einem Reiseleiter zu erkunden und<\/strong> kombiniert malerische Zugfahrten, optionale Wanderungen und eine saisonale Bootsfahrt entlang der atemberaubenden ligurischen K\u00fcste.<\/p>\n<ul>\n<li style=\"\"><span>Handverlesenes Ticket&nbsp;<\/span><\/li>\n<li style=\"\"><span>Jetzt reservieren &amp; sp\u00e4ter bezahlen<\/span><\/li>\n<li style=\"\"><span>Dauer: ca. 13 Stunden<\/span><\/li>\n<li style=\"\"><span>Kostenlose Stornierung<\/span><\/li>\n<\/ul>\n<h2>Inbegriffen<\/h2>\n<ul>\n<li style=\"\">                    <span>R\u00fccktransfer mit Bus oder Minivan ab Florenz<\/span><\/li>\n<li style=\"\">                    <span>Eintrittskarte f\u00fcr den Nationalpark Cinque Terre<\/span><\/li>\n<li style=\"\">                    <span>Fachkundiger englischsprachiger Reiseleiter<\/span><\/li>\n<li style=\"\">                    <span>Zugfahrkarten zwischen D\u00f6rfern<\/span><\/li>\n<li style=\"\">                    <span>Freizeit in allen f\u00fcnf D\u00f6rfern<\/span><\/li>\n<li style=\"\">                    <span>Gef\u00fchrte Wanderung von Corniglia nach Vernazza (falls ausgew\u00e4hlt)<\/span><\/li>\n<li><span>Bootsfahrt (April bis Oktober, je nach Wetterlage)<\/span><\/li>\n<\/ul>\n<h2>Nicht inbegriffen<\/h2>\n<ul>\n<li style=\"\"><span>Hotelabholung und -r\u00fccktransfer<\/span><\/li>\n<li style=\"\"><span>Tipps<\/span><\/li>\n<li style=\"\"><span>Speisen und Getr\u00e4nke<\/span><\/li>\n<\/ul>\n<h2>Wichtige Informationen<\/h2>\n<ul>\n<li style=\"\"><span>Nicht geeignet f\u00fcr Kinder unter 8 Jahren oder G\u00e4ste mit eingeschr\u00e4nkter Mobilit\u00e4t.<\/span><\/li>\n<li style=\"\"><span>Bitte mitbringen: bequeme Wanderschuhe, Badebekleidung, Handtuch, Sonnencreme, Wasser, Hut<\/span><\/li>\n<li style=\"\"><span>Nicht erlaubt: Flip-Flops, High Heels, Sandalen oder offene Schuhe<\/span><\/li>\n<li><span>Bootsfahrten sind von April bis Oktober m\u00f6glich; im Winter oder bei schlechtem Wetter wird stattdessen ein Zug eingesetzt.<\/span><\/li>\n<li><span>Um m\u00f6glichen Verkehrsverz\u00f6gerungen vorzubeugen, empfiehlt es sich, die Weiterreise mit der Bahn ab Florenz nach 21:30 Uhr zu planen.<\/span><\/li>\n<li><span>Aufgrund von Wetterbedingungen, Wegsperrungen oder unvorhergesehenen Ereignissen k\u00f6nnen \u00c4nderungen des Reiseverlaufs erforderlich sein.<\/span><\/li>\n<li><span>Sie k\u00f6nnen Gep\u00e4ck mitbringen, wenn Sie anschlie\u00dfend in Cinque Terre \u00fcbernachten m\u00f6chten.<\/span><\/li>\n<\/ul>\n<h2>Beschreibung:<\/h2>\n<p data-end=\"912\" data-start=\"380\">Erleben Sie den Zauber der italienischen Riviera auf diesem <strong data-end=\"490\" data-start=\"465\">Tagesausflug <\/strong><strong>von Florenz in die Cinque Terre.<\/strong> Entdecken Sie die lebhaften D\u00f6rfer <strong>Manarola, Corniglia, Vernazza, Monterosso und Riomaggiore<\/strong> an einem einzigen Tag.<\/p>\n<p data-end=\"912\" data-start=\"380\">Sie haben die Wahl zwischen einer <strong>entspannten Zugfahrt oder einer gef\u00fchrten Wanderung von Corniglia nach Vernazza<\/strong> mit atemberaubendem Meerblick. Entdecken Sie Kunsthandwerksl\u00e4den, Strandcaf\u00e9s und <strong>Unternehmen. Sie (saisonal) eine Bootsfahrt entlang der K\u00fcste<\/strong> f\u00fcr unvergessliche Panoramen. Mit der perfekten Mischung aus F\u00fchrung und Freizeit bietet dieser Tagesausflug die ideale M\u00f6glichkeit, die Sch\u00f6nheit der Cinque Terre zu erkunden.<\/p>\n<h2>Highlights:<\/h2>\n<ul>\n<li dir=\"ltr\">\n<p dir=\"ltr\">Besuchen Sie alle 5 wundersch\u00f6nen D\u00f6rfer der Cinque Terre an einem Tag<\/p>\n<\/li>\n<li dir=\"ltr\">\n<p dir=\"ltr\">Genie\u00dfen Sie eine Bootsfahrt entlang der K\u00fcste (April bis Oktober) mit Panoramablick<\/p>\n<\/li>\n<li dir=\"ltr\">\n<p dir=\"ltr\">Wandern Sie auf den malerischen Wanderwegen zwischen Corniglia und Vernazza (optional).<\/p>\n<\/li>\n<li dir=\"ltr\">\n<p dir=\"ltr\">Entdecken Sie Kunsthandwerksl\u00e4den und Str\u00e4nde in Monterosso<\/p>\n<\/li>\n<li dir=\"ltr\">\n<p dir=\"ltr\">Freizeit zum Schwimmen, Erkunden oder Entspannen in lokalen Caf\u00e9s.<\/p>\n<\/li>\n<li dir=\"ltr\">\n<p dir=\"ltr\">Reisen Sie reibungslos mit Zug und Bus in Begleitung eines sachkundigen Reiseleiters.<\/p>\n<\/li>\n<\/ul>\n<h2>Stornierungsbedingungen<\/h2>\n<p dir=\"ltr\">Kostenlose Stornierung bis zu 24 Stunden im Voraus mit voller R\u00fcckerstattung.<\/p>\n<h2>Treffpunkt &amp; Anweisungen<\/h2>\n<p dir=\"ltr\">Treffen Sie Ihren Reiseleiter vor dem Bahnhof Santa Maria Novella, am Taxistand gegen\u00fcber dem McDonald&#8217;s. Bitte warten Sie mindestens 15 Minuten vor der Abfahrt.<\/p>\n<p dir=\"ltr\"><a href=\"https:\/\/www.google.com\/maps?q=@43.77610778808594,11.248892784118652\" target=\"_blank\" rel=\"nofollow noopener\" data-lt-tmp-id=\"lt-469471\" spellcheck=\"false\" style=\"outline: none;\">In Google Maps \u00f6ffnen<\/a><\/p>\n<h2>Bewertungen<\/h2>\n<p><strong>4,8\/5&nbsp; <\/strong><strong>(5066 Bewertungen)<\/strong><\/p>\n<p dir=\"ltr\"><em>\u201eDer H\u00f6hepunkt meiner Italienreise! Giancarlo war der perfekte Reiseleiter. Er war sachkundig und begeisterte sich f\u00fcr Italien und vermittelte uns faszinierende Einblicke in die Geschichte und Kultur jedes Ortes [&#8230;]. Der ganze Tag verlief reibungslos, und obwohl es recht z\u00fcgig zuging, konnten wir dank Giancarlos Unterst\u00fctzung bei der Nutzung der \u00f6ffentlichen Verkehrsmittel unsere Zeit in jedem Dorf optimal nutzen. Vielen Dank f\u00fcr einen wundervollen Tag!\u201c<\/em> \u2013 Dannielle, April 2025 <a href=\"https:\/\/www.getyourguide.com\/florence-l32\/florence-cinque-terre-day-trip-with-optional-hike-and-lunch-t399124\/?partner_id=NO9XIDE&amp;utm_medium=online_publisher&amp;cmp=ITIDeFlorenceCinqueTerreDayTripSP\" target=\"_blank\" rel=\"nofollow noopener\" spellcheck=\"false\" style=\"outline: none;\">&gt;&gt; Weitere Bewertungen ansehen \u2026<\/a><\/p>\n<h2>Weitere Aktivit\u00e4ten, die Ihnen gefallen k\u00f6nnten<\/h2>\n<p><span># <\/span><strong><span>2<\/span><\/strong><span># <\/span><strong><span>2<\/span><\/strong><span><img decoding=\"async\" alt=\"\" data-id=\"10649\" width=\"159\" data-init-width=\"960\" height=\"105\" data-init-height=\"635\" title=\"Tagesausflug von Florenz nach Cinque Terre und Pisa\" loading=\"lazy\" src=\"https:\/\/italy-tourist-information.com\/wp-content\/uploads\/2025\/05\/From-Florence-Cinque-Terre-and-Pisa-Day-Trip-ota.jpg\" data-width=\"159\" data-height=\"105\" style=\"aspect-ratio: auto 960 \/ 635;\"><\/span><\/p>\n<table>\n<tbody>\n<tr>\n<td><a href=\"https:\/\/www.getyourguide.com\/florence-l32\/from-florence-cinque-terre-pisa-day-trip-w-optional-hike-t57210\/?partner_id=NO9XIDE&amp;utm_medium=online_publisher&amp;cmp=ITIDeFlorenceCinqueTerreDayTripSP2\" target=\"_blank\" rel=\"nofollow noopener\" style=\"outline: none;\" data-lt-tmp-id=\"lt-97456\" spellcheck=\"false\">Ab Florenz: Tagesausflug nach Cinque Terre und Pisa<\/a><\/td>\n<\/tr>\n<\/tbody>\n<\/table>\n<p>Entdecken Sie auf diesem Ganztagesausflug nach Florenz zwei der bekanntesten Reiseziele Italiens: einen <strong>90-min\u00fctigen Besuch des Schiefen Turms von Pisa<\/strong> und eine gef\u00fchrte Tour durch die malerischen <strong>D\u00f6rfer der Cinque Terre.<\/strong><\/p>\n<h3 style=\"\">Gesamtpreis<\/h3>\n<h3 style=\"\">Ihr Konto wird noch nicht belastet<\/h3>\n<p><span># <\/span><strong><span>2<\/span><\/strong><span><img decoding=\"async\" alt=\"\" data-id=\"10646\" width=\"159\" data-init-width=\"1600\" height=\"99\" data-init-height=\"1000\" title=\"Gef\u00fchrte Tour von Florenz nach Cinque Terre\" loading=\"lazy\" src=\"https:\/\/italy-tourist-information.com\/wp-content\/uploads\/2025\/05\/From-Florence-Cinque-Terre-Guided-Tour-ota.avif\" data-width=\"159\" data-height=\"99\" style=\"aspect-ratio: auto 1600 \/ 1000;\"><\/span><\/p>\n<table>\n<tbody>\n<tr>\n<td><a href=\"https:\/\/www.headout.com\/de\/touren-von-florenz-nach-cinque-terre\/ganztagige-tour-durch-die-cinque-terre-ab-florenz-mit-reisefuhrer-e-15838\/?affiliate_code=KXkQ69&amp;utm_campaign=itideflorencecinqueterredaytripsp3&amp;utm_content=link&amp;utm_medium=affiliate&amp;utm_source=most_amazing_places\" target=\"_blank\" rel=\"nofollow noopener\" style=\"outline: none;\" data-lt-tmp-id=\"lt-223082\" spellcheck=\"false\">Von Florenz aus: Gef\u00fchrte Tour durch die Cinque Terre<\/a><\/td>\n<\/tr>\n<\/tbody>\n<\/table>\n<p dir=\"ltr\">Entdecken Sie die atemberaubenden Florenz Cinque Terre auf einer ganzt\u00e4gigen gef\u00fchrten Tour ab mit komfortablem Bustransfer, fachkundigen Erl\u00e4uterungen und freier Zeit, um die farbenfrohen K\u00fcstend\u00f6rfer in Ihrem eigenen Tempo zu erkunden.<\/p>\n<h3 style=\"\">Gesamtpreis<\/h3>\n<h3 style=\"\">Ihr Konto wird noch nicht belastet<\/h3>\n<p><\/p>\n<h2><a href=\"https:\/\/www.getyourguide.com\/florence-l32\/florence-cinque-terre-day-trip-with-optional-hike-and-lunch-t399124\/?partner_id=NO9XIDE&amp;utm_medium=online_publisher&amp;cmp=ITIDeFlorenceCinqueTerreDayTripSP\" target=\"_blank\" rel=\"nofollow noopener\" style=\"outline: none;\" spellcheck=\"false\">Zur Buchung&nbsp;<\/a><\/h2>\n<p style=\"\"><a href=\"https:\/\/www.getyourguide.com\/florence-l32\/florence-cinque-terre-day-trip-with-optional-hike-and-lunch-t399124\/?partner_id=NO9XIDE&amp;utm_medium=online_publisher&amp;cmp=ITIDeFlorenceCinqueTerreDayTripSP\" target=\"_blank\" rel=\"nofollow noopener\" style=\"outline: none;\" spellcheck=\"false\">Preis ab<\/a><\/p>\n<h1><a href=\"https:\/\/www.getyourguide.com\/florence-l32\/florence-cinque-terre-day-trip-with-optional-hike-and-lunch-t399124\/?partner_id=NO9XIDE&amp;utm_medium=online_publisher&amp;cmp=ITIDeFlorenceCinqueTerreDayTripSP\" target=\"_blank\" rel=\"nofollow noopener\" style=\"outline: none;\" spellcheck=\"false\"><strong>55 \u20ac<\/strong><\/a><\/h1>\n<p style=\"\">Ihr Konto wird noch nicht belastet<\/p>\n","protected":false},"excerpt":{"rendered":"<p>Ab Florenz: Tagesausflug in die Cinque Terre mit optionaler Wanderung Zur Buchung Preis ab 55 \u20ac Dieser Tagesausflug von Florenz in die Cinque Terre erm\u00f6glicht es Ihnen, alle f\u00fcnf D\u00f6rfer mit einem Reiseleiter zu erkunden und kombiniert malerische Zugfahrten, optionale Wanderungen und eine saisonale Bootsfahrt entlang der atemberaubenden ligurischen K\u00fcste. Handverlesenes Ticket&nbsp; Jetzt reservieren &amp; [&hellip;]<\/p>\n","protected":false},"author":6,"featured_media":17519,"parent":0,"menu_order":0,"comment_status":"closed","ping_status":"closed","template":"","meta":{"footnotes":"","tve_updated_post":"","tve_custom_css":"","tve_user_custom_css":"","tve_globals":{},"tcb2_ready":1,"tcb_editor_enabled":1,"tve_landing_page":"bd86f3fc67210fed5b2794ad4a56d3a9","_tve_header":"17144","_tve_footer":"17145"},"categories":[138,132,128],"tags":[147,134,130],"class_list":["post-17518","page","type-page","status-publish","has-post-thumbnail","hentry","category-florenz","category-fuhrung","category-verkaufsseite","tag-florenz","tag-fuhrung","tag-verkaufsseite","post-wrapper","thrv_wrapper"],"_links":{"self":[{"href":"https:\/\/italy-tourist-information.com\/de\/wp-json\/wp\/v2\/pages\/17518","targetHints":{"allow":["GET"]}}],"collection":[{"href":"https:\/\/italy-tourist-information.com\/de\/wp-json\/wp\/v2\/pages"}],"about":[{"href":"https:\/\/italy-tourist-information.com\/de\/wp-json\/wp\/v2\/types\/page"}],"author":[{"embeddable":true,"href":"https:\/\/italy-tourist-information.com\/de\/wp-json\/wp\/v2\/users\/6"}],"replies":[{"embeddable":true,"href":"https:\/\/italy-tourist-information.com\/de\/wp-json\/wp\/v2\/comments?post=17518"}],"version-history":[{"count":6,"href":"https:\/\/italy-tourist-information.com\/de\/wp-json\/wp\/v2\/pages\/17518\/revisions"}],"predecessor-version":[{"id":20282,"href":"https:\/\/italy-tourist-information.com\/de\/wp-json\/wp\/v2\/pages\/17518\/revisions\/20282"}],"wp:featuredmedia":[{"embeddable":true,"href":"https:\/\/italy-tourist-information.com\/de\/wp-json\/wp\/v2\/media\/17519"}],"wp:attachment":[{"href":"https:\/\/italy-tourist-information.com\/de\/wp-json\/wp\/v2\/media?parent=17518"}],"wp:term":[{"taxonomy":"category","embeddable":true,"href":"https:\/\/italy-tourist-information.com\/de\/wp-json\/wp\/v2\/categories?post=17518"},{"taxonomy":"post_tag","embeddable":true,"href":"https:\/\/italy-tourist-information.com\/de\/wp-json\/wp\/v2\/tags?post=17518"}],"curies":[{"name":"wp","href":"https:\/\/api.w.org\/{rel}","templated":true}]}}