{"id":17528,"date":"2025-05-13T10:48:50","date_gmt":"2025-05-13T10:48:50","guid":{"rendered":"https:\/\/italy-tourist-information.com\/bernina-express-lake-como-day-trip"},"modified":"2026-05-06T08:04:51","modified_gmt":"2026-05-06T08:04:51","slug":"tagesausflug-bernina-express-comer-see","status":"publish","type":"page","link":"https:\/\/italy-tourist-information.com\/de\/tagesausflug-bernina-express-comer-see","title":{"rendered":"Tagesausflug ab Mailand: Bernina-Express, Comer See &amp; St. Moritz"},"content":{"rendered":"<p><span><img decoding=\"async\" alt=\"\" data-id=\"9116\" width=\"1185\" height=\"616\" title=\"Ab Mailand \u2013 Comer See-Kreuzfahrt, St. Moritz &amp; Bernina-Roter Zug\" src=\"https:\/\/italy-tourist-information.com\/wp-content\/uploads\/2024\/11\/From-Milan-Lake-Como-Cruise-St.-Moritz-Bernina-Red-Train--1024x532.jpg\" data-src=\"https:\/\/italy-tourist-information.com\/wp-content\/uploads\/2024\/11\/From-Milan-Lake-Como-Cruise-St.-Moritz-Bernina-Red-Train--300x156.jpg\" loading=\"lazy\" data-sizes=\"{&quot;thumbnail&quot;:{&quot;url&quot;:&quot;https:\/\/italy-tourist-information.com\/wp-content\/uploads\/2024\/11\/From-Milan-Lake-Como-Cruise-St.-Moritz-Bernina-Red-Train--150x150.jpg&quot;,&quot;height&quot;:150,&quot;width&quot;:150,&quot;orientation&quot;:&quot;landscape&quot;},&quot;medium&quot;:{&quot;url&quot;:&quot;https:\/\/italy-tourist-information.com\/wp-content\/uploads\/2024\/11\/From-Milan-Lake-Como-Cruise-St.-Moritz-Bernina-Red-Train--300x156.jpg&quot;,&quot;height&quot;:156,&quot;width&quot;:300,&quot;orientation&quot;:&quot;landscape&quot;},&quot;large&quot;:{&quot;url&quot;:&quot;https:\/\/italy-tourist-information.com\/wp-content\/uploads\/2024\/11\/From-Milan-Lake-Como-Cruise-St.-Moritz-Bernina-Red-Train--1024x532.jpg&quot;,&quot;height&quot;:532,&quot;width&quot;:1024,&quot;orientation&quot;:&quot;landscape&quot;},&quot;full&quot;:{&quot;url&quot;:&quot;https:\/\/italy-tourist-information.com\/wp-content\/uploads\/2024\/11\/From-Milan-Lake-Como-Cruise-St.-Moritz-Bernina-Red-Train-.jpg&quot;,&quot;height&quot;:616,&quot;width&quot;:1185,&quot;orientation&quot;:&quot;landscape&quot;}}\"><\/span><span><img decoding=\"async\" alt=\"\" data-id=\"10714\" width=\"960\" height=\"639\" title=\"Von Mailand aus: Comer See-Kreuzfahrt, St. Moritz &amp; Bernina (Roter Zug ota2)\" src=\"https:\/\/italy-tourist-information.com\/wp-content\/uploads\/2025\/05\/From-Milan-Lake-Como-Cruise-St.-Moritz-Bernina-Red-Train-ota2.jpg\" data-src=\"https:\/\/italy-tourist-information.com\/wp-content\/uploads\/2025\/05\/From-Milan-Lake-Como-Cruise-St.-Moritz-Bernina-Red-Train-ota2-300x200.jpg\" loading=\"lazy\" data-sizes=\"{&quot;thumbnail&quot;:{&quot;url&quot;:&quot;https:\/\/italy-tourist-information.com\/wp-content\/uploads\/2025\/05\/From-Milan-Lake-Como-Cruise-St.-Moritz-Bernina-Red-Train-ota2-150x150.jpg&quot;,&quot;height&quot;:150,&quot;width&quot;:150,&quot;orientation&quot;:&quot;landscape&quot;},&quot;medium&quot;:{&quot;url&quot;:&quot;https:\/\/italy-tourist-information.com\/wp-content\/uploads\/2025\/05\/From-Milan-Lake-Como-Cruise-St.-Moritz-Bernina-Red-Train-ota2-300x200.jpg&quot;,&quot;height&quot;:200,&quot;width&quot;:300,&quot;orientation&quot;:&quot;landscape&quot;},&quot;full&quot;:{&quot;url&quot;:&quot;https:\/\/italy-tourist-information.com\/wp-content\/uploads\/2025\/05\/From-Milan-Lake-Como-Cruise-St.-Moritz-Bernina-Red-Train-ota2.jpg&quot;,&quot;height&quot;:639,&quot;width&quot;:960,&quot;orientation&quot;:&quot;landscape&quot;}}\"><\/span><span><img decoding=\"async\" alt=\"\" data-id=\"10713\" width=\"960\" height=\"639\" title=\"Von Mailand auf dem Comer See, St. Moritz &amp; Bernina (Roter Zug ota3)\" src=\"https:\/\/italy-tourist-information.com\/wp-content\/uploads\/2025\/05\/From-Milan-Lake-Como-Cruise-St.-Moritz-Bernina-Red-Train-ota3.jpg\" data-src=\"https:\/\/italy-tourist-information.com\/wp-content\/uploads\/2025\/05\/From-Milan-Lake-Como-Cruise-St.-Moritz-Bernina-Red-Train-ota3-300x200.jpg\" loading=\"lazy\" data-sizes=\"{&quot;thumbnail&quot;:{&quot;url&quot;:&quot;https:\/\/italy-tourist-information.com\/wp-content\/uploads\/2025\/05\/From-Milan-Lake-Como-Cruise-St.-Moritz-Bernina-Red-Train-ota3-150x150.jpg&quot;,&quot;height&quot;:150,&quot;width&quot;:150,&quot;orientation&quot;:&quot;landscape&quot;},&quot;medium&quot;:{&quot;url&quot;:&quot;https:\/\/italy-tourist-information.com\/wp-content\/uploads\/2025\/05\/From-Milan-Lake-Como-Cruise-St.-Moritz-Bernina-Red-Train-ota3-300x200.jpg&quot;,&quot;height&quot;:200,&quot;width&quot;:300,&quot;orientation&quot;:&quot;landscape&quot;},&quot;full&quot;:{&quot;url&quot;:&quot;https:\/\/italy-tourist-information.com\/wp-content\/uploads\/2025\/05\/From-Milan-Lake-Como-Cruise-St.-Moritz-Bernina-Red-Train-ota3.jpg&quot;,&quot;height&quot;:639,&quot;width&quot;:960,&quot;orientation&quot;:&quot;landscape&quot;}}\"><\/span><span><img decoding=\"async\" alt=\"\" data-id=\"10712\" width=\"960\" height=\"639\" title=\"Von Mailand auf dem Comer See, St. Moritz &amp; Bernina (Roter Zug ota4)\" src=\"https:\/\/italy-tourist-information.com\/wp-content\/uploads\/2025\/05\/From-Milan-Lake-Como-Cruise-St.-Moritz-Bernina-Red-Train-ota4.jpg\" data-src=\"https:\/\/italy-tourist-information.com\/wp-content\/uploads\/2025\/05\/From-Milan-Lake-Como-Cruise-St.-Moritz-Bernina-Red-Train-ota4-300x200.jpg\" loading=\"lazy\" data-sizes=\"{&quot;thumbnail&quot;:{&quot;url&quot;:&quot;https:\/\/italy-tourist-information.com\/wp-content\/uploads\/2025\/05\/From-Milan-Lake-Como-Cruise-St.-Moritz-Bernina-Red-Train-ota4-150x150.jpg&quot;,&quot;height&quot;:150,&quot;width&quot;:150,&quot;orientation&quot;:&quot;landscape&quot;},&quot;medium&quot;:{&quot;url&quot;:&quot;https:\/\/italy-tourist-information.com\/wp-content\/uploads\/2025\/05\/From-Milan-Lake-Como-Cruise-St.-Moritz-Bernina-Red-Train-ota4-300x200.jpg&quot;,&quot;height&quot;:200,&quot;width&quot;:300,&quot;orientation&quot;:&quot;landscape&quot;},&quot;full&quot;:{&quot;url&quot;:&quot;https:\/\/italy-tourist-information.com\/wp-content\/uploads\/2025\/05\/From-Milan-Lake-Como-Cruise-St.-Moritz-Bernina-Red-Train-ota4.jpg&quot;,&quot;height&quot;:639,&quot;width&quot;:960,&quot;orientation&quot;:&quot;landscape&quot;}}\"><\/span><span><img decoding=\"async\" alt=\"\" data-id=\"10711\" width=\"960\" height=\"639\" title=\"Von Mailand auf dem Comer See, St. Moritz &amp; Bernina (Roter Zug ota5)\" src=\"https:\/\/italy-tourist-information.com\/wp-content\/uploads\/2025\/05\/From-Milan-Lake-Como-Cruise-St.-Moritz-Bernina-Red-Train-ota5.jpg\" data-src=\"https:\/\/italy-tourist-information.com\/wp-content\/uploads\/2025\/05\/From-Milan-Lake-Como-Cruise-St.-Moritz-Bernina-Red-Train-ota5-300x200.jpg\" loading=\"lazy\" data-sizes=\"{&quot;thumbnail&quot;:{&quot;url&quot;:&quot;https:\/\/italy-tourist-information.com\/wp-content\/uploads\/2025\/05\/From-Milan-Lake-Como-Cruise-St.-Moritz-Bernina-Red-Train-ota5-150x150.jpg&quot;,&quot;height&quot;:150,&quot;width&quot;:150,&quot;orientation&quot;:&quot;landscape&quot;},&quot;medium&quot;:{&quot;url&quot;:&quot;https:\/\/italy-tourist-information.com\/wp-content\/uploads\/2025\/05\/From-Milan-Lake-Como-Cruise-St.-Moritz-Bernina-Red-Train-ota5-300x200.jpg&quot;,&quot;height&quot;:200,&quot;width&quot;:300,&quot;orientation&quot;:&quot;landscape&quot;},&quot;full&quot;:{&quot;url&quot;:&quot;https:\/\/italy-tourist-information.com\/wp-content\/uploads\/2025\/05\/From-Milan-Lake-Como-Cruise-St.-Moritz-Bernina-Red-Train-ota5.jpg&quot;,&quot;height&quot;:639,&quot;width&quot;:960,&quot;orientation&quot;:&quot;landscape&quot;}}\"><\/span><span><img decoding=\"async\" alt=\"\" data-id=\"10710\" width=\"960\" height=\"639\" title=\"Von Mailand auf dem Comer See, St. Moritz &amp; Bernina (Roter Zug ota6)\" src=\"https:\/\/italy-tourist-information.com\/wp-content\/uploads\/2025\/05\/From-Milan-Lake-Como-Cruise-St.-Moritz-Bernina-Red-Train-ota6.jpg\" data-src=\"https:\/\/italy-tourist-information.com\/wp-content\/uploads\/2025\/05\/From-Milan-Lake-Como-Cruise-St.-Moritz-Bernina-Red-Train-ota6-300x200.jpg\" loading=\"lazy\" data-sizes=\"{&quot;thumbnail&quot;:{&quot;url&quot;:&quot;https:\/\/italy-tourist-information.com\/wp-content\/uploads\/2025\/05\/From-Milan-Lake-Como-Cruise-St.-Moritz-Bernina-Red-Train-ota6-150x150.jpg&quot;,&quot;height&quot;:150,&quot;width&quot;:150,&quot;orientation&quot;:&quot;landscape&quot;},&quot;medium&quot;:{&quot;url&quot;:&quot;https:\/\/italy-tourist-information.com\/wp-content\/uploads\/2025\/05\/From-Milan-Lake-Como-Cruise-St.-Moritz-Bernina-Red-Train-ota6-300x200.jpg&quot;,&quot;height&quot;:200,&quot;width&quot;:300,&quot;orientation&quot;:&quot;landscape&quot;},&quot;full&quot;:{&quot;url&quot;:&quot;https:\/\/italy-tourist-information.com\/wp-content\/uploads\/2025\/05\/From-Milan-Lake-Como-Cruise-St.-Moritz-Bernina-Red-Train-ota6.jpg&quot;,&quot;height&quot;:639,&quot;width&quot;:960,&quot;orientation&quot;:&quot;landscape&quot;}}\"><\/span><\/p>\n<h1 dir=\"ltr\">Von Mailand: Comer See, St. Moritz &amp; Bernina-Express<\/h1>\n<h2><a href=\"https:\/\/www.getyourguide.com\/lake-como-l63\/lake-como-st-moritz-and-bernina-express-t154485\/?partner_id=NO9XIDE&amp;utm_medium=online_publisher&amp;cmp=ITIDeBerninaLakeComoDayTripSP\" target=\"_blank\" rel=\"nofollow noopener\" style=\"outline: none;\" spellcheck=\"false\">Zur Buchung<\/a><\/h2>\n<p style=\"\"><a href=\"https:\/\/www.getyourguide.com\/lake-como-l63\/lake-como-st-moritz-and-bernina-express-t154485\/?partner_id=NO9XIDE&amp;utm_medium=online_publisher&amp;cmp=ITIDeBerninaLakeComoDayTripSP\" target=\"_blank\" rel=\"nofollow noopener\" style=\"outline: none;\">Preis ab<\/a><\/p>\n<h1><a href=\"https:\/\/www.getyourguide.com\/lake-como-l63\/lake-como-st-moritz-and-bernina-express-t154485\/?partner_id=NO9XIDE&amp;utm_medium=online_publisher&amp;cmp=ITIDeBerninaLakeComoDayTripSP\" target=\"_blank\" rel=\"nofollow noopener\" style=\"outline: none;\" spellcheck=\"false\"><strong>175 \u20ac<\/strong><\/a><\/h1>\n<p dir=\"ltr\">Erleben Sie den perfekten Tagesausflug ab Mailand mit einer <strong>malerischen <\/strong><strong>Bootsfahrt auf dem Comer See,<\/strong> einer luxuri\u00f6sen Busfahrt ins <strong>glamour\u00f6se St. Moritz <\/strong><strong>und<\/strong> einer atemberaubenden Reise an Bord des <strong>Bernina Red Train durch die Schweizer Alpen.<\/strong><\/p>\n<ul>\n<li style=\"\"><span>Handverlesenes Ticket&nbsp;<\/span><\/li>\n<li style=\"\"><span>Jetzt reservieren &amp; sp\u00e4ter bezahlen<\/span><\/li>\n<li style=\"\"><span>Dauer: ca. 13 Stunden<\/span><\/li>\n<li style=\"\"><span>Kostenlose Stornierung<\/span><\/li>\n<\/ul>\n<h2>Inbegriffen<\/h2>\n<ul>\n<li style=\"\">                    <span>Transport im bequemen Reisebus<\/span><\/li>\n<li style=\"\">                    <span>Professioneller englisch- oder spanischsprachiger Reiseleiter (je nach gew\u00e4hlter Option)<\/span><\/li>\n<li style=\"\">                    <span>Kopfh\u00f6rer<\/span><\/li>\n<li><span>1-st\u00fcndige private Bootsfahrt auf dem Comer See<\/span><\/li>\n<li><span>Stadtrundgang in St. Moritz<\/span><\/li>\n<li><span>Vorab gebuchte Fahrkarte 2. Klasse f\u00fcr den Bernina Red Train (St. Moritz\u2013Tirano oder umgekehrt)<\/span><\/li>\n<\/ul>\n<h2>Nicht inbegriffen<\/h2>\n<ul>\n<li style=\"\"><span>Hotelabholung und -r\u00fccktransfer<\/span><\/li>\n<li style=\"\"><span>Tipps<\/span><\/li>\n<li style=\"\"><span>Speisen und Getr\u00e4nke<\/span><\/li>\n<\/ul>\n<h2>Wichtige Informationen<\/h2>\n<ul>\n<li style=\"\"><span><strong>F\u00fcr den Grenz\u00fcbertritt in die Schweiz ist ein g\u00fcltiger Reisepass oder EU-Personalausweis erforderlich.<\/strong><\/span><\/li>\n<li style=\"\"><span>Die Zugstrecke kann je nach Bedingungen variieren, um ein optimales Reiseerlebnis zu gew\u00e4hrleisten.<\/span><\/li>\n<li style=\"\"><span>Kleinkinder reisen kostenlos, m\u00fcssen aber auf dem Scho\u00df eines Elternteils sitzen (es wird kein Sitzplatz bereitgestellt).<\/span><\/li>\n<li><span>Ein Zugwaggon 2. Klasse (ohne Panoramafenster) erm\u00f6glicht das Fotografieren durch das Fenster.<\/span><\/li>\n<li><span>Nicht rollstuhlgerecht<\/span><\/li>\n<li><span>F\u00fcr verlorene oder nicht zur\u00fcckgegebene Funkger\u00e4te wird eine Strafe von 50 \u20ac erhoben.<\/span><\/li>\n<li><span>Haustiere (ausgenommen Blindenhunde) sind nicht erlaubt.<br \/><\/span><\/li>\n<\/ul>\n<h2>Beschreibung:<\/h2>\n<p dir=\"ltr\">Entdecken Sie den Zauber <strong>Norditaliens und der Schweiz<\/strong> an einem unvergesslichen Tag. Beginnen Sie mit einer entspannten <strong>Bootsfahrt auf dem Comer See<\/strong>, vorbei an charmanten D\u00f6rfern und historischen Villen.<\/p>\n<p dir=\"ltr\"><strong>Reisen Sie mit dem Bus<\/strong> \u00fcber den atemberaubenden Maloja-Pass zum Luxusresort <strong>St. Moritz,<\/strong> wo Sie eine gef\u00fchrte Wanderung und Zeit zur Erkundung genie\u00dfen k\u00f6nnen.<\/p>\n<p dir=\"ltr\">Steigen Sie anschlie\u00dfend in den legend\u00e4ren <strong>roten Bernina-Zug<\/strong> und erleben Sie eine atemberaubende Fahrt durch die Alpen, die Sie bis auf 2.256 Meter H\u00f6he f\u00fchrt und Ihnen fantastische Ausblicke auf den Gletscher bietet. Kehren Sie mit unvergesslichen Erinnerungen an einen traumhaften Alpenurlaub <strong>nach Mailand zur\u00fcck.<\/strong><\/p>\n<h2>Highlights:<\/h2>\n<p ltr\"\"=\"\">\n<ul>\n<li dir=\"ltr\"><strong>Erkunden Sie den Comer See<\/strong> mit einem privaten Boot im Morgenlicht<\/li>\n<li dir=\"ltr\">Besuchen Sie den eleganten <strong>Alpenort St. Moritz.<\/strong><\/li>\n<li dir=\"ltr\"><strong>Reisen Sie mit dem Bernina Express,<\/strong> einer der h\u00f6chstgelegenen Alpenbahnen der Welt.<\/li>\n<li dir=\"ltr\">Bewundern Sie den Panoramablick <strong>auf Gletscher, Viadukte und Alpend\u00f6rfer.<\/strong><\/li>\n<li dir=\"ltr\">Erkunden Sie zwei L\u00e4nder und atemberaubende Landschaften <strong>an nur einem Tag<\/strong><\/li>\n<li dir=\"ltr\">Genie\u00dfen Sie die Flexibilit\u00e4t einer <strong>kleinen, gef\u00fchrten Gruppe<\/strong> mit pers\u00f6nlichen Audioger\u00e4ten.<\/li>\n<li dir=\"ltr\"><strong>Stressfreier Hin- und R\u00fccktransport<\/strong> ab Mailand inklusive<\/li>\n<\/ul>\n<h2>Stornierungsbedingungen<\/h2>\n<p dir=\"ltr\">Kostenlose Stornierung bis zu 24 Stunden im Voraus mit voller R\u00fcckerstattung.<\/p>\n<h2>Treffpunkt &amp; Anweisungen<\/h2>\n<p dir=\"ltr\">Treffpunkt ist die BusForFun-Haltestelle an der Piazza 4 Novembre (Fermata Milano Centrale) neben dem Hotel Gallia. Bitte warten Sie 15 Minuten vor der Abfahrt. Bringen Sie einen g\u00fcltigen Reisepass, warme Kleidung und Regenschutz mit.<\/p>\n<p dir=\"ltr\"><a href=\"https:\/\/www.google.com\/maps?q=@45.4863166809082,9.202120780944824\" target=\"_blank\" rel=\"nofollow noopener\" style=\"outline: none;\">In Google Maps \u00f6ffnen<\/a><\/p>\n<h2>Bewertungen<\/h2>\n<p><strong>4,6\/5&nbsp; <\/strong><strong>(5806 Bewertungen)<\/strong><\/p>\n<p dir=\"ltr\"><em>\u201e<\/em>Der Busfahrer hat die Reise sehr angenehm gestaltet. Er man\u00f6vrierte m\u00fchelos durch enge Gassen. Wir konnten uns ganz auf die Erl\u00e4uterungen des Reiseleiters zu den Sehensw\u00fcrdigkeiten konzentrieren.\u201c \u2013 Sebastian, Mai 2025&nbsp;<a href=\"https:\/\/www.getyourguide.com\/lake-como-l63\/lake-como-st-moritz-and-bernina-express-t154485\/?partner_id=NO9XIDE&amp;utm_medium=online_publisher&amp;cmp=ITIDeBerninaLakeComoDayTripSP\" target=\"_blank\" rel=\"nofollow noopener\" data-lt-tmp-id=\"lt-411527\" spellcheck=\"false\" style=\"outline: none;\">&gt;&gt; Weitere Bewertungen ansehen \u2026<\/a><\/p>\n<h2>Weitere Aktivit\u00e4ten, die Ihnen gefallen k\u00f6nnten<\/h2>\n<p><span># <\/span><strong><span>2<\/span><\/strong><span># <\/span><strong><span>2<\/span><\/strong><span><img decoding=\"async\" alt=\"\" data-id=\"10683\" width=\"159\" data-init-width=\"2335\" height=\"106\" data-init-height=\"1556\" title=\"Tagesausflug zum Comer See, nach Bellagio und Lugano in der Schweiz ab Mailand\" loading=\"lazy\" src=\"https:\/\/italy-tourist-information.com\/wp-content\/uploads\/2025\/05\/Lake-Como-Bellagio-and-Lugano-Switzerland-Day-Trip-from-Milan-ota.avif\" data-width=\"159\" data-height=\"106\" style=\"aspect-ratio: auto 2335 \/ 1556;\"><\/span><\/p>\n<table>\n<tbody>\n<tr>\n<td><a href=\"https:\/\/www.tiqets.com\/de\/milan-attractions-c71749\/tickets-for-lake-como-bellagio-and-lugano-switzerland-day-trip-from-milan-p1034810\/?partner=italytouristinformation&amp;tq_campaign=ITIDeBerninaLakeComoDayTripSP2\" target=\"_blank\" rel=\"nofollow noopener\" style=\"outline: none;\" data-lt-tmp-id=\"lt-564321\" spellcheck=\"false\">Tagesausflug von Mailand zum Comer See, nach Bellagio und Lugano in der Schweiz<\/a><\/td>\n<\/tr>\n<\/tbody>\n<\/table>\n<p>Entdecken Sie das <strong>Beste von Italien und der Schweiz<\/strong> auf einem Ganztagesausflug nach Mailand, der eine malerische <strong>2-st\u00fcndige Bootsfahrt auf dem Comer See<\/strong>, freie Zeit zur Erkundung des charmanten Dorfes&nbsp;<strong>Bellagio<\/strong> und einen Besuch der eleganten Schweizer Stadt <strong>Lugano<\/strong> am Seeufer beinhaltet.<\/p>\n<h3 style=\"\">Gesamtpreis<\/h3>\n<h3 style=\"\">Ihr Konto wird noch nicht belastet<\/h3>\n<p><span># <\/span><strong><span>2<\/span><\/strong><span><img decoding=\"async\" alt=\"\" data-id=\"10707\" width=\"159\" data-init-width=\"926\" height=\"110\" data-init-height=\"640\" title=\"Von Mailand \u2013 Bernina-Zug und Tagesausflug nach St. Moritz\" loading=\"lazy\" src=\"https:\/\/italy-tourist-information.com\/wp-content\/uploads\/2025\/05\/From-Milan-Bernina-Train-and-St.-Moritz-Day-Trip-ota.jpg\" data-width=\"159\" data-height=\"110\" style=\"aspect-ratio: auto 926 \/ 640;\"><\/span><\/p>\n<table>\n<tbody>\n<tr>\n<td><a href=\"https:\/\/www.getyourguide.com\/st-moritz-l1551\/from-milan-bernina-express-train-st-moritz-full-day-tour-t146019\/?partner_id=NO9XIDE&amp;utm_medium=online_publisher&amp;cmp=ITIDeBerninaLakeComoDayTripSP3\" target=\"_blank\" rel=\"nofollow noopener\" style=\"outline: none;\" data-lt-tmp-id=\"lt-189040\" spellcheck=\"false\">Von Mailand aus: Bernina-Zug und Tagesausflug nach St. Moritz<\/a><\/td>\n<\/tr>\n<\/tbody>\n<\/table>\n<p dir=\"ltr\">Erleben Sie ein ganzt\u00e4giges Abenteuer ab Mailand, das eine malerische Busfahrt in den eleganten <strong>Schweizer Ferienort St. Moritz,<\/strong> freie Zeit zur Erkundung seines alpinen Charmes und eine atemberaubende Fahrt mit dem <strong>Bernina Express<\/strong> durch spektakul\u00e4re Berglandschaften kombiniert.<\/p>\n<h3 style=\"\">Gesamtpreis<\/h3>\n<h3 style=\"\">Ihr Konto wird noch nicht belastet<\/h3>\n<p><\/p>\n<h2><a href=\"https:\/\/www.getyourguide.com\/lake-como-l63\/lake-como-st-moritz-and-bernina-express-t154485\/?partner_id=NO9XIDE&amp;utm_medium=online_publisher&amp;cmp=ITIDeBerninaLakeComoDayTripSP\" target=\"_blank\" rel=\"nofollow noopener\" style=\"outline: none;\" spellcheck=\"false\">Zur Buchung<\/a><\/h2>\n<p style=\"\"><a href=\"https:\/\/www.getyourguide.com\/lake-como-l63\/lake-como-st-moritz-and-bernina-express-t154485\/?partner_id=NO9XIDE&amp;utm_medium=online_publisher&amp;cmp=ITIDeBerninaLakeComoDayTripSP\" target=\"_blank\" rel=\"nofollow noopener\" style=\"outline: none;\" spellcheck=\"false\">Preis ab<\/a><\/p>\n<h1><a href=\"https:\/\/www.getyourguide.com\/lake-como-l63\/lake-como-st-moritz-and-bernina-express-t154485\/?partner_id=NO9XIDE&amp;utm_medium=online_publisher&amp;cmp=ITIDeBerninaLakeComoDayTripSP\" target=\"_blank\" rel=\"nofollow noopener\" style=\"outline: none;\" spellcheck=\"false\"><strong>175 \u20ac<\/strong><\/a><\/h1>\n<p style=\"\">Ihr Konto wird noch nicht belastet<\/p>\n","protected":false},"excerpt":{"rendered":"<p>Von Mailand: Comer See, St. Moritz &amp; Bernina-Express Zur Buchung Preis ab 175 \u20ac Erleben Sie den perfekten Tagesausflug ab Mailand mit einer malerischen Bootsfahrt auf dem Comer See, einer luxuri\u00f6sen Busfahrt ins glamour\u00f6se St. Moritz und einer atemberaubenden Reise an Bord des Bernina Red Train durch die Schweizer Alpen. Handverlesenes Ticket&nbsp; Jetzt reservieren &amp; [&hellip;]<\/p>\n","protected":false},"author":6,"featured_media":17273,"parent":0,"menu_order":0,"comment_status":"closed","ping_status":"closed","template":"","meta":{"footnotes":"","tve_updated_post":"","tve_custom_css":"","tve_user_custom_css":"","tve_globals":{},"tcb2_ready":1,"tcb_editor_enabled":1,"tve_landing_page":"bd86f3fc67210fed5b2794ad4a56d3a9","_tve_header":"17144","_tve_footer":"17145"},"categories":[132,133,128],"tags":[134,135,130],"class_list":["post-17528","page","type-page","status-publish","has-post-thumbnail","hentry","category-fuhrung","category-mailand","category-verkaufsseite","tag-fuhrung","tag-milan","tag-verkaufsseite","post-wrapper","thrv_wrapper"],"_links":{"self":[{"href":"https:\/\/italy-tourist-information.com\/de\/wp-json\/wp\/v2\/pages\/17528","targetHints":{"allow":["GET"]}}],"collection":[{"href":"https:\/\/italy-tourist-information.com\/de\/wp-json\/wp\/v2\/pages"}],"about":[{"href":"https:\/\/italy-tourist-information.com\/de\/wp-json\/wp\/v2\/types\/page"}],"author":[{"embeddable":true,"href":"https:\/\/italy-tourist-information.com\/de\/wp-json\/wp\/v2\/users\/6"}],"replies":[{"embeddable":true,"href":"https:\/\/italy-tourist-information.com\/de\/wp-json\/wp\/v2\/comments?post=17528"}],"version-history":[{"count":8,"href":"https:\/\/italy-tourist-information.com\/de\/wp-json\/wp\/v2\/pages\/17528\/revisions"}],"predecessor-version":[{"id":20298,"href":"https:\/\/italy-tourist-information.com\/de\/wp-json\/wp\/v2\/pages\/17528\/revisions\/20298"}],"wp:featuredmedia":[{"embeddable":true,"href":"https:\/\/italy-tourist-information.com\/de\/wp-json\/wp\/v2\/media\/17273"}],"wp:attachment":[{"href":"https:\/\/italy-tourist-information.com\/de\/wp-json\/wp\/v2\/media?parent=17528"}],"wp:term":[{"taxonomy":"category","embeddable":true,"href":"https:\/\/italy-tourist-information.com\/de\/wp-json\/wp\/v2\/categories?post=17528"},{"taxonomy":"post_tag","embeddable":true,"href":"https:\/\/italy-tourist-information.com\/de\/wp-json\/wp\/v2\/tags?post=17528"}],"curies":[{"name":"wp","href":"https:\/\/api.w.org\/{rel}","templated":true}]}}