{"id":17536,"date":"2025-05-13T08:19:15","date_gmt":"2025-05-13T08:19:15","guid":{"rendered":"https:\/\/italy-tourist-information.com\/lake-como-and-bellagio-day-trip-from-milan"},"modified":"2026-05-06T07:58:52","modified_gmt":"2026-05-06T07:58:52","slug":"tagesausflug-von-mailand-zum-comer-see","status":"publish","type":"page","link":"https:\/\/italy-tourist-information.com\/de\/tagesausflug-von-mailand-zum-comer-see","title":{"rendered":"Tagesausflug von Mailand zum Comer See und Bellagio \u2013 Tour mit Bus und privatem Boot\u00a0"},"content":{"rendered":"<p><span><img decoding=\"async\" alt=\"\" data-id=\"10679\" width=\"960\" height=\"639\" title=\"Von Mailand nach Comer See &amp; Bellagio mit Bus &amp; privater Bootstour\" src=\"https:\/\/italy-tourist-information.com\/wp-content\/uploads\/2025\/05\/From-Milan-Lake-Como-Bellagio-by-Bus-Private-Boat-Tour-ota.jpg\" data-src=\"https:\/\/italy-tourist-information.com\/wp-content\/uploads\/2025\/05\/From-Milan-Lake-Como-Bellagio-by-Bus-Private-Boat-Tour-ota-300x200.jpg\" loading=\"lazy\" data-sizes=\"{&quot;thumbnail&quot;:{&quot;url&quot;:&quot;https:\/\/italy-tourist-information.com\/wp-content\/uploads\/2025\/05\/From-Milan-Lake-Como-Bellagio-by-Bus-Private-Boat-Tour-ota-150x150.jpg&quot;,&quot;height&quot;:150,&quot;width&quot;:150,&quot;orientation&quot;:&quot;landscape&quot;},&quot;medium&quot;:{&quot;url&quot;:&quot;https:\/\/italy-tourist-information.com\/wp-content\/uploads\/2025\/05\/From-Milan-Lake-Como-Bellagio-by-Bus-Private-Boat-Tour-ota-300x200.jpg&quot;,&quot;height&quot;:200,&quot;width&quot;:300,&quot;orientation&quot;:&quot;landscape&quot;},&quot;full&quot;:{&quot;url&quot;:&quot;https:\/\/italy-tourist-information.com\/wp-content\/uploads\/2025\/05\/From-Milan-Lake-Como-Bellagio-by-Bus-Private-Boat-Tour-ota.jpg&quot;,&quot;height&quot;:639,&quot;width&quot;:960,&quot;orientation&quot;:&quot;landscape&quot;}}\"><\/span><span><img decoding=\"async\" alt=\"\" data-id=\"10678\" width=\"960\" height=\"538\" title=\"Von Mailand nach Comer See &amp; Bellagio mit Bus &amp; privater Bootstour ota2\" src=\"https:\/\/italy-tourist-information.com\/wp-content\/uploads\/2025\/05\/From-Milan-Lake-Como-Bellagio-by-Bus-Private-Boat-Tour-ota2.jpg\" data-src=\"https:\/\/italy-tourist-information.com\/wp-content\/uploads\/2025\/05\/From-Milan-Lake-Como-Bellagio-by-Bus-Private-Boat-Tour-ota2-300x168.jpg\" loading=\"lazy\" data-sizes=\"{&quot;thumbnail&quot;:{&quot;url&quot;:&quot;https:\/\/italy-tourist-information.com\/wp-content\/uploads\/2025\/05\/From-Milan-Lake-Como-Bellagio-by-Bus-Private-Boat-Tour-ota2-150x150.jpg&quot;,&quot;height&quot;:150,&quot;width&quot;:150,&quot;orientation&quot;:&quot;landscape&quot;},&quot;medium&quot;:{&quot;url&quot;:&quot;https:\/\/italy-tourist-information.com\/wp-content\/uploads\/2025\/05\/From-Milan-Lake-Como-Bellagio-by-Bus-Private-Boat-Tour-ota2-300x168.jpg&quot;,&quot;height&quot;:168,&quot;width&quot;:300,&quot;orientation&quot;:&quot;landscape&quot;},&quot;full&quot;:{&quot;url&quot;:&quot;https:\/\/italy-tourist-information.com\/wp-content\/uploads\/2025\/05\/From-Milan-Lake-Como-Bellagio-by-Bus-Private-Boat-Tour-ota2.jpg&quot;,&quot;height&quot;:538,&quot;width&quot;:960,&quot;orientation&quot;:&quot;landscape&quot;}}\"><\/span><span><img decoding=\"async\" alt=\"\" data-id=\"10677\" width=\"960\" height=\"639\" title=\"Von Mailand nach Comer See &amp; Bellagio mit Bus &amp; privater Bootstour ota3\" src=\"https:\/\/italy-tourist-information.com\/wp-content\/uploads\/2025\/05\/From-Milan-Lake-Como-Bellagio-by-Bus-Private-Boat-Tour-ota3.jpg\" data-src=\"https:\/\/italy-tourist-information.com\/wp-content\/uploads\/2025\/05\/From-Milan-Lake-Como-Bellagio-by-Bus-Private-Boat-Tour-ota3-300x200.jpg\" loading=\"lazy\" data-sizes=\"{&quot;thumbnail&quot;:{&quot;url&quot;:&quot;https:\/\/italy-tourist-information.com\/wp-content\/uploads\/2025\/05\/From-Milan-Lake-Como-Bellagio-by-Bus-Private-Boat-Tour-ota3-150x150.jpg&quot;,&quot;height&quot;:150,&quot;width&quot;:150,&quot;orientation&quot;:&quot;landscape&quot;},&quot;medium&quot;:{&quot;url&quot;:&quot;https:\/\/italy-tourist-information.com\/wp-content\/uploads\/2025\/05\/From-Milan-Lake-Como-Bellagio-by-Bus-Private-Boat-Tour-ota3-300x200.jpg&quot;,&quot;height&quot;:200,&quot;width&quot;:300,&quot;orientation&quot;:&quot;landscape&quot;},&quot;full&quot;:{&quot;url&quot;:&quot;https:\/\/italy-tourist-information.com\/wp-content\/uploads\/2025\/05\/From-Milan-Lake-Como-Bellagio-by-Bus-Private-Boat-Tour-ota3.jpg&quot;,&quot;height&quot;:639,&quot;width&quot;:960,&quot;orientation&quot;:&quot;landscape&quot;}}\"><\/span><span><img decoding=\"async\" alt=\"\" data-id=\"10676\" width=\"960\" height=\"639\" title=\"Von Mailand nach Comer See &amp; Bellagio mit Bus &amp; privater Bootstour ota4\" src=\"https:\/\/italy-tourist-information.com\/wp-content\/uploads\/2025\/05\/From-Milan-Lake-Como-Bellagio-by-Bus-Private-Boat-Tour-ota4.jpg\" data-src=\"https:\/\/italy-tourist-information.com\/wp-content\/uploads\/2025\/05\/From-Milan-Lake-Como-Bellagio-by-Bus-Private-Boat-Tour-ota4-300x200.jpg\" loading=\"lazy\" data-sizes=\"{&quot;thumbnail&quot;:{&quot;url&quot;:&quot;https:\/\/italy-tourist-information.com\/wp-content\/uploads\/2025\/05\/From-Milan-Lake-Como-Bellagio-by-Bus-Private-Boat-Tour-ota4-150x150.jpg&quot;,&quot;height&quot;:150,&quot;width&quot;:150,&quot;orientation&quot;:&quot;landscape&quot;},&quot;medium&quot;:{&quot;url&quot;:&quot;https:\/\/italy-tourist-information.com\/wp-content\/uploads\/2025\/05\/From-Milan-Lake-Como-Bellagio-by-Bus-Private-Boat-Tour-ota4-300x200.jpg&quot;,&quot;height&quot;:200,&quot;width&quot;:300,&quot;orientation&quot;:&quot;landscape&quot;},&quot;full&quot;:{&quot;url&quot;:&quot;https:\/\/italy-tourist-information.com\/wp-content\/uploads\/2025\/05\/From-Milan-Lake-Como-Bellagio-by-Bus-Private-Boat-Tour-ota4.jpg&quot;,&quot;height&quot;:639,&quot;width&quot;:960,&quot;orientation&quot;:&quot;landscape&quot;}}\"><\/span><span><img decoding=\"async\" alt=\"\" data-id=\"10675\" width=\"960\" height=\"639\" title=\"Von Mailand nach Comer See &amp; Bellagio mit Bus &amp; privater Bootstour ota5\" src=\"https:\/\/italy-tourist-information.com\/wp-content\/uploads\/2025\/05\/From-Milan-Lake-Como-Bellagio-by-Bus-Private-Boat-Tour-ota5.jpg\" data-src=\"https:\/\/italy-tourist-information.com\/wp-content\/uploads\/2025\/05\/From-Milan-Lake-Como-Bellagio-by-Bus-Private-Boat-Tour-ota5-300x200.jpg\" loading=\"lazy\" data-sizes=\"{&quot;thumbnail&quot;:{&quot;url&quot;:&quot;https:\/\/italy-tourist-information.com\/wp-content\/uploads\/2025\/05\/From-Milan-Lake-Como-Bellagio-by-Bus-Private-Boat-Tour-ota5-150x150.jpg&quot;,&quot;height&quot;:150,&quot;width&quot;:150,&quot;orientation&quot;:&quot;landscape&quot;},&quot;medium&quot;:{&quot;url&quot;:&quot;https:\/\/italy-tourist-information.com\/wp-content\/uploads\/2025\/05\/From-Milan-Lake-Como-Bellagio-by-Bus-Private-Boat-Tour-ota5-300x200.jpg&quot;,&quot;height&quot;:200,&quot;width&quot;:300,&quot;orientation&quot;:&quot;landscape&quot;},&quot;full&quot;:{&quot;url&quot;:&quot;https:\/\/italy-tourist-information.com\/wp-content\/uploads\/2025\/05\/From-Milan-Lake-Como-Bellagio-by-Bus-Private-Boat-Tour-ota5.jpg&quot;,&quot;height&quot;:639,&quot;width&quot;:960,&quot;orientation&quot;:&quot;landscape&quot;}}\"><\/span><\/p>\n<h1 dir=\"ltr\">Mailand: Comer See, Bellagio, Lugano IG-Fototour mit Bootsfahrt<\/h1>\n<h2><a href=\"https:\/\/www.getyourguide.com\/lake-como-l63\/lake-como-bellagio-and-varenna-from-milan-t146676\/?partner_id=NO9XIDE&amp;utm_medium=online_publisher&amp;cmp=ITILakeComofromMilanDayTripSP\" target=\"_blank\" rel=\"nofollow noopener\" style=\"outline: none;\" data-lt-tmp-id=\"lt-504874\" spellcheck=\"false\">Zur Buchung<\/a><\/h2>\n<p style=\"\"><a href=\"https:\/\/www.getyourguide.com\/lake-como-l63\/lake-como-bellagio-and-varenna-from-milan-t146676\/?partner_id=NO9XIDE&amp;utm_medium=online_publisher&amp;cmp=ITIDeLakeComofromMilanDayTripSP\" target=\"_blank\" rel=\"nofollow noopener\" style=\"outline: none;\">Preis ab<\/a><\/p>\n<h1><a href=\"https:\/\/www.getyourguide.com\/lake-como-l63\/lake-como-bellagio-and-varenna-from-milan-t146676\/?partner_id=NO9XIDE&amp;utm_medium=online_publisher&amp;cmp=ITIDeLakeComofromMilanDayTripSP\" target=\"_blank\" rel=\"nofollow noopener\" style=\"outline: none;\" spellcheck=\"false\"><strong>89 \u20ac<\/strong><\/a><\/h1>\n<p dir=\"ltr\">Erleben Sie die Eleganz des <strong>Comer Sees und von Bellagio auf einer malerischen Ganztagestour<\/strong> ab Mailand. Reisen Sie in einem luxuri\u00f6sen Reisebus, erkunden Sie charmante St\u00e4dtchen und genie\u00dfen Sie eine <strong>malerische Bootsfahrt<\/strong> auf dem See.<\/p>\n<ul>\n<li style=\"\"><span>Handverlesenes Ticket&nbsp;<\/span><\/li>\n<li style=\"\"><span>Jetzt reservieren &amp; sp\u00e4ter bezahlen<\/span><\/li>\n<li style=\"\"><span>Dauer: 10 &#8211; 11 Stunden<\/span><\/li>\n<li style=\"\"><span>Kostenlose Stornierung<\/span><\/li>\n<\/ul>\n<h2>Inbegriffen<\/h2>\n<ul>\n<li style=\"\">                    <span>Hin- und R\u00fccktransport in einem klimatisierten Bus<\/span><\/li>\n<li style=\"\">                    <span>Fachkundiger zweisprachiger Reiseleiter (Englisch und Spanisch)<\/span><\/li>\n<li style=\"\">                    <span>Kopfh\u00f6rer f\u00fcr klare Audiokommentare<\/span><\/li>\n<li><span>F\u00fchrung durch das historische Zentrum von Como, Bellagio und Lugano<\/span><\/li>\n<li><span>1-st\u00fcndige Bootsfahrt mit einem lokalen Boot<\/span><\/li>\n<\/ul>\n<h2>Nicht inbegriffen<\/h2>\n<ul>\n<li style=\"\"><span>Hotelabholung und -r\u00fccktransfer<\/span><\/li>\n<li style=\"\"><span>Tipps<\/span><\/li>\n<li style=\"\"><span>Speisen und Getr\u00e4nke<\/span><\/li>\n<\/ul>\n<h2>Wichtige Informationen<\/h2>\n<ul>\n<li style=\"\"><span><strong>Bringen Sie einen g\u00fcltigen Reisepass oder EU-Personalausweis mit.<\/strong><\/span><\/li>\n<li style=\"\"><span>Die Tour kann sowohl auf Englisch als auch auf Spanisch angeboten werden.<\/span><\/li>\n<li style=\"\"><span>Bequeme Schuhe zum Wandern werden empfohlen.<\/span><\/li>\n<li><span>Kleinkinder m\u00fcssen auf dem Scho\u00df eines Elternteils sitzen (kein separater Sitz).<\/span><\/li>\n<li><span>Nicht rollstuhlgerecht<\/span><\/li>\n<li><span>F\u00fcr verlorene Audioguides wird eine Ersatzgeb\u00fchr von 50 \u20ac erhoben.<\/span><\/li>\n<li><span>Haustiere (ausgenommen Blindenhunde) sind nicht erlaubt.<\/span><\/li>\n<li><span>Die Transferzeiten sind ungef\u00e4hre Angaben und k\u00f6nnen je nach Verkehrslage und Tageszeit variieren.<\/span><\/li>\n<\/ul>\n<h2>Beschreibung:<\/h2>\n<p data-end=\"626\" data-start=\"152\">Dieser <strong>Tagesausflug von Mailand zum Comer See und nach Bellagio&nbsp;<\/strong>bietet die perfekte Mischung aus Natursch\u00f6nheit, kulturellen Entdeckungen und Entspannung. Beginnen Sie mit einem gef\u00fchrten Spaziergang durch die&nbsp;<strong>historische Altstadt von Como<\/strong> und die eleganten <strong>G\u00e4rten der Villa Olmo.<\/strong><\/p>\n<p data-end=\"626\" data-start=\"152\">Anschlie\u00dfend gehen Sie an Bord eines<strong>&nbsp;Bootes und gleiten<\/strong> \u00fcber das ruhige Wasser des Sees, umgeben von Villen und Alpenpanorama. Ihre Reise endete in <strong>Bellagio<\/strong>, wo Sie Zeit hatten, dieses charmante Dorf zu erkunden, bevor&nbsp;<strong>es mit dem Bus zur\u00fcck nach Mailand geht.<\/strong><\/p>\n<h2>Highlights:<\/h2>\n<ul>\n<li><strong data-end=\"183\" data-start=\"153\">Entdecken Sie die unvergleichliche Sch\u00f6nheit<\/strong> des Comer Sees bei einem Tagesausflug von Mailand aus.<\/li>\n<li data-end=\"328\" data-start=\"231\">Gleiten Sie auf einer exklusiven, einst\u00fcndigen Bootstour&nbsp;<strong data-end=\"258\" data-start=\"233\">\u00fcber den See und genie\u00dfen Sie atemberaubende Ausblicke auf die Alpen.<\/strong><\/li>\n<li data-end=\"436\" data-start=\"329\">Schlendern Sie auf einem gef\u00fchrten Spaziergang <strong data-end=\"374\" data-start=\"331\">durch die charmante Altstadt von Como und tauchen Sie ein in die Geschichte und den Flair des Sees.<\/strong><\/li>\n<li data-end=\"529\" data-start=\"437\"><strong data-end=\"473\" data-start=\"439\">Schlendern Sie durch die malerischen G\u00e4rten<\/strong> der Villa Olmo, einem neoklassizistischen Juwel direkt am Wasser.<\/li>\n<li data-end=\"650\" data-start=\"530\"><strong data-end=\"568\" data-start=\"532\">Erleben Sie den Zauber von Bellagio<\/strong> und erkunden Sie in Ihrer Freizeit die eleganten Stra\u00dfen und die Seepanoramen.<\/li>\n<\/ul>\n<h2>Stornierungsbedingungen<\/h2>\n<p dir=\"ltr\">Kostenlose Stornierung bis zu 24 Stunden im Voraus mit voller R\u00fcckerstattung.<\/p>\n<h2>Treffpunkt &amp; Anweisungen<\/h2>\n<p dir=\"ltr\">&nbsp;Der Treffpunkt h\u00e4ngt von der gew\u00e4hlten Option ab:<\/p>\n<ul>\n<li dir=\"ltr\">Via Marina, 2, 20121 Mailand<\/li>\n<li dir=\"ltr\">Mailand Hauptbahnhof \u2013 Piazza IV Novembre<\/li>\n<\/ul>\n<p dir=\"ltr\">Bitte erscheinen Sie 15 Minuten fr\u00fcher und bringen Sie einen g\u00fcltigen Reisepass oder EU-Personalausweis mit. Bequeme Schuhe werden empfohlen.<\/p>\n<h2>Bewertungen<\/h2>\n<p><strong>4,5\/5 &nbsp;<\/strong><strong>(10471 Bewertungen)<\/strong><\/p>\n<p dir=\"ltr\"><em>\u201e<\/em>Ein absolut fantastischer Ausflug! Wir sind mit dem Bus gefahren und die ganze Erfahrung war wundersch\u00f6n \u2013 der Comer See ist atemberaubend und Bellagio bezaubernd und malerisch. Leider kann ich mich nicht mehr an den Namen unseres Reiseleiters erinnern, aber die Tour selbst war fantastisch. Sehr empfehlenswert!&nbsp;<em>\u201c<\/em> \u2013 Chizoba, Mai 2025 <a href=\"https:\/\/www.getyourguide.com\/lake-como-l63\/lake-como-bellagio-and-varenna-from-milan-t146676\/?partner_id=NO9XIDE&amp;utm_medium=online_publisher&amp;cmp=ITIDeLakeComofromMilanDayTripSP\" target=\"_blank\" rel=\"nofollow noopener\" data-lt-tmp-id=\"lt-583137\" spellcheck=\"false\" style=\"outline: none;\">&gt;&gt; Weitere Bewertungen ansehen \u2026<\/a><\/p>\n<h2>Weitere Aktivit\u00e4ten, die Ihnen gefallen k\u00f6nnten<\/h2>\n<p><span># <\/span><strong><span>2<\/span><\/strong><span># <\/span><strong><span>2<\/span><\/strong><span><img decoding=\"async\" alt=\"\" data-id=\"10683\" width=\"159\" data-init-width=\"2335\" height=\"106\" data-init-height=\"1556\" title=\"Tagesausflug zum Comer See, nach Bellagio und Lugano in der Schweiz ab Mailand\" loading=\"lazy\" src=\"https:\/\/italy-tourist-information.com\/wp-content\/uploads\/2025\/05\/Lake-Como-Bellagio-and-Lugano-Switzerland-Day-Trip-from-Milan-ota.avif\" data-width=\"159\" data-height=\"106\" style=\"aspect-ratio: auto 2335 \/ 1556;\"><\/span><\/p>\n<table>\n<tbody>\n<tr>\n<td><a href=\"https:\/\/www.tiqets.com\/de\/milan-attractions-c71749\/tickets-for-lake-como-bellagio-and-lugano-switzerland-day-trip-from-milan-p1034810\/?partner=italytouristinformation&amp;tq_campaign=ITIDeLakeComofrMilanDayTripSP2\" target=\"_blank\" rel=\"nofollow noopener\" style=\"outline: none;\" data-lt-tmp-id=\"lt-573093\" spellcheck=\"false\">Tagesausflug von Mailand zum Comer See, nach Bellagio und Lugano in der Schweiz<\/a><\/td>\n<\/tr>\n<\/tbody>\n<\/table>\n<p>Entdecken Sie das <strong>Beste von Italien und der Schweiz<\/strong> auf einem Ganztagesausflug ab Mailand, der eine malerische <strong>2-st\u00fcndige Bootsfahrt auf dem Comer See<\/strong>, freie Zeit zur Erkundung des charmanten Dorfes&nbsp;<strong>Bellagio&nbsp;<\/strong>und einen Besuch der eleganten Schweizer Stadt&nbsp;<strong>Lugano<\/strong>&nbsp;am Seeufer beinhaltet.<\/p>\n<h3 style=\"\">Gesamtpreis<\/h3>\n<h3 style=\"\">Es werden Ihnen noch keine Kosten berechnet.<\/h3>\n<p><span># <\/span><strong><span>2<\/span><\/strong><span><img decoding=\"async\" alt=\"\" data-id=\"9116\" width=\"159\" data-init-width=\"1185\" height=\"83\" data-init-height=\"616\" title=\"Ab Mailand \u2013 Comer See-Kreuzfahrt, St. Moritz &amp; Bernina-Roter Zug\" loading=\"lazy\" src=\"https:\/\/italy-tourist-information.com\/wp-content\/uploads\/2024\/11\/From-Milan-Lake-Como-Cruise-St.-Moritz-Bernina-Red-Train-.jpg\" data-width=\"159\" data-height=\"83\" style=\"aspect-ratio: auto 1185 \/ 616;\"><\/span><\/p>\n<table>\n<tbody>\n<tr>\n<td><a href=\"https:\/\/www.getyourguide.com\/lake-como-l63\/lake-como-st-moritz-and-bernina-express-t154485\/?partner_id=NO9XIDE&amp;utm_medium=online_publisher&amp;cmp=ITIDeLakeComofromMilanDayTripSP3\" target=\"_blank\" rel=\"nofollow noopener\" style=\"outline: none;\" data-lt-tmp-id=\"lt-174739\" spellcheck=\"false\">Ab Mailand: Kreuzfahrt auf dem Comer See, St. Moritz &amp; Bernina-Roter Zug<\/a><\/td>\n<\/tr>\n<\/tbody>\n<\/table>\n<p dir=\"ltr\">Erleben Sie einen atemberaubenden <strong>13-st\u00fcndigen Tagesausflug ab Mailand, der<\/strong> eine malerische <strong>Schifffahrt auf dem Comer See<\/strong>, einen Stadtrundgang und Freizeit im eleganten Schweizer Badeort&nbsp;<strong>St. Moritz<\/strong> sowie eine unvergessliche Fahrt mit dem zum UNESCO-Weltkulturerbe geh\u00f6renden <strong>Bernina-Zug kombiniert.<\/strong><\/p>\n<h3 style=\"\">Gesamtpreis<\/h3>\n<h3 style=\"\">Es werden Ihnen noch keine Kosten berechnet.<\/h3>\n<p><\/p>\n<h2><a href=\"https:\/\/www.getyourguide.com\/lake-como-l63\/lake-como-bellagio-and-varenna-from-milan-t146676\/?partner_id=NO9XIDE&amp;utm_medium=online_publisher&amp;cmp=ITIDeLakeComofromMilanDayTripSP\" target=\"_blank\" rel=\"nofollow noopener\" style=\"outline: none;\" spellcheck=\"false\">Zur Buchung<\/a><\/h2>\n<p style=\"\"><a href=\"https:\/\/www.getyourguide.com\/lake-como-l63\/lake-como-bellagio-and-varenna-from-milan-t146676\/?partner_id=NO9XIDE&amp;utm_medium=online_publisher&amp;cmp=ITIDeLakeComofromMilanDayTripSP\" target=\"_blank\" rel=\"nofollow noopener\" style=\"outline: none;\" spellcheck=\"false\">Preis ab<\/a><\/p>\n<h1><a href=\"https:\/\/www.getyourguide.com\/lake-como-l63\/lake-como-bellagio-and-varenna-from-milan-t146676\/?partner_id=NO9XIDE&amp;utm_medium=online_publisher&amp;cmp=ITIDeLakeComofromMilanDayTripSP\" target=\"_blank\" rel=\"nofollow noopener\" style=\"outline: none;\" spellcheck=\"false\"><strong>89 \u20ac<\/strong><\/a><\/h1>\n<p style=\"\">Ihr Konto wird noch nicht belastet.<\/p>\n","protected":false},"excerpt":{"rendered":"<p>Mailand: Comer See, Bellagio, Lugano IG-Fototour mit Bootsfahrt Zur Buchung Preis ab 89 \u20ac Erleben Sie die Eleganz des Comer Sees und von Bellagio auf einer malerischen Ganztagestour ab Mailand. Reisen Sie in einem luxuri\u00f6sen Reisebus, erkunden Sie charmante St\u00e4dtchen und genie\u00dfen Sie eine malerische Bootsfahrt auf dem See. Handverlesenes Ticket&nbsp; Jetzt reservieren &amp; sp\u00e4ter [&hellip;]<\/p>\n","protected":false},"author":6,"featured_media":17537,"parent":0,"menu_order":0,"comment_status":"closed","ping_status":"closed","template":"","meta":{"footnotes":"","tve_updated_post":"","tve_custom_css":"","tve_user_custom_css":"","tve_globals":{},"tcb2_ready":1,"tcb_editor_enabled":1,"tve_landing_page":"bd86f3fc67210fed5b2794ad4a56d3a9","_tve_header":"17144","_tve_footer":"17145"},"categories":[132,133,128],"tags":[134,135,130],"class_list":["post-17536","page","type-page","status-publish","has-post-thumbnail","hentry","category-fuhrung","category-mailand","category-verkaufsseite","tag-fuhrung","tag-milan","tag-verkaufsseite","post-wrapper","thrv_wrapper"],"_links":{"self":[{"href":"https:\/\/italy-tourist-information.com\/de\/wp-json\/wp\/v2\/pages\/17536","targetHints":{"allow":["GET"]}}],"collection":[{"href":"https:\/\/italy-tourist-information.com\/de\/wp-json\/wp\/v2\/pages"}],"about":[{"href":"https:\/\/italy-tourist-information.com\/de\/wp-json\/wp\/v2\/types\/page"}],"author":[{"embeddable":true,"href":"https:\/\/italy-tourist-information.com\/de\/wp-json\/wp\/v2\/users\/6"}],"replies":[{"embeddable":true,"href":"https:\/\/italy-tourist-information.com\/de\/wp-json\/wp\/v2\/comments?post=17536"}],"version-history":[{"count":9,"href":"https:\/\/italy-tourist-information.com\/de\/wp-json\/wp\/v2\/pages\/17536\/revisions"}],"predecessor-version":[{"id":20293,"href":"https:\/\/italy-tourist-information.com\/de\/wp-json\/wp\/v2\/pages\/17536\/revisions\/20293"}],"wp:featuredmedia":[{"embeddable":true,"href":"https:\/\/italy-tourist-information.com\/de\/wp-json\/wp\/v2\/media\/17537"}],"wp:attachment":[{"href":"https:\/\/italy-tourist-information.com\/de\/wp-json\/wp\/v2\/media?parent=17536"}],"wp:term":[{"taxonomy":"category","embeddable":true,"href":"https:\/\/italy-tourist-information.com\/de\/wp-json\/wp\/v2\/categories?post=17536"},{"taxonomy":"post_tag","embeddable":true,"href":"https:\/\/italy-tourist-information.com\/de\/wp-json\/wp\/v2\/tags?post=17536"}],"curies":[{"name":"wp","href":"https:\/\/api.w.org\/{rel}","templated":true}]}}