{"id":17544,"date":"2025-05-09T14:03:42","date_gmt":"2025-05-09T14:03:42","guid":{"rendered":"https:\/\/italy-tourist-information.com\/from-naples-pompeii-mount-vesuvius-day-tour"},"modified":"2026-05-05T14:56:35","modified_gmt":"2026-05-05T14:56:35","slug":"tagesausflug-von-neapel-nach-pompeji","status":"publish","type":"page","link":"https:\/\/italy-tourist-information.com\/de\/tagesausflug-von-neapel-nach-pompeji","title":{"rendered":"Tagesausflug von Neapel nach Pompeji und zum Vesuv"},"content":{"rendered":"<p><span><img decoding=\"async\" alt=\"\" data-id=\"10577\" width=\"1185\" height=\"616\" title=\"Ab Neapel - Tagesausflug zu den Ruinen von Pompeji und dem Vesuv\" src=\"https:\/\/italy-tourist-information.com\/wp-content\/uploads\/2025\/05\/From-Naples-Pompeii-Ruins-Mount-Vesuvius-Day-Tour-ota-1-1024x532.jpg\" data-src=\"https:\/\/italy-tourist-information.com\/wp-content\/uploads\/2025\/05\/From-Naples-Pompeii-Ruins-Mount-Vesuvius-Day-Tour-ota-1-300x156.jpg\" loading=\"lazy\" data-sizes=\"{&quot;thumbnail&quot;:{&quot;url&quot;:&quot;https:\/\/italy-tourist-information.com\/wp-content\/uploads\/2025\/05\/From-Naples-Pompeii-Ruins-Mount-Vesuvius-Day-Tour-ota-1-150x150.jpg&quot;,&quot;height&quot;:150,&quot;width&quot;:150,&quot;orientation&quot;:&quot;landscape&quot;},&quot;medium&quot;:{&quot;url&quot;:&quot;https:\/\/italy-tourist-information.com\/wp-content\/uploads\/2025\/05\/From-Naples-Pompeii-Ruins-Mount-Vesuvius-Day-Tour-ota-1-300x156.jpg&quot;,&quot;height&quot;:156,&quot;width&quot;:300,&quot;orientation&quot;:&quot;landscape&quot;},&quot;large&quot;:{&quot;url&quot;:&quot;https:\/\/italy-tourist-information.com\/wp-content\/uploads\/2025\/05\/From-Naples-Pompeii-Ruins-Mount-Vesuvius-Day-Tour-ota-1-1024x532.jpg&quot;,&quot;height&quot;:532,&quot;width&quot;:1024,&quot;orientation&quot;:&quot;landscape&quot;},&quot;full&quot;:{&quot;url&quot;:&quot;https:\/\/italy-tourist-information.com\/wp-content\/uploads\/2025\/05\/From-Naples-Pompeii-Ruins-Mount-Vesuvius-Day-Tour-ota-1.jpg&quot;,&quot;height&quot;:616,&quot;width&quot;:1185,&quot;orientation&quot;:&quot;landscape&quot;}}\"><\/span><span><img decoding=\"async\" alt=\"\" data-id=\"10576\" width=\"960\" height=\"640\" title=\"Ab Neapel \u2013 Tagesausflug zu den Ruinen von Pompeji und dem Vesuv (ota2)\" src=\"https:\/\/italy-tourist-information.com\/wp-content\/uploads\/2025\/05\/From-Naples-Pompeii-Ruins-Mount-Vesuvius-Day-Tour-ota2.jpg\" data-src=\"https:\/\/italy-tourist-information.com\/wp-content\/uploads\/2025\/05\/From-Naples-Pompeii-Ruins-Mount-Vesuvius-Day-Tour-ota2-300x200.jpg\" loading=\"lazy\" data-sizes=\"{&quot;thumbnail&quot;:{&quot;url&quot;:&quot;https:\/\/italy-tourist-information.com\/wp-content\/uploads\/2025\/05\/From-Naples-Pompeii-Ruins-Mount-Vesuvius-Day-Tour-ota2-150x150.jpg&quot;,&quot;height&quot;:150,&quot;width&quot;:150,&quot;orientation&quot;:&quot;landscape&quot;},&quot;medium&quot;:{&quot;url&quot;:&quot;https:\/\/italy-tourist-information.com\/wp-content\/uploads\/2025\/05\/From-Naples-Pompeii-Ruins-Mount-Vesuvius-Day-Tour-ota2-300x200.jpg&quot;,&quot;height&quot;:200,&quot;width&quot;:300,&quot;orientation&quot;:&quot;landscape&quot;},&quot;full&quot;:{&quot;url&quot;:&quot;https:\/\/italy-tourist-information.com\/wp-content\/uploads\/2025\/05\/From-Naples-Pompeii-Ruins-Mount-Vesuvius-Day-Tour-ota2.jpg&quot;,&quot;height&quot;:640,&quot;width&quot;:960,&quot;orientation&quot;:&quot;landscape&quot;}}\"><\/span><span><img decoding=\"async\" alt=\"\" data-id=\"10575\" width=\"960\" height=\"640\" title=\"Ab Neapel \u2013 Tagesausflug zu den Ruinen von Pompeji und dem Vesuv (ota3)\" src=\"https:\/\/italy-tourist-information.com\/wp-content\/uploads\/2025\/05\/From-Naples-Pompeii-Ruins-Mount-Vesuvius-Day-Tour-ota3.jpg\" data-src=\"https:\/\/italy-tourist-information.com\/wp-content\/uploads\/2025\/05\/From-Naples-Pompeii-Ruins-Mount-Vesuvius-Day-Tour-ota3-300x200.jpg\" loading=\"lazy\" data-sizes=\"{&quot;thumbnail&quot;:{&quot;url&quot;:&quot;https:\/\/italy-tourist-information.com\/wp-content\/uploads\/2025\/05\/From-Naples-Pompeii-Ruins-Mount-Vesuvius-Day-Tour-ota3-150x150.jpg&quot;,&quot;height&quot;:150,&quot;width&quot;:150,&quot;orientation&quot;:&quot;landscape&quot;},&quot;medium&quot;:{&quot;url&quot;:&quot;https:\/\/italy-tourist-information.com\/wp-content\/uploads\/2025\/05\/From-Naples-Pompeii-Ruins-Mount-Vesuvius-Day-Tour-ota3-300x200.jpg&quot;,&quot;height&quot;:200,&quot;width&quot;:300,&quot;orientation&quot;:&quot;landscape&quot;},&quot;full&quot;:{&quot;url&quot;:&quot;https:\/\/italy-tourist-information.com\/wp-content\/uploads\/2025\/05\/From-Naples-Pompeii-Ruins-Mount-Vesuvius-Day-Tour-ota3.jpg&quot;,&quot;height&quot;:640,&quot;width&quot;:960,&quot;orientation&quot;:&quot;landscape&quot;}}\"><\/span><span><img decoding=\"async\" alt=\"\" data-id=\"10574\" width=\"960\" height=\"640\" title=\"Ab Neapel \u2013 Tagesausflug zu den Ruinen von Pompeji und dem Vesuv (ota4)\" src=\"https:\/\/italy-tourist-information.com\/wp-content\/uploads\/2025\/05\/From-Naples-Pompeii-Ruins-Mount-Vesuvius-Day-Tour-ota4.jpg\" data-src=\"https:\/\/italy-tourist-information.com\/wp-content\/uploads\/2025\/05\/From-Naples-Pompeii-Ruins-Mount-Vesuvius-Day-Tour-ota4-300x200.jpg\" loading=\"lazy\" data-sizes=\"{&quot;thumbnail&quot;:{&quot;url&quot;:&quot;https:\/\/italy-tourist-information.com\/wp-content\/uploads\/2025\/05\/From-Naples-Pompeii-Ruins-Mount-Vesuvius-Day-Tour-ota4-150x150.jpg&quot;,&quot;height&quot;:150,&quot;width&quot;:150,&quot;orientation&quot;:&quot;landscape&quot;},&quot;medium&quot;:{&quot;url&quot;:&quot;https:\/\/italy-tourist-information.com\/wp-content\/uploads\/2025\/05\/From-Naples-Pompeii-Ruins-Mount-Vesuvius-Day-Tour-ota4-300x200.jpg&quot;,&quot;height&quot;:200,&quot;width&quot;:300,&quot;orientation&quot;:&quot;landscape&quot;},&quot;full&quot;:{&quot;url&quot;:&quot;https:\/\/italy-tourist-information.com\/wp-content\/uploads\/2025\/05\/From-Naples-Pompeii-Ruins-Mount-Vesuvius-Day-Tour-ota4.jpg&quot;,&quot;height&quot;:640,&quot;width&quot;:960,&quot;orientation&quot;:&quot;landscape&quot;}}\"><\/span><span><img decoding=\"async\" alt=\"\" data-id=\"10573\" width=\"960\" height=\"640\" title=\"Ab Neapel \u2013 Tagesausflug zu den Ruinen von Pompeji und dem Vesuv (ota5)\" src=\"https:\/\/italy-tourist-information.com\/wp-content\/uploads\/2025\/05\/From-Naples-Pompeii-Ruins-Mount-Vesuvius-Day-Tour-ota5.jpg\" data-src=\"https:\/\/italy-tourist-information.com\/wp-content\/uploads\/2025\/05\/From-Naples-Pompeii-Ruins-Mount-Vesuvius-Day-Tour-ota5-300x200.jpg\" loading=\"lazy\" data-sizes=\"{&quot;thumbnail&quot;:{&quot;url&quot;:&quot;https:\/\/italy-tourist-information.com\/wp-content\/uploads\/2025\/05\/From-Naples-Pompeii-Ruins-Mount-Vesuvius-Day-Tour-ota5-150x150.jpg&quot;,&quot;height&quot;:150,&quot;width&quot;:150,&quot;orientation&quot;:&quot;landscape&quot;},&quot;medium&quot;:{&quot;url&quot;:&quot;https:\/\/italy-tourist-information.com\/wp-content\/uploads\/2025\/05\/From-Naples-Pompeii-Ruins-Mount-Vesuvius-Day-Tour-ota5-300x200.jpg&quot;,&quot;height&quot;:200,&quot;width&quot;:300,&quot;orientation&quot;:&quot;landscape&quot;},&quot;full&quot;:{&quot;url&quot;:&quot;https:\/\/italy-tourist-information.com\/wp-content\/uploads\/2025\/05\/From-Naples-Pompeii-Ruins-Mount-Vesuvius-Day-Tour-ota5.jpg&quot;,&quot;height&quot;:640,&quot;width&quot;:960,&quot;orientation&quot;:&quot;landscape&quot;}}\"><\/span><span><img decoding=\"async\" alt=\"\" data-id=\"10572\" width=\"960\" height=\"640\" title=\"Ab Neapel \u2013 Tagesausflug zu den Ruinen von Pompeji und dem Vesuv (ota6)\" src=\"https:\/\/italy-tourist-information.com\/wp-content\/uploads\/2025\/05\/From-Naples-Pompeii-Ruins-Mount-Vesuvius-Day-Tour-ota6.jpg\" data-src=\"https:\/\/italy-tourist-information.com\/wp-content\/uploads\/2025\/05\/From-Naples-Pompeii-Ruins-Mount-Vesuvius-Day-Tour-ota6-300x200.jpg\" loading=\"lazy\" data-sizes=\"{&quot;thumbnail&quot;:{&quot;url&quot;:&quot;https:\/\/italy-tourist-information.com\/wp-content\/uploads\/2025\/05\/From-Naples-Pompeii-Ruins-Mount-Vesuvius-Day-Tour-ota6-150x150.jpg&quot;,&quot;height&quot;:150,&quot;width&quot;:150,&quot;orientation&quot;:&quot;landscape&quot;},&quot;medium&quot;:{&quot;url&quot;:&quot;https:\/\/italy-tourist-information.com\/wp-content\/uploads\/2025\/05\/From-Naples-Pompeii-Ruins-Mount-Vesuvius-Day-Tour-ota6-300x200.jpg&quot;,&quot;height&quot;:200,&quot;width&quot;:300,&quot;orientation&quot;:&quot;landscape&quot;},&quot;full&quot;:{&quot;url&quot;:&quot;https:\/\/italy-tourist-information.com\/wp-content\/uploads\/2025\/05\/From-Naples-Pompeii-Ruins-Mount-Vesuvius-Day-Tour-ota6.jpg&quot;,&quot;height&quot;:640,&quot;width&quot;:960,&quot;orientation&quot;:&quot;landscape&quot;}}\"><\/span><\/p>\n<h1>Von Neapel aus: Ruinen von Pompeji und Vesuv Tagestour<\/h1>\n<h2><a href=\"https:\/\/www.getyourguide.com\/naples-l162\/pompeii-ruins-and-mt-vesuvius-combined-day-tour-t11049\/?partner_id=NO9XIDE&amp;utm_medium=online_publisher&amp;cmp=ITIDePompeiMtVesuviusDayTripSP\" target=\"_blank\" rel=\"nofollow noopener\" style=\"outline: none;\" spellcheck=\"false\">Zur Buchung<\/a><\/h2>\n<p style=\"\"><a href=\"https:\/\/www.getyourguide.com\/naples-l162\/pompeii-ruins-and-mt-vesuvius-combined-day-tour-t11049\/?partner_id=NO9XIDE&amp;utm_medium=online_publisher&amp;cmp=ITIDePompeiMtVesuviusDayTripSP\" target=\"_blank\" rel=\"nofollow noopener\" style=\"outline: none;\">Preis ab<\/a><\/p>\n<h1><a href=\"https:\/\/www.getyourguide.com\/naples-l162\/pompeii-ruins-and-mt-vesuvius-combined-day-tour-t11049\/?partner_id=NO9XIDE&amp;utm_medium=online_publisher&amp;cmp=ITIDePompeiMtVesuviusDayTripSP\" target=\"_blank\" rel=\"nofollow noopener\" style=\"outline: none;\" spellcheck=\"false\"><strong>107 \u20ac<\/strong><\/a><\/h1>\n<p dir=\"ltr\">Entdecken Sie die faszinierende <strong>Geschichte Pompejis<\/strong> und bestaunen Sie den beeindruckenden Krater des <strong>Vesuvs<\/strong> auf dieser ganzt\u00e4gigen gef\u00fchrten Tour ab Neapel, inklusive Eintrittskarten und einem klassischen Pizza-Mittagessen.<\/p>\n<ul>\n<li style=\"\"><span>Handverlesenes Ticket&nbsp;<\/span><\/li>\n<li style=\"\"><span>Jetzt reservieren &amp; sp\u00e4ter bezahlen<\/span><\/li>\n<li style=\"\"><span>Dauer: 7\u20137,5 Stunden<\/span><\/li>\n<li style=\"\"><span>Kostenlose Stornierung<\/span><\/li>\n<\/ul>\n<h2>Inbegriffen<\/h2>\n<ul>\n<li style=\"\">                    <span>Hin- und R\u00fccktransfer ab Neapel (Hotel, Kreuzfahrthafen oder Bahnhof)<\/span><\/li>\n<li style=\"\">                    <span>Eintrittskarten f\u00fcr Pompeji und den Vesuv<\/span><\/li>\n<li style=\"\">                    <span>Lizenzierter Reisef\u00fchrer oder mehrsprachiger Audioguide (je nach Auswahl)<\/span><\/li>\n<li><span>Traditionelles neapolitanisches Pizza-Mittagessen&nbsp;<\/span><\/li>\n<li><span>Ein Getr\u00e4nk<\/span><\/li>\n<\/ul>\n<h2>Nicht inbegriffen<\/h2>\n<ul>\n<li style=\"\"><span>Pers\u00f6nliche Ausgaben<\/span><\/li>\n<\/ul>\n<h2>Wichtige Informationen<\/h2>\n<ul>\n<li style=\"\"><span><strong>Ungef\u00e4hre Tourdauer:<\/strong> 7\u20137,5 Stunden, abh\u00e4ngig von Verkehr und Gruppengr\u00f6\u00dfe<\/span><\/li>\n<li style=\"\"><span>Der Abschnitt \u00fcber den Vesuv ist nur in englischer Sprache garantiert.<\/span><\/li>\n<li style=\"\"><span>In seltenen F\u00e4llen geringer Beteiligung stehen alternative Sprachen m\u00f6glicherweise nicht zur Verf\u00fcgung.<\/span><\/li>\n<li><span>Wenn der Vesuv aufgrund von Wetterbedingungen oder anderen Einschr\u00e4nkungen geschlossen ist, wird die Eintrittsgeb\u00fchr erstattet oder durch den Zugang zum virtuellen MAP-Museum ersetzt.<\/span><\/li>\n<li><span>Aufgrund unebenen Gel\u00e4ndes und bergauf f\u00fchrenden Abschnitten ist das Gel\u00e4nde nicht f\u00fcr Besucher mit eingeschr\u00e4nkter Mobilit\u00e4t geeignet.<\/span><\/li>\n<\/ul>\n<h2>Beschreibung:<\/h2>\n<p dir=\"ltr\">Begeben Sie sich auf eine beeindruckende Zeitreise, w\u00e4hrend Sie <strong>Pompeji<\/strong> erkunden, eine r\u00f6mische Stadt, die im Moment der Katastrophe erstarrt ist, und anschlie\u00dfend zum <strong>Krater des Vesuvs hinaufsteigen,<\/strong> jenes Vulkans, der daf\u00fcr verantwortlich war.<\/p>\n<p dir=\"ltr\">Entdecken Sie mit einem sachkundigen F\u00fchrer <strong>gut erhaltene Ruinen<\/strong> wie das Forum Romanum, die Thermen und das griechische Theater. Nach einem leckeren Pizza-Mittagessen genie\u00dfen Sie den Panoramablick vom Gipfel des Vesuvs \u00fcber die Bucht von Neapel \u2013 ein wahrhaft unvergessliches Erlebnis.<\/p>\n<h2>Highlights:<\/h2>\n<ul>\n<li><strong>Erkunden Sie die legend\u00e4ren Ruinen von Pompeji,<\/strong>&nbsp;darunter Tempel, Theater und antike Bordelle.<\/li>\n<li dir=\"ltr\"><strong>Besuchen Sie den Vesuv,<\/strong>&nbsp;Europas einzigen aktiven Vulkan auf dem europ\u00e4ischen Festland.<\/li>\n<li dir=\"ltr\"><strong>Erfahren Sie von erfahrenen Guides packende Geschichten<\/strong> &nbsp;\u00fcber das tragische Schicksal Pompejis.<\/li>\n<li dir=\"ltr\"><strong>Genie\u00dfen Sie ein klassisches Pizza-Mittagessen<\/strong>&nbsp;im Schatten der Geschichte<\/li>\n<li dir=\"ltr\"><strong>Blicken Sie<\/strong>&nbsp;vom Rand des Vulkankraters \u00fcber die Bucht von Neapel.<strong><\/strong><\/li>\n<\/ul>\n<h2>Stornierungsbedingungen<\/h2>\n<p dir=\"ltr\">Kostenlose Stornierung bis zu 24 Stunden im Voraus mit voller R\u00fcckerstattung.<\/p>\n<h2>Treffpunkt &amp; Anweisungen<\/h2>\n<p ltr\"\"=\"\">Eine Abholung ist von ausgew\u00e4hlten Hotels, Kreuzfahrtterminals oder dem Bahnhof in Neapel m\u00f6glich. Die genaue Abholzeit und der Abholort werden Ihnen vom lokalen Anbieter einen Tag vor der Tour best\u00e4tigt.<\/p>\n<h2>Bewertungen<\/h2>\n<p><strong>4,3\/5&nbsp; <\/strong><strong>(13390 Bewertungen)<\/strong><\/p>\n<p dir=\"ltr\"><em>\u201e<\/em>Gut organisiert, alles lief reibungslos. Ich f\u00fchlte mich von den Reiseleitern gut betreut und das Mittagessen war wirklich lecker. Einziger kleiner Kritikpunkt: Der Minibus war ziemlich eng, besonders die Sitze \u00fcber den Radk\u00e4sten. Aber alles in allem sehr empfehlenswert.&nbsp;<em>\u201c<\/em> \u2013 Paul, Mai 2025 <a href=\"https:\/\/www.getyourguide.com\/naples-l162\/pompeii-ruins-and-mt-vesuvius-combined-day-tour-t11049\/?partner_id=NO9XIDE&amp;utm_medium=online_publisher&amp;cmp=ITIDePompeiMtVesuviusDayTripSP\" target=\"_blank\" rel=\"nofollow noopener\" data-lt-tmp-id=\"lt-892990\" spellcheck=\"false\" style=\"outline: none;\">&gt;&gt; Weitere Bewertungen ansehen \u2026<\/a><\/p>\n<h2>Weitere Aktivit\u00e4ten, die Ihnen gefallen k\u00f6nnten<\/h2>\n<p><span># <\/span><strong><span>2<\/span><\/strong><span># <\/span><strong><span>2<\/span><\/strong><span><img decoding=\"async\" alt=\"\" data-id=\"10516\" width=\"159\" data-init-width=\"1185\" height=\"83\" data-init-height=\"616\" title=\"Neapel - Bootstour nach Positano, Amalfi und Ravello\" loading=\"lazy\" src=\"https:\/\/italy-tourist-information.com\/wp-content\/uploads\/2025\/05\/Naples-Boat-Tour-to-Positano-Amalfi-and-Ravello-ota.jpg\" data-width=\"159\" data-height=\"83\" style=\"aspect-ratio: auto 1185 \/ 616;\"><\/span><\/p>\n<table>\n<tbody>\n<tr>\n<td><a href=\"https:\/\/www.getyourguide.com\/naples-l162\/sorrento-and-amalfi-coast-boat-and-land-tour-from-naples-t395012\/?partner_id=NO9XIDE&amp;utm_medium=online_publisher&amp;cmp=ITIDePompeiMtVesuviusDayTripSP2\" target=\"_blank\" rel=\"nofollow noopener\" style=\"outline: none;\" data-lt-tmp-id=\"lt-573093\" spellcheck=\"false\">Neapel: Bootstour nach Positano, Amalfi und Ravello<\/a><\/td>\n<\/tr>\n<\/tbody>\n<\/table>\n<p>Genie\u00dfen Sie eine malerische 10-st\u00fcndige Bootstour von Neapel zur atemberaubenden Amalfik\u00fcste und besuchen Sie die malerischen Orte Positano, Amalfi und Ravello mit gef\u00fchrter Erkundung und freier Zeit, um die atemberaubende Aussicht auf die K\u00fcste zu genie\u00dfen.<\/p>\n<h3 style=\"\">Gesamtpreis<\/h3>\n<h3 style=\"\">Ihr Konto wird noch nicht belastet&nbsp;<\/h3>\n<p><span># <\/span><strong><span>2<\/span><\/strong><span><img decoding=\"async\" alt=\"\" data-id=\"10516\" width=\"159\" data-init-width=\"1185\" height=\"83\" data-init-height=\"616\" title=\"Neapel - Bootstour nach Positano, Amalfi und Ravello\" loading=\"lazy\" src=\"https:\/\/italy-tourist-information.com\/wp-content\/uploads\/2025\/05\/Naples-Boat-Tour-to-Positano-Amalfi-and-Ravello-ota.jpg\" data-width=\"159\" data-height=\"83\" style=\"aspect-ratio: auto 1185 \/ 616;\"><\/span><\/p>\n<table>\n<tbody>\n<tr>\n<td><a href=\"https:\/\/www.getyourguide.com\/naples-l162\/pompeii-ruins-and-mt-vesuvius-combined-day-tour-t11049\/?partner_id=NO9XIDE&amp;utm_medium=online_publisher&amp;cmp=ITIDePompeiMtVesuviusDayTripSP3\" target=\"_blank\" rel=\"nofollow noopener\" style=\"outline: none;\">Ab Neapel: Ganztagestour nach Sorrent, Positano und Amalfi<\/a><\/td>\n<\/tr>\n<\/tbody>\n<\/table>\n<p dir=\"ltr\">Entdecken Sie die atemberaubende Sch\u00f6nheit der italienischen Amalfik\u00fcste auf einer&nbsp; <strong>ganzt\u00e4gigen gef\u00fchrten Tour ab Neapel.<\/strong> &nbsp;Erkunden Sie&nbsp; <strong>Sorrent, Positano und Amalfi&nbsp;<\/strong> mit malerischen Ausblicken, kulturellen H\u00f6hepunkten und optionalem Mittagessen.<\/p>\n<h3 style=\"\">Gesamtpreis<\/h3>\n<h3 style=\"\">Ihr Konto wir noch nicht belastet<\/h3>\n<p><\/p>\n<h2><a href=\"https:\/\/www.getyourguide.com\/naples-l162\/pompeii-ruins-and-mt-vesuvius-combined-day-tour-t11049\/?partner_id=NO9XIDE&amp;utm_medium=online_publisher&amp;cmp=ITIDePompeiMtVesuviusDayTripSP\" target=\"_blank\" rel=\"nofollow noopener\">Zur Buchung<\/a><\/h2>\n<p style=\"\"><a href=\"https:\/\/www.getyourguide.com\/naples-l162\/pompeii-ruins-and-mt-vesuvius-combined-day-tour-t11049\/?partner_id=NO9XIDE&amp;utm_medium=online_publisher&amp;cmp=ITIDePompeiMtVesuviusDayTripSP\" target=\"_blank\" rel=\"nofollow noopener\" style=\"outline: none;\" spellcheck=\"false\">Preis ab<\/a><\/p>\n<h1><a href=\"https:\/\/www.getyourguide.com\/naples-l162\/pompeii-ruins-and-mt-vesuvius-combined-day-tour-t11049\/?partner_id=NO9XIDE&amp;utm_medium=online_publisher&amp;cmp=ITIDePompeiMtVesuviusDayTripSP\" target=\"_blank\" rel=\"nofollow noopener\" style=\"outline: none;\" spellcheck=\"false\"><strong>107 \u20ac<\/strong><\/a><\/h1>\n<p style=\"\">Ihr Konto wird noch nicht belastet<\/p>\n","protected":false},"excerpt":{"rendered":"<p>Von Neapel aus: Ruinen von Pompeji und Vesuv Tagestour Zur Buchung Preis ab 107 \u20ac Entdecken Sie die faszinierende Geschichte Pompejis und bestaunen Sie den beeindruckenden Krater des Vesuvs auf dieser ganzt\u00e4gigen gef\u00fchrten Tour ab Neapel, inklusive Eintrittskarten und einem klassischen Pizza-Mittagessen. Handverlesenes Ticket&nbsp; Jetzt reservieren &amp; sp\u00e4ter bezahlen Dauer: 7\u20137,5 Stunden Kostenlose Stornierung Inbegriffen [&hellip;]<\/p>\n","protected":false},"author":6,"featured_media":17545,"parent":0,"menu_order":0,"comment_status":"closed","ping_status":"closed","template":"","meta":{"footnotes":"","tve_updated_post":"","tve_custom_css":"","tve_user_custom_css":"","tve_globals":{},"tcb2_ready":1,"tcb_editor_enabled":1,"tve_landing_page":"bd86f3fc67210fed5b2794ad4a56d3a9","_tve_header":"17144","_tve_footer":"17145"},"categories":[132,141,128],"tags":[134,151,152,130],"class_list":["post-17544","page","type-page","status-publish","has-post-thumbnail","hentry","category-fuhrung","category-neapel","category-verkaufsseite","tag-fuhrung","tag-neapel","tag-neapel-2","tag-verkaufsseite","post-wrapper","thrv_wrapper"],"_links":{"self":[{"href":"https:\/\/italy-tourist-information.com\/de\/wp-json\/wp\/v2\/pages\/17544","targetHints":{"allow":["GET"]}}],"collection":[{"href":"https:\/\/italy-tourist-information.com\/de\/wp-json\/wp\/v2\/pages"}],"about":[{"href":"https:\/\/italy-tourist-information.com\/de\/wp-json\/wp\/v2\/types\/page"}],"author":[{"embeddable":true,"href":"https:\/\/italy-tourist-information.com\/de\/wp-json\/wp\/v2\/users\/6"}],"replies":[{"embeddable":true,"href":"https:\/\/italy-tourist-information.com\/de\/wp-json\/wp\/v2\/comments?post=17544"}],"version-history":[{"count":7,"href":"https:\/\/italy-tourist-information.com\/de\/wp-json\/wp\/v2\/pages\/17544\/revisions"}],"predecessor-version":[{"id":20276,"href":"https:\/\/italy-tourist-information.com\/de\/wp-json\/wp\/v2\/pages\/17544\/revisions\/20276"}],"wp:featuredmedia":[{"embeddable":true,"href":"https:\/\/italy-tourist-information.com\/de\/wp-json\/wp\/v2\/media\/17545"}],"wp:attachment":[{"href":"https:\/\/italy-tourist-information.com\/de\/wp-json\/wp\/v2\/media?parent=17544"}],"wp:term":[{"taxonomy":"category","embeddable":true,"href":"https:\/\/italy-tourist-information.com\/de\/wp-json\/wp\/v2\/categories?post=17544"},{"taxonomy":"post_tag","embeddable":true,"href":"https:\/\/italy-tourist-information.com\/de\/wp-json\/wp\/v2\/tags?post=17544"}],"curies":[{"name":"wp","href":"https:\/\/api.w.org\/{rel}","templated":true}]}}