{"id":17554,"date":"2025-05-09T10:16:58","date_gmt":"2025-05-09T10:16:58","guid":{"rendered":"https:\/\/italy-tourist-information.com\/from-naples-sorrento-positano-and-amalfi-full-day-tour"},"modified":"2026-05-05T14:52:17","modified_gmt":"2026-05-05T14:52:17","slug":"tour-von-neapel-nach-sorrent-positano-und-amalfi","status":"publish","type":"page","link":"https:\/\/italy-tourist-information.com\/de\/tour-von-neapel-nach-sorrent-positano-und-amalfi","title":{"rendered":"Tour von Neapel nach Sorrent, Positano und Amalfi \u2013 Kleingruppentour"},"content":{"rendered":"<p><span><img decoding=\"async\" alt=\"\" data-id=\"10513\" width=\"960\" height=\"640\" title=\"Ganztagestour ab Neapel \u2013 Sorrent, Positano und Amalfi\" src=\"https:\/\/italy-tourist-information.com\/wp-content\/uploads\/2025\/05\/From-Naples-Sorrento-Positano-and-Amalfi-Full-Day-Tour-ota.jpg\" data-src=\"https:\/\/italy-tourist-information.com\/wp-content\/uploads\/2025\/05\/From-Naples-Sorrento-Positano-and-Amalfi-Full-Day-Tour-ota-300x200.jpg\" loading=\"lazy\" data-sizes=\"{&quot;thumbnail&quot;:{&quot;url&quot;:&quot;https:\/\/italy-tourist-information.com\/wp-content\/uploads\/2025\/05\/From-Naples-Sorrento-Positano-and-Amalfi-Full-Day-Tour-ota-150x150.jpg&quot;,&quot;height&quot;:150,&quot;width&quot;:150,&quot;orientation&quot;:&quot;landscape&quot;},&quot;medium&quot;:{&quot;url&quot;:&quot;https:\/\/italy-tourist-information.com\/wp-content\/uploads\/2025\/05\/From-Naples-Sorrento-Positano-and-Amalfi-Full-Day-Tour-ota-300x200.jpg&quot;,&quot;height&quot;:200,&quot;width&quot;:300,&quot;orientation&quot;:&quot;landscape&quot;},&quot;full&quot;:{&quot;url&quot;:&quot;https:\/\/italy-tourist-information.com\/wp-content\/uploads\/2025\/05\/From-Naples-Sorrento-Positano-and-Amalfi-Full-Day-Tour-ota.jpg&quot;,&quot;height&quot;:640,&quot;width&quot;:960,&quot;orientation&quot;:&quot;landscape&quot;}}\"><\/span><span><img decoding=\"async\" alt=\"\" data-id=\"10512\" width=\"960\" height=\"640\" title=\"Ganztagestour ab Neapel \u2013 Sorrent, Positano und Amalfi ota2\" src=\"https:\/\/italy-tourist-information.com\/wp-content\/uploads\/2025\/05\/From-Naples-Sorrento-Positano-and-Amalfi-Full-Day-Tour-ota2.jpg\" data-src=\"https:\/\/italy-tourist-information.com\/wp-content\/uploads\/2025\/05\/From-Naples-Sorrento-Positano-and-Amalfi-Full-Day-Tour-ota2-300x200.jpg\" loading=\"lazy\" data-sizes=\"{&quot;thumbnail&quot;:{&quot;url&quot;:&quot;https:\/\/italy-tourist-information.com\/wp-content\/uploads\/2025\/05\/From-Naples-Sorrento-Positano-and-Amalfi-Full-Day-Tour-ota2-150x150.jpg&quot;,&quot;height&quot;:150,&quot;width&quot;:150,&quot;orientation&quot;:&quot;landscape&quot;},&quot;medium&quot;:{&quot;url&quot;:&quot;https:\/\/italy-tourist-information.com\/wp-content\/uploads\/2025\/05\/From-Naples-Sorrento-Positano-and-Amalfi-Full-Day-Tour-ota2-300x200.jpg&quot;,&quot;height&quot;:200,&quot;width&quot;:300,&quot;orientation&quot;:&quot;landscape&quot;},&quot;full&quot;:{&quot;url&quot;:&quot;https:\/\/italy-tourist-information.com\/wp-content\/uploads\/2025\/05\/From-Naples-Sorrento-Positano-and-Amalfi-Full-Day-Tour-ota2.jpg&quot;,&quot;height&quot;:640,&quot;width&quot;:960,&quot;orientation&quot;:&quot;landscape&quot;}}\"><\/span><span><img decoding=\"async\" alt=\"\" data-id=\"10511\" width=\"960\" height=\"640\" title=\"Ganztagestour ab Neapel \u2013 Sorrent, Positano und Amalfi (ota3)\" src=\"https:\/\/italy-tourist-information.com\/wp-content\/uploads\/2025\/05\/From-Naples-Sorrento-Positano-and-Amalfi-Full-Day-Tour-ota3.jpg\" data-src=\"https:\/\/italy-tourist-information.com\/wp-content\/uploads\/2025\/05\/From-Naples-Sorrento-Positano-and-Amalfi-Full-Day-Tour-ota3-300x200.jpg\" loading=\"lazy\" data-sizes=\"{&quot;thumbnail&quot;:{&quot;url&quot;:&quot;https:\/\/italy-tourist-information.com\/wp-content\/uploads\/2025\/05\/From-Naples-Sorrento-Positano-and-Amalfi-Full-Day-Tour-ota3-150x150.jpg&quot;,&quot;height&quot;:150,&quot;width&quot;:150,&quot;orientation&quot;:&quot;landscape&quot;},&quot;medium&quot;:{&quot;url&quot;:&quot;https:\/\/italy-tourist-information.com\/wp-content\/uploads\/2025\/05\/From-Naples-Sorrento-Positano-and-Amalfi-Full-Day-Tour-ota3-300x200.jpg&quot;,&quot;height&quot;:200,&quot;width&quot;:300,&quot;orientation&quot;:&quot;landscape&quot;},&quot;full&quot;:{&quot;url&quot;:&quot;https:\/\/italy-tourist-information.com\/wp-content\/uploads\/2025\/05\/From-Naples-Sorrento-Positano-and-Amalfi-Full-Day-Tour-ota3.jpg&quot;,&quot;height&quot;:640,&quot;width&quot;:960,&quot;orientation&quot;:&quot;landscape&quot;}}\"><\/span><span><img decoding=\"async\" alt=\"\" data-id=\"10510\" width=\"960\" height=\"640\" title=\"Ganztagestour ab Neapel \u2013 Sorrent, Positano und Amalfi (ota4)\" src=\"https:\/\/italy-tourist-information.com\/wp-content\/uploads\/2025\/05\/From-Naples-Sorrento-Positano-and-Amalfi-Full-Day-Tour-ota4.jpg\" data-src=\"https:\/\/italy-tourist-information.com\/wp-content\/uploads\/2025\/05\/From-Naples-Sorrento-Positano-and-Amalfi-Full-Day-Tour-ota4-300x200.jpg\" loading=\"lazy\" data-sizes=\"{&quot;thumbnail&quot;:{&quot;url&quot;:&quot;https:\/\/italy-tourist-information.com\/wp-content\/uploads\/2025\/05\/From-Naples-Sorrento-Positano-and-Amalfi-Full-Day-Tour-ota4-150x150.jpg&quot;,&quot;height&quot;:150,&quot;width&quot;:150,&quot;orientation&quot;:&quot;landscape&quot;},&quot;medium&quot;:{&quot;url&quot;:&quot;https:\/\/italy-tourist-information.com\/wp-content\/uploads\/2025\/05\/From-Naples-Sorrento-Positano-and-Amalfi-Full-Day-Tour-ota4-300x200.jpg&quot;,&quot;height&quot;:200,&quot;width&quot;:300,&quot;orientation&quot;:&quot;landscape&quot;},&quot;full&quot;:{&quot;url&quot;:&quot;https:\/\/italy-tourist-information.com\/wp-content\/uploads\/2025\/05\/From-Naples-Sorrento-Positano-and-Amalfi-Full-Day-Tour-ota4.jpg&quot;,&quot;height&quot;:640,&quot;width&quot;:960,&quot;orientation&quot;:&quot;landscape&quot;}}\"><\/span><span><img decoding=\"async\" alt=\"\" data-id=\"10509\" width=\"960\" height=\"640\" title=\"Ganztagestour ab Neapel \u2013 Sorrent, Positano und Amalfi (ota5)\" src=\"https:\/\/italy-tourist-information.com\/wp-content\/uploads\/2025\/05\/From-Naples-Sorrento-Positano-and-Amalfi-Full-Day-Tour-ota5.jpg\" data-src=\"https:\/\/italy-tourist-information.com\/wp-content\/uploads\/2025\/05\/From-Naples-Sorrento-Positano-and-Amalfi-Full-Day-Tour-ota5-300x200.jpg\" loading=\"lazy\" data-sizes=\"{&quot;thumbnail&quot;:{&quot;url&quot;:&quot;https:\/\/italy-tourist-information.com\/wp-content\/uploads\/2025\/05\/From-Naples-Sorrento-Positano-and-Amalfi-Full-Day-Tour-ota5-150x150.jpg&quot;,&quot;height&quot;:150,&quot;width&quot;:150,&quot;orientation&quot;:&quot;landscape&quot;},&quot;medium&quot;:{&quot;url&quot;:&quot;https:\/\/italy-tourist-information.com\/wp-content\/uploads\/2025\/05\/From-Naples-Sorrento-Positano-and-Amalfi-Full-Day-Tour-ota5-300x200.jpg&quot;,&quot;height&quot;:200,&quot;width&quot;:300,&quot;orientation&quot;:&quot;landscape&quot;},&quot;full&quot;:{&quot;url&quot;:&quot;https:\/\/italy-tourist-information.com\/wp-content\/uploads\/2025\/05\/From-Naples-Sorrento-Positano-and-Amalfi-Full-Day-Tour-ota5.jpg&quot;,&quot;height&quot;:640,&quot;width&quot;:960,&quot;orientation&quot;:&quot;landscape&quot;}}\"><\/span><span><img decoding=\"async\" alt=\"\" data-id=\"10508\" width=\"960\" height=\"640\" title=\"Ganztagestour ab Neapel \u2013 Sorrent, Positano und Amalfi ota6\" src=\"https:\/\/italy-tourist-information.com\/wp-content\/uploads\/2025\/05\/From-Naples-Sorrento-Positano-and-Amalfi-Full-Day-Tour-ota6.jpg\" data-src=\"https:\/\/italy-tourist-information.com\/wp-content\/uploads\/2025\/05\/From-Naples-Sorrento-Positano-and-Amalfi-Full-Day-Tour-ota6-300x200.jpg\" loading=\"lazy\" data-sizes=\"{&quot;thumbnail&quot;:{&quot;url&quot;:&quot;https:\/\/italy-tourist-information.com\/wp-content\/uploads\/2025\/05\/From-Naples-Sorrento-Positano-and-Amalfi-Full-Day-Tour-ota6-150x150.jpg&quot;,&quot;height&quot;:150,&quot;width&quot;:150,&quot;orientation&quot;:&quot;landscape&quot;},&quot;medium&quot;:{&quot;url&quot;:&quot;https:\/\/italy-tourist-information.com\/wp-content\/uploads\/2025\/05\/From-Naples-Sorrento-Positano-and-Amalfi-Full-Day-Tour-ota6-300x200.jpg&quot;,&quot;height&quot;:200,&quot;width&quot;:300,&quot;orientation&quot;:&quot;landscape&quot;},&quot;full&quot;:{&quot;url&quot;:&quot;https:\/\/italy-tourist-information.com\/wp-content\/uploads\/2025\/05\/From-Naples-Sorrento-Positano-and-Amalfi-Full-Day-Tour-ota6.jpg&quot;,&quot;height&quot;:640,&quot;width&quot;:960,&quot;orientation&quot;:&quot;landscape&quot;}}\"><\/span><span><img decoding=\"async\" alt=\"\" data-id=\"10507\" width=\"960\" height=\"640\" title=\"Ganztagestour ab Neapel \u2013 Sorrent, Positano und Amalfi ota7\" src=\"https:\/\/italy-tourist-information.com\/wp-content\/uploads\/2025\/05\/From-Naples-Sorrento-Positano-and-Amalfi-Full-Day-Tour-ota7.jpg\" data-src=\"https:\/\/italy-tourist-information.com\/wp-content\/uploads\/2025\/05\/From-Naples-Sorrento-Positano-and-Amalfi-Full-Day-Tour-ota7-300x200.jpg\" loading=\"lazy\" data-sizes=\"{&quot;thumbnail&quot;:{&quot;url&quot;:&quot;https:\/\/italy-tourist-information.com\/wp-content\/uploads\/2025\/05\/From-Naples-Sorrento-Positano-and-Amalfi-Full-Day-Tour-ota7-150x150.jpg&quot;,&quot;height&quot;:150,&quot;width&quot;:150,&quot;orientation&quot;:&quot;landscape&quot;},&quot;medium&quot;:{&quot;url&quot;:&quot;https:\/\/italy-tourist-information.com\/wp-content\/uploads\/2025\/05\/From-Naples-Sorrento-Positano-and-Amalfi-Full-Day-Tour-ota7-300x200.jpg&quot;,&quot;height&quot;:200,&quot;width&quot;:300,&quot;orientation&quot;:&quot;landscape&quot;},&quot;full&quot;:{&quot;url&quot;:&quot;https:\/\/italy-tourist-information.com\/wp-content\/uploads\/2025\/05\/From-Naples-Sorrento-Positano-and-Amalfi-Full-Day-Tour-ota7.jpg&quot;,&quot;height&quot;:640,&quot;width&quot;:960,&quot;orientation&quot;:&quot;landscape&quot;}}\"><\/span><\/p>\n<h1>Ab Neapel: Ganztagestour nach Sorrent, Positano und Amalfi<\/h1>\n<h2><a href=\"https:\/\/www.getyourguide.com\/naples-l162\/from-naples-full-day-sorrento-positano-amalfi-tour-t119305\/?partner_id=NO9XIDE&amp;utm_medium=online_publisher&amp;cmp=ITIDeAmalfiDayTripfromNaplesSP\" target=\"_blank\" rel=\"nofollow noopener\" style=\"outline: none;\" spellcheck=\"false\">Zur Buchung<\/a><\/h2>\n<p style=\"\"><a href=\"https:\/\/www.getyourguide.com\/naples-l162\/from-naples-full-day-sorrento-positano-amalfi-tour-t119305\/?partner_id=NO9XIDE&amp;utm_medium=online_publisher&amp;cmp=ITIDeAmalfiDayTripfromNaplesSP\" target=\"_blank\" rel=\"nofollow noopener\" style=\"outline: none;\">Preis ab<\/a><\/p>\n<h1><a href=\"https:\/\/www.getyourguide.com\/naples-l162\/from-naples-full-day-sorrento-positano-amalfi-tour-t119305\/?partner_id=NO9XIDE&amp;utm_medium=online_publisher&amp;cmp=ITIDeAmalfiDayTripfromNaplesSP\" target=\"_blank\" rel=\"nofollow noopener\" style=\"outline: none;\" spellcheck=\"false\"><strong>63,00 \u20ac<\/strong><\/a><\/h1>\n<p dir=\"ltr\">Entdecken Sie die atemberaubende Sch\u00f6nheit der italienischen Amalfik\u00fcste auf einer <strong>ganzt\u00e4gigen gef\u00fchrten Tour ab Neapel.<\/strong> Erkunden Sie <strong>Sorrent, Positano und Amalfi<\/strong> mit malerischen Ausblicken, kulturellen H\u00f6hepunkten und optionalem Mittagessen.<\/p>\n<ul>\n<li style=\"\"><span>Handverlesenes Ticket&nbsp;<\/span><\/li>\n<li style=\"\"><span>Jetzt reservieren &amp; sp\u00e4ter bezahlen<\/span><\/li>\n<li style=\"\"><span>Dauer: 8 Stunden<\/span><\/li>\n<li style=\"\"><span>Kostenlose Stornierung<\/span><\/li>\n<\/ul>\n<h2>Inbegriffen<\/h2>\n<ul>\n<li style=\"\">                    <span>Transport im klimatisierten Minibus<\/span><\/li>\n<li style=\"\">                    <span>Professioneller Reiseleiter an Bord (Englisch, Italienisch, Spanisch)<\/span><\/li>\n<li style=\"\">                    <span>Franz\u00f6sische Audioaufnahmen sind an ausgew\u00e4hlten Tagen verf\u00fcgbar.<\/span><\/li>\n<li><span>Zwischenstopps in Sorrento, Positano, Amalfi &#8211; Die Freizeit in Amalfi kann je nach gew\u00e4hlter Option variieren (mit oder ohne Mittagessen).<br \/><\/span><\/li>\n<li><span>Abholung und R\u00fccktransport von ausgew\u00e4hlten Hotels in Neapel oder Treffpunkten<br \/><\/span><\/li>\n<li><span>Flaschenwasser<br \/><\/span><\/li>\n<li><span>Leichtes Mittagessen (falls ausgew\u00e4hlt)<\/span><\/li>\n<\/ul>\n<h2>Nicht inbegriffen<\/h2>\n<ul>\n<li style=\"\"><span>Kosten f\u00fcr optionale Aktivit\u00e4ten<\/span><\/li>\n<\/ul>\n<ul>\n<li style=\"\"><span>Pers\u00f6nliche Ausgaben<\/span><\/li>\n<\/ul>\n<h2>Wichtige Informationen<\/h2>\n<ul>\n<li style=\"\"><span>Die Tour findet bei jedem Wetter statt \u2013 bitte kleiden Sie sich entsprechend.<\/span><\/li>\n<li style=\"\"><span>Nicht geeignet f\u00fcr Personen mit Gehbehinderung oder Rollstuhlfahrer.<\/span><\/li>\n<li style=\"\"><span>Der Reiseverlauf kann sich aufgrund von Verkehrs- oder K\u00fcstenstra\u00dfenproblemen \u00e4ndern.<\/span><\/li>\n<li><span>Die Tour beginnt um 8:00\/8:30 Uhr; die Abholung erfolgt 30\u201340 Minuten fr\u00fcher. Bitte kontaktieren Sie den Anbieter, um Treffpunkt und Abholzeit zu vereinbaren.<\/span><\/li>\n<li><span>Vegetarische\/glutenfreie Gerichte sind auf Anfrage erh\u00e4ltlich.<\/span><\/li>\n<li><span>Kreuzfahrtpassagiere sollten die Schiffsfahrpl\u00e4ne beim Anbieter best\u00e4tigen.<br \/><\/span><\/li>\n<li><span>In seltenen F\u00e4llen von Felsst\u00fcrzen k\u00f6nnen alternative, aber ebenso lohnende Haltestellen organisiert werden.<\/span><\/li>\n<\/ul>\n<h2>Beschreibung:<\/h2>\n<p dir=\"ltr\">Erleben Sie auf einer Ganztagestour ab Neapel den Zauber der Amalfik\u00fcste. Die Reise <strong>beginnt in Sorrent,<\/strong> wo Sie in einer lokalen Manufaktur Limoncello kosten und anschlie\u00dfend malerische Spazierg\u00e4nge und Freizeit genie\u00dfen. <strong>Weiter geht es nach Positano<\/strong> mit seinem malerischen Charme an der Steilk\u00fcste, wo Sie ebenfalls Zeit zur freien Verf\u00fcgung haben. Zum Abschluss <strong>entspannen Sie sich in Amalfi,<\/strong> der Heimat des ber\u00fchmten Doms San Andreas.<\/p>\n<p dir=\"ltr\">Mit der M\u00f6glichkeit, ein Mittagessen am Meer zu genie\u00dfen und <strong>optional eine K\u00fcstenkreuzfahrt zu unternehmen,<\/strong> bietet diese Kleingruppenreise eine entspannte und pers\u00f6nliche Art, die malerischsten St\u00e4dte S\u00fcditaliens an nur einem unvergesslichen Tag zu erleben.<\/p>\n<h2>Highlights:<\/h2>\n<p ltr\"\"=\"\">\n<ul>\n<li dir=\"ltr\"><strong>Besuchen Sie an einem Tag<\/strong> drei der bekanntesten K\u00fcstenst\u00e4dte S\u00fcditaliens.<strong><\/strong><\/li>\n<li dir=\"ltr\">Erkunden Sie die malerischen Gassen <strong>von Sorrent<\/strong> und probieren Sie traditionellen Limoncello.<\/li>\n<li dir=\"ltr\">Entdecken Sie <strong>Positanos<\/strong> pastellfarbene Sch\u00f6nheit und das maritime Ambiente<\/li>\n<li dir=\"ltr\">Genie\u00dfen Sie Ihre freie Zeit in <strong>Amalfi,<\/strong> einschlie\u00dflich eines Besuchs der historischen Kathedrale.<\/li>\n<li dir=\"ltr\">Optionale 40-min\u00fctige Bootsfahrt, um die K\u00fcstenlinie <strong>vom Meer aus zu bewundern<\/strong><\/li>\n<li dir=\"ltr\">Reisen Sie in einem komfortablen Minibus mit Live-Kommentar.<\/li>\n<li dir=\"ltr\">Flexible Reiseroute je nach Stra\u00dfen- und Wetterbedingungen<\/li>\n<\/ul>\n<h2>Stornierungsbedingungen<\/h2>\n<p dir=\"ltr\">Kostenlose Stornierung bis zu 24 Stunden im Voraus.<\/p>\n<h2>Treffpunkt &amp; Anweisungen<\/h2>\n<p ltr\"\"=\"\">Abholung von ausgew\u00e4hlten Hotels in Neapel m\u00f6glich oder:<\/p>\n<ul>\n<li ltr\"\"=\"\">Hafen von Neapel: Au\u00dfenbereich des Kreuzfahrtterminals\/Picknickbar<\/li>\n<li dir=\"ltr\">Nationales Arch\u00e4ologisches Museum: Haupteingang<\/li>\n<li dir=\"ltr\">Hotel Terminus<\/li>\n<\/ul>\n<p><a href=\"https:\/\/www.getyourguide.com\/naples-l162\/from-naples-full-day-sorrento-positano-amalfi-tour-t119305\/?partner_id=NO9XIDE&amp;utm_medium=online_publisher&amp;cmp=ITIDeAmalfiDayTripfromNaplesSP\" target=\"_blank\" rel=\"nofollow noopener\" style=\"outline: none;\" data-lt-tmp-id=\"lt-800016\" spellcheck=\"false\">&gt;&gt; Die vollst\u00e4ndige Liste finden Sie hier.<\/a><\/p>\n<p>Bitte kontaktieren Sie den \u00f6rtlichen Anbieter, um Abholort und -zeit zu best\u00e4tigen.<\/p>\n<h2>Bewertungen<\/h2>\n<p><strong>4,6\/5&nbsp; <\/strong><strong>(15252 Bewertungen)<\/strong><\/p>\n<p dir=\"ltr\"><em>\u201e<\/em>Einer meiner sch\u00f6nsten Tage in Italien. Ich wurde von der unglaublich herzlichen und aufgeschlossenen Frau Ariana empfangen. Sie hat dieses Abenteuer zu 100 % unvergesslich gemacht Energieb\u00fcndel. Zusammen mit unserem wunderbaren Fahrer Alfonso, der uns sicher durch die Stra\u00dfen war, war sie eine gro\u00dfartige Erg\u00e4nzung.&nbsp;<em>\u201e<\/em> \u2013 Catherine, Mai 2025 <a href=\"https:\/\/www.getyourguide.com\/naples-l162\/from-naples-full-day-sorrento-positano-amalfi-tour-t119305\/?partner_id=NO9XIDE&amp;utm_medium=online_publisher&amp;cmp=ITIDeAmalfiDayTripfromNaplesSP\" target=\"_blank\" rel=\"nofollow noopener\" data-lt-tmp-id=\"lt-639637\" spellcheck=\"false\" style=\"outline: none;\">&gt;&gt; Weitere Bewertungen ansehen \u2026<\/a><\/p>\n<h2>Weitere Aktivit\u00e4ten, die Ihnen gefallen k\u00f6nnten<\/h2>\n<p><span># <\/span><strong><span>2<\/span><\/strong><span># <\/span><strong><span>2<\/span><\/strong><span><img decoding=\"async\" alt=\"\" data-id=\"10516\" width=\"159\" data-init-width=\"1185\" height=\"83\" data-init-height=\"616\" title=\"Neapel - Bootstour nach Positano, Amalfi und Ravello\" loading=\"lazy\" src=\"https:\/\/italy-tourist-information.com\/wp-content\/uploads\/2025\/05\/Naples-Boat-Tour-to-Positano-Amalfi-and-Ravello-ota.jpg\" data-width=\"159\" data-height=\"83\" style=\"aspect-ratio: auto 1185 \/ 616;\"><\/span><\/p>\n<table>\n<tbody>\n<tr>\n<td><a href=\"https:\/\/www.getyourguide.com\/naples-l162\/sorrento-and-amalfi-coast-boat-and-land-tour-from-naples-t395012\/?partner_id=NO9XIDE&amp;utm_medium=online_publisher&amp;cmp=ITIdeAmalfiDayTripfromNaplesSP2\" target=\"_blank\" rel=\"nofollow noopener\" style=\"outline: none;\" data-lt-tmp-id=\"lt-225266\" spellcheck=\"false\">Neapel: Bootstour nach Positano, Amalfi und Ravello<\/a><\/td>\n<\/tr>\n<\/tbody>\n<\/table>\n<p>Genie\u00dfen Sie eine malerische 10-st\u00fcndige Bootstour von Neapel zur atemberaubenden Amalfik\u00fcste und besuchen Sie die malerischen Orte Positano, Amalfi und Ravello mit gef\u00fchrter Erkundung und freier Zeit, um die atemberaubende Aussicht auf die K\u00fcste zu genie\u00dfen.<\/p>\n<h3 style=\"\">Gesamtpreis<\/h3>\n<h3>Ihr Konto wird noch nicht belastet<\/h3>\n<p><span># <\/span><strong><span>2<\/span><\/strong><span><img decoding=\"async\" alt=\"\" data-id=\"10518\" width=\"159\" data-init-width=\"1185\" height=\"83\" data-init-height=\"616\" title=\"Ab Neapel - Tagesausflug zu den Ruinen von Pompeji und dem Vesuv\" loading=\"lazy\" src=\"https:\/\/italy-tourist-information.com\/wp-content\/uploads\/2025\/05\/From-Naples-Pompeii-Ruins-Mount-Vesuvius-Day-Tour-ota.jpg\" data-width=\"159\" data-height=\"83\" style=\"aspect-ratio: auto 1185 \/ 616;\"><\/span><\/p>\n<table>\n<tbody>\n<tr>\n<td>\n<table>\n<tbody>\n<tr>\n<td><strong><a data-lt-tmp-id=\"lt-163467\" href=\"https:\/\/www.getyourguide.com\/naples-l162\/pompeii-ruins-and-mt-vesuvius-combined-day-tour-t11049\/?partner_id=NO9XIDE&amp;utm_medium=online_publisher&amp;cmp=ITIDeAmalfiDayTripfromNaplesSP3\" rel=\"nofollow noopener\" spellcheck=\"false\" target=\"_blank\" style=\"outline: none;\">Ab Neapel: Tagesausflug zu den Ruinen von Pompeji und zum Vesuv<\/a><\/strong><\/td>\n<\/tr>\n<\/tbody>\n<\/table>\n<p><strong><\/strong><\/td>\n<\/tr>\n<\/tbody>\n<\/table>\n<p>Entdecken Sie die in der Zeit erstarrte antike Stadt auf einer gef\u00fchrten Tagestour von Neapel zu den Ruinen von Pompeji und wandern Sie anschlie\u00dfend auf den Gipfel des Vesuvs, um atemberaubende Ausblicke und Einblicke in seine vulkanische Geschichte zu genie\u00dfen.<\/p>\n<h3 style=\"\">Gesamtpreis<\/h3>\n<h3 style=\"\">Ihr Konto wird noch nicht belastet<\/h3>\n<p><\/p>\n<h2><a href=\"https:\/\/www.getyourguide.com\/naples-l162\/from-naples-full-day-sorrento-positano-amalfi-tour-t119305\/?partner_id=NO9XIDE&amp;utm_medium=online_publisher&amp;cmp=ITIDeAmalfiDayTripfromNaplesSP\" target=\"_blank\" rel=\"nofollow noopener\" style=\"outline: none;\">Zur Buchung<\/a><\/h2>\n<p style=\"\"><a href=\"https:\/\/www.getyourguide.com\/naples-l162\/from-naples-full-day-sorrento-positano-amalfi-tour-t119305\/?partner_id=NO9XIDE&amp;utm_medium=online_publisher&amp;cmp=ITIDeAmalfiDayTripfromNaplesSP\" target=\"_blank\" rel=\"nofollow noopener\" style=\"outline: none;\">Preis ab<\/a><\/p>\n<h1><a href=\"https:\/\/www.getyourguide.com\/naples-l162\/from-naples-full-day-sorrento-positano-amalfi-tour-t119305\/?partner_id=NO9XIDE&amp;utm_medium=online_publisher&amp;cmp=ITIDeAmalfiDayTripfromNaplesSP\" target=\"_blank\" rel=\"nofollow noopener\" style=\"outline: none;\"><strong>63,00 \u20ac<\/strong><\/a><\/h1>\n<p style=\"\">Ihr Konto wird noch nicht belastet<\/p>\n","protected":false},"excerpt":{"rendered":"<p>Ab Neapel: Ganztagestour nach Sorrent, Positano und Amalfi Zur Buchung Preis ab 63,00 \u20ac Entdecken Sie die atemberaubende Sch\u00f6nheit der italienischen Amalfik\u00fcste auf einer ganzt\u00e4gigen gef\u00fchrten Tour ab Neapel. Erkunden Sie Sorrent, Positano und Amalfi mit malerischen Ausblicken, kulturellen H\u00f6hepunkten und optionalem Mittagessen. Handverlesenes Ticket&nbsp; Jetzt reservieren &amp; sp\u00e4ter bezahlen Dauer: 8 Stunden Kostenlose Stornierung [&hellip;]<\/p>\n","protected":false},"author":6,"featured_media":17555,"parent":0,"menu_order":0,"comment_status":"closed","ping_status":"closed","template":"","meta":{"footnotes":"","tve_updated_post":"","tve_custom_css":"","tve_user_custom_css":"","tve_globals":{},"tcb2_ready":1,"tcb_editor_enabled":1,"tve_landing_page":"bd86f3fc67210fed5b2794ad4a56d3a9","_tve_header":"17144","_tve_footer":"17145"},"categories":[132,141,128],"tags":[134,151,152,130],"class_list":["post-17554","page","type-page","status-publish","has-post-thumbnail","hentry","category-fuhrung","category-neapel","category-verkaufsseite","tag-fuhrung","tag-neapel","tag-neapel-2","tag-verkaufsseite","post-wrapper","thrv_wrapper"],"_links":{"self":[{"href":"https:\/\/italy-tourist-information.com\/de\/wp-json\/wp\/v2\/pages\/17554","targetHints":{"allow":["GET"]}}],"collection":[{"href":"https:\/\/italy-tourist-information.com\/de\/wp-json\/wp\/v2\/pages"}],"about":[{"href":"https:\/\/italy-tourist-information.com\/de\/wp-json\/wp\/v2\/types\/page"}],"author":[{"embeddable":true,"href":"https:\/\/italy-tourist-information.com\/de\/wp-json\/wp\/v2\/users\/6"}],"replies":[{"embeddable":true,"href":"https:\/\/italy-tourist-information.com\/de\/wp-json\/wp\/v2\/comments?post=17554"}],"version-history":[{"count":7,"href":"https:\/\/italy-tourist-information.com\/de\/wp-json\/wp\/v2\/pages\/17554\/revisions"}],"predecessor-version":[{"id":20272,"href":"https:\/\/italy-tourist-information.com\/de\/wp-json\/wp\/v2\/pages\/17554\/revisions\/20272"}],"wp:featuredmedia":[{"embeddable":true,"href":"https:\/\/italy-tourist-information.com\/de\/wp-json\/wp\/v2\/media\/17555"}],"wp:attachment":[{"href":"https:\/\/italy-tourist-information.com\/de\/wp-json\/wp\/v2\/media?parent=17554"}],"wp:term":[{"taxonomy":"category","embeddable":true,"href":"https:\/\/italy-tourist-information.com\/de\/wp-json\/wp\/v2\/categories?post=17554"},{"taxonomy":"post_tag","embeddable":true,"href":"https:\/\/italy-tourist-information.com\/de\/wp-json\/wp\/v2\/tags?post=17554"}],"curies":[{"name":"wp","href":"https:\/\/api.w.org\/{rel}","templated":true}]}}