{"id":17565,"date":"2025-05-09T14:52:49","date_gmt":"2025-05-09T14:52:49","guid":{"rendered":"https:\/\/italy-tourist-information.com\/from-rome-pompeii-amalfi-coast-and-positano-day-trip"},"modified":"2026-05-05T15:00:31","modified_gmt":"2026-05-05T15:00:31","slug":"von-rom-nach-pompeji-amalfikueste-positano","status":"publish","type":"page","link":"https:\/\/italy-tourist-information.com\/de\/von-rom-nach-pompeji-amalfikueste-positano","title":{"rendered":"Tagesausflug von Rom nach Pompeji, an die Amalfik\u00fcste und nach Positano"},"content":{"rendered":"<p><span><img decoding=\"async\" alt=\"\" data-id=\"10613\" width=\"960\" height=\"600\" title=\"Tagesausflug von Rom nach Pompeji, Amalfik\u00fcste und Positano\" src=\"https:\/\/italy-tourist-information.com\/wp-content\/uploads\/2025\/05\/From-Rome-Pompeii-Amalfi-Coast-and-Positano-Day-Trip-ota.jpg\" data-src=\"https:\/\/italy-tourist-information.com\/wp-content\/uploads\/2025\/05\/From-Rome-Pompeii-Amalfi-Coast-and-Positano-Day-Trip-ota-300x188.jpg\" loading=\"lazy\" data-sizes=\"{&quot;thumbnail&quot;:{&quot;url&quot;:&quot;https:\/\/italy-tourist-information.com\/wp-content\/uploads\/2025\/05\/From-Rome-Pompeii-Amalfi-Coast-and-Positano-Day-Trip-ota-150x150.jpg&quot;,&quot;height&quot;:150,&quot;width&quot;:150,&quot;orientation&quot;:&quot;landscape&quot;},&quot;medium&quot;:{&quot;url&quot;:&quot;https:\/\/italy-tourist-information.com\/wp-content\/uploads\/2025\/05\/From-Rome-Pompeii-Amalfi-Coast-and-Positano-Day-Trip-ota-300x188.jpg&quot;,&quot;height&quot;:188,&quot;width&quot;:300,&quot;orientation&quot;:&quot;landscape&quot;},&quot;full&quot;:{&quot;url&quot;:&quot;https:\/\/italy-tourist-information.com\/wp-content\/uploads\/2025\/05\/From-Rome-Pompeii-Amalfi-Coast-and-Positano-Day-Trip-ota.jpg&quot;,&quot;height&quot;:600,&quot;width&quot;:960,&quot;orientation&quot;:&quot;landscape&quot;}}\"><\/span><span><img decoding=\"async\" alt=\"\" data-id=\"10612\" width=\"960\" height=\"623\" title=\"Tagesausflug von Rom nach Pompeji, zur Amalfik\u00fcste und nach Positano (ota2)\" src=\"https:\/\/italy-tourist-information.com\/wp-content\/uploads\/2025\/05\/From-Rome-Pompeii-Amalfi-Coast-and-Positano-Day-Trip-ota2.jpg\" data-src=\"https:\/\/italy-tourist-information.com\/wp-content\/uploads\/2025\/05\/From-Rome-Pompeii-Amalfi-Coast-and-Positano-Day-Trip-ota2-300x195.jpg\" loading=\"lazy\" data-sizes=\"{&quot;thumbnail&quot;:{&quot;url&quot;:&quot;https:\/\/italy-tourist-information.com\/wp-content\/uploads\/2025\/05\/From-Rome-Pompeii-Amalfi-Coast-and-Positano-Day-Trip-ota2-150x150.jpg&quot;,&quot;height&quot;:150,&quot;width&quot;:150,&quot;orientation&quot;:&quot;landscape&quot;},&quot;medium&quot;:{&quot;url&quot;:&quot;https:\/\/italy-tourist-information.com\/wp-content\/uploads\/2025\/05\/From-Rome-Pompeii-Amalfi-Coast-and-Positano-Day-Trip-ota2-300x195.jpg&quot;,&quot;height&quot;:195,&quot;width&quot;:300,&quot;orientation&quot;:&quot;landscape&quot;},&quot;full&quot;:{&quot;url&quot;:&quot;https:\/\/italy-tourist-information.com\/wp-content\/uploads\/2025\/05\/From-Rome-Pompeii-Amalfi-Coast-and-Positano-Day-Trip-ota2.jpg&quot;,&quot;height&quot;:623,&quot;width&quot;:960,&quot;orientation&quot;:&quot;landscape&quot;}}\"><\/span><span><img decoding=\"async\" alt=\"\" data-id=\"10611\" width=\"960\" height=\"640\" title=\"Tagesausflug von Rom nach Pompeji, zur Amalfik\u00fcste und nach Positano (ota3)\" src=\"https:\/\/italy-tourist-information.com\/wp-content\/uploads\/2025\/05\/From-Rome-Pompeii-Amalfi-Coast-and-Positano-Day-Trip-ota3.jpg\" data-src=\"https:\/\/italy-tourist-information.com\/wp-content\/uploads\/2025\/05\/From-Rome-Pompeii-Amalfi-Coast-and-Positano-Day-Trip-ota3-300x200.jpg\" loading=\"lazy\" data-sizes=\"{&quot;thumbnail&quot;:{&quot;url&quot;:&quot;https:\/\/italy-tourist-information.com\/wp-content\/uploads\/2025\/05\/From-Rome-Pompeii-Amalfi-Coast-and-Positano-Day-Trip-ota3-150x150.jpg&quot;,&quot;height&quot;:150,&quot;width&quot;:150,&quot;orientation&quot;:&quot;landscape&quot;},&quot;medium&quot;:{&quot;url&quot;:&quot;https:\/\/italy-tourist-information.com\/wp-content\/uploads\/2025\/05\/From-Rome-Pompeii-Amalfi-Coast-and-Positano-Day-Trip-ota3-300x200.jpg&quot;,&quot;height&quot;:200,&quot;width&quot;:300,&quot;orientation&quot;:&quot;landscape&quot;},&quot;full&quot;:{&quot;url&quot;:&quot;https:\/\/italy-tourist-information.com\/wp-content\/uploads\/2025\/05\/From-Rome-Pompeii-Amalfi-Coast-and-Positano-Day-Trip-ota3.jpg&quot;,&quot;height&quot;:640,&quot;width&quot;:960,&quot;orientation&quot;:&quot;landscape&quot;}}\"><\/span><span><img decoding=\"async\" alt=\"\" data-id=\"10610\" width=\"960\" height=\"640\" title=\"Tagesausflug von Rom nach Pompeji, zur Amalfik\u00fcste und nach Positano (ota4)\" src=\"https:\/\/italy-tourist-information.com\/wp-content\/uploads\/2025\/05\/From-Rome-Pompeii-Amalfi-Coast-and-Positano-Day-Trip-ota4.jpg\" data-src=\"https:\/\/italy-tourist-information.com\/wp-content\/uploads\/2025\/05\/From-Rome-Pompeii-Amalfi-Coast-and-Positano-Day-Trip-ota4-300x200.jpg\" loading=\"lazy\" data-sizes=\"{&quot;thumbnail&quot;:{&quot;url&quot;:&quot;https:\/\/italy-tourist-information.com\/wp-content\/uploads\/2025\/05\/From-Rome-Pompeii-Amalfi-Coast-and-Positano-Day-Trip-ota4-150x150.jpg&quot;,&quot;height&quot;:150,&quot;width&quot;:150,&quot;orientation&quot;:&quot;landscape&quot;},&quot;medium&quot;:{&quot;url&quot;:&quot;https:\/\/italy-tourist-information.com\/wp-content\/uploads\/2025\/05\/From-Rome-Pompeii-Amalfi-Coast-and-Positano-Day-Trip-ota4-300x200.jpg&quot;,&quot;height&quot;:200,&quot;width&quot;:300,&quot;orientation&quot;:&quot;landscape&quot;},&quot;full&quot;:{&quot;url&quot;:&quot;https:\/\/italy-tourist-information.com\/wp-content\/uploads\/2025\/05\/From-Rome-Pompeii-Amalfi-Coast-and-Positano-Day-Trip-ota4.jpg&quot;,&quot;height&quot;:640,&quot;width&quot;:960,&quot;orientation&quot;:&quot;landscape&quot;}}\"><\/span><span><img decoding=\"async\" alt=\"\" data-id=\"10609\" width=\"960\" height=\"640\" title=\"Tagesausflug von Rom nach Pompeji, zur Amalfik\u00fcste und nach Positano (ota5)\" src=\"https:\/\/italy-tourist-information.com\/wp-content\/uploads\/2025\/05\/From-Rome-Pompeii-Amalfi-Coast-and-Positano-Day-Trip-ota5.jpg\" data-src=\"https:\/\/italy-tourist-information.com\/wp-content\/uploads\/2025\/05\/From-Rome-Pompeii-Amalfi-Coast-and-Positano-Day-Trip-ota5-300x200.jpg\" loading=\"lazy\" data-sizes=\"{&quot;thumbnail&quot;:{&quot;url&quot;:&quot;https:\/\/italy-tourist-information.com\/wp-content\/uploads\/2025\/05\/From-Rome-Pompeii-Amalfi-Coast-and-Positano-Day-Trip-ota5-150x150.jpg&quot;,&quot;height&quot;:150,&quot;width&quot;:150,&quot;orientation&quot;:&quot;landscape&quot;},&quot;medium&quot;:{&quot;url&quot;:&quot;https:\/\/italy-tourist-information.com\/wp-content\/uploads\/2025\/05\/From-Rome-Pompeii-Amalfi-Coast-and-Positano-Day-Trip-ota5-300x200.jpg&quot;,&quot;height&quot;:200,&quot;width&quot;:300,&quot;orientation&quot;:&quot;landscape&quot;},&quot;full&quot;:{&quot;url&quot;:&quot;https:\/\/italy-tourist-information.com\/wp-content\/uploads\/2025\/05\/From-Rome-Pompeii-Amalfi-Coast-and-Positano-Day-Trip-ota5.jpg&quot;,&quot;height&quot;:640,&quot;width&quot;:960,&quot;orientation&quot;:&quot;landscape&quot;}}\"><\/span><span><img decoding=\"async\" alt=\"\" data-id=\"10608\" width=\"960\" height=\"640\" title=\"Tagesausflug von Rom nach Pompeji, zur Amalfik\u00fcste und nach Positano (ota6)\" src=\"https:\/\/italy-tourist-information.com\/wp-content\/uploads\/2025\/05\/From-Rome-Pompeii-Amalfi-Coast-and-Positano-Day-Trip-ota6.jpg\" data-src=\"https:\/\/italy-tourist-information.com\/wp-content\/uploads\/2025\/05\/From-Rome-Pompeii-Amalfi-Coast-and-Positano-Day-Trip-ota6-300x200.jpg\" loading=\"lazy\" data-sizes=\"{&quot;thumbnail&quot;:{&quot;url&quot;:&quot;https:\/\/italy-tourist-information.com\/wp-content\/uploads\/2025\/05\/From-Rome-Pompeii-Amalfi-Coast-and-Positano-Day-Trip-ota6-150x150.jpg&quot;,&quot;height&quot;:150,&quot;width&quot;:150,&quot;orientation&quot;:&quot;landscape&quot;},&quot;medium&quot;:{&quot;url&quot;:&quot;https:\/\/italy-tourist-information.com\/wp-content\/uploads\/2025\/05\/From-Rome-Pompeii-Amalfi-Coast-and-Positano-Day-Trip-ota6-300x200.jpg&quot;,&quot;height&quot;:200,&quot;width&quot;:300,&quot;orientation&quot;:&quot;landscape&quot;},&quot;full&quot;:{&quot;url&quot;:&quot;https:\/\/italy-tourist-information.com\/wp-content\/uploads\/2025\/05\/From-Rome-Pompeii-Amalfi-Coast-and-Positano-Day-Trip-ota6.jpg&quot;,&quot;height&quot;:640,&quot;width&quot;:960,&quot;orientation&quot;:&quot;landscape&quot;}}\"><\/span><span><img decoding=\"async\" alt=\"\" data-id=\"10607\" width=\"960\" height=\"640\" title=\"Tagesausflug von Rom nach Pompeji, zur Amalfik\u00fcste und nach Positano (ota7)\" src=\"https:\/\/italy-tourist-information.com\/wp-content\/uploads\/2025\/05\/From-Rome-Pompeii-Amalfi-Coast-and-Positano-Day-Trip-ota7.jpg\" data-src=\"https:\/\/italy-tourist-information.com\/wp-content\/uploads\/2025\/05\/From-Rome-Pompeii-Amalfi-Coast-and-Positano-Day-Trip-ota7-300x200.jpg\" loading=\"lazy\" data-sizes=\"{&quot;thumbnail&quot;:{&quot;url&quot;:&quot;https:\/\/italy-tourist-information.com\/wp-content\/uploads\/2025\/05\/From-Rome-Pompeii-Amalfi-Coast-and-Positano-Day-Trip-ota7-150x150.jpg&quot;,&quot;height&quot;:150,&quot;width&quot;:150,&quot;orientation&quot;:&quot;landscape&quot;},&quot;medium&quot;:{&quot;url&quot;:&quot;https:\/\/italy-tourist-information.com\/wp-content\/uploads\/2025\/05\/From-Rome-Pompeii-Amalfi-Coast-and-Positano-Day-Trip-ota7-300x200.jpg&quot;,&quot;height&quot;:200,&quot;width&quot;:300,&quot;orientation&quot;:&quot;landscape&quot;},&quot;full&quot;:{&quot;url&quot;:&quot;https:\/\/italy-tourist-information.com\/wp-content\/uploads\/2025\/05\/From-Rome-Pompeii-Amalfi-Coast-and-Positano-Day-Trip-ota7.jpg&quot;,&quot;height&quot;:640,&quot;width&quot;:960,&quot;orientation&quot;:&quot;landscape&quot;}}\"><\/span><span><img decoding=\"async\" alt=\"\" data-id=\"10606\" width=\"960\" height=\"640\" title=\"Tagesausflug von Rom nach Pompeji, zur Amalfik\u00fcste und nach Positano (ota8)\" src=\"https:\/\/italy-tourist-information.com\/wp-content\/uploads\/2025\/05\/From-Rome-Pompeii-Amalfi-Coast-and-Positano-Day-Trip-ota8.jpg\" data-src=\"https:\/\/italy-tourist-information.com\/wp-content\/uploads\/2025\/05\/From-Rome-Pompeii-Amalfi-Coast-and-Positano-Day-Trip-ota8-300x200.jpg\" loading=\"lazy\" data-sizes=\"{&quot;thumbnail&quot;:{&quot;url&quot;:&quot;https:\/\/italy-tourist-information.com\/wp-content\/uploads\/2025\/05\/From-Rome-Pompeii-Amalfi-Coast-and-Positano-Day-Trip-ota8-150x150.jpg&quot;,&quot;height&quot;:150,&quot;width&quot;:150,&quot;orientation&quot;:&quot;landscape&quot;},&quot;medium&quot;:{&quot;url&quot;:&quot;https:\/\/italy-tourist-information.com\/wp-content\/uploads\/2025\/05\/From-Rome-Pompeii-Amalfi-Coast-and-Positano-Day-Trip-ota8-300x200.jpg&quot;,&quot;height&quot;:200,&quot;width&quot;:300,&quot;orientation&quot;:&quot;landscape&quot;},&quot;full&quot;:{&quot;url&quot;:&quot;https:\/\/italy-tourist-information.com\/wp-content\/uploads\/2025\/05\/From-Rome-Pompeii-Amalfi-Coast-and-Positano-Day-Trip-ota8.jpg&quot;,&quot;height&quot;:640,&quot;width&quot;:960,&quot;orientation&quot;:&quot;landscape&quot;}}\"><\/span><\/p>\n<h1>Von Rom: Tagesausflug nach Pompeji, Amalfik\u00fcste und Positano<\/h1>\n<h2><a href=\"https:\/\/www.getyourguide.com\/rome-l33\/from-rome-vip-amalfi-coast-by-high-speed-train-t72946\/?partner_id=NO9XIDE&amp;utm_medium=online_publisher&amp;cmp=ITIDePompeiAmalfifromRomeDayTripSP\" target=\"_blank\" rel=\"nofollow noopener\" style=\"outline: none;\" spellcheck=\"false\">Zur Buchung<\/a><\/h2>\n<p style=\"\"><a href=\"https:\/\/www.getyourguide.com\/rome-l33\/from-rome-vip-amalfi-coast-by-high-speed-train-t72946\/?partner_id=NO9XIDE&amp;utm_medium=online_publisher&amp;cmp=ITIDePompeiAmalfifromRomeDayTripSP\" target=\"_blank\" rel=\"nofollow noopener\" style=\"outline: none;\">Preis ab<\/a><\/p>\n<h1><a href=\"https:\/\/www.getyourguide.com\/rome-l33\/from-rome-vip-amalfi-coast-by-high-speed-train-t72946\/?partner_id=NO9XIDE&amp;utm_medium=online_publisher&amp;cmp=ITIDePompeiAmalfifromRomeDayTripSP\" target=\"_blank\" rel=\"nofollow noopener\" style=\"outline: none;\" spellcheck=\"false\"><strong>109 \u20ac<\/strong><\/a><\/h1>\n<p dir=\"ltr\">Entdecken Sie die antike Geschichte in <strong>Pompeji<\/strong>, unternehmen Sie eine Kreuzfahrt entlang der atemberaubenden&nbsp;<strong>Amalfik\u00fcste<\/strong> und schl\u00e4ngeln Sie sich durch die farbenfrohen Stra\u00dfen von <strong>Positano<\/strong> \u2013 alles auf einem unvergesslichen <strong>Tagesausflug von Rom aus mit dem Luxusreisebus.<\/strong><\/p>\n<ul>\n<li style=\"\"><span>Handverlesenes Ticket&nbsp;<\/span><\/li>\n<li style=\"\"><span>Jetzt reservieren &amp; sp\u00e4ter bezahlen<\/span><\/li>\n<li style=\"\"><span>Dauer: 12 &#8211; 13 Stunden<\/span><\/li>\n<li style=\"\"><span>Kostenlose Stornierung<\/span><\/li>\n<\/ul>\n<h2>Inbegriffen<\/h2>\n<ul>\n<li style=\"\">                    <span>Hin- und R\u00fccktransfer ab Rom in einem modernen, klimatisierten Reisebus<\/span><\/li>\n<li style=\"\">                    <span>Erfahrener lokaler Reiseleiter<\/span><\/li>\n<li style=\"\">                    <span>Eintritt ohne Anstehen nach Pompeji<\/span><\/li>\n<li><span>Freizeit in Positano<\/span><\/li>\n<\/ul>\n<h2>Nicht inbegriffen<\/h2>\n<ul>\n<li style=\"\"><span>Hotelabholung und -r\u00fccktransfer<\/span><\/li>\n<li style=\"\"><span>Pers\u00f6nliche Ausgaben<\/span><\/li>\n<li style=\"\"><span>Speisen und Getr\u00e4nke<\/span><\/li>\n<\/ul>\n<h2>Wichtige Informationen<\/h2>\n<ul>\n<li style=\"\"><span><strong>Ungef\u00e4hre Tourdauer:&nbsp;<\/strong> 12\u201313 Stunden; Die Tourdauer kann sich aufgrund externer Faktoren geringf\u00fcgig verl\u00e4ngern.<\/span><\/li>\n<li style=\"\"><span>Verf\u00fcgbar in Englisch und Spanisch<\/span><\/li>\n<li style=\"\"><span>Diese Tour ist nicht geeignet f\u00fcr Personen mit Mobilit\u00e4tseinschr\u00e4nkungen, Rollstuhlfahrer, Sehbehinderte oder H\u00f6rgesch\u00e4digte.<br \/><\/span><\/li>\n<li><span>Kinderwagen, Gep\u00e4ck oder gro\u00dfe Taschen sowie Buggys sind nicht erlaubt.<\/span><\/li>\n<li><span>Bitte bringen Sie f\u00fcr Minderj\u00e4hrige (unter 18 Jahren) einen g\u00fcltigen Ausweis mit.<\/span><\/li>\n<li><span>Manche Orte bieten nur wenig Schatten \u2013 tragen Sie bequeme Schuhe, Sonnenschutz und bringen Sie Wasser mit.<\/span><\/li>\n<li><span>Maximal 15 Minuten Wartezeit am Treffpunkt; Versp\u00e4tete Ank\u00fcnfte werden nicht erstattet.<br \/><\/span><\/li>\n<li><span>Wenn Sie die Option \u201ePrivate Tour\u201c buchen, kontaktieren Sie den Anbieter bitte mit Ihrer GetYourGuide-Referenznummer.<\/span><\/li>\n<li><span>Der Reiseplan kann aufgrund unvorhergesehener Umst\u00e4nde angepasst werden.<\/span><\/li>\n<\/ul>\n<h2>Beschreibung:<\/h2>\n<p data-end=\"626\" data-start=\"152\">Erleben Sie <strong data-end=\"171\" data-start=\"160\">Pompeji<\/strong>, die&nbsp;<strong data-end=\"193\" data-start=\"177\">Amalfik\u00fcste<\/strong> und <strong data-end=\"211\" data-start=\"199\">Positano<\/strong> an einem unvergesslichen Tag voller Sehensw\u00fcrdigkeiten, Geschichte und K\u00fcstenflair. <strong>Umgehen Sie die Warteschlangen<\/strong> und entdecken Sie die Geheimnisse <strong>Pompejis<\/strong> mit einem ortskundigen Reisef\u00fchrer, w\u00e4hrend Sie durch die antiken Stra\u00dfen und Ruinen schl\u00e4ngeln.<\/p>\n<p data-end=\"626\" data-start=\"152\"><strong>Genie\u00dfen Sie anschlie\u00dfend eine malerische Fahrt entlang dramatischer Klippen und t\u00fcrkisfarbenem Wasser, bevor Sie Positano<\/strong>&nbsp;erreichen.&nbsp;<strong><\/strong>Mit seinen farbenfrohen H\u00e4usern, Boutiquen und Caf\u00e9s am Meer ist es der perfekte Ort, um zu entspannen und die Sch\u00f6nheit S\u00fcditaliens auf sich wirken zu lassen.<\/p>\n<h2>Highlights:<\/h2>\n<ul>\n<li ltr\"\"=\"\">Umgehen Sie die Warteschlange im <strong>UNESCO-Weltkulturerbe <\/strong><strong>Pompeji<\/strong> mit einer F\u00fchrung<\/li>\n<li ltr\"\"=\"\">Sehen Sie die Folgen des legend\u00e4ren Ausbruchs <strong>des Vesuvs<\/strong><\/li>\n<li ltr\"\"=\"\">Bewundern Sie die dramatischen Klippen und das t\u00fcrkisfarbene Wasser entlang der <strong>Amalfik\u00fcstenstra\u00dfe<\/strong><\/li>\n<li ltr\"\"=\"\">Schlendern Sie in aller Ruhe durch die eleganten Stra\u00dfen von <strong>Positano.<\/strong><\/li>\n<li ltr\"\"=\"\"><strong>Reisen Sie komfortabel<\/strong> in mit WLAN ausgestatteten, klimatisierten Reisebussen.<\/li>\n<li>Verbinden Sie Kultur, Natur und Charme <strong>in einem zusammenh\u00e4ngenden Tagesausflug<\/strong><\/li>\n<\/ul>\n<h2>Stornierungsbedingungen<\/h2>\n<p dir=\"ltr\">Kostenlose Stornierung bis zu 24 Stunden im Voraus mit voller R\u00fcckerstattung.<\/p>\n<h2>Treffpunkt &amp; Anweisungen<\/h2>\n<p dir=\"ltr\">Treffpunkt ist die Piazza del Popolo am Brunnen mit den L\u00f6wen und dem Obelisken. Halten Sie Ausschau nach dem Schild \u201eCity Wonders\u201c, das Ihr Reiseleiter h\u00e4lt. Bitte seien Sie 10 Minuten vor Beginn da und halten Sie Ihren Gutschein bereit. Eine Abholung ist nach vorheriger Absprache per E-Mail m\u00f6glich.<\/p>\n<p dir=\"ltr\"><a href=\"https:\/\/www.google.com\/maps?q=@41.910648345947266,12.476264953613281\" target=\"_blank\" rel=\"nofollow noopener\" style=\"outline: none;\" data-lt-tmp-id=\"lt-469471\" spellcheck=\"false\">In Google Maps \u00f6ffnen<\/a><\/p>\n<h2>Bewertungen<\/h2>\n<p><strong>4,6\/5&nbsp; <\/strong><strong>(6827 Bewertungen)<\/strong><\/p>\n<p dir=\"ltr\"><em>\u201e<\/em>Eine fantastische Tour mit wundersch\u00f6nen Orten und einer gro\u00dfartigen Geschichte. Unsere Reiseleiterin Laura Lepri war wunderbar. Sie hat uns die Geschichte und Kultur nicht nur der besuchten Orte, sondern auch die r\u00f6mischen und italienischen Traditionen hervorragend erkl\u00e4rt. Vielen Dank f\u00fcr dieses wundervolle Erlebnis!&nbsp;<em>\u201c<\/em> \u2013 Edmond, Mai 2025 <a href=\"https:\/\/www.getyourguide.com\/rome-l33\/from-rome-vip-amalfi-coast-by-high-speed-train-t72946\/?partner_id=NO9XIDE&amp;utm_medium=online_publisher&amp;cmp=ITIDePompeiAmalfifromRomeDayTripSP\" target=\"_blank\" rel=\"nofollow noopener\" data-lt-tmp-id=\"lt-861397\" spellcheck=\"false\" style=\"outline: none;\">&gt;&gt; Weitere Bewertungen ansehen \u2026<\/a><\/p>\n<h2>Weitere Aktivit\u00e4ten, die Ihnen gefallen k\u00f6nnten<\/h2>\n<p><span># <\/span><strong><span>2<\/span><\/strong><span># <\/span><strong><span>2<\/span><\/strong><span><img decoding=\"async\" alt=\"\" data-id=\"10618\" width=\"159\" data-init-width=\"1185\" height=\"83\" data-init-height=\"616\" title=\"Rom \u2013 Amalfik\u00fcste &amp; Positano Tagesausflug mit K\u00fcstenkreuzfahrt\" loading=\"lazy\" src=\"https:\/\/italy-tourist-information.com\/wp-content\/uploads\/2025\/05\/Rome-Amalfi-Coast-Positano-Day-Trip-with-Coastal-Cruise-ota.jpg\" data-width=\"159\" data-height=\"83\" style=\"aspect-ratio: auto 1185 \/ 616;\"><\/span><\/p>\n<table>\n<tbody>\n<tr>\n<td><a href=\"https:\/\/www.getyourguide.com\/rome-l33\/rome-amalfi-coast-positano-day-trip-with-coastal-cruise-t445099\/?partner_id=NO9XIDE&amp;utm_medium=online_publisher&amp;cmp=ITIDePompeiAmalfifromRomeDayTripSP2\" target=\"_blank\" rel=\"nofollow noopener\" style=\"outline: none;\" spellcheck=\"false\">Rom: Tagesausflug an die Amalfik\u00fcste und nach Positano mit K\u00fcstenfahrt<\/a><\/td>\n<\/tr>\n<\/tbody>\n<\/table>\n<p>Entdecken Sie die atemberaubende Amalfik\u00fcste auf einem Tagesausflug von Rom aus, inklusive einer malerischen K\u00fcstenfahrt nach Positano, freier Zeit zur Aufkl\u00e4rung, Limoncello-Verkostung und fachkundigem Transport.<\/p>\n<h3 style=\"\">Gesamtpreis<\/h3>\n<h3 style=\"\">Ihr Konto wird noch nicht belastet<\/h3>\n<p><span># <\/span><strong><span>2<\/span><\/strong><span><img decoding=\"async\" alt=\"\" data-id=\"10621\" width=\"159\" data-init-width=\"1185\" height=\"83\" data-init-height=\"616\" title=\"Tagesausflug von Rom nach Toskana und Montepulciano mit Mittagessen und Weinprobe\" loading=\"lazy\" src=\"https:\/\/italy-tourist-information.com\/wp-content\/uploads\/2025\/05\/Rome-Tuscany-Montepulciano-Day-Trip-with-Lunch-Wines-ota.jpg\" data-width=\"159\" data-height=\"83\" style=\"aspect-ratio: auto 1185 \/ 616;\"><\/span><\/p>\n<table>\n<tbody>\n<tr>\n<td><a href=\"https:\/\/www.getyourguide.com\/montepulciano-l2089\/rome-tuscany-montepulciano-day-trip-with-lunch-wines-t21292\/?partner_id=NO9XIDE&amp;utm_medium=online_publisher&amp;cmp=ITIDePompeiAmalfifromRomeDayTripSP3\" target=\"_blank\" rel=\"nofollow noopener\" style=\"outline: none;\" spellcheck=\"false\">Rom: Tagesausflug in die Toskana und nach Montepulciano mit Mittagessen und Weinprobe<\/a><\/td>\n<\/tr>\n<\/tbody>\n<\/table>\n<p dir=\"ltr\">Entfliehen Sie Rom und verbringen Sie einen ganzen Tag in der atemberaubenden Region Val d&#8217;Orcia in der Toskana. Erkunden Sie das mittelalterliche Montepulciano und das UNESCO-Weltkulturerbe Pienza und genie\u00dfen Sie ein dreig\u00e4ngiges toskanisches Mittagessen mit Brunello und lokalen Weinen auf einem Weingut in Landbesitz.<\/p>\n<h3 style=\"\">Gesamtpreis<\/h3>\n<h3 style=\"\">Ihr Konto wird noch nicht belastet<\/h3>\n<p><\/p>\n<h2><a href=\"https:\/\/www.getyourguide.com\/rome-l33\/from-rome-vip-amalfi-coast-by-high-speed-train-t72946\/?partner_id=NO9XIDE&amp;utm_medium=online_publisher&amp;cmp=ITIDePompeiAmalfifromRomeDayTripSP\" target=\"_blank\" rel=\"nofollow noopener\" style=\"outline: none;\" spellcheck=\"false\">Zur Buchung<\/a><\/h2>\n<p style=\"\"><a href=\"https:\/\/www.getyourguide.com\/rome-l33\/from-rome-vip-amalfi-coast-by-high-speed-train-t72946\/?partner_id=NO9XIDE&amp;utm_medium=online_publisher&amp;cmp=ITIDePompeiAmalfifromRomeDayTripSP\" target=\"_blank\" rel=\"nofollow noopener\" style=\"outline: none;\" spellcheck=\"false\">Preis ab<\/a><\/p>\n<h1><a href=\"https:\/\/www.getyourguide.com\/rome-l33\/from-rome-vip-amalfi-coast-by-high-speed-train-t72946\/?partner_id=NO9XIDE&amp;utm_medium=online_publisher&amp;cmp=ITIDePompeiAmalfifromRomeDayTripSP\" target=\"_blank\" rel=\"nofollow noopener\" style=\"outline: none;\" spellcheck=\"false\"><strong>109 \u20ac<\/strong><\/a><\/h1>\n<p style=\"\">Ihr Konto wird noch nicht belastet<\/p>\n","protected":false},"excerpt":{"rendered":"<p>Von Rom: Tagesausflug nach Pompeji, Amalfik\u00fcste und Positano Zur Buchung Preis ab 109 \u20ac Entdecken Sie die antike Geschichte in Pompeji, unternehmen Sie eine Kreuzfahrt entlang der atemberaubenden&nbsp;Amalfik\u00fcste und schl\u00e4ngeln Sie sich durch die farbenfrohen Stra\u00dfen von Positano \u2013 alles auf einem unvergesslichen Tagesausflug von Rom aus mit dem Luxusreisebus. Handverlesenes Ticket&nbsp; Jetzt reservieren &amp; [&hellip;]<\/p>\n","protected":false},"author":6,"featured_media":17566,"parent":0,"menu_order":0,"comment_status":"closed","ping_status":"closed","template":"","meta":{"footnotes":"","tve_updated_post":"","tve_custom_css":"","tve_user_custom_css":"","tve_globals":{},"tcb2_ready":1,"tcb_editor_enabled":1,"tve_landing_page":"bd86f3fc67210fed5b2794ad4a56d3a9","_tve_header":"17144","_tve_footer":"17145"},"categories":[132,143,128],"tags":[134,155,130],"class_list":["post-17565","page","type-page","status-publish","has-post-thumbnail","hentry","category-fuhrung","category-rom","category-verkaufsseite","tag-fuhrung","tag-rom","tag-verkaufsseite","post-wrapper","thrv_wrapper"],"_links":{"self":[{"href":"https:\/\/italy-tourist-information.com\/de\/wp-json\/wp\/v2\/pages\/17565","targetHints":{"allow":["GET"]}}],"collection":[{"href":"https:\/\/italy-tourist-information.com\/de\/wp-json\/wp\/v2\/pages"}],"about":[{"href":"https:\/\/italy-tourist-information.com\/de\/wp-json\/wp\/v2\/types\/page"}],"author":[{"embeddable":true,"href":"https:\/\/italy-tourist-information.com\/de\/wp-json\/wp\/v2\/users\/6"}],"replies":[{"embeddable":true,"href":"https:\/\/italy-tourist-information.com\/de\/wp-json\/wp\/v2\/comments?post=17565"}],"version-history":[{"count":6,"href":"https:\/\/italy-tourist-information.com\/de\/wp-json\/wp\/v2\/pages\/17565\/revisions"}],"predecessor-version":[{"id":20279,"href":"https:\/\/italy-tourist-information.com\/de\/wp-json\/wp\/v2\/pages\/17565\/revisions\/20279"}],"wp:featuredmedia":[{"embeddable":true,"href":"https:\/\/italy-tourist-information.com\/de\/wp-json\/wp\/v2\/media\/17566"}],"wp:attachment":[{"href":"https:\/\/italy-tourist-information.com\/de\/wp-json\/wp\/v2\/media?parent=17565"}],"wp:term":[{"taxonomy":"category","embeddable":true,"href":"https:\/\/italy-tourist-information.com\/de\/wp-json\/wp\/v2\/categories?post=17565"},{"taxonomy":"post_tag","embeddable":true,"href":"https:\/\/italy-tourist-information.com\/de\/wp-json\/wp\/v2\/tags?post=17565"}],"curies":[{"name":"wp","href":"https:\/\/api.w.org\/{rel}","templated":true}]}}