{"id":17578,"date":"2025-08-01T12:46:02","date_gmt":"2025-08-01T12:46:02","guid":{"rendered":"https:\/\/italy-tourist-information.com\/gardaland-amusement-park-legoland-water-park-ticket"},"modified":"2026-04-14T14:47:49","modified_gmt":"2026-04-14T14:47:49","slug":"tickets-fuer-gardaland-und-legoland","status":"publish","type":"page","link":"https:\/\/italy-tourist-information.com\/de\/tickets-fuer-gardaland-und-legoland","title":{"rendered":"Tickets f\u00fcr Gardaland und LEGOLAND\u00ae-Wasserpark"},"content":{"rendered":"<p><span><img decoding=\"async\" alt=\"\" data-id=\"11410\" width=\"2335\" height=\"1556\" title=\"Gardaland Freizeitpark &amp; LEGOLAND\u00ae Wasserpark - Eintrittskarte\" src=\"https:\/\/italy-tourist-information.com\/wp-content\/uploads\/2025\/08\/Gardaland-Amusement-Park-LEGOLAND\u00ae-Water-Park-Entry-Ticket-ota-1-1024x682.avif\" data-src=\"https:\/\/italy-tourist-information.com\/wp-content\/uploads\/2025\/08\/Gardaland-Amusement-Park-LEGOLAND\u00ae-Water-Park-Entry-Ticket-ota-1-300x200.avif\" loading=\"lazy\" data-sizes=\"{&quot;thumbnail&quot;:{&quot;url&quot;:&quot;https:\/\/italy-tourist-information.com\/wp-content\/uploads\/2025\/08\/Gardaland-Amusement-Park-LEGOLAND\u00ae-Water-Park-Entry-Ticket-ota-1-150x150.avif&quot;,&quot;height&quot;:150,&quot;width&quot;:150,&quot;orientation&quot;:&quot;landscape&quot;},&quot;medium&quot;:{&quot;url&quot;:&quot;https:\/\/italy-tourist-information.com\/wp-content\/uploads\/2025\/08\/Gardaland-Amusement-Park-LEGOLAND\u00ae-Water-Park-Entry-Ticket-ota-1-300x200.avif&quot;,&quot;height&quot;:200,&quot;width&quot;:300,&quot;orientation&quot;:&quot;landscape&quot;},&quot;large&quot;:{&quot;url&quot;:&quot;https:\/\/italy-tourist-information.com\/wp-content\/uploads\/2025\/08\/Gardaland-Amusement-Park-LEGOLAND\u00ae-Water-Park-Entry-Ticket-ota-1-1024x682.avif&quot;,&quot;height&quot;:682,&quot;width&quot;:1024,&quot;orientation&quot;:&quot;landscape&quot;},&quot;full&quot;:{&quot;url&quot;:&quot;https:\/\/italy-tourist-information.com\/wp-content\/uploads\/2025\/08\/Gardaland-Amusement-Park-LEGOLAND\u00ae-Water-Park-Entry-Ticket-ota-1.avif&quot;,&quot;height&quot;:1556,&quot;width&quot;:2335,&quot;orientation&quot;:&quot;landscape&quot;},&quot;1536x1536&quot;:{&quot;url&quot;:&quot;https:\/\/italy-tourist-information.com\/wp-content\/uploads\/2025\/08\/Gardaland-Amusement-Park-LEGOLAND\u00ae-Water-Park-Entry-Ticket-ota-1-1536x1024.avif&quot;,&quot;height&quot;:1024,&quot;width&quot;:1536,&quot;orientation&quot;:&quot;landscape&quot;},&quot;2048x2048&quot;:{&quot;url&quot;:&quot;https:\/\/italy-tourist-information.com\/wp-content\/uploads\/2025\/08\/Gardaland-Amusement-Park-LEGOLAND\u00ae-Water-Park-Entry-Ticket-ota-1-2048x1365.avif&quot;,&quot;height&quot;:1365,&quot;width&quot;:2048,&quot;orientation&quot;:&quot;landscape&quot;}}\"><\/span><span><img decoding=\"async\" alt=\"\" data-id=\"11406\" width=\"2337\" height=\"1556\" title=\"Gardaland Freizeitpark &amp; LEGOLAND\u00ae Wasserpark \u2013 Eintrittskarte ota5\" src=\"https:\/\/italy-tourist-information.com\/wp-content\/uploads\/2025\/08\/Gardaland-Amusement-Park-LEGOLAND\u00ae-Water-Park-Entry-Ticket-ota5-1024x682.avif\" data-src=\"https:\/\/italy-tourist-information.com\/wp-content\/uploads\/2025\/08\/Gardaland-Amusement-Park-LEGOLAND\u00ae-Water-Park-Entry-Ticket-ota5-300x200.avif\" loading=\"lazy\" data-sizes=\"{&quot;thumbnail&quot;:{&quot;url&quot;:&quot;https:\/\/italy-tourist-information.com\/wp-content\/uploads\/2025\/08\/Gardaland-Amusement-Park-LEGOLAND\u00ae-Water-Park-Entry-Ticket-ota5-150x150.avif&quot;,&quot;height&quot;:150,&quot;width&quot;:150,&quot;orientation&quot;:&quot;landscape&quot;},&quot;medium&quot;:{&quot;url&quot;:&quot;https:\/\/italy-tourist-information.com\/wp-content\/uploads\/2025\/08\/Gardaland-Amusement-Park-LEGOLAND\u00ae-Water-Park-Entry-Ticket-ota5-300x200.avif&quot;,&quot;height&quot;:200,&quot;width&quot;:300,&quot;orientation&quot;:&quot;landscape&quot;},&quot;large&quot;:{&quot;url&quot;:&quot;https:\/\/italy-tourist-information.com\/wp-content\/uploads\/2025\/08\/Gardaland-Amusement-Park-LEGOLAND\u00ae-Water-Park-Entry-Ticket-ota5-1024x682.avif&quot;,&quot;height&quot;:682,&quot;width&quot;:1024,&quot;orientation&quot;:&quot;landscape&quot;},&quot;full&quot;:{&quot;url&quot;:&quot;https:\/\/italy-tourist-information.com\/wp-content\/uploads\/2025\/08\/Gardaland-Amusement-Park-LEGOLAND\u00ae-Water-Park-Entry-Ticket-ota5.avif&quot;,&quot;height&quot;:1556,&quot;width&quot;:2337,&quot;orientation&quot;:&quot;landscape&quot;},&quot;1536x1536&quot;:{&quot;url&quot;:&quot;https:\/\/italy-tourist-information.com\/wp-content\/uploads\/2025\/08\/Gardaland-Amusement-Park-LEGOLAND\u00ae-Water-Park-Entry-Ticket-ota5-1536x1023.avif&quot;,&quot;height&quot;:1023,&quot;width&quot;:1536,&quot;orientation&quot;:&quot;landscape&quot;},&quot;2048x2048&quot;:{&quot;url&quot;:&quot;https:\/\/italy-tourist-information.com\/wp-content\/uploads\/2025\/08\/Gardaland-Amusement-Park-LEGOLAND\u00ae-Water-Park-Entry-Ticket-ota5-2048x1364.avif&quot;,&quot;height&quot;:1364,&quot;width&quot;:2048,&quot;orientation&quot;:&quot;landscape&quot;}}\"><\/span><span><img decoding=\"async\" alt=\"\" data-id=\"11407\" width=\"2337\" height=\"1556\" title=\"Gardaland Freizeitpark &amp; LEGOLAND\u00ae Wasserpark \u2013 Eintrittskarte ota4\" src=\"https:\/\/italy-tourist-information.com\/wp-content\/uploads\/2025\/08\/Gardaland-Amusement-Park-LEGOLAND\u00ae-Water-Park-Entry-Ticket-ota4-1024x682.avif\" data-src=\"https:\/\/italy-tourist-information.com\/wp-content\/uploads\/2025\/08\/Gardaland-Amusement-Park-LEGOLAND\u00ae-Water-Park-Entry-Ticket-ota4-300x200.avif\" loading=\"lazy\" data-sizes=\"{&quot;thumbnail&quot;:{&quot;url&quot;:&quot;https:\/\/italy-tourist-information.com\/wp-content\/uploads\/2025\/08\/Gardaland-Amusement-Park-LEGOLAND\u00ae-Water-Park-Entry-Ticket-ota4-150x150.avif&quot;,&quot;height&quot;:150,&quot;width&quot;:150,&quot;orientation&quot;:&quot;landscape&quot;},&quot;medium&quot;:{&quot;url&quot;:&quot;https:\/\/italy-tourist-information.com\/wp-content\/uploads\/2025\/08\/Gardaland-Amusement-Park-LEGOLAND\u00ae-Water-Park-Entry-Ticket-ota4-300x200.avif&quot;,&quot;height&quot;:200,&quot;width&quot;:300,&quot;orientation&quot;:&quot;landscape&quot;},&quot;large&quot;:{&quot;url&quot;:&quot;https:\/\/italy-tourist-information.com\/wp-content\/uploads\/2025\/08\/Gardaland-Amusement-Park-LEGOLAND\u00ae-Water-Park-Entry-Ticket-ota4-1024x682.avif&quot;,&quot;height&quot;:682,&quot;width&quot;:1024,&quot;orientation&quot;:&quot;landscape&quot;},&quot;full&quot;:{&quot;url&quot;:&quot;https:\/\/italy-tourist-information.com\/wp-content\/uploads\/2025\/08\/Gardaland-Amusement-Park-LEGOLAND\u00ae-Water-Park-Entry-Ticket-ota4.avif&quot;,&quot;height&quot;:1556,&quot;width&quot;:2337,&quot;orientation&quot;:&quot;landscape&quot;},&quot;1536x1536&quot;:{&quot;url&quot;:&quot;https:\/\/italy-tourist-information.com\/wp-content\/uploads\/2025\/08\/Gardaland-Amusement-Park-LEGOLAND\u00ae-Water-Park-Entry-Ticket-ota4-1536x1023.avif&quot;,&quot;height&quot;:1023,&quot;width&quot;:1536,&quot;orientation&quot;:&quot;landscape&quot;},&quot;2048x2048&quot;:{&quot;url&quot;:&quot;https:\/\/italy-tourist-information.com\/wp-content\/uploads\/2025\/08\/Gardaland-Amusement-Park-LEGOLAND\u00ae-Water-Park-Entry-Ticket-ota4-2048x1364.avif&quot;,&quot;height&quot;:1364,&quot;width&quot;:2048,&quot;orientation&quot;:&quot;landscape&quot;}}\"><\/span><span><img decoding=\"async\" alt=\"\" data-id=\"11408\" width=\"2337\" height=\"1556\" title=\"Gardaland Freizeitpark &amp; LEGOLAND\u00ae Wasserpark \u2013 Eintrittskarte ota3\" src=\"https:\/\/italy-tourist-information.com\/wp-content\/uploads\/2025\/08\/Gardaland-Amusement-Park-LEGOLAND\u00ae-Water-Park-Entry-Ticket-ota3-1024x682.avif\" data-src=\"https:\/\/italy-tourist-information.com\/wp-content\/uploads\/2025\/08\/Gardaland-Amusement-Park-LEGOLAND\u00ae-Water-Park-Entry-Ticket-ota3-300x200.avif\" loading=\"lazy\" data-sizes=\"{&quot;thumbnail&quot;:{&quot;url&quot;:&quot;https:\/\/italy-tourist-information.com\/wp-content\/uploads\/2025\/08\/Gardaland-Amusement-Park-LEGOLAND\u00ae-Water-Park-Entry-Ticket-ota3-150x150.avif&quot;,&quot;height&quot;:150,&quot;width&quot;:150,&quot;orientation&quot;:&quot;landscape&quot;},&quot;medium&quot;:{&quot;url&quot;:&quot;https:\/\/italy-tourist-information.com\/wp-content\/uploads\/2025\/08\/Gardaland-Amusement-Park-LEGOLAND\u00ae-Water-Park-Entry-Ticket-ota3-300x200.avif&quot;,&quot;height&quot;:200,&quot;width&quot;:300,&quot;orientation&quot;:&quot;landscape&quot;},&quot;large&quot;:{&quot;url&quot;:&quot;https:\/\/italy-tourist-information.com\/wp-content\/uploads\/2025\/08\/Gardaland-Amusement-Park-LEGOLAND\u00ae-Water-Park-Entry-Ticket-ota3-1024x682.avif&quot;,&quot;height&quot;:682,&quot;width&quot;:1024,&quot;orientation&quot;:&quot;landscape&quot;},&quot;full&quot;:{&quot;url&quot;:&quot;https:\/\/italy-tourist-information.com\/wp-content\/uploads\/2025\/08\/Gardaland-Amusement-Park-LEGOLAND\u00ae-Water-Park-Entry-Ticket-ota3.avif&quot;,&quot;height&quot;:1556,&quot;width&quot;:2337,&quot;orientation&quot;:&quot;landscape&quot;},&quot;1536x1536&quot;:{&quot;url&quot;:&quot;https:\/\/italy-tourist-information.com\/wp-content\/uploads\/2025\/08\/Gardaland-Amusement-Park-LEGOLAND\u00ae-Water-Park-Entry-Ticket-ota3-1536x1023.avif&quot;,&quot;height&quot;:1023,&quot;width&quot;:1536,&quot;orientation&quot;:&quot;landscape&quot;},&quot;2048x2048&quot;:{&quot;url&quot;:&quot;https:\/\/italy-tourist-information.com\/wp-content\/uploads\/2025\/08\/Gardaland-Amusement-Park-LEGOLAND\u00ae-Water-Park-Entry-Ticket-ota3-2048x1364.avif&quot;,&quot;height&quot;:1364,&quot;width&quot;:2048,&quot;orientation&quot;:&quot;landscape&quot;}}\"><\/span><span><img decoding=\"async\" alt=\"\" data-id=\"11409\" width=\"2337\" height=\"1556\" title=\"Gardaland Freizeitpark &amp; LEGOLAND\u00ae Wasserpark \u2013 Eintrittskarte ota2\" src=\"https:\/\/italy-tourist-information.com\/wp-content\/uploads\/2025\/08\/Gardaland-Amusement-Park-LEGOLAND\u00ae-Water-Park-Entry-Ticket-ota2-1024x682.avif\" data-src=\"https:\/\/italy-tourist-information.com\/wp-content\/uploads\/2025\/08\/Gardaland-Amusement-Park-LEGOLAND\u00ae-Water-Park-Entry-Ticket-ota2-300x200.avif\" loading=\"lazy\" data-sizes=\"{&quot;thumbnail&quot;:{&quot;url&quot;:&quot;https:\/\/italy-tourist-information.com\/wp-content\/uploads\/2025\/08\/Gardaland-Amusement-Park-LEGOLAND\u00ae-Water-Park-Entry-Ticket-ota2-150x150.avif&quot;,&quot;height&quot;:150,&quot;width&quot;:150,&quot;orientation&quot;:&quot;landscape&quot;},&quot;medium&quot;:{&quot;url&quot;:&quot;https:\/\/italy-tourist-information.com\/wp-content\/uploads\/2025\/08\/Gardaland-Amusement-Park-LEGOLAND\u00ae-Water-Park-Entry-Ticket-ota2-300x200.avif&quot;,&quot;height&quot;:200,&quot;width&quot;:300,&quot;orientation&quot;:&quot;landscape&quot;},&quot;large&quot;:{&quot;url&quot;:&quot;https:\/\/italy-tourist-information.com\/wp-content\/uploads\/2025\/08\/Gardaland-Amusement-Park-LEGOLAND\u00ae-Water-Park-Entry-Ticket-ota2-1024x682.avif&quot;,&quot;height&quot;:682,&quot;width&quot;:1024,&quot;orientation&quot;:&quot;landscape&quot;},&quot;full&quot;:{&quot;url&quot;:&quot;https:\/\/italy-tourist-information.com\/wp-content\/uploads\/2025\/08\/Gardaland-Amusement-Park-LEGOLAND\u00ae-Water-Park-Entry-Ticket-ota2.avif&quot;,&quot;height&quot;:1556,&quot;width&quot;:2337,&quot;orientation&quot;:&quot;landscape&quot;},&quot;1536x1536&quot;:{&quot;url&quot;:&quot;https:\/\/italy-tourist-information.com\/wp-content\/uploads\/2025\/08\/Gardaland-Amusement-Park-LEGOLAND\u00ae-Water-Park-Entry-Ticket-ota2-1536x1023.avif&quot;,&quot;height&quot;:1023,&quot;width&quot;:1536,&quot;orientation&quot;:&quot;landscape&quot;},&quot;2048x2048&quot;:{&quot;url&quot;:&quot;https:\/\/italy-tourist-information.com\/wp-content\/uploads\/2025\/08\/Gardaland-Amusement-Park-LEGOLAND\u00ae-Water-Park-Entry-Ticket-ota2-2048x1364.avif&quot;,&quot;height&quot;:1364,&quot;width&quot;:2048,&quot;orientation&quot;:&quot;landscape&quot;}}\"><\/span><\/p>\n<h1>Gardaland &amp; LEGOLAND\u00ae Wasserpark: Eintrittskarte<\/h1>\n<h2><a href=\"https:\/\/www.tiqets.com\/de\/castelnuovo-del-garda-sehenswuerdigkeiten-c106309\/tickets-fur-gardaland-park-legoland-r-wasserpark-1-tageskarte-p1118287\/?partner=italytouristinformation&amp;tq_campaign=ITIDeGardaLegolandSP\" target=\"_blank\" rel=\"nofollow noopener\" style=\"outline: none;\">Zur Buchung<\/a><\/h2>\n<p style=\"\"><a href=\"https:\/\/www.tiqets.com\/de\/castelnuovo-del-garda-sehenswuerdigkeiten-c106309\/tickets-fur-gardaland-park-legoland-r-wasserpark-1-tageskarte-p1118287\/?partner=italytouristinformation&amp;tq_campaign=ITIDeGardaLegolandSP\" target=\"_blank\" rel=\"nofollow noopener\" style=\"outline: none;\">Preis ab<\/a><\/p>\n<h1><a href=\"https:\/\/www.tiqets.com\/de\/castelnuovo-del-garda-sehenswuerdigkeiten-c106309\/tickets-fur-gardaland-park-legoland-r-wasserpark-1-tageskarte-p1118287\/?partner=italytouristinformation&amp;tq_campaign=ITIDeGardaLegolandSP\" target=\"_blank\" rel=\"nofollow noopener\" style=\"outline: none;\" spellcheck=\"false\"><strong>57 \u20ac<\/strong><\/a><\/h1>\n<p dir=\"ltr\">Erleben Sie spritzigen Spa\u00df in Italiens Top-Freizeitpark! Genie\u00dfen Sie aufregende Fahrgesch\u00e4fte in <strong>Gardaland<\/strong> und tauchen Sie ein in <strong>den LEGO\u00ae-Wasserspa\u00df im LEGOLAND\u00ae Wasserpark<\/strong> \u2013 alles mit einem einzigen Ticket voller Action.<\/p>\n<ul>\n<li style=\"\"><span>Sorgf\u00e4ltig ausgew\u00e4hltes Ticket&nbsp;<\/span><\/li>\n<li style=\"\"><span>Mobiles Ticket<\/span><\/li>\n<li style=\"\"><span>Kombiticket<\/span><\/li>\n<li style=\"\"><span>Nicht storniebar<\/span><\/li>\n<\/ul>\n<h2>Inbegriffen<\/h2>\n<ul>\n<li style=\"\">                    <span>Eintrittskarte f\u00fcr den Vergn\u00fcgungspark Gardaland<\/span><\/li>\n<li style=\"\">                    <span>Zugang zum LEGOLAND\u00ae Wasserpark<\/span><\/li>\n<\/ul>\n<h2>Nicht inbegriffen<\/h2>\n<ul>\n<li style=\"\"><span>Eingang zum Gardaland SEA LIFE Aquarium<\/span><\/li>\n<\/ul>\n<ul>\n<li style=\"\"><span>Transport zum und vom Park<\/span><\/li>\n<\/ul>\n<h2>Wichtige Informationen<\/h2>\n<ul>\n<li style=\"\"><span><span data-sheets-root=\"1\">Freier Eintritt f\u00fcr Kinder unter 90 cm K\u00f6rpergr\u00f6\u00dfe<\/span><\/span><\/li>\n<li style=\"\"><span><span data-sheets-root=\"1\">Kinder unter 13 Jahren m\u00fcssen jederzeit von einem Erwachsenen begleitet werden. G\u00e4ste zwischen 14 und 17 Jahren k\u00f6nnen den LEGOLAND\u00ae Wasserpark entweder in Begleitung eines Erwachsenen oder alleine besuchen.<\/span><\/span><\/li>\n<li style=\"\"><span>F\u00fcr einige Fahrgesch\u00e4fte gelten Mindestgr\u00f6\u00dfenbeschr\u00e4nkungen.<\/span><\/li>\n<li style=\"\"><span>Der LEGOLAND\u00ae Wasserpark befindet sich im Gardaland<\/span><\/li>\n<li style=\"\"><span>Das Ticket ist nur am ausgew\u00e4hlten Datum g\u00fcltig.<\/span><\/li>\n<li style=\"\"><span>Nicht geeignet f\u00fcr Besucher mit eingeschr\u00e4nkter Mobilit\u00e4t in den Wasserparkbereichen<\/span><\/li>\n<li style=\"\"><span>Die meisten Schilder und die Mitarbeiterkommunikation sind auf Italienisch und Englisch verf\u00fcgbar.<\/span><\/li>\n<\/ul>\n<h2>Beschreibung:<\/h2>\n<p dir=\"ltr\">Freuen Sie sich auf einen Tag voller Spa\u00df im Gardaland Resort! Mit diesem <strong>Kombiticket <\/strong><strong>erhalten<\/strong> Sie Zugang sowohl zum <strong>Gardaland Vergn\u00fcgungspark<\/strong> als auch zum <strong>LEGOLAND\u00ae Wasserpark<\/strong>, der sich im Gardaland befindet.&nbsp;<strong><\/strong><strong><\/strong><strong><\/strong><\/p>\n<p dir=\"ltr\">Sausen Sie bunte Rutschen hinab, bauen Sie Ihr eigenes Flo\u00df und erleben Sie spritzige Abenteuer in <strong>interaktiven <\/strong><strong>LEGO\u00ae-Welten<\/strong>. Anschlie\u00dfend erwarten Sie aufregende Achterbahnen, Shows und&nbsp;<strong>magische Welten im Gardaland.<\/strong>&nbsp;Ob mit Kindern oder einfach junggeblieben \u2013 dieser All-in-One-Pass bietet Ihnen einen ganzen Tag voller Spannung und unvergesslicher Erinnerungen!<\/p>\n<h2>Highlights:<\/h2>\n<ul>\n<li dir=\"ltr\">Treibe in einem selbstgebauten Flo\u00df auf einem LEGO\u00ae-Themenfluss dahin.<\/li>\n<li dir=\"ltr\">Erleben Sie die adrenalingeladenen Achterbahnen und Familienattraktionen von Gardaland.<\/li>\n<li dir=\"ltr\">Entdecken Sie interaktive Bereiche, die perfekt f\u00fcr Kleinkinder, Kinder und LEGO\u00ae-Fans geeignet sind!<\/li>\n<li dir=\"ltr\">Entspannen Sie sich in Planschbecken und Themenbereichen, die f\u00fcr alle Altersgruppen geeignet sind.<\/li>\n<li dir=\"ltr\">Kombinieren Sie zwei fantastische Parks mit einem einzigen, praktischen digitalen Ticket.<\/li>\n<\/ul>\n<h2>Gardaland Legoland Wasserpark<\/h2>\n<p>Via Derna, 4, 37014 Castelnuovo del Garda VR, Italien<\/p>\n<h2>Stornierungsbedingungen<\/h2>\n<p data-pm-slice=\"1 1 []\"><span data-sheets-root=\"1\">Dieses Ticket ist nicht stornierbar. \u00c4nderungen oder Stornierungen sind nach dem Kauf nicht m\u00f6glich. Bitte w\u00e4hlen Sie Ihr Datum daher sorgf\u00e4ltig aus.<\/span><\/p>\n<h2>Treffpunkt &amp; Anweisungen<\/h2>\n<p>Zeigen Sie Ihren Smartphone-Gutschein am Eingang des Freizeitparks Gardaland vor.<\/p>\n<p>Mit Ihrem Ticket haben Sie am selben Tag Zutritt sowohl zum Gardaland als auch zum LEGOLAND\u00ae Wasserpark. Kommen Sie am besten ins LEGOLAND\u00ae, um den ganzen Wasserspa\u00df zu erleben.<\/p>\n<p><a href=\"https:\/\/www.google.com\/maps\/place\/Gardaland\/@45.4562903,10.7107262,17z\/data=!3m1!4b1!4m14!1m7!3m6!1s0x4781e96b6daa170f:0xbf51a7b9282e10ed!2sGardaland!8m2!3d45.4562903!4d10.7133011!16zL20vMGY0OWxy!3m5!1s0x4781e96b6daa170f:0xbf51a7b9282e10ed!8m2!3d45.4562903!4d10.7133011!16zL20vMGY0OWxy?entry=ttu&amp;g_ep=EgoyMDI0MDkwMy4wIKXMDSoASAFQAw%3D%3D\" data-lt-tmp-id=\"lt-827772\" spellcheck=\"false\" target=\"_blank\" rel=\"nofollow noopener\">In Karten \u00f6ffnen<\/a><\/p>\n<h2>Bewertungen<\/h2>\n<p><strong>4.4\/5 (40+ Bewertungen)<\/strong><\/p>\n<p>&nbsp;<a href=\"https:\/\/www.tiqets.com\/de\/castelnuovo-del-garda-sehenswuerdigkeiten-c106309\/tickets-fur-gardaland-park-legoland-r-wasserpark-1-tageskarte-p1118287\/?partner=italytouristinformation&amp;tq_campaign=ITIDeGardaLegolandSP\" target=\"_blank\" rel=\"nofollow noopener\" spellcheck=\"false\" style=\"outline: none;\">&nbsp;&gt;&gt; Weitere Informationen&#8230;<\/a><\/p>\n<h2>Weitere Aktivit\u00e4ten, die Ihnen gefallen k\u00f6nnten<\/h2>\n<p><span># <\/span><strong><span>2<\/span><\/strong><span># <\/span><strong><span>2<\/span><\/strong><span><img decoding=\"async\" alt=\"\" data-id=\"6148\" width=\"159\" data-init-width=\"560\" height=\"159\" data-init-height=\"560\" title=\"Gardaland Park Eintrittskarte\" src=\"https:\/\/italy-tourist-information.com\/wp-content\/uploads\/2024\/09\/Gardaland-Park-Ticket.avif\" data-width=\"159\" data-height=\"159\" style=\"aspect-ratio: auto 560 \/ 560;\" loading=\"lazy\"><\/span><\/p>\n<table>\n<tbody>\n<tr>\n<td><a href=\"https:\/\/www.tiqets.com\/de\/castelnuovo-del-garda-attractions-c106309\/tickets-for-gardaland-park-gardaland-sea-life-aquarium-p974794\/?partner=italytouristinformation&amp;tq_campaign=ITIDeGardaLegolandSP2\" target=\"_blank\" rel=\"nofollow noopener\" style=\"outline: none;\" data-lt-tmp-id=\"lt-398407\" spellcheck=\"false\">Gardaland Park + Gardaland SEA LIFE Aquarium<\/a><\/td>\n<\/tr>\n<\/tbody>\n<\/table>\n<p>Erleben Sie einen erlebnisreichen Tag mit Zugang zum <strong>Gardaland Park<\/strong> und <strong>dem Gardaland SEA LIFE Aquarium,<\/strong> wo aufregende Fahrgesch\u00e4fte auf faszinierende Meeresbewohner treffen.<\/p>\n<h3 style=\"\">Gesamtpreis<\/h3>\n<h3 style=\"\">Ihr Konto wird noch nicht belastet.<\/h3>\n<p><span># <\/span><strong><span>2<\/span><\/strong><span><img decoding=\"async\" alt=\"\" data-id=\"6150\" width=\"159\" data-init-width=\"1185\" height=\"83\" data-init-height=\"616\" title=\"Gardaland SEA LIFE Aquarium \u2013 Eintrittskarte f\u00fcr offenes Datum\" src=\"https:\/\/italy-tourist-information.com\/wp-content\/uploads\/2024\/09\/Gardaland-SEA-LIFE-Aquarium-Open-Date-Entry-Ticket.jpg\" data-width=\"159\" data-height=\"83\" style=\"aspect-ratio: auto 1185 \/ 616;\" loading=\"lazy\"><\/span><\/p>\n<table>\n<tbody>\n<tr>\n<td><a href=\"https:\/\/www.tiqets.com\/de\/castelnuovo-del-garda-sehenswuerdigkeiten-c106309\/tickets-fur-gardaland-sea-life-aquarium-p974770\/?partner=italytouristinformation&amp;tq_campaign=ITIDeGardaLegolandSP3\" target=\"_blank\" rel=\"nofollow noopener\" style=\"outline: none;\" spellcheck=\"false\">Gardaland SEA LIFE Aquarium: Eintrittskarte f\u00fcr jedes Datum<\/a><\/td>\n<\/tr>\n<\/tbody>\n<\/table>\n<p>Tauchen Sie ein in das Wunder des Ozeans im <strong>Gardaland SEA LIFE Aquarium \u2013<\/strong> mit der Flexibilit\u00e4t eines Tickets ohne festes Eintrittsdatum.<\/p>\n<h3 style=\"\">Gesamtpreis<\/h3>\n<h3 style=\"\">Ihr Konto wird noch nicht belastet.<\/h3>\n<p><span>#3<\/span><span><img decoding=\"async\" alt=\"Gardaland Freizeitpark &amp; LEGOLAND\u00ae Wasserpark: Eintrittskarte\" data-id=\"11390\" width=\"159\" data-init-width=\"2335\" height=\"106\" data-init-height=\"1556\" title=\"Gardaland Freizeitpark &amp; LEGOLAND\u00ae Wasserpark - Eintrittskarte\" src=\"https:\/\/italy-tourist-information.com\/wp-content\/uploads\/2025\/08\/Gardaland-Amusement-Park-LEGOLAND\u00ae-Water-Park-Entry-Ticket-ota.avif\" data-width=\"159\" data-height=\"106\" style=\"aspect-ratio: auto 2335 \/ 1556;\" loading=\"lazy\"><\/span><\/p>\n<table>\n<tbody>\n<tr>\n<td><a href=\"https:\/\/www.tiqets.com\/de\/castelnuovo-del-garda-attractions-c106309\/tickets-for-gardaland-park-2-days-legoland-r-water-park-sea-life-aquarium-p1118607\/?partner=italytouristinformation&amp;tq_campaign=ITIDeGardaLegolandSP4\" target=\"_blank\" rel=\"nofollow noopener\" style=\"outline: none;\" spellcheck=\"false\">Gardaland Park, LEGOLAND\u00ae Wasserpark &amp; SEA LIFE Aquarium: 2-Tages-Kombiticket<\/a><\/td>\n<\/tr>\n<\/tbody>\n<\/table>\n<p>Erleben Sie zwei volle Tage voller Abenteuer mit einem Kombiticket f\u00fcr <strong>den Gardaland Park, den LEGOLAND\u00ae Wasserpark und das SEA LIFE Aquarium<\/strong> \u2013 dreifacher Spa\u00df und Entdeckungen inklusive.<\/p>\n<h3 style=\"\">Gesamtpreis<\/h3>\n<h3 style=\"\">Ihr Konto wird noch nicht belastet.<\/h3>\n<p><\/p>\n<h2><a href=\"https:\/\/www.tiqets.com\/de\/castelnuovo-del-garda-sehenswuerdigkeiten-c106309\/tickets-fur-gardaland-park-legoland-r-wasserpark-1-tageskarte-p1118287\/?partner=italytouristinformation&amp;tq_campaign=ITIDeGardaLegolandSP\" target=\"_blank\" rel=\"nofollow noopener\" style=\"outline: none;\" spellcheck=\"false\">Zur Buchung<\/a><\/h2>\n<p style=\"\"><a href=\"https:\/\/www.tiqets.com\/de\/castelnuovo-del-garda-sehenswuerdigkeiten-c106309\/tickets-fur-gardaland-park-legoland-r-wasserpark-1-tageskarte-p1118287\/?partner=italytouristinformation&amp;tq_campaign=ITIDeGardaLegolandSP\" target=\"_blank\" rel=\"nofollow noopener\" style=\"outline: none;\">Preis ab<\/a><\/p>\n<h1><a href=\"https:\/\/www.tiqets.com\/de\/castelnuovo-del-garda-sehenswuerdigkeiten-c106309\/tickets-fur-gardaland-park-legoland-r-wasserpark-1-tageskarte-p1118287\/?partner=italytouristinformation&amp;tq_campaign=ITIDeGardaLegolandSP\" target=\"_blank\" rel=\"nofollow noopener\" style=\"outline: none;\"><strong>57 \u20ac<\/strong><\/a><\/h1>\n<p style=\"\">Ihr Konto wird noch nicht belastet.<\/p>\n","protected":false},"excerpt":{"rendered":"<p>Gardaland &amp; LEGOLAND\u00ae Wasserpark: Eintrittskarte Zur Buchung Preis ab 57 \u20ac Erleben Sie spritzigen Spa\u00df in Italiens Top-Freizeitpark! Genie\u00dfen Sie aufregende Fahrgesch\u00e4fte in Gardaland und tauchen Sie ein in den LEGO\u00ae-Wasserspa\u00df im LEGOLAND\u00ae Wasserpark \u2013 alles mit einem einzigen Ticket voller Action. Sorgf\u00e4ltig ausgew\u00e4hltes Ticket&nbsp; Mobiles Ticket Kombiticket Nicht storniebar Inbegriffen Eintrittskarte f\u00fcr den Vergn\u00fcgungspark [&hellip;]<\/p>\n","protected":false},"author":6,"featured_media":17579,"parent":0,"menu_order":0,"comment_status":"closed","ping_status":"closed","template":"","meta":{"footnotes":""},"categories":[128],"tags":[130,159],"class_list":["post-17578","page","type-page","status-publish","has-post-thumbnail","hentry","category-verkaufsseite","tag-verkaufsseite","tag-verona-de","post-wrapper","thrv_wrapper"],"_links":{"self":[{"href":"https:\/\/italy-tourist-information.com\/de\/wp-json\/wp\/v2\/pages\/17578","targetHints":{"allow":["GET"]}}],"collection":[{"href":"https:\/\/italy-tourist-information.com\/de\/wp-json\/wp\/v2\/pages"}],"about":[{"href":"https:\/\/italy-tourist-information.com\/de\/wp-json\/wp\/v2\/types\/page"}],"author":[{"embeddable":true,"href":"https:\/\/italy-tourist-information.com\/de\/wp-json\/wp\/v2\/users\/6"}],"replies":[{"embeddable":true,"href":"https:\/\/italy-tourist-information.com\/de\/wp-json\/wp\/v2\/comments?post=17578"}],"version-history":[{"count":7,"href":"https:\/\/italy-tourist-information.com\/de\/wp-json\/wp\/v2\/pages\/17578\/revisions"}],"predecessor-version":[{"id":19264,"href":"https:\/\/italy-tourist-information.com\/de\/wp-json\/wp\/v2\/pages\/17578\/revisions\/19264"}],"wp:featuredmedia":[{"embeddable":true,"href":"https:\/\/italy-tourist-information.com\/de\/wp-json\/wp\/v2\/media\/17579"}],"wp:attachment":[{"href":"https:\/\/italy-tourist-information.com\/de\/wp-json\/wp\/v2\/media?parent=17578"}],"wp:term":[{"taxonomy":"category","embeddable":true,"href":"https:\/\/italy-tourist-information.com\/de\/wp-json\/wp\/v2\/categories?post=17578"},{"taxonomy":"post_tag","embeddable":true,"href":"https:\/\/italy-tourist-information.com\/de\/wp-json\/wp\/v2\/tags?post=17578"}],"curies":[{"name":"wp","href":"https:\/\/api.w.org\/{rel}","templated":true}]}}