{"id":17589,"date":"2024-09-06T15:23:26","date_gmt":"2024-09-06T15:23:26","guid":{"rendered":"https:\/\/italy-tourist-information.com\/gardaland-amusement-park-fast-track-ticket"},"modified":"2026-04-14T14:40:37","modified_gmt":"2026-04-14T14:40:37","slug":"tickets-fuer-gardaland-fast-track-eintritt","status":"publish","type":"page","link":"https:\/\/italy-tourist-information.com\/de\/tickets-fuer-gardaland-fast-track-eintritt","title":{"rendered":"Tickets f\u00fcr Gardaland Fast Track Eintritt"},"content":{"rendered":"<p><span><img decoding=\"async\" alt=\"\" data-id=\"6153\" width=\"560\" height=\"560\" title=\"Gardaland Park Eintrittskarte\" src=\"https:\/\/italy-tourist-information.com\/wp-content\/uploads\/2024\/09\/Gardaland-Park-Ticket-1.avif\" data-src=\"https:\/\/italy-tourist-information.com\/wp-content\/uploads\/2024\/09\/Gardaland-Park-Ticket-1-300x300.avif\" data-sizes=\"{&quot;thumbnail&quot;:{&quot;url&quot;:&quot;https:\/\/italy-tourist-information.com\/wp-content\/uploads\/2024\/09\/Gardaland-Park-Ticket-1-150x150.avif&quot;,&quot;height&quot;:150,&quot;width&quot;:150,&quot;orientation&quot;:&quot;landscape&quot;},&quot;medium&quot;:{&quot;url&quot;:&quot;https:\/\/italy-tourist-information.com\/wp-content\/uploads\/2024\/09\/Gardaland-Park-Ticket-1-300x300.avif&quot;,&quot;height&quot;:300,&quot;width&quot;:300,&quot;orientation&quot;:&quot;landscape&quot;},&quot;full&quot;:{&quot;url&quot;:&quot;https:\/\/italy-tourist-information.com\/wp-content\/uploads\/2024\/09\/Gardaland-Park-Ticket-1.avif&quot;,&quot;height&quot;:560,&quot;width&quot;:560,&quot;orientation&quot;:&quot;landscape&quot;}}\" loading=\"lazy\"><\/span><span><img decoding=\"async\" alt=\"\" data-id=\"6154\" width=\"1600\" height=\"1600\" title=\"Gardaland Freizeitpark \u2013 Fast-Track-Ticket 4\" src=\"https:\/\/italy-tourist-information.com\/wp-content\/uploads\/2024\/09\/Gardaland-Amusement-Park-Fast-Track-Ticket-4-1024x1024.avif\" data-src=\"https:\/\/italy-tourist-information.com\/wp-content\/uploads\/2024\/09\/Gardaland-Amusement-Park-Fast-Track-Ticket-4-300x300.avif\" data-sizes=\"{&quot;thumbnail&quot;:{&quot;url&quot;:&quot;https:\/\/italy-tourist-information.com\/wp-content\/uploads\/2024\/09\/Gardaland-Amusement-Park-Fast-Track-Ticket-4-150x150.avif&quot;,&quot;height&quot;:150,&quot;width&quot;:150,&quot;orientation&quot;:&quot;landscape&quot;},&quot;medium&quot;:{&quot;url&quot;:&quot;https:\/\/italy-tourist-information.com\/wp-content\/uploads\/2024\/09\/Gardaland-Amusement-Park-Fast-Track-Ticket-4-300x300.avif&quot;,&quot;height&quot;:300,&quot;width&quot;:300,&quot;orientation&quot;:&quot;landscape&quot;},&quot;large&quot;:{&quot;url&quot;:&quot;https:\/\/italy-tourist-information.com\/wp-content\/uploads\/2024\/09\/Gardaland-Amusement-Park-Fast-Track-Ticket-4-1024x1024.avif&quot;,&quot;height&quot;:1024,&quot;width&quot;:1024,&quot;orientation&quot;:&quot;landscape&quot;},&quot;full&quot;:{&quot;url&quot;:&quot;https:\/\/italy-tourist-information.com\/wp-content\/uploads\/2024\/09\/Gardaland-Amusement-Park-Fast-Track-Ticket-4.avif&quot;,&quot;height&quot;:1600,&quot;width&quot;:1600,&quot;orientation&quot;:&quot;landscape&quot;},&quot;1536x1536&quot;:{&quot;url&quot;:&quot;https:\/\/italy-tourist-information.com\/wp-content\/uploads\/2024\/09\/Gardaland-Amusement-Park-Fast-Track-Ticket-4-1536x1536.avif&quot;,&quot;height&quot;:1536,&quot;width&quot;:1536,&quot;orientation&quot;:&quot;landscape&quot;}}\" loading=\"lazy\"><\/span><span><img decoding=\"async\" alt=\"\" data-id=\"6155\" width=\"560\" height=\"560\" title=\"Gardaland Freizeitpark \u2013 Fast-Track-Ticket 3\" src=\"https:\/\/italy-tourist-information.com\/wp-content\/uploads\/2024\/09\/Gardaland-Amusement-Park-Fast-Track-Ticket-3.avif\" data-src=\"https:\/\/italy-tourist-information.com\/wp-content\/uploads\/2024\/09\/Gardaland-Amusement-Park-Fast-Track-Ticket-3-300x300.avif\" data-sizes=\"{&quot;thumbnail&quot;:{&quot;url&quot;:&quot;https:\/\/italy-tourist-information.com\/wp-content\/uploads\/2024\/09\/Gardaland-Amusement-Park-Fast-Track-Ticket-3-150x150.avif&quot;,&quot;height&quot;:150,&quot;width&quot;:150,&quot;orientation&quot;:&quot;landscape&quot;},&quot;medium&quot;:{&quot;url&quot;:&quot;https:\/\/italy-tourist-information.com\/wp-content\/uploads\/2024\/09\/Gardaland-Amusement-Park-Fast-Track-Ticket-3-300x300.avif&quot;,&quot;height&quot;:300,&quot;width&quot;:300,&quot;orientation&quot;:&quot;landscape&quot;},&quot;full&quot;:{&quot;url&quot;:&quot;https:\/\/italy-tourist-information.com\/wp-content\/uploads\/2024\/09\/Gardaland-Amusement-Park-Fast-Track-Ticket-3.avif&quot;,&quot;height&quot;:560,&quot;width&quot;:560,&quot;orientation&quot;:&quot;landscape&quot;}}\" loading=\"lazy\"><\/span><span><img decoding=\"async\" alt=\"\" data-id=\"6156\" width=\"560\" height=\"560\" title=\"Gardaland Freizeitpark \u2013 Fast-Track-Ticket 2\" src=\"https:\/\/italy-tourist-information.com\/wp-content\/uploads\/2024\/09\/Gardaland-Amusement-Park-Fast-Track-Ticket-2.avif\" data-src=\"https:\/\/italy-tourist-information.com\/wp-content\/uploads\/2024\/09\/Gardaland-Amusement-Park-Fast-Track-Ticket-2-300x300.avif\" data-sizes=\"{&quot;thumbnail&quot;:{&quot;url&quot;:&quot;https:\/\/italy-tourist-information.com\/wp-content\/uploads\/2024\/09\/Gardaland-Amusement-Park-Fast-Track-Ticket-2-150x150.avif&quot;,&quot;height&quot;:150,&quot;width&quot;:150,&quot;orientation&quot;:&quot;landscape&quot;},&quot;medium&quot;:{&quot;url&quot;:&quot;https:\/\/italy-tourist-information.com\/wp-content\/uploads\/2024\/09\/Gardaland-Amusement-Park-Fast-Track-Ticket-2-300x300.avif&quot;,&quot;height&quot;:300,&quot;width&quot;:300,&quot;orientation&quot;:&quot;landscape&quot;},&quot;full&quot;:{&quot;url&quot;:&quot;https:\/\/italy-tourist-information.com\/wp-content\/uploads\/2024\/09\/Gardaland-Amusement-Park-Fast-Track-Ticket-2.avif&quot;,&quot;height&quot;:560,&quot;width&quot;:560,&quot;orientation&quot;:&quot;landscape&quot;}}\" loading=\"lazy\"><\/span><\/p>\n<h1>Tickets f\u00fcr Gardaland: Fast-Track-Eintritt<\/h1>\n<h2><a href=\"https:\/\/www.tiqets.com\/de\/castelnuovo-del-garda-sehenswuerdigkeiten-c106309\/tickets-fur-gardaland-fast-track-eintritt-p974382\/?partner=italytouristinformation&amp;tq_campaign=ITIDeGardalandSP\" target=\"_blank\" rel=\"nofollow noopener\" style=\"outline: none;\">Zur Buchung<\/a><\/h2>\n<p style=\"\"><a href=\"https:\/\/www.tiqets.com\/de\/castelnuovo-del-garda-sehenswuerdigkeiten-c106309\/tickets-fur-gardaland-fast-track-eintritt-p974382\/?partner=italytouristinformation&amp;tq_campaign=ITIDeGardalandSP\" target=\"_blank\" rel=\"nofollow noopener\" style=\"outline: none;\">Preis ab<\/a><\/p>\n<h1><a href=\"https:\/\/www.tiqets.com\/de\/castelnuovo-del-garda-sehenswuerdigkeiten-c106309\/tickets-fur-gardaland-fast-track-eintritt-p974382\/?partner=italytouristinformation&amp;tq_campaign=ITIDeGardalandSP\" target=\"_blank\" rel=\"nofollow noopener\" style=\"outline: none;\" spellcheck=\"false\"><strong>47 \u20ac<\/strong><\/a><\/h1>\n<p dir=\"ltr\">Erleben Sie den Nervenkitzel von <strong>Italiens gr\u00f6\u00dftem Freizeitpark<\/strong>&nbsp;mit diesem&nbsp;<strong>Fast-Track-Ticket f\u00fcr Gardaland.&nbsp;<\/strong>Genie\u00dfen Sie unbegrenzten Zugang zu aufregenden Fahrgesch\u00e4ften, Live-Shows und faszinierenden Abenteuern vor der malerischen Kulisse des Gardasees.<\/p>\n<ul>\n<li style=\"\"><span>Handverlesenes Ticket&nbsp;<\/span><\/li>\n<li style=\"\"><span>Mobiles Ticket<\/span><\/li>\n<li style=\"\"><span>Schnelleinlass<\/span><\/li>\n<li style=\"\"><span>Stornierbare Tickets erh\u00e4ltlich&nbsp;<\/span><\/li>\n<\/ul>\n<h2>Inbegriffen<\/h2>\n<ul>\n<li style=\"\">                    <span>Schneller Einlass in den Vergn\u00fcgungspark Gardaland<\/span><\/li>\n<li style=\"\">                    <span>Uneingeschr\u00e4nkter Zugang zu allen Attraktionen<\/span><\/li>\n<li><span>Zugang zu Live-Shows und Auff\u00fchrungen<\/span><\/li>\n<\/ul>\n<h2>Nicht inbegriffen<\/h2>\n<ul>\n<li style=\"\"><span>Pers\u00f6nliche Ausgaben<\/span><\/li>\n<\/ul>\n<ul>\n<li style=\"\"><span>Transport zum und vom Park<\/span><\/li>\n<\/ul>\n<h2>Wichtige Informationen<\/h2>\n<ul>\n<li style=\"\"><span><span data-sheets-root=\"1\">Nur die erste Warteschlange am Ticketschalter am Haupteingang kann \u00fcbersprungen werden.<\/span><\/span><\/li>\n<li style=\"\"><span>Die Tickets sind nach der Aktivierung zwei Tage lang g\u00fcltig.<\/span><\/li>\n<li style=\"\"><span>Aus Sicherheitsgr\u00fcnden gelten f\u00fcr bestimmte Attraktionen Mindestgr\u00f6\u00dfenbeschr\u00e4nkungen.<\/span><\/li>\n<li style=\"\"><span>Letzter Einlass ist zwei Stunden vor Schlie\u00dfung.<\/span><\/li>\n<li style=\"\"><span>Kinder unter 3 Jahren haben freien Eintritt.<\/span><\/li>\n<li style=\"\"><span>Tragen Sie bequeme Kleidung, die f\u00fcr verschiedene Fahrten geeignet ist.<\/span><\/li>\n<\/ul>\n<h2>Beschreibung:<\/h2>\n<p dir=\"ltr\">Direkt am malerischen Ufer des Gardasees gelegen, bietet <strong>der Freizeitpark Gardaland<\/strong> eine unvergessliche Mischung aus Abenteuer und Fantasie f\u00fcr alle Altersgruppen. Von <strong>atemberaubenden Achterbahnen<\/strong> bis hin zu <strong>bezaubernden <\/strong><strong>Live-Shows<\/strong> \u2013 dieser Park garantiert grenzenlosen Nervenkitzel. Geben Sie sich auf das Jumanji-Abenteuer oder erleben Sie den rasanten Nervenkitzel des Blue Tornado \u2013 in Gardaland ist f\u00fcr jeden etwas dabei!<\/p>\n<h2>Highlights:<\/h2>\n<ul>\n<li><span data-sheets-root=\"1\">Umgehen Sie die lange Warteschlange und st\u00fcrzen Sie sich direkt ins Geschehen!<\/span><\/li>\n<\/ul>\n<ul>\n<li dir=\"ltr\">Begib dich auf ein aufregendes Abenteuer in der wilden Welt von Jumanji<\/li>\n<li dir=\"ltr\">Erleben Sie den Nervenkitzel der Achterbahnen Raptor und Blue Tornado.<\/li>\n<li dir=\"ltr\">Genie\u00dfen Sie atemberaubende Live-Auftritte, darunter die Aqua Fantasia Font\u00e4nenshow.<\/li>\n<li dir=\"ltr\">Erkunden Sie Peppa Pig Land, perfekt f\u00fcr j\u00fcngere Besucher<\/li>\n<\/ul>\n<h2>Gardaland Freizeitpark<\/h2>\n<p>Via Derna, 4, 37014 Castelnuovo del Garda VR, Italien<\/p>\n<h2>Stornierungsbedingungen<\/h2>\n<p data-pm-slice=\"1 1 []\"><span data-sheets-root=\"1\">Tickets sind grunds\u00e4tzlich nicht erstattungsf\u00e4hig und k\u00f6nnen nicht umgebucht werden, es sei denn, Sie w\u00e4hlen beim Bezahlvorgang ein stornierbares Ticket aus.<\/span><\/p>\n<h2>Treffpunkt &amp; Anweisungen<\/h2>\n<p>Zeigen Sie Ihr Smartphone-Ticket zusammen mit Ihrem g\u00fcltigen Ausweis am Haupteingang vor.<\/p>\n<p><a href=\"https:\/\/www.google.com\/maps\/place\/Gardaland\/@45.4562903,10.7107262,17z\/data=!3m1!4b1!4m14!1m7!3m6!1s0x4781e96b6daa170f:0xbf51a7b9282e10ed!2sGardaland!8m2!3d45.4562903!4d10.7133011!16zL20vMGY0OWxy!3m5!1s0x4781e96b6daa170f:0xbf51a7b9282e10ed!8m2!3d45.4562903!4d10.7133011!16zL20vMGY0OWxy?entry=ttu&amp;g_ep=EgoyMDI0MDkwMy4wIKXMDSoASAFQAw%3D%3D\" style=\"outline: none;\" data-lt-tmp-id=\"lt-827772\" spellcheck=\"false\" target=\"_blank\" rel=\"nofollow noopener\">In Karten \u00f6ffnen<\/a><\/p>\n<h2>Bewertungen<\/h2>\n<p><strong>4,7\/5&nbsp; <\/strong><strong>(4722 Bewertungen)<\/strong><\/p>\n<p><em>\u201eUnglaublich! Erstes ist es g\u00fcnstiger als auf der offiziellen Gardaland-Website. F\u00fcr drei Personen habe ich bei einem Gesamtpreis von 9 Litern etwa 25 Euro gespart. Zweitens muss man nicht am Eingang stehen, da man dank der QR-Codes direkt hineinkommt. Sehr empfehlenswert!\u201c Marco, Italien \u2013 August 2024 <\/em><a href=\"https:\/\/www.tiqets.com\/de\/castelnuovo-del-garda-sehenswuerdigkeiten-c106309\/tickets-fur-gardaland-fast-track-eintritt-p974382\/?partner=italytouristinformation&amp;tq_campaign=ITIDeGardalandSP\" target=\"_blank\" rel=\"nofollow noopener\" data-lt-tmp-id=\"lt-223438\" spellcheck=\"false\" style=\"outline: none;\">&nbsp;&gt;&gt; Weitere Bewertungen ansehen \u2026<\/a><\/p>\n<h2>Weitere Aktivit\u00e4ten, die Ihnen gefallen k\u00f6nnten<\/h2>\n<p><span># <\/span><strong><span>2<\/span><\/strong><span># <\/span><strong><span>2<\/span><\/strong><span><img decoding=\"async\" alt=\"\" data-id=\"6148\" width=\"159\" data-init-width=\"560\" height=\"159\" data-init-height=\"560\" title=\"Gardaland Park Eintrittskarte\" src=\"https:\/\/italy-tourist-information.com\/wp-content\/uploads\/2024\/09\/Gardaland-Park-Ticket.avif\" data-width=\"159\" data-height=\"159\" style=\"aspect-ratio: auto 560 \/ 560;\" loading=\"lazy\"><\/span><\/p>\n<table>\n<tbody>\n<tr>\n<td><a href=\"https:\/\/www.tiqets.com\/de\/castelnuovo-del-garda-attractions-c106309\/tickets-for-gardaland-park-gardaland-sea-life-aquarium-p974794\/?partner=italytouristinformation&amp;tq_campaign=ITIDEGardalandSP2\" target=\"_blank\" rel=\"nofollow noopener\" style=\"outline: none;\" data-lt-tmp-id=\"lt-937031\" spellcheck=\"false\">Gardaland Park + Gardaland SEA LIFE Aquarium<\/a><\/td>\n<\/tr>\n<\/tbody>\n<\/table>\n<p>Erleben Sie einen erlebnisreichen Tag mit Zugang zum <strong>Gardaland Park<\/strong> und <strong>dem Gardaland SEA LIFE Aquarium,<\/strong> wo aufregende Fahrgesch\u00e4fte auf faszinierende Meeresbewohner treffen.<\/p>\n<h3 style=\"\">Gesamtpreis<\/h3>\n<h3>Ihr Konto wird noch nicht belastet.<\/h3>\n<p><span># <\/span><strong><span>2<\/span><\/strong><span><img decoding=\"async\" alt=\"\" data-id=\"6150\" width=\"159\" data-init-width=\"1185\" height=\"83\" data-init-height=\"616\" title=\"Gardaland SEA LIFE Aquarium \u2013 Eintrittskarte f\u00fcr offenes Datum\" src=\"https:\/\/italy-tourist-information.com\/wp-content\/uploads\/2024\/09\/Gardaland-SEA-LIFE-Aquarium-Open-Date-Entry-Ticket.jpg\" data-width=\"159\" data-height=\"83\" style=\"aspect-ratio: auto 1185 \/ 616;\" loading=\"lazy\"><\/span><\/p>\n<table>\n<tbody>\n<tr>\n<td><a href=\"https:\/\/www.tiqets.com\/de\/castelnuovo-del-garda-sehenswuerdigkeiten-c106309\/tickets-fur-gardaland-sea-life-aquarium-p974770\/?partner=italytouristinformation&amp;tq_campaign=ITIDeGardalandSP3\" target=\"_blank\" rel=\"nofollow noopener\" style=\"outline: none;\" data-lt-tmp-id=\"lt-352771\" spellcheck=\"false\">Gardaland SEA LIFE Aquarium: Eintrittskarte f\u00fcr jedes Datum<\/a><\/td>\n<\/tr>\n<\/tbody>\n<\/table>\n<p>Tauchen Sie ein in das Wunder des Ozeans im <strong>Gardaland SEA LIFE Aquarium \u2013<\/strong> mit der Flexibilit\u00e4t eines Tickets ohne festes Eintrittsdatum.<\/p>\n<h3 style=\"\">Gesamtpreis<\/h3>\n<h3>Ihr Konto wird noch nicht belastet.<\/h3>\n<p><span>#3<\/span><span><img decoding=\"async\" alt=\"Gardaland Freizeitpark &amp; LEGOLAND\u00ae Wasserpark: Eintrittskarte\" data-id=\"11390\" width=\"159\" data-init-width=\"2335\" height=\"106\" data-init-height=\"1556\" title=\"Gardaland Freizeitpark &amp; LEGOLAND\u00ae Wasserpark - Eintrittskarte\" src=\"https:\/\/italy-tourist-information.com\/wp-content\/uploads\/2025\/08\/Gardaland-Amusement-Park-LEGOLAND\u00ae-Water-Park-Entry-Ticket-ota.avif\" data-width=\"159\" data-height=\"106\" style=\"aspect-ratio: auto 2335 \/ 1556;\" loading=\"lazy\"><\/span><\/p>\n<table>\n<tbody>\n<tr>\n<td><a href=\"https:\/\/www.tiqets.com\/de\/castelnuovo-del-garda-attractions-c106309\/tickets-for-gardaland-park-legoland-water-park-1-day-ticket-p1118287\/?partner=italytouristinformation&amp;tq_campaign=ITIDeGardalandSP4\" target=\"_blank\" rel=\"nofollow noopener\" style=\"outline: none;\" spellcheck=\"false\">Gardaland Freizeitpark &amp; LEGOLAND\u00ae Wasserpark: Eintrittskarte<\/a><\/td>\n<\/tr>\n<\/tbody>\n<\/table>\n<p>Erleben Sie einen unvergesslichen Tag voller Spa\u00df mit nur einem Ticket, das Ihnen sowohl den Eintritt zu den aufregenden Fahrgesch\u00e4ften des <strong>Gardaland Vergn\u00fcgungsparks<\/strong> als auch zur spritzigen Welt des <strong>L <\/strong><strong>EGOLAND\u00ae Wasserparks gew\u00e4hrt.<\/strong><\/p>\n<h3 style=\"\">Gesamtpreis<\/h3>\n<h3 style=\"\">Ihr Konto wird noch nicht belastet.<\/h3>\n<p><\/p>\n<h2><a href=\"https:\/\/www.tiqets.com\/de\/castelnuovo-del-garda-sehenswuerdigkeiten-c106309\/tickets-fur-gardaland-fast-track-eintritt-p974382\/?partner=italytouristinformation&amp;tq_campaign=ITIDeGardalandSP\" target=\"_blank\" rel=\"nofollow noopener\">Zur Buchung<\/a><\/h2>\n<p style=\"\"><a href=\"https:\/\/www.tiqets.com\/de\/castelnuovo-del-garda-sehenswuerdigkeiten-c106309\/tickets-fur-gardaland-fast-track-eintritt-p974382\/?partner=italytouristinformation&amp;tq_campaign=ITIDeGardalandSP\" target=\"_blank\" rel=\"nofollow noopener\" style=\"outline: none;\">Preis ab<\/a><\/p>\n<h1><a href=\"https:\/\/www.tiqets.com\/de\/castelnuovo-del-garda-sehenswuerdigkeiten-c106309\/tickets-fur-gardaland-fast-track-eintritt-p974382\/?partner=italytouristinformation&amp;tq_campaign=ITIDeGardalandSP\" target=\"_blank\" rel=\"nofollow noopener\" style=\"outline: none;\"><strong>47 \u20ac<\/strong><\/a><\/h1>\n<h3>Ihr Konto wird noch nicht belastet.<\/h3>\n","protected":false},"excerpt":{"rendered":"<p>Tickets f\u00fcr Gardaland: Fast-Track-Eintritt Zur Buchung Preis ab 47 \u20ac Erleben Sie den Nervenkitzel von Italiens gr\u00f6\u00dftem Freizeitpark&nbsp;mit diesem&nbsp;Fast-Track-Ticket f\u00fcr Gardaland.&nbsp;Genie\u00dfen Sie unbegrenzten Zugang zu aufregenden Fahrgesch\u00e4ften, Live-Shows und faszinierenden Abenteuern vor der malerischen Kulisse des Gardasees. Handverlesenes Ticket&nbsp; Mobiles Ticket Schnelleinlass Stornierbare Tickets erh\u00e4ltlich&nbsp; Inbegriffen Schneller Einlass in den Vergn\u00fcgungspark Gardaland Uneingeschr\u00e4nkter Zugang zu [&hellip;]<\/p>\n","protected":false},"author":6,"featured_media":17590,"parent":0,"menu_order":0,"comment_status":"closed","ping_status":"closed","template":"","meta":{"footnotes":""},"categories":[128],"tags":[130,159],"class_list":["post-17589","page","type-page","status-publish","has-post-thumbnail","hentry","category-verkaufsseite","tag-verkaufsseite","tag-verona-de","post-wrapper","thrv_wrapper"],"_links":{"self":[{"href":"https:\/\/italy-tourist-information.com\/de\/wp-json\/wp\/v2\/pages\/17589","targetHints":{"allow":["GET"]}}],"collection":[{"href":"https:\/\/italy-tourist-information.com\/de\/wp-json\/wp\/v2\/pages"}],"about":[{"href":"https:\/\/italy-tourist-information.com\/de\/wp-json\/wp\/v2\/types\/page"}],"author":[{"embeddable":true,"href":"https:\/\/italy-tourist-information.com\/de\/wp-json\/wp\/v2\/users\/6"}],"replies":[{"embeddable":true,"href":"https:\/\/italy-tourist-information.com\/de\/wp-json\/wp\/v2\/comments?post=17589"}],"version-history":[{"count":10,"href":"https:\/\/italy-tourist-information.com\/de\/wp-json\/wp\/v2\/pages\/17589\/revisions"}],"predecessor-version":[{"id":19260,"href":"https:\/\/italy-tourist-information.com\/de\/wp-json\/wp\/v2\/pages\/17589\/revisions\/19260"}],"wp:featuredmedia":[{"embeddable":true,"href":"https:\/\/italy-tourist-information.com\/de\/wp-json\/wp\/v2\/media\/17590"}],"wp:attachment":[{"href":"https:\/\/italy-tourist-information.com\/de\/wp-json\/wp\/v2\/media?parent=17589"}],"wp:term":[{"taxonomy":"category","embeddable":true,"href":"https:\/\/italy-tourist-information.com\/de\/wp-json\/wp\/v2\/categories?post=17589"},{"taxonomy":"post_tag","embeddable":true,"href":"https:\/\/italy-tourist-information.com\/de\/wp-json\/wp\/v2\/tags?post=17589"}],"curies":[{"name":"wp","href":"https:\/\/api.w.org\/{rel}","templated":true}]}}