{"id":17616,"date":"2024-09-06T12:12:28","date_gmt":"2024-09-06T12:12:28","guid":{"rendered":"https:\/\/italy-tourist-information.com\/herculaneum-skip-the-line-ticket"},"modified":"2026-04-14T13:50:17","modified_gmt":"2026-04-14T13:50:17","slug":"herculaneum-tickets-ohne-anstehen","status":"publish","type":"page","link":"https:\/\/italy-tourist-information.com\/de\/herculaneum-tickets-ohne-anstehen","title":{"rendered":"Herculaneum Tickets ohne Anstehen"},"content":{"rendered":"<p><span><img decoding=\"async\" alt=\"\" data-id=\"6108\" width=\"1200\" height=\"750\" title=\"Herculaneum-Tickets ohne Anstehen\" src=\"https:\/\/italy-tourist-information.com\/wp-content\/uploads\/2024\/09\/Herculaneum-Skip-the-Line-Tickets--1024x640.avif\" data-src=\"https:\/\/italy-tourist-information.com\/wp-content\/uploads\/2024\/09\/Herculaneum-Skip-the-Line-Tickets--300x188.avif\" loading=\"lazy\" data-sizes=\"{&quot;thumbnail&quot;:{&quot;url&quot;:&quot;https:\/\/italy-tourist-information.com\/wp-content\/uploads\/2024\/09\/Herculaneum-Skip-the-Line-Tickets--150x150.avif&quot;,&quot;height&quot;:150,&quot;width&quot;:150,&quot;orientation&quot;:&quot;landscape&quot;},&quot;medium&quot;:{&quot;url&quot;:&quot;https:\/\/italy-tourist-information.com\/wp-content\/uploads\/2024\/09\/Herculaneum-Skip-the-Line-Tickets--300x188.avif&quot;,&quot;height&quot;:188,&quot;width&quot;:300,&quot;orientation&quot;:&quot;landscape&quot;},&quot;large&quot;:{&quot;url&quot;:&quot;https:\/\/italy-tourist-information.com\/wp-content\/uploads\/2024\/09\/Herculaneum-Skip-the-Line-Tickets--1024x640.avif&quot;,&quot;height&quot;:640,&quot;width&quot;:1024,&quot;orientation&quot;:&quot;landscape&quot;},&quot;full&quot;:{&quot;url&quot;:&quot;https:\/\/italy-tourist-information.com\/wp-content\/uploads\/2024\/09\/Herculaneum-Skip-the-Line-Tickets-.avif&quot;,&quot;height&quot;:750,&quot;width&quot;:1200,&quot;orientation&quot;:&quot;landscape&quot;}}\"><\/span><span><img decoding=\"async\" alt=\"\" data-id=\"6107\" width=\"1200\" height=\"750\" title=\"Herculaneum-Tickets ohne Anstehen 2\" src=\"https:\/\/italy-tourist-information.com\/wp-content\/uploads\/2024\/09\/Herculaneum-Skip-the-Line-Tickets-2-1024x640.avif\" data-src=\"https:\/\/italy-tourist-information.com\/wp-content\/uploads\/2024\/09\/Herculaneum-Skip-the-Line-Tickets-2-300x188.avif\" loading=\"lazy\" data-sizes=\"{&quot;thumbnail&quot;:{&quot;url&quot;:&quot;https:\/\/italy-tourist-information.com\/wp-content\/uploads\/2024\/09\/Herculaneum-Skip-the-Line-Tickets-2-150x150.avif&quot;,&quot;height&quot;:150,&quot;width&quot;:150,&quot;orientation&quot;:&quot;landscape&quot;},&quot;medium&quot;:{&quot;url&quot;:&quot;https:\/\/italy-tourist-information.com\/wp-content\/uploads\/2024\/09\/Herculaneum-Skip-the-Line-Tickets-2-300x188.avif&quot;,&quot;height&quot;:188,&quot;width&quot;:300,&quot;orientation&quot;:&quot;landscape&quot;},&quot;large&quot;:{&quot;url&quot;:&quot;https:\/\/italy-tourist-information.com\/wp-content\/uploads\/2024\/09\/Herculaneum-Skip-the-Line-Tickets-2-1024x640.avif&quot;,&quot;height&quot;:640,&quot;width&quot;:1024,&quot;orientation&quot;:&quot;landscape&quot;},&quot;full&quot;:{&quot;url&quot;:&quot;https:\/\/italy-tourist-information.com\/wp-content\/uploads\/2024\/09\/Herculaneum-Skip-the-Line-Tickets-2.avif&quot;,&quot;height&quot;:750,&quot;width&quot;:1200,&quot;orientation&quot;:&quot;landscape&quot;}}\"><\/span><span><img decoding=\"async\" alt=\"\" data-id=\"6106\" width=\"1200\" height=\"750\" title=\"Herculaneum-Tickets ohne Anstehen 3\" src=\"https:\/\/italy-tourist-information.com\/wp-content\/uploads\/2024\/09\/Herculaneum-Skip-the-Line-Tickets-3-1024x640.avif\" data-src=\"https:\/\/italy-tourist-information.com\/wp-content\/uploads\/2024\/09\/Herculaneum-Skip-the-Line-Tickets-3-300x188.avif\" loading=\"lazy\" data-sizes=\"{&quot;thumbnail&quot;:{&quot;url&quot;:&quot;https:\/\/italy-tourist-information.com\/wp-content\/uploads\/2024\/09\/Herculaneum-Skip-the-Line-Tickets-3-150x150.avif&quot;,&quot;height&quot;:150,&quot;width&quot;:150,&quot;orientation&quot;:&quot;landscape&quot;},&quot;medium&quot;:{&quot;url&quot;:&quot;https:\/\/italy-tourist-information.com\/wp-content\/uploads\/2024\/09\/Herculaneum-Skip-the-Line-Tickets-3-300x188.avif&quot;,&quot;height&quot;:188,&quot;width&quot;:300,&quot;orientation&quot;:&quot;landscape&quot;},&quot;large&quot;:{&quot;url&quot;:&quot;https:\/\/italy-tourist-information.com\/wp-content\/uploads\/2024\/09\/Herculaneum-Skip-the-Line-Tickets-3-1024x640.avif&quot;,&quot;height&quot;:640,&quot;width&quot;:1024,&quot;orientation&quot;:&quot;landscape&quot;},&quot;full&quot;:{&quot;url&quot;:&quot;https:\/\/italy-tourist-information.com\/wp-content\/uploads\/2024\/09\/Herculaneum-Skip-the-Line-Tickets-3.avif&quot;,&quot;height&quot;:750,&quot;width&quot;:1200,&quot;orientation&quot;:&quot;landscape&quot;}}\"><\/span><span><img decoding=\"async\" alt=\"\" data-id=\"6105\" width=\"1200\" height=\"750\" title=\"Herculaneum-Tickets ohne Anstehen 4\" src=\"https:\/\/italy-tourist-information.com\/wp-content\/uploads\/2024\/09\/Herculaneum-Skip-the-Line-Tickets-4-1024x640.avif\" data-src=\"https:\/\/italy-tourist-information.com\/wp-content\/uploads\/2024\/09\/Herculaneum-Skip-the-Line-Tickets-4-300x188.avif\" loading=\"lazy\" data-sizes=\"{&quot;thumbnail&quot;:{&quot;url&quot;:&quot;https:\/\/italy-tourist-information.com\/wp-content\/uploads\/2024\/09\/Herculaneum-Skip-the-Line-Tickets-4-150x150.avif&quot;,&quot;height&quot;:150,&quot;width&quot;:150,&quot;orientation&quot;:&quot;landscape&quot;},&quot;medium&quot;:{&quot;url&quot;:&quot;https:\/\/italy-tourist-information.com\/wp-content\/uploads\/2024\/09\/Herculaneum-Skip-the-Line-Tickets-4-300x188.avif&quot;,&quot;height&quot;:188,&quot;width&quot;:300,&quot;orientation&quot;:&quot;landscape&quot;},&quot;large&quot;:{&quot;url&quot;:&quot;https:\/\/italy-tourist-information.com\/wp-content\/uploads\/2024\/09\/Herculaneum-Skip-the-Line-Tickets-4-1024x640.avif&quot;,&quot;height&quot;:640,&quot;width&quot;:1024,&quot;orientation&quot;:&quot;landscape&quot;},&quot;full&quot;:{&quot;url&quot;:&quot;https:\/\/italy-tourist-information.com\/wp-content\/uploads\/2024\/09\/Herculaneum-Skip-the-Line-Tickets-4.avif&quot;,&quot;height&quot;:750,&quot;width&quot;:1200,&quot;orientation&quot;:&quot;landscape&quot;}}\"><\/span><\/p>\n<h1 data-qa-marker=\"product-name\">Herculaneum Tickets ohne Anstehen<\/h1>\n<h2><a href=\"https:\/\/www.headout.com\/de\/herculaneum-tickets\/herculaneum-bevorzugte-eintrittstickets-e-8870\/?affiliate_code=KXkQ69&amp;utm_campaign=itideherculaneumsp&amp;utm_content=link&amp;utm_medium=affiliate&amp;utm_source=most_amazing_places\" target=\"_blank\" rel=\"nofollow noopener\" style=\"outline: none;\" spellcheck=\"false\">Zur Buchung<\/a><\/h2>\n<p style=\"\"><a href=\"https:\/\/www.headout.com\/de\/herculaneum-tickets\/herculaneum-bevorzugte-eintrittstickets-e-8870\/?affiliate_code=KXkQ69&amp;utm_campaign=itideherculaneumsp&amp;utm_content=link&amp;utm_medium=affiliate&amp;utm_source=most_amazing_places\" target=\"_blank\" rel=\"nofollow noopener\" style=\"outline: none;\">Preis ab<\/a><\/p>\n<h1><a href=\"https:\/\/www.headout.com\/de\/herculaneum-tickets\/herculaneum-bevorzugte-eintrittstickets-e-8870\/?affiliate_code=KXkQ69&amp;utm_campaign=itideherculaneumsp&amp;utm_content=link&amp;utm_medium=affiliate&amp;utm_source=most_amazing_places\" target=\"_blank\" rel=\"nofollow noopener\" style=\"outline: none;\" spellcheck=\"false\"><strong>16,00 \u20ac<\/strong><\/a><\/h1>\n<p dir=\"ltr\">Entdecken Sie die antike Stadt Herculaneum mit Tickets ohne Anstehen. Die UNESCO-Welterbest\u00e4tte, die besser erhalten ist als Pompeji, l\u00e4dt Sie ein, durch ihre atemberaubenden Villen, Thermen und Fresken zu schlemmen und eine faszinierende Reise in die Vergangenheit zu unternehmen.<\/p>\n<ul>\n<li style=\"\"><span>Handverlesenes Ticket&nbsp;<\/span><\/li>\n<li style=\"\"><span>Mobiles Ticket&nbsp;<\/span><\/li>\n<li style=\"\"><span>Warteschlange \u00fcberspringen<\/span><\/li>\n<li style=\"\"><span>Audioguide verf\u00fcgbar<\/span><\/li>\n<\/ul>\n<h2>Inbegriffen<\/h2>\n<ul>\n<li style=\"\">                    <span>Eintrittskarte ohne Anstehen f\u00fcr Herculaneum<\/span><\/li>\n<li style=\"\">                    <span>App-basierter Audioguide in Italienisch, Englisch, Franz\u00f6sisch, Spanisch und Deutsch (je nach gew\u00e4hlter Option)<\/span><\/li>\n<\/ul>\n<h2>Nicht inbegriffen<\/h2>\n<ul>\n<li style=\"\"><span>Transport zum und vom Standort<\/span><\/li>\n<li style=\"\"><span>Live-Guide<\/span><\/li>\n<\/ul>\n<h2>Wichtige Informationen<\/h2>\n<ul>\n<li style=\"\"><span>Bringen Sie einen g\u00fcltigen Lichtbildausweis und Ihre Kopfh\u00f6rer mit.<\/span><\/li>\n<li style=\"\"><span>Bitte warten Sie 15 Minuten vor Ihrer geplanten Einlasszeit.<\/span><\/li>\n<li style=\"\"><span>Freier Eintritt f\u00fcr Menschen mit Behinderung und eine Begleitperson<\/span><\/li>\n<li style=\"\"><span>Rollstuhl- und kinderwagenfreundlich<br \/><\/span><\/li>\n<li><span>Hunde sind erlaubt, m\u00fcssen aber an der Leine gef\u00fchrt oder in einer Transportbox transportiert werden.<\/span><\/li>\n<\/ul>\n<h2>Beschreibung:<\/h2>\n<p dir=\"ltr\">Betreten Sie <strong>Herculaneum<\/strong>, eine Zeitkapsel r\u00f6mischen Lebens, die durch den&nbsp;<strong>Ausbruch des Vesuvs im Jahr 79 n. Chr. Chr. konserviert wurde.<\/strong> Bestaunen Sie die wundersch\u00f6n erhaltenen H\u00e4user, Fresken und Badeh\u00e4user, w\u00e4hrend Sie durch Stra\u00dfen schlendern, die seit Jahrhunderten unver\u00e4ndert geblieben sind.<\/p>\n<h2>Highlights:<\/h2>\n<ul>\n<li dir=\"ltr\">Genie\u00dfen Sie den Zugang zu diesem faszinierenden UNESCO-Welterbe.<\/li>\n<li dir=\"ltr\"><span style=\"color: var(--tcb-skin-color-4); font-weight: var(--g-regular-weight, normal);\">Bewundern Sie kunstvolle Fresken und Mosaike, die seit \u00fcber 2000 Jahren erhalten sind.<\/span><\/li>\n<li dir=\"ltr\">Erkunden Sie antike r\u00f6mische Villen, darunter das Haus des bronzenen Hermes.<\/li>\n<li dir=\"ltr\">Verpassen Sie keine Sehensw\u00fcrdigkeiten wie das Haus des Argus, das Kolleg der Augustalen, das Haus des Aristides und die Zentralthermen.<\/li>\n<li dir=\"ltr\">Entdecken Sie die Badeh\u00e4user, die Basilika und den Kurkomplex der Stadt.<\/li>\n<li dir=\"ltr\">Nutzen Sie einen optionalen, mehrsprachigen Audioguide, um mehr \u00fcber die reiche Geschichte Herculaneums zu erfahren.<\/li>\n<\/ul>\n<h2>Arch\u00e4ologischer Park von Herculaneum<\/h2>\n<p>Corso Resina, 187, 80056 Ercolano, NA, Italien<\/p>\n<h2>Stornierungsbedingungen<\/h2>\n<p>Diese Tickets sind nicht stornierbar.<\/p>\n<h2>Treffpunkt &amp; Anweisungen<\/h2>\n<p>Tauschen Sie Ihren mobilen Voucher gegen eine Eintrittskarte im Arch\u00e4ologischen Park von Herculaneum, Corso Resina 187, 80056 Ercolano, NA, Italien. Bitte warten Sie mindestens 15 Minuten vor Parkbeginn.<\/p>\n<p><a href=\"https:\/\/www.google.com\/maps\/place\/Arch%C3%A4ologiepark+Herkulaneum\/@40.8058893,14.3464587,17z\/data=!3m1!4b1!4m6!3m5!1s0x133ba6ef3175b7d7:0x6258aa527167827b!8m2!3d40.8058893!4d14.3490336!16zL20vMDNwcGQ?entry=ttu&amp;g_ep=EgoyMDI0MDkwMi4xIKXMDSoASAFQAw%3D%3D\" data-lt-tmp-id=\"lt-224233\" spellcheck=\"false\" target=\"_blank\" rel=\"nofollow noopener\" style=\"font-weight: 400; background-color: rgb(255, 255, 255); outline: none;\">In Karten \u00f6ffnen<\/a><\/p>\n<h2>Bewertungen<\/h2>\n<p><strong>4,4\/5&nbsp; <\/strong><strong>(2439 Bewertungen)<\/strong><\/p>\n<p dir=\"ltr\">\u201eEine wirklich interessante St\u00e4tte mit so viel erhaltener Geschichte \u2013 es war nicht viel los, daher brauchten wir das Ticket ohne Anstehen nicht, aber wir f\u00fchlen uns wohler, als wir es hatten!\u201c Noa, August 2024 <a href=\"https:\/\/www.headout.com\/de\/herculaneum-tickets\/herculaneum-bevorzugte-eintrittstickets-e-8870\/?affiliate_code=KXkQ69&amp;utm_campaign=itideherculaneumsp&amp;utm_content=link&amp;utm_medium=affiliate&amp;utm_source=most_amazing_places\" target=\"_blank\" rel=\"nofollow noopener\" data-lt-tmp-id=\"lt-789713\" spellcheck=\"false\" style=\"outline: none;\">&gt;&gt; Weitere Bewertungen ansehen \u2026<\/a><\/p>\n<h2>Weitere Aktivit\u00e4ten, die Ihnen gefallen k\u00f6nnten<\/h2>\n<p><span># <\/span><strong><span>2<\/span><\/strong><span># <\/span><strong><span>2<\/span><\/strong><span><img decoding=\"async\" alt=\"\" data-id=\"11506\" width=\"159\" data-init-width=\"1600\" height=\"99\" data-init-height=\"1000\" title=\"Herculaneum-F\u00fchrung ohne Anstehen mit einem Arch\u00e4ologen\" loading=\"lazy\" src=\"https:\/\/italy-tourist-information.com\/wp-content\/uploads\/2025\/08\/Herculaneum-Skip-the-Line-Guided-Tour-with-an-Archaeologist-ota.avif\" data-width=\"159\" data-height=\"99\" style=\"aspect-ratio: auto 1600 \/ 1000;\"><\/span><\/p>\n<table>\n<tbody>\n<tr>\n<td><a href=\"https:\/\/www.headout.com\/de\/herculaneum-tickets\/herculaneum-tour-mit-archaeologen-e-14304\/?affiliate_code=KXkQ69&amp;utm_campaign=itideherculaneumsp2&amp;utm_content=link&amp;utm_medium=affiliate&amp;utm_source=most_amazing_places\" target=\"_blank\" rel=\"nofollow noopener\" style=\"outline: none;\" data-lt-tmp-id=\"lt-514909\" spellcheck=\"false\">Herculaneum-F\u00fchrung ohne Anstehen mit einem Arch\u00e4ologen<\/a><\/td>\n<\/tr>\n<\/tbody>\n<\/table>\n<p>Umgehen Sie die Warteschlangen und entdecken Sie die gut erhaltenen Geheimnisse von Herculaneum bei einer 2-st\u00fcndigen F\u00fchrung unter der Leitung eines erfahrenen Arch\u00e4ologen.<\/p>\n<h3 style=\"\">Gesamtpreis<\/h3>\n<h3 style=\"\">Ihr Konto wird noch nicht belastet.<\/h3>\n<p><span># <\/span><strong><span>2<\/span><\/strong><span><img decoding=\"async\" alt=\"\" data-id=\"11504\" width=\"159\" data-init-width=\"1302\" height=\"99\" data-init-height=\"814\" title=\"Von Neapel aus \u2013 Gef\u00fchrte Pompeji-Tour mit optionalem Besuch von Herculaneum oder dem Vesuv\" loading=\"lazy\" src=\"https:\/\/italy-tourist-information.com\/wp-content\/uploads\/2025\/08\/From-Naples-Pompeii-Guided-Tour-with-Optional-Herculaneum-or-Vesuvius-Visit-ota.avif\" data-width=\"159\" data-height=\"99\" style=\"aspect-ratio: auto 1302 \/ 814;\"><\/span><\/p>\n<table>\n<tbody>\n<tr>\n<td><a href=\"https:\/\/megapass.com\/tours-tickets\/cappadocia-red-tour-with-goreme-museum-lunch-and-hotel-transfer-i2767?discountCode=ma-places\" target=\"_blank\" rel=\"nofollow noopener\" style=\"outline: none;\"><\/p>\n<table>\n<tbody>\n<tr>\n<td><strong><a data-lt-tmp-id=\"lt-19608\" href=\"https:\/\/www.headout.com\/de\/neapel-nach-pompeji-touren\/ab-neapel-gefuhrte-tour-durch-pompeji-mit-optionalem-besuch-von-herculaneum-oder-des-vesuvs-e-17324\/?affiliate_code=KXkQ69&amp;utm_campaign=itideherculaneumsp3&amp;utm_content=link&amp;utm_medium=affiliate&amp;utm_source=most_amazing_places\" rel=\"nofollow noopener\" spellcheck=\"false\" target=\"_blank\" style=\"outline: none;\">Ab Neapel: Gef\u00fchrte Pompeji-Tour mit optionalem Besuch von Herculaneum oder des Vesuvs<\/a><\/strong><\/td>\n<\/tr>\n<\/tbody>\n<\/table>\n<p><strong><\/strong><\/a><\/td>\n<\/tr>\n<\/tbody>\n<\/table>\n<p>Von Neapel aus k\u00f6nnen Sie auf einer gef\u00fchrten Tour in die Vergangenheit reisen und die bemerkenswert gut erhaltene Stadt Pompeji besuchen. Optional k\u00f6nnen Sie Ihre Reise zu den antiken St\u00e4tten von Herculaneum oder zum Vesuv ausdehnen.<\/p>\n<h3 style=\"\">Gesamtpreis<\/h3>\n<h3 style=\"\">Ihr Konto wird noch nicht belastet.<\/h3>\n<p><\/p>\n<h2><a href=\"https:\/\/www.headout.com\/de\/herculaneum-tickets\/herculaneum-bevorzugte-eintrittstickets-e-8870\/?affiliate_code=KXkQ69&amp;utm_campaign=itideherculaneumsp&amp;utm_content=link&amp;utm_medium=affiliate&amp;utm_source=most_amazing_places\" target=\"_blank\" rel=\"nofollow noopener\" style=\"outline: none;\">Zur Buchung<\/a><\/h2>\n<p style=\"\"><a href=\"https:\/\/www.headout.com\/de\/herculaneum-tickets\/herculaneum-bevorzugte-eintrittstickets-e-8870\/?affiliate_code=KXkQ69&amp;utm_campaign=itideherculaneumsp&amp;utm_content=link&amp;utm_medium=affiliate&amp;utm_source=most_amazing_places\" target=\"_blank\" rel=\"nofollow noopener\" style=\"outline: none;\">Preis ab<\/a><\/p>\n<h1><a href=\"https:\/\/www.headout.com\/de\/herculaneum-tickets\/herculaneum-bevorzugte-eintrittstickets-e-8870\/?affiliate_code=KXkQ69&amp;utm_campaign=itideherculaneumsp&amp;utm_content=link&amp;utm_medium=affiliate&amp;utm_source=most_amazing_places\" target=\"_blank\" rel=\"nofollow noopener\" style=\"outline: none;\"><strong>16,00 \u20ac<\/strong><\/a><\/h1>\n<p style=\"\">Ihr Konto wird noch nicht belastet.<\/p>\n","protected":false},"excerpt":{"rendered":"<p>Herculaneum Tickets ohne Anstehen Zur Buchung Preis ab 16,00 \u20ac Entdecken Sie die antike Stadt Herculaneum mit Tickets ohne Anstehen. Die UNESCO-Welterbest\u00e4tte, die besser erhalten ist als Pompeji, l\u00e4dt Sie ein, durch ihre atemberaubenden Villen, Thermen und Fresken zu schlemmen und eine faszinierende Reise in die Vergangenheit zu unternehmen. Handverlesenes Ticket&nbsp; Mobiles Ticket&nbsp; Warteschlange \u00fcberspringen [&hellip;]<\/p>\n","protected":false},"author":6,"featured_media":17617,"parent":0,"menu_order":0,"comment_status":"closed","ping_status":"closed","template":"","meta":{"footnotes":""},"categories":[141,128],"tags":[152,130],"class_list":["post-17616","page","type-page","status-publish","has-post-thumbnail","hentry","category-neapel","category-verkaufsseite","tag-neapel-2","tag-verkaufsseite","post-wrapper","thrv_wrapper"],"_links":{"self":[{"href":"https:\/\/italy-tourist-information.com\/de\/wp-json\/wp\/v2\/pages\/17616","targetHints":{"allow":["GET"]}}],"collection":[{"href":"https:\/\/italy-tourist-information.com\/de\/wp-json\/wp\/v2\/pages"}],"about":[{"href":"https:\/\/italy-tourist-information.com\/de\/wp-json\/wp\/v2\/types\/page"}],"author":[{"embeddable":true,"href":"https:\/\/italy-tourist-information.com\/de\/wp-json\/wp\/v2\/users\/6"}],"replies":[{"embeddable":true,"href":"https:\/\/italy-tourist-information.com\/de\/wp-json\/wp\/v2\/comments?post=17616"}],"version-history":[{"count":8,"href":"https:\/\/italy-tourist-information.com\/de\/wp-json\/wp\/v2\/pages\/17616\/revisions"}],"predecessor-version":[{"id":19235,"href":"https:\/\/italy-tourist-information.com\/de\/wp-json\/wp\/v2\/pages\/17616\/revisions\/19235"}],"wp:featuredmedia":[{"embeddable":true,"href":"https:\/\/italy-tourist-information.com\/de\/wp-json\/wp\/v2\/media\/17617"}],"wp:attachment":[{"href":"https:\/\/italy-tourist-information.com\/de\/wp-json\/wp\/v2\/media?parent=17616"}],"wp:term":[{"taxonomy":"category","embeddable":true,"href":"https:\/\/italy-tourist-information.com\/de\/wp-json\/wp\/v2\/categories?post=17616"},{"taxonomy":"post_tag","embeddable":true,"href":"https:\/\/italy-tourist-information.com\/de\/wp-json\/wp\/v2\/tags?post=17616"}],"curies":[{"name":"wp","href":"https:\/\/api.w.org\/{rel}","templated":true}]}}