{"id":17631,"date":"2024-09-17T11:47:29","date_gmt":"2024-09-17T11:47:29","guid":{"rendered":"https:\/\/italy-tourist-information.com\/leaning-tower-of-pisa-tickets"},"modified":"2026-04-21T14:49:46","modified_gmt":"2026-04-21T14:49:46","slug":"schiefer-turm-von-pisa-tickets","status":"publish","type":"page","link":"https:\/\/italy-tourist-information.com\/de\/schiefer-turm-von-pisa-tickets","title":{"rendered":"Schiefer Turm von Pisa Tickets"},"content":{"rendered":"<p><span><img decoding=\"async\" alt=\"\" data-id=\"6725\" width=\"1200\" height=\"750\" title=\"Tickets f\u00fcr den Schiefen Turm von Pisa mit optionalem Monumentenkomplex\" src=\"https:\/\/italy-tourist-information.com\/wp-content\/uploads\/2024\/09\/Leaning-Tower-of-Pisa-Tickets-with-Optional-Monumental-Complex--1024x640.avif\" data-src=\"https:\/\/italy-tourist-information.com\/wp-content\/uploads\/2024\/09\/Leaning-Tower-of-Pisa-Tickets-with-Optional-Monumental-Complex--300x188.avif\" loading=\"lazy\" data-sizes=\"{&quot;thumbnail&quot;:{&quot;url&quot;:&quot;https:\/\/italy-tourist-information.com\/wp-content\/uploads\/2024\/09\/Leaning-Tower-of-Pisa-Tickets-with-Optional-Monumental-Complex--150x150.avif&quot;,&quot;height&quot;:150,&quot;width&quot;:150,&quot;orientation&quot;:&quot;landscape&quot;},&quot;medium&quot;:{&quot;url&quot;:&quot;https:\/\/italy-tourist-information.com\/wp-content\/uploads\/2024\/09\/Leaning-Tower-of-Pisa-Tickets-with-Optional-Monumental-Complex--300x188.avif&quot;,&quot;height&quot;:188,&quot;width&quot;:300,&quot;orientation&quot;:&quot;landscape&quot;},&quot;large&quot;:{&quot;url&quot;:&quot;https:\/\/italy-tourist-information.com\/wp-content\/uploads\/2024\/09\/Leaning-Tower-of-Pisa-Tickets-with-Optional-Monumental-Complex--1024x640.avif&quot;,&quot;height&quot;:640,&quot;width&quot;:1024,&quot;orientation&quot;:&quot;landscape&quot;},&quot;full&quot;:{&quot;url&quot;:&quot;https:\/\/italy-tourist-information.com\/wp-content\/uploads\/2024\/09\/Leaning-Tower-of-Pisa-Tickets-with-Optional-Monumental-Complex-.avif&quot;,&quot;height&quot;:750,&quot;width&quot;:1200,&quot;orientation&quot;:&quot;landscape&quot;}}\"><\/span><span><img decoding=\"async\" alt=\"\" data-id=\"6724\" width=\"1200\" height=\"750\" title=\"Tickets f\u00fcr den Schiefen Turm von Pisa mit optionalem Monumentenkomplex 2\" src=\"https:\/\/italy-tourist-information.com\/wp-content\/uploads\/2024\/09\/Leaning-Tower-of-Pisa-Tickets-with-Optional-Monumental-Complex-2-1024x640.avif\" data-src=\"https:\/\/italy-tourist-information.com\/wp-content\/uploads\/2024\/09\/Leaning-Tower-of-Pisa-Tickets-with-Optional-Monumental-Complex-2-300x188.avif\" loading=\"lazy\" data-sizes=\"{&quot;thumbnail&quot;:{&quot;url&quot;:&quot;https:\/\/italy-tourist-information.com\/wp-content\/uploads\/2024\/09\/Leaning-Tower-of-Pisa-Tickets-with-Optional-Monumental-Complex-2-150x150.avif&quot;,&quot;height&quot;:150,&quot;width&quot;:150,&quot;orientation&quot;:&quot;landscape&quot;},&quot;medium&quot;:{&quot;url&quot;:&quot;https:\/\/italy-tourist-information.com\/wp-content\/uploads\/2024\/09\/Leaning-Tower-of-Pisa-Tickets-with-Optional-Monumental-Complex-2-300x188.avif&quot;,&quot;height&quot;:188,&quot;width&quot;:300,&quot;orientation&quot;:&quot;landscape&quot;},&quot;large&quot;:{&quot;url&quot;:&quot;https:\/\/italy-tourist-information.com\/wp-content\/uploads\/2024\/09\/Leaning-Tower-of-Pisa-Tickets-with-Optional-Monumental-Complex-2-1024x640.avif&quot;,&quot;height&quot;:640,&quot;width&quot;:1024,&quot;orientation&quot;:&quot;landscape&quot;},&quot;full&quot;:{&quot;url&quot;:&quot;https:\/\/italy-tourist-information.com\/wp-content\/uploads\/2024\/09\/Leaning-Tower-of-Pisa-Tickets-with-Optional-Monumental-Complex-2.avif&quot;,&quot;height&quot;:750,&quot;width&quot;:1200,&quot;orientation&quot;:&quot;landscape&quot;}}\"><\/span><span><img decoding=\"async\" alt=\"\" data-id=\"6723\" width=\"1200\" height=\"750\" title=\"Tickets f\u00fcr den Schiefen Turm von Pisa mit optionalem Besuch des Monumentenkomplexes 3\" src=\"https:\/\/italy-tourist-information.com\/wp-content\/uploads\/2024\/09\/Leaning-Tower-of-Pisa-Tickets-with-Optional-Monumental-Complex-3-1024x640.avif\" data-src=\"https:\/\/italy-tourist-information.com\/wp-content\/uploads\/2024\/09\/Leaning-Tower-of-Pisa-Tickets-with-Optional-Monumental-Complex-3-300x188.avif\" loading=\"lazy\" data-sizes=\"{&quot;thumbnail&quot;:{&quot;url&quot;:&quot;https:\/\/italy-tourist-information.com\/wp-content\/uploads\/2024\/09\/Leaning-Tower-of-Pisa-Tickets-with-Optional-Monumental-Complex-3-150x150.avif&quot;,&quot;height&quot;:150,&quot;width&quot;:150,&quot;orientation&quot;:&quot;landscape&quot;},&quot;medium&quot;:{&quot;url&quot;:&quot;https:\/\/italy-tourist-information.com\/wp-content\/uploads\/2024\/09\/Leaning-Tower-of-Pisa-Tickets-with-Optional-Monumental-Complex-3-300x188.avif&quot;,&quot;height&quot;:188,&quot;width&quot;:300,&quot;orientation&quot;:&quot;landscape&quot;},&quot;large&quot;:{&quot;url&quot;:&quot;https:\/\/italy-tourist-information.com\/wp-content\/uploads\/2024\/09\/Leaning-Tower-of-Pisa-Tickets-with-Optional-Monumental-Complex-3-1024x640.avif&quot;,&quot;height&quot;:640,&quot;width&quot;:1024,&quot;orientation&quot;:&quot;landscape&quot;},&quot;full&quot;:{&quot;url&quot;:&quot;https:\/\/italy-tourist-information.com\/wp-content\/uploads\/2024\/09\/Leaning-Tower-of-Pisa-Tickets-with-Optional-Monumental-Complex-3.avif&quot;,&quot;height&quot;:750,&quot;width&quot;:1200,&quot;orientation&quot;:&quot;landscape&quot;}}\"><\/span><span><img decoding=\"async\" alt=\"\" data-id=\"6722\" width=\"1200\" height=\"750\" title=\"Tickets f\u00fcr den Schiefen Turm von Pisa mit optionalem Monumentenkomplex 4\" src=\"https:\/\/italy-tourist-information.com\/wp-content\/uploads\/2024\/09\/Leaning-Tower-of-Pisa-Tickets-with-Optional-Monumental-Complex-4-1024x640.avif\" data-src=\"https:\/\/italy-tourist-information.com\/wp-content\/uploads\/2024\/09\/Leaning-Tower-of-Pisa-Tickets-with-Optional-Monumental-Complex-4-300x188.avif\" loading=\"lazy\" data-sizes=\"{&quot;thumbnail&quot;:{&quot;url&quot;:&quot;https:\/\/italy-tourist-information.com\/wp-content\/uploads\/2024\/09\/Leaning-Tower-of-Pisa-Tickets-with-Optional-Monumental-Complex-4-150x150.avif&quot;,&quot;height&quot;:150,&quot;width&quot;:150,&quot;orientation&quot;:&quot;landscape&quot;},&quot;medium&quot;:{&quot;url&quot;:&quot;https:\/\/italy-tourist-information.com\/wp-content\/uploads\/2024\/09\/Leaning-Tower-of-Pisa-Tickets-with-Optional-Monumental-Complex-4-300x188.avif&quot;,&quot;height&quot;:188,&quot;width&quot;:300,&quot;orientation&quot;:&quot;landscape&quot;},&quot;large&quot;:{&quot;url&quot;:&quot;https:\/\/italy-tourist-information.com\/wp-content\/uploads\/2024\/09\/Leaning-Tower-of-Pisa-Tickets-with-Optional-Monumental-Complex-4-1024x640.avif&quot;,&quot;height&quot;:640,&quot;width&quot;:1024,&quot;orientation&quot;:&quot;landscape&quot;},&quot;full&quot;:{&quot;url&quot;:&quot;https:\/\/italy-tourist-information.com\/wp-content\/uploads\/2024\/09\/Leaning-Tower-of-Pisa-Tickets-with-Optional-Monumental-Complex-4.avif&quot;,&quot;height&quot;:750,&quot;width&quot;:1200,&quot;orientation&quot;:&quot;landscape&quot;}}\"><\/span><span><img decoding=\"async\" alt=\"\" data-id=\"6721\" width=\"1200\" height=\"750\" title=\"Tickets f\u00fcr den Schiefen Turm von Pisa mit optionalem Besuch des Monumentenkomplexes 5\" src=\"https:\/\/italy-tourist-information.com\/wp-content\/uploads\/2024\/09\/Leaning-Tower-of-Pisa-Tickets-with-Optional-Monumental-Complex-5-1024x640.avif\" data-src=\"https:\/\/italy-tourist-information.com\/wp-content\/uploads\/2024\/09\/Leaning-Tower-of-Pisa-Tickets-with-Optional-Monumental-Complex-5-300x188.avif\" loading=\"lazy\" data-sizes=\"{&quot;thumbnail&quot;:{&quot;url&quot;:&quot;https:\/\/italy-tourist-information.com\/wp-content\/uploads\/2024\/09\/Leaning-Tower-of-Pisa-Tickets-with-Optional-Monumental-Complex-5-150x150.avif&quot;,&quot;height&quot;:150,&quot;width&quot;:150,&quot;orientation&quot;:&quot;landscape&quot;},&quot;medium&quot;:{&quot;url&quot;:&quot;https:\/\/italy-tourist-information.com\/wp-content\/uploads\/2024\/09\/Leaning-Tower-of-Pisa-Tickets-with-Optional-Monumental-Complex-5-300x188.avif&quot;,&quot;height&quot;:188,&quot;width&quot;:300,&quot;orientation&quot;:&quot;landscape&quot;},&quot;large&quot;:{&quot;url&quot;:&quot;https:\/\/italy-tourist-information.com\/wp-content\/uploads\/2024\/09\/Leaning-Tower-of-Pisa-Tickets-with-Optional-Monumental-Complex-5-1024x640.avif&quot;,&quot;height&quot;:640,&quot;width&quot;:1024,&quot;orientation&quot;:&quot;landscape&quot;},&quot;full&quot;:{&quot;url&quot;:&quot;https:\/\/italy-tourist-information.com\/wp-content\/uploads\/2024\/09\/Leaning-Tower-of-Pisa-Tickets-with-Optional-Monumental-Complex-5.avif&quot;,&quot;height&quot;:750,&quot;width&quot;:1200,&quot;orientation&quot;:&quot;landscape&quot;}}\"><\/span><\/p>\n<h1 data-v-f320750a=\"\">Pisa: Eintrittskarte f\u00fcr den Schiefen Turm und die Kathedrale<\/h1>\n<h2><a href=\"https:\/\/www.getyourguide.com\/pisa-l157\/skip-the-line-ticket-leaning-tower-of-pisa-cathedral-t51230\/?partner_id=NO9XIDE&amp;utm_medium=online_publisher&amp;cmp=ITIDePisaTowerSP\" target=\"_blank\" rel=\"nofollow noopener\" style=\"outline: none;\">Zur Buchung<\/a><\/h2>\n<h1><a href=\"https:\/\/www.getyourguide.com\/pisa-l157\/skip-the-line-ticket-leaning-tower-of-pisa-cathedral-t51230\/?partner_id=NO9XIDE&amp;utm_medium=online_publisher&amp;cmp=ITIDePisaTowerSP\" target=\"_blank\" rel=\"nofollow noopener\" style=\"outline: none;\" spellcheck=\"false\"><span style=\"font-weight: normal;\"><\/span>Ab 24 <span style=\"font-weight: normal;\">\u20ac<\/span><\/a><\/h1>\n<p dir=\"ltr\">Besuchen Sie eines der ber\u00fchmtesten architektonischen Wunder der Welt, den <strong>Schiefen Turm von Pisa<\/strong>. Steigen Sie hinauf, um den Panoramablick zu genie\u00dfen, und erleben Sie ein exklusives Abenteuer mit Zugang zum atemberaubenden&nbsp;<strong>Monumentalkomplex.<\/strong><\/p>\n<ul>\n<li style=\"\"><span>Handverlesenes Ticket&nbsp;<\/span><\/li>\n<li style=\"\"><span>Mobiles Ticket<\/span><\/li>\n<li style=\"\"><span>Dauer 30 Minuten<\/span><\/li>\n<li style=\"\"><span>Reservierter Eingang<\/span><\/li>\n<\/ul>\n<h2>Inbegriffen<\/h2>\n<ul>\n<li style=\"\">                    <span>Eintrittskarte mit reservierter Einlasszeit f\u00fcr den Schiefen Turm von Pisa<\/span><\/li>\n<li style=\"\">                    <span>Eingang zur Kathedrale von Pisa<\/span><\/li>\n<li style=\"\">                    <span>Digitale Audioguide-App (verf\u00fcgbar in Italienisch, Englisch, Franz\u00f6sisch und Spanisch)<\/span><\/li>\n<li style=\"\">                    <span>Buchungs- und Bearbeitungsgeb\u00fchr<\/span><\/li>\n<\/ul>\n<h2>Nicht inbegriffen<\/h2>\n<ul>\n<li style=\"\"><span>Live-Guide<\/span><\/li>\n<li style=\"\"><span>Transfers<\/span><\/li>\n<\/ul>\n<h2>Wichtige Informationen<\/h2>\n<ul>\n<li style=\"\"><span>Bitte \u00fcberpr\u00fcfen Sie Ihre Besuchszeit, da ein sp\u00e4terer Einlass nicht gestattet ist.&nbsp;<\/span><\/li>\n<li style=\"\"><span>Aufgrund der hohen Nachfrage ist Ihr Termin m\u00f6glicherweise nicht verf\u00fcgbar; In diesem Fall wird Ihnen ein neuer Termin eine Stunde vor oder nach Ihrer urspr\u00fcnglichen Auswahl zugewiesen.<\/span><\/li>\n<li style=\"\"><span>Der Zugang zur Turmspitze ist auf 30 Minuten begrenzt.<\/span><\/li>\n<li style=\"\"><span>Handtaschen, Taschen und gro\u00dfe Gegenst\u00e4nde m\u00fcssen an der Garderobe abgegeben werden.<\/span><\/li>\n<li style=\"\"><span>Der Schiefe Turm von Pisa ist nicht rollstuhlgerecht.<\/span><\/li>\n<li style=\"\"><span>Dieses Erlebnis ist nicht f\u00fcr Kinder unter 8 Jahren geeignet.<\/span><\/li>\n<li style=\"\"><span>F\u00fcr Besucher der Kathedrale gilt eine strenge Kleiderordnung: Schultern bedecken, keine kurzen R\u00f6cke oder Shorts.<\/span><\/li>\n<\/ul>\n<h2>Beschreibung:<\/h2>\n<p dir=\"ltr\">Entdecken Sie den weltber\u00fchmten Schiefen Turm von Pisa und die Piazza dei Miracoli. Erklimmen Sie die Spitze und genie\u00dfen Sie den unvergleichlichen Blick \u00fcber die italienische Landschaft. Buchen Sie das Upgrade auf den Monumentalkomplex f\u00fcr ein exklusives Erlebnis, das Ihnen verborgene Kammern und faszinierende Geschichten hinter Pisas architektonischen Meisterwerken enth\u00fcllt.<\/p>\n<h2>Highlights:<\/h2>\n<ul>\n<li dir=\"ltr\">Besuchen Sie die Spitze des ber\u00fchmten Schiefen Turms und genie\u00dfen Sie den Panoramablick.<\/li>\n<li dir=\"ltr\">Besichtigen Sie die sieben Glocken des Turms, von denen jede auf einen anderen Ton gestimmt ist.<\/li>\n<li dir=\"ltr\">Sehen Sie die Piazza Dei Miracoli, ein UNESCO-Weltkulturerbe voller Geschichte.<\/li>\n<li dir=\"ltr\">Erfahren Sie faszinierende Fakten \u00fcber die Neigung des Turms und die Versuche, ihn zu stabilisieren.<\/li>\n<\/ul>\n<h2>Schiefer Turm von Pisa<\/h2>\n<p dir=\"ltr\">Torre di Pisa, Piazza del Duomo, 56126 Pisa PI, Italien<\/p>\n<h2>Stornierungsbedingungen<\/h2>\n<p>Diese Tickets k\u00f6nnen weder storniert noch umgebucht werden.<\/p>\n<h2>Treffpunkt &amp; Anweisungen<\/h2>\n<p>Bitte \u00fcberpr\u00fcfen Sie den genauen Treffpunkt auf Ihrem Gutschein und geben Sie ihn 15 Minuten fr\u00fcher ein, um einen reibungslosen Einlass zu gew\u00e4hrleisten. Die Details zum Einl\u00f6seort finden Sie in Ihrer Best\u00e4tigungs-E-Mail.<\/p>\n<p><a href=\"https:\/\/www.google.com\/maps\/place\/Schiefer+Turm+Von+Pisa\/@43.722952,10.3940221,17z\/data=!3m1!4b1!4m6!3m5!1s0x12d591a6c44e88cd:0x32eca9b1d554fc03!8m2!3d43.722952!4d10.396597!16zL20vMGNuNDY?entry=ttu&amp;g_ep=EgoyMDI0MDkxNS4wIKXMDSoASAFQAw%3D%3D\" data-lt-tmp-id=\"lt-709961\" spellcheck=\"false\" target=\"_blank\" rel=\"nofollow noopener\" style=\"outline: none;\">In Karten \u00f6ffnen<\/a><\/p>\n<h2>Bewertungen<\/h2>\n<p><strong>4,5\/5&nbsp; <\/strong><strong>(12657 Bewertungen)<\/strong><\/p>\n<p dir=\"ltr\"><em>\u201eWenn man schon bis nach Pisa f\u00e4hrt, muss man unbedingt den Turm besteigen, da die Zahl pro Tag stark begrenzt ist. Eine Buchung im Voraus ist daher dringend zu empfehlen. Die Aussicht von oben ist fantastisch, allerdings sollte man einigerma\u00dfen schwindelfrei sein. Die Kathedrale ist von innen wundersch\u00f6n.\u201c<\/em> Joanna, Februar 2025 <a href=\"https:\/\/www.getyourguide.com\/pisa-l157\/skip-the-line-ticket-leaning-tower-of-pisa-cathedral-t51230\/?partner_id=NO9XIDE&amp;utm_medium=online_publisher&amp;cmp=ITIDePisaTowerSP\" target=\"_blank\" rel=\"nofollow noopener\" data-lt-tmp-id=\"lt-736218\" spellcheck=\"false\" style=\"outline: none;\">&gt;&gt; Weitere Bewertungen ansehen \u2026<\/a><\/p>\n<p><span># <\/span><strong><span>2<\/span><\/strong><span># <\/span><strong><span>2<\/span><\/strong><\/p>\n<p><\/p>\n<h2><a href=\"https:\/\/www.getyourguide.com\/pisa-l157\/skip-the-line-ticket-leaning-tower-of-pisa-cathedral-t51230\/?partner_id=NO9XIDE&amp;utm_medium=online_publisher&amp;cmp=ITIDePisaTowerSP\" target=\"_blank\" rel=\"nofollow noopener\" style=\"outline: none;\">Zur Buchung<\/a><\/h2>\n<h1><a href=\"https:\/\/www.getyourguide.com\/pisa-l157\/skip-the-line-ticket-leaning-tower-of-pisa-cathedral-t51230\/?partner_id=NO9XIDE&amp;utm_medium=online_publisher&amp;cmp=ITIDePisaTowerSP\" target=\"_blank\" rel=\"nofollow noopener\" style=\"outline: none;\" spellcheck=\"false\">Ab <strong>24 \u20ac<\/strong><\/a><\/h1>\n<p style=\"\">Ihr Konto wird noch nicht belastet<\/p>\n","protected":false},"excerpt":{"rendered":"<p>Pisa: Eintrittskarte f\u00fcr den Schiefen Turm und die Kathedrale Zur Buchung Ab 24 \u20ac Besuchen Sie eines der ber\u00fchmtesten architektonischen Wunder der Welt, den Schiefen Turm von Pisa. Steigen Sie hinauf, um den Panoramablick zu genie\u00dfen, und erleben Sie ein exklusives Abenteuer mit Zugang zum atemberaubenden&nbsp;Monumentalkomplex. Handverlesenes Ticket&nbsp; Mobiles Ticket Dauer 30 Minuten Reservierter Eingang [&hellip;]<\/p>\n","protected":false},"author":6,"featured_media":17632,"parent":0,"menu_order":0,"comment_status":"closed","ping_status":"closed","template":"","meta":{"footnotes":""},"categories":[142,128],"tags":[153,130],"class_list":["post-17631","page","type-page","status-publish","has-post-thumbnail","hentry","category-pisa-de","category-verkaufsseite","tag-pisa-de","tag-verkaufsseite","post-wrapper","thrv_wrapper"],"_links":{"self":[{"href":"https:\/\/italy-tourist-information.com\/de\/wp-json\/wp\/v2\/pages\/17631","targetHints":{"allow":["GET"]}}],"collection":[{"href":"https:\/\/italy-tourist-information.com\/de\/wp-json\/wp\/v2\/pages"}],"about":[{"href":"https:\/\/italy-tourist-information.com\/de\/wp-json\/wp\/v2\/types\/page"}],"author":[{"embeddable":true,"href":"https:\/\/italy-tourist-information.com\/de\/wp-json\/wp\/v2\/users\/6"}],"replies":[{"embeddable":true,"href":"https:\/\/italy-tourist-information.com\/de\/wp-json\/wp\/v2\/comments?post=17631"}],"version-history":[{"count":8,"href":"https:\/\/italy-tourist-information.com\/de\/wp-json\/wp\/v2\/pages\/17631\/revisions"}],"predecessor-version":[{"id":19963,"href":"https:\/\/italy-tourist-information.com\/de\/wp-json\/wp\/v2\/pages\/17631\/revisions\/19963"}],"wp:featuredmedia":[{"embeddable":true,"href":"https:\/\/italy-tourist-information.com\/de\/wp-json\/wp\/v2\/media\/17632"}],"wp:attachment":[{"href":"https:\/\/italy-tourist-information.com\/de\/wp-json\/wp\/v2\/media?parent=17631"}],"wp:term":[{"taxonomy":"category","embeddable":true,"href":"https:\/\/italy-tourist-information.com\/de\/wp-json\/wp\/v2\/categories?post=17631"},{"taxonomy":"post_tag","embeddable":true,"href":"https:\/\/italy-tourist-information.com\/de\/wp-json\/wp\/v2\/tags?post=17631"}],"curies":[{"name":"wp","href":"https:\/\/api.w.org\/{rel}","templated":true}]}}