{"id":17670,"date":"2024-10-22T13:22:23","date_gmt":"2024-10-22T13:22:23","guid":{"rendered":"https:\/\/italy-tourist-information.com\/milan-last-supper-ticket-guided-tour"},"modified":"2026-05-05T07:49:07","modified_gmt":"2026-05-05T07:49:07","slug":"tickets-fuer-das-letzte-abendmahl","status":"publish","type":"page","link":"https:\/\/italy-tourist-information.com\/de\/tickets-fuer-das-letzte-abendmahl","title":{"rendered":"Tickets f\u00fcr Das Letzte Abendmahl: Eintritt ohne Anstehen + F\u00fchrung"},"content":{"rendered":"<p><span><img decoding=\"async\" alt=\"\" data-id=\"8599\" width=\"960\" height=\"639\" title=\"Mailand \u2013 Gef\u00fchrter Stadtrundgang &amp; Besuch des Letzten Abendmahls (Ticket 4)\" src=\"https:\/\/italy-tourist-information.com\/wp-content\/uploads\/2024\/10\/Milan-Guided-Walking-Tour-Last-Supper-Visit-with-Ticket-4.jpg\" data-src=\"https:\/\/italy-tourist-information.com\/wp-content\/uploads\/2024\/10\/Milan-Guided-Walking-Tour-Last-Supper-Visit-with-Ticket-4-300x200.jpg\" loading=\"lazy\" data-sizes=\"{&quot;thumbnail&quot;:{&quot;url&quot;:&quot;https:\/\/italy-tourist-information.com\/wp-content\/uploads\/2024\/10\/Milan-Guided-Walking-Tour-Last-Supper-Visit-with-Ticket-4-150x150.jpg&quot;,&quot;height&quot;:150,&quot;width&quot;:150,&quot;orientation&quot;:&quot;landscape&quot;},&quot;medium&quot;:{&quot;url&quot;:&quot;https:\/\/italy-tourist-information.com\/wp-content\/uploads\/2024\/10\/Milan-Guided-Walking-Tour-Last-Supper-Visit-with-Ticket-4-300x200.jpg&quot;,&quot;height&quot;:200,&quot;width&quot;:300,&quot;orientation&quot;:&quot;landscape&quot;},&quot;full&quot;:{&quot;url&quot;:&quot;https:\/\/italy-tourist-information.com\/wp-content\/uploads\/2024\/10\/Milan-Guided-Walking-Tour-Last-Supper-Visit-with-Ticket-4.jpg&quot;,&quot;height&quot;:639,&quot;width&quot;:960,&quot;orientation&quot;:&quot;landscape&quot;}}\"><\/span><span><img decoding=\"async\" alt=\"Mailand \u2013 Gef\u00fchrter Stadtrundgang &amp; Besuch des Letzten Abendmahls (mit Ticket)\" data-id=\"8602\" width=\"960\" height=\"607\" title=\"Mailand \u2013 Gef\u00fchrter Stadtrundgang &amp; Besuch des Letzten Abendmahls (mit Ticket)\" src=\"https:\/\/italy-tourist-information.com\/wp-content\/uploads\/2024\/10\/Milan-Guided-Walking-Tour-Last-Supper-Visit-with-Ticket-.jpg\" data-src=\"https:\/\/italy-tourist-information.com\/wp-content\/uploads\/2024\/10\/Milan-Guided-Walking-Tour-Last-Supper-Visit-with-Ticket--300x190.jpg\" loading=\"lazy\" data-sizes=\"{&quot;thumbnail&quot;:{&quot;url&quot;:&quot;https:\/\/italy-tourist-information.com\/wp-content\/uploads\/2024\/10\/Milan-Guided-Walking-Tour-Last-Supper-Visit-with-Ticket--150x150.jpg&quot;,&quot;height&quot;:150,&quot;width&quot;:150,&quot;orientation&quot;:&quot;landscape&quot;},&quot;medium&quot;:{&quot;url&quot;:&quot;https:\/\/italy-tourist-information.com\/wp-content\/uploads\/2024\/10\/Milan-Guided-Walking-Tour-Last-Supper-Visit-with-Ticket--300x190.jpg&quot;,&quot;height&quot;:190,&quot;width&quot;:300,&quot;orientation&quot;:&quot;landscape&quot;},&quot;full&quot;:{&quot;url&quot;:&quot;https:\/\/italy-tourist-information.com\/wp-content\/uploads\/2024\/10\/Milan-Guided-Walking-Tour-Last-Supper-Visit-with-Ticket-.jpg&quot;,&quot;height&quot;:607,&quot;width&quot;:960,&quot;orientation&quot;:&quot;landscape&quot;}}\"><\/span><span><img decoding=\"async\" alt=\"Mailand \u2013 Gef\u00fchrter Stadtrundgang &amp; Besuch des Letzten Abendmahls (Ticket 2)\" data-id=\"8601\" width=\"960\" height=\"639\" title=\"Mailand \u2013 Gef\u00fchrter Stadtrundgang &amp; Besuch des Letzten Abendmahls (Ticket 2)\" src=\"https:\/\/italy-tourist-information.com\/wp-content\/uploads\/2024\/10\/Milan-Guided-Walking-Tour-Last-Supper-Visit-with-Ticket-2.jpg\" data-src=\"https:\/\/italy-tourist-information.com\/wp-content\/uploads\/2024\/10\/Milan-Guided-Walking-Tour-Last-Supper-Visit-with-Ticket-2-300x200.jpg\" loading=\"lazy\" data-sizes=\"{&quot;thumbnail&quot;:{&quot;url&quot;:&quot;https:\/\/italy-tourist-information.com\/wp-content\/uploads\/2024\/10\/Milan-Guided-Walking-Tour-Last-Supper-Visit-with-Ticket-2-150x150.jpg&quot;,&quot;height&quot;:150,&quot;width&quot;:150,&quot;orientation&quot;:&quot;landscape&quot;},&quot;medium&quot;:{&quot;url&quot;:&quot;https:\/\/italy-tourist-information.com\/wp-content\/uploads\/2024\/10\/Milan-Guided-Walking-Tour-Last-Supper-Visit-with-Ticket-2-300x200.jpg&quot;,&quot;height&quot;:200,&quot;width&quot;:300,&quot;orientation&quot;:&quot;landscape&quot;},&quot;full&quot;:{&quot;url&quot;:&quot;https:\/\/italy-tourist-information.com\/wp-content\/uploads\/2024\/10\/Milan-Guided-Walking-Tour-Last-Supper-Visit-with-Ticket-2.jpg&quot;,&quot;height&quot;:639,&quot;width&quot;:960,&quot;orientation&quot;:&quot;landscape&quot;}}\"><\/span><span><img decoding=\"async\" alt=\"\" data-id=\"8600\" width=\"960\" height=\"639\" title=\"Mailand \u2013 Gef\u00fchrter Stadtrundgang &amp; Besuch des Letzten Abendmahls (Ticket 3)\" src=\"https:\/\/italy-tourist-information.com\/wp-content\/uploads\/2024\/10\/Milan-Guided-Walking-Tour-Last-Supper-Visit-with-Ticket-3.jpg\" data-src=\"https:\/\/italy-tourist-information.com\/wp-content\/uploads\/2024\/10\/Milan-Guided-Walking-Tour-Last-Supper-Visit-with-Ticket-3-300x200.jpg\" loading=\"lazy\" data-sizes=\"{&quot;thumbnail&quot;:{&quot;url&quot;:&quot;https:\/\/italy-tourist-information.com\/wp-content\/uploads\/2024\/10\/Milan-Guided-Walking-Tour-Last-Supper-Visit-with-Ticket-3-150x150.jpg&quot;,&quot;height&quot;:150,&quot;width&quot;:150,&quot;orientation&quot;:&quot;landscape&quot;},&quot;medium&quot;:{&quot;url&quot;:&quot;https:\/\/italy-tourist-information.com\/wp-content\/uploads\/2024\/10\/Milan-Guided-Walking-Tour-Last-Supper-Visit-with-Ticket-3-300x200.jpg&quot;,&quot;height&quot;:200,&quot;width&quot;:300,&quot;orientation&quot;:&quot;landscape&quot;},&quot;full&quot;:{&quot;url&quot;:&quot;https:\/\/italy-tourist-information.com\/wp-content\/uploads\/2024\/10\/Milan-Guided-Walking-Tour-Last-Supper-Visit-with-Ticket-3.jpg&quot;,&quot;height&quot;:639,&quot;width&quot;:960,&quot;orientation&quot;:&quot;landscape&quot;}}\"><\/span><\/p>\n<h1>Das letzte Abendmahl: Ticket ohne Anstehen + F\u00fchrung<\/h1>\n<h2><a href=\"https:\/\/www.tiqets.com\/de\/mailand-sehenswuerdigkeiten-c71749\/tickets-fur-das-letzte-abendmahl-eintritt-ohne-anstehen-fuhrung-p1109340\/?partner=italytouristinformation&amp;tq_campaign=ITIDeLastSupperSP\" target=\"_blank\" rel=\"nofollow noopener\" style=\"outline: none;\">Zur Buchung<\/a><\/h2>\n<h1><a href=\"https:\/\/www.tiqets.com\/de\/mailand-sehenswuerdigkeiten-c71749\/tickets-fur-das-letzte-abendmahl-eintritt-ohne-anstehen-fuhrung-p1109340\/?partner=italytouristinformation&amp;tq_campaign=ITIDeLastSupperSP\" target=\"_blank\" rel=\"nofollow noopener\" style=\"outline: none;\" spellcheck=\"false\">Ab 99&nbsp;\u20ac<\/a><\/h1>\n<p dir=\"ltr\">\u00dcberspringen Sie die Warteschlange und begleiten Sie einen ortskundigen Experten auf einer einst\u00fcndigen Tour zu Leonardo da Vincis \u201eDas letzte Abendmahl\u201c, inklusive 15 Minuten Zeit, um dieses ikonische Meisterwerk aus n\u00e4chster N\u00e4he zu bewundern.<\/p>\n<ul>\n<li style=\"\"><span>Handverlesenes Ticket<\/span><\/li>\n<li style=\"\"><span>Dauer 1 Stunde<\/span><\/li>\n<li style=\"\"><span>Schnellspur<\/span><\/li>\n<li style=\"\"><span>Live-Guide (Englisch)<\/span><\/li>\n<\/ul>\n<h2>Inbegriffen<\/h2>\n<ul>\n<li style=\"\">                    <span>F\u00fchrung<\/span><\/li>\n<li><span>Ticket ohne Anstehen<\/span><\/li>\n<li><span>Englischsprachiger Live-Guide<\/span><\/li>\n<\/ul>\n<h2>Nicht inbegriffen<\/h2>\n<ul>\n<li style=\"\"><span>Speisen und Getr\u00e4nke<\/span><\/li>\n<\/ul>\n<ul>\n<li style=\"\"><span>Abholung und R\u00fcckgabe<\/span><\/li>\n<\/ul>\n<h2>Wichtige Informationen<\/h2>\n<ul>\n<li style=\"\"><span>Bitte bringen Sie Ihren g\u00fcltigen Reisepass oder Personalausweis mit (auch f\u00fcr Kinder).<\/span><\/li>\n<li style=\"\"><span><strong>Nicht erlaubt:<\/strong> Speisen und Getr\u00e4nke, Gep\u00e4ck oder gro\u00dfe Taschen<\/span><\/li>\n<li style=\"\"><span>Kinder unter einem Jahr haben ohne Reservierung Zutritt, wenn sie von einem Elternteil getragen werden.<\/span><\/li>\n<li style=\"\"><span>Respektieren Sie die lokalen Gepflogenheiten, indem Sie Ihre Schultern und Knie bedecken.<br \/><\/span><\/li>\n<li><span>Dieses Erlebnis ist f\u00fcr Rollst\u00fchle und Kinderwagen geeignet.<\/span><\/li>\n<\/ul>\n<h2>Beschreibung:<\/h2>\n<p data-pm-slice=\"1 1 []\">Bewundern Sie eines der ber\u00fchmtesten Meisterwerke der Menschheit und ein wahres Juwel der Renaissance: <strong>Leonardo da Vincis \u201eDas letzte Abendmahl\u201c wird Ihnen im Rahmen einer F\u00fchrung direkt<\/strong>&nbsp;zug\u00e4nglich.&nbsp;<strong><\/strong>Genie\u00dfen Sie eine exklusive 15-min\u00fctige Besichtigung dieses ikonischen Wandgem\u00e4ldes unter fachkundiger F\u00fchrung.<strong><\/strong><\/p>\n<h2>Highlights:<\/h2>\n<ul>\n<li dir=\"ltr\">Genie\u00dfen Sie den bevorzugten Zugang zu Leonardo da Vincis \u201eLetztem Abendmahl\u201c.<\/li>\n<li dir=\"ltr\">Betreten Sie die bezaubernde Kirche Santa Maria delle Grazie und besuchen Sie das Museum des Letzten Abendmahls.<\/li>\n<li dir=\"ltr\">Genie\u00dfen Sie 15 Minuten ungest\u00f6rte Betrachtung eines der ber\u00fchmtesten Gem\u00e4lde der Geschichte.<\/li>\n<li dir=\"ltr\">W\u00e4hlen Sie eine F\u00fchrung in Ihrer bevorzugten Sprache (Englisch, Spanisch oder Italienisch) f\u00fcr ein anregendes und informatives Erlebnis.<\/li>\n<\/ul>\n<h2>Kirche Santa Maria delle Grazie<\/h2>\n<p>Kirche Santa Maria delle Grazie, Piazza di Santa Maria delle Grazie, Mailand, Italien<\/p>\n<h2>Stornierungsbedingungen<\/h2>\n<p>Dieses Ticket ist nicht erstattungsf\u00e4hig.<\/p>\n<h2>Treffpunkt &amp; Anweisungen<\/h2>\n<p data-pm-slice=\"1 1 []\">Bitte beachten Sie die Zugangshinweise zu Ihrem Voucher. Kommen Sie 15 Minuten fr\u00fcher, um Verz\u00f6gerungen zu vermeiden.<\/p>\n<p><a href=\"https:\/\/www.google.com\/maps\/place\/Santa+Maria+delle+Grazie\/@45.4659629,9.1660912,17z\/data=!3m1!4b1!4m6!3m5!1s0x4786c15a44bf1c83:0xed5bcdc4d3c75a59!8m2!3d45.465963!4d9.1709621!16zL20vMDQxdGdm?entry=ttu&amp;g_ep=EgoyMDI0MTAyOS4wIKXMDSoASAFQAw%3D%3D\" data-lt-tmp-id=\"lt-827772\" spellcheck=\"false\" target=\"_blank\" rel=\"nofollow noopener\" style=\"outline: none;\">In Karten \u00f6ffnen<\/a><\/p>\n<h2>Bewertungen<\/h2>\n<p><strong>4,6\/5 (<\/strong><strong>373 Bewertungen)<\/strong><\/p>\n<p><em>\u201e<\/em>Ich habe jede Minute der Tour genossen! Es war unglaublich, das Letzte Abendmahl zu erleben. Der Guide war sehr informativ, sympathisch und professionell.\u201c Oscar, Oktober 2024&nbsp;<a href=\"https:\/\/www.tiqets.com\/de\/mailand-sehenswuerdigkeiten-c71749\/tickets-fur-das-letzte-abendmahl-eintritt-ohne-anstehen-fuhrung-p1109340\/?partner=italytouristinformation&amp;tq_campaign=ITIDeLastSupperSP\" target=\"_blank\" rel=\"nofollow noopener\" data-lt-tmp-id=\"lt-58981\" spellcheck=\"false\" style=\"outline: none;\">&nbsp;&gt;&gt; Weitere Bewertungen ansehen \u2026<\/a><\/p>\n<h2>Weitere Aktivit\u00e4ten, die Ihnen gefallen k\u00f6nnten<\/h2>\n<p><span># <\/span><strong><span>2<\/span><\/strong><span># <\/span><strong><span>2<\/span><\/strong><span><img decoding=\"async\" alt=\"Mailand \u2013 Gef\u00fchrter Stadtrundgang &amp; Besuch des Letzten Abendmahls (Ticket 2)\" data-id=\"8601\" width=\"159\" data-init-width=\"960\" height=\"106\" data-init-height=\"639\" title=\"Mailand \u2013 Gef\u00fchrter Stadtrundgang &amp; Besuch des Letzten Abendmahls (Ticket 2)\" loading=\"lazy\" src=\"https:\/\/italy-tourist-information.com\/wp-content\/uploads\/2024\/10\/Milan-Guided-Walking-Tour-Last-Supper-Visit-with-Ticket-2.jpg\" data-width=\"159\" data-height=\"106\" style=\"aspect-ratio: auto 960 \/ 639;\"><\/span><\/p>\n<table>\n<tbody>\n<tr>\n<td><a href=\"https:\/\/www.getyourguide.com\/milan-l139\/milan-historical-tour-the-last-supper-t62890\/?partner_id=NO9XIDE&amp;utm_medium=online_publisher&amp;cmp=ITIDeLastSupperSP2\" target=\"_blank\" rel=\"nofollow noopener\" style=\"outline: none;\" spellcheck=\"false\">Mailand: Gef\u00fchrter Stadtrundgang &amp; Besuch des Letzten Abendmahls (mit Ticket)<\/a><\/td>\n<\/tr>\n<\/tbody>\n<\/table>\n<p dir=\"ltr\">Tauchen Sie ein in Mailands reiche Geschichte mit einer gef\u00fchrten Stadtwanderung, die Ihnen den bevorzugten Einlass zu Leonardo da Vincis \u201eAbendmahl\u201c erm\u00f6glicht. Erkunden Sie ber\u00fchmte Sehensw\u00fcrdigkeiten wie den Dom und das Castello Sforzesco und vieles mehr.<\/p>\n<h3 style=\"\">Gesamtpreis<\/h3>\n<h3 style=\"\">Ihr Konto wird noch nicht belastet<\/h3>\n<p><span># <\/span><strong><span>2<\/span><\/strong><span><img decoding=\"async\" alt=\"\" data-id=\"8609\" width=\"159\" data-init-width=\"930\" height=\"99\" data-init-height=\"581\" title=\"Kombi-Angebot (12 % sparen): Hop-on\/Hop-off-Bustour durch Mailand + Eintrittskarten f\u00fcr den Mail\u00e4nder Dom\" loading=\"lazy\" src=\"https:\/\/italy-tourist-information.com\/wp-content\/uploads\/2024\/10\/Combo-Save-12-Milan-Hop-On-Hop-Off-Bus-Tour-Milan-Duomo-Tickets-.avif\" data-width=\"159\" data-height=\"99\" style=\"aspect-ratio: auto 930 \/ 581;\"><\/span><\/p>\n<table>\n<tbody>\n<tr>\n<td><a href=\"https:\/\/www.headout.com\/de\/mailander-dom-tickets\/kombi-mailand-hop-on-hop-off-bus-tour-mailand-duomo-tickets-e-22450\/?affiliate_code=KXkQ69&amp;utm_campaign=itidelastsuppersp3&amp;utm_content=link&amp;utm_medium=affiliate&amp;utm_source=most_amazing_places\" target=\"_blank\" rel=\"nofollow noopener\" style=\"outline: none;\" data-lt-tmp-id=\"lt-321947\" spellcheck=\"false\">Kombi: Mailand Hop-on Hop-off Bus Tour + Mailand Duomo Tickets<\/a><\/td>\n<\/tr>\n<\/tbody>\n<\/table>\n<p data-pm-slice=\"1 1 []\">Erkunden Sie Mailand in Ihrem eigenen Tempo mit einer Hop-On Hop-Off-Bustour, umgehen Sie anschlie\u00dfend die Warteschlangen und bestaunen Sie den atemberaubenden Mail\u00e4nder Dom mit inkludierten Eintrittskarten!<\/p>\n<h3 style=\"\">Gesamtpreis<\/h3>\n<h3 style=\"\">Ihr Konto wird noch nicht belastet<\/h3>\n<p><\/p>\n<h2><a href=\"https:\/\/www.tiqets.com\/de\/mailand-sehenswuerdigkeiten-c71749\/tickets-fur-das-letzte-abendmahl-eintritt-ohne-anstehen-fuhrung-p1109340\/?partner=italytouristinformation&amp;tq_campaign=ITIDeLastSupperSP\" target=\"_blank\" rel=\"nofollow noopener\">Zur Buchung<\/a><\/h2>\n<h1><a href=\"https:\/\/www.tiqets.com\/de\/mailand-sehenswuerdigkeiten-c71749\/tickets-fur-das-letzte-abendmahl-eintritt-ohne-anstehen-fuhrung-p1109340\/?partner=italytouristinformation&amp;tq_campaign=ITIDeLastSupperSP\" target=\"_blank\" rel=\"nofollow noopener\" style=\"outline: none;\">Ab 99<strong>&nbsp;<\/strong>\u20ac<\/a><\/h1>\n<p style=\"\">Ihr Konto wird noch nicht belastet<\/p>\n","protected":false},"excerpt":{"rendered":"<p>Das letzte Abendmahl: Ticket ohne Anstehen + F\u00fchrung Zur Buchung Ab 99&nbsp;\u20ac \u00dcberspringen Sie die Warteschlange und begleiten Sie einen ortskundigen Experten auf einer einst\u00fcndigen Tour zu Leonardo da Vincis \u201eDas letzte Abendmahl\u201c, inklusive 15 Minuten Zeit, um dieses ikonische Meisterwerk aus n\u00e4chster N\u00e4he zu bewundern. Handverlesenes Ticket Dauer 1 Stunde Schnellspur Live-Guide (Englisch) Inbegriffen [&hellip;]<\/p>\n","protected":false},"author":6,"featured_media":17671,"parent":0,"menu_order":0,"comment_status":"closed","ping_status":"closed","template":"","meta":{"footnotes":"","tve_updated_post":"","tve_custom_css":"","tve_user_custom_css":"","tve_globals":{},"tcb2_ready":1,"tcb_editor_enabled":1,"tve_landing_page":"bd86f3fc67210fed5b2794ad4a56d3a9","_tve_header":"17144","_tve_footer":"17145"},"categories":[133,128],"tags":[135,130],"class_list":["post-17670","page","type-page","status-publish","has-post-thumbnail","hentry","category-mailand","category-verkaufsseite","tag-milan","tag-verkaufsseite","post-wrapper","thrv_wrapper"],"_links":{"self":[{"href":"https:\/\/italy-tourist-information.com\/de\/wp-json\/wp\/v2\/pages\/17670","targetHints":{"allow":["GET"]}}],"collection":[{"href":"https:\/\/italy-tourist-information.com\/de\/wp-json\/wp\/v2\/pages"}],"about":[{"href":"https:\/\/italy-tourist-information.com\/de\/wp-json\/wp\/v2\/types\/page"}],"author":[{"embeddable":true,"href":"https:\/\/italy-tourist-information.com\/de\/wp-json\/wp\/v2\/users\/6"}],"replies":[{"embeddable":true,"href":"https:\/\/italy-tourist-information.com\/de\/wp-json\/wp\/v2\/comments?post=17670"}],"version-history":[{"count":9,"href":"https:\/\/italy-tourist-information.com\/de\/wp-json\/wp\/v2\/pages\/17670\/revisions"}],"predecessor-version":[{"id":20210,"href":"https:\/\/italy-tourist-information.com\/de\/wp-json\/wp\/v2\/pages\/17670\/revisions\/20210"}],"wp:featuredmedia":[{"embeddable":true,"href":"https:\/\/italy-tourist-information.com\/de\/wp-json\/wp\/v2\/media\/17671"}],"wp:attachment":[{"href":"https:\/\/italy-tourist-information.com\/de\/wp-json\/wp\/v2\/media?parent=17670"}],"wp:term":[{"taxonomy":"category","embeddable":true,"href":"https:\/\/italy-tourist-information.com\/de\/wp-json\/wp\/v2\/categories?post=17670"},{"taxonomy":"post_tag","embeddable":true,"href":"https:\/\/italy-tourist-information.com\/de\/wp-json\/wp\/v2\/tags?post=17670"}],"curies":[{"name":"wp","href":"https:\/\/api.w.org\/{rel}","templated":true}]}}