{"id":17678,"date":"2025-05-06T11:52:27","date_gmt":"2025-05-06T11:52:27","guid":{"rendered":"https:\/\/italy-tourist-information.com\/milan-national-museum-science-and-technology-leonardo-da-vinci-ticket"},"modified":"2026-04-22T12:46:44","modified_gmt":"2026-04-22T12:46:44","slug":"tickets-fuer-leonardo-da-vinci-museum-in-mailand","status":"publish","type":"page","link":"https:\/\/italy-tourist-information.com\/de\/tickets-fuer-leonardo-da-vinci-museum-in-mailand","title":{"rendered":"Tickets f\u00fcr Leonardo da Vinci Museum in Mailand"},"content":{"rendered":"<p><span><img decoding=\"async\" alt=\"\" data-id=\"10336\" width=\"2335\" height=\"1556\" title=\"Nationalmuseum f\u00fcr Wissenschaft und Technologie Leonardo da Vinci - Eintrittskarte\" src=\"https:\/\/italy-tourist-information.com\/wp-content\/uploads\/2025\/05\/National-Museum-Science-and-Technology-Leonardo-da-Vinci-Entry-Ticket-ota-1024x682.avif\" data-src=\"https:\/\/italy-tourist-information.com\/wp-content\/uploads\/2025\/05\/National-Museum-Science-and-Technology-Leonardo-da-Vinci-Entry-Ticket-ota-300x200.avif\" loading=\"lazy\" data-sizes=\"{&quot;thumbnail&quot;:{&quot;url&quot;:&quot;https:\/\/italy-tourist-information.com\/wp-content\/uploads\/2025\/05\/National-Museum-Science-and-Technology-Leonardo-da-Vinci-Entry-Ticket-ota-150x150.avif&quot;,&quot;height&quot;:150,&quot;width&quot;:150,&quot;orientation&quot;:&quot;landscape&quot;},&quot;medium&quot;:{&quot;url&quot;:&quot;https:\/\/italy-tourist-information.com\/wp-content\/uploads\/2025\/05\/National-Museum-Science-and-Technology-Leonardo-da-Vinci-Entry-Ticket-ota-300x200.avif&quot;,&quot;height&quot;:200,&quot;width&quot;:300,&quot;orientation&quot;:&quot;landscape&quot;},&quot;large&quot;:{&quot;url&quot;:&quot;https:\/\/italy-tourist-information.com\/wp-content\/uploads\/2025\/05\/National-Museum-Science-and-Technology-Leonardo-da-Vinci-Entry-Ticket-ota-1024x682.avif&quot;,&quot;height&quot;:682,&quot;width&quot;:1024,&quot;orientation&quot;:&quot;landscape&quot;},&quot;full&quot;:{&quot;url&quot;:&quot;https:\/\/italy-tourist-information.com\/wp-content\/uploads\/2025\/05\/National-Museum-Science-and-Technology-Leonardo-da-Vinci-Entry-Ticket-ota.avif&quot;,&quot;height&quot;:1556,&quot;width&quot;:2335,&quot;orientation&quot;:&quot;landscape&quot;},&quot;1536x1536&quot;:{&quot;url&quot;:&quot;https:\/\/italy-tourist-information.com\/wp-content\/uploads\/2025\/05\/National-Museum-Science-and-Technology-Leonardo-da-Vinci-Entry-Ticket-ota-1536x1024.avif&quot;,&quot;height&quot;:1024,&quot;width&quot;:1536,&quot;orientation&quot;:&quot;landscape&quot;},&quot;2048x2048&quot;:{&quot;url&quot;:&quot;https:\/\/italy-tourist-information.com\/wp-content\/uploads\/2025\/05\/National-Museum-Science-and-Technology-Leonardo-da-Vinci-Entry-Ticket-ota-2048x1365.avif&quot;,&quot;height&quot;:1365,&quot;width&quot;:2048,&quot;orientation&quot;:&quot;landscape&quot;}}\"><\/span><span><img decoding=\"async\" alt=\"\" data-id=\"10335\" width=\"2336\" height=\"1556\" title=\"Nationalmuseum f\u00fcr Wissenschaft und Technologie Leonardo da Vinci \u2013 Eintrittskarte ota2\" src=\"https:\/\/italy-tourist-information.com\/wp-content\/uploads\/2025\/05\/National-Museum-Science-and-Technology-Leonardo-da-Vinci-Entry-Ticket-ota2-1024x682.avif\" data-src=\"https:\/\/italy-tourist-information.com\/wp-content\/uploads\/2025\/05\/National-Museum-Science-and-Technology-Leonardo-da-Vinci-Entry-Ticket-ota2-300x200.avif\" loading=\"lazy\" data-sizes=\"{&quot;thumbnail&quot;:{&quot;url&quot;:&quot;https:\/\/italy-tourist-information.com\/wp-content\/uploads\/2025\/05\/National-Museum-Science-and-Technology-Leonardo-da-Vinci-Entry-Ticket-ota2-150x150.avif&quot;,&quot;height&quot;:150,&quot;width&quot;:150,&quot;orientation&quot;:&quot;landscape&quot;},&quot;medium&quot;:{&quot;url&quot;:&quot;https:\/\/italy-tourist-information.com\/wp-content\/uploads\/2025\/05\/National-Museum-Science-and-Technology-Leonardo-da-Vinci-Entry-Ticket-ota2-300x200.avif&quot;,&quot;height&quot;:200,&quot;width&quot;:300,&quot;orientation&quot;:&quot;landscape&quot;},&quot;large&quot;:{&quot;url&quot;:&quot;https:\/\/italy-tourist-information.com\/wp-content\/uploads\/2025\/05\/National-Museum-Science-and-Technology-Leonardo-da-Vinci-Entry-Ticket-ota2-1024x682.avif&quot;,&quot;height&quot;:682,&quot;width&quot;:1024,&quot;orientation&quot;:&quot;landscape&quot;},&quot;full&quot;:{&quot;url&quot;:&quot;https:\/\/italy-tourist-information.com\/wp-content\/uploads\/2025\/05\/National-Museum-Science-and-Technology-Leonardo-da-Vinci-Entry-Ticket-ota2.avif&quot;,&quot;height&quot;:1556,&quot;width&quot;:2336,&quot;orientation&quot;:&quot;landscape&quot;},&quot;1536x1536&quot;:{&quot;url&quot;:&quot;https:\/\/italy-tourist-information.com\/wp-content\/uploads\/2025\/05\/National-Museum-Science-and-Technology-Leonardo-da-Vinci-Entry-Ticket-ota2-1536x1023.avif&quot;,&quot;height&quot;:1023,&quot;width&quot;:1536,&quot;orientation&quot;:&quot;landscape&quot;},&quot;2048x2048&quot;:{&quot;url&quot;:&quot;https:\/\/italy-tourist-information.com\/wp-content\/uploads\/2025\/05\/National-Museum-Science-and-Technology-Leonardo-da-Vinci-Entry-Ticket-ota2-2048x1364.avif&quot;,&quot;height&quot;:1364,&quot;width&quot;:2048,&quot;orientation&quot;:&quot;landscape&quot;}}\"><\/span><span><img decoding=\"async\" alt=\"\" data-id=\"10334\" width=\"2336\" height=\"1556\" title=\"Nationalmuseum f\u00fcr Wissenschaft und Technologie Leonardo da Vinci \u2013 Eintrittskarte ota3\" src=\"https:\/\/italy-tourist-information.com\/wp-content\/uploads\/2025\/05\/National-Museum-Science-and-Technology-Leonardo-da-Vinci-Entry-Ticket-ota3-1024x682.avif\" data-src=\"https:\/\/italy-tourist-information.com\/wp-content\/uploads\/2025\/05\/National-Museum-Science-and-Technology-Leonardo-da-Vinci-Entry-Ticket-ota3-300x200.avif\" loading=\"lazy\" data-sizes=\"{&quot;thumbnail&quot;:{&quot;url&quot;:&quot;https:\/\/italy-tourist-information.com\/wp-content\/uploads\/2025\/05\/National-Museum-Science-and-Technology-Leonardo-da-Vinci-Entry-Ticket-ota3-150x150.avif&quot;,&quot;height&quot;:150,&quot;width&quot;:150,&quot;orientation&quot;:&quot;landscape&quot;},&quot;medium&quot;:{&quot;url&quot;:&quot;https:\/\/italy-tourist-information.com\/wp-content\/uploads\/2025\/05\/National-Museum-Science-and-Technology-Leonardo-da-Vinci-Entry-Ticket-ota3-300x200.avif&quot;,&quot;height&quot;:200,&quot;width&quot;:300,&quot;orientation&quot;:&quot;landscape&quot;},&quot;large&quot;:{&quot;url&quot;:&quot;https:\/\/italy-tourist-information.com\/wp-content\/uploads\/2025\/05\/National-Museum-Science-and-Technology-Leonardo-da-Vinci-Entry-Ticket-ota3-1024x682.avif&quot;,&quot;height&quot;:682,&quot;width&quot;:1024,&quot;orientation&quot;:&quot;landscape&quot;},&quot;full&quot;:{&quot;url&quot;:&quot;https:\/\/italy-tourist-information.com\/wp-content\/uploads\/2025\/05\/National-Museum-Science-and-Technology-Leonardo-da-Vinci-Entry-Ticket-ota3.avif&quot;,&quot;height&quot;:1556,&quot;width&quot;:2336,&quot;orientation&quot;:&quot;landscape&quot;},&quot;1536x1536&quot;:{&quot;url&quot;:&quot;https:\/\/italy-tourist-information.com\/wp-content\/uploads\/2025\/05\/National-Museum-Science-and-Technology-Leonardo-da-Vinci-Entry-Ticket-ota3-1536x1023.avif&quot;,&quot;height&quot;:1023,&quot;width&quot;:1536,&quot;orientation&quot;:&quot;landscape&quot;},&quot;2048x2048&quot;:{&quot;url&quot;:&quot;https:\/\/italy-tourist-information.com\/wp-content\/uploads\/2025\/05\/National-Museum-Science-and-Technology-Leonardo-da-Vinci-Entry-Ticket-ota3-2048x1364.avif&quot;,&quot;height&quot;:1364,&quot;width&quot;:2048,&quot;orientation&quot;:&quot;landscape&quot;}}\"><\/span><span><img decoding=\"async\" alt=\"\" data-id=\"10333\" width=\"2334\" height=\"1556\" title=\"Nationalmuseum f\u00fcr Wissenschaft und Technologie Leonardo da Vinci \u2013 Eintrittskarte ota4\" src=\"https:\/\/italy-tourist-information.com\/wp-content\/uploads\/2025\/05\/National-Museum-Science-and-Technology-Leonardo-da-Vinci-Entry-Ticket-ota4-1024x683.avif\" data-src=\"https:\/\/italy-tourist-information.com\/wp-content\/uploads\/2025\/05\/National-Museum-Science-and-Technology-Leonardo-da-Vinci-Entry-Ticket-ota4-300x200.avif\" loading=\"lazy\" data-sizes=\"{&quot;thumbnail&quot;:{&quot;url&quot;:&quot;https:\/\/italy-tourist-information.com\/wp-content\/uploads\/2025\/05\/National-Museum-Science-and-Technology-Leonardo-da-Vinci-Entry-Ticket-ota4-150x150.avif&quot;,&quot;height&quot;:150,&quot;width&quot;:150,&quot;orientation&quot;:&quot;landscape&quot;},&quot;medium&quot;:{&quot;url&quot;:&quot;https:\/\/italy-tourist-information.com\/wp-content\/uploads\/2025\/05\/National-Museum-Science-and-Technology-Leonardo-da-Vinci-Entry-Ticket-ota4-300x200.avif&quot;,&quot;height&quot;:200,&quot;width&quot;:300,&quot;orientation&quot;:&quot;landscape&quot;},&quot;large&quot;:{&quot;url&quot;:&quot;https:\/\/italy-tourist-information.com\/wp-content\/uploads\/2025\/05\/National-Museum-Science-and-Technology-Leonardo-da-Vinci-Entry-Ticket-ota4-1024x683.avif&quot;,&quot;height&quot;:683,&quot;width&quot;:1024,&quot;orientation&quot;:&quot;landscape&quot;},&quot;full&quot;:{&quot;url&quot;:&quot;https:\/\/italy-tourist-information.com\/wp-content\/uploads\/2025\/05\/National-Museum-Science-and-Technology-Leonardo-da-Vinci-Entry-Ticket-ota4.avif&quot;,&quot;height&quot;:1556,&quot;width&quot;:2334,&quot;orientation&quot;:&quot;landscape&quot;},&quot;1536x1536&quot;:{&quot;url&quot;:&quot;https:\/\/italy-tourist-information.com\/wp-content\/uploads\/2025\/05\/National-Museum-Science-and-Technology-Leonardo-da-Vinci-Entry-Ticket-ota4-1536x1024.avif&quot;,&quot;height&quot;:1024,&quot;width&quot;:1536,&quot;orientation&quot;:&quot;landscape&quot;},&quot;2048x2048&quot;:{&quot;url&quot;:&quot;https:\/\/italy-tourist-information.com\/wp-content\/uploads\/2025\/05\/National-Museum-Science-and-Technology-Leonardo-da-Vinci-Entry-Ticket-ota4-2048x1365.avif&quot;,&quot;height&quot;:1365,&quot;width&quot;:2048,&quot;orientation&quot;:&quot;landscape&quot;}}\"><\/span><span><img decoding=\"async\" alt=\"\" data-id=\"10332\" width=\"2334\" height=\"1556\" title=\"Nationalmuseum f\u00fcr Wissenschaft und Technologie Leonardo da Vinci \u2013 Eintrittskarte ota5\" src=\"https:\/\/italy-tourist-information.com\/wp-content\/uploads\/2025\/05\/National-Museum-Science-and-Technology-Leonardo-da-Vinci-Entry-Ticket-ota5-1024x683.avif\" data-src=\"https:\/\/italy-tourist-information.com\/wp-content\/uploads\/2025\/05\/National-Museum-Science-and-Technology-Leonardo-da-Vinci-Entry-Ticket-ota5-300x200.avif\" loading=\"lazy\" data-sizes=\"{&quot;thumbnail&quot;:{&quot;url&quot;:&quot;https:\/\/italy-tourist-information.com\/wp-content\/uploads\/2025\/05\/National-Museum-Science-and-Technology-Leonardo-da-Vinci-Entry-Ticket-ota5-150x150.avif&quot;,&quot;height&quot;:150,&quot;width&quot;:150,&quot;orientation&quot;:&quot;landscape&quot;},&quot;medium&quot;:{&quot;url&quot;:&quot;https:\/\/italy-tourist-information.com\/wp-content\/uploads\/2025\/05\/National-Museum-Science-and-Technology-Leonardo-da-Vinci-Entry-Ticket-ota5-300x200.avif&quot;,&quot;height&quot;:200,&quot;width&quot;:300,&quot;orientation&quot;:&quot;landscape&quot;},&quot;large&quot;:{&quot;url&quot;:&quot;https:\/\/italy-tourist-information.com\/wp-content\/uploads\/2025\/05\/National-Museum-Science-and-Technology-Leonardo-da-Vinci-Entry-Ticket-ota5-1024x683.avif&quot;,&quot;height&quot;:683,&quot;width&quot;:1024,&quot;orientation&quot;:&quot;landscape&quot;},&quot;full&quot;:{&quot;url&quot;:&quot;https:\/\/italy-tourist-information.com\/wp-content\/uploads\/2025\/05\/National-Museum-Science-and-Technology-Leonardo-da-Vinci-Entry-Ticket-ota5.avif&quot;,&quot;height&quot;:1556,&quot;width&quot;:2334,&quot;orientation&quot;:&quot;landscape&quot;},&quot;1536x1536&quot;:{&quot;url&quot;:&quot;https:\/\/italy-tourist-information.com\/wp-content\/uploads\/2025\/05\/National-Museum-Science-and-Technology-Leonardo-da-Vinci-Entry-Ticket-ota5-1536x1024.avif&quot;,&quot;height&quot;:1024,&quot;width&quot;:1536,&quot;orientation&quot;:&quot;landscape&quot;},&quot;2048x2048&quot;:{&quot;url&quot;:&quot;https:\/\/italy-tourist-information.com\/wp-content\/uploads\/2025\/05\/National-Museum-Science-and-Technology-Leonardo-da-Vinci-Entry-Ticket-ota5-2048x1365.avif&quot;,&quot;height&quot;:1365,&quot;width&quot;:2048,&quot;orientation&quot;:&quot;landscape&quot;}}\"><\/span><\/p>\n<h1>Nationalmuseum f\u00fcr Wissenschaft und Technologie Leonardo da Vinci: Eintrittskarte<\/h1>\n<h2><a href=\"https:\/\/www.tiqets.com\/en\/milan-attractions-c71749\/tickets-for-museum-science-and-technology-leonardo-da-vinci-fast-track-p974236\/?partner=italytouristinformation&amp;tq_campaign=MilanLeonardoScienceMGttd\" target=\"_blank\" rel=\"nofollow noopener\" style=\"outline: none;\">Zur Buchung<\/a><\/h2>\n<h1><a href=\"https:\/\/www.tiqets.com\/en\/milan-attractions-c71749\/tickets-for-museum-science-and-technology-leonardo-da-vinci-fast-track-p974236\/?partner=italytouristinformation&amp;tq_campaign=MilanLeonardoScienceMGttd\" target=\"_blank\" rel=\"nofollow noopener\" style=\"outline: none;\"><strong>Ab 13,00<\/strong> \u20ac<strong><\/strong><\/a><\/h1>\n<p dir=\"ltr\">Entdecken Sie die Welt der Erfindungen und Innovationen mit Tickets f\u00fcr das <strong>Nationale Museum f\u00fcr Wissenschaft und Technologie Leonardo da Vinci in Mailand.<\/strong>&nbsp;Bestaunen Sie echte Prototypen, Weltraumtechnologie und faszinierende Ausstellungsst\u00fccke, die Geschichte, Kunst und Wissenschaft vereinen.<\/p>\n<ul>\n<li style=\"\"><span>Handverlesenes Ticket<\/span><\/li>\n<li style=\"\"><span>Sofortige Best\u00e4tigung<\/span><\/li>\n<li style=\"\"><span>Schnellspur<\/span><\/li>\n<li style=\"\"><span>Kostenlose Stornierung<\/span><\/li>\n<\/ul>\n<h2>Inbegriffen<\/h2>\n<ul>\n<li style=\"\">                    <span>Eingang zum Nationalen Museum f\u00fcr Wissenschaft und Technologie in Mailand Leonardo da Vinci<br \/><\/span><\/li>\n<li><span>Eintritt zu Sonderausstellungen (je nach Verf\u00fcgbarkeit)<\/span><\/li>\n<\/ul>\n<h2>Nicht inbegriffen<\/h2>\n<ul>\n<li style=\"\"><span>F\u00fchrung&nbsp;<\/span><\/li>\n<\/ul>\n<h2>Wichtige Informationen<\/h2>\n<ul>\n<li><span>Tauschen Sie Ihren Smartphone-Gutschein am Fahrkartenschalter gegen eine Papierfahrkarte ein.<\/span><\/li>\n<li><span>\u00c4nderungen der Sonderausstellungen sind je nach Verf\u00fcgbarkeit vorbehalten.<\/span><\/li>\n<li><span>Inhaber von erm\u00e4\u00dfigten Tickets m\u00fcssen beim Einlass einen g\u00fcltigen Ausweis vorzeigen.<\/span><\/li>\n<\/ul>\n<h2>Beschreibung:<\/h2>\n<p dir=\"ltr\">Tauchen Sie ein in die fantasievolle Welt Leonardo da Vincis in <strong>Italiens gr\u00f6\u00dftem Wissenschafts- und Technikmuseum.<\/strong> Untergebracht in einem ehemaligen Kloster, pr\u00e4sentiert dieses immersive Erlebnis <strong>Tausende von Artefakten<\/strong> \u2013 darunter Funktionsmodelle von da Vincis Erfindungen, ein Mondgestein und ein U-Boot.<\/p>\n<p dir=\"ltr\">Entdecken Sie <strong>sieben Themenbereiche,<\/strong> bestaunen Sie riesige Dampflokomotiven und Flugzeuge und erfahren Sie, wie Genies die moderne Technologie gepr\u00e4gt haben. Von neugierigen Kindern bis hin zu lebenslang Lernenden bietet dieses Museum stundenlange spannende Entdeckungen f\u00fcr alle Altersgruppen.<\/p>\n<h2>Highlights:<\/h2>\n<p ltr\"\"=\"\">\n<ul>\n<li dir=\"ltr\"><strong>Bewundern Sie detailgetreue Modelle,<\/strong> die nach den Originalzeichnungen von Leonardo da Vinci gefertigt wurden.<\/li>\n<li dir=\"ltr\"><strong>Entdecken Sie echte Weltraumtechnologie,<\/strong> darunter eine Vega-Rakete und Mondgestein.<\/li>\n<li dir=\"ltr\"><strong><\/strong>Besichtigen Sie historische Z\u00fcge, Schiffe und Flugzeuge <strong>in Originalgr\u00f6\u00dfe.<\/strong><\/li>\n<li dir=\"ltr\"><strong>Erleben Sie sieben Themenbereiche<\/strong> mit interaktiven Exponaten und lehrreichen Ausstellungen.<\/li>\n<li dir=\"ltr\"><strong>Ideal f\u00fcr Familien und Kinder<\/strong> mit interaktiven Lernbereichen<\/li>\n<li dir=\"ltr\">Es befindet sich in einem wundersch\u00f6n <strong>restaurierten Kloster aus dem 16. Jahrhundert.<\/strong><\/li>\n<\/ul>\n<h2>Nationales Museum f\u00fcr Wissenschaft und Technologie Leonardo da Vinci<\/h2>\n<p>Via San Vittore, 21, 20123 Milano MI, Italien<\/p>\n<h2>Stornierungsbedingungen<\/h2>\n<p>Eine Stornierung ist bis 23:59 Uhr am Vortag Ihres geplanten Besuchs m\u00f6glich.<\/p>\n<h2>Treffpunkt &amp; Anweisungen<\/h2>\n<p data-pm-slice=\"1 1 []\">Nutzen Sie die Schnellspur und zeigen Sie dann Ihren Smartphone-Gutschein am Ticketschalter vor, um Ihre Eintrittskarte in Papierform zu erhalten.<\/p>\n<p><a href=\"https:\/\/www.google.com\/maps\/place\/Museo+nazionale+della+scienza+e+della+tecnologia+Leonardo+da+Vinci\/@45.4628869,9.1680774,17z\/data=!4m15!1m8!3m7!1s0x4786c159c26cee9b:0x72458fca19e5eb92!2sMuseo+nazionale+della+scienza+e+della+tecnologia+Leonardo+da+Vinci!8m2!3d45.4628869!4d9.1706523!10e8!16s%2Fm%2F03ccx9x!3m5!1s0x4786c159c26cee9b:0x72458fca19e5eb92!8m2!3d45.4628869!4d9.1706523!16s%2Fm%2F03ccx9x?entry=ttu&amp;g_ep=EgoyMDI1MDQzMC4xIKXMDSoASAFQAw%3D%3D\" data-lt-tmp-id=\"lt-827772\" spellcheck=\"false\" target=\"_blank\" rel=\"nofollow noopener\" style=\"outline: none;\">In Karten \u00f6ffnen<\/a><\/p>\n<h2>Bewertungen<\/h2>\n<p><strong>4,5\/5 ( <\/strong><strong>1419 Bewertungen)<\/strong><\/p>\n<p><em>\u201eInteraktiv, ja sogar immersiv, sehr breites Spektrum an Ausstellungsthemen und ein hervorragender Rundgang durch das Museum.\u201c \u2013 Anonym, Mai 2025<\/em><\/p>\n<p><em><em>\u201eFaszinierend und ein wundervoller Ort, den Preis absolut wert\u2026 es gibt so viel zu lernen\u2026\u201c&nbsp;<\/em> \u2013 Helen, April 2025<\/em><\/p>\n<p><em>\u201eDies ist ein absolut hervorragendes Museum. Es wurde mit viel Liebe zum Detail und Stil gestaltet. Die Beschilderung ist umfassend und in Englisch und Italienisch. Das Museum ist auf ein Lernerlebnis ausgerichtet und nicht nur auf die reine Ausstellung von Exponaten [&#8230;]\u201c<\/em> \u2013 Stephen, M\u00e4rz 2025 <a href=\"https:\/\/www.tiqets.com\/en\/milan-attractions-c71749\/tickets-for-museum-science-and-technology-leonardo-da-vinci-fast-track-p974236\/?partner=italytouristinformation&amp;tq_campaign=MilanLeonardoScienceMGttd\" target=\"_blank\" rel=\"nofollow noopener\" data-lt-tmp-id=\"lt-245640\" spellcheck=\"false\" style=\"outline: none;\">&nbsp;&gt;&gt; Weitere Rezensionen ansehen \u2026<\/a><\/p>\n<h2>Einige Aktivit\u00e4ten, die Ihnen gefallen k\u00f6nnten<\/h2>\n<p><span># <\/span><strong><span>2<\/span><\/strong><span># <\/span><strong><span>2<\/span><\/strong><span><img decoding=\"async\" alt=\"\" data-id=\"10223\" width=\"159\" data-init-width=\"800\" height=\"159\" data-init-height=\"800\" title=\"Das letzte Abendmahl \u2013 Ticket ohne Anstehen + F\u00fchrung Das letzte Abendmahl \u2013 Ticket ohne Anstehen + F\u00fchrung\" loading=\"lazy\" src=\"https:\/\/italy-tourist-information.com\/wp-content\/uploads\/2025\/04\/The-Last-Supper-Skip-The-Line-Ticket-Guided-Tour-The-Last-Supper-Skip-The-Line-Ticket-Guided-Tour-ota.avif\" data-width=\"159\" data-height=\"159\" style=\"aspect-ratio: auto 800 \/ 800;\"><\/span><\/p>\n<table>\n<tbody>\n<tr>\n<td><a href=\"https:\/\/www.tiqets.com\/en\/milan-attractions-c71749\/tickets-for-the-last-supper-skip-the-line-guided-tour-p1109340\/?partner=italytouristinformation&amp;tq_campaign=MilanLeonardoScienceMGttd2\" target=\"_blank\" rel=\"nofollow noopener\" style=\"outline: none;\" data-lt-tmp-id=\"lt-437376\" spellcheck=\"false\">Das letzte Abendmahl: Ticket ohne Anstehen + F\u00fchrung<\/a><\/td>\n<\/tr>\n<\/tbody>\n<\/table>\n<p dir=\"ltr\">Tauchen Sie ein in Mailands reiche Geschichte mit einer F\u00fchrung, die Ihnen den bevorzugten Einlass zu Leonardo da Vincis \u201eLetztem Abendmahl\u201c erm\u00f6glicht.<\/p>\n<h3 style=\"\">Gesamtpreis<\/h3>\n<h3 style=\"\">Ihr Konto wird noch nicht belastet<\/h3>\n<p><span># <\/span><strong><span>2<\/span><\/strong><span><img decoding=\"async\" alt=\"\" data-id=\"10106\" width=\"159\" data-init-width=\"800\" height=\"159\" data-init-height=\"800\" title=\"Stadtrundfahrt Mailand \u2013 Hop-on-Hop-off-Bus\" loading=\"lazy\" src=\"https:\/\/italy-tourist-information.com\/wp-content\/uploads\/2025\/04\/City-Sightseeing-Milan-Hop-on-Hop-off-Bus-ota.avif\" data-width=\"159\" data-height=\"159\" style=\"aspect-ratio: auto 800 \/ 800;\"><\/span><\/p>\n<table>\n<tbody>\n<tr>\n<td><a href=\"https:\/\/www.tiqets.com\/en\/milan-attractions-c71749\/tickets-for-hop-on-hop-off-bus-milan-p975062\/?partner=italytouristinformation&amp;tq_campaign=MilanLeonardoScienceMGttd3\" target=\"_blank\" rel=\"nofollow noopener\" style=\"outline: none;\" data-lt-tmp-id=\"lt-570610\" spellcheck=\"false\">Stadtrundfahrt Mailand: Hop-on-Hop-off-Bus<\/a><\/td>\n<\/tr>\n<\/tbody>\n<\/table>\n<p data-pm-slice=\"1 1 []\">Erkunden Sie Mailand in Ihrem eigenen Tempo mit einer Hop-On Hop-Off-Bustour inklusive mehrsprachigem Audioguide!<\/p>\n<h3 style=\"\">Gesamtpreis<\/h3>\n<h3>Ihr Konto wird noch nicht belastet<\/h3>\n<p><\/p>\n<h2><a href=\"https:\/\/www.tiqets.com\/en\/milan-attractions-c71749\/tickets-for-museum-science-and-technology-leonardo-da-vinci-fast-track-p974236\/?partner=italytouristinformation&amp;tq_campaign=MilanLeonardoScienceMGttd\" target=\"_blank\" rel=\"nofollow noopener\" style=\"outline: none;\">Zur Buchung<\/a><\/h2>\n<h1><a href=\"https:\/\/www.tiqets.com\/en\/milan-attractions-c71749\/tickets-for-museum-science-and-technology-leonardo-da-vinci-fast-track-p974236\/?partner=italytouristinformation&amp;tq_campaign=MilanLeonardoScienceMGttd\" target=\"_blank\" rel=\"nofollow noopener\" style=\"outline: none;\"><strong>Ab 13,00<\/strong> \u20ac<strong><\/strong><\/a><\/h1>\n<h3>Ihr Konto wird noch nicht belastet<\/h3>\n\n\n<p><\/p>\n","protected":false},"excerpt":{"rendered":"<p>Nationalmuseum f\u00fcr Wissenschaft und Technologie Leonardo da Vinci: Eintrittskarte Zur Buchung Ab 13,00 \u20ac Entdecken Sie die Welt der Erfindungen und Innovationen mit Tickets f\u00fcr das Nationale Museum f\u00fcr Wissenschaft und Technologie Leonardo da Vinci in Mailand.&nbsp;Bestaunen Sie echte Prototypen, Weltraumtechnologie und faszinierende Ausstellungsst\u00fccke, die Geschichte, Kunst und Wissenschaft vereinen. Handverlesenes Ticket Sofortige Best\u00e4tigung Schnellspur [&hellip;]<\/p>\n","protected":false},"author":6,"featured_media":17679,"parent":0,"menu_order":0,"comment_status":"closed","ping_status":"closed","template":"","meta":{"footnotes":""},"categories":[133,128],"tags":[135,130],"class_list":["post-17678","page","type-page","status-publish","has-post-thumbnail","hentry","category-mailand","category-verkaufsseite","tag-milan","tag-verkaufsseite","post-wrapper","thrv_wrapper"],"_links":{"self":[{"href":"https:\/\/italy-tourist-information.com\/de\/wp-json\/wp\/v2\/pages\/17678","targetHints":{"allow":["GET"]}}],"collection":[{"href":"https:\/\/italy-tourist-information.com\/de\/wp-json\/wp\/v2\/pages"}],"about":[{"href":"https:\/\/italy-tourist-information.com\/de\/wp-json\/wp\/v2\/types\/page"}],"author":[{"embeddable":true,"href":"https:\/\/italy-tourist-information.com\/de\/wp-json\/wp\/v2\/users\/6"}],"replies":[{"embeddable":true,"href":"https:\/\/italy-tourist-information.com\/de\/wp-json\/wp\/v2\/comments?post=17678"}],"version-history":[{"count":8,"href":"https:\/\/italy-tourist-information.com\/de\/wp-json\/wp\/v2\/pages\/17678\/revisions"}],"predecessor-version":[{"id":20043,"href":"https:\/\/italy-tourist-information.com\/de\/wp-json\/wp\/v2\/pages\/17678\/revisions\/20043"}],"wp:featuredmedia":[{"embeddable":true,"href":"https:\/\/italy-tourist-information.com\/de\/wp-json\/wp\/v2\/media\/17679"}],"wp:attachment":[{"href":"https:\/\/italy-tourist-information.com\/de\/wp-json\/wp\/v2\/media?parent=17678"}],"wp:term":[{"taxonomy":"category","embeddable":true,"href":"https:\/\/italy-tourist-information.com\/de\/wp-json\/wp\/v2\/categories?post=17678"},{"taxonomy":"post_tag","embeddable":true,"href":"https:\/\/italy-tourist-information.com\/de\/wp-json\/wp\/v2\/tags?post=17678"}],"curies":[{"name":"wp","href":"https:\/\/api.w.org\/{rel}","templated":true}]}}