{"id":17688,"date":"2025-04-18T14:26:04","date_gmt":"2025-04-18T14:26:04","guid":{"rendered":"https:\/\/italy-tourist-information.com\/milan-qc-termemilano-spa-admission-ticket"},"modified":"2026-04-22T11:19:13","modified_gmt":"2026-04-22T11:19:13","slug":"qc-terme-milano-tickets","status":"publish","type":"page","link":"https:\/\/italy-tourist-information.com\/de\/qc-terme-milano-tickets","title":{"rendered":"Mailand: QC Terme Milano Tickets"},"content":{"rendered":"<p><span><img decoding=\"async\" alt=\"\" data-id=\"10111\" width=\"960\" height=\"639\" title=\"Mailand - QC Termemilano Spa Eintrittskarte\" src=\"https:\/\/italy-tourist-information.com\/wp-content\/uploads\/2025\/04\/Milan-QC-Termemilano-Spa-Admission-Ticket-ota.jpg\" data-src=\"https:\/\/italy-tourist-information.com\/wp-content\/uploads\/2025\/04\/Milan-QC-Termemilano-Spa-Admission-Ticket-ota-300x200.jpg\" loading=\"lazy\" data-sizes=\"{&quot;thumbnail&quot;:{&quot;url&quot;:&quot;https:\/\/italy-tourist-information.com\/wp-content\/uploads\/2025\/04\/Milan-QC-Termemilano-Spa-Admission-Ticket-ota-150x150.jpg&quot;,&quot;height&quot;:150,&quot;width&quot;:150,&quot;orientation&quot;:&quot;landscape&quot;},&quot;medium&quot;:{&quot;url&quot;:&quot;https:\/\/italy-tourist-information.com\/wp-content\/uploads\/2025\/04\/Milan-QC-Termemilano-Spa-Admission-Ticket-ota-300x200.jpg&quot;,&quot;height&quot;:200,&quot;width&quot;:300,&quot;orientation&quot;:&quot;landscape&quot;},&quot;full&quot;:{&quot;url&quot;:&quot;https:\/\/italy-tourist-information.com\/wp-content\/uploads\/2025\/04\/Milan-QC-Termemilano-Spa-Admission-Ticket-ota.jpg&quot;,&quot;height&quot;:639,&quot;width&quot;:960,&quot;orientation&quot;:&quot;landscape&quot;}}\"><\/span><span><img decoding=\"async\" alt=\"\" data-id=\"10110\" width=\"960\" height=\"639\" title=\"Mailand - QC Termemilano Spa Eintrittskarte ota2\" src=\"https:\/\/italy-tourist-information.com\/wp-content\/uploads\/2025\/04\/Milan-QC-Termemilano-Spa-Admission-Ticket-ota2.jpg\" data-src=\"https:\/\/italy-tourist-information.com\/wp-content\/uploads\/2025\/04\/Milan-QC-Termemilano-Spa-Admission-Ticket-ota2-300x200.jpg\" loading=\"lazy\" data-sizes=\"{&quot;thumbnail&quot;:{&quot;url&quot;:&quot;https:\/\/italy-tourist-information.com\/wp-content\/uploads\/2025\/04\/Milan-QC-Termemilano-Spa-Admission-Ticket-ota2-150x150.jpg&quot;,&quot;height&quot;:150,&quot;width&quot;:150,&quot;orientation&quot;:&quot;landscape&quot;},&quot;medium&quot;:{&quot;url&quot;:&quot;https:\/\/italy-tourist-information.com\/wp-content\/uploads\/2025\/04\/Milan-QC-Termemilano-Spa-Admission-Ticket-ota2-300x200.jpg&quot;,&quot;height&quot;:200,&quot;width&quot;:300,&quot;orientation&quot;:&quot;landscape&quot;},&quot;full&quot;:{&quot;url&quot;:&quot;https:\/\/italy-tourist-information.com\/wp-content\/uploads\/2025\/04\/Milan-QC-Termemilano-Spa-Admission-Ticket-ota2.jpg&quot;,&quot;height&quot;:639,&quot;width&quot;:960,&quot;orientation&quot;:&quot;landscape&quot;}}\"><\/span><span><img decoding=\"async\" alt=\"\" data-id=\"10109\" width=\"960\" height=\"640\" title=\"Mailand - QC Termemilano Spa Eintrittskarte ota3\" src=\"https:\/\/italy-tourist-information.com\/wp-content\/uploads\/2025\/04\/Milan-QC-Termemilano-Spa-Admission-Ticket-ota3.jpg\" data-src=\"https:\/\/italy-tourist-information.com\/wp-content\/uploads\/2025\/04\/Milan-QC-Termemilano-Spa-Admission-Ticket-ota3-300x200.jpg\" loading=\"lazy\" data-sizes=\"{&quot;thumbnail&quot;:{&quot;url&quot;:&quot;https:\/\/italy-tourist-information.com\/wp-content\/uploads\/2025\/04\/Milan-QC-Termemilano-Spa-Admission-Ticket-ota3-150x150.jpg&quot;,&quot;height&quot;:150,&quot;width&quot;:150,&quot;orientation&quot;:&quot;landscape&quot;},&quot;medium&quot;:{&quot;url&quot;:&quot;https:\/\/italy-tourist-information.com\/wp-content\/uploads\/2025\/04\/Milan-QC-Termemilano-Spa-Admission-Ticket-ota3-300x200.jpg&quot;,&quot;height&quot;:200,&quot;width&quot;:300,&quot;orientation&quot;:&quot;landscape&quot;},&quot;full&quot;:{&quot;url&quot;:&quot;https:\/\/italy-tourist-information.com\/wp-content\/uploads\/2025\/04\/Milan-QC-Termemilano-Spa-Admission-Ticket-ota3.jpg&quot;,&quot;height&quot;:640,&quot;width&quot;:960,&quot;orientation&quot;:&quot;landscape&quot;}}\"><\/span><span><img decoding=\"async\" alt=\"\" data-id=\"10108\" width=\"960\" height=\"639\" title=\"Mailand - QC Termemilano Spa Eintrittskarte ota4\" src=\"https:\/\/italy-tourist-information.com\/wp-content\/uploads\/2025\/04\/Milan-QC-Termemilano-Spa-Admission-Ticket-ota4.jpg\" data-src=\"https:\/\/italy-tourist-information.com\/wp-content\/uploads\/2025\/04\/Milan-QC-Termemilano-Spa-Admission-Ticket-ota4-300x200.jpg\" loading=\"lazy\" data-sizes=\"{&quot;thumbnail&quot;:{&quot;url&quot;:&quot;https:\/\/italy-tourist-information.com\/wp-content\/uploads\/2025\/04\/Milan-QC-Termemilano-Spa-Admission-Ticket-ota4-150x150.jpg&quot;,&quot;height&quot;:150,&quot;width&quot;:150,&quot;orientation&quot;:&quot;landscape&quot;},&quot;medium&quot;:{&quot;url&quot;:&quot;https:\/\/italy-tourist-information.com\/wp-content\/uploads\/2025\/04\/Milan-QC-Termemilano-Spa-Admission-Ticket-ota4-300x200.jpg&quot;,&quot;height&quot;:200,&quot;width&quot;:300,&quot;orientation&quot;:&quot;landscape&quot;},&quot;full&quot;:{&quot;url&quot;:&quot;https:\/\/italy-tourist-information.com\/wp-content\/uploads\/2025\/04\/Milan-QC-Termemilano-Spa-Admission-Ticket-ota4.jpg&quot;,&quot;height&quot;:639,&quot;width&quot;:960,&quot;orientation&quot;:&quot;landscape&quot;}}\"><\/span><\/p>\n<h1 dir=\"ltr\">QC Terme Milano Eintrittstickets<\/h1>\n<h2><a href=\"https:\/\/www.headout.com\/de\/tickets-fur-qc-terme-milano-premier-spa-erhalten\/eintrittstickets-fur-die-qc-termemilano-e-24457\/?affiliate_code=KXkQ69&amp;utm_campaign=itideqctermemilanosp&amp;utm_content=link&amp;utm_medium=affiliate&amp;utm_source=most_amazing_places\" target=\"_blank\" rel=\"nofollow noopener\" style=\"outline: none;\">Zur Buchung<\/a><\/h2>\n<h1><a href=\"https:\/\/www.headout.com\/de\/tickets-fur-qc-terme-milano-premier-spa-erhalten\/eintrittstickets-fur-die-qc-termemilano-e-24457\/?affiliate_code=KXkQ69&amp;utm_campaign=itideqctermemilanosp&amp;utm_content=link&amp;utm_medium=affiliate&amp;utm_source=most_amazing_places\" target=\"_blank\" rel=\"nofollow noopener\" style=\"outline: none;\"><strong>Ab 72,00<\/strong> \u20ac<strong><\/strong><\/a><\/h1>\n<p dir=\"ltr\">Entfliehen Sie dem Alltag und besuchen Sie <strong>das QC Terme Milano, ein luxuri\u00f6ses Spa<\/strong> im Herzen Mailands. Mit Zugang zu <strong>\u00fcber 30 Wellness-Angeboten<\/strong> bietet Ihnen dieses Ticket die perfekte M\u00f6glichkeit, zu entspannen, neue Energie zu tanken und sich erfrischt zu f\u00fchlen. W\u00e4hlen Sie zwischen Tages-, Abend- oder 5-Stunden-Tickets.<\/p>\n<ul>\n<li style=\"\"><span>Handverlesenes Ticket<\/span><\/li>\n<li style=\"\"><span>Dauer 5 Stunden &#8211; 1 Tag<\/span><\/li>\n<li style=\"\"><span>Sofortige Best\u00e4tigung<\/span><\/li>\n<li style=\"\"><span>Kostenlose Stornierung<\/span><\/li>\n<\/ul>\n<h2>Inbegriffen&nbsp;<\/h2>\n<ul>\n<li style=\"\">                    <span>Eintritt zum QC Terme Milano Spa<\/span><\/li>\n<li style=\"\">                    <span>Bademantel, Handtuch und Hausschuhe k\u00f6nnen gemietet werden.<\/span><\/li>\n<li><span>Tageskarte (optional)<\/span><\/li>\n<li><span>5-Stunden-Eintrittskarte (optional)<\/span><\/li>\n<li><span>Abendticket (optional)<\/span><\/li>\n<\/ul>\n<h2>Nicht inbegriffen<\/h2>\n<ul>\n<li style=\"\"><span>Massagen<\/span><\/li>\n<\/ul>\n<ul>\n<li style=\"\"><span>Zus\u00e4tzliche Wellnessbehandlungen<\/span><\/li>\n<\/ul>\n<h2>Wichtige Informationen<\/h2>\n<ul>\n<li style=\"\"><span>Nicht geeignet f\u00fcr Kinder unter 14 Jahren oder Schwangere<\/span><\/li>\n<li style=\"\"><span>G\u00fcltig nur von Montag bis Freitag (ausgenommen nationale Feiertage\/Bankfeiertage)<\/span><\/li>\n<li style=\"\"><span>W\u00e4hlen Sie zwischen 5-Stunden-, Abend- oder Ganztageseintrittsoptionen.<\/span><\/li>\n<li style=\"\"><span>Badebekleidung erforderlich<\/span><\/li>\n<li><span>Essen, Alkohol und Drogen sind nicht erlaubt.<\/span><\/li>\n<\/ul>\n<h2>Beschreibung:<\/h2>\n<p data-pm-slice=\"1 1 []\">Entdecken Sie Ruhe und Entspannung im <strong>QC Terme Milano,<\/strong> einem eleganten Wellness-Refugium innerhalb der alten spanischen Stadtmauern Mailands. <strong>Der 3.000 m\u00b2 gro\u00dfe<\/strong> Komplex im Jugendstil bietet Dampfb\u00e4der, Erlebnisduschen, Kneipp-Pfade, Whirlpools und vieles mehr.<\/p>\n<p data-pm-slice=\"1 1 []\">Entdecken Sie die weltweit erste Biosauna in einer historischen Stra\u00dfenbahn oder <strong>entspannen Sie in einem gl\u00e4sernen Pool <\/strong><strong>inmitten arch\u00e4ologischer St\u00e4tten.<\/strong> Ob Sie einen 5-st\u00fcndigen Besuch oder einen Tagesausflug planen \u2013 QC Terme bietet Ihnen eine einzigartige und luxuri\u00f6se Auszeit vom Alltag.<\/p>\n<h2>Highlights:<\/h2>\n<ul>\n<li dir=\"ltr\">Entspannen Sie sich in einem historischen, 3.000 m\u00b2 gro\u00dfen Spa im Jugendstil.<\/li>\n<li dir=\"ltr\">Genie\u00dfen Sie \u00fcber 30 erholsame Wellness-Aktivit\u00e4ten.<\/li>\n<li dir=\"ltr\">Betreten Sie die weltweit erste Stra\u00dfenbahnsauna<\/li>\n<li dir=\"ltr\">Schwimmen Sie im Unterwassermuseum, einem von antiken Ruinen umgebenen Becken.<\/li>\n<li dir=\"ltr\">Entfliehen Sie dem Alltagsstress in Ruher\u00e4umen und Dampfb\u00e4dern.<\/li>\n<\/ul>\n<h2>QC Terme Milano<\/h2>\n<p>P.le Medaglie D&#8217;Oro, 2, 20135 Milano MI, Italien<\/p>\n<h2>Stornierungsbedingungen<\/h2>\n<p>Volle R\u00fcckerstattung bei Stornierungen bis zu 24 Stunden vor dem Erlebnis.<\/p>\n<h2>Treffpunkt &amp; Anweisungen<\/h2>\n<p data-pm-slice=\"1 1 []\">Halten Sie Ausschau nach dem grauen Torbogen mit dem Schild \u201eQC Termemilano\u201c. Zeigen Sie am Eingang Ihr Handy-Ticket zusammen mit einem g\u00fcltigen Ausweis vor.&nbsp;<\/p>\n<p><a href=\"https:\/\/www.google.com\/maps\/place\/QC+Termemilano\/@45.4517364,9.1991393,17z\/data=!4m15!1m8!3m7!1s0x4786c418b48c5ab7:0x26c12358a0882dc4!2sQC+Termemilano!8m2!3d45.4517364!4d9.2017142!10e8!16s%2Fg%2F1tfq3jmh!3m5!1s0x4786c418b48c5ab7:0x26c12358a0882dc4!8m2!3d45.4517364!4d9.2017142!16s%2Fg%2F1tfq3jmh?entry=ttu&amp;g_ep=EgoyMDI1MDQxNC4xIKXMDSoASAFQAw%3D%3D\" data-lt-tmp-id=\"lt-827772\" spellcheck=\"false\" target=\"_blank\" rel=\"nofollow noopener\" style=\"outline: none;\">In Karten \u00f6ffnen<\/a><\/p>\n<h2>Bewertungen<\/h2>\n<p><strong>4,7\/5 (<\/strong><strong>752 Bewertungen)<\/strong><\/p>\n<p><em>\u201e<\/em>Das fantastischste Spa, das ich je besucht habe. Ein unglaubliches Erlebnis!\u201c Claire, April 2025&nbsp;<a href=\"https:\/\/www.headout.com\/de\/tickets-fur-qc-terme-milano-premier-spa-erhalten\/eintrittstickets-fur-die-qc-termemilano-e-24457\/?affiliate_code=KXkQ69&amp;utm_campaign=itideqctermemilanosp&amp;utm_content=link&amp;utm_medium=affiliate&amp;utm_source=most_amazing_places\" target=\"_blank\" rel=\"nofollow noopener\" data-lt-tmp-id=\"lt-773038\" spellcheck=\"false\" style=\"outline: none;\">&nbsp;&gt;&gt; Weitere Bewertungen ansehen \u2026<\/a><\/p>\n<h2>Weitere Aktivit\u00e4ten, die Ihnen gefallen k\u00f6nnten<\/h2>\n<p><span># <\/span><strong><span>2<\/span><\/strong><span># <\/span><strong><span>2<\/span><\/strong><span><img decoding=\"async\" alt=\"Mailand \u2013 Gef\u00fchrter Stadtrundgang &amp; Besuch des Letzten Abendmahls (Ticket 2)\" data-id=\"8601\" width=\"159\" data-init-width=\"960\" height=\"106\" data-init-height=\"639\" title=\"Mailand \u2013 Gef\u00fchrter Stadtrundgang &amp; Besuch des Letzten Abendmahls (Ticket 2)\" loading=\"lazy\" src=\"https:\/\/italy-tourist-information.com\/wp-content\/uploads\/2024\/10\/Milan-Guided-Walking-Tour-Last-Supper-Visit-with-Ticket-2.jpg\" data-width=\"159\" data-height=\"106\" style=\"aspect-ratio: auto 960 \/ 639;\"><\/span><\/p>\n<table>\n<tbody>\n<tr>\n<td><a href=\"https:\/\/www.getyourguide.com\/milan-l139\/milan-historical-tour-the-last-supper-t62890\/?partner_id=NO9XIDE&amp;utm_medium=online_publisher&amp;cmp=ITIDeQCTermemilanoSP2\" target=\"_blank\" rel=\"nofollow noopener\" style=\"outline: none;\" data-lt-tmp-id=\"lt-880920\" spellcheck=\"false\">Mailand: Gef\u00fchrter Stadtrundgang &amp; Besuch des Letzten Abendmahls (mit Ticket)<\/a><\/td>\n<\/tr>\n<\/tbody>\n<\/table>\n<p dir=\"ltr\">Tauchen Sie ein in Mailands reiche Geschichte mit einer gef\u00fchrten Stadtwanderung, die Ihnen den bevorzugten Einlass zu Leonardo da Vincis \u201eAbendmahl\u201c erm\u00f6glicht. Erkunden Sie ber\u00fchmte Sehensw\u00fcrdigkeiten wie den Dom und das Castello Sforzesco und vieles mehr.<\/p>\n<h3 style=\"\">Gesamtpreis<\/h3>\n<h3 style=\"\">Ihr Konto wird noch nicht belastet<\/h3>\n<p><span># <\/span><strong><span>2<\/span><\/strong><span><img decoding=\"async\" alt=\"\" data-id=\"10106\" width=\"159\" data-init-width=\"800\" height=\"159\" data-init-height=\"800\" title=\"Stadtrundfahrt Mailand \u2013 Hop-on-Hop-off-Bus\" loading=\"lazy\" src=\"https:\/\/italy-tourist-information.com\/wp-content\/uploads\/2025\/04\/City-Sightseeing-Milan-Hop-on-Hop-off-Bus-ota.avif\" data-width=\"159\" data-height=\"159\" style=\"aspect-ratio: auto 800 \/ 800;\"><\/span><\/p>\n<table>\n<tbody>\n<tr>\n<td><a href=\"https:\/\/www.tiqets.com\/de\/milan-attractions-c71749\/tickets-for-hop-on-hop-off-bus-milan-p975062\/?partner=italytouristinformation&amp;tq_campaign=ITIDeQCTermemilanoSP3\" target=\"_blank\" rel=\"nofollow noopener\" style=\"outline: none;\" data-lt-tmp-id=\"lt-616980\" spellcheck=\"false\">Stadtrundfahrt Mailand: Hop-on-Hop-off-Bus<\/a><\/td>\n<\/tr>\n<\/tbody>\n<\/table>\n<p data-pm-slice=\"1 1 []\">Erkunden Sie Mailand in Ihrem eigenen Tempo mit einer Hop-On Hop-Off-Bustour inklusive mehrsprachigem Audioguide!<\/p>\n<h3 style=\"\">Gesamtpreis<\/h3>\n<h3>Ihr Konto wird noch nicht belastet<\/h3>\n<p><\/p>\n<h2><a href=\"https:\/\/www.headout.com\/de\/tickets-fur-qc-terme-milano-premier-spa-erhalten\/eintrittstickets-fur-die-qc-termemilano-e-24457\/?affiliate_code=KXkQ69&amp;utm_campaign=itideqctermemilanosp&amp;utm_content=link&amp;utm_medium=affiliate&amp;utm_source=most_amazing_places\" target=\"_blank\" rel=\"nofollow noopener\" style=\"outline: none;\">Zur Buchung<\/a><\/h2>\n<h1><a href=\"https:\/\/www.headout.com\/de\/tickets-fur-qc-terme-milano-premier-spa-erhalten\/eintrittstickets-fur-die-qc-termemilano-e-24457\/?affiliate_code=KXkQ69&amp;utm_campaign=itideqctermemilanosp&amp;utm_content=link&amp;utm_medium=affiliate&amp;utm_source=most_amazing_places\" target=\"_blank\" rel=\"nofollow noopener\" style=\"outline: none;\"><strong>Ab 72,00<\/strong> \u20ac<strong><\/strong><\/a><\/h1>\n<h3>Ihr Konto wird noch nicht belastet<\/h3>\n","protected":false},"excerpt":{"rendered":"<p>QC Terme Milano Eintrittstickets Zur Buchung Ab 72,00 \u20ac Entfliehen Sie dem Alltag und besuchen Sie das QC Terme Milano, ein luxuri\u00f6ses Spa im Herzen Mailands. Mit Zugang zu \u00fcber 30 Wellness-Angeboten bietet Ihnen dieses Ticket die perfekte M\u00f6glichkeit, zu entspannen, neue Energie zu tanken und sich erfrischt zu f\u00fchlen. W\u00e4hlen Sie zwischen Tages-, Abend- [&hellip;]<\/p>\n","protected":false},"author":6,"featured_media":17689,"parent":0,"menu_order":0,"comment_status":"closed","ping_status":"closed","template":"","meta":{"footnotes":""},"categories":[133,128],"tags":[135,130],"class_list":["post-17688","page","type-page","status-publish","has-post-thumbnail","hentry","category-mailand","category-verkaufsseite","tag-milan","tag-verkaufsseite","post-wrapper","thrv_wrapper"],"_links":{"self":[{"href":"https:\/\/italy-tourist-information.com\/de\/wp-json\/wp\/v2\/pages\/17688","targetHints":{"allow":["GET"]}}],"collection":[{"href":"https:\/\/italy-tourist-information.com\/de\/wp-json\/wp\/v2\/pages"}],"about":[{"href":"https:\/\/italy-tourist-information.com\/de\/wp-json\/wp\/v2\/types\/page"}],"author":[{"embeddable":true,"href":"https:\/\/italy-tourist-information.com\/de\/wp-json\/wp\/v2\/users\/6"}],"replies":[{"embeddable":true,"href":"https:\/\/italy-tourist-information.com\/de\/wp-json\/wp\/v2\/comments?post=17688"}],"version-history":[{"count":9,"href":"https:\/\/italy-tourist-information.com\/de\/wp-json\/wp\/v2\/pages\/17688\/revisions"}],"predecessor-version":[{"id":20022,"href":"https:\/\/italy-tourist-information.com\/de\/wp-json\/wp\/v2\/pages\/17688\/revisions\/20022"}],"wp:featuredmedia":[{"embeddable":true,"href":"https:\/\/italy-tourist-information.com\/de\/wp-json\/wp\/v2\/media\/17689"}],"wp:attachment":[{"href":"https:\/\/italy-tourist-information.com\/de\/wp-json\/wp\/v2\/media?parent=17688"}],"wp:term":[{"taxonomy":"category","embeddable":true,"href":"https:\/\/italy-tourist-information.com\/de\/wp-json\/wp\/v2\/categories?post=17688"},{"taxonomy":"post_tag","embeddable":true,"href":"https:\/\/italy-tourist-information.com\/de\/wp-json\/wp\/v2\/tags?post=17688"}],"curies":[{"name":"wp","href":"https:\/\/api.w.org\/{rel}","templated":true}]}}