{"id":17695,"date":"2025-05-06T12:18:52","date_gmt":"2025-05-06T12:18:52","guid":{"rendered":"https:\/\/italy-tourist-information.com\/milan-tickets-for-leonardo3-museum-the-world-of-leonardo"},"modified":"2026-04-22T12:56:18","modified_gmt":"2026-04-22T12:56:18","slug":"tickets-fuer-leonardo-3-museum","status":"publish","type":"page","link":"https:\/\/italy-tourist-information.com\/de\/tickets-fuer-leonardo-3-museum","title":{"rendered":"Mailand: Tickets f\u00fcr Leonardo3 Museum \u2013 Die Welt von Leonardo"},"content":{"rendered":"<p><span><img decoding=\"async\" alt=\"\" data-id=\"10353\" width=\"2334\" height=\"1556\" title=\"Leonardo3 Museum - Die Welt von Leonardo ota\" src=\"https:\/\/italy-tourist-information.com\/wp-content\/uploads\/2025\/05\/Leonardo3-Museum-The-World-of-Leonardo-ota-1024x683.avif\" data-src=\"https:\/\/italy-tourist-information.com\/wp-content\/uploads\/2025\/05\/Leonardo3-Museum-The-World-of-Leonardo-ota-300x200.avif\" loading=\"lazy\" data-sizes=\"{&quot;thumbnail&quot;:{&quot;url&quot;:&quot;https:\/\/italy-tourist-information.com\/wp-content\/uploads\/2025\/05\/Leonardo3-Museum-The-World-of-Leonardo-ota-150x150.avif&quot;,&quot;height&quot;:150,&quot;width&quot;:150,&quot;orientation&quot;:&quot;landscape&quot;},&quot;medium&quot;:{&quot;url&quot;:&quot;https:\/\/italy-tourist-information.com\/wp-content\/uploads\/2025\/05\/Leonardo3-Museum-The-World-of-Leonardo-ota-300x200.avif&quot;,&quot;height&quot;:200,&quot;width&quot;:300,&quot;orientation&quot;:&quot;landscape&quot;},&quot;large&quot;:{&quot;url&quot;:&quot;https:\/\/italy-tourist-information.com\/wp-content\/uploads\/2025\/05\/Leonardo3-Museum-The-World-of-Leonardo-ota-1024x683.avif&quot;,&quot;height&quot;:683,&quot;width&quot;:1024,&quot;orientation&quot;:&quot;landscape&quot;},&quot;full&quot;:{&quot;url&quot;:&quot;https:\/\/italy-tourist-information.com\/wp-content\/uploads\/2025\/05\/Leonardo3-Museum-The-World-of-Leonardo-ota.avif&quot;,&quot;height&quot;:1556,&quot;width&quot;:2334,&quot;orientation&quot;:&quot;landscape&quot;},&quot;1536x1536&quot;:{&quot;url&quot;:&quot;https:\/\/italy-tourist-information.com\/wp-content\/uploads\/2025\/05\/Leonardo3-Museum-The-World-of-Leonardo-ota-1536x1024.avif&quot;,&quot;height&quot;:1024,&quot;width&quot;:1536,&quot;orientation&quot;:&quot;landscape&quot;},&quot;2048x2048&quot;:{&quot;url&quot;:&quot;https:\/\/italy-tourist-information.com\/wp-content\/uploads\/2025\/05\/Leonardo3-Museum-The-World-of-Leonardo-ota-2048x1365.avif&quot;,&quot;height&quot;:1365,&quot;width&quot;:2048,&quot;orientation&quot;:&quot;landscape&quot;}}\"><\/span><span><img decoding=\"async\" alt=\"\" data-id=\"10352\" width=\"2334\" height=\"1556\" title=\"Leonardo3 Museum - Die Welt von Leonardo ota2\" src=\"https:\/\/italy-tourist-information.com\/wp-content\/uploads\/2025\/05\/Leonardo3-Museum-The-World-of-Leonardo-ota2-1024x683.avif\" data-src=\"https:\/\/italy-tourist-information.com\/wp-content\/uploads\/2025\/05\/Leonardo3-Museum-The-World-of-Leonardo-ota2-300x200.avif\" loading=\"lazy\" data-sizes=\"{&quot;thumbnail&quot;:{&quot;url&quot;:&quot;https:\/\/italy-tourist-information.com\/wp-content\/uploads\/2025\/05\/Leonardo3-Museum-The-World-of-Leonardo-ota2-150x150.avif&quot;,&quot;height&quot;:150,&quot;width&quot;:150,&quot;orientation&quot;:&quot;landscape&quot;},&quot;medium&quot;:{&quot;url&quot;:&quot;https:\/\/italy-tourist-information.com\/wp-content\/uploads\/2025\/05\/Leonardo3-Museum-The-World-of-Leonardo-ota2-300x200.avif&quot;,&quot;height&quot;:200,&quot;width&quot;:300,&quot;orientation&quot;:&quot;landscape&quot;},&quot;large&quot;:{&quot;url&quot;:&quot;https:\/\/italy-tourist-information.com\/wp-content\/uploads\/2025\/05\/Leonardo3-Museum-The-World-of-Leonardo-ota2-1024x683.avif&quot;,&quot;height&quot;:683,&quot;width&quot;:1024,&quot;orientation&quot;:&quot;landscape&quot;},&quot;full&quot;:{&quot;url&quot;:&quot;https:\/\/italy-tourist-information.com\/wp-content\/uploads\/2025\/05\/Leonardo3-Museum-The-World-of-Leonardo-ota2.avif&quot;,&quot;height&quot;:1556,&quot;width&quot;:2334,&quot;orientation&quot;:&quot;landscape&quot;},&quot;1536x1536&quot;:{&quot;url&quot;:&quot;https:\/\/italy-tourist-information.com\/wp-content\/uploads\/2025\/05\/Leonardo3-Museum-The-World-of-Leonardo-ota2-1536x1024.avif&quot;,&quot;height&quot;:1024,&quot;width&quot;:1536,&quot;orientation&quot;:&quot;landscape&quot;},&quot;2048x2048&quot;:{&quot;url&quot;:&quot;https:\/\/italy-tourist-information.com\/wp-content\/uploads\/2025\/05\/Leonardo3-Museum-The-World-of-Leonardo-ota2-2048x1365.avif&quot;,&quot;height&quot;:1365,&quot;width&quot;:2048,&quot;orientation&quot;:&quot;landscape&quot;}}\"><\/span><span><img decoding=\"async\" alt=\"\" data-id=\"10351\" width=\"2335\" height=\"1556\" title=\"Leonardo3 Museum - Die Welt von Leonardo ota3\" src=\"https:\/\/italy-tourist-information.com\/wp-content\/uploads\/2025\/05\/Leonardo3-Museum-The-World-of-Leonardo-ota3-1024x682.avif\" data-src=\"https:\/\/italy-tourist-information.com\/wp-content\/uploads\/2025\/05\/Leonardo3-Museum-The-World-of-Leonardo-ota3-300x200.avif\" loading=\"lazy\" data-sizes=\"{&quot;thumbnail&quot;:{&quot;url&quot;:&quot;https:\/\/italy-tourist-information.com\/wp-content\/uploads\/2025\/05\/Leonardo3-Museum-The-World-of-Leonardo-ota3-150x150.avif&quot;,&quot;height&quot;:150,&quot;width&quot;:150,&quot;orientation&quot;:&quot;landscape&quot;},&quot;medium&quot;:{&quot;url&quot;:&quot;https:\/\/italy-tourist-information.com\/wp-content\/uploads\/2025\/05\/Leonardo3-Museum-The-World-of-Leonardo-ota3-300x200.avif&quot;,&quot;height&quot;:200,&quot;width&quot;:300,&quot;orientation&quot;:&quot;landscape&quot;},&quot;large&quot;:{&quot;url&quot;:&quot;https:\/\/italy-tourist-information.com\/wp-content\/uploads\/2025\/05\/Leonardo3-Museum-The-World-of-Leonardo-ota3-1024x682.avif&quot;,&quot;height&quot;:682,&quot;width&quot;:1024,&quot;orientation&quot;:&quot;landscape&quot;},&quot;full&quot;:{&quot;url&quot;:&quot;https:\/\/italy-tourist-information.com\/wp-content\/uploads\/2025\/05\/Leonardo3-Museum-The-World-of-Leonardo-ota3.avif&quot;,&quot;height&quot;:1556,&quot;width&quot;:2335,&quot;orientation&quot;:&quot;landscape&quot;},&quot;1536x1536&quot;:{&quot;url&quot;:&quot;https:\/\/italy-tourist-information.com\/wp-content\/uploads\/2025\/05\/Leonardo3-Museum-The-World-of-Leonardo-ota3-1536x1024.avif&quot;,&quot;height&quot;:1024,&quot;width&quot;:1536,&quot;orientation&quot;:&quot;landscape&quot;},&quot;2048x2048&quot;:{&quot;url&quot;:&quot;https:\/\/italy-tourist-information.com\/wp-content\/uploads\/2025\/05\/Leonardo3-Museum-The-World-of-Leonardo-ota3-2048x1365.avif&quot;,&quot;height&quot;:1365,&quot;width&quot;:2048,&quot;orientation&quot;:&quot;landscape&quot;}}\"><\/span><span><img decoding=\"async\" alt=\"\" data-id=\"10350\" width=\"2334\" height=\"1556\" title=\"Leonardo3 Museum - Die Welt von Leonardo ota4\" src=\"https:\/\/italy-tourist-information.com\/wp-content\/uploads\/2025\/05\/Leonardo3-Museum-The-World-of-Leonardo-ota4-1024x683.avif\" data-src=\"https:\/\/italy-tourist-information.com\/wp-content\/uploads\/2025\/05\/Leonardo3-Museum-The-World-of-Leonardo-ota4-300x200.avif\" loading=\"lazy\" data-sizes=\"{&quot;thumbnail&quot;:{&quot;url&quot;:&quot;https:\/\/italy-tourist-information.com\/wp-content\/uploads\/2025\/05\/Leonardo3-Museum-The-World-of-Leonardo-ota4-150x150.avif&quot;,&quot;height&quot;:150,&quot;width&quot;:150,&quot;orientation&quot;:&quot;landscape&quot;},&quot;medium&quot;:{&quot;url&quot;:&quot;https:\/\/italy-tourist-information.com\/wp-content\/uploads\/2025\/05\/Leonardo3-Museum-The-World-of-Leonardo-ota4-300x200.avif&quot;,&quot;height&quot;:200,&quot;width&quot;:300,&quot;orientation&quot;:&quot;landscape&quot;},&quot;large&quot;:{&quot;url&quot;:&quot;https:\/\/italy-tourist-information.com\/wp-content\/uploads\/2025\/05\/Leonardo3-Museum-The-World-of-Leonardo-ota4-1024x683.avif&quot;,&quot;height&quot;:683,&quot;width&quot;:1024,&quot;orientation&quot;:&quot;landscape&quot;},&quot;full&quot;:{&quot;url&quot;:&quot;https:\/\/italy-tourist-information.com\/wp-content\/uploads\/2025\/05\/Leonardo3-Museum-The-World-of-Leonardo-ota4.avif&quot;,&quot;height&quot;:1556,&quot;width&quot;:2334,&quot;orientation&quot;:&quot;landscape&quot;},&quot;1536x1536&quot;:{&quot;url&quot;:&quot;https:\/\/italy-tourist-information.com\/wp-content\/uploads\/2025\/05\/Leonardo3-Museum-The-World-of-Leonardo-ota4-1536x1024.avif&quot;,&quot;height&quot;:1024,&quot;width&quot;:1536,&quot;orientation&quot;:&quot;landscape&quot;},&quot;2048x2048&quot;:{&quot;url&quot;:&quot;https:\/\/italy-tourist-information.com\/wp-content\/uploads\/2025\/05\/Leonardo3-Museum-The-World-of-Leonardo-ota4-2048x1365.avif&quot;,&quot;height&quot;:1365,&quot;width&quot;:2048,&quot;orientation&quot;:&quot;landscape&quot;}}\"><\/span><\/p>\n<h1>Tickets f\u00fcr das Leonardo3 Museum \u2013 Die Welt von Leonardo<\/h1>\n<h2><a href=\"https:\/\/www.tiqets.com\/de\/mailand-sehenswuerdigkeiten-c71749\/tickets-fur-leonardo3-die-welt-von-leonardo-p974303\/?partner=italytouristinformation&amp;tq_campaign=DeLeonardo3MuseumSP\" target=\"_blank\" rel=\"nofollow noopener\" style=\"outline: none;\">Zur Buchung<\/a><\/h2>\n<h1><a href=\"https:\/\/www.tiqets.com\/de\/mailand-sehenswuerdigkeiten-c71749\/tickets-fur-leonardo3-die-welt-von-leonardo-p974303\/?partner=italytouristinformation&amp;tq_campaign=DeLeonardo3MuseumSP\" target=\"_blank\" rel=\"nofollow noopener\" style=\"outline: none;\"><strong>Ab 16,00<\/strong> \u20ac<strong><\/strong><\/a><\/h1>\n<p dir=\"ltr\">Tauchen Sie mit Tickets f\u00fcr das Leonardo3 Museum in Mailand in die Gedankenwelt Leonardo da Vincis ein. Entdecken Sie <strong>interaktive Maschinen, digitale Kunstrestaurierungen<\/strong> und <strong>immersive Ausstellungen<\/strong>, die das Genie der Renaissance zum Leben erwecken.<\/p>\n<ul>\n<li style=\"\"><span>Handverlesenes Ticket<\/span><\/li>\n<li style=\"\"><span>Sofortige Best\u00e4tigung<\/span><\/li>\n<li style=\"\"><span>Audioguide&nbsp;<\/span><\/li>\n<li style=\"\"><span>Kostenlose Stornierung<\/span><\/li>\n<\/ul>\n<h2>Inbegriffen<\/h2>\n<ul>\n<li style=\"\">                    <span>Eintrittskarte f\u00fcr das Leonardo3 Museum<\/span><\/li>\n<li style=\"\"><!--! Font Awesome Free 6.7.1 by @fontawesome - https:\/\/fontawesome.com License - https:\/\/fontawesome.com\/license\/free (Icons: CC BY 4.0, Fonts: SIL OFL 1.1, Code: MIT License) Copyright 2024 Fonticons, Inc. --><span>Optionale Zusatzleistungen (an der Kasse ausgew\u00e4hlt):<br \/><\/span><\/li>\n<\/ul>\n<p dir=\"ltr\">&#8211; Codex on Flight-Buch <br \/>&#8211; Audioguide f\u00fcr Erwachsene <br \/>&#8211; Audioguide f\u00fcr Kinder<\/p>\n<h2>Nicht inbegriffen<\/h2>\n<ul>\n<li style=\"\"><span>F\u00fchrung&nbsp;<\/span><\/li>\n<\/ul>\n<h2>Wichtige Informationen<\/h2>\n<ul>\n<li><span>Audioguides sind gegen Geb\u00fchr in mehreren Sprachen (Englisch, Chinesisch, Franz\u00f6sisch, Deutsch, Italienisch, Russisch, Spanisch) erh\u00e4ltlich.<\/span><\/li>\n<li><span>Optionale Extras m\u00fcssen w\u00e4hrend des Bestellvorgangs ausgew\u00e4hlt werden.<\/span><\/li>\n<li><span>Vollst\u00e4ndig rollstuhlgerecht<\/span><\/li>\n<\/ul>\n<h2>Beschreibung:<\/h2>\n<p dir=\"ltr\">Entdecken Sie die Genialit\u00e4t Leonardo da Vincis mit <strong>Tickets f\u00fcr das Leonardo3 Museum in Mailand.<\/strong> Diese interaktive Ausstellung pr\u00e4sentiert <strong>Funktionsmodelle seiner bahnbrechenden Erfindungen,<\/strong> von Flugmaschinen bis hin zu Unterwasserfahrzeugen.<\/p>\n<p dir=\"ltr\">Digitale Restaurierungen von Meisterwerken wie <em>\u201eDas Abendmahl\u201c<\/em> und <em>\u201eDame mit dem Hermelin\u201c<\/em> er\u00f6ffnen neue Einblicke in Leonardo da Vincis Kunst. Das Museum ist als Erlebniszentrum f\u00fcr <strong>die ganze Familie konzipiert und gleicherma\u00dfen lehrreich wie unterhaltsam<\/strong> \u2013 ein absolutes Muss f\u00fcr alle, die sich f\u00fcr Kunst, Wissenschaft und das Erbe Leonardo da Vincis begeistern.<\/p>\n<h2>Highlights:<\/h2>\n<ul>\n<li><strong>Erleben Sie hautnahe Modelle seiner faszinierendsten Erfindungen<\/strong> \u2013 von Flugmaschinen bis hin zu einer Schnellfeuerarmbrust.<\/li>\n<li data-end=\"427\" data-start=\"308\"><strong data-end=\"334\" data-start=\"310\">Erleben Sie, wie Kunstwerke<\/strong> durch bahnbrechende digitale Restaurierungen von <em data-end=\"399\" data-start=\"382\">\u201eDas letzte Abendmahl\u201c<\/em> und <em data-end=\"425\" data-start=\"404\">\u201eDie Dame mit dem Hermelin\u201c zum Leben erwachen.<\/em><\/li>\n<li data-end=\"550\" data-start=\"428\"><strong data-end=\"464\" data-start=\"430\">Erleben Sie das Genie hautnah<\/strong> mit immersiven Ausstellungen, die da Vincis wissenschaftlichen Geist und seine k\u00fcnstlerische Meisterschaft entschl\u00fcsseln.<\/li>\n<li data-end=\"661\" data-start=\"551\"><strong data-end=\"594\" data-start=\"553\">Perfekt f\u00fcr neugierige K\u00f6pfe jeden Alters<\/strong>, bietet es unterhaltsames, interaktives Lernen f\u00fcr Erwachsene und Kinder.<\/li>\n<li data-end=\"776\" data-start=\"662\"><strong data-end=\"685\" data-start=\"664\">Zentral gelegen<\/strong> zwischen Mailands Top-Sehensw\u00fcrdigkeiten \u2013 ideal f\u00fcr einen kulturellen Zwischenstopp zwischen dem Dom und der Mail\u00e4nder Scala<\/li>\n<\/ul>\n<h2>Leonardo3 Museum<\/h2>\n<p>Galleria Vittorio Emanuele II, 11, 20121 Milano MI, Italien<\/p>\n<h2>Stornierungsbedingungen<\/h2>\n<p>Kostenlose Stornierung bis zu 24 Stunden vor Ihrem Besuch. Sie erhalten eine volle R\u00fcckerstattung, wenn Sie rechtzeitig stornieren.<\/p>\n<h2>Treffpunkt &amp; Anweisungen<\/h2>\n<p data-pm-slice=\"1 1 []\">Das Leonardo3 Museum befindet sich in der Galleria Vittorio Emanuele II an der Piazza della Scala in Mailand. Bitte zeigen Sie Ihr Ticket am Eingang vor \u2013 sowohl gedruckte als auch digitale Tickets werden akzeptiert.<\/p>\n<p><a href=\"https:\/\/www.google.com\/maps\/place\/Viktor+-+Emanuel+-+Passage\/@45.4657398,9.1897375,18z\/data=!3m1!4b1!4m6!3m5!1s0x47793506fd86b6c3:0x270b9ca95809d416!8m2!3d45.4658434!4d9.1899401!16zL20vMDM3ZDBo?entry=ttu&amp;g_ep=EgoyMDI1MDQzMC4xIKXMDSoASAFQAw%3D%3D\" data-lt-tmp-id=\"lt-827772\" spellcheck=\"false\" target=\"_blank\" rel=\"nofollow noopener\" style=\"outline: none;\">In Karten \u00f6ffnen<\/a><\/p>\n<h2>Bewertungen<\/h2>\n<p><strong>4,4\/5 (648&nbsp;<\/strong><strong>Bewertungen)<\/strong><\/p>\n<p><em>\u201eSehr interessant, hat mir sehr gefallen. Wenn Sie in Mailand sind, sollten Sie dieses Museum unbedingt besuchen. Das Personal am Empfang ist sehr zuvorkommend, vielen Dank.\u201c<\/em> \u2013 Anonym, April 2025<\/p>\n<p><em>\u201eDu musst unbedingt das Leonardo-Museum besuchen! Es lohnt sich!\u201c<\/em> \u2013 Anonym, April 2025<\/p>\n<p><em>\u201eUm das Dargestellte wirklich zu verstehen, musste man an jeder Station viel Zeit verbringen. Ein kurzer Besuch reicht nicht aus, wenn man Leonardos Werk in seiner ganzen F\u00fclle erleben und verstehen m\u00f6chte.\u201c<\/em> \u2013 Louis, Dez. 2024 <a href=\"https:\/\/www.tiqets.com\/de\/mailand-sehenswuerdigkeiten-c71749\/tickets-fur-leonardo3-die-welt-von-leonardo-p974303\/?partner=italytouristinformation&amp;tq_campaign=DeLeonardo3MuseumSP\" target=\"_blank\" rel=\"nofollow noopener\" data-lt-tmp-id=\"lt-334538\" spellcheck=\"false\" style=\"outline: none;\">&nbsp;&gt;&gt; Weitere Bewertungen ansehen \u2026<\/a><\/p>\n<h2>Einige Aktivit\u00e4ten, die Ihnen gefallen k\u00f6nnten<\/h2>\n<p><span># <\/span><strong><span>2<\/span><\/strong><span># <\/span><strong><span>2<\/span><\/strong><span><img decoding=\"async\" alt=\"\" data-id=\"10223\" width=\"159\" data-init-width=\"800\" height=\"159\" data-init-height=\"800\" title=\"Das letzte Abendmahl \u2013 Ticket ohne Anstehen + F\u00fchrung Das letzte Abendmahl \u2013 Ticket ohne Anstehen + F\u00fchrung\" loading=\"lazy\" src=\"https:\/\/italy-tourist-information.com\/wp-content\/uploads\/2025\/04\/The-Last-Supper-Skip-The-Line-Ticket-Guided-Tour-The-Last-Supper-Skip-The-Line-Ticket-Guided-Tour-ota.avif\" data-width=\"159\" data-height=\"159\" style=\"aspect-ratio: auto 800 \/ 800;\"><\/span><\/p>\n<table>\n<tbody>\n<tr>\n<td><a href=\"https:\/\/www.tiqets.com\/de\/milan-attractions-c71749\/tickets-for-the-last-supper-skip-the-line-guided-tour-p1109340\/?partner=italytouristinformation&amp;tq_campaign=DeLeonardo3MuseumSP2\" target=\"_blank\" rel=\"nofollow noopener\" style=\"outline: none;\" data-lt-tmp-id=\"lt-398488\" spellcheck=\"false\">Das letzte Abendmahl: Ticket ohne Anstehen + F\u00fchrung<\/a><\/td>\n<\/tr>\n<\/tbody>\n<\/table>\n<p dir=\"ltr\">Tauchen Sie ein in Mailands reiche Geschichte mit einer F\u00fchrung, die Ihnen den bevorzugten Einlass zu Leonardo da Vincis \u201eLetztem Abendmahl\u201c erm\u00f6glicht.<\/p>\n<h3 style=\"\">Gesamtpreis<\/h3>\n<h3 style=\"\">Ihr Konto wird noch nicht belastet<\/h3>\n<p><span># <\/span><strong><span>2<\/span><\/strong><span><img decoding=\"async\" alt=\"\" data-id=\"10106\" width=\"159\" data-init-width=\"800\" height=\"159\" data-init-height=\"800\" title=\"Stadtrundfahrt Mailand \u2013 Hop-on-Hop-off-Bus\" loading=\"lazy\" src=\"https:\/\/italy-tourist-information.com\/wp-content\/uploads\/2025\/04\/City-Sightseeing-Milan-Hop-on-Hop-off-Bus-ota.avif\" data-width=\"159\" data-height=\"159\" style=\"aspect-ratio: auto 800 \/ 800;\"><\/span><\/p>\n<table>\n<tbody>\n<tr>\n<td><a href=\"https:\/\/www.tiqets.com\/de\/milan-attractions-c71749\/tickets-for-hop-on-hop-off-bus-milan-p975062\/?partner=italytouristinformation&amp;tq_campaign=DeLeonardo3MuseumSP3\" target=\"_blank\" rel=\"nofollow noopener\" style=\"outline: none;\" data-lt-tmp-id=\"lt-168371\" spellcheck=\"false\">Stadtrundfahrt Mailand: Hop-on-Hop-off-Bus<\/a><\/td>\n<\/tr>\n<\/tbody>\n<\/table>\n<p data-pm-slice=\"1 1 []\">Erkunden Sie Mailand in Ihrem eigenen Tempo mit einer Hop-On Hop-Off-Bustour inklusive mehrsprachigem Audioguide!<\/p>\n<h3 style=\"\">Gesamtpreis<\/h3>\n<h3>Ihr Konto wird noch nicht belastet<\/h3>\n<p><\/p>\n<h2><a href=\"https:\/\/www.tiqets.com\/de\/mailand-sehenswuerdigkeiten-c71749\/tickets-fur-leonardo3-die-welt-von-leonardo-p974303\/?partner=italytouristinformation&amp;tq_campaign=DeLeonardo3MuseumSP\" target=\"_blank\" rel=\"nofollow noopener\">Zur Buchung<\/a><\/h2>\n<h1><a href=\"https:\/\/www.tiqets.com\/de\/mailand-sehenswuerdigkeiten-c71749\/tickets-fur-leonardo3-die-welt-von-leonardo-p974303\/?partner=italytouristinformation&amp;tq_campaign=DeLeonardo3MuseumSP\" target=\"_blank\" rel=\"nofollow noopener\" style=\"outline: none;\"><strong>Ab <\/strong><strong>16,00<\/strong> \u20ac<strong><\/strong><\/a><\/h1>\n<h3>Ihr Konto wird noch nicht belastet<\/h3>\n","protected":false},"excerpt":{"rendered":"<p>Tickets f\u00fcr das Leonardo3 Museum \u2013 Die Welt von Leonardo Zur Buchung Ab 16,00 \u20ac Tauchen Sie mit Tickets f\u00fcr das Leonardo3 Museum in Mailand in die Gedankenwelt Leonardo da Vincis ein. Entdecken Sie interaktive Maschinen, digitale Kunstrestaurierungen und immersive Ausstellungen, die das Genie der Renaissance zum Leben erwecken. Handverlesenes Ticket Sofortige Best\u00e4tigung Audioguide&nbsp; Kostenlose [&hellip;]<\/p>\n","protected":false},"author":6,"featured_media":17696,"parent":0,"menu_order":0,"comment_status":"closed","ping_status":"closed","template":"","meta":{"footnotes":""},"categories":[133,128],"tags":[135,130],"class_list":["post-17695","page","type-page","status-publish","has-post-thumbnail","hentry","category-mailand","category-verkaufsseite","tag-milan","tag-verkaufsseite","post-wrapper","thrv_wrapper"],"_links":{"self":[{"href":"https:\/\/italy-tourist-information.com\/de\/wp-json\/wp\/v2\/pages\/17695","targetHints":{"allow":["GET"]}}],"collection":[{"href":"https:\/\/italy-tourist-information.com\/de\/wp-json\/wp\/v2\/pages"}],"about":[{"href":"https:\/\/italy-tourist-information.com\/de\/wp-json\/wp\/v2\/types\/page"}],"author":[{"embeddable":true,"href":"https:\/\/italy-tourist-information.com\/de\/wp-json\/wp\/v2\/users\/6"}],"replies":[{"embeddable":true,"href":"https:\/\/italy-tourist-information.com\/de\/wp-json\/wp\/v2\/comments?post=17695"}],"version-history":[{"count":8,"href":"https:\/\/italy-tourist-information.com\/de\/wp-json\/wp\/v2\/pages\/17695\/revisions"}],"predecessor-version":[{"id":20048,"href":"https:\/\/italy-tourist-information.com\/de\/wp-json\/wp\/v2\/pages\/17695\/revisions\/20048"}],"wp:featuredmedia":[{"embeddable":true,"href":"https:\/\/italy-tourist-information.com\/de\/wp-json\/wp\/v2\/media\/17696"}],"wp:attachment":[{"href":"https:\/\/italy-tourist-information.com\/de\/wp-json\/wp\/v2\/media?parent=17695"}],"wp:term":[{"taxonomy":"category","embeddable":true,"href":"https:\/\/italy-tourist-information.com\/de\/wp-json\/wp\/v2\/categories?post=17695"},{"taxonomy":"post_tag","embeddable":true,"href":"https:\/\/italy-tourist-information.com\/de\/wp-json\/wp\/v2\/tags?post=17695"}],"curies":[{"name":"wp","href":"https:\/\/api.w.org\/{rel}","templated":true}]}}