{"id":17702,"date":"2025-08-11T14:19:17","date_gmt":"2025-08-11T14:19:17","guid":{"rendered":"https:\/\/italy-tourist-information.com\/mirabilandia-tickets"},"modified":"2026-04-22T15:04:35","modified_gmt":"2026-04-22T15:04:35","slug":"mirabilandia-tickets","status":"publish","type":"page","link":"https:\/\/italy-tourist-information.com\/de\/mirabilandia-tickets","title":{"rendered":"Mirabilandia Tickets"},"content":{"rendered":"<p><span><img decoding=\"async\" alt=\"\" data-id=\"11451\" width=\"2336\" height=\"1556\" title=\"Mirabilandia Freizeitpark + Mirabeach 2-Tages-Eintrittskarte ota3\" src=\"https:\/\/italy-tourist-information.com\/wp-content\/uploads\/2025\/08\/Mirabilandia-Amusement-Park-Mirabeach-2-Day-Entry-Ticket-ota3-1024x682.avif\" data-src=\"https:\/\/italy-tourist-information.com\/wp-content\/uploads\/2025\/08\/Mirabilandia-Amusement-Park-Mirabeach-2-Day-Entry-Ticket-ota3-300x200.avif\" loading=\"lazy\" data-sizes=\"{&quot;thumbnail&quot;:{&quot;url&quot;:&quot;https:\/\/italy-tourist-information.com\/wp-content\/uploads\/2025\/08\/Mirabilandia-Amusement-Park-Mirabeach-2-Day-Entry-Ticket-ota3-150x150.avif&quot;,&quot;height&quot;:150,&quot;width&quot;:150,&quot;orientation&quot;:&quot;landscape&quot;},&quot;medium&quot;:{&quot;url&quot;:&quot;https:\/\/italy-tourist-information.com\/wp-content\/uploads\/2025\/08\/Mirabilandia-Amusement-Park-Mirabeach-2-Day-Entry-Ticket-ota3-300x200.avif&quot;,&quot;height&quot;:200,&quot;width&quot;:300,&quot;orientation&quot;:&quot;landscape&quot;},&quot;large&quot;:{&quot;url&quot;:&quot;https:\/\/italy-tourist-information.com\/wp-content\/uploads\/2025\/08\/Mirabilandia-Amusement-Park-Mirabeach-2-Day-Entry-Ticket-ota3-1024x682.avif&quot;,&quot;height&quot;:682,&quot;width&quot;:1024,&quot;orientation&quot;:&quot;landscape&quot;},&quot;full&quot;:{&quot;url&quot;:&quot;https:\/\/italy-tourist-information.com\/wp-content\/uploads\/2025\/08\/Mirabilandia-Amusement-Park-Mirabeach-2-Day-Entry-Ticket-ota3.avif&quot;,&quot;height&quot;:1556,&quot;width&quot;:2336,&quot;orientation&quot;:&quot;landscape&quot;},&quot;1536x1536&quot;:{&quot;url&quot;:&quot;https:\/\/italy-tourist-information.com\/wp-content\/uploads\/2025\/08\/Mirabilandia-Amusement-Park-Mirabeach-2-Day-Entry-Ticket-ota3-1536x1023.avif&quot;,&quot;height&quot;:1023,&quot;width&quot;:1536,&quot;orientation&quot;:&quot;landscape&quot;},&quot;2048x2048&quot;:{&quot;url&quot;:&quot;https:\/\/italy-tourist-information.com\/wp-content\/uploads\/2025\/08\/Mirabilandia-Amusement-Park-Mirabeach-2-Day-Entry-Ticket-ota3-2048x1364.avif&quot;,&quot;height&quot;:1364,&quot;width&quot;:2048,&quot;orientation&quot;:&quot;landscape&quot;}}\"><\/span><span><img decoding=\"async\" alt=\"\" data-id=\"11456\" width=\"2336\" height=\"1556\" title=\"Mirabilandia Tickets ota4\" src=\"https:\/\/italy-tourist-information.com\/wp-content\/uploads\/2025\/08\/Mirabilandia-Tickets-ota4-1024x682.avif\" data-src=\"https:\/\/italy-tourist-information.com\/wp-content\/uploads\/2025\/08\/Mirabilandia-Tickets-ota4-300x200.avif\" loading=\"lazy\" data-sizes=\"{&quot;thumbnail&quot;:{&quot;url&quot;:&quot;https:\/\/italy-tourist-information.com\/wp-content\/uploads\/2025\/08\/Mirabilandia-Tickets-ota4-150x150.avif&quot;,&quot;height&quot;:150,&quot;width&quot;:150,&quot;orientation&quot;:&quot;landscape&quot;},&quot;medium&quot;:{&quot;url&quot;:&quot;https:\/\/italy-tourist-information.com\/wp-content\/uploads\/2025\/08\/Mirabilandia-Tickets-ota4-300x200.avif&quot;,&quot;height&quot;:200,&quot;width&quot;:300,&quot;orientation&quot;:&quot;landscape&quot;},&quot;large&quot;:{&quot;url&quot;:&quot;https:\/\/italy-tourist-information.com\/wp-content\/uploads\/2025\/08\/Mirabilandia-Tickets-ota4-1024x682.avif&quot;,&quot;height&quot;:682,&quot;width&quot;:1024,&quot;orientation&quot;:&quot;landscape&quot;},&quot;full&quot;:{&quot;url&quot;:&quot;https:\/\/italy-tourist-information.com\/wp-content\/uploads\/2025\/08\/Mirabilandia-Tickets-ota4.avif&quot;,&quot;height&quot;:1556,&quot;width&quot;:2336,&quot;orientation&quot;:&quot;landscape&quot;},&quot;1536x1536&quot;:{&quot;url&quot;:&quot;https:\/\/italy-tourist-information.com\/wp-content\/uploads\/2025\/08\/Mirabilandia-Tickets-ota4-1536x1023.avif&quot;,&quot;height&quot;:1023,&quot;width&quot;:1536,&quot;orientation&quot;:&quot;landscape&quot;},&quot;2048x2048&quot;:{&quot;url&quot;:&quot;https:\/\/italy-tourist-information.com\/wp-content\/uploads\/2025\/08\/Mirabilandia-Tickets-ota4-2048x1364.avif&quot;,&quot;height&quot;:1364,&quot;width&quot;:2048,&quot;orientation&quot;:&quot;landscape&quot;}}\"><\/span><span><img decoding=\"async\" alt=\"\" data-id=\"11454\" width=\"2336\" height=\"1556\" title=\"Mirabilandia Tickets ota6\" src=\"https:\/\/italy-tourist-information.com\/wp-content\/uploads\/2025\/08\/Mirabilandia-Tickets-ota6-1024x682.avif\" data-src=\"https:\/\/italy-tourist-information.com\/wp-content\/uploads\/2025\/08\/Mirabilandia-Tickets-ota6-300x200.avif\" loading=\"lazy\" data-sizes=\"{&quot;thumbnail&quot;:{&quot;url&quot;:&quot;https:\/\/italy-tourist-information.com\/wp-content\/uploads\/2025\/08\/Mirabilandia-Tickets-ota6-150x150.avif&quot;,&quot;height&quot;:150,&quot;width&quot;:150,&quot;orientation&quot;:&quot;landscape&quot;},&quot;medium&quot;:{&quot;url&quot;:&quot;https:\/\/italy-tourist-information.com\/wp-content\/uploads\/2025\/08\/Mirabilandia-Tickets-ota6-300x200.avif&quot;,&quot;height&quot;:200,&quot;width&quot;:300,&quot;orientation&quot;:&quot;landscape&quot;},&quot;large&quot;:{&quot;url&quot;:&quot;https:\/\/italy-tourist-information.com\/wp-content\/uploads\/2025\/08\/Mirabilandia-Tickets-ota6-1024x682.avif&quot;,&quot;height&quot;:682,&quot;width&quot;:1024,&quot;orientation&quot;:&quot;landscape&quot;},&quot;full&quot;:{&quot;url&quot;:&quot;https:\/\/italy-tourist-information.com\/wp-content\/uploads\/2025\/08\/Mirabilandia-Tickets-ota6.avif&quot;,&quot;height&quot;:1556,&quot;width&quot;:2336,&quot;orientation&quot;:&quot;landscape&quot;},&quot;1536x1536&quot;:{&quot;url&quot;:&quot;https:\/\/italy-tourist-information.com\/wp-content\/uploads\/2025\/08\/Mirabilandia-Tickets-ota6-1536x1023.avif&quot;,&quot;height&quot;:1023,&quot;width&quot;:1536,&quot;orientation&quot;:&quot;landscape&quot;},&quot;2048x2048&quot;:{&quot;url&quot;:&quot;https:\/\/italy-tourist-information.com\/wp-content\/uploads\/2025\/08\/Mirabilandia-Tickets-ota6-2048x1364.avif&quot;,&quot;height&quot;:1364,&quot;width&quot;:2048,&quot;orientation&quot;:&quot;landscape&quot;}}\"><\/span><span><img decoding=\"async\" alt=\"\" data-id=\"11455\" width=\"2336\" height=\"1556\" title=\"Mirabilandia Tickets ota5\" src=\"https:\/\/italy-tourist-information.com\/wp-content\/uploads\/2025\/08\/Mirabilandia-Tickets-ota5-1024x682.avif\" data-src=\"https:\/\/italy-tourist-information.com\/wp-content\/uploads\/2025\/08\/Mirabilandia-Tickets-ota5-300x200.avif\" loading=\"lazy\" data-sizes=\"{&quot;thumbnail&quot;:{&quot;url&quot;:&quot;https:\/\/italy-tourist-information.com\/wp-content\/uploads\/2025\/08\/Mirabilandia-Tickets-ota5-150x150.avif&quot;,&quot;height&quot;:150,&quot;width&quot;:150,&quot;orientation&quot;:&quot;landscape&quot;},&quot;medium&quot;:{&quot;url&quot;:&quot;https:\/\/italy-tourist-information.com\/wp-content\/uploads\/2025\/08\/Mirabilandia-Tickets-ota5-300x200.avif&quot;,&quot;height&quot;:200,&quot;width&quot;:300,&quot;orientation&quot;:&quot;landscape&quot;},&quot;large&quot;:{&quot;url&quot;:&quot;https:\/\/italy-tourist-information.com\/wp-content\/uploads\/2025\/08\/Mirabilandia-Tickets-ota5-1024x682.avif&quot;,&quot;height&quot;:682,&quot;width&quot;:1024,&quot;orientation&quot;:&quot;landscape&quot;},&quot;full&quot;:{&quot;url&quot;:&quot;https:\/\/italy-tourist-information.com\/wp-content\/uploads\/2025\/08\/Mirabilandia-Tickets-ota5.avif&quot;,&quot;height&quot;:1556,&quot;width&quot;:2336,&quot;orientation&quot;:&quot;landscape&quot;},&quot;1536x1536&quot;:{&quot;url&quot;:&quot;https:\/\/italy-tourist-information.com\/wp-content\/uploads\/2025\/08\/Mirabilandia-Tickets-ota5-1536x1023.avif&quot;,&quot;height&quot;:1023,&quot;width&quot;:1536,&quot;orientation&quot;:&quot;landscape&quot;},&quot;2048x2048&quot;:{&quot;url&quot;:&quot;https:\/\/italy-tourist-information.com\/wp-content\/uploads\/2025\/08\/Mirabilandia-Tickets-ota5-2048x1364.avif&quot;,&quot;height&quot;:1364,&quot;width&quot;:2048,&quot;orientation&quot;:&quot;landscape&quot;}}\"><\/span><span><img decoding=\"async\" alt=\"\" data-id=\"11452\" width=\"2335\" height=\"1556\" title=\"Mirabilandia Freizeitpark + Mirabeach 2-Tages-Eintrittskarte ota 2\" src=\"https:\/\/italy-tourist-information.com\/wp-content\/uploads\/2025\/08\/Mirabilandia-Amusement-Park-Mirabeach-2-Day-Entry-Ticket-ota-2-1024x682.avif\" data-src=\"https:\/\/italy-tourist-information.com\/wp-content\/uploads\/2025\/08\/Mirabilandia-Amusement-Park-Mirabeach-2-Day-Entry-Ticket-ota-2-300x200.avif\" loading=\"lazy\" data-sizes=\"{&quot;thumbnail&quot;:{&quot;url&quot;:&quot;https:\/\/italy-tourist-information.com\/wp-content\/uploads\/2025\/08\/Mirabilandia-Amusement-Park-Mirabeach-2-Day-Entry-Ticket-ota-2-150x150.avif&quot;,&quot;height&quot;:150,&quot;width&quot;:150,&quot;orientation&quot;:&quot;landscape&quot;},&quot;medium&quot;:{&quot;url&quot;:&quot;https:\/\/italy-tourist-information.com\/wp-content\/uploads\/2025\/08\/Mirabilandia-Amusement-Park-Mirabeach-2-Day-Entry-Ticket-ota-2-300x200.avif&quot;,&quot;height&quot;:200,&quot;width&quot;:300,&quot;orientation&quot;:&quot;landscape&quot;},&quot;large&quot;:{&quot;url&quot;:&quot;https:\/\/italy-tourist-information.com\/wp-content\/uploads\/2025\/08\/Mirabilandia-Amusement-Park-Mirabeach-2-Day-Entry-Ticket-ota-2-1024x682.avif&quot;,&quot;height&quot;:682,&quot;width&quot;:1024,&quot;orientation&quot;:&quot;landscape&quot;},&quot;full&quot;:{&quot;url&quot;:&quot;https:\/\/italy-tourist-information.com\/wp-content\/uploads\/2025\/08\/Mirabilandia-Amusement-Park-Mirabeach-2-Day-Entry-Ticket-ota-2.avif&quot;,&quot;height&quot;:1556,&quot;width&quot;:2335,&quot;orientation&quot;:&quot;landscape&quot;},&quot;1536x1536&quot;:{&quot;url&quot;:&quot;https:\/\/italy-tourist-information.com\/wp-content\/uploads\/2025\/08\/Mirabilandia-Amusement-Park-Mirabeach-2-Day-Entry-Ticket-ota-2-1536x1024.avif&quot;,&quot;height&quot;:1024,&quot;width&quot;:1536,&quot;orientation&quot;:&quot;landscape&quot;},&quot;2048x2048&quot;:{&quot;url&quot;:&quot;https:\/\/italy-tourist-information.com\/wp-content\/uploads\/2025\/08\/Mirabilandia-Amusement-Park-Mirabeach-2-Day-Entry-Ticket-ota-2-2048x1365.avif&quot;,&quot;height&quot;:1365,&quot;width&quot;:2048,&quot;orientation&quot;:&quot;landscape&quot;}}\"><\/span><\/p>\n<h1>Mirabilandia: Eintrittskarte<\/h1>\n<h2><a href=\"https:\/\/www.tiqets.com\/de\/ravenna-sehenswuerdigkeiten-c71640\/tickets-fur-mirabilandia-p974989\/?partner=italytouristinformation&amp;tq_campaign=ITIDeMirabilandiaGttd\" target=\"_blank\" rel=\"nofollow noopener\">Zur Buchung<\/a><\/h2>\n<p style=\"\"><a href=\"https:\/\/www.tiqets.com\/de\/ravenna-sehenswuerdigkeiten-c71640\/tickets-fur-mirabilandia-p974989\/?partner=italytouristinformation&amp;tq_campaign=ITIDeMirabilandiaGttd\" target=\"_blank\" rel=\"nofollow noopener\" style=\"outline: none;\">Preis ab<\/a><\/p>\n<h1><a href=\"https:\/\/www.tiqets.com\/de\/ravenna-sehenswuerdigkeiten-c71640\/tickets-fur-mirabilandia-p974989\/?partner=italytouristinformation&amp;tq_campaign=ITIDeMirabilandiaGttd\" target=\"_blank\" rel=\"nofollow noopener\" style=\"outline: none;\" spellcheck=\"false\"><strong>31,90 \u20ac<\/strong><\/a><\/h1>\n<p dir=\"ltr\">Erleben Sie Italiens <strong>gr\u00f6\u00dften Vergn\u00fcgungspark mit \u00fcber 50 aufregenden Fahrgesch\u00e4ften,<\/strong> sechs Themenbereichen, spektakul\u00e4ren Shows und der adrenalingeladenen Ducati World. Spa\u00df f\u00fcr alle Altersgruppen \u2013 alles mit einem Ticket!<\/p>\n<ul>\n<li style=\"\"><span>Handverlesenes Ticket&nbsp;<\/span><\/li>\n<li style=\"\"><span>Mobiles Ticket<\/span><\/li>\n<li style=\"\"><span>Sofortige Best\u00e4tigung<\/span><\/li>\n<li style=\"\"><span>Nicht erstattungsf\u00e4hig&nbsp;<\/span><\/li>\n<\/ul>\n<h2>Inbegriffen<\/h2>\n<ul>\n<li style=\"\">                    <span>Zugang zu allen Attraktionen und Shows des Vergn\u00fcgungsparks Mirabilandia<\/span><\/li>\n<\/ul>\n<h2>Nicht inbegriffen<\/h2>\n<ul>\n<li style=\"\"><span>Zugang zum Horrorhaus \u201eLegenden der toten Stadt\u201c<\/span><\/li>\n<\/ul>\n<ul>\n<li style=\"\"><span>Eintritt in den MiraBeach-Wasserpark<\/span><\/li>\n<\/ul>\n<h2>Wichtige Informationen<\/h2>\n<ul>\n<li style=\"\"><span><span data-sheets-root=\"1\">Gro\u00dfe Taschen und Koffer sind nicht erlaubt (Schlie\u00dff\u00e4cher vorhanden).<\/span><\/span><\/li>\n<li style=\"\"><span>Geeignet f\u00fcr alle Altersgruppen; Bei einigen Fahrgesch\u00e4ften gelten Gr\u00f6\u00dfen- und Gesundheitsbeschr\u00e4nkungen.<\/span><\/li>\n<li style=\"\"><span>Tragen Sie bequeme Kleidung und geschlossene Schuhe f\u00fcr die Fahrten.<\/span><\/li>\n<li style=\"\"><span>F\u00fcr Wasserattraktionen wird Badebekleidung empfohlen<\/span><\/li>\n<\/ul>\n<h2>Beschreibung:<\/h2>\n<p dir=\"ltr\">Betreten Sie Italiens gr\u00f6\u00dften Vergn\u00fcgungspark und entdecken Sie eine Welt voller Spannung! Mirabilandia erstreckt sich \u00fcber die Fl\u00e4che von elf Fu\u00dfballfeldern und verwalteten <strong>sechs Themenbereichen, \u00fcber 50 aufregende Attraktionen und atemberaubende Shows.<\/strong><\/p>\n<p dir=\"ltr\"><strong><\/strong>Erleben Sie eine atemberaubende Fahrt mit Europas <strong>zweith\u00f6chstem Riesenrad,<\/strong> sp\u00fcren Sie den Adrenalinrausch auf der <strong>Achterbahn Desmo Race in Ducati World<\/strong> und erkunden Sie die wilden Landschaften von Far West Valley und <strong>Dinoland<\/strong>. Mit Stuntshows, Familienattraktionen und Wasserabenteuern verspricht Mirabilandia Besuchern f\u00fcr jedes Alter einen unvergesslichen Tag voller Spa\u00df.<\/p>\n<h2>Highlights:<\/h2>\n<p ltr\"\"=\"\">\n<ul>\n<li dir=\"ltr\">Fahre mit der Ducati-Themenachterbahn Desmo Race!<\/li>\n<li dir=\"ltr\">Genie\u00dfen Sie den Panoramablick vom Eurowheel, dem zweith\u00f6chsten Riesenrad Europas.<\/li>\n<li dir=\"ltr\">Erkunden Sie sechs immersive Themenbereiche, darunter Dinoland und Far West Valley.<\/li>\n<li dir=\"ltr\">Erleben Sie spektakul\u00e4re Live-Shows, von Stuntfahrten bis hin zu Tanzvorf\u00fchrungen.<\/li>\n<li dir=\"ltr\">Erleben Sie \u00fcber 50 Attraktionen, die sowohl f\u00fcr Abenteuerlustige als auch f\u00fcr Familien geeignet sind.<\/li>\n<\/ul>\n<h2>Vergn\u00fcgungspark Mirabilandia<\/h2>\n<p>SS16, 48125 Savio RA, Italien<\/p>\n<h2>Stornierungsbedingungen<\/h2>\n<p data-pm-slice=\"1 1 []\"><span data-sheets-root=\"1\">Dieses Ticket ist nicht erstattungsf\u00e4hig. \u00c4nderungen oder Stornierungen sind nach dem Kauf nicht m\u00f6glich. Bitte w\u00e4hlen Sie Ihr Datum daher sorgf\u00e4ltig aus.<\/span><\/p>\n<h2>Treffpunkt &amp; Anweisungen<\/h2>\n<p>Zeigen Sie Ihr Ticket direkt am Eingang von Mirabilandia vor. Ein Ausdruck ist nicht n\u00f6tig \u2013 mobile Tickets werden akzeptiert. Schlie\u00dff\u00e4cher f\u00fcr gr\u00f6\u00dfere Gegenst\u00e4nde befinden sich in der N\u00e4he des Eingangs.<\/p>\n<p><a href=\"https:\/\/www.google.com\/maps\/search\/?api=1&amp;query=km%20162%2CSS16%2048125%20Ravenna\" data-lt-tmp-id=\"lt-33475\" spellcheck=\"false\" target=\"_blank\" rel=\"nofollow noopener\">In Karten \u00f6ffnen<\/a><\/p>\n<h2>Bewertungen<\/h2>\n<p><strong>4,4\/5 (683 Bewertungen)<\/strong><\/p>\n<p>\u201eTolles Erlebnis, die Hot-Wheels-Show war der Hammer!\u201c \u2013 Richard, Juli 2025 <a href=\"https:\/\/www.tiqets.com\/de\/ravenna-sehenswuerdigkeiten-c71640\/tickets-fur-mirabilandia-p974989\/?partner=italytouristinformation&amp;tq_campaign=ITIDeMirabilandiaGttd\" target=\"_blank\" rel=\"nofollow noopener\" spellcheck=\"false\" style=\"outline: none;\">&nbsp;&gt;&gt; Mehr Informationen \u2026<\/a><\/p>\n<h2>Weitere Aktivit\u00e4ten, die Ihnen gefallen k\u00f6nnten<\/h2>\n<p><span># <\/span><strong><span>2<\/span><\/strong><span># <\/span><strong><span>2<\/span><\/strong><span><img decoding=\"async\" alt=\"\" data-id=\"11447\" width=\"159\" data-init-width=\"1260\" height=\"106\" data-init-height=\"840\" title=\"Mirabeach ota\" src=\"https:\/\/italy-tourist-information.com\/wp-content\/uploads\/2025\/08\/Mirabeach-ota.avif\" data-width=\"159\" data-height=\"106\" style=\"aspect-ratio: auto 1260 \/ 840;\" loading=\"lazy\"><\/span><\/p>\n<table>\n<tbody>\n<tr>\n<td><a href=\"https:\/\/www.tiqets.com\/de\/ravenna-attractions-c71640\/tickets-for-mirabeach-p979004\/?partner=italytouristinformation&amp;tq_campaign=ITIDeMirabilandiaSP2\" target=\"_blank\" rel=\"nofollow noopener\" style=\"outline: none;\" spellcheck=\"false\">Mirabeach Eintrittskarte<\/a><\/td>\n<\/tr>\n<\/tbody>\n<\/table>\n<p>Verbringen Sie einen sonnigen Tag voller Spa\u00df im Mirabeach, dem Wasserpark im karibischen Stil mit aufregenden Rutschen, Str\u00f6mungskan\u00e4len und erfrischenden Pools f\u00fcr die ganze Familie.<\/p>\n<h3 style=\"\">Gesamtpreis<\/h3>\n<h3 style=\"\">Ihr Konto wird noch nicht belastet<\/h3>\n<p><span># <\/span><strong><span>2<\/span><\/strong><span><img decoding=\"async\" alt=\"\" data-id=\"11449\" width=\"159\" data-init-width=\"1494\" height=\"89\" data-init-height=\"840\" title=\"Mirabilandia Vergn\u00fcgungspark + Mirabeach 2-Tages-Eintrittskarte\" src=\"https:\/\/italy-tourist-information.com\/wp-content\/uploads\/2025\/08\/Mirabilandia-Amusement-Park-Mirabeach-2-Day-Entry-Ticket-ota.avif\" data-width=\"159\" data-height=\"89\" style=\"aspect-ratio: auto 1494 \/ 840;\" loading=\"lazy\"><\/span><\/p>\n<table>\n<tbody>\n<tr>\n<td><a href=\"https:\/\/www.tiqets.com\/de\/ravenna-attractions-c71640\/tickets-for-mirabilandia-amusement-park-mirabeach-2-day-entry-ticket-p1069558\/?partner=italytouristinformation&amp;tq_campaign=ITIDeMirabilandiaSP3\" target=\"_blank\" rel=\"nofollow noopener\" style=\"outline: none;\" spellcheck=\"false\">Mirabilandia Freizeitpark + Mirabeach 2-Tages-Eintrittskarte<\/a><\/td>\n<\/tr>\n<\/tbody>\n<\/table>\n<p>Erleben Sie doppelten Spa\u00df mit einer 2-Tages-Eintrittskarte f\u00fcr die aufregenden Fahrgesch\u00e4fte des Vergn\u00fcgungsparks Mirabilandia und die erfrischenden Rutschen des Wasserparks Mirabeach.<\/p>\n<h3 style=\"\">Gesamtpreis<\/h3>\n<h3 style=\"\">Ihr Konto wird noch nicht belastet<\/h3>\n<p><span>#3<\/span><span><img decoding=\"async\" alt=\"Gardaland Freizeitpark &amp; LEGOLAND\u00ae Wasserpark: Eintrittskarte\" data-id=\"11390\" width=\"159\" data-init-width=\"2335\" height=\"106\" data-init-height=\"1556\" title=\"Gardaland Freizeitpark &amp; LEGOLAND\u00ae Wasserpark - Eintrittskarte\" src=\"https:\/\/italy-tourist-information.com\/wp-content\/uploads\/2025\/08\/Gardaland-Amusement-Park-LEGOLAND\u00ae-Water-Park-Entry-Ticket-ota.avif\" data-width=\"159\" data-height=\"106\" style=\"aspect-ratio: auto 2335 \/ 1556;\" loading=\"lazy\"><\/span><\/p>\n<table>\n<tbody>\n<tr>\n<td><a href=\"https:\/\/www.tiqets.com\/de\/castelnuovo-del-garda-attractions-c106309\/tickets-for-gardaland-park-2-days-legoland-r-water-park-sea-life-aquarium-p1118607\/?partner=italytouristinformation&amp;tq_campaign=iTIDeMirabilandiaSP3\" target=\"_blank\" rel=\"nofollow noopener\" style=\"outline: none;\" spellcheck=\"false\">Gardaland Park, LEGOLAND\u00ae Wasserpark &amp; SEA LIFE Aquarium: 2-Tages-Kombiticket<\/a><\/td>\n<\/tr>\n<\/tbody>\n<\/table>\n<p>Erleben Sie zwei volle Tage voller Abenteuer mit einem Kombiticket f\u00fcr <strong>den Gardaland Park, den LEGOLAND\u00ae Wasserpark und das SEA LIFE Aquarium<\/strong> \u2013 dreifacher Spa\u00df und Entdeckungen inklusive.<\/p>\n<h3 style=\"\">Gesamtpreis<\/h3>\n<h3 style=\"\">Ihr Konto wird noch nicht belastet<\/h3>\n<p><\/p>\n<h2><a href=\"https:\/\/www.tiqets.com\/de\/ravenna-sehenswuerdigkeiten-c71640\/tickets-fur-mirabilandia-p974989\/?partner=italytouristinformation&amp;tq_campaign=ITIDeMirabilandiaGttd\" target=\"_blank\" rel=\"nofollow noopener\" style=\"outline: none;\" spellcheck=\"false\">Zur Buchung<\/a><\/h2>\n<p style=\"\"><a href=\"https:\/\/www.tiqets.com\/de\/ravenna-sehenswuerdigkeiten-c71640\/tickets-fur-mirabilandia-p974989\/?partner=italytouristinformation&amp;tq_campaign=ITIDeMirabilandiaGttd\" target=\"_blank\" rel=\"nofollow noopener\" style=\"outline: none;\">Preis ab<\/a><\/p>\n<h1><a href=\"https:\/\/www.tiqets.com\/de\/ravenna-sehenswuerdigkeiten-c71640\/tickets-fur-mirabilandia-p974989\/?partner=italytouristinformation&amp;tq_campaign=ITIDeMirabilandiaGttd\" target=\"_blank\" rel=\"nofollow noopener\" style=\"outline: none;\"><strong>31,90 \u20ac<\/strong><\/a><\/h1>\n<p style=\"\">Ihr Konto wird noch nicht belastet<\/p>\n","protected":false},"excerpt":{"rendered":"<p>Mirabilandia: Eintrittskarte Zur Buchung Preis ab 31,90 \u20ac Erleben Sie Italiens gr\u00f6\u00dften Vergn\u00fcgungspark mit \u00fcber 50 aufregenden Fahrgesch\u00e4ften, sechs Themenbereichen, spektakul\u00e4ren Shows und der adrenalingeladenen Ducati World. Spa\u00df f\u00fcr alle Altersgruppen \u2013 alles mit einem Ticket! Handverlesenes Ticket&nbsp; Mobiles Ticket Sofortige Best\u00e4tigung Nicht erstattungsf\u00e4hig&nbsp; Inbegriffen Zugang zu allen Attraktionen und Shows des Vergn\u00fcgungsparks Mirabilandia Nicht [&hellip;]<\/p>\n","protected":false},"author":6,"featured_media":17703,"parent":0,"menu_order":0,"comment_status":"closed","ping_status":"closed","template":"","meta":{"footnotes":""},"categories":[],"tags":[130],"class_list":["post-17702","page","type-page","status-publish","has-post-thumbnail","hentry","tag-verkaufsseite","post-wrapper","thrv_wrapper"],"_links":{"self":[{"href":"https:\/\/italy-tourist-information.com\/de\/wp-json\/wp\/v2\/pages\/17702","targetHints":{"allow":["GET"]}}],"collection":[{"href":"https:\/\/italy-tourist-information.com\/de\/wp-json\/wp\/v2\/pages"}],"about":[{"href":"https:\/\/italy-tourist-information.com\/de\/wp-json\/wp\/v2\/types\/page"}],"author":[{"embeddable":true,"href":"https:\/\/italy-tourist-information.com\/de\/wp-json\/wp\/v2\/users\/6"}],"replies":[{"embeddable":true,"href":"https:\/\/italy-tourist-information.com\/de\/wp-json\/wp\/v2\/comments?post=17702"}],"version-history":[{"count":7,"href":"https:\/\/italy-tourist-information.com\/de\/wp-json\/wp\/v2\/pages\/17702\/revisions"}],"predecessor-version":[{"id":20102,"href":"https:\/\/italy-tourist-information.com\/de\/wp-json\/wp\/v2\/pages\/17702\/revisions\/20102"}],"wp:featuredmedia":[{"embeddable":true,"href":"https:\/\/italy-tourist-information.com\/de\/wp-json\/wp\/v2\/media\/17703"}],"wp:attachment":[{"href":"https:\/\/italy-tourist-information.com\/de\/wp-json\/wp\/v2\/media?parent=17702"}],"wp:term":[{"taxonomy":"category","embeddable":true,"href":"https:\/\/italy-tourist-information.com\/de\/wp-json\/wp\/v2\/categories?post=17702"},{"taxonomy":"post_tag","embeddable":true,"href":"https:\/\/italy-tourist-information.com\/de\/wp-json\/wp\/v2\/tags?post=17702"}],"curies":[{"name":"wp","href":"https:\/\/api.w.org\/{rel}","templated":true}]}}