{"id":17723,"date":"2025-05-14T07:43:52","date_gmt":"2025-05-14T07:43:52","guid":{"rendered":"https:\/\/italy-tourist-information.com\/murano-burano-torcello-boat-tour"},"modified":"2026-05-06T08:13:46","modified_gmt":"2026-05-06T08:13:46","slug":"murano-burano-torcello-bootstour","status":"publish","type":"page","link":"https:\/\/italy-tourist-information.com\/de\/murano-burano-torcello-bootstour","title":{"rendered":"Murano Burano &amp; Torcello Bootstour vom Markusplatz"},"content":{"rendered":"<p><span><img decoding=\"async\" alt=\"\" data-id=\"10787\" width=\"2335\" height=\"1556\" title=\"Murano, Burano &amp; Torcello \u2013 Bootstour ab Markusplatz\" src=\"https:\/\/italy-tourist-information.com\/wp-content\/uploads\/2025\/05\/Murano-Burano-Torcello-Boat-Tour-From-St.Marks-Square-ota-1024x682.avif\" data-src=\"https:\/\/italy-tourist-information.com\/wp-content\/uploads\/2025\/05\/Murano-Burano-Torcello-Boat-Tour-From-St.Marks-Square-ota-300x200.avif\" loading=\"lazy\" data-sizes=\"{&quot;thumbnail&quot;:{&quot;url&quot;:&quot;https:\/\/italy-tourist-information.com\/wp-content\/uploads\/2025\/05\/Murano-Burano-Torcello-Boat-Tour-From-St.Marks-Square-ota-150x150.avif&quot;,&quot;height&quot;:150,&quot;width&quot;:150,&quot;orientation&quot;:&quot;landscape&quot;},&quot;medium&quot;:{&quot;url&quot;:&quot;https:\/\/italy-tourist-information.com\/wp-content\/uploads\/2025\/05\/Murano-Burano-Torcello-Boat-Tour-From-St.Marks-Square-ota-300x200.avif&quot;,&quot;height&quot;:200,&quot;width&quot;:300,&quot;orientation&quot;:&quot;landscape&quot;},&quot;large&quot;:{&quot;url&quot;:&quot;https:\/\/italy-tourist-information.com\/wp-content\/uploads\/2025\/05\/Murano-Burano-Torcello-Boat-Tour-From-St.Marks-Square-ota-1024x682.avif&quot;,&quot;height&quot;:682,&quot;width&quot;:1024,&quot;orientation&quot;:&quot;landscape&quot;},&quot;full&quot;:{&quot;url&quot;:&quot;https:\/\/italy-tourist-information.com\/wp-content\/uploads\/2025\/05\/Murano-Burano-Torcello-Boat-Tour-From-St.Marks-Square-ota.avif&quot;,&quot;height&quot;:1556,&quot;width&quot;:2335,&quot;orientation&quot;:&quot;landscape&quot;},&quot;1536x1536&quot;:{&quot;url&quot;:&quot;https:\/\/italy-tourist-information.com\/wp-content\/uploads\/2025\/05\/Murano-Burano-Torcello-Boat-Tour-From-St.Marks-Square-ota-1536x1024.avif&quot;,&quot;height&quot;:1024,&quot;width&quot;:1536,&quot;orientation&quot;:&quot;landscape&quot;},&quot;2048x2048&quot;:{&quot;url&quot;:&quot;https:\/\/italy-tourist-information.com\/wp-content\/uploads\/2025\/05\/Murano-Burano-Torcello-Boat-Tour-From-St.Marks-Square-ota-2048x1365.avif&quot;,&quot;height&quot;:1365,&quot;width&quot;:2048,&quot;orientation&quot;:&quot;landscape&quot;}}\"><\/span><span><img decoding=\"async\" alt=\"\" data-id=\"10786\" width=\"2543\" height=\"1556\" title=\"Murano, Burano &amp; Torcello \u2013 Bootstour ab Markusplatz ota2\" src=\"https:\/\/italy-tourist-information.com\/wp-content\/uploads\/2025\/05\/Murano-Burano-Torcello-Boat-Tour-From-St.Marks-Square-ota2-1024x627.avif\" data-src=\"https:\/\/italy-tourist-information.com\/wp-content\/uploads\/2025\/05\/Murano-Burano-Torcello-Boat-Tour-From-St.Marks-Square-ota2-300x184.avif\" loading=\"lazy\" data-sizes=\"{&quot;thumbnail&quot;:{&quot;url&quot;:&quot;https:\/\/italy-tourist-information.com\/wp-content\/uploads\/2025\/05\/Murano-Burano-Torcello-Boat-Tour-From-St.Marks-Square-ota2-150x150.avif&quot;,&quot;height&quot;:150,&quot;width&quot;:150,&quot;orientation&quot;:&quot;landscape&quot;},&quot;medium&quot;:{&quot;url&quot;:&quot;https:\/\/italy-tourist-information.com\/wp-content\/uploads\/2025\/05\/Murano-Burano-Torcello-Boat-Tour-From-St.Marks-Square-ota2-300x184.avif&quot;,&quot;height&quot;:184,&quot;width&quot;:300,&quot;orientation&quot;:&quot;landscape&quot;},&quot;large&quot;:{&quot;url&quot;:&quot;https:\/\/italy-tourist-information.com\/wp-content\/uploads\/2025\/05\/Murano-Burano-Torcello-Boat-Tour-From-St.Marks-Square-ota2-1024x627.avif&quot;,&quot;height&quot;:627,&quot;width&quot;:1024,&quot;orientation&quot;:&quot;landscape&quot;},&quot;full&quot;:{&quot;url&quot;:&quot;https:\/\/italy-tourist-information.com\/wp-content\/uploads\/2025\/05\/Murano-Burano-Torcello-Boat-Tour-From-St.Marks-Square-ota2.avif&quot;,&quot;height&quot;:1556,&quot;width&quot;:2543,&quot;orientation&quot;:&quot;landscape&quot;},&quot;1536x1536&quot;:{&quot;url&quot;:&quot;https:\/\/italy-tourist-information.com\/wp-content\/uploads\/2025\/05\/Murano-Burano-Torcello-Boat-Tour-From-St.Marks-Square-ota2-1536x940.avif&quot;,&quot;height&quot;:940,&quot;width&quot;:1536,&quot;orientation&quot;:&quot;landscape&quot;},&quot;2048x2048&quot;:{&quot;url&quot;:&quot;https:\/\/italy-tourist-information.com\/wp-content\/uploads\/2025\/05\/Murano-Burano-Torcello-Boat-Tour-From-St.Marks-Square-ota2-2048x1253.avif&quot;,&quot;height&quot;:1253,&quot;width&quot;:2048,&quot;orientation&quot;:&quot;landscape&quot;}}\"><\/span><span><img decoding=\"async\" alt=\"\" data-id=\"10785\" width=\"2335\" height=\"1556\" title=\"Murano, Burano &amp; Torcello \u2013 Bootstour ab Markusplatz ota3\" src=\"https:\/\/italy-tourist-information.com\/wp-content\/uploads\/2025\/05\/Murano-Burano-Torcello-Boat-Tour-From-St.Marks-Square-ota3-1024x682.avif\" data-src=\"https:\/\/italy-tourist-information.com\/wp-content\/uploads\/2025\/05\/Murano-Burano-Torcello-Boat-Tour-From-St.Marks-Square-ota3-300x200.avif\" loading=\"lazy\" data-sizes=\"{&quot;thumbnail&quot;:{&quot;url&quot;:&quot;https:\/\/italy-tourist-information.com\/wp-content\/uploads\/2025\/05\/Murano-Burano-Torcello-Boat-Tour-From-St.Marks-Square-ota3-150x150.avif&quot;,&quot;height&quot;:150,&quot;width&quot;:150,&quot;orientation&quot;:&quot;landscape&quot;},&quot;medium&quot;:{&quot;url&quot;:&quot;https:\/\/italy-tourist-information.com\/wp-content\/uploads\/2025\/05\/Murano-Burano-Torcello-Boat-Tour-From-St.Marks-Square-ota3-300x200.avif&quot;,&quot;height&quot;:200,&quot;width&quot;:300,&quot;orientation&quot;:&quot;landscape&quot;},&quot;large&quot;:{&quot;url&quot;:&quot;https:\/\/italy-tourist-information.com\/wp-content\/uploads\/2025\/05\/Murano-Burano-Torcello-Boat-Tour-From-St.Marks-Square-ota3-1024x682.avif&quot;,&quot;height&quot;:682,&quot;width&quot;:1024,&quot;orientation&quot;:&quot;landscape&quot;},&quot;full&quot;:{&quot;url&quot;:&quot;https:\/\/italy-tourist-information.com\/wp-content\/uploads\/2025\/05\/Murano-Burano-Torcello-Boat-Tour-From-St.Marks-Square-ota3.avif&quot;,&quot;height&quot;:1556,&quot;width&quot;:2335,&quot;orientation&quot;:&quot;landscape&quot;},&quot;1536x1536&quot;:{&quot;url&quot;:&quot;https:\/\/italy-tourist-information.com\/wp-content\/uploads\/2025\/05\/Murano-Burano-Torcello-Boat-Tour-From-St.Marks-Square-ota3-1536x1024.avif&quot;,&quot;height&quot;:1024,&quot;width&quot;:1536,&quot;orientation&quot;:&quot;landscape&quot;},&quot;2048x2048&quot;:{&quot;url&quot;:&quot;https:\/\/italy-tourist-information.com\/wp-content\/uploads\/2025\/05\/Murano-Burano-Torcello-Boat-Tour-From-St.Marks-Square-ota3-2048x1365.avif&quot;,&quot;height&quot;:1365,&quot;width&quot;:2048,&quot;orientation&quot;:&quot;landscape&quot;}}\"><\/span><span><img decoding=\"async\" alt=\"\" data-id=\"10784\" width=\"2349\" height=\"1556\" title=\"Murano, Burano &amp; Torcello \u2013 Bootstour ab Markusplatz ota4\" src=\"https:\/\/italy-tourist-information.com\/wp-content\/uploads\/2025\/05\/Murano-Burano-Torcello-Boat-Tour-From-St.Marks-Square-ota4-1024x678.avif\" data-src=\"https:\/\/italy-tourist-information.com\/wp-content\/uploads\/2025\/05\/Murano-Burano-Torcello-Boat-Tour-From-St.Marks-Square-ota4-300x199.avif\" loading=\"lazy\" data-sizes=\"{&quot;thumbnail&quot;:{&quot;url&quot;:&quot;https:\/\/italy-tourist-information.com\/wp-content\/uploads\/2025\/05\/Murano-Burano-Torcello-Boat-Tour-From-St.Marks-Square-ota4-150x150.avif&quot;,&quot;height&quot;:150,&quot;width&quot;:150,&quot;orientation&quot;:&quot;landscape&quot;},&quot;medium&quot;:{&quot;url&quot;:&quot;https:\/\/italy-tourist-information.com\/wp-content\/uploads\/2025\/05\/Murano-Burano-Torcello-Boat-Tour-From-St.Marks-Square-ota4-300x199.avif&quot;,&quot;height&quot;:199,&quot;width&quot;:300,&quot;orientation&quot;:&quot;landscape&quot;},&quot;large&quot;:{&quot;url&quot;:&quot;https:\/\/italy-tourist-information.com\/wp-content\/uploads\/2025\/05\/Murano-Burano-Torcello-Boat-Tour-From-St.Marks-Square-ota4-1024x678.avif&quot;,&quot;height&quot;:678,&quot;width&quot;:1024,&quot;orientation&quot;:&quot;landscape&quot;},&quot;full&quot;:{&quot;url&quot;:&quot;https:\/\/italy-tourist-information.com\/wp-content\/uploads\/2025\/05\/Murano-Burano-Torcello-Boat-Tour-From-St.Marks-Square-ota4.avif&quot;,&quot;height&quot;:1556,&quot;width&quot;:2349,&quot;orientation&quot;:&quot;landscape&quot;},&quot;1536x1536&quot;:{&quot;url&quot;:&quot;https:\/\/italy-tourist-information.com\/wp-content\/uploads\/2025\/05\/Murano-Burano-Torcello-Boat-Tour-From-St.Marks-Square-ota4-1536x1017.avif&quot;,&quot;height&quot;:1017,&quot;width&quot;:1536,&quot;orientation&quot;:&quot;landscape&quot;},&quot;2048x2048&quot;:{&quot;url&quot;:&quot;https:\/\/italy-tourist-information.com\/wp-content\/uploads\/2025\/05\/Murano-Burano-Torcello-Boat-Tour-From-St.Marks-Square-ota4-2048x1357.avif&quot;,&quot;height&quot;:1357,&quot;width&quot;:2048,&quot;orientation&quot;:&quot;landscape&quot;}}\"><\/span><span><img decoding=\"async\" alt=\"\" data-id=\"10783\" width=\"2336\" height=\"1556\" title=\"Murano, Burano &amp; Torcello \u2013 Bootstour ab Markusplatz ota5\" src=\"https:\/\/italy-tourist-information.com\/wp-content\/uploads\/2025\/05\/Murano-Burano-Torcello-Boat-Tour-From-St.Marks-Square-ota5-1024x682.avif\" data-src=\"https:\/\/italy-tourist-information.com\/wp-content\/uploads\/2025\/05\/Murano-Burano-Torcello-Boat-Tour-From-St.Marks-Square-ota5-300x200.avif\" loading=\"lazy\" data-sizes=\"{&quot;thumbnail&quot;:{&quot;url&quot;:&quot;https:\/\/italy-tourist-information.com\/wp-content\/uploads\/2025\/05\/Murano-Burano-Torcello-Boat-Tour-From-St.Marks-Square-ota5-150x150.avif&quot;,&quot;height&quot;:150,&quot;width&quot;:150,&quot;orientation&quot;:&quot;landscape&quot;},&quot;medium&quot;:{&quot;url&quot;:&quot;https:\/\/italy-tourist-information.com\/wp-content\/uploads\/2025\/05\/Murano-Burano-Torcello-Boat-Tour-From-St.Marks-Square-ota5-300x200.avif&quot;,&quot;height&quot;:200,&quot;width&quot;:300,&quot;orientation&quot;:&quot;landscape&quot;},&quot;large&quot;:{&quot;url&quot;:&quot;https:\/\/italy-tourist-information.com\/wp-content\/uploads\/2025\/05\/Murano-Burano-Torcello-Boat-Tour-From-St.Marks-Square-ota5-1024x682.avif&quot;,&quot;height&quot;:682,&quot;width&quot;:1024,&quot;orientation&quot;:&quot;landscape&quot;},&quot;full&quot;:{&quot;url&quot;:&quot;https:\/\/italy-tourist-information.com\/wp-content\/uploads\/2025\/05\/Murano-Burano-Torcello-Boat-Tour-From-St.Marks-Square-ota5.avif&quot;,&quot;height&quot;:1556,&quot;width&quot;:2336,&quot;orientation&quot;:&quot;landscape&quot;},&quot;1536x1536&quot;:{&quot;url&quot;:&quot;https:\/\/italy-tourist-information.com\/wp-content\/uploads\/2025\/05\/Murano-Burano-Torcello-Boat-Tour-From-St.Marks-Square-ota5-1536x1023.avif&quot;,&quot;height&quot;:1023,&quot;width&quot;:1536,&quot;orientation&quot;:&quot;landscape&quot;},&quot;2048x2048&quot;:{&quot;url&quot;:&quot;https:\/\/italy-tourist-information.com\/wp-content\/uploads\/2025\/05\/Murano-Burano-Torcello-Boat-Tour-From-St.Marks-Square-ota5-2048x1364.avif&quot;,&quot;height&quot;:1364,&quot;width&quot;:2048,&quot;orientation&quot;:&quot;landscape&quot;}}\"><\/span><\/p>\n<h1 dir=\"ltr\">Murano, Burano &amp; Torcello: Bootstour vom Markusplatz<\/h1>\n<h2><a href=\"https:\/\/www.tiqets.com\/de\/attraktionen-und-aktivitaten-in-venedig-c71510\/tickets-fur-murano-burano-torcello-bootstour-vom-markusplatz-p1107755\/?partner=italytouristinformation&amp;tq_campaign=ITIDeMuranoIslandTourSP\" target=\"_blank\" rel=\"nofollow noopener\" style=\"outline: none;\">Zur Buchung<\/a><\/h2>\n<h1><a href=\"https:\/\/www.tiqets.com\/de\/attraktionen-und-aktivitaten-in-venedig-c71510\/tickets-fur-murano-burano-torcello-bootstour-vom-markusplatz-p1107755\/?partner=italytouristinformation&amp;tq_campaign=ITIDeMuranoIslandTourSP\" target=\"_blank\" rel=\"nofollow noopener\" style=\"outline: none;\" spellcheck=\"false\"><strong>Ab 20,00<\/strong> \u20ac<strong><\/strong><\/a><\/h1>\n<p dir=\"ltr\">Entdecken Sie den Charme der ber\u00fchmten Laguneninseln Venedigs \u2013 <strong>Murano, Burano und Torcello<\/strong>&nbsp;\u2013 bei einer malerischen Bootstour vom Markusplatz. Erleben Sie eine&nbsp;<strong>Glasbl\u00e4servorf\u00fchrung<\/strong><strong>, bewundern Sie&nbsp;<\/strong>die farbenfrohen H\u00e4user und entdecken Sie kulturelle Sch\u00e4tze in Begleitung eines ortskundigen F\u00fchrers.<\/p>\n<ul>\n<li style=\"\"><span>Handverlesenes Ticket&nbsp;<\/span><\/li>\n<li style=\"\"><span>Live-Guide (Englisch, Franz\u00f6sisch, Deutsch, Italienisch, Spanisch)<\/span><\/li>\n<li style=\"\"><!--! Font Awesome Free 6.7.1 by @fontawesome - https:\/\/fontawesome.com License - https:\/\/fontawesome.com\/license\/free (Icons: CC BY 4.0, Fonts: SIL OFL 1.1, Code: MIT License) Copyright 2024 Fonticons, Inc. --><span>Dauer: 5 Stunden<\/span><\/li>\n<li style=\"\"><span>Kostenlose Stornierung<\/span><\/li>\n<\/ul>\n<h2>Inbegriffen<\/h2>\n<ul>\n<li style=\"\">                    <span>Hin- und R\u00fcckfahrt mit dem Boot ab Markusplatz<\/span><\/li>\n<li style=\"\">                    <span>Panorama-Bootstour zu den Inseln von Venedig<\/span><\/li>\n<li style=\"\">                    <span>Besuch einer Muranoglasfabrik mit Glasbl\u00e4servorf\u00fchrung<\/span><\/li>\n<li><span>20 Minuten Freizeit auf Murano<\/span><\/li>\n<li style=\"\">                    <span>50 Stunden Freizeit auf Burano<\/span><\/li>\n<li style=\"\">                    <span>30 Minuten Freizeit auf Torcello<\/span><\/li>\n<li style=\"\">                    <span>Lokaler Reiseleiter an Bord<\/span><\/li>\n<\/ul>\n<h2>Nicht inbegriffen<\/h2>\n<ul>\n<li style=\"\"><span>Pers\u00f6nliche Ausgaben<\/span><\/li>\n<\/ul>\n<h2>Wichtige Informationen<\/h2>\n<ul>\n<li style=\"\"><span><strong>Tourdauer:<\/strong> Ungef\u00e4hr 5 Stunden<\/span><\/li>\n<li style=\"\"><span>Bitte finden Sie sich 30 Minuten vor der Abfahrt am Treffpunkt ein.<\/span><\/li>\n<li style=\"\"><span>Die Tour findet bei jedem Wetter statt.<\/span><\/li>\n<li style=\"\"><span>Bitte pr\u00fcfen Sie Ihren Voucher auf die Zugangsanweisungen zum Treffpunkt.<\/span><\/li>\n<li><span>Die Gruppengr\u00f6\u00dfe ist auf 25 Teilnehmer begrenzt.<\/span><\/li>\n<\/ul>\n<h2>Beschreibung:<\/h2>\n<p dir=\"ltr\">Diese <strong>malerische <\/strong><strong>Inselhopping-Tour&nbsp;<\/strong><strong>durch Murano, Burano und Torcello<\/strong> bietet eine einzigartige M\u00f6glichkeit, die k\u00fcnstlerische und historische Seele Venedigs zu erleben.<strong><\/strong><\/p>\n<p dir=\"ltr\">Beobachten Sie die <strong>Glasmachermeister in Murano<\/strong>, lassen Sie sich vom lebhaften Charme der&nbsp;<strong>Fischerh\u00e4user von Burano<\/strong> verzaubern und verzaubern Sie \u00fcber die friedliche Insel <strong>Torcello<\/strong> \u2013 eine der fr\u00fchesten Siedlungen Venedigs.<\/p>\n<p dir=\"ltr\">Die Tour beinhaltet einen <strong>einheimischen Reiseleiter, der<\/strong><strong>unterwegs<\/strong>&nbsp;faszinierende Geschichten erz\u00e4hlt. Dank freier Zeit auf jeder Insel genie\u00dfen Sie die perfekte Balance zwischen Struktur und freier Erkundung.<\/p>\n<h2>Highlights:<\/h2>\n<p ltr\"\"=\"\">\n<ul>\n<li dir=\"ltr\">Erkunden Sie drei legend\u00e4re venezianische Inseln <strong>an einem Tag<\/strong><\/li>\n<li dir=\"ltr\"><strong>Beobachten Sie Glask\u00fcnstler<\/strong> bei der Arbeit in den ber\u00fchmten Werkst\u00e4tten von Murano.<\/li>\n<li dir=\"ltr\">Bewundern Sie die hellen, <strong>farbenfrohen H\u00e4user<\/strong> und Spitzenl\u00e4den in Burano.<\/li>\n<li dir=\"ltr\">Besuchen Sie die ruhige, <strong>geschichtstr\u00e4chtige Insel Torcello.<\/strong><\/li>\n<li dir=\"ltr\">Genie\u00dfen Sie eine <strong>entspannte Kreuzfahrt mit Panoramablick<\/strong> und Einblicken in die lokale Kultur.<\/li>\n<li dir=\"ltr\">Ideal f\u00fcr Fotografen, Kulturbegeisterte und Venedig-Neulinge<\/li>\n<\/ul>\n<h2>Stornierungsbedingungen<\/h2>\n<p dir=\"ltr\">Sie k\u00f6nnen bis zu 24 Stunden im Voraus kostenlos stornieren und erhalten eine volle R\u00fcckerstattung. \u00c4nderungen oder Stornierungen, die weniger als 24 Stunden vor der Tour vorgenommen werden, sind nicht erstattungsf\u00e4hig.<\/p>\n<h2>Treffpunkt &amp; Anweisungen<\/h2>\n<p dir=\"ltr\">Bitte entnehmen Sie die genauen Treffpunktinformationen Ihrem Best\u00e4tigungsvoucher. Die Tour beginnt in der N\u00e4he des Markusplatzes \u2013 bitte seien Sie mindestens 30 Minuten fr\u00fcher da, um ein reibungsloses Einsteigen zu gew\u00e4hrleisten.<\/p>\n<h2>Bewertungen<\/h2>\n<p><strong>3,8\/ 5 &nbsp;<\/strong><strong>(651 Bewertungen)<\/strong><\/p>\n<p dir=\"ltr\"><em>\u201eEin einzigartiges Erlebnis! Alles ist bestens organisiert und die Abfahrts- und Ankunftszeiten stimmen genau! Man genie\u00dft jede Minute und es ist \u00fcberhaupt nicht anstrengend, da die etwa einst\u00fcndige Tour auf jeder Insel wundersch\u00f6n und unterhaltsam gestaltet ist!!!\u201c \u2013&nbsp;<\/em> PANAGIOTIS, April 2025 <a href=\"https:\/\/www.tiqets.com\/de\/attraktionen-und-aktivitaten-in-venedig-c71510\/tickets-fur-murano-burano-torcello-bootstour-vom-markusplatz-p1107755\/?partner=italytouristinformation&amp;tq_campaign=ITIDeMuranoIslandTourSP\" target=\"_blank\" rel=\"nofollow noopener\" style=\"outline: none;\" data-lt-tmp-id=\"lt-476902\" spellcheck=\"false\">&gt;&gt; Weitere Bewertungen ansehen \u2026<\/a><\/p>\n<h2>Weitere Aktivit\u00e4ten, die Ihnen gefallen k\u00f6nnten<\/h2>\n<p><span># <\/span><strong><span>2<\/span><\/strong><span># <\/span><strong><span>2<\/span><\/strong><span><img decoding=\"async\" alt=\"\" data-id=\"10781\" width=\"159\" data-init-width=\"960\" height=\"105\" data-init-height=\"636\" title=\"Gef\u00fchrte Tour von Venedig nach Murano und Burano mit einem privaten Boot\" loading=\"lazy\" src=\"https:\/\/italy-tourist-information.com\/wp-content\/uploads\/2025\/05\/From-Venice-Murano-Burano-Guided-Tour-by-Private-Boat-ota.jpg\" data-width=\"159\" data-height=\"105\" style=\"aspect-ratio: auto 960 \/ 636;\"><\/span><\/p>\n<table>\n<tbody>\n<tr>\n<td>\n<table>\n<tbody>\n<tr>\n<td><strong><a href=\"https:\/\/www.getyourguide.com\/venice-l35\/venice-murano-burano-glass-lace-half-day-tour-t21293\/?partner_id=NO9XIDE&amp;utm_medium=online_publisher&amp;cmp=ITIDeMuranoIslandTourSP2\" target=\"_blank\" rel=\"nofollow noopener\" style=\"outline: none;\" data-lt-tmp-id=\"lt-380174\" spellcheck=\"false\">Ab Venedig: Gef\u00fchrte Tour nach Murano und Burano mit privatem Boot<\/a><\/strong><\/td>\n<\/tr>\n<\/tbody>\n<\/table>\n<\/td>\n<\/tr>\n<\/tbody>\n<\/table>\n<p data-pm-slice=\"1 1 []\">Erleben Sie den Zauber der ber\u00fchmten Inseln Venedigs auf einer privaten Bootstour nach Murano und Burano. Genie\u00dfen Sie die pers\u00f6nlichen Einblicke Ihres erfahrenen Reiseleiters.<\/p>\n<h3 style=\"\">Gesamtpreis<\/h3>\n<h3 style=\"\">Ihr Konto wird noch nicht belastet.<\/h3>\n<p><span># <\/span><strong><span>2<\/span><\/strong><span><img decoding=\"async\" alt=\"\" data-id=\"10760\" width=\"159\" data-init-width=\"1556\" height=\"159\" data-init-height=\"1556\" title=\"Venice Pass ota\" loading=\"lazy\" src=\"https:\/\/italy-tourist-information.com\/wp-content\/uploads\/2025\/05\/Venice-Pass-ota.avif\" data-width=\"159\" data-height=\"159\" style=\"aspect-ratio: auto 1556 \/ 1556;\"><\/span><\/p>\n<table>\n<tbody>\n<tr>\n<td><a href=\"https:\/\/www.tiqets.com\/de\/venice-attractions-c71510\/the-venice-pass-p1013980\/?partner=italytouristinformation&amp;tq_campaign=ITIDeMuranoIslandTourSP3\" target=\"_blank\" rel=\"nofollow noopener\" style=\"outline: none;\" data-lt-tmp-id=\"lt-154912\" spellcheck=\"false\">Der Venedig-Pass<\/a><\/td>\n<\/tr>\n<\/tbody>\n<\/table>\n<p>Sparen Sie Zeit und Geld mit dem Venice Pass, der Ihnen <strong>bevorzugten Zugang zu Top-Attraktionen<\/strong> wie dem Dogenpalast und dem Markusdom sowie einer <strong>klassischen Gondelfahrt<\/strong> oder einer Inseltour nach Murano und Burano bietet \u2013 alles individuell anpassbar f\u00fcr Ihr perfektes Venedig-Erlebnis.<\/p>\n<h3 style=\"\">Gesamtpreis<\/h3>\n<h3 style=\"\">Ihr Konto wird noch nicht belastet.<\/h3>\n<p><\/p>\n<h2><a href=\"https:\/\/www.tiqets.com\/de\/attraktionen-und-aktivitaten-in-venedig-c71510\/tickets-fur-murano-burano-torcello-bootstour-vom-markusplatz-p1107755\/?partner=italytouristinformation&amp;tq_campaign=ITIDeMuranoIslandTourSP\" target=\"_blank\" rel=\"nofollow noopener\" style=\"outline: none;\" spellcheck=\"false\">Zur Buchung<\/a><\/h2>\n<h1><a href=\"https:\/\/www.tiqets.com\/de\/attraktionen-und-aktivitaten-in-venedig-c71510\/tickets-fur-murano-burano-torcello-bootstour-vom-markusplatz-p1107755\/?partner=italytouristinformation&amp;tq_campaign=ITIDeMuranoIslandTourSP\" target=\"_blank\" rel=\"nofollow noopener\" style=\"outline: none;\"><strong>Ab 20,00<\/strong> \u20ac<strong><\/strong><\/a><\/h1>\n<p style=\"\">Ihr Konto wird noch nicht belastet.<\/p>\n","protected":false},"excerpt":{"rendered":"<p>Murano, Burano &amp; Torcello: Bootstour vom Markusplatz Zur Buchung Ab 20,00 \u20ac Entdecken Sie den Charme der ber\u00fchmten Laguneninseln Venedigs \u2013 Murano, Burano und Torcello&nbsp;\u2013 bei einer malerischen Bootstour vom Markusplatz. Erleben Sie eine&nbsp;Glasbl\u00e4servorf\u00fchrung, bewundern Sie&nbsp;die farbenfrohen H\u00e4user und entdecken Sie kulturelle Sch\u00e4tze in Begleitung eines ortskundigen F\u00fchrers. Handverlesenes Ticket&nbsp; Live-Guide (Englisch, Franz\u00f6sisch, Deutsch, Italienisch, [&hellip;]<\/p>\n","protected":false},"author":6,"featured_media":17724,"parent":0,"menu_order":0,"comment_status":"closed","ping_status":"closed","template":"","meta":{"footnotes":"","tve_updated_post":"","tve_custom_css":"","tve_user_custom_css":"","tve_globals":{},"tcb2_ready":1,"tcb_editor_enabled":1,"tve_landing_page":"bd86f3fc67210fed5b2794ad4a56d3a9","_tve_header":"17144","_tve_footer":"17145"},"categories":[132,144,128],"tags":[134,158,130],"class_list":["post-17723","page","type-page","status-publish","has-post-thumbnail","hentry","category-fuhrung","category-venedig","category-verkaufsseite","tag-fuhrung","tag-venedig","tag-verkaufsseite","post-wrapper","thrv_wrapper"],"_links":{"self":[{"href":"https:\/\/italy-tourist-information.com\/de\/wp-json\/wp\/v2\/pages\/17723","targetHints":{"allow":["GET"]}}],"collection":[{"href":"https:\/\/italy-tourist-information.com\/de\/wp-json\/wp\/v2\/pages"}],"about":[{"href":"https:\/\/italy-tourist-information.com\/de\/wp-json\/wp\/v2\/types\/page"}],"author":[{"embeddable":true,"href":"https:\/\/italy-tourist-information.com\/de\/wp-json\/wp\/v2\/users\/6"}],"replies":[{"embeddable":true,"href":"https:\/\/italy-tourist-information.com\/de\/wp-json\/wp\/v2\/comments?post=17723"}],"version-history":[{"count":9,"href":"https:\/\/italy-tourist-information.com\/de\/wp-json\/wp\/v2\/pages\/17723\/revisions"}],"predecessor-version":[{"id":20306,"href":"https:\/\/italy-tourist-information.com\/de\/wp-json\/wp\/v2\/pages\/17723\/revisions\/20306"}],"wp:featuredmedia":[{"embeddable":true,"href":"https:\/\/italy-tourist-information.com\/de\/wp-json\/wp\/v2\/media\/17724"}],"wp:attachment":[{"href":"https:\/\/italy-tourist-information.com\/de\/wp-json\/wp\/v2\/media?parent=17723"}],"wp:term":[{"taxonomy":"category","embeddable":true,"href":"https:\/\/italy-tourist-information.com\/de\/wp-json\/wp\/v2\/categories?post=17723"},{"taxonomy":"post_tag","embeddable":true,"href":"https:\/\/italy-tourist-information.com\/de\/wp-json\/wp\/v2\/tags?post=17723"}],"curies":[{"name":"wp","href":"https:\/\/api.w.org\/{rel}","templated":true}]}}