{"id":17765,"date":"2024-09-20T13:58:51","date_gmt":"2024-09-20T13:58:51","guid":{"rendered":"https:\/\/italy-tourist-information.com\/naples-underground-ticket-and-guided-tour"},"modified":"2026-05-05T07:53:50","modified_gmt":"2026-05-05T07:53:50","slug":"napoli-sotterranea-tickets","status":"publish","type":"page","link":"https:\/\/italy-tourist-information.com\/de\/napoli-sotterranea-tickets","title":{"rendered":"Napoli Sotterranea: In der Unterwelt Neapels: Eintritt ohne Anstehen + F\u00fchrung"},"content":{"rendered":"<p><span><img decoding=\"async\" alt=\"\" data-id=\"7179\" width=\"1600\" height=\"1600\" title=\"Naples Underground \u2013 Ticket ohne Anstehen + F\u00fchrung\" src=\"https:\/\/italy-tourist-information.com\/wp-content\/uploads\/2024\/09\/Naples-Underground-Skip-The-Line-Ticket-Guided-Tour--1024x1024.avif\" data-src=\"https:\/\/italy-tourist-information.com\/wp-content\/uploads\/2024\/09\/Naples-Underground-Skip-The-Line-Ticket-Guided-Tour--300x300.avif\" loading=\"lazy\" data-sizes=\"{&quot;thumbnail&quot;:{&quot;url&quot;:&quot;https:\/\/italy-tourist-information.com\/wp-content\/uploads\/2024\/09\/Naples-Underground-Skip-The-Line-Ticket-Guided-Tour--150x150.avif&quot;,&quot;height&quot;:150,&quot;width&quot;:150,&quot;orientation&quot;:&quot;landscape&quot;},&quot;medium&quot;:{&quot;url&quot;:&quot;https:\/\/italy-tourist-information.com\/wp-content\/uploads\/2024\/09\/Naples-Underground-Skip-The-Line-Ticket-Guided-Tour--300x300.avif&quot;,&quot;height&quot;:300,&quot;width&quot;:300,&quot;orientation&quot;:&quot;landscape&quot;},&quot;large&quot;:{&quot;url&quot;:&quot;https:\/\/italy-tourist-information.com\/wp-content\/uploads\/2024\/09\/Naples-Underground-Skip-The-Line-Ticket-Guided-Tour--1024x1024.avif&quot;,&quot;height&quot;:1024,&quot;width&quot;:1024,&quot;orientation&quot;:&quot;landscape&quot;},&quot;full&quot;:{&quot;url&quot;:&quot;https:\/\/italy-tourist-information.com\/wp-content\/uploads\/2024\/09\/Naples-Underground-Skip-The-Line-Ticket-Guided-Tour-.avif&quot;,&quot;height&quot;:1600,&quot;width&quot;:1600,&quot;orientation&quot;:&quot;landscape&quot;},&quot;1536x1536&quot;:{&quot;url&quot;:&quot;https:\/\/italy-tourist-information.com\/wp-content\/uploads\/2024\/09\/Naples-Underground-Skip-The-Line-Ticket-Guided-Tour--1536x1536.avif&quot;,&quot;height&quot;:1536,&quot;width&quot;:1536,&quot;orientation&quot;:&quot;landscape&quot;}}\"><\/span><span><img decoding=\"async\" alt=\"\" data-id=\"7178\" width=\"1600\" height=\"1600\" title=\"Naples Underground \u2013 Ticket ohne Anstehen + F\u00fchrung 2\" src=\"https:\/\/italy-tourist-information.com\/wp-content\/uploads\/2024\/09\/Naples-Underground-Skip-The-Line-Ticket-Guided-Tour-2-1024x1024.avif\" data-src=\"https:\/\/italy-tourist-information.com\/wp-content\/uploads\/2024\/09\/Naples-Underground-Skip-The-Line-Ticket-Guided-Tour-2-300x300.avif\" loading=\"lazy\" data-sizes=\"{&quot;thumbnail&quot;:{&quot;url&quot;:&quot;https:\/\/italy-tourist-information.com\/wp-content\/uploads\/2024\/09\/Naples-Underground-Skip-The-Line-Ticket-Guided-Tour-2-150x150.avif&quot;,&quot;height&quot;:150,&quot;width&quot;:150,&quot;orientation&quot;:&quot;landscape&quot;},&quot;medium&quot;:{&quot;url&quot;:&quot;https:\/\/italy-tourist-information.com\/wp-content\/uploads\/2024\/09\/Naples-Underground-Skip-The-Line-Ticket-Guided-Tour-2-300x300.avif&quot;,&quot;height&quot;:300,&quot;width&quot;:300,&quot;orientation&quot;:&quot;landscape&quot;},&quot;large&quot;:{&quot;url&quot;:&quot;https:\/\/italy-tourist-information.com\/wp-content\/uploads\/2024\/09\/Naples-Underground-Skip-The-Line-Ticket-Guided-Tour-2-1024x1024.avif&quot;,&quot;height&quot;:1024,&quot;width&quot;:1024,&quot;orientation&quot;:&quot;landscape&quot;},&quot;full&quot;:{&quot;url&quot;:&quot;https:\/\/italy-tourist-information.com\/wp-content\/uploads\/2024\/09\/Naples-Underground-Skip-The-Line-Ticket-Guided-Tour-2.avif&quot;,&quot;height&quot;:1600,&quot;width&quot;:1600,&quot;orientation&quot;:&quot;landscape&quot;},&quot;1536x1536&quot;:{&quot;url&quot;:&quot;https:\/\/italy-tourist-information.com\/wp-content\/uploads\/2024\/09\/Naples-Underground-Skip-The-Line-Ticket-Guided-Tour-2-1536x1536.avif&quot;,&quot;height&quot;:1536,&quot;width&quot;:1536,&quot;orientation&quot;:&quot;landscape&quot;}}\"><\/span><span><img decoding=\"async\" alt=\"\" data-id=\"7177\" width=\"1600\" height=\"1600\" title=\"Naples Underground \u2013 Ticket ohne Anstehen + F\u00fchrung 3\" src=\"https:\/\/italy-tourist-information.com\/wp-content\/uploads\/2024\/09\/Naples-Underground-Skip-The-Line-Ticket-Guided-Tour-3-1024x1024.avif\" data-src=\"https:\/\/italy-tourist-information.com\/wp-content\/uploads\/2024\/09\/Naples-Underground-Skip-The-Line-Ticket-Guided-Tour-3-300x300.avif\" loading=\"lazy\" data-sizes=\"{&quot;thumbnail&quot;:{&quot;url&quot;:&quot;https:\/\/italy-tourist-information.com\/wp-content\/uploads\/2024\/09\/Naples-Underground-Skip-The-Line-Ticket-Guided-Tour-3-150x150.avif&quot;,&quot;height&quot;:150,&quot;width&quot;:150,&quot;orientation&quot;:&quot;landscape&quot;},&quot;medium&quot;:{&quot;url&quot;:&quot;https:\/\/italy-tourist-information.com\/wp-content\/uploads\/2024\/09\/Naples-Underground-Skip-The-Line-Ticket-Guided-Tour-3-300x300.avif&quot;,&quot;height&quot;:300,&quot;width&quot;:300,&quot;orientation&quot;:&quot;landscape&quot;},&quot;large&quot;:{&quot;url&quot;:&quot;https:\/\/italy-tourist-information.com\/wp-content\/uploads\/2024\/09\/Naples-Underground-Skip-The-Line-Ticket-Guided-Tour-3-1024x1024.avif&quot;,&quot;height&quot;:1024,&quot;width&quot;:1024,&quot;orientation&quot;:&quot;landscape&quot;},&quot;full&quot;:{&quot;url&quot;:&quot;https:\/\/italy-tourist-information.com\/wp-content\/uploads\/2024\/09\/Naples-Underground-Skip-The-Line-Ticket-Guided-Tour-3.avif&quot;,&quot;height&quot;:1600,&quot;width&quot;:1600,&quot;orientation&quot;:&quot;landscape&quot;},&quot;1536x1536&quot;:{&quot;url&quot;:&quot;https:\/\/italy-tourist-information.com\/wp-content\/uploads\/2024\/09\/Naples-Underground-Skip-The-Line-Ticket-Guided-Tour-3-1536x1536.avif&quot;,&quot;height&quot;:1536,&quot;width&quot;:1536,&quot;orientation&quot;:&quot;landscape&quot;}}\"><\/span><span><img decoding=\"async\" alt=\"\" data-id=\"7176\" width=\"1600\" height=\"1600\" title=\"Naples Underground \u2013 Ticket ohne Anstehen + F\u00fchrung 4\" src=\"https:\/\/italy-tourist-information.com\/wp-content\/uploads\/2024\/09\/Naples-Underground-Skip-The-Line-Ticket-Guided-Tour-4-1024x1024.avif\" data-src=\"https:\/\/italy-tourist-information.com\/wp-content\/uploads\/2024\/09\/Naples-Underground-Skip-The-Line-Ticket-Guided-Tour-4-300x300.avif\" loading=\"lazy\" data-sizes=\"{&quot;thumbnail&quot;:{&quot;url&quot;:&quot;https:\/\/italy-tourist-information.com\/wp-content\/uploads\/2024\/09\/Naples-Underground-Skip-The-Line-Ticket-Guided-Tour-4-150x150.avif&quot;,&quot;height&quot;:150,&quot;width&quot;:150,&quot;orientation&quot;:&quot;landscape&quot;},&quot;medium&quot;:{&quot;url&quot;:&quot;https:\/\/italy-tourist-information.com\/wp-content\/uploads\/2024\/09\/Naples-Underground-Skip-The-Line-Ticket-Guided-Tour-4-300x300.avif&quot;,&quot;height&quot;:300,&quot;width&quot;:300,&quot;orientation&quot;:&quot;landscape&quot;},&quot;large&quot;:{&quot;url&quot;:&quot;https:\/\/italy-tourist-information.com\/wp-content\/uploads\/2024\/09\/Naples-Underground-Skip-The-Line-Ticket-Guided-Tour-4-1024x1024.avif&quot;,&quot;height&quot;:1024,&quot;width&quot;:1024,&quot;orientation&quot;:&quot;landscape&quot;},&quot;full&quot;:{&quot;url&quot;:&quot;https:\/\/italy-tourist-information.com\/wp-content\/uploads\/2024\/09\/Naples-Underground-Skip-The-Line-Ticket-Guided-Tour-4.avif&quot;,&quot;height&quot;:1600,&quot;width&quot;:1600,&quot;orientation&quot;:&quot;landscape&quot;},&quot;1536x1536&quot;:{&quot;url&quot;:&quot;https:\/\/italy-tourist-information.com\/wp-content\/uploads\/2024\/09\/Naples-Underground-Skip-The-Line-Ticket-Guided-Tour-4-1536x1536.avif&quot;,&quot;height&quot;:1536,&quot;width&quot;:1536,&quot;orientation&quot;:&quot;landscape&quot;}}\"><\/span><\/p>\n<h1 dir=\"ltr\">Napoli Sotterranea: In der Unterwelt Neapels: Eintritt ohne Anstehen + F\u00fchrung<\/h1>\n<h2><a href=\"https:\/\/www.tiqets.com\/de\/neapel-sehenswuerdigkeiten-c71720\/tickets-fur-napoli-sotterranea-in-der-unterwelt-neapels-eintritt-ohne-anstehen-fuhrung-p974907\/?partner=italytouristinformation&amp;tq_campaign=ITIDeNapoliSotterraneaSP\" target=\"_blank\" rel=\"nofollow noopener\" style=\"outline: none;\">Zur Buchung<\/a><\/h2>\n<p style=\"\"><a href=\"https:\/\/www.tiqets.com\/de\/neapel-sehenswuerdigkeiten-c71720\/tickets-fur-napoli-sotterranea-in-der-unterwelt-neapels-eintritt-ohne-anstehen-fuhrung-p974907\/?partner=italytouristinformation&amp;tq_campaign=ITIDeNapoliSotterraneaSP\" target=\"_blank\" rel=\"nofollow noopener\" style=\"outline: none;\">Preis ab<\/a><\/p>\n<h1><a href=\"https:\/\/www.tiqets.com\/de\/neapel-sehenswuerdigkeiten-c71720\/tickets-fur-napoli-sotterranea-in-der-unterwelt-neapels-eintritt-ohne-anstehen-fuhrung-p974907\/?partner=italytouristinformation&amp;tq_campaign=ITIDeNapoliSotterraneaSP\" target=\"_blank\" rel=\"nofollow noopener\" style=\"outline: none;\" spellcheck=\"false\"><strong>18,00 \u20ac<\/strong><\/a><\/h1>\n<p dir=\"ltr\">Tauchen Sie ein in Neapels antike Vergangenheit mit einer exklusiven F\u00fchrung durch die unterirdischen G\u00e4nge. Umgehen Sie die Warteschlangen und entdecken Sie verborgene Sch\u00e4tze unter der Stadt, darunter ein r\u00f6misches Theater und antike Aqu\u00e4dukte \u2013 begleitet von fachkundigen Erl\u00e4uterungen. Eine unvergessliche Zeitreise erwartet Sie!&nbsp;<\/p>\n<ul>\n<li style=\"\"><span>Handverlesenes Ticket&nbsp;<\/span><\/li>\n<li style=\"\"><span>Dauer 1,5 Stunden<\/span><\/li>\n<li style=\"\"><span>Warteschlange \u00fcberspringen<\/span><\/li>\n<li style=\"\"><span>Live-Guide (Englisch und Italienisch)<\/span><\/li>\n<\/ul>\n<h2>Inbegriffen<\/h2>\n<ul>\n<li style=\"\">                    <span>Gef\u00fchrte Tour durch die unterirdischen G\u00e4nge von Neapel<\/span><\/li>\n<\/ul>\n<h2>Nicht inbegriffen<\/h2>\n<ul>\n<li style=\"\"><span>Transport zum Treffpunkt<\/span><\/li>\n<\/ul>\n<h2>Wichtige Informationen<\/h2>\n<ul>\n<li style=\"\"><span><strong>Nicht geeignet f\u00fcr:<\/strong> Personen mit Klaustrophobie, Schwangere oder Personen mit Mobilit\u00e4tseinschr\u00e4nkungen.<\/span><\/li>\n<li style=\"\"><span><strong>Dauer<\/strong>: 1 Stunde 30 Minuten.<\/span><\/li>\n<li style=\"\"><span><strong>Gruppengr\u00f6\u00dfe:<\/strong> Bis zu 50 G\u00e4ste pro Tour.<\/span><\/li>\n<li><span><strong>Sprachen<\/strong>: Englisch und Italienisch.<\/span><\/li>\n<li><span><strong>Wichtig<\/strong>: Die Tour endet an einem anderen Ort als dem Ausgangspunkt.<\/span><\/li>\n<\/ul>\n<h2>Beschreibung:<\/h2>\n<p dir=\"ltr\">Entdecken Sie die verborgenen Sch\u00e4tze Neapels unter den gesch\u00e4ftlichen Stra\u00dfen. Diese faszinierende Tour f\u00fchrt Sie durch unterirdische G\u00e4nge und antikes Theater und enth\u00fcllt jahrhundertelange Geschichte. <\/p>\n<p dir=\"ltr\">Von einem r\u00f6mischen Aqu\u00e4dukt, der die Stadt \u00fcber 2000 Jahre lang mit Wasser versorgte, bis hin zu geheimen Eing\u00e4ngen in Wohnh\u00e4usern \u2013 dies ist eine einzigartige Gelegenheit, Neapel wie nie zuvor zu erleben.<\/p>\n<h2>Highlights:<\/h2>\n<ul>\n<li dir=\"ltr\">Profitieren Sie vom Schnellzugang zur U-Bahn von Neapel und nutzen Sie Ihre Zeit zum Erkunden optimal.<\/li>\n<li dir=\"ltr\">Erfahren Sie von sachkundigen Reisef\u00fchrern fesselnde Geschichten und historische Fakten.<\/li>\n<li dir=\"ltr\">Erkunden Sie die unterirdischen \u00dcberreste eines r\u00f6mischen Theaters, das unter der Stadt verborgen liegt.<\/li>\n<li dir=\"ltr\">Bestaunen Sie die ingenieurtechnische Meisterleistung eines jahrhundertealten Aqu\u00e4dukts, der Neapel \u00fcber zwei Jahrtausende mit Wasser versorgte.<\/li>\n<li>Bewundern Sie die farbenfrohen Fliesen der Bourbonen-Abwasserkan\u00e4le und die hervorragende Best\u00e4ndigkeit antiker Bauwerke unter der Stadtoberfl\u00e4che.<\/li>\n<\/ul>\n<h2>Napoli Sotterranea (Untergrund von Neapel)<\/h2>\n<p dir=\"ltr\">Piazza San Gaetano, 69, 80138 Napoli NA, Italien<\/p>\n<h2>Stornierungsbedingungen<\/h2>\n<p>Tickets sind nicht erstattungsf\u00e4hig, es sei denn, beim Bezahlvorgang wird eine erstattungsf\u00e4hige Option ausgew\u00e4hlt.<\/p>\n<h2>Treffpunkt &amp; Anweisungen<\/h2>\n<p dir=\"ltr\">Zeigen Sie Ihr Smartphone-Ticket am Ticketschalter der U-Bahn Neapel an der Piazza San Gaetano 69 vor. Bitte warten Sie 15 Minuten vor Tourbeginn, um einzuchecken und sich Ihrer Gruppe anzuschlie\u00dfen.<\/p>\n<p><a href=\"https:\/\/www.google.com\/maps\/search\/?api=1&amp;query=Piazza%20San%20Gaetano%2069%2080138%20Naples\" target=\"_blank\" rel=\"nofollow noopener\" style=\"outline: none;\" data-lt-tmp-id=\"lt-993535\" spellcheck=\"false\">In Karten \u00f6ffnen<\/a><\/p>\n<h2>Bewertungen<\/h2>\n<p><strong>4,6\/5&nbsp; <\/strong><strong>(6068 Bewertungen)<\/strong><\/p>\n<p dir=\"ltr\"><em>\u201e<\/em> Tolle Tour mit sachkundigem Guide. Interessant und unterhaltsam. Ein Tunnel war sehr eng und dunkel. Ich musste mein Handy aufladen, um die Taschenlampe benutzen zu k\u00f6nnen. Ich kann diese Tour nur empfehlen. <em>\u201c Julia \u2013 USA, Juli 2024 <\/em><a href=\"https:\/\/www.tiqets.com\/de\/neapel-sehenswuerdigkeiten-c71720\/tickets-fur-napoli-sotterranea-in-der-unterwelt-neapels-eintritt-ohne-anstehen-fuhrung-p974907\/?partner=italytouristinformation&amp;tq_campaign=ITIDeNapoliSotterraneaSP\" target=\"_blank\" rel=\"nofollow noopener\" spellcheck=\"false\" style=\"outline: none;\">&gt;&gt; Weitere Bewertungen ansehen \u2026<\/a><\/p>\n<p><span># <\/span><strong><span>2<\/span><\/strong><span># <\/span><strong><span>2<\/span><\/strong><\/p>\n<p><\/p>\n<h2><a href=\"https:\/\/www.tiqets.com\/de\/neapel-sehenswuerdigkeiten-c71720\/tickets-fur-napoli-sotterranea-in-der-unterwelt-neapels-eintritt-ohne-anstehen-fuhrung-p974907\/?partner=italytouristinformation&amp;tq_campaign=ITIDeNapoliSotterraneaSP\" target=\"_blank\" rel=\"nofollow noopener\" style=\"outline: none;\">Zur Buchung<\/a><\/h2>\n<p style=\"\"><a href=\"https:\/\/www.tiqets.com\/de\/neapel-sehenswuerdigkeiten-c71720\/tickets-fur-napoli-sotterranea-in-der-unterwelt-neapels-eintritt-ohne-anstehen-fuhrung-p974907\/?partner=italytouristinformation&amp;tq_campaign=ITIDeNapoliSotterraneaSP\" target=\"_blank\" rel=\"nofollow noopener\" style=\"outline: none;\">Preis ab<\/a><\/p>\n<h1><a href=\"https:\/\/www.tiqets.com\/de\/neapel-sehenswuerdigkeiten-c71720\/tickets-fur-napoli-sotterranea-in-der-unterwelt-neapels-eintritt-ohne-anstehen-fuhrung-p974907\/?partner=italytouristinformation&amp;tq_campaign=ITIDeNapoliSotterraneaSP\" target=\"_blank\" rel=\"nofollow noopener\" style=\"outline: none;\"><strong>18,00 \u20ac<\/strong><\/a><\/h1>\n<p style=\"\">Ihr Konto wird noch nicht belastet<\/p>\n","protected":false},"excerpt":{"rendered":"<p>Napoli Sotterranea: In der Unterwelt Neapels: Eintritt ohne Anstehen + F\u00fchrung Zur Buchung Preis ab 18,00 \u20ac Tauchen Sie ein in Neapels antike Vergangenheit mit einer exklusiven F\u00fchrung durch die unterirdischen G\u00e4nge. Umgehen Sie die Warteschlangen und entdecken Sie verborgene Sch\u00e4tze unter der Stadt, darunter ein r\u00f6misches Theater und antike Aqu\u00e4dukte \u2013 begleitet von fachkundigen [&hellip;]<\/p>\n","protected":false},"author":6,"featured_media":17766,"parent":0,"menu_order":0,"comment_status":"closed","ping_status":"closed","template":"","meta":{"footnotes":"","tve_updated_post":"","tve_custom_css":"","tve_user_custom_css":"","tve_globals":{},"tcb2_ready":1,"tcb_editor_enabled":1,"tve_landing_page":"bd86f3fc67210fed5b2794ad4a56d3a9","_tve_header":"17144","_tve_footer":"17145"},"categories":[141,128],"tags":[151,152,130],"class_list":["post-17765","page","type-page","status-publish","has-post-thumbnail","hentry","category-neapel","category-verkaufsseite","tag-neapel","tag-neapel-2","tag-verkaufsseite","post-wrapper","thrv_wrapper"],"_links":{"self":[{"href":"https:\/\/italy-tourist-information.com\/de\/wp-json\/wp\/v2\/pages\/17765","targetHints":{"allow":["GET"]}}],"collection":[{"href":"https:\/\/italy-tourist-information.com\/de\/wp-json\/wp\/v2\/pages"}],"about":[{"href":"https:\/\/italy-tourist-information.com\/de\/wp-json\/wp\/v2\/types\/page"}],"author":[{"embeddable":true,"href":"https:\/\/italy-tourist-information.com\/de\/wp-json\/wp\/v2\/users\/6"}],"replies":[{"embeddable":true,"href":"https:\/\/italy-tourist-information.com\/de\/wp-json\/wp\/v2\/comments?post=17765"}],"version-history":[{"count":7,"href":"https:\/\/italy-tourist-information.com\/de\/wp-json\/wp\/v2\/pages\/17765\/revisions"}],"predecessor-version":[{"id":20214,"href":"https:\/\/italy-tourist-information.com\/de\/wp-json\/wp\/v2\/pages\/17765\/revisions\/20214"}],"wp:featuredmedia":[{"embeddable":true,"href":"https:\/\/italy-tourist-information.com\/de\/wp-json\/wp\/v2\/media\/17766"}],"wp:attachment":[{"href":"https:\/\/italy-tourist-information.com\/de\/wp-json\/wp\/v2\/media?parent=17765"}],"wp:term":[{"taxonomy":"category","embeddable":true,"href":"https:\/\/italy-tourist-information.com\/de\/wp-json\/wp\/v2\/categories?post=17765"},{"taxonomy":"post_tag","embeddable":true,"href":"https:\/\/italy-tourist-information.com\/de\/wp-json\/wp\/v2\/tags?post=17765"}],"curies":[{"name":"wp","href":"https:\/\/api.w.org\/{rel}","templated":true}]}}