{"id":17772,"date":"2024-09-20T14:39:07","date_gmt":"2024-09-20T14:39:07","guid":{"rendered":"https:\/\/italy-tourist-information.com\/naples-catacombs-of-san-gennaro-guided-tour"},"modified":"2026-05-05T08:04:51","modified_gmt":"2026-05-05T08:04:51","slug":"neapel-katakomben-von-san-gennaro-fuehrung","status":"publish","type":"page","link":"https:\/\/italy-tourist-information.com\/de\/neapel-katakomben-von-san-gennaro-fuehrung","title":{"rendered":"Katakomben von San Gennaro in Neapel: F\u00fchrung"},"content":{"rendered":"<p><span><img decoding=\"async\" alt=\"\" data-id=\"7193\" width=\"1600\" height=\"1600\" title=\"Katakomben von San Gennaro \u2013 F\u00fchrung\" src=\"https:\/\/italy-tourist-information.com\/wp-content\/uploads\/2024\/09\/Catacombs-of-San-Gennaro-Guided-Tour--1024x1024.avif\" data-src=\"https:\/\/italy-tourist-information.com\/wp-content\/uploads\/2024\/09\/Catacombs-of-San-Gennaro-Guided-Tour--300x300.avif\" loading=\"lazy\" data-sizes=\"{&quot;thumbnail&quot;:{&quot;url&quot;:&quot;https:\/\/italy-tourist-information.com\/wp-content\/uploads\/2024\/09\/Catacombs-of-San-Gennaro-Guided-Tour--150x150.avif&quot;,&quot;height&quot;:150,&quot;width&quot;:150,&quot;orientation&quot;:&quot;landscape&quot;},&quot;medium&quot;:{&quot;url&quot;:&quot;https:\/\/italy-tourist-information.com\/wp-content\/uploads\/2024\/09\/Catacombs-of-San-Gennaro-Guided-Tour--300x300.avif&quot;,&quot;height&quot;:300,&quot;width&quot;:300,&quot;orientation&quot;:&quot;landscape&quot;},&quot;large&quot;:{&quot;url&quot;:&quot;https:\/\/italy-tourist-information.com\/wp-content\/uploads\/2024\/09\/Catacombs-of-San-Gennaro-Guided-Tour--1024x1024.avif&quot;,&quot;height&quot;:1024,&quot;width&quot;:1024,&quot;orientation&quot;:&quot;landscape&quot;},&quot;full&quot;:{&quot;url&quot;:&quot;https:\/\/italy-tourist-information.com\/wp-content\/uploads\/2024\/09\/Catacombs-of-San-Gennaro-Guided-Tour-.avif&quot;,&quot;height&quot;:1600,&quot;width&quot;:1600,&quot;orientation&quot;:&quot;landscape&quot;},&quot;1536x1536&quot;:{&quot;url&quot;:&quot;https:\/\/italy-tourist-information.com\/wp-content\/uploads\/2024\/09\/Catacombs-of-San-Gennaro-Guided-Tour--1536x1536.avif&quot;,&quot;height&quot;:1536,&quot;width&quot;:1536,&quot;orientation&quot;:&quot;landscape&quot;}}\"><\/span><span><img decoding=\"async\" alt=\"\" data-id=\"7192\" width=\"1600\" height=\"1600\" title=\"Katakomben von San Gennaro \u2013 F\u00fchrung 2\" src=\"https:\/\/italy-tourist-information.com\/wp-content\/uploads\/2024\/09\/Catacombs-of-San-Gennaro-Guided-Tour-2-1024x1024.avif\" data-src=\"https:\/\/italy-tourist-information.com\/wp-content\/uploads\/2024\/09\/Catacombs-of-San-Gennaro-Guided-Tour-2-300x300.avif\" loading=\"lazy\" data-sizes=\"{&quot;thumbnail&quot;:{&quot;url&quot;:&quot;https:\/\/italy-tourist-information.com\/wp-content\/uploads\/2024\/09\/Catacombs-of-San-Gennaro-Guided-Tour-2-150x150.avif&quot;,&quot;height&quot;:150,&quot;width&quot;:150,&quot;orientation&quot;:&quot;landscape&quot;},&quot;medium&quot;:{&quot;url&quot;:&quot;https:\/\/italy-tourist-information.com\/wp-content\/uploads\/2024\/09\/Catacombs-of-San-Gennaro-Guided-Tour-2-300x300.avif&quot;,&quot;height&quot;:300,&quot;width&quot;:300,&quot;orientation&quot;:&quot;landscape&quot;},&quot;large&quot;:{&quot;url&quot;:&quot;https:\/\/italy-tourist-information.com\/wp-content\/uploads\/2024\/09\/Catacombs-of-San-Gennaro-Guided-Tour-2-1024x1024.avif&quot;,&quot;height&quot;:1024,&quot;width&quot;:1024,&quot;orientation&quot;:&quot;landscape&quot;},&quot;full&quot;:{&quot;url&quot;:&quot;https:\/\/italy-tourist-information.com\/wp-content\/uploads\/2024\/09\/Catacombs-of-San-Gennaro-Guided-Tour-2.avif&quot;,&quot;height&quot;:1600,&quot;width&quot;:1600,&quot;orientation&quot;:&quot;landscape&quot;},&quot;1536x1536&quot;:{&quot;url&quot;:&quot;https:\/\/italy-tourist-information.com\/wp-content\/uploads\/2024\/09\/Catacombs-of-San-Gennaro-Guided-Tour-2-1536x1536.avif&quot;,&quot;height&quot;:1536,&quot;width&quot;:1536,&quot;orientation&quot;:&quot;landscape&quot;}}\"><\/span><span><img decoding=\"async\" alt=\"\" data-id=\"7191\" width=\"1600\" height=\"1600\" title=\"Katakomben von San Gennaro \u2013 F\u00fchrung 3\" src=\"https:\/\/italy-tourist-information.com\/wp-content\/uploads\/2024\/09\/Catacombs-of-San-Gennaro-Guided-Tour-3-1024x1024.avif\" data-src=\"https:\/\/italy-tourist-information.com\/wp-content\/uploads\/2024\/09\/Catacombs-of-San-Gennaro-Guided-Tour-3-300x300.avif\" loading=\"lazy\" data-sizes=\"{&quot;thumbnail&quot;:{&quot;url&quot;:&quot;https:\/\/italy-tourist-information.com\/wp-content\/uploads\/2024\/09\/Catacombs-of-San-Gennaro-Guided-Tour-3-150x150.avif&quot;,&quot;height&quot;:150,&quot;width&quot;:150,&quot;orientation&quot;:&quot;landscape&quot;},&quot;medium&quot;:{&quot;url&quot;:&quot;https:\/\/italy-tourist-information.com\/wp-content\/uploads\/2024\/09\/Catacombs-of-San-Gennaro-Guided-Tour-3-300x300.avif&quot;,&quot;height&quot;:300,&quot;width&quot;:300,&quot;orientation&quot;:&quot;landscape&quot;},&quot;large&quot;:{&quot;url&quot;:&quot;https:\/\/italy-tourist-information.com\/wp-content\/uploads\/2024\/09\/Catacombs-of-San-Gennaro-Guided-Tour-3-1024x1024.avif&quot;,&quot;height&quot;:1024,&quot;width&quot;:1024,&quot;orientation&quot;:&quot;landscape&quot;},&quot;full&quot;:{&quot;url&quot;:&quot;https:\/\/italy-tourist-information.com\/wp-content\/uploads\/2024\/09\/Catacombs-of-San-Gennaro-Guided-Tour-3.avif&quot;,&quot;height&quot;:1600,&quot;width&quot;:1600,&quot;orientation&quot;:&quot;landscape&quot;},&quot;1536x1536&quot;:{&quot;url&quot;:&quot;https:\/\/italy-tourist-information.com\/wp-content\/uploads\/2024\/09\/Catacombs-of-San-Gennaro-Guided-Tour-3-1536x1536.avif&quot;,&quot;height&quot;:1536,&quot;width&quot;:1536,&quot;orientation&quot;:&quot;landscape&quot;}}\"><\/span><span><img decoding=\"async\" alt=\"\" data-id=\"7199\" width=\"1600\" height=\"1600\" title=\"Katakomben von San Gennaro \u2013 F\u00fchrung 4\" src=\"https:\/\/italy-tourist-information.com\/wp-content\/uploads\/2024\/09\/Catacombs-of-San-Gennaro-Guided-Tour-4-1024x1024.avif\" data-src=\"https:\/\/italy-tourist-information.com\/wp-content\/uploads\/2024\/09\/Catacombs-of-San-Gennaro-Guided-Tour-4-300x300.avif\" loading=\"lazy\" data-sizes=\"{&quot;thumbnail&quot;:{&quot;url&quot;:&quot;https:\/\/italy-tourist-information.com\/wp-content\/uploads\/2024\/09\/Catacombs-of-San-Gennaro-Guided-Tour-4-150x150.avif&quot;,&quot;height&quot;:150,&quot;width&quot;:150,&quot;orientation&quot;:&quot;landscape&quot;},&quot;medium&quot;:{&quot;url&quot;:&quot;https:\/\/italy-tourist-information.com\/wp-content\/uploads\/2024\/09\/Catacombs-of-San-Gennaro-Guided-Tour-4-300x300.avif&quot;,&quot;height&quot;:300,&quot;width&quot;:300,&quot;orientation&quot;:&quot;landscape&quot;},&quot;large&quot;:{&quot;url&quot;:&quot;https:\/\/italy-tourist-information.com\/wp-content\/uploads\/2024\/09\/Catacombs-of-San-Gennaro-Guided-Tour-4-1024x1024.avif&quot;,&quot;height&quot;:1024,&quot;width&quot;:1024,&quot;orientation&quot;:&quot;landscape&quot;},&quot;full&quot;:{&quot;url&quot;:&quot;https:\/\/italy-tourist-information.com\/wp-content\/uploads\/2024\/09\/Catacombs-of-San-Gennaro-Guided-Tour-4.avif&quot;,&quot;height&quot;:1600,&quot;width&quot;:1600,&quot;orientation&quot;:&quot;landscape&quot;},&quot;1536x1536&quot;:{&quot;url&quot;:&quot;https:\/\/italy-tourist-information.com\/wp-content\/uploads\/2024\/09\/Catacombs-of-San-Gennaro-Guided-Tour-4-1536x1536.avif&quot;,&quot;height&quot;:1536,&quot;width&quot;:1536,&quot;orientation&quot;:&quot;landscape&quot;}}\"><\/span><\/p>\n<h1 dir=\"ltr\">Katakomben von San Gennaro in Neapel: F\u00fchrung<\/h1>\n<h2><a href=\"https:\/\/www.tiqets.com\/de\/neapel-sehenswuerdigkeiten-c71720\/tickets-fur-katakomben-von-san-gennaro-fuhrung-p975186\/?partner=italytouristinformation&amp;tq_campaign=ITIDeNapoliCatacombsSP\" target=\"_blank\" rel=\"nofollow noopener\" style=\"outline: none;\">Zur Buchung<\/a><\/h2>\n<p style=\"\"><a href=\"https:\/\/www.tiqets.com\/de\/neapel-sehenswuerdigkeiten-c71720\/tickets-fur-katakomben-von-san-gennaro-fuhrung-p975186\/?partner=italytouristinformation&amp;tq_campaign=ITIDeNapoliCatacombsSP\" target=\"_blank\" rel=\"nofollow noopener\" style=\"outline: none;\">Preis ab<\/a><\/p>\n<h1><a href=\"https:\/\/www.tiqets.com\/de\/neapel-sehenswuerdigkeiten-c71720\/tickets-fur-katakomben-von-san-gennaro-fuhrung-p975186\/?partner=italytouristinformation&amp;tq_campaign=ITIDeNapoliCatacombsSP\" target=\"_blank\" rel=\"nofollow noopener\" style=\"outline: none;\" spellcheck=\"false\">13,00 \u20ac<\/a><\/h1>\n<p dir=\"ltr\">Entdecken Sie die faszinierende Geschichte Neapels bei einer Erkundung der <strong>antiken Katakomben von San Gennaro.<\/strong> Diese F\u00fchrung f\u00fchrt Sie durch jahrhundertealte Gr\u00e4ber und offenbart die letzte Ruhest\u00e4tte von Heiligen und Adligen. Begeben Sie sich auf eine Zeitreise und erkunden Sie eine der faszinierendsten unterirdischen St\u00e4tten Italiens.<\/p>\n<ul>\n<li style=\"\"><span>Handverlesenes Ticket&nbsp;<\/span><\/li>\n<li style=\"\"><span>Dauer 50 Minuten.<\/span><\/li>\n<li style=\"\"><span>Live-Guide (Englisch oder Italienisch)<\/span><\/li>\n<li style=\"\"><span>Kostenlose Stornierung<\/span><\/li>\n<\/ul>\n<h2>Inbegriffen<\/h2>\n<ul>\n<li style=\"\">                    <span>Gef\u00fchrte Tour durch die Katakomben und die Basilika San Gennaro<\/span><\/li>\n<li style=\"\">                    <span>Zugang zu den Katakomben von San Gaudioso und der Basilika Santa Maria della Sanit\u00e0 (g\u00fcltig f\u00fcr 12 Monate).<\/span><\/li>\n<\/ul>\n<h2>Nicht inbegriffen<\/h2>\n<ul>\n<li style=\"\"><span>Transport zum\/vom Treffpunkt<\/span><\/li>\n<\/ul>\n<h2>Wichtige Informationen<\/h2>\n<ul>\n<li style=\"\"><span>Aufgrund unebener Oberfl\u00e4chen werden bequeme Schuhe empfohlen.<\/span><\/li>\n<li style=\"\"><span><strong>Dauer<\/strong>: 50 Minuten.<\/span><\/li>\n<li style=\"\"><span><strong>Maximale Gruppengr\u00f6\u00dfe:<\/strong> 30 G\u00e4ste&nbsp;<\/span><\/li>\n<li><span>Das Fotografieren mit Blitzlicht ist in den Katakomben nicht gestattet.<\/span><\/li>\n<li><span>Kinder unter 6 Jahren haben freien Eintritt.<\/span><\/li>\n<\/ul>\n<h2>Beschreibung:<\/h2>\n<p dir=\"ltr\">Tauchen Sie ein in eine <strong>Welt <\/strong><strong>unter den pulsierenden Stra\u00dfen Neapels<\/strong> und erkunden Sie die <strong>heiligen Katakomben<\/strong>, die die Gebeine verehrter Heiliger und Adliger Italiens beherbergen. Diese eindrucksvolle Tour bietet einen einzigartigen Einblick in die Entwicklung christlicher Bestattungstraditionen, mit wundersch\u00f6n&nbsp;<strong>erhaltenen Fresken und hohen Gew\u00f6lbedecken.<\/strong><\/p>\n<h2>Highlights:<\/h2>\n<ul>\n<li dir=\"ltr\">Begeben Sie sich auf eine Reise durch die Geschichte und entdecken Sie jahrhundertealte Katakomben, die bis ins 2. Jahrhundert n. Chr. Chr. zur\u00fcckreichen.<\/li>\n<li dir=\"ltr\">Erfahren Sie faszinierende Geschichten \u00fcber die Heiligen und Adelsfamilien, die hier begraben liegen.<\/li>\n<li dir=\"ltr\">Bewundern Sie die hohen Gew\u00f6lbedecken und die sorgf\u00e4ltig restaurierten Fresken.<\/li>\n<li dir=\"ltr\">Ihr Ticket beinhaltet den Eintritt zu den Katakomben von San Gaudioso und der Basilika Santa Maria della Sanit\u00e0.<\/li>\n<li dir=\"ltr\">Gewinnen Sie Einblicke in das reiche spirituelle und kulturelle Erbe Neapels.<\/li>\n<\/ul>\n<h2>Katakomben von San Gennaro<\/h2>\n<p dir=\"ltr\">Via Capodimonte, 13, 80136 Napoli NA, Italien<\/p>\n<h2>Stornierungsbedingungen<\/h2>\n<p>Kostenlose Stornierung und Umbuchung sind bis zu 24 Stunden vor Ihrem geplanten Besuch m\u00f6glich.<\/p>\n<h2>Treffpunkt &amp; Anweisungen<\/h2>\n<p dir=\"ltr\">Bitte tauschen Sie Ihren Smartphone-Gutschein am Ticketschalter gegen ein Papierticket ein. Seien Sie p\u00fcnktlich, damit Sie Ihren gew\u00e4hlten Zeitabschnitt nicht verpassen.<\/p>\n<p><a href=\"https:\/\/www.google.com\/maps\/search\/?api=1&amp;query=Via%20Capodimonte%2C%2013%2080100%20Naples\" target=\"_blank\" rel=\"nofollow noopener\" style=\"outline: none;\" data-lt-tmp-id=\"lt-332764\" spellcheck=\"false\">In Karten \u00f6ffnen<\/a><\/p>\n<h2>Bewertungen<\/h2>\n<p><strong>4,7\/5&nbsp; <\/strong><strong>(1663 Bewertungen)<\/strong><\/p>\n<p dir=\"ltr\"><em>\u201eWir hatten eine fantastische Tour und haben viel \u00fcber die Geschichte der Katakomben, die Geschichte dieses Stadtteils und die Rolle des Tourismus im Leben der jungen Leute hier gelernt. Sehr empfehlenswert.\u201c<\/em> Irina, Neuseeland, September 2024 <a href=\"https:\/\/www.tiqets.com\/de\/neapel-sehenswuerdigkeiten-c71720\/tickets-fur-katakomben-von-san-gennaro-fuhrung-p975186\/?partner=italytouristinformation&amp;tq_campaign=ITIDeNapoliCatacombsSP\" target=\"_blank\" rel=\"nofollow noopener\" spellcheck=\"false\" style=\"outline: none;\">&gt;&gt; Weitere Bewertungen ansehen \u2026<\/a><\/p>\n<p><span># <\/span><strong><span>2<\/span><\/strong><span># <\/span><strong><span>2<\/span><\/strong><\/p>\n<p><\/p>\n<h2><a href=\"https:\/\/www.tiqets.com\/de\/neapel-sehenswuerdigkeiten-c71720\/tickets-fur-katakomben-von-san-gennaro-fuhrung-p975186\/?partner=italytouristinformation&amp;tq_campaign=ITIDeNapoliCatacombsSP\" target=\"_blank\" rel=\"nofollow noopener\" style=\"outline: none;\">Zur Buchung<\/a><\/h2>\n<p style=\"\"><a href=\"https:\/\/www.tiqets.com\/de\/neapel-sehenswuerdigkeiten-c71720\/tickets-fur-katakomben-von-san-gennaro-fuhrung-p975186\/?partner=italytouristinformation&amp;tq_campaign=ITIDeNapoliCatacombsSP\" target=\"_blank\" rel=\"nofollow noopener\" style=\"outline: none;\">Preis ab<\/a><\/p>\n<h1><a href=\"https:\/\/www.tiqets.com\/de\/neapel-sehenswuerdigkeiten-c71720\/tickets-fur-katakomben-von-san-gennaro-fuhrung-p975186\/?partner=italytouristinformation&amp;tq_campaign=ITIDeNapoliCatacombsSP\" target=\"_blank\" rel=\"nofollow noopener\" style=\"outline: none;\"><strong>13,00 \u20ac<\/strong><\/a><\/h1>\n<p style=\"\">Ihr Konto wird noch nicht belastet<\/p>\n","protected":false},"excerpt":{"rendered":"<p>Katakomben von San Gennaro in Neapel: F\u00fchrung Zur Buchung Preis ab 13,00 \u20ac Entdecken Sie die faszinierende Geschichte Neapels bei einer Erkundung der antiken Katakomben von San Gennaro. Diese F\u00fchrung f\u00fchrt Sie durch jahrhundertealte Gr\u00e4ber und offenbart die letzte Ruhest\u00e4tte von Heiligen und Adligen. Begeben Sie sich auf eine Zeitreise und erkunden Sie eine der [&hellip;]<\/p>\n","protected":false},"author":6,"featured_media":17773,"parent":0,"menu_order":0,"comment_status":"closed","ping_status":"closed","template":"","meta":{"footnotes":"","tve_updated_post":"","tve_custom_css":"","tve_user_custom_css":"","tve_globals":{},"tcb2_ready":1,"tcb_editor_enabled":1,"tve_landing_page":"bd86f3fc67210fed5b2794ad4a56d3a9","_tve_header":"17144","_tve_footer":"17145"},"categories":[141,128],"tags":[151,152,130],"class_list":["post-17772","page","type-page","status-publish","has-post-thumbnail","hentry","category-neapel","category-verkaufsseite","tag-neapel","tag-neapel-2","tag-verkaufsseite","post-wrapper","thrv_wrapper"],"_links":{"self":[{"href":"https:\/\/italy-tourist-information.com\/de\/wp-json\/wp\/v2\/pages\/17772","targetHints":{"allow":["GET"]}}],"collection":[{"href":"https:\/\/italy-tourist-information.com\/de\/wp-json\/wp\/v2\/pages"}],"about":[{"href":"https:\/\/italy-tourist-information.com\/de\/wp-json\/wp\/v2\/types\/page"}],"author":[{"embeddable":true,"href":"https:\/\/italy-tourist-information.com\/de\/wp-json\/wp\/v2\/users\/6"}],"replies":[{"embeddable":true,"href":"https:\/\/italy-tourist-information.com\/de\/wp-json\/wp\/v2\/comments?post=17772"}],"version-history":[{"count":6,"href":"https:\/\/italy-tourist-information.com\/de\/wp-json\/wp\/v2\/pages\/17772\/revisions"}],"predecessor-version":[{"id":20217,"href":"https:\/\/italy-tourist-information.com\/de\/wp-json\/wp\/v2\/pages\/17772\/revisions\/20217"}],"wp:featuredmedia":[{"embeddable":true,"href":"https:\/\/italy-tourist-information.com\/de\/wp-json\/wp\/v2\/media\/17773"}],"wp:attachment":[{"href":"https:\/\/italy-tourist-information.com\/de\/wp-json\/wp\/v2\/media?parent=17772"}],"wp:term":[{"taxonomy":"category","embeddable":true,"href":"https:\/\/italy-tourist-information.com\/de\/wp-json\/wp\/v2\/categories?post=17772"},{"taxonomy":"post_tag","embeddable":true,"href":"https:\/\/italy-tourist-information.com\/de\/wp-json\/wp\/v2\/tags?post=17772"}],"curies":[{"name":"wp","href":"https:\/\/api.w.org\/{rel}","templated":true}]}}