{"id":17779,"date":"2025-10-16T08:13:18","date_gmt":"2025-10-16T08:13:18","guid":{"rendered":"https:\/\/italy-tourist-information.com\/campania-express-tickets"},"modified":"2026-05-05T14:33:50","modified_gmt":"2026-05-05T14:33:50","slug":"campania-express-tickets","status":"publish","type":"page","link":"https:\/\/italy-tourist-information.com\/de\/campania-express-tickets","title":{"rendered":"Campania Express Tickets f\u00fcr eine einfache Fahrt: Neapel nach\/von Sorrent"},"content":{"rendered":"<p><span><img decoding=\"async\" alt=\"\" data-id=\"11849\" width=\"1600\" height=\"1000\" title=\"Einfache Fahrt mit dem Campania Express \u2013 Neapel nach\/von Sorrent (OTA5)\" src=\"https:\/\/italy-tourist-information.com\/wp-content\/uploads\/2025\/10\/One-Way-Campania-Express-Tickets-Naples-tofrom-Sorrento-ota5-1024x640.avif\" data-src=\"https:\/\/italy-tourist-information.com\/wp-content\/uploads\/2025\/10\/One-Way-Campania-Express-Tickets-Naples-tofrom-Sorrento-ota5-300x188.avif\" loading=\"lazy\" data-sizes=\"{&quot;thumbnail&quot;:{&quot;height&quot;:150,&quot;width&quot;:150,&quot;url&quot;:&quot;https:\/\/italy-tourist-information.com\/wp-content\/uploads\/2025\/10\/One-Way-Campania-Express-Tickets-Naples-tofrom-Sorrento-ota5-150x150.avif&quot;,&quot;orientation&quot;:&quot;landscape&quot;},&quot;medium&quot;:{&quot;height&quot;:188,&quot;width&quot;:300,&quot;url&quot;:&quot;https:\/\/italy-tourist-information.com\/wp-content\/uploads\/2025\/10\/One-Way-Campania-Express-Tickets-Naples-tofrom-Sorrento-ota5-300x188.avif&quot;,&quot;orientation&quot;:&quot;landscape&quot;},&quot;large&quot;:{&quot;height&quot;:640,&quot;width&quot;:1024,&quot;url&quot;:&quot;https:\/\/italy-tourist-information.com\/wp-content\/uploads\/2025\/10\/One-Way-Campania-Express-Tickets-Naples-tofrom-Sorrento-ota5-1024x640.avif&quot;,&quot;orientation&quot;:&quot;landscape&quot;},&quot;full&quot;:{&quot;url&quot;:&quot;https:\/\/italy-tourist-information.com\/wp-content\/uploads\/2025\/10\/One-Way-Campania-Express-Tickets-Naples-tofrom-Sorrento-ota5.avif&quot;,&quot;height&quot;:1000,&quot;width&quot;:1600,&quot;orientation&quot;:&quot;landscape&quot;}}\"><\/span><span><img decoding=\"async\" alt=\"\" data-id=\"11850\" width=\"1600\" height=\"1000\" title=\"Einfache Fahrt mit dem Campania Express \u2013 Neapel nach\/von Sorrent (OTA4)\" src=\"https:\/\/italy-tourist-information.com\/wp-content\/uploads\/2025\/10\/One-Way-Campania-Express-Tickets-Naples-tofrom-Sorrento-ota4-1024x640.avif\" data-src=\"https:\/\/italy-tourist-information.com\/wp-content\/uploads\/2025\/10\/One-Way-Campania-Express-Tickets-Naples-tofrom-Sorrento-ota4-300x188.avif\" loading=\"lazy\" data-sizes=\"{&quot;thumbnail&quot;:{&quot;height&quot;:150,&quot;width&quot;:150,&quot;url&quot;:&quot;https:\/\/italy-tourist-information.com\/wp-content\/uploads\/2025\/10\/One-Way-Campania-Express-Tickets-Naples-tofrom-Sorrento-ota4-150x150.avif&quot;,&quot;orientation&quot;:&quot;landscape&quot;},&quot;medium&quot;:{&quot;height&quot;:188,&quot;width&quot;:300,&quot;url&quot;:&quot;https:\/\/italy-tourist-information.com\/wp-content\/uploads\/2025\/10\/One-Way-Campania-Express-Tickets-Naples-tofrom-Sorrento-ota4-300x188.avif&quot;,&quot;orientation&quot;:&quot;landscape&quot;},&quot;large&quot;:{&quot;height&quot;:640,&quot;width&quot;:1024,&quot;url&quot;:&quot;https:\/\/italy-tourist-information.com\/wp-content\/uploads\/2025\/10\/One-Way-Campania-Express-Tickets-Naples-tofrom-Sorrento-ota4-1024x640.avif&quot;,&quot;orientation&quot;:&quot;landscape&quot;},&quot;full&quot;:{&quot;url&quot;:&quot;https:\/\/italy-tourist-information.com\/wp-content\/uploads\/2025\/10\/One-Way-Campania-Express-Tickets-Naples-tofrom-Sorrento-ota4.avif&quot;,&quot;height&quot;:1000,&quot;width&quot;:1600,&quot;orientation&quot;:&quot;landscape&quot;}}\"><\/span><span><img decoding=\"async\" alt=\"\" data-id=\"11851\" width=\"1600\" height=\"1000\" title=\"Einfache Fahrt mit dem Campania Express \u2013 Neapel nach\/von Sorrent (OTA3)\" src=\"https:\/\/italy-tourist-information.com\/wp-content\/uploads\/2025\/10\/One-Way-Campania-Express-Tickets-Naples-tofrom-Sorrento-ota3-1024x640.avif\" data-src=\"https:\/\/italy-tourist-information.com\/wp-content\/uploads\/2025\/10\/One-Way-Campania-Express-Tickets-Naples-tofrom-Sorrento-ota3-300x188.avif\" loading=\"lazy\" data-sizes=\"{&quot;thumbnail&quot;:{&quot;height&quot;:150,&quot;width&quot;:150,&quot;url&quot;:&quot;https:\/\/italy-tourist-information.com\/wp-content\/uploads\/2025\/10\/One-Way-Campania-Express-Tickets-Naples-tofrom-Sorrento-ota3-150x150.avif&quot;,&quot;orientation&quot;:&quot;landscape&quot;},&quot;medium&quot;:{&quot;height&quot;:188,&quot;width&quot;:300,&quot;url&quot;:&quot;https:\/\/italy-tourist-information.com\/wp-content\/uploads\/2025\/10\/One-Way-Campania-Express-Tickets-Naples-tofrom-Sorrento-ota3-300x188.avif&quot;,&quot;orientation&quot;:&quot;landscape&quot;},&quot;large&quot;:{&quot;height&quot;:640,&quot;width&quot;:1024,&quot;url&quot;:&quot;https:\/\/italy-tourist-information.com\/wp-content\/uploads\/2025\/10\/One-Way-Campania-Express-Tickets-Naples-tofrom-Sorrento-ota3-1024x640.avif&quot;,&quot;orientation&quot;:&quot;landscape&quot;},&quot;full&quot;:{&quot;url&quot;:&quot;https:\/\/italy-tourist-information.com\/wp-content\/uploads\/2025\/10\/One-Way-Campania-Express-Tickets-Naples-tofrom-Sorrento-ota3.avif&quot;,&quot;height&quot;:1000,&quot;width&quot;:1600,&quot;orientation&quot;:&quot;landscape&quot;}}\"><\/span><span><img decoding=\"async\" alt=\"\" data-id=\"11852\" width=\"1600\" height=\"1000\" title=\"Einfache Fahrt mit dem Campania Express \u2013 Neapel nach\/von Sorrent (OTA2)\" src=\"https:\/\/italy-tourist-information.com\/wp-content\/uploads\/2025\/10\/One-Way-Campania-Express-Tickets-Naples-tofrom-Sorrento-ota2-1024x640.avif\" data-src=\"https:\/\/italy-tourist-information.com\/wp-content\/uploads\/2025\/10\/One-Way-Campania-Express-Tickets-Naples-tofrom-Sorrento-ota2-300x188.avif\" loading=\"lazy\" data-sizes=\"{&quot;thumbnail&quot;:{&quot;height&quot;:150,&quot;width&quot;:150,&quot;url&quot;:&quot;https:\/\/italy-tourist-information.com\/wp-content\/uploads\/2025\/10\/One-Way-Campania-Express-Tickets-Naples-tofrom-Sorrento-ota2-150x150.avif&quot;,&quot;orientation&quot;:&quot;landscape&quot;},&quot;medium&quot;:{&quot;height&quot;:188,&quot;width&quot;:300,&quot;url&quot;:&quot;https:\/\/italy-tourist-information.com\/wp-content\/uploads\/2025\/10\/One-Way-Campania-Express-Tickets-Naples-tofrom-Sorrento-ota2-300x188.avif&quot;,&quot;orientation&quot;:&quot;landscape&quot;},&quot;large&quot;:{&quot;height&quot;:640,&quot;width&quot;:1024,&quot;url&quot;:&quot;https:\/\/italy-tourist-information.com\/wp-content\/uploads\/2025\/10\/One-Way-Campania-Express-Tickets-Naples-tofrom-Sorrento-ota2-1024x640.avif&quot;,&quot;orientation&quot;:&quot;landscape&quot;},&quot;full&quot;:{&quot;url&quot;:&quot;https:\/\/italy-tourist-information.com\/wp-content\/uploads\/2025\/10\/One-Way-Campania-Express-Tickets-Naples-tofrom-Sorrento-ota2.avif&quot;,&quot;height&quot;:1000,&quot;width&quot;:1600,&quot;orientation&quot;:&quot;landscape&quot;}}\"><\/span><span><img decoding=\"async\" alt=\"\" data-id=\"11853\" width=\"1302\" height=\"814\" title=\"Einfache Fahrt mit dem Campania Express \u2013 Neapel nach\/von Sorrent\" src=\"https:\/\/italy-tourist-information.com\/wp-content\/uploads\/2025\/10\/One-Way-Campania-Express-Tickets-Naples-tofrom-Sorrento-ota-1024x640.avif\" data-src=\"https:\/\/italy-tourist-information.com\/wp-content\/uploads\/2025\/10\/One-Way-Campania-Express-Tickets-Naples-tofrom-Sorrento-ota-300x188.avif\" loading=\"lazy\" data-sizes=\"{&quot;thumbnail&quot;:{&quot;height&quot;:150,&quot;width&quot;:150,&quot;url&quot;:&quot;https:\/\/italy-tourist-information.com\/wp-content\/uploads\/2025\/10\/One-Way-Campania-Express-Tickets-Naples-tofrom-Sorrento-ota-150x150.avif&quot;,&quot;orientation&quot;:&quot;landscape&quot;},&quot;medium&quot;:{&quot;height&quot;:188,&quot;width&quot;:300,&quot;url&quot;:&quot;https:\/\/italy-tourist-information.com\/wp-content\/uploads\/2025\/10\/One-Way-Campania-Express-Tickets-Naples-tofrom-Sorrento-ota-300x188.avif&quot;,&quot;orientation&quot;:&quot;landscape&quot;},&quot;large&quot;:{&quot;height&quot;:640,&quot;width&quot;:1024,&quot;url&quot;:&quot;https:\/\/italy-tourist-information.com\/wp-content\/uploads\/2025\/10\/One-Way-Campania-Express-Tickets-Naples-tofrom-Sorrento-ota-1024x640.avif&quot;,&quot;orientation&quot;:&quot;landscape&quot;},&quot;full&quot;:{&quot;url&quot;:&quot;https:\/\/italy-tourist-information.com\/wp-content\/uploads\/2025\/10\/One-Way-Campania-Express-Tickets-Naples-tofrom-Sorrento-ota.avif&quot;,&quot;height&quot;:814,&quot;width&quot;:1302,&quot;orientation&quot;:&quot;landscape&quot;}}\"><\/span><\/p>\n<h1 data-qa-marker=\"product-name\">Campania Express Tickets f\u00fcr eine einfache Fahrt: Neapel nach\/von Sorrent<\/h1>\n<h2><a href=\"https:\/\/www.headout.com\/de\/train-tickets\/campania-express-tickets-fur-eine-einfache-fahrt-neapel-nachvon-sorrent-e-24594\/?affiliate_code=KXkQ69&amp;utm_campaign=itidecampaniaticketssp&amp;utm_content=link&amp;utm_medium=affiliate&amp;utm_source=most_amazing_places\" target=\"_blank\" rel=\"nofollow noopener\" style=\"outline: none;\">Zur Buchung<\/a><\/h2>\n<h1><a href=\"https:\/\/www.headout.com\/de\/train-tickets\/campania-express-tickets-fur-eine-einfache-fahrt-neapel-nachvon-sorrent-e-24594\/?affiliate_code=KXkQ69&amp;utm_campaign=itidecampaniaticketssp&amp;utm_content=link&amp;utm_medium=affiliate&amp;utm_source=most_amazing_places\" target=\"_blank\" rel=\"nofollow noopener\" style=\"outline: none;\" spellcheck=\"false\">Ab <strong>15 \u20ac<br \/><\/strong><\/a><\/h1>\n<p data-pm-slice=\"1 1 []\">Reisen Sie komfortabel <strong>zwischen Neapel und Sorrent<\/strong> mit dem <strong>Campania Express<\/strong>! Genie\u00dfen Sie eine malerische, klimatisierte einst\u00fcndige Fahrt ohne Stau, Versp\u00e4tungen oder Stress \u2013 buchen Sie jetzt Ihre One-Way-Tickets f\u00fcr den Campania Express und sichern Sie sich die schnellste K\u00fcstenverbindung.<\/p>\n<ul>\n<li style=\"\"><span>Handverlesenes Ticket<\/span><\/li>\n<li style=\"\"><span>Mobiles Ticket<\/span><\/li>\n<li style=\"\"><span>Dauer 1:13 Std.&nbsp;<\/span><\/li>\n<li style=\"\"><span>Nicht erstattungsf\u00e4hig<\/span><\/li>\n<\/ul>\n<h2>Inbegriffen<\/h2>\n<ul>\n<li style=\"\">                    <span>Einfache Fahrt mit dem Campania Express &#8211; Neapel Porta Nolana \u2194 Bahnhof Sorrent (je nach Ticketwahl)<\/span><\/li>\n<li style=\"\">                    <span>Klimatisierte Waggons<\/span><\/li>\n<\/ul>\n<h2>Nicht inbegriffen<\/h2>\n<ul>\n<li style=\"\"><span>Hin- und R\u00fcckflugticket (nur einfache Fahrt inklusive)<\/span><\/li>\n<\/ul>\n<h2>Wichtige Informationen<\/h2>\n<ul>\n<li><span><strong>Abfahrtszeiten vom&nbsp;<\/strong><strong>Bahnhof Naples Porta Nolana<\/strong>: T\u00e4glich von 8:22 Uhr bis 17:22 Uhr; bitte \u00fcberpr\u00fcfen Sie die aktuellen Zeiten.<\/span><\/li>\n<li><span><strong>Abfahrtszeiten vom <\/strong><strong>Bahnhof Sorrento:<\/strong> T\u00e4glich <strong>&nbsp;<\/strong>von <strong>&nbsp;<\/strong>10:20 Uhr bis 19:20 Uhr; bitte \u00fcberpr\u00fcfen Sie die aktuellen Zeiten.<\/span><\/li>\n<li style=\"\"><span><strong>Dauer:<\/strong> ca. 1 Stunde 13 Minuten<\/span><\/li>\n<li style=\"\"><span><strong>Gutschein:<\/strong> Mobiles Ticket wird akzeptiert; g\u00fcltiger Lichtbildausweis erforderlich<\/span><\/li>\n<li><span><strong>Ankunft:<\/strong> Bitte finden Sie sich 15 Minuten vor Abflug ein.<\/span><\/li>\n<li><span><strong>Ausstattung:<\/strong> Klimaanlage an Bord<\/span><\/li>\n<\/ul>\n<h2>Beschreibung:<\/h2>\n<p dir=\"ltr\">Reisen Sie <strong>stressfrei zwischen Neapel und Sorrent<\/strong> mit dem Campania Express. Dieser <strong>Hochgeschwindigkeitszug wurde speziell f\u00fcr Reisende entwickelt <\/strong><strong>und<\/strong> vereint Komfort, Zuverl\u00e4ssigkeit und atemberaubende Ausblicke auf die Bucht von Neapel.&nbsp;<\/p>\n<p dir=\"ltr\"><strong>Gleiten Sie in gut einer Stunde<\/strong> an malerischen K\u00fcstenlandschaften vorbei und genie\u00dfen Sie dabei den Komfort eines klimatisierten Fahrzeugs. Ob Sie Pompeji, Capri oder die Amalfik\u00fcste erkunden m\u00f6chten \u2013 diese landschaftlich reizvolle Route verbindet Sie <strong>direkt mit dem Herzen S\u00fcditaliens:&nbsp;<\/strong>schnell, unkompliziert und perfekt abgestimmt f\u00fcr Ihre Sightseeing-Tour.<\/p>\n<h2>Highlights:<\/h2>\n<ul>\n<li dir=\"ltr\"><strong>Genie\u00dfen Sie die schnellen, einst\u00fcndigen <\/strong><strong>Zugverbindungen<\/strong> zwischen Neapel und Sorrent.<\/li>\n<li dir=\"ltr\"><strong>Vermeiden Sie unvorhersehbare Verkehrsverh\u00e4ltnisse<\/strong> und lange Fahrten entlang der K\u00fcstenstra\u00dfe.<\/li>\n<li dir=\"ltr\"><strong>Entspannen Sie sich in einem modernen,<\/strong> klimatisierten Zug.&nbsp;<\/li>\n<li dir=\"ltr\"><strong><\/strong>Genie\u00dfen Sie unterwegs <strong>die spektakul\u00e4re Aussicht auf den Vesuv und die Bucht von Neapel.<\/strong><\/li>\n<li dir=\"ltr\"><strong>Ankunft am Bahnhof Sorrento,&nbsp;<\/strong>der ideal in der N\u00e4he der wichtigsten Sehensw\u00fcrdigkeiten und F\u00e4hrverbindungen liegt.<\/li>\n<\/ul>\n<h2>Stornierungsbedingungen<\/h2>\n<p>Dieses Ticket ist nicht erstattungsf\u00e4hig und kann nicht umgebucht werden.<\/p>\n<h2>Treffpunkt &amp; Anweisungen<\/h2>\n<p dir=\"ltr\">Steigen Sie je nach Fahrkarte entweder am <strong>Bahnhof Naples Porta Nolana oder am Bahnhof Sorrento<\/strong> in den Zug ein.<\/p>\n<p dir=\"ltr\">Zeigen Sie vor dem Einsteigen Ihren mobilen Voucher und einen g\u00fcltigen Lichtbildausweis vor. Erscheinen Sie mindestens 15 Minuten vor der Abfahrt, um einen reibungslosen Ablauf beim Einsteigen zu gew\u00e4hrleisten.<\/p>\n<h2>Bewertungen<\/h2>\n<p dir=\"ltr\"><strong>Neu!<\/strong><\/p>\n<p dir=\"ltr\"><a href=\"https:\/\/www.headout.com\/de\/train-tickets\/campania-express-tickets-fur-eine-einfache-fahrt-neapel-nachvon-sorrent-e-24594\/?affiliate_code=KXkQ69&amp;utm_campaign=itidecampaniaticketssp&amp;utm_content=link&amp;utm_medium=affiliate&amp;utm_source=most_amazing_places\" spellcheck=\"false\" target=\"_blank\" rel=\"nofollow noopener\" style=\"outline: none;\">&gt;&gt; Schreiben Sie die erste Bewertung!<\/a><\/p>\n<h2>Weitere Aktivit\u00e4ten, die Ihnen gefallen k\u00f6nnten<\/h2>\n<p><span># <\/span><strong><span>2<\/span><\/strong><span># <\/span><strong><span>2<\/span><\/strong><span><img decoding=\"async\" alt=\"\" data-id=\"11855\" width=\"159\" data-init-width=\"1600\" height=\"99\" data-init-height=\"1000\" title=\"Kombi-Tickets: Herculaneum (ohne Anstehen) + Campania Express: Neapel nach\/von Herculaneum\" src=\"https:\/\/italy-tourist-information.com\/wp-content\/uploads\/2025\/10\/Combo-Herculaneum-Skip-the-Line-Tickets-Campania-Express-Naples-tofrom-Herculaneum-ota.avif\" data-width=\"159\" data-height=\"99\" style=\"aspect-ratio: auto 1600 \/ 1000;\" loading=\"lazy\"><\/span><\/p>\n<table>\n<tbody>\n<tr>\n<td><a href=\"https:\/\/www.headout.com\/de\/herculaneum-tickets\/kombi-skip-the-line-tickets-fur-herculaneum-one-way-campania-express-tickets-neapel-porta-nolana-nachvon-herculaneum-e-25708\/?affiliate_code=KXkQ69&amp;utm_campaign=itidecampaniaticketssp2&amp;utm_content=link&amp;utm_medium=affiliate&amp;utm_source=most_amazing_places\" target=\"_blank\" rel=\"nofollow noopener\" style=\"outline: none;\" spellcheck=\"false\">Kombiticket: Herculaneum-Tickets ohne Anstehen + Campania Express: Neapel nach\/von Herculaneum<\/a><\/td>\n<\/tr>\n<\/tbody>\n<\/table>\n<p data-pm-slice=\"1 1 []\">Sichern Sie sich einen stressfreien Besuch der antiken Stadt Herculaneum mit Tickets ohne Anstehen und einem bequemen Hin- und R\u00fccktransfer mit dem Campania Express ab Neapel.<\/p>\n<h3 style=\"\">Gesamtpreis<\/h3>\n<h3 style=\"\">Ihr Konto wird noch nicht belastet<\/h3>\n<p><\/p>\n<h2><a href=\"https:\/\/www.headout.com\/de\/train-tickets\/campania-express-tickets-fur-eine-einfache-fahrt-neapel-nachvon-sorrent-e-24594\/?affiliate_code=KXkQ69&amp;utm_campaign=itidecampaniaticketssp&amp;utm_content=link&amp;utm_medium=affiliate&amp;utm_source=most_amazing_places\" target=\"_blank\" rel=\"nofollow noopener\" style=\"outline: none;\">Zur Buchung<\/a><\/h2>\n<h1><a href=\"https:\/\/www.headout.com\/de\/train-tickets\/campania-express-tickets-fur-eine-einfache-fahrt-neapel-nachvon-sorrent-e-24594\/?affiliate_code=KXkQ69&amp;utm_campaign=itidecampaniaticketssp&amp;utm_content=link&amp;utm_medium=affiliate&amp;utm_source=most_amazing_places\" target=\"_blank\" rel=\"nofollow noopener\" style=\"outline: none;\" spellcheck=\"false\">Ab <strong>15 \u20ac<br \/><\/strong><\/a><\/h1>\n<p style=\"\">Ihr Konto wird noch nicht belastet<\/p>\n","protected":false},"excerpt":{"rendered":"<p>Campania Express Tickets f\u00fcr eine einfache Fahrt: Neapel nach\/von Sorrent Zur Buchung Ab 15 \u20ac Reisen Sie komfortabel zwischen Neapel und Sorrent mit dem Campania Express! Genie\u00dfen Sie eine malerische, klimatisierte einst\u00fcndige Fahrt ohne Stau, Versp\u00e4tungen oder Stress \u2013 buchen Sie jetzt Ihre One-Way-Tickets f\u00fcr den Campania Express und sichern Sie sich die schnellste K\u00fcstenverbindung. [&hellip;]<\/p>\n","protected":false},"author":6,"featured_media":17780,"parent":0,"menu_order":0,"comment_status":"closed","ping_status":"closed","template":"","meta":{"footnotes":"","tve_updated_post":"","tve_custom_css":"","tve_user_custom_css":"","tve_globals":{},"tcb2_ready":1,"tcb_editor_enabled":1,"tve_landing_page":"bd86f3fc67210fed5b2794ad4a56d3a9","_tve_header":"17144","_tve_footer":"17145"},"categories":[141,128],"tags":[151,152,130],"class_list":["post-17779","page","type-page","status-publish","has-post-thumbnail","hentry","category-neapel","category-verkaufsseite","tag-neapel","tag-neapel-2","tag-verkaufsseite","post-wrapper","thrv_wrapper"],"_links":{"self":[{"href":"https:\/\/italy-tourist-information.com\/de\/wp-json\/wp\/v2\/pages\/17779","targetHints":{"allow":["GET"]}}],"collection":[{"href":"https:\/\/italy-tourist-information.com\/de\/wp-json\/wp\/v2\/pages"}],"about":[{"href":"https:\/\/italy-tourist-information.com\/de\/wp-json\/wp\/v2\/types\/page"}],"author":[{"embeddable":true,"href":"https:\/\/italy-tourist-information.com\/de\/wp-json\/wp\/v2\/users\/6"}],"replies":[{"embeddable":true,"href":"https:\/\/italy-tourist-information.com\/de\/wp-json\/wp\/v2\/comments?post=17779"}],"version-history":[{"count":9,"href":"https:\/\/italy-tourist-information.com\/de\/wp-json\/wp\/v2\/pages\/17779\/revisions"}],"predecessor-version":[{"id":20256,"href":"https:\/\/italy-tourist-information.com\/de\/wp-json\/wp\/v2\/pages\/17779\/revisions\/20256"}],"wp:featuredmedia":[{"embeddable":true,"href":"https:\/\/italy-tourist-information.com\/de\/wp-json\/wp\/v2\/media\/17780"}],"wp:attachment":[{"href":"https:\/\/italy-tourist-information.com\/de\/wp-json\/wp\/v2\/media?parent=17779"}],"wp:term":[{"taxonomy":"category","embeddable":true,"href":"https:\/\/italy-tourist-information.com\/de\/wp-json\/wp\/v2\/categories?post=17779"},{"taxonomy":"post_tag","embeddable":true,"href":"https:\/\/italy-tourist-information.com\/de\/wp-json\/wp\/v2\/tags?post=17779"}],"curies":[{"name":"wp","href":"https:\/\/api.w.org\/{rel}","templated":true}]}}