{"id":17783,"date":"2025-04-16T10:57:29","date_gmt":"2025-04-16T10:57:29","guid":{"rendered":"https:\/\/italy-tourist-information.com\/tickets-to-palazzo-barberini"},"modified":"2026-04-20T14:35:43","modified_gmt":"2026-04-20T14:35:43","slug":"tickets-fuer-palazzo-barberini","status":"publish","type":"page","link":"https:\/\/italy-tourist-information.com\/de\/tickets-fuer-palazzo-barberini","title":{"rendered":"Tickets f\u00fcr Palazzo Barberini &amp; Galleria Corsini"},"content":{"rendered":"<p><span><img decoding=\"async\" alt=\"Eintrittskarte f\u00fcr den Palazzo Barberini und die Galleria Corsini\" data-id=\"9966\" width=\"2093\" height=\"1390\" title=\"Eintrittskarte f\u00fcr den Palazzo Barberini und die Galleria Corsini\" src=\"https:\/\/italy-tourist-information.com\/wp-content\/uploads\/2025\/04\/Palazzo-Barberini-Galleria-Corsini-Entry-Ticket1-1024x680.avif\" data-src=\"https:\/\/italy-tourist-information.com\/wp-content\/uploads\/2025\/04\/Palazzo-Barberini-Galleria-Corsini-Entry-Ticket1-300x199.avif\" loading=\"lazy\" data-sizes=\"{&quot;thumbnail&quot;:{&quot;url&quot;:&quot;https:\/\/italy-tourist-information.com\/wp-content\/uploads\/2025\/04\/Palazzo-Barberini-Galleria-Corsini-Entry-Ticket1-150x150.avif&quot;,&quot;height&quot;:150,&quot;width&quot;:150,&quot;orientation&quot;:&quot;landscape&quot;},&quot;medium&quot;:{&quot;url&quot;:&quot;https:\/\/italy-tourist-information.com\/wp-content\/uploads\/2025\/04\/Palazzo-Barberini-Galleria-Corsini-Entry-Ticket1-300x199.avif&quot;,&quot;height&quot;:199,&quot;width&quot;:300,&quot;orientation&quot;:&quot;landscape&quot;},&quot;large&quot;:{&quot;url&quot;:&quot;https:\/\/italy-tourist-information.com\/wp-content\/uploads\/2025\/04\/Palazzo-Barberini-Galleria-Corsini-Entry-Ticket1-1024x680.avif&quot;,&quot;height&quot;:680,&quot;width&quot;:1024,&quot;orientation&quot;:&quot;landscape&quot;},&quot;full&quot;:{&quot;url&quot;:&quot;https:\/\/italy-tourist-information.com\/wp-content\/uploads\/2025\/04\/Palazzo-Barberini-Galleria-Corsini-Entry-Ticket1.avif&quot;,&quot;height&quot;:1390,&quot;width&quot;:2093,&quot;orientation&quot;:&quot;landscape&quot;},&quot;1536x1536&quot;:{&quot;url&quot;:&quot;https:\/\/italy-tourist-information.com\/wp-content\/uploads\/2025\/04\/Palazzo-Barberini-Galleria-Corsini-Entry-Ticket1-1536x1020.avif&quot;,&quot;height&quot;:1020,&quot;width&quot;:1536,&quot;orientation&quot;:&quot;landscape&quot;},&quot;2048x2048&quot;:{&quot;url&quot;:&quot;https:\/\/italy-tourist-information.com\/wp-content\/uploads\/2025\/04\/Palazzo-Barberini-Galleria-Corsini-Entry-Ticket1-2048x1360.avif&quot;,&quot;height&quot;:1360,&quot;width&quot;:2048,&quot;orientation&quot;:&quot;landscape&quot;}}\"><\/span><span><img decoding=\"async\" alt=\"\" data-id=\"9967\" width=\"2086\" height=\"1390\" title=\"Eintrittskarte f\u00fcr den Palazzo Barberini und die Galleria Corsini2\" src=\"https:\/\/italy-tourist-information.com\/wp-content\/uploads\/2025\/04\/Palazzo-Barberini-Galleria-Corsini-Entry-Ticket2-1024x682.avif\" data-src=\"https:\/\/italy-tourist-information.com\/wp-content\/uploads\/2025\/04\/Palazzo-Barberini-Galleria-Corsini-Entry-Ticket2-300x200.avif\" loading=\"lazy\" data-sizes=\"{&quot;thumbnail&quot;:{&quot;url&quot;:&quot;https:\/\/italy-tourist-information.com\/wp-content\/uploads\/2025\/04\/Palazzo-Barberini-Galleria-Corsini-Entry-Ticket2-150x150.avif&quot;,&quot;height&quot;:150,&quot;width&quot;:150,&quot;orientation&quot;:&quot;landscape&quot;},&quot;medium&quot;:{&quot;url&quot;:&quot;https:\/\/italy-tourist-information.com\/wp-content\/uploads\/2025\/04\/Palazzo-Barberini-Galleria-Corsini-Entry-Ticket2-300x200.avif&quot;,&quot;height&quot;:200,&quot;width&quot;:300,&quot;orientation&quot;:&quot;landscape&quot;},&quot;large&quot;:{&quot;url&quot;:&quot;https:\/\/italy-tourist-information.com\/wp-content\/uploads\/2025\/04\/Palazzo-Barberini-Galleria-Corsini-Entry-Ticket2-1024x682.avif&quot;,&quot;height&quot;:682,&quot;width&quot;:1024,&quot;orientation&quot;:&quot;landscape&quot;},&quot;full&quot;:{&quot;url&quot;:&quot;https:\/\/italy-tourist-information.com\/wp-content\/uploads\/2025\/04\/Palazzo-Barberini-Galleria-Corsini-Entry-Ticket2.avif&quot;,&quot;height&quot;:1390,&quot;width&quot;:2086,&quot;orientation&quot;:&quot;landscape&quot;},&quot;1536x1536&quot;:{&quot;url&quot;:&quot;https:\/\/italy-tourist-information.com\/wp-content\/uploads\/2025\/04\/Palazzo-Barberini-Galleria-Corsini-Entry-Ticket2-1536x1024.avif&quot;,&quot;height&quot;:1024,&quot;width&quot;:1536,&quot;orientation&quot;:&quot;landscape&quot;},&quot;2048x2048&quot;:{&quot;url&quot;:&quot;https:\/\/italy-tourist-information.com\/wp-content\/uploads\/2025\/04\/Palazzo-Barberini-Galleria-Corsini-Entry-Ticket2-2048x1365.avif&quot;,&quot;height&quot;:1365,&quot;width&quot;:2048,&quot;orientation&quot;:&quot;landscape&quot;}}\"><\/span><span><img decoding=\"async\" alt=\"\" data-id=\"9968\" width=\"2085\" height=\"1390\" title=\"Eintrittskarte f\u00fcr den Palazzo Barberini und die Galleria Corsini3\" src=\"https:\/\/italy-tourist-information.com\/wp-content\/uploads\/2025\/04\/Palazzo-Barberini-Galleria-Corsini-Entry-Ticket3-1024x683.avif\" data-src=\"https:\/\/italy-tourist-information.com\/wp-content\/uploads\/2025\/04\/Palazzo-Barberini-Galleria-Corsini-Entry-Ticket3-300x200.avif\" loading=\"lazy\" data-sizes=\"{&quot;thumbnail&quot;:{&quot;url&quot;:&quot;https:\/\/italy-tourist-information.com\/wp-content\/uploads\/2025\/04\/Palazzo-Barberini-Galleria-Corsini-Entry-Ticket3-150x150.avif&quot;,&quot;height&quot;:150,&quot;width&quot;:150,&quot;orientation&quot;:&quot;landscape&quot;},&quot;medium&quot;:{&quot;url&quot;:&quot;https:\/\/italy-tourist-information.com\/wp-content\/uploads\/2025\/04\/Palazzo-Barberini-Galleria-Corsini-Entry-Ticket3-300x200.avif&quot;,&quot;height&quot;:200,&quot;width&quot;:300,&quot;orientation&quot;:&quot;landscape&quot;},&quot;large&quot;:{&quot;url&quot;:&quot;https:\/\/italy-tourist-information.com\/wp-content\/uploads\/2025\/04\/Palazzo-Barberini-Galleria-Corsini-Entry-Ticket3-1024x683.avif&quot;,&quot;height&quot;:683,&quot;width&quot;:1024,&quot;orientation&quot;:&quot;landscape&quot;},&quot;full&quot;:{&quot;url&quot;:&quot;https:\/\/italy-tourist-information.com\/wp-content\/uploads\/2025\/04\/Palazzo-Barberini-Galleria-Corsini-Entry-Ticket3.avif&quot;,&quot;height&quot;:1390,&quot;width&quot;:2085,&quot;orientation&quot;:&quot;landscape&quot;},&quot;1536x1536&quot;:{&quot;url&quot;:&quot;https:\/\/italy-tourist-information.com\/wp-content\/uploads\/2025\/04\/Palazzo-Barberini-Galleria-Corsini-Entry-Ticket3-1536x1024.avif&quot;,&quot;height&quot;:1024,&quot;width&quot;:1536,&quot;orientation&quot;:&quot;landscape&quot;},&quot;2048x2048&quot;:{&quot;url&quot;:&quot;https:\/\/italy-tourist-information.com\/wp-content\/uploads\/2025\/04\/Palazzo-Barberini-Galleria-Corsini-Entry-Ticket3-2048x1365.avif&quot;,&quot;height&quot;:1365,&quot;width&quot;:2048,&quot;orientation&quot;:&quot;landscape&quot;}}\"><\/span><span><img decoding=\"async\" alt=\"\" data-id=\"9969\" width=\"1540\" height=\"1390\" title=\"Eintrittskarte f\u00fcr den Palazzo Barberini und die Galleria Corsini4\" src=\"https:\/\/italy-tourist-information.com\/wp-content\/uploads\/2025\/04\/Palazzo-Barberini-Galleria-Corsini-Entry-Ticket4-1024x924.avif\" data-src=\"https:\/\/italy-tourist-information.com\/wp-content\/uploads\/2025\/04\/Palazzo-Barberini-Galleria-Corsini-Entry-Ticket4-300x271.avif\" loading=\"lazy\" data-sizes=\"{&quot;thumbnail&quot;:{&quot;url&quot;:&quot;https:\/\/italy-tourist-information.com\/wp-content\/uploads\/2025\/04\/Palazzo-Barberini-Galleria-Corsini-Entry-Ticket4-150x150.avif&quot;,&quot;height&quot;:150,&quot;width&quot;:150,&quot;orientation&quot;:&quot;landscape&quot;},&quot;medium&quot;:{&quot;url&quot;:&quot;https:\/\/italy-tourist-information.com\/wp-content\/uploads\/2025\/04\/Palazzo-Barberini-Galleria-Corsini-Entry-Ticket4-300x271.avif&quot;,&quot;height&quot;:271,&quot;width&quot;:300,&quot;orientation&quot;:&quot;landscape&quot;},&quot;large&quot;:{&quot;url&quot;:&quot;https:\/\/italy-tourist-information.com\/wp-content\/uploads\/2025\/04\/Palazzo-Barberini-Galleria-Corsini-Entry-Ticket4-1024x924.avif&quot;,&quot;height&quot;:924,&quot;width&quot;:1024,&quot;orientation&quot;:&quot;landscape&quot;},&quot;full&quot;:{&quot;url&quot;:&quot;https:\/\/italy-tourist-information.com\/wp-content\/uploads\/2025\/04\/Palazzo-Barberini-Galleria-Corsini-Entry-Ticket4.avif&quot;,&quot;height&quot;:1390,&quot;width&quot;:1540,&quot;orientation&quot;:&quot;landscape&quot;},&quot;1536x1536&quot;:{&quot;url&quot;:&quot;https:\/\/italy-tourist-information.com\/wp-content\/uploads\/2025\/04\/Palazzo-Barberini-Galleria-Corsini-Entry-Ticket4-1536x1386.avif&quot;,&quot;height&quot;:1386,&quot;width&quot;:1536,&quot;orientation&quot;:&quot;landscape&quot;}}\"><\/span><\/p>\n<h1 dir=\"ltr\">Palazzo Barberini &amp; Galleria Corsini: Eintrittskarte<\/h1>\n<h2><a href=\"https:\/\/www.tiqets.com\/de\/rom-sehenswuerdigkeiten-c71631\/tickets-fur-palazzo-barberini-galleria-corsini-eintrittskarte-p975215\/?partner=italytouristinformation&amp;tq_campaign=ITIDePalazzoBarberiniSP\" target=\"_blank\" rel=\"nofollow noopener\" style=\"outline: none;\">Zur Buchung<\/a><\/h2>\n<p style=\"\"><a href=\"https:\/\/www.tiqets.com\/de\/rom-sehenswuerdigkeiten-c71631\/tickets-fur-palazzo-barberini-galleria-corsini-eintrittskarte-p975215\/?partner=italytouristinformation&amp;tq_campaign=ITIDePalazzoBarberiniSP\" target=\"_blank\" rel=\"nofollow noopener\" style=\"outline: none;\">Preis ab<\/a><\/p>\n<h1><a href=\"https:\/\/www.tiqets.com\/de\/rom-sehenswuerdigkeiten-c71631\/tickets-fur-palazzo-barberini-galleria-corsini-eintrittskarte-p975215\/?partner=italytouristinformation&amp;tq_campaign=ITIDePalazzoBarberiniSP\" target=\"_blank\" rel=\"nofollow noopener\" style=\"outline: none;\" spellcheck=\"false\"><strong>15,00 \u20ac<\/strong><\/a><\/h1>\n<p dir=\"ltr\">Erleben Sie mit einem einzigen Ticket <strong>zwei der elegantesten Barock-Sehensw\u00fcrdigkeiten Roms.<\/strong>&nbsp;Bewundern Sie Meisterwerke von Caravaggio, Raffael und Bernini im&nbsp;<strong>Palazzo Barberini<\/strong> und erkunden Sie anschlie\u00dfend die ehemalige Residenz der K\u00f6nigin Christina von Schweden in der <strong>Galleria Corsini<\/strong>, die bemerkenswerte Skulpturen und Gem\u00e4lde der Renaissance verwaltet.<\/p>\n<ul>\n<li style=\"\"><span>Handverlesenes Ticket&nbsp;<\/span><\/li>\n<li style=\"\"><span>Sofortige Best\u00e4tigung<\/span><\/li>\n<li style=\"\"><!--! Font Awesome Free 6.7.1 by @fontawesome - https:\/\/fontawesome.com License - https:\/\/fontawesome.com\/license\/free (Icons: CC BY 4.0, Fonts: SIL OFL 1.1, Code: MIT License) Copyright 2024 Fonticons, Inc. --><span>Mobiles Ticket<\/span><\/li>\n<li style=\"\"><span>R\u00fcckerstattungsf\u00e4hige Tickets erh\u00e4ltlich<\/span><\/li>\n<\/ul>\n<h2>Inbegriffen<\/h2>\n<ul>\n<li style=\"\">                    <span>Eingang zum Palazzo Barberini<\/span><\/li>\n<li style=\"\">                    <span>Eingang zur Galleria Corsini<\/span><\/li>\n<\/ul>\n<h2>Nicht inbegriffen<\/h2>\n<ul>\n<li style=\"\"><span>F\u00fchrung<\/span><\/li>\n<li style=\"\"><span>Audioguide<\/span><\/li>\n<li style=\"\"><span>Eintritt zur Sonderausstellung Caravaggio<\/span><\/li>\n<\/ul>\n<h2>Wichtige Informationen<\/h2>\n<ul>\n<li style=\"\"><span>Die Tickets m\u00fcssen am Eingang gegen ein Papierticket eingetauscht werden.<\/span><\/li>\n<li style=\"\"><span>Der Eintritt in den Palazzo Barberini gilt f\u00fcr den n\u00e4chstm\u00f6glichen verf\u00fcgbaren Zeitschlitz.<\/span><\/li>\n<li style=\"\"><span>Der Eintritt zur Galleria Corsini ist ab Einl\u00f6sung des Tickets 20 Tage lang g\u00fcltig.<\/span><\/li>\n<li style=\"\"><span>Rollstuhlgerecht<\/span><\/li>\n<li style=\"\"><span>Gro\u00dfe Taschen und Gep\u00e4ckst\u00fccke sind nicht erlaubt; Eine kostenlose Aufbewahrungsm\u00f6glichkeit steht zur Verf\u00fcgung.<\/span><\/li>\n<li style=\"\"><span>Die Ticketkasse ist von Dienstag bis Sonntag von 10:00 bis 19:00 Uhr ge\u00f6ffnet (letzter Einlass um 18:00 Uhr).<\/span><\/li>\n<li style=\"\"><span>Erm\u00e4\u00dfigte\/kostenlose Tickets m\u00fcssen an der Kasse gegen Vorlage eines g\u00fcltigen Ausweises abgeholt werden.<\/span><\/li>\n<\/ul>\n<h2>Beschreibung:<\/h2>\n<p dir=\"ltr\">Begeben Sie sich mit einem Ticket f\u00fcr den Palazzo Barberini und die Galleria Corsini auf eine Reise in <strong>Roms k\u00fcnstlerisches Erbe<\/strong>. Entdecken Sie Deckenfresken, Papstportr\u00e4ts und ikonische Meisterwerke in einem barocken Ambiente.&nbsp;<\/p>\n<p dir=\"ltr\">Setzen Sie Ihren Besuch in <strong>der Galleria Corsini fort, einst ein k\u00f6niglicher Wohnsitz<\/strong>, der heutigen Werke von&nbsp;<strong>Rubens, Guido Reni<\/strong> und anderen Beh\u00f6rden \u2013 ein bereicherndes kulturelles Erlebnis im Herzen der Ewigen Stadt.<\/p>\n<h2>Highlights:<\/h2>\n<ul>\n<li ltr\"\"=\"\">Bewundern Sie Meisterwerke von <strong>Caravaggio, Raffael und Canaletto<\/strong> im Palazzo Barberini<\/li>\n<li ltr\"\"=\"\">Bewundern Sie <strong>Pietro da Cortonas majest\u00e4tisches Deckenfresko<\/strong> mit wirbelnden Wolken und Figuren<\/li>\n<li ltr\"\"=\"\">Entdecken Sie drei Etagen voller exquisiter <strong>Renaissance- und Barockkunst.<\/strong><\/li>\n<li ltr\"\"=\"\">Besuchen Sie <strong>die Galleria Corsini<\/strong>, einst Wohnsitz von K\u00f6nigin Christina von Schweden.<\/li>\n<li ltr\"\"=\"\">Sehen Sie sich ber\u00fchmte Werke wie <strong>Judith enthauptet Holofernes und La Fornarina an.<\/strong><\/li>\n<li ltr\"\"=\"\"><strong>Entdecken Sie eine praktische Bibliothek<\/strong> voller antiker Atlantis und Manuskripte.<\/li>\n<li>Genie\u00dfen Sie den Zugang zu <strong>zwei historischen St\u00e4tten mit nur einem Ticket.<\/strong><\/li>\n<\/ul>\n<h2>Gallerie Nazionali di Arte Antica \u2013 Palazzo Barberini<\/h2>\n<p dir=\"ltr\">Via delle Quattro Fontane, 13, 00184 Roma RM, Italien<\/p>\n<h2>Stornierungsbedingungen<\/h2>\n<p data-pm-slice=\"1 1 []\">Eine vollst\u00e4ndige R\u00fcckerstattung ist nur m\u00f6glich, <strong>wenn Sie<\/strong> beim Kauf ein erstattungsf\u00e4higes Ticket ausw\u00e4hlen und dieses bis 23:59 Uhr am Vortag Ihres Besuchs stornieren. Eine Umbuchung ist nicht m\u00f6glich.<\/p>\n<h2>Treffpunkt &amp; Anweisungen<\/h2>\n<p dir=\"ltr\">Zeigen Sie Ihren mobilen Voucher am Eingang des <strong>Palazzo <\/strong><strong>Barberini oder der Galleria Corsini vor, um ein Papierticket zu erhalten<\/strong>. Betreten Sie den Palazzo Barberini zum fr\u00fchestm\u00f6glichen Zeitpunkt. Ihr Ticket f\u00fcr die Galleria Corsini ist 20 Tage g\u00fcltig.<\/p>\n<p><a href=\"https:\/\/maps.app.goo.gl\/FVkZ1zZZZ6fSTVEx7\" data-lt-tmp-id=\"lt-320454\" spellcheck=\"false\" target=\"_blank\" rel=\"nofollow noopener\" style=\"outline: none;\">In Karten \u00f6ffnen&nbsp;<\/a><\/p>\n<h2>Bewertungen<\/h2>\n<p><strong>4,1 \/ 5&nbsp; <\/strong><strong>(880 Bewertungen)<\/strong><\/p>\n<p dir=\"ltr\">\u201eIm Barberini-Palast befinden sich einige k\u00fcnstlerische Sch\u00e4tze. Er ist wundersch\u00f6n. Leider hatten wir keine Zeit, den Corsini-Palast zu besichtigen. Die Caravaggio-Gem\u00e4lde waren ein absolutes Highlight \u2026\u201c Andrew \u2013 Vereinigtes K\u00f6nigreich, Februar 2025 <a href=\"https:\/\/www.tiqets.com\/de\/rom-sehenswuerdigkeiten-c71631\/tickets-fur-palazzo-barberini-galleria-corsini-eintrittskarte-p975215\/?partner=italytouristinformation&amp;tq_campaign=ITIDePalazzoBarberiniSP\" target=\"_blank\" rel=\"nofollow noopener\" data-lt-tmp-id=\"lt-563812\" spellcheck=\"false\" style=\"outline: none;\">&gt;&gt; Weitere Bewertungen ansehen \u2026<\/a><\/p>\n<p><span># <\/span><strong><span>2<\/span><\/strong><span># <\/span><strong><span>2<\/span><\/strong><\/p>\n<h2>Weitere Aktivit\u00e4ten, die Ihnen gefallen k\u00f6nnten<\/h2>\n<p><\/p>\n<p><span>#1<\/span><span><img decoding=\"async\" alt=\"\" data-id=\"9971\" width=\"159\" data-init-width=\"2085\" height=\"106\" data-init-height=\"1390\" title=\"Caravaggio-Ausstellung im Palazzo Barberini\" src=\"https:\/\/italy-tourist-information.com\/wp-content\/uploads\/2025\/04\/tiqets-Palazzo-Barberini-Caravaggio-Exhibition.avif\" data-width=\"159\" data-height=\"106\" style=\"aspect-ratio: auto 2085 \/ 1390;\" loading=\"lazy\"><\/span><\/p>\n<table>\n<tbody>\n<tr>\n<td>\n<table>\n<tbody>\n<tr>\n<td><strong><a href=\"https:\/\/www.tiqets.com\/de\/rome-attractions-c71631\/tickets-for-rome-caravaggio-exhibition-at-palazzo-barberini-p1110246\/?partner=italytouristinformation&amp;tq_campaign=ITIDePalazzoBarberiniSP2\" target=\"_blank\" rel=\"nofollow noopener\" style=\"outline: none;\" data-lt-tmp-id=\"lt-907947\" spellcheck=\"false\">Palazzo Barberini: Caravaggio-Ausstellung<\/a><\/strong><\/td>\n<\/tr>\n<\/tbody>\n<\/table>\n<\/td>\n<\/tr>\n<\/tbody>\n<\/table>\n<p data-pm-slice=\"1 1 []\">Tauchen Sie im Palazzo Barberini ein in die dramatische Welt Caravaggios! Entdecken Sie k\u00fchne Pinselstriche, intensive Emotionen und meisterhaftes Erz\u00e4hltalent in dieser exklusiven Ausstellung, die einen der gr\u00f6\u00dften Barockmaler Italiens feiert.<\/p>\n<h3 style=\"\">Gesamtpreis<\/h3>\n<h3 style=\"\">Ihr Konto wird noch nicht belastet<\/h3>\n<p><span><img decoding=\"async\" alt=\"\" data-id=\"9972\" width=\"159\" data-init-width=\"2087\" height=\"106\" data-init-height=\"1390\" title=\"F\u00fchrung durch den Barberini-Palast\" src=\"https:\/\/italy-tourist-information.com\/wp-content\/uploads\/2025\/04\/tiqets-Barberini-Palace-Guided-Tour.avif\" data-width=\"159\" data-height=\"106\" style=\"aspect-ratio: auto 2087 \/ 1390;\" loading=\"lazy\"><\/span><\/p>\n<table>\n<tbody>\n<tr>\n<td>\n<table>\n<tbody>\n<tr>\n<td><a href=\"https:\/\/www.tiqets.com\/de\/rome-attractions-c71631\/tickets-for-barberini-palace-guided-tour-p1112136\/?partner=italytouristinformation&amp;tq_campaign=ITIDePalazzoBarberiniSP3\" target=\"_blank\" rel=\"nofollow noopener\" style=\"outline: none;\" data-lt-tmp-id=\"lt-1660\" spellcheck=\"false\"><strong>Barberini-Palast: Gef\u00fchrte Tour<\/strong><\/a><\/td>\n<\/tr>\n<\/tbody>\n<\/table>\n<\/td>\n<\/tr>\n<\/tbody>\n<\/table>\n<p data-pm-slice=\"1 1 []\">Tauchen Sie ein in die Praxis des r\u00f6mischen Barock unter einer F\u00fchrung durch den Palazzo Barberini. Entdecken Sie die Geschichten hinter Meisterwerken von Caravaggio und Raffael, w\u00e4hrend Sie mit einem Experten an Ihrer Seite prunkvolle S\u00e4le und atemberaubende Fresken erkunden.<\/p>\n<h3 style=\"\">Gesamtpreis<\/h3>\n<h3 style=\"\">Ihr Konto wird noch nicht belastet<\/h3>\n<p><\/p>\n<h2><a href=\"https:\/\/www.tiqets.com\/de\/rom-sehenswuerdigkeiten-c71631\/tickets-fur-palazzo-barberini-galleria-corsini-eintrittskarte-p975215\/?partner=italytouristinformation&amp;tq_campaign=ITIDePalazzoBarberiniSP\" target=\"_blank\" rel=\"nofollow noopener\" style=\"outline: none;\">Zur Buchung<\/a><\/h2>\n<p style=\"\"><a href=\"https:\/\/www.tiqets.com\/de\/rom-sehenswuerdigkeiten-c71631\/tickets-fur-palazzo-barberini-galleria-corsini-eintrittskarte-p975215\/?partner=italytouristinformation&amp;tq_campaign=ITIDePalazzoBarberiniSP\" target=\"_blank\" rel=\"nofollow noopener\" style=\"outline: none;\">Preis ab<\/a><\/p>\n<h1><a href=\"https:\/\/www.tiqets.com\/de\/rom-sehenswuerdigkeiten-c71631\/tickets-fur-palazzo-barberini-galleria-corsini-eintrittskarte-p975215\/?partner=italytouristinformation&amp;tq_campaign=ITIDePalazzoBarberiniSP\" target=\"_blank\" rel=\"nofollow noopener\" style=\"outline: none;\"><strong>15,00 \u20ac<\/strong><\/a><\/h1>\n<p style=\"\">Ihr Konto wird noch nicht belastet<\/p>\n","protected":false},"excerpt":{"rendered":"<p>Palazzo Barberini &amp; Galleria Corsini: Eintrittskarte Zur Buchung Preis ab 15,00 \u20ac Erleben Sie mit einem einzigen Ticket zwei der elegantesten Barock-Sehensw\u00fcrdigkeiten Roms.&nbsp;Bewundern Sie Meisterwerke von Caravaggio, Raffael und Bernini im&nbsp;Palazzo Barberini und erkunden Sie anschlie\u00dfend die ehemalige Residenz der K\u00f6nigin Christina von Schweden in der Galleria Corsini, die bemerkenswerte Skulpturen und Gem\u00e4lde der Renaissance [&hellip;]<\/p>\n","protected":false},"author":21,"featured_media":17784,"parent":0,"menu_order":0,"comment_status":"closed","ping_status":"closed","template":"","meta":{"footnotes":""},"categories":[143,128],"tags":[155,130],"class_list":["post-17783","page","type-page","status-publish","has-post-thumbnail","hentry","category-rom","category-verkaufsseite","tag-rom","tag-verkaufsseite","post-wrapper","thrv_wrapper"],"_links":{"self":[{"href":"https:\/\/italy-tourist-information.com\/de\/wp-json\/wp\/v2\/pages\/17783","targetHints":{"allow":["GET"]}}],"collection":[{"href":"https:\/\/italy-tourist-information.com\/de\/wp-json\/wp\/v2\/pages"}],"about":[{"href":"https:\/\/italy-tourist-information.com\/de\/wp-json\/wp\/v2\/types\/page"}],"author":[{"embeddable":true,"href":"https:\/\/italy-tourist-information.com\/de\/wp-json\/wp\/v2\/users\/21"}],"replies":[{"embeddable":true,"href":"https:\/\/italy-tourist-information.com\/de\/wp-json\/wp\/v2\/comments?post=17783"}],"version-history":[{"count":7,"href":"https:\/\/italy-tourist-information.com\/de\/wp-json\/wp\/v2\/pages\/17783\/revisions"}],"predecessor-version":[{"id":19832,"href":"https:\/\/italy-tourist-information.com\/de\/wp-json\/wp\/v2\/pages\/17783\/revisions\/19832"}],"wp:featuredmedia":[{"embeddable":true,"href":"https:\/\/italy-tourist-information.com\/de\/wp-json\/wp\/v2\/media\/17784"}],"wp:attachment":[{"href":"https:\/\/italy-tourist-information.com\/de\/wp-json\/wp\/v2\/media?parent=17783"}],"wp:term":[{"taxonomy":"category","embeddable":true,"href":"https:\/\/italy-tourist-information.com\/de\/wp-json\/wp\/v2\/categories?post=17783"},{"taxonomy":"post_tag","embeddable":true,"href":"https:\/\/italy-tourist-information.com\/de\/wp-json\/wp\/v2\/tags?post=17783"}],"curies":[{"name":"wp","href":"https:\/\/api.w.org\/{rel}","templated":true}]}}