{"id":17820,"date":"2024-09-24T14:33:28","date_gmt":"2024-09-24T14:33:28","guid":{"rendered":"https:\/\/italy-tourist-information.com\/tickets-for-rome-catacombs-of-saint-callixtus"},"modified":"2026-04-15T14:32:18","modified_gmt":"2026-04-15T14:32:18","slug":"tickets-fuer-die-katakomben-des-heiligen-kallistus","status":"publish","type":"page","link":"https:\/\/italy-tourist-information.com\/de\/tickets-fuer-die-katakomben-des-heiligen-kallistus","title":{"rendered":"Tickets f\u00fcr die Katakomben des Heiligen Kallistus in Rom"},"content":{"rendered":"<p><span><img decoding=\"async\" alt=\"\" data-id=\"7673\" width=\"1600\" height=\"1600\" title=\"Katakomben des Heiligen Kallixtus \u2013 Eintrittskarte\" src=\"https:\/\/italy-tourist-information.com\/wp-content\/uploads\/2024\/09\/Catacombs-of-Saint-Callixtus-Entry-Ticket--1024x1024.avif\" data-src=\"https:\/\/italy-tourist-information.com\/wp-content\/uploads\/2024\/09\/Catacombs-of-Saint-Callixtus-Entry-Ticket--300x300.avif\" loading=\"lazy\" data-sizes=\"{&quot;thumbnail&quot;:{&quot;url&quot;:&quot;https:\/\/italy-tourist-information.com\/wp-content\/uploads\/2024\/09\/Catacombs-of-Saint-Callixtus-Entry-Ticket--150x150.avif&quot;,&quot;height&quot;:150,&quot;width&quot;:150,&quot;orientation&quot;:&quot;landscape&quot;},&quot;medium&quot;:{&quot;url&quot;:&quot;https:\/\/italy-tourist-information.com\/wp-content\/uploads\/2024\/09\/Catacombs-of-Saint-Callixtus-Entry-Ticket--300x300.avif&quot;,&quot;height&quot;:300,&quot;width&quot;:300,&quot;orientation&quot;:&quot;landscape&quot;},&quot;large&quot;:{&quot;url&quot;:&quot;https:\/\/italy-tourist-information.com\/wp-content\/uploads\/2024\/09\/Catacombs-of-Saint-Callixtus-Entry-Ticket--1024x1024.avif&quot;,&quot;height&quot;:1024,&quot;width&quot;:1024,&quot;orientation&quot;:&quot;landscape&quot;},&quot;full&quot;:{&quot;url&quot;:&quot;https:\/\/italy-tourist-information.com\/wp-content\/uploads\/2024\/09\/Catacombs-of-Saint-Callixtus-Entry-Ticket-.avif&quot;,&quot;height&quot;:1600,&quot;width&quot;:1600,&quot;orientation&quot;:&quot;landscape&quot;},&quot;1536x1536&quot;:{&quot;url&quot;:&quot;https:\/\/italy-tourist-information.com\/wp-content\/uploads\/2024\/09\/Catacombs-of-Saint-Callixtus-Entry-Ticket--1536x1536.avif&quot;,&quot;height&quot;:1536,&quot;width&quot;:1536,&quot;orientation&quot;:&quot;landscape&quot;}}\" style=\"\"><\/span><span><img decoding=\"async\" alt=\"\" data-id=\"7672\" width=\"1600\" height=\"1600\" title=\"Katakomben des Heiligen Kallixtus \u2013 Eintrittskarte 2\" src=\"https:\/\/italy-tourist-information.com\/wp-content\/uploads\/2024\/09\/Catacombs-of-Saint-Callixtus-Entry-Ticket-2-1024x1024.avif\" data-src=\"https:\/\/italy-tourist-information.com\/wp-content\/uploads\/2024\/09\/Catacombs-of-Saint-Callixtus-Entry-Ticket-2-300x300.avif\" loading=\"lazy\" data-sizes=\"{&quot;thumbnail&quot;:{&quot;url&quot;:&quot;https:\/\/italy-tourist-information.com\/wp-content\/uploads\/2024\/09\/Catacombs-of-Saint-Callixtus-Entry-Ticket-2-150x150.avif&quot;,&quot;height&quot;:150,&quot;width&quot;:150,&quot;orientation&quot;:&quot;landscape&quot;},&quot;medium&quot;:{&quot;url&quot;:&quot;https:\/\/italy-tourist-information.com\/wp-content\/uploads\/2024\/09\/Catacombs-of-Saint-Callixtus-Entry-Ticket-2-300x300.avif&quot;,&quot;height&quot;:300,&quot;width&quot;:300,&quot;orientation&quot;:&quot;landscape&quot;},&quot;large&quot;:{&quot;url&quot;:&quot;https:\/\/italy-tourist-information.com\/wp-content\/uploads\/2024\/09\/Catacombs-of-Saint-Callixtus-Entry-Ticket-2-1024x1024.avif&quot;,&quot;height&quot;:1024,&quot;width&quot;:1024,&quot;orientation&quot;:&quot;landscape&quot;},&quot;full&quot;:{&quot;url&quot;:&quot;https:\/\/italy-tourist-information.com\/wp-content\/uploads\/2024\/09\/Catacombs-of-Saint-Callixtus-Entry-Ticket-2.avif&quot;,&quot;height&quot;:1600,&quot;width&quot;:1600,&quot;orientation&quot;:&quot;landscape&quot;},&quot;1536x1536&quot;:{&quot;url&quot;:&quot;https:\/\/italy-tourist-information.com\/wp-content\/uploads\/2024\/09\/Catacombs-of-Saint-Callixtus-Entry-Ticket-2-1536x1536.avif&quot;,&quot;height&quot;:1536,&quot;width&quot;:1536,&quot;orientation&quot;:&quot;landscape&quot;}}\" style=\"\"><\/span><span><img decoding=\"async\" alt=\"\" data-id=\"7671\" width=\"1600\" height=\"1600\" title=\"Katakomben des Heiligen Kallixtus \u2013 Eintrittskarte 3\" src=\"https:\/\/italy-tourist-information.com\/wp-content\/uploads\/2024\/09\/Catacombs-of-Saint-Callixtus-Entry-Ticket-3-1024x1024.avif\" data-src=\"https:\/\/italy-tourist-information.com\/wp-content\/uploads\/2024\/09\/Catacombs-of-Saint-Callixtus-Entry-Ticket-3-300x300.avif\" loading=\"lazy\" data-sizes=\"{&quot;thumbnail&quot;:{&quot;url&quot;:&quot;https:\/\/italy-tourist-information.com\/wp-content\/uploads\/2024\/09\/Catacombs-of-Saint-Callixtus-Entry-Ticket-3-150x150.avif&quot;,&quot;height&quot;:150,&quot;width&quot;:150,&quot;orientation&quot;:&quot;landscape&quot;},&quot;medium&quot;:{&quot;url&quot;:&quot;https:\/\/italy-tourist-information.com\/wp-content\/uploads\/2024\/09\/Catacombs-of-Saint-Callixtus-Entry-Ticket-3-300x300.avif&quot;,&quot;height&quot;:300,&quot;width&quot;:300,&quot;orientation&quot;:&quot;landscape&quot;},&quot;large&quot;:{&quot;url&quot;:&quot;https:\/\/italy-tourist-information.com\/wp-content\/uploads\/2024\/09\/Catacombs-of-Saint-Callixtus-Entry-Ticket-3-1024x1024.avif&quot;,&quot;height&quot;:1024,&quot;width&quot;:1024,&quot;orientation&quot;:&quot;landscape&quot;},&quot;full&quot;:{&quot;url&quot;:&quot;https:\/\/italy-tourist-information.com\/wp-content\/uploads\/2024\/09\/Catacombs-of-Saint-Callixtus-Entry-Ticket-3.avif&quot;,&quot;height&quot;:1600,&quot;width&quot;:1600,&quot;orientation&quot;:&quot;landscape&quot;},&quot;1536x1536&quot;:{&quot;url&quot;:&quot;https:\/\/italy-tourist-information.com\/wp-content\/uploads\/2024\/09\/Catacombs-of-Saint-Callixtus-Entry-Ticket-3-1536x1536.avif&quot;,&quot;height&quot;:1536,&quot;width&quot;:1536,&quot;orientation&quot;:&quot;landscape&quot;}}\" style=\"\"><\/span><span><img decoding=\"async\" alt=\"\" data-id=\"7670\" width=\"1600\" height=\"1600\" title=\"Katakomben des Heiligen Kallixtus \u2013 Eintrittskarte 4\" src=\"https:\/\/italy-tourist-information.com\/wp-content\/uploads\/2024\/09\/Catacombs-of-Saint-Callixtus-Entry-Ticket-4-1024x1024.avif\" data-src=\"https:\/\/italy-tourist-information.com\/wp-content\/uploads\/2024\/09\/Catacombs-of-Saint-Callixtus-Entry-Ticket-4-300x300.avif\" loading=\"lazy\" data-sizes=\"{&quot;thumbnail&quot;:{&quot;url&quot;:&quot;https:\/\/italy-tourist-information.com\/wp-content\/uploads\/2024\/09\/Catacombs-of-Saint-Callixtus-Entry-Ticket-4-150x150.avif&quot;,&quot;height&quot;:150,&quot;width&quot;:150,&quot;orientation&quot;:&quot;landscape&quot;},&quot;medium&quot;:{&quot;url&quot;:&quot;https:\/\/italy-tourist-information.com\/wp-content\/uploads\/2024\/09\/Catacombs-of-Saint-Callixtus-Entry-Ticket-4-300x300.avif&quot;,&quot;height&quot;:300,&quot;width&quot;:300,&quot;orientation&quot;:&quot;landscape&quot;},&quot;large&quot;:{&quot;url&quot;:&quot;https:\/\/italy-tourist-information.com\/wp-content\/uploads\/2024\/09\/Catacombs-of-Saint-Callixtus-Entry-Ticket-4-1024x1024.avif&quot;,&quot;height&quot;:1024,&quot;width&quot;:1024,&quot;orientation&quot;:&quot;landscape&quot;},&quot;full&quot;:{&quot;url&quot;:&quot;https:\/\/italy-tourist-information.com\/wp-content\/uploads\/2024\/09\/Catacombs-of-Saint-Callixtus-Entry-Ticket-4.avif&quot;,&quot;height&quot;:1600,&quot;width&quot;:1600,&quot;orientation&quot;:&quot;landscape&quot;},&quot;1536x1536&quot;:{&quot;url&quot;:&quot;https:\/\/italy-tourist-information.com\/wp-content\/uploads\/2024\/09\/Catacombs-of-Saint-Callixtus-Entry-Ticket-4-1536x1536.avif&quot;,&quot;height&quot;:1536,&quot;width&quot;:1536,&quot;orientation&quot;:&quot;landscape&quot;}}\" style=\"\"><\/span><\/p>\n<h1>Katakomben des Heiligen Kallistus: F\u00fchrung<\/h1>\n<h2><a href=\"https:\/\/www.tiqets.com\/de\/rom-sehenswuerdigkeiten-c71631\/tickets-fur-katakomben-des-heiligen-kallistus-eintrittskarte-p1010491\/?partner=italytouristinformation&amp;tq_campaign=RomeDeCatacombsSP\" target=\"_blank\" rel=\"nofollow noopener\" style=\"outline: none;\">Zur Buchung<\/a><\/h2>\n<p style=\"\"><a href=\"https:\/\/www.tiqets.com\/de\/rom-sehenswuerdigkeiten-c71631\/tickets-fur-katakomben-des-heiligen-kallistus-eintrittskarte-p1010491\/?partner=italytouristinformation&amp;tq_campaign=RomeDeCatacombsSP\" target=\"_blank\" rel=\"nofollow noopener\" style=\"outline: none;\">Preis ab<\/a><\/p>\n<h1><a href=\"https:\/\/www.tiqets.com\/de\/rom-sehenswuerdigkeiten-c71631\/tickets-fur-katakomben-des-heiligen-kallistus-eintrittskarte-p1010491\/?partner=italytouristinformation&amp;tq_campaign=RomeDeCatacombsSP\" target=\"_blank\" rel=\"nofollow noopener\" style=\"outline: none;\" spellcheck=\"false\"><strong>15,00 \u20ac<\/strong><\/a><\/h1>\n<p dir=\"ltr\">Entdecken Sie die verborgenen Sch\u00e4tze Roms bei einer F\u00fchrung durch die Katakomben des Heiligen Kallistus. Erkunden Sie antike Krypten und erfahren Sie mehr \u00fcber die Ruhest\u00e4tte fr\u00fchchristlicher M\u00e4rtyrer und P\u00e4pste auf dieser 40-min\u00fctigen Tour \u2013 perfekt f\u00fcr Geschichtsbegeisterte.<\/p>\n<ul>\n<li style=\"\"><span>Handverlesenes Ticket&nbsp;<\/span><\/li>\n<li style=\"\"><span>Mobiles Ticket<\/span><\/li>\n<li style=\"\"><span>Dauer: 1 Stunde<\/span><\/li>\n<li style=\"\"><span>Live-Guide (Englisch, Franz\u00f6sisch, Deutsch, Italienisch, Spanisch)<\/span><\/li>\n<\/ul>\n<h2>Inbegriffen<\/h2>\n<ul>\n<li style=\"\">                    <span>Eintritt in die Katakomben des Heiligen Kallistus<\/span><\/li>\n<li style=\"\">                    <span>40-min\u00fctige F\u00fchrung unter der Leitung eines erfahrenen Reiseleiters<\/span><\/li>\n<\/ul>\n<h2>Nicht inbegriffen<\/h2>\n<ul>\n<li style=\"\"><span>Transport zum und vom Standort<\/span><\/li>\n<li style=\"\"><span>Audioguide<\/span><\/li>\n<\/ul>\n<h2>Wichtige Informationen<\/h2>\n<ul>\n<li style=\"\"><span>Diese Tour ist aufgrund der Beschaffenheit des Gel\u00e4ndes nicht f\u00fcr Personen mit eingeschr\u00e4nkter Mobilit\u00e4t geeignet.<\/span><\/li>\n<li style=\"\"><span>Das Fotografieren und Filmen innerhalb der Katakomben ist verboten.<\/span><\/li>\n<li style=\"\"><span>Rauchen ist strengstens verboten.<\/span><\/li>\n<li style=\"\"><span>Bitte finden Sie sich 15 Minuten vor Beginn Ihrer Tour am Treffpunkt ein.<\/span><\/li>\n<li style=\"\"><span>Tragen Sie bequeme Schuhe zum Gehen auf unebenen Oberfl\u00e4chen.<\/span><\/li>\n<li style=\"\"><span>Eine Umbuchung ist m\u00f6glich; Eine Stornierung ist nur m\u00f6glich, wenn Sie beim Bezahlvorgang ein erstattungsf\u00e4higes Ticket ausw\u00e4hlen.<\/span><\/li>\n<\/ul>\n<h2>Beschreibung:<\/h2>\n<p dir=\"ltr\">Begeben Sie sich auf eine Reise in die geheimnisvolle Welt unter Roms pulsierenden Stra\u00dfen und erkunden Sie die <strong>Katakomben des Heiligen Kallistus.<\/strong> <\/p>\n<p dir=\"ltr\">Diese&nbsp;<strong>F\u00fchrung<\/strong> f\u00fchrt Sie durch ein <strong>Labyrinth antiker Gr\u00e4ber,<\/strong> in dem die fr\u00fche christliche Gemeinde ihre Toten bestattete. Erleben Sie die faszinierende Geschichte und entdecken Sie die Geschichten hinter den symboltr\u00e4chtigen Reliefs bei dieser einzigartigen Erkundung der <strong>Unterwelt der Ewigen Stadt.<\/strong><\/p>\n<h2>Highlights:<\/h2>\n<ul>\n<li dir=\"ltr\">Erkunden Sie eine der bedeutendsten Katakomben Roms, die letzte Ruhest\u00e4tte fr\u00fchchristlicher M\u00e4rtyrer und P\u00e4pste.<\/li>\n<li dir=\"ltr\">Entdecken Sie die faszinierenden Geschichten hinter den alten Schnitzereien und Symbolen, die in die Steinw\u00e4nde eingraviert sind.<\/li>\n<li dir=\"ltr\">Durchwandern Sie ein Labyrinth aus antiken Krypten und Kammern und erleben Sie eine weniger bekannte Seite der r\u00f6mischen Geschichte.<\/li>\n<li dir=\"ltr\">Genie\u00dfen Sie eine informative 40-min\u00fctige F\u00fchrung, die sich perfekt f\u00fcr Geschichtsliebhaber und neugierige Reisende eignet.<\/li>\n<li dir=\"ltr\">Erfahren Sie mehr \u00fcber die faszinierende Geschichte der fr\u00fchen christlichen Gemeinde Roms und ihrer Bestattungsbr\u00e4uche.<\/li>\n<\/ul>\n<h2 data-pm-slice=\"1 1 []\">Katakomben des Heiligen Kallistus<\/h2>\n<p>Via Appia Antica, 110\/126, 00179 Roma RM, Italien<\/p>\n<h2>Stornierungsbedingungen<\/h2>\n<p><span data-sheets-root=\"1\">Tickets sind grunds\u00e4tzlich nicht erstattungsf\u00e4hig und k\u00f6nnen nicht umgebucht werden, es sei denn, Sie w\u00e4hlen beim Bezahlvorgang ein erstattungsf\u00e4higes Ticket aus.<\/span><\/p>\n<h2>Treffpunkt &amp; Anweisungen<\/h2>\n<p>Zeigen Sie Ihren Smartphone-Gutschein am Ticketschalter der Katakomben des Heiligen Kallistus vor. Von dort werden Sie zu Ihrem Guide weitergeleitet. Bitte warten Sie 15 Minuten vor Ihrer gebuchten Zeit, damit Ihre Tour reibungslos beginnen kann.<\/p>\n<p><a href=\"https:\/\/www.google.com\/maps\/place\/Calixtus+-+Katakombe\/@41.8589433,12.5081294,17z\/data=!4m15!1m8!3m7!1s0x13258a0c54457a97:0x60366d8702c4c6e1!2sCalixtus+-+Katakombe!8m2!3d41.8589433!4d12.5107043!10e8!16s%2Fm%2F063yt95!3m5!1s0x13258a0c54457a97:0x60366d8702c4c6e1!8m2!3d41.8589433!4d12.5107043!16s%2Fm%2F063yt95?entry=ttu&amp;g_ep=EgoyMDI0MDkxOC4xIKXMDSoASAFQAw%3D%3D\" target=\"_blank\" rel=\"nofollow noopener\" data-lt-tmp-id=\"lt-210497\" spellcheck=\"false\" style=\"outline: none;\">In Karten \u00f6ffnen<\/a><\/p>\n<h2>Bewertungen<\/h2>\n<p><strong>4,5\/5&nbsp; <\/strong><strong>(1472 Bewertungen)<\/strong><\/p>\n<p dir=\"ltr\"><em>\u201eEin absolut beeindruckendes Erlebnis. Diese Katakomben sind die sch\u00f6nsten in Rom und bequem mit dem Bus 118 zu erreichen. Der franz\u00f6sische Reisef\u00fchrer ist erstklassig. Ein absolutes Muss!\u201c<\/em> Caroline, September 2024 <a href=\"https:\/\/www.tiqets.com\/de\/rom-sehenswuerdigkeiten-c71631\/tickets-fur-katakomben-des-heiligen-kallistus-eintrittskarte-p1010491\/?partner=italytouristinformation&amp;tq_campaign=RomeDeCatacombsSP\" target=\"_blank\" rel=\"nofollow noopener\" spellcheck=\"false\" style=\"outline: none;\">&gt;&gt; Weitere Bewertungen ansehen \u2026<\/a><em>&nbsp;<\/em><\/p>\n<p><span># <\/span><strong><span>2<\/span><\/strong><span># <\/span><strong><span>2<\/span><\/strong><\/p>\n<p><\/p>\n<h2><a href=\"https:\/\/www.tiqets.com\/de\/rom-sehenswuerdigkeiten-c71631\/tickets-fur-katakomben-des-heiligen-kallistus-eintrittskarte-p1010491\/?partner=italytouristinformation&amp;tq_campaign=RomeDeCatacombsSP\" target=\"_blank\" rel=\"nofollow noopener\">Zur Buchung<\/a><\/h2>\n<p style=\"\"><a href=\"https:\/\/www.tiqets.com\/de\/rom-sehenswuerdigkeiten-c71631\/tickets-fur-katakomben-des-heiligen-kallistus-eintrittskarte-p1010491\/?partner=italytouristinformation&amp;tq_campaign=RomeDeCatacombsSP\" target=\"_blank\" rel=\"nofollow noopener\" style=\"outline: none;\">Preis ab<\/a><\/p>\n<h1><a href=\"https:\/\/www.tiqets.com\/de\/rom-sehenswuerdigkeiten-c71631\/tickets-fur-katakomben-des-heiligen-kallistus-eintrittskarte-p1010491\/?partner=italytouristinformation&amp;tq_campaign=RomeDeCatacombsSP\" target=\"_blank\" rel=\"nofollow noopener\" style=\"outline: none;\"><strong>15,00 \u20ac<\/strong><\/a><\/h1>\n<p style=\"\">Ihr Konto wird noch nicht belastet.<\/p>\n","protected":false},"excerpt":{"rendered":"<p>Katakomben des Heiligen Kallistus: F\u00fchrung Zur Buchung Preis ab 15,00 \u20ac Entdecken Sie die verborgenen Sch\u00e4tze Roms bei einer F\u00fchrung durch die Katakomben des Heiligen Kallistus. Erkunden Sie antike Krypten und erfahren Sie mehr \u00fcber die Ruhest\u00e4tte fr\u00fchchristlicher M\u00e4rtyrer und P\u00e4pste auf dieser 40-min\u00fctigen Tour \u2013 perfekt f\u00fcr Geschichtsbegeisterte. Handverlesenes Ticket&nbsp; Mobiles Ticket Dauer: 1 [&hellip;]<\/p>\n","protected":false},"author":6,"featured_media":17821,"parent":0,"menu_order":0,"comment_status":"closed","ping_status":"closed","template":"","meta":{"footnotes":""},"categories":[143,128],"tags":[155,130],"class_list":["post-17820","page","type-page","status-publish","has-post-thumbnail","hentry","category-rom","category-verkaufsseite","tag-rom","tag-verkaufsseite","post-wrapper","thrv_wrapper"],"_links":{"self":[{"href":"https:\/\/italy-tourist-information.com\/de\/wp-json\/wp\/v2\/pages\/17820","targetHints":{"allow":["GET"]}}],"collection":[{"href":"https:\/\/italy-tourist-information.com\/de\/wp-json\/wp\/v2\/pages"}],"about":[{"href":"https:\/\/italy-tourist-information.com\/de\/wp-json\/wp\/v2\/types\/page"}],"author":[{"embeddable":true,"href":"https:\/\/italy-tourist-information.com\/de\/wp-json\/wp\/v2\/users\/6"}],"replies":[{"embeddable":true,"href":"https:\/\/italy-tourist-information.com\/de\/wp-json\/wp\/v2\/comments?post=17820"}],"version-history":[{"count":9,"href":"https:\/\/italy-tourist-information.com\/de\/wp-json\/wp\/v2\/pages\/17820\/revisions"}],"predecessor-version":[{"id":19433,"href":"https:\/\/italy-tourist-information.com\/de\/wp-json\/wp\/v2\/pages\/17820\/revisions\/19433"}],"wp:featuredmedia":[{"embeddable":true,"href":"https:\/\/italy-tourist-information.com\/de\/wp-json\/wp\/v2\/media\/17821"}],"wp:attachment":[{"href":"https:\/\/italy-tourist-information.com\/de\/wp-json\/wp\/v2\/media?parent=17820"}],"wp:term":[{"taxonomy":"category","embeddable":true,"href":"https:\/\/italy-tourist-information.com\/de\/wp-json\/wp\/v2\/categories?post=17820"},{"taxonomy":"post_tag","embeddable":true,"href":"https:\/\/italy-tourist-information.com\/de\/wp-json\/wp\/v2\/tags?post=17820"}],"curies":[{"name":"wp","href":"https:\/\/api.w.org\/{rel}","templated":true}]}}