{"id":17827,"date":"2025-04-21T14:47:15","date_gmt":"2025-04-21T14:47:15","guid":{"rendered":"https:\/\/italy-tourist-information.com\/rome-leonardo-da-vinci-experience-ticket"},"modified":"2026-04-20T14:50:54","modified_gmt":"2026-04-20T14:50:54","slug":"rom-museo-leonardo-da-vinci-tickets","status":"publish","type":"page","link":"https:\/\/italy-tourist-information.com\/de\/rom-museo-leonardo-da-vinci-tickets","title":{"rendered":"Rom: Museo Leonardo da Vinci Tickets"},"content":{"rendered":"<p><span><img decoding=\"async\" alt=\"\" data-id=\"10151\" width=\"960\" height=\"640\" title=\"Rom - Eintrittskarte f\u00fcr die Leonardo Da Vinci Experience\" src=\"https:\/\/italy-tourist-information.com\/wp-content\/uploads\/2025\/04\/Rome-Leonardo-Da-Vinci-Experience-Entry-Ticket-ota.jpg\" data-src=\"https:\/\/italy-tourist-information.com\/wp-content\/uploads\/2025\/04\/Rome-Leonardo-Da-Vinci-Experience-Entry-Ticket-ota-300x200.jpg\" loading=\"lazy\" data-sizes=\"{&quot;thumbnail&quot;:{&quot;url&quot;:&quot;https:\/\/italy-tourist-information.com\/wp-content\/uploads\/2025\/04\/Rome-Leonardo-Da-Vinci-Experience-Entry-Ticket-ota-150x150.jpg&quot;,&quot;height&quot;:150,&quot;width&quot;:150,&quot;orientation&quot;:&quot;landscape&quot;},&quot;medium&quot;:{&quot;url&quot;:&quot;https:\/\/italy-tourist-information.com\/wp-content\/uploads\/2025\/04\/Rome-Leonardo-Da-Vinci-Experience-Entry-Ticket-ota-300x200.jpg&quot;,&quot;height&quot;:200,&quot;width&quot;:300,&quot;orientation&quot;:&quot;landscape&quot;},&quot;full&quot;:{&quot;url&quot;:&quot;https:\/\/italy-tourist-information.com\/wp-content\/uploads\/2025\/04\/Rome-Leonardo-Da-Vinci-Experience-Entry-Ticket-ota.jpg&quot;,&quot;height&quot;:640,&quot;width&quot;:960,&quot;orientation&quot;:&quot;landscape&quot;}}\"><\/span><span><img decoding=\"async\" alt=\"\" data-id=\"10150\" width=\"960\" height=\"640\" title=\"Rom \u2013 Eintrittskarte f\u00fcr die Leonardo Da Vinci Experience (OTA2)\" src=\"https:\/\/italy-tourist-information.com\/wp-content\/uploads\/2025\/04\/Rome-Leonardo-Da-Vinci-Experience-Entry-Ticket-ota2.jpg\" data-src=\"https:\/\/italy-tourist-information.com\/wp-content\/uploads\/2025\/04\/Rome-Leonardo-Da-Vinci-Experience-Entry-Ticket-ota2-300x200.jpg\" loading=\"lazy\" data-sizes=\"{&quot;thumbnail&quot;:{&quot;url&quot;:&quot;https:\/\/italy-tourist-information.com\/wp-content\/uploads\/2025\/04\/Rome-Leonardo-Da-Vinci-Experience-Entry-Ticket-ota2-150x150.jpg&quot;,&quot;height&quot;:150,&quot;width&quot;:150,&quot;orientation&quot;:&quot;landscape&quot;},&quot;medium&quot;:{&quot;url&quot;:&quot;https:\/\/italy-tourist-information.com\/wp-content\/uploads\/2025\/04\/Rome-Leonardo-Da-Vinci-Experience-Entry-Ticket-ota2-300x200.jpg&quot;,&quot;height&quot;:200,&quot;width&quot;:300,&quot;orientation&quot;:&quot;landscape&quot;},&quot;full&quot;:{&quot;url&quot;:&quot;https:\/\/italy-tourist-information.com\/wp-content\/uploads\/2025\/04\/Rome-Leonardo-Da-Vinci-Experience-Entry-Ticket-ota2.jpg&quot;,&quot;height&quot;:640,&quot;width&quot;:960,&quot;orientation&quot;:&quot;landscape&quot;}}\"><\/span><span><img decoding=\"async\" alt=\"\" data-id=\"10149\" width=\"960\" height=\"640\" title=\"Rom \u2013 Eintrittskarte f\u00fcr das Leonardo Da Vinci-Erlebnis ota3\" src=\"https:\/\/italy-tourist-information.com\/wp-content\/uploads\/2025\/04\/Rome-Leonardo-Da-Vinci-Experience-Entry-Ticket-ota3.jpg\" data-src=\"https:\/\/italy-tourist-information.com\/wp-content\/uploads\/2025\/04\/Rome-Leonardo-Da-Vinci-Experience-Entry-Ticket-ota3-300x200.jpg\" loading=\"lazy\" data-sizes=\"{&quot;thumbnail&quot;:{&quot;url&quot;:&quot;https:\/\/italy-tourist-information.com\/wp-content\/uploads\/2025\/04\/Rome-Leonardo-Da-Vinci-Experience-Entry-Ticket-ota3-150x150.jpg&quot;,&quot;height&quot;:150,&quot;width&quot;:150,&quot;orientation&quot;:&quot;landscape&quot;},&quot;medium&quot;:{&quot;url&quot;:&quot;https:\/\/italy-tourist-information.com\/wp-content\/uploads\/2025\/04\/Rome-Leonardo-Da-Vinci-Experience-Entry-Ticket-ota3-300x200.jpg&quot;,&quot;height&quot;:200,&quot;width&quot;:300,&quot;orientation&quot;:&quot;landscape&quot;},&quot;full&quot;:{&quot;url&quot;:&quot;https:\/\/italy-tourist-information.com\/wp-content\/uploads\/2025\/04\/Rome-Leonardo-Da-Vinci-Experience-Entry-Ticket-ota3.jpg&quot;,&quot;height&quot;:640,&quot;width&quot;:960,&quot;orientation&quot;:&quot;landscape&quot;}}\"><\/span><span><img decoding=\"async\" alt=\"\" data-id=\"10148\" width=\"960\" height=\"627\" title=\"Rom \u2013 Eintrittskarte f\u00fcr die Leonardo Da Vinci Experience (ota4)\" src=\"https:\/\/italy-tourist-information.com\/wp-content\/uploads\/2025\/04\/Rome-Leonardo-Da-Vinci-Experience-Entry-Ticket-ota4.jpg\" data-src=\"https:\/\/italy-tourist-information.com\/wp-content\/uploads\/2025\/04\/Rome-Leonardo-Da-Vinci-Experience-Entry-Ticket-ota4-300x196.jpg\" loading=\"lazy\" data-sizes=\"{&quot;thumbnail&quot;:{&quot;url&quot;:&quot;https:\/\/italy-tourist-information.com\/wp-content\/uploads\/2025\/04\/Rome-Leonardo-Da-Vinci-Experience-Entry-Ticket-ota4-150x150.jpg&quot;,&quot;height&quot;:150,&quot;width&quot;:150,&quot;orientation&quot;:&quot;landscape&quot;},&quot;medium&quot;:{&quot;url&quot;:&quot;https:\/\/italy-tourist-information.com\/wp-content\/uploads\/2025\/04\/Rome-Leonardo-Da-Vinci-Experience-Entry-Ticket-ota4-300x196.jpg&quot;,&quot;height&quot;:196,&quot;width&quot;:300,&quot;orientation&quot;:&quot;landscape&quot;},&quot;full&quot;:{&quot;url&quot;:&quot;https:\/\/italy-tourist-information.com\/wp-content\/uploads\/2025\/04\/Rome-Leonardo-Da-Vinci-Experience-Entry-Ticket-ota4.jpg&quot;,&quot;height&quot;:627,&quot;width&quot;:960,&quot;orientation&quot;:&quot;landscape&quot;}}\"><\/span><span><img decoding=\"async\" alt=\"\" data-id=\"10147\" width=\"960\" height=\"640\" title=\"Rom \u2013 Eintrittskarte f\u00fcr die Leonardo Da Vinci Experience (OTA5)\" src=\"https:\/\/italy-tourist-information.com\/wp-content\/uploads\/2025\/04\/Rome-Leonardo-Da-Vinci-Experience-Entry-Ticket-ota5.jpg\" data-src=\"https:\/\/italy-tourist-information.com\/wp-content\/uploads\/2025\/04\/Rome-Leonardo-Da-Vinci-Experience-Entry-Ticket-ota5-300x200.jpg\" loading=\"lazy\" data-sizes=\"{&quot;thumbnail&quot;:{&quot;url&quot;:&quot;https:\/\/italy-tourist-information.com\/wp-content\/uploads\/2025\/04\/Rome-Leonardo-Da-Vinci-Experience-Entry-Ticket-ota5-150x150.jpg&quot;,&quot;height&quot;:150,&quot;width&quot;:150,&quot;orientation&quot;:&quot;landscape&quot;},&quot;medium&quot;:{&quot;url&quot;:&quot;https:\/\/italy-tourist-information.com\/wp-content\/uploads\/2025\/04\/Rome-Leonardo-Da-Vinci-Experience-Entry-Ticket-ota5-300x200.jpg&quot;,&quot;height&quot;:200,&quot;width&quot;:300,&quot;orientation&quot;:&quot;landscape&quot;},&quot;full&quot;:{&quot;url&quot;:&quot;https:\/\/italy-tourist-information.com\/wp-content\/uploads\/2025\/04\/Rome-Leonardo-Da-Vinci-Experience-Entry-Ticket-ota5.jpg&quot;,&quot;height&quot;:640,&quot;width&quot;:960,&quot;orientation&quot;:&quot;landscape&quot;}}\"><\/span><\/p>\n<h1 data-qa-marker=\"product-name\">Museo Leonardo Da Vinci Tickets<\/h1>\n<h2><a href=\"https:\/\/www.headout.com\/de\/museo-leonardo-da-vinci-rom-tickets\/museo-leonardo-da-vinci-tickets-e-11526\/?affiliate_code=KXkQ69&amp;utm_campaign=itiromdeleonardoexperiencesp&amp;utm_content=link&amp;utm_medium=affiliate&amp;utm_source=most_amazing_places\" target=\"_blank\" rel=\"nofollow noopener\" style=\"outline: none;\">Zur Buchung<\/a><\/h2>\n<p style=\"\"><a href=\"https:\/\/www.headout.com\/de\/museo-leonardo-da-vinci-rom-tickets\/museo-leonardo-da-vinci-tickets-e-11526\/?affiliate_code=KXkQ69&amp;utm_campaign=itiromdeleonardoexperiencesp&amp;utm_content=link&amp;utm_medium=affiliate&amp;utm_source=most_amazing_places\" target=\"_blank\" rel=\"nofollow noopener\" style=\"outline: none;\">Preis ab<\/a><\/p>\n<h1><a href=\"https:\/\/www.headout.com\/de\/museo-leonardo-da-vinci-rom-tickets\/museo-leonardo-da-vinci-tickets-e-11526\/?affiliate_code=KXkQ69&amp;utm_campaign=itiromdeleonardoexperiencesp&amp;utm_content=link&amp;utm_medium=affiliate&amp;utm_source=most_amazing_places\" target=\"_blank\" rel=\"nofollow noopener\" style=\"outline: none;\" spellcheck=\"false\"><strong>18,00 \u20ac<\/strong><\/a><\/h1>\n<p data-end=\"395\" data-start=\"169\">Mit Ihren Museo&nbsp;<strong data-end=\"227\" data-start=\"176\">Leonardo da Vinci Tickets<\/strong> erhalten Sie Zugang zu f\u00fcnf immersiven Ausstellungshallen in der N\u00e4he des Vatikans, in denen da Vincis revolution\u00e4rste Erfindungen, ikonische Kunstreproduktionen und interaktive Ausstellungsst\u00fccke pr\u00e4sentiert werden.<\/p>\n<ul>\n<li style=\"\"><span>Handverlesenes Ticket&nbsp;<\/span><\/li>\n<li style=\"\"><span>G\u00fcltig f\u00fcr 1 Tag<\/span><\/li>\n<li style=\"\"><!--! Font Awesome Free 6.7.1 by @fontawesome - https:\/\/fontawesome.com License - https:\/\/fontawesome.com\/license\/free (Icons: CC BY 4.0, Fonts: SIL OFL 1.1, Code: MIT License) Copyright 2024 Fonticons, Inc. --><span>Audioguide enthalten<\/span><\/li>\n<li style=\"\"><span>Kostenlose Stornierung<\/span><\/li>\n<\/ul>\n<h2>Inbegriffen<\/h2>\n<ul>\n<li style=\"\">                    <span>Eintrittskarte f\u00fcr das Leonardo da Vinci Erlebnismuseum<\/span><\/li>\n<li style=\"\">                    <span>Audioguide&nbsp;<\/span><\/li>\n<li style=\"\">                    <span>Klimatisierte Ausstellungsr\u00e4ume<\/span><\/li>\n<li style=\"\">                    <span>Zugang zu Toiletten<\/span><\/li>\n<\/ul>\n<h2>Nicht inbegriffen<\/h2>\n<ul>\n<li style=\"\"><span>F\u00fchrung<\/span><\/li>\n<\/ul>\n<h2>Wichtige Informationen<\/h2>\n<ul>\n<li style=\"\"><span>F\u00fcr die Nutzung des Audioguides werden Kopfh\u00f6rer ben\u00f6tigt.<\/span><\/li>\n<li style=\"\"><span>Geeignet f\u00fcr alle Altersgruppen und vollst\u00e4ndig barrierefrei<\/span><\/li>\n<li style=\"\"><span>Nur 150 Meter vom Petersplatz entfernt<\/span><\/li>\n<\/ul>\n<h2>Beschreibung:<\/h2>\n<p dir=\"ltr\">Entdecken Sie <strong>das Genie Leonardo da Vincis<\/strong> in dieser interaktiven Ausstellung, die seinen au\u00dfergew\u00f6hnlichen Geist zum Leben erweckt. Durchwandern Sie f\u00fcnf Themenhallen <strong>mit 50 originalgetreuen Modellen<\/strong> seiner bahnbrechenden Erfindungen \u2013 von Flugmaschinen bis hin zu Milit\u00e4rtechnik.<\/p>\n<p dir=\"ltr\">Erkunden Sie den geheimnisvollen <strong>Spiegelsaal<\/strong> und bewundern Sie hochwertige <strong>Reproduktionen von<\/strong> Meisterwerken <strong>wie<\/strong> \u201eDas letzte Abendmahl\u201c und \u201eDame mit dem Hermelin\u201c. Es ist eine faszinierende Reise durch Kunst, Wissenschaft und Fantasie \u2013 perfekt gelegen im Herzen Roms, unweit des Vatikans.<\/p>\n<h2>Highlights:<\/h2>\n<p ltr\"\"=\"\">\n<ul>\n<li dir=\"ltr\">Interagieren Sie mit <strong>50 lebensgro\u00dfen Erfindungen,<\/strong> die auf den Originalentw\u00fcrfen von da Vinci basieren.<\/li>\n<li dir=\"ltr\">Sehen Sie eine lebensgro\u00dfe Nachbildung des <strong>Letzten Abendmahls<\/strong><\/li>\n<li dir=\"ltr\">Durchschreiten Sie den <strong>Spiegelsaal und<\/strong> entdecken Sie Licht und Fotografie.<\/li>\n<li dir=\"ltr\">Entdecken Sie <strong>Flugmaschinen,<\/strong> Roboter und solarbetriebene Innovationen.<\/li>\n<li dir=\"ltr\">Bewundern Sie <strong>20 zertifizierte Kunstreproduktionen<\/strong>, darunter die Felsgrottenmadonna und die Dame mit dem Hermelin.<\/li>\n<li dir=\"ltr\">Erfahren Sie, wie da Vincis Ideen <strong>die moderne Wissenschaft<\/strong>, Architektur und Ingenieurskunst gepr\u00e4gt haben.<\/li>\n<\/ul>\n<h2>Museum Leonardo Da Vinci Experience<\/h2>\n<p dir=\"ltr\">Via della Conciliazione, 19, 00193 Roma RM, Italien<\/p>\n<h2>Stornierungsbedingungen<\/h2>\n<p dir=\"ltr\">Eine kostenlose Stornierung ist bis zu 24 Stunden vor Ihrem geplanten Besuch m\u00f6glich und Sie erhalten eine volle R\u00fcckerstattung.<\/p>\n<h2>Treffpunkt &amp; Anweisungen<\/h2>\n<p dir=\"ltr\">Besuchen Sie das Leonardo da Vinci Experience Museum in der Via della Conciliazione 19 in Rom \u2013 nur 150 Meter vom Petersplatz entfernt.<\/p>\n<p><a href=\"https:\/\/www.google.com\/maps?q=@41.902137756347656,12.46158218383789\" data-lt-tmp-id=\"lt-320454\" spellcheck=\"false\" target=\"_blank\" rel=\"nofollow noopener\" style=\"outline: currentcolor;\">In Karten \u00f6ffnen&nbsp;<\/a><\/p>\n<h2>Bewertungen<\/h2>\n<p><strong>4,3 \/ 5&nbsp; <\/strong><strong>(886 Bewertungen)<\/strong><\/p>\n<p dir=\"ltr\"><em>\u201e<\/em>Ein wunderbares Erlebnis mit sehr gut pr\u00e4sentierten Ausstellungsst\u00fccken. Ich war angenehm \u00fcberrascht von den vielen unbekannten Erfindungen und Gem\u00e4lden von Leonardo da Vinci.&#8220; <a href=\"https:\/\/www.headout.com\/de\/museo-leonardo-da-vinci-rom-tickets\/museo-leonardo-da-vinci-tickets-e-11526\/?affiliate_code=KXkQ69&amp;utm_campaign=itiromdeleonardoexperiencesp&amp;utm_content=link&amp;utm_medium=affiliate&amp;utm_source=most_amazing_places\" target=\"_blank\" rel=\"nofollow noopener\">&gt;&gt;Weitere Bewertungen.<\/a><\/p>\n<p><span># <\/span><strong><span>2<\/span><\/strong><span># <\/span><strong><span>2<\/span><\/strong><\/p>\n<h2>Weitere Aktivit\u00e4ten, die Ihnen gefallen k\u00f6nnten<\/h2>\n<p><\/p>\n<p><span>#1<\/span><span><img decoding=\"async\" alt=\"\" data-id=\"10144\" width=\"159\" data-init-width=\"2114\" height=\"117\" data-init-height=\"1556\" title=\"Engelsburg \u2013 Audioguide-App + Leonardo da Vinci-Erlebnis ota\" src=\"https:\/\/italy-tourist-information.com\/wp-content\/uploads\/2025\/04\/Castel-SantAngelo-Audio-Guide-App-Leonardo-da-Vinci-Experience-ota.avif\" data-width=\"159\" data-height=\"117\" style=\"aspect-ratio: auto 2114 \/ 1556;\" loading=\"lazy\"><\/span><\/p>\n<table>\n<tbody>\n<tr>\n<td>\n<table>\n<tbody>\n<tr>\n<td><strong><a href=\"https:\/\/www.tiqets.com\/de\/castel-sant-angelo-audio-guide-app-leonardo-da-vinci-experience-b337\/?partner=italytouristinformation&amp;tq_campaign=ITIDeRomeLeonardoSP2\" target=\"_blank\" rel=\"nofollow noopener\" style=\"outline: none;\" data-lt-tmp-id=\"lt-567110\" spellcheck=\"false\">Engelsburg: Audioguide-App + Leonardo da Vinci-Erlebnis<\/a><\/strong><\/td>\n<\/tr>\n<\/tbody>\n<\/table>\n<\/td>\n<\/tr>\n<\/tbody>\n<\/table>\n<p data-pm-slice=\"1 1 []\">Sichern Sie sich mit diesem Kombi-Angebot kr\u00e4ftigen Rabatt und erhalten Sie Zugang zur Engelsburg und zur Leonardo da Vinci Experience \u2013 alles zu einem unschlagbaren Preis! Verpassen Sie nicht dieses einmalige Angebot, um Geschichte und Innovation gemeinsam zu entdecken.<\/p>\n<h3 style=\"\">Gesamtpreis<\/h3>\n<h3>Ihr Konto wird noch nicht belastet<\/h3>\n<p><span><img decoding=\"async\" alt=\"\" data-id=\"10124\" width=\"159\" data-init-width=\"2335\" height=\"106\" data-init-height=\"1556\" title=\"Roma Pass \u2013 72 Stunden Zugang zu \u00f6ffentlichen Verkehrsmitteln + Eintritt zu 1 oder 2 Attraktionen\" src=\"https:\/\/italy-tourist-information.com\/wp-content\/uploads\/2025\/04\/Roma-Pass-72-Hr-Public-Transport-Access-Entry-to-1-or-2-Attractions-ota.avif\" data-width=\"159\" data-height=\"106\" style=\"aspect-ratio: auto 2335 \/ 1556;\" loading=\"lazy\"><\/span><\/p>\n<table>\n<tbody>\n<tr>\n<td>\n<table>\n<tbody>\n<tr>\n<td><a href=\"https:\/\/www.tiqets.com\/de\/rome-attractions-c71631\/tickets-for-roma-pass-p974091\/?partner=italytouristinformation&amp;tq_campaign=ITIDeRomeLeonardoSP3\" target=\"_blank\" rel=\"nofollow noopener\" style=\"outline: none;\" spellcheck=\"false\">Roma Pass: 72 Stunden Nutzung des \u00f6ffentlichen Nahverkehrs + Eintritt zu 1 oder 2 Sehensw\u00fcrdigkeiten<\/a><\/td>\n<\/tr>\n<\/tbody>\n<\/table>\n<\/td>\n<\/tr>\n<\/tbody>\n<\/table>\n<p data-pm-slice=\"1 1 []\">Erleben Sie Rom m\u00fchelos mit dem Roma Pass 72-Stunden-Ticket, das Ihnen unbegrenzten Zugang zu den \u00f6ffentlichen Verkehrsmitteln und freien Eintritt zu Ihren ersten ein oder zwei Top-Attraktionen bietet.&nbsp;<\/p>\n<h3 style=\"\">Gesamtpreis<\/h3>\n<h3 style=\"\">Ihr Konto wird noch nicht belastet<\/h3>\n<p><\/p>\n<h2><a href=\"https:\/\/www.headout.com\/de\/museo-leonardo-da-vinci-rom-tickets\/museo-leonardo-da-vinci-tickets-e-11526\/?affiliate_code=KXkQ69&amp;utm_campaign=itiromdeleonardoexperiencesp&amp;utm_content=link&amp;utm_medium=affiliate&amp;utm_source=most_amazing_places\" target=\"_blank\" rel=\"nofollow noopener\" style=\"outline: none;\">Zur Buchung<\/a><\/h2>\n<p style=\"\"><a href=\"https:\/\/www.headout.com\/de\/museo-leonardo-da-vinci-rom-tickets\/museo-leonardo-da-vinci-tickets-e-11526\/?affiliate_code=KXkQ69&amp;utm_campaign=itiromdeleonardoexperiencesp&amp;utm_content=link&amp;utm_medium=affiliate&amp;utm_source=most_amazing_places\" target=\"_blank\" rel=\"nofollow noopener\" style=\"outline: none;\">Preis ab<\/a><\/p>\n<h1><a href=\"https:\/\/www.headout.com\/de\/museo-leonardo-da-vinci-rom-tickets\/museo-leonardo-da-vinci-tickets-e-11526\/?affiliate_code=KXkQ69&amp;utm_campaign=itiromdeleonardoexperiencesp&amp;utm_content=link&amp;utm_medium=affiliate&amp;utm_source=most_amazing_places\" target=\"_blank\" rel=\"nofollow noopener\" style=\"outline: none;\"><strong>18,00 \u20ac<\/strong><\/a><\/h1>\n<h3>Ihr Konto wird noch nicht belastet<\/h3>\n","protected":false},"excerpt":{"rendered":"<p>Museo Leonardo Da Vinci Tickets Zur Buchung Preis ab 18,00 \u20ac Mit Ihren Museo&nbsp;Leonardo da Vinci Tickets erhalten Sie Zugang zu f\u00fcnf immersiven Ausstellungshallen in der N\u00e4he des Vatikans, in denen da Vincis revolution\u00e4rste Erfindungen, ikonische Kunstreproduktionen und interaktive Ausstellungsst\u00fccke pr\u00e4sentiert werden. Handverlesenes Ticket&nbsp; G\u00fcltig f\u00fcr 1 Tag Audioguide enthalten Kostenlose Stornierung Inbegriffen Eintrittskarte f\u00fcr [&hellip;]<\/p>\n","protected":false},"author":6,"featured_media":17828,"parent":0,"menu_order":0,"comment_status":"closed","ping_status":"closed","template":"","meta":{"footnotes":""},"categories":[143,128],"tags":[155,130],"class_list":["post-17827","page","type-page","status-publish","has-post-thumbnail","hentry","category-rom","category-verkaufsseite","tag-rom","tag-verkaufsseite","post-wrapper","thrv_wrapper"],"_links":{"self":[{"href":"https:\/\/italy-tourist-information.com\/de\/wp-json\/wp\/v2\/pages\/17827","targetHints":{"allow":["GET"]}}],"collection":[{"href":"https:\/\/italy-tourist-information.com\/de\/wp-json\/wp\/v2\/pages"}],"about":[{"href":"https:\/\/italy-tourist-information.com\/de\/wp-json\/wp\/v2\/types\/page"}],"author":[{"embeddable":true,"href":"https:\/\/italy-tourist-information.com\/de\/wp-json\/wp\/v2\/users\/6"}],"replies":[{"embeddable":true,"href":"https:\/\/italy-tourist-information.com\/de\/wp-json\/wp\/v2\/comments?post=17827"}],"version-history":[{"count":7,"href":"https:\/\/italy-tourist-information.com\/de\/wp-json\/wp\/v2\/pages\/17827\/revisions"}],"predecessor-version":[{"id":19844,"href":"https:\/\/italy-tourist-information.com\/de\/wp-json\/wp\/v2\/pages\/17827\/revisions\/19844"}],"wp:featuredmedia":[{"embeddable":true,"href":"https:\/\/italy-tourist-information.com\/de\/wp-json\/wp\/v2\/media\/17828"}],"wp:attachment":[{"href":"https:\/\/italy-tourist-information.com\/de\/wp-json\/wp\/v2\/media?parent=17827"}],"wp:term":[{"taxonomy":"category","embeddable":true,"href":"https:\/\/italy-tourist-information.com\/de\/wp-json\/wp\/v2\/categories?post=17827"},{"taxonomy":"post_tag","embeddable":true,"href":"https:\/\/italy-tourist-information.com\/de\/wp-json\/wp\/v2\/tags?post=17827"}],"curies":[{"name":"wp","href":"https:\/\/api.w.org\/{rel}","templated":true}]}}