{"id":17837,"date":"2024-09-16T14:49:48","date_gmt":"2024-09-16T14:49:48","guid":{"rendered":"https:\/\/italy-tourist-information.com\/rome-pantheon-fast-track-ticket"},"modified":"2026-04-15T14:17:12","modified_gmt":"2026-04-15T14:17:12","slug":"tickets-fuer-pantheon-rom","status":"publish","type":"page","link":"https:\/\/italy-tourist-information.com\/de\/tickets-fuer-pantheon-rom","title":{"rendered":"Tickets f\u00fcr Pantheon in Rom"},"content":{"rendered":"<p><span><img decoding=\"async\" alt=\"\" data-id=\"6664\" width=\"1200\" height=\"750\" title=\"Fast-Track-Tickets f\u00fcr das Pantheon in Rom\" src=\"https:\/\/italy-tourist-information.com\/wp-content\/uploads\/2024\/09\/Rome-Pantheon-Fast-Track-Tickets--1024x640.avif\" data-src=\"https:\/\/italy-tourist-information.com\/wp-content\/uploads\/2024\/09\/Rome-Pantheon-Fast-Track-Tickets--300x188.avif\" loading=\"lazy\" data-sizes=\"{&quot;thumbnail&quot;:{&quot;url&quot;:&quot;https:\/\/italy-tourist-information.com\/wp-content\/uploads\/2024\/09\/Rome-Pantheon-Fast-Track-Tickets--150x150.avif&quot;,&quot;height&quot;:150,&quot;width&quot;:150,&quot;orientation&quot;:&quot;landscape&quot;},&quot;medium&quot;:{&quot;url&quot;:&quot;https:\/\/italy-tourist-information.com\/wp-content\/uploads\/2024\/09\/Rome-Pantheon-Fast-Track-Tickets--300x188.avif&quot;,&quot;height&quot;:188,&quot;width&quot;:300,&quot;orientation&quot;:&quot;landscape&quot;},&quot;large&quot;:{&quot;url&quot;:&quot;https:\/\/italy-tourist-information.com\/wp-content\/uploads\/2024\/09\/Rome-Pantheon-Fast-Track-Tickets--1024x640.avif&quot;,&quot;height&quot;:640,&quot;width&quot;:1024,&quot;orientation&quot;:&quot;landscape&quot;},&quot;full&quot;:{&quot;url&quot;:&quot;https:\/\/italy-tourist-information.com\/wp-content\/uploads\/2024\/09\/Rome-Pantheon-Fast-Track-Tickets-.avif&quot;,&quot;height&quot;:750,&quot;width&quot;:1200,&quot;orientation&quot;:&quot;landscape&quot;}}\"><\/span><span><img decoding=\"async\" alt=\"\" data-id=\"6663\" width=\"1200\" height=\"750\" title=\"Fast-Track-Tickets f\u00fcr das Pantheon in Rom 2\" src=\"https:\/\/italy-tourist-information.com\/wp-content\/uploads\/2024\/09\/Rome-Pantheon-Fast-Track-Tickets-2-1024x640.avif\" data-src=\"https:\/\/italy-tourist-information.com\/wp-content\/uploads\/2024\/09\/Rome-Pantheon-Fast-Track-Tickets-2-300x188.avif\" loading=\"lazy\" data-sizes=\"{&quot;thumbnail&quot;:{&quot;url&quot;:&quot;https:\/\/italy-tourist-information.com\/wp-content\/uploads\/2024\/09\/Rome-Pantheon-Fast-Track-Tickets-2-150x150.avif&quot;,&quot;height&quot;:150,&quot;width&quot;:150,&quot;orientation&quot;:&quot;landscape&quot;},&quot;medium&quot;:{&quot;url&quot;:&quot;https:\/\/italy-tourist-information.com\/wp-content\/uploads\/2024\/09\/Rome-Pantheon-Fast-Track-Tickets-2-300x188.avif&quot;,&quot;height&quot;:188,&quot;width&quot;:300,&quot;orientation&quot;:&quot;landscape&quot;},&quot;large&quot;:{&quot;url&quot;:&quot;https:\/\/italy-tourist-information.com\/wp-content\/uploads\/2024\/09\/Rome-Pantheon-Fast-Track-Tickets-2-1024x640.avif&quot;,&quot;height&quot;:640,&quot;width&quot;:1024,&quot;orientation&quot;:&quot;landscape&quot;},&quot;full&quot;:{&quot;url&quot;:&quot;https:\/\/italy-tourist-information.com\/wp-content\/uploads\/2024\/09\/Rome-Pantheon-Fast-Track-Tickets-2.avif&quot;,&quot;height&quot;:750,&quot;width&quot;:1200,&quot;orientation&quot;:&quot;landscape&quot;}}\"><\/span><span><img decoding=\"async\" alt=\"\" data-id=\"6662\" width=\"1200\" height=\"750\" title=\"Fast-Track-Tickets f\u00fcr das Pantheon in Rom 3\" src=\"https:\/\/italy-tourist-information.com\/wp-content\/uploads\/2024\/09\/Rome-Pantheon-Fast-Track-Tickets-3-1024x640.avif\" data-src=\"https:\/\/italy-tourist-information.com\/wp-content\/uploads\/2024\/09\/Rome-Pantheon-Fast-Track-Tickets-3-300x188.avif\" loading=\"lazy\" data-sizes=\"{&quot;thumbnail&quot;:{&quot;url&quot;:&quot;https:\/\/italy-tourist-information.com\/wp-content\/uploads\/2024\/09\/Rome-Pantheon-Fast-Track-Tickets-3-150x150.avif&quot;,&quot;height&quot;:150,&quot;width&quot;:150,&quot;orientation&quot;:&quot;landscape&quot;},&quot;medium&quot;:{&quot;url&quot;:&quot;https:\/\/italy-tourist-information.com\/wp-content\/uploads\/2024\/09\/Rome-Pantheon-Fast-Track-Tickets-3-300x188.avif&quot;,&quot;height&quot;:188,&quot;width&quot;:300,&quot;orientation&quot;:&quot;landscape&quot;},&quot;large&quot;:{&quot;url&quot;:&quot;https:\/\/italy-tourist-information.com\/wp-content\/uploads\/2024\/09\/Rome-Pantheon-Fast-Track-Tickets-3-1024x640.avif&quot;,&quot;height&quot;:640,&quot;width&quot;:1024,&quot;orientation&quot;:&quot;landscape&quot;},&quot;full&quot;:{&quot;url&quot;:&quot;https:\/\/italy-tourist-information.com\/wp-content\/uploads\/2024\/09\/Rome-Pantheon-Fast-Track-Tickets-3.avif&quot;,&quot;height&quot;:750,&quot;width&quot;:1200,&quot;orientation&quot;:&quot;landscape&quot;}}\"><\/span><span><img decoding=\"async\" alt=\"\" data-id=\"6661\" width=\"1200\" height=\"750\" title=\"Fast-Track-Tickets f\u00fcr das Pantheon in Rom 4\" src=\"https:\/\/italy-tourist-information.com\/wp-content\/uploads\/2024\/09\/Rome-Pantheon-Fast-Track-Tickets-4-1024x640.avif\" data-src=\"https:\/\/italy-tourist-information.com\/wp-content\/uploads\/2024\/09\/Rome-Pantheon-Fast-Track-Tickets-4-300x188.avif\" loading=\"lazy\" data-sizes=\"{&quot;thumbnail&quot;:{&quot;url&quot;:&quot;https:\/\/italy-tourist-information.com\/wp-content\/uploads\/2024\/09\/Rome-Pantheon-Fast-Track-Tickets-4-150x150.avif&quot;,&quot;height&quot;:150,&quot;width&quot;:150,&quot;orientation&quot;:&quot;landscape&quot;},&quot;medium&quot;:{&quot;url&quot;:&quot;https:\/\/italy-tourist-information.com\/wp-content\/uploads\/2024\/09\/Rome-Pantheon-Fast-Track-Tickets-4-300x188.avif&quot;,&quot;height&quot;:188,&quot;width&quot;:300,&quot;orientation&quot;:&quot;landscape&quot;},&quot;large&quot;:{&quot;url&quot;:&quot;https:\/\/italy-tourist-information.com\/wp-content\/uploads\/2024\/09\/Rome-Pantheon-Fast-Track-Tickets-4-1024x640.avif&quot;,&quot;height&quot;:640,&quot;width&quot;:1024,&quot;orientation&quot;:&quot;landscape&quot;},&quot;full&quot;:{&quot;url&quot;:&quot;https:\/\/italy-tourist-information.com\/wp-content\/uploads\/2024\/09\/Rome-Pantheon-Fast-Track-Tickets-4.avif&quot;,&quot;height&quot;:750,&quot;width&quot;:1200,&quot;orientation&quot;:&quot;landscape&quot;}}\"><\/span><\/p>\n<h1>Fast-Track-Tickets f\u00fcr das Pantheon in Rom<\/h1>\n<h2><a href=\"https:\/\/www.headout.com\/r\/most-amazing-placesrecommends-XuZZr\/\" target=\"_blank\" rel=\"nofollow noopener\" style=\"outline: none;\">Zur Buchung<\/a><\/h2>\n<h1><a href=\"https:\/\/www.headout.com\/r\/most-amazing-placesrecommends-XuZZr\/\" target=\"_blank\" rel=\"nofollow noopener\" style=\"outline: none;\" spellcheck=\"false\"><strong>Ab 5<\/strong> \u20ac<strong><\/strong><strong><\/strong><\/a><\/h1>\n<p dir=\"ltr\">Profitieren Sie von Fast-Track-Tickets f\u00fcr eines der ber\u00fchmtesten ber\u00fchmten Roms, das Pantheon. Genie\u00dfen Sie ein reibungsloses Erlebnis bei der Erkundung dieses architektonischen Meisterwerks mit optionalem Begleitservice.<\/p>\n<ul>\n<li style=\"\"><span>Handverlesenes Ticket&nbsp;<\/span><\/li>\n<li style=\"\"><span>Schnellspur<\/span><\/li>\n<li style=\"\"><span>Sofortige Best\u00e4tigung<\/span><\/li>\n<li style=\"\"><span>Nicht erstattungsf\u00e4hig<\/span><\/li>\n<\/ul>\n<h2>Inbegriffen<\/h2>\n<ul>\n<li style=\"\">                    <span>Schneller Zugang zum Pantheon<\/span><\/li>\n<\/ul>\n<ul>\n<li style=\"\">                    <span>Gef\u00f6rderte Teilnahme (optional)<\/span><\/li>\n<\/ul>\n<h2>Nicht inbegriffen<\/h2>\n<ul>\n<li style=\"\"><span>Live-Guide<\/span><\/li>\n<\/ul>\n<h2>Wichtige Informationen<\/h2>\n<ul>\n<li style=\"\"><span>Starke Kleiderordnung: Knie, Schultern und R\u00fccken m\u00fcssen bedeckt sein.<\/span><\/li>\n<li style=\"\"><span>Bringen Sie Ihren g\u00fcltigen Ausweis zur \u00dcberpr\u00fcfung mit.<\/span><\/li>\n<li style=\"\"><span>Blitzlichtfotografie und Stative sind nicht erlaubt.<\/span><\/li>\n<li style=\"\"><span>Haustiere sind nicht erlaubt<\/span><\/li>\n<li style=\"\"><span>Der Veranstaltungsort ist barrierefrei und f\u00fcr Rollst\u00fchle und Kinderwagen geeignet.<\/span><\/li>\n<\/ul>\n<h2>Beschreibung:<\/h2>\n<p dir=\"ltr\">Entdecken Sie <strong>das Pantheon <\/strong><strong>in Rom<\/strong>, einen antiken r\u00f6mischen Tempel, der Besucher mit seiner revolution\u00e4ren Architektur und historischen Bedeutung immer wieder aufs Neue fasziniert. Dank des&nbsp;<strong>Fast-Track-Einlasses<\/strong> umgehen Sie die langen Warteschlangen und k\u00f6nnen die Sch\u00f6nheit der gewaltigen Kuppel, das kunstvolle Marmorinterieurs und die beeindruckende Atmosph\u00e4re in vollen Z\u00fcgen genie\u00dfen.<strong><\/strong><strong><\/strong><\/p>\n<h2>Highlights:<\/h2>\n<ul>\n<li dir=\"ltr\">Umgehen Sie die langen Warteschlangen und genie\u00dfen Sie den direkten Zugang zum Pantheon in Rom.<\/li>\n<li dir=\"ltr\">Entdecken Sie die atemberaubenden Marmor- und Renaissance-Details im Inneren.<\/li>\n<li dir=\"ltr\">Bewundern Sie die gewaltige Kuppel des Pantheons, ein Wunderwerk antiker Ingenieurskunst.<\/li>\n<li dir=\"ltr\">Stellen Sie sich unter das ber\u00fchmte Oculus, das einzigartige offene Oberlicht der Kuppel.<\/li>\n<\/ul>\n<h2>Pantheon<\/h2>\n<p>Piazza della Rotonda, 00186 Roma RM, Italien<\/p>\n<h2>Stornierungsbedingungen<\/h2>\n<p>Diese Tickets k\u00f6nnen weder storniert noch umgebucht werden.<\/p>\n<h2>Treffpunkt &amp; Anweisungen<\/h2>\n<p><span data-sheets-root=\"1\"><span data-sheets-root=\"1\">Bitte legen Sie am Ticketabholpunkt einen g\u00fcltigen Lichtbildausweis vor. Kommen Sie bitte 15 Minuten vor Beginn Ihres Erlebnisses an.<\/span><\/span><\/p>\n<h2>Bewertungen<\/h2>\n<p><strong>4,2\/5&nbsp; <\/strong><strong>(6,639 Bewertungen)<\/strong><\/p>\n<p>\u201eWir gingen mit unseren Tickets hinein. Alles verlief problemlos und ohne Verz\u00f6gerungen. Das Pantheon ist einfach fantastisch. Das Dach ist beeindruckend, so alt und doch so gut erhalten. Man kann sich kaum vorstellen, wie alt es wirklich ist. Auch die Dekorationen im Inneren sind beeindruckend. Nehmen Sie sich einen Moment Zeit, um die Eingangst\u00fcren zu bewundern! Die Besucher waren ruhig und respektvoll, was dazu beitrug, die besondere Atmosph\u00e4re zu bewahren.\u201c Linda, M\u00e4rz 2025<strong>&nbsp;<\/strong><\/p>\n<p><\/p>\n<p>\u201eDer Ort ist au\u00dfergew\u00f6hnlich. Und dank des Ticketkaufs \u00fcber die App mussten wir nicht in der Schlange warten, die wirklich extrem lang ist.\u201c Lourdes, September 2024 <a href=\"https:\/\/www.headout.com\/r\/most-amazing-placesrecommends-XuZZr\/\" target=\"_blank\" rel=\"nofollow noopener\" data-lt-tmp-id=\"lt-840817\" spellcheck=\"false\" style=\"outline: none;\">&gt;&gt; Weitere Bewertungen ansehen \u2026<\/a><\/p>\n<p><span># <\/span><strong><span>2<\/span><\/strong><span># <\/span><strong><span>2<\/span><\/strong><\/p>\n<p><\/p>\n<h2><a href=\"https:\/\/www.headout.com\/r\/most-amazing-placesrecommends-XuZZr\/\" target=\"_blank\" rel=\"nofollow noopener\" style=\"outline: none;\">Zur Buchung<\/a><\/h2>\n<h1><a href=\"https:\/\/www.headout.com\/r\/most-amazing-placesrecommends-XuZZr\/\" target=\"_blank\" rel=\"nofollow noopener\" style=\"outline: none;\"><strong>Ab 5<\/strong> \u20ac<strong><\/strong><\/a><\/h1>\n<p style=\"\">Ihr Konto wird noch nicht belastet.<\/p>\n","protected":false},"excerpt":{"rendered":"<p>Fast-Track-Tickets f\u00fcr das Pantheon in Rom Zur Buchung Ab 5 \u20ac Profitieren Sie von Fast-Track-Tickets f\u00fcr eines der ber\u00fchmtesten ber\u00fchmten Roms, das Pantheon. Genie\u00dfen Sie ein reibungsloses Erlebnis bei der Erkundung dieses architektonischen Meisterwerks mit optionalem Begleitservice. Handverlesenes Ticket&nbsp; Schnellspur Sofortige Best\u00e4tigung Nicht erstattungsf\u00e4hig Inbegriffen Schneller Zugang zum Pantheon Gef\u00f6rderte Teilnahme (optional) Nicht inbegriffen Live-Guide [&hellip;]<\/p>\n","protected":false},"author":6,"featured_media":17838,"parent":0,"menu_order":0,"comment_status":"closed","ping_status":"closed","template":"","meta":{"footnotes":""},"categories":[143,128],"tags":[155,130],"class_list":["post-17837","page","type-page","status-publish","has-post-thumbnail","hentry","category-rom","category-verkaufsseite","tag-rom","tag-verkaufsseite","post-wrapper","thrv_wrapper"],"_links":{"self":[{"href":"https:\/\/italy-tourist-information.com\/de\/wp-json\/wp\/v2\/pages\/17837","targetHints":{"allow":["GET"]}}],"collection":[{"href":"https:\/\/italy-tourist-information.com\/de\/wp-json\/wp\/v2\/pages"}],"about":[{"href":"https:\/\/italy-tourist-information.com\/de\/wp-json\/wp\/v2\/types\/page"}],"author":[{"embeddable":true,"href":"https:\/\/italy-tourist-information.com\/de\/wp-json\/wp\/v2\/users\/6"}],"replies":[{"embeddable":true,"href":"https:\/\/italy-tourist-information.com\/de\/wp-json\/wp\/v2\/comments?post=17837"}],"version-history":[{"count":8,"href":"https:\/\/italy-tourist-information.com\/de\/wp-json\/wp\/v2\/pages\/17837\/revisions"}],"predecessor-version":[{"id":19423,"href":"https:\/\/italy-tourist-information.com\/de\/wp-json\/wp\/v2\/pages\/17837\/revisions\/19423"}],"wp:featuredmedia":[{"embeddable":true,"href":"https:\/\/italy-tourist-information.com\/de\/wp-json\/wp\/v2\/media\/17838"}],"wp:attachment":[{"href":"https:\/\/italy-tourist-information.com\/de\/wp-json\/wp\/v2\/media?parent=17837"}],"wp:term":[{"taxonomy":"category","embeddable":true,"href":"https:\/\/italy-tourist-information.com\/de\/wp-json\/wp\/v2\/categories?post=17837"},{"taxonomy":"post_tag","embeddable":true,"href":"https:\/\/italy-tourist-information.com\/de\/wp-json\/wp\/v2\/tags?post=17837"}],"curies":[{"name":"wp","href":"https:\/\/api.w.org\/{rel}","templated":true}]}}