{"id":17860,"date":"2025-08-22T15:17:05","date_gmt":"2025-08-22T15:17:05","guid":{"rendered":"https:\/\/italy-tourist-information.com\/rome\/rome-combo-tickets"},"modified":"2026-04-20T10:14:27","modified_gmt":"2026-04-20T10:14:27","slug":"rom-kombitickets","status":"publish","type":"page","link":"https:\/\/italy-tourist-information.com\/de\/rom\/rom-kombitickets","title":{"rendered":"Rom Kombitickets im Vergleich: Die 6 besten Deals 2026"},"content":{"rendered":"<p data-pm-slice=\"1 1 []\"><span style=\"font-size: 20px !important;\">Die Planung einer Reise nach Rom kann schnell \u00fcberw\u00e4ltigend werden \u2013 besonders bei der Vielzahl an Sehensw\u00fcrdigkeiten.<\/span><\/p>\n<p dir=\"ltr\">Mit einem <strong>Kombiticket f\u00fcr Rom<\/strong>&nbsp;<strong>sparen Sie Zeit,<\/strong> vermeiden lange Warteschlangen und profitieren oft <strong>von g\u00fcnstigeren Preisen<\/strong>. Statt mehrere Tickets einzeln zu buchen, erhalten Sie Zugang zu den wichtigsten Highlights in einem Paket.<\/p>\n<p data-pm-slice=\"1 1 []\">In diesem Guide finden Sie die&nbsp;<a href=\"#t-1755866045688\" jump-animation=\"smooth\" style=\"outline: none;\"><strong>besten Rom Kombitickets<\/strong><\/a>&nbsp; \u2013 von klassischen Must-have-Kombinationen bis hin zu beliebten thematischen Optionen. Themenkombinationen.<strong>&nbsp;<\/strong><strong><\/strong><\/p>\n<p dir=\"ltr\"><strong>Mehr Inspiration:<\/strong><\/p>\n<ul>\n<li><a href=\"https:\/\/italy-tourist-information.com\/de\/rom\/sehenswuerdigkeiten\/top-10\" style=\"outline: none;\" data-lt-tmp-id=\"lt-831349\" spellcheck=\"false\">Die Top 10 Sehensw\u00fcrdigkeiten in Rom<\/a><\/li>\n<li><a href=\"https:\/\/italy-tourist-information.com\/de?page_id=17936\" style=\"outline: none;\">Empfohlene Hotels in Rom<\/a><\/li>\n<li><a href=\"https:\/\/italy-tourist-information.com\/de?page_id=18016\" style=\"outline: none;\" data-lt-tmp-id=\"lt-514757\" spellcheck=\"false\">Die 5 besten City-P\u00e4sse f\u00fcr Rom<\/a><\/li>\n<li><a href=\"https:\/\/italy-tourist-information.com\/de?page_id=17227\" style=\"outline: none;\" data-lt-tmp-id=\"lt-193279\" spellcheck=\"false\">eSIM f\u00fcr Italien<\/a><\/li>\n<li><a href=\"https:\/\/italy-tourist-information.com\/de\/rom\/sehenswuerdigkeiten\/fuer-kinder\" style=\"outline: none;\" data-lt-tmp-id=\"lt-489009\" spellcheck=\"false\">Sehensw\u00fcrdigkeiten f\u00fcr Kinder in Rom<\/a><\/li>\n<\/ul>\n<h2 data-pm-slice=\"1 1 []\" id=\"t-1776673087997\"><strong>Rom Kombitickets im Vergleich<\/strong><\/h2>\n<h2 id=\"tve-jump-198d2489551\" style=\"\">1. F\u00fcr das ultimative Rom-Erlebnis:&nbsp;Das Must-have unter den Kombitickets &#8211;&nbsp;<strong>Kolosseum + Vatikan&nbsp;<\/strong><strong>&nbsp;<\/strong><\/h2>\n<p><span><img decoding=\"async\" alt=\"Rom-Kombiticket: Kolosseum + Vatikanische Museen\" data-id=\"11591\" width=\"736\" data-init-width=\"1600\" height=\"460\" data-init-height=\"1000\" title=\"Kolosseum + Vatikanische Museen ota\" loading=\"lazy\" src=\"https:\/\/italy-tourist-information.com\/wp-content\/uploads\/2025\/08\/Colosseum-Vatican-Museums-ota.avif\" data-width=\"736\" data-height=\"460\" style=\"aspect-ratio: auto 1600 \/ 1000;\"><\/span><\/p>\n<p data-pm-slice=\"0 0 []\">Dieses Kombiticket ist ideal, wenn Sie nur wenig Zeit in Rom haben und die wichtigsten Sehensw\u00fcrdigkeiten effizient erleben m\u00f6chten.<\/p>\n<p>Besuchen Sie das Kolosseum, das Forum Romanum, den Palatin sowie die Vatikanischen Museen und die Sixtinische Kapelle \u2013 ohne separate Buchungen.<\/p>\n<ul data-end=\"1263\" data-start=\"683\">\n<li data-end=\"991\" data-start=\"683\"><strong data-end=\"718\" data-start=\"685\">Option selbstgef\u00fchrte Tour:<\/strong>&nbsp;Beinhaltet Eintrittskarten f\u00fcr das Kolosseum, das Forum Romanum, den Palatin, die Vatikanischen Museen und die Sixtinische Kapelle. <br \/>\u2192 Ideal, wenn Sie flexibel und in Ihrem eigenen Tempo unterwegs sein m\u00f6chten\ud83c\udf9f\ufe0f <a data-end=\"989\" data-start=\"859\" href=\"https:\/\/www.headout.com\/r\/most-amazing-placesrecommends-cC06J\/\" rel=\"nofollow noopener\" target=\"_blank\" style=\"outline: none;\" data-lt-tmp-id=\"lt-411263\" spellcheck=\"false\"><strong>Ticket hier kaufen:<\/strong><\/a><a data-end=\"989\" data-start=\"859\" href=\"https:\/\/www.headout.com\/de\/vatikan-tickets\/kombitickets-kolosseum-und-vatikanische-museen-e-15143\/?affiliate_code=KXkQ69&amp;utm_campaign=itideromecomboticketa&amp;utm_content=link&amp;utm_medium=affiliate&amp;utm_source=most_amazing_places\" rel=\"nofollow noopener\" target=\"_blank\" style=\"outline: none;\">&nbsp;Kombiticket: Eintritt ins Kolosseum + Vatikanische Museen<\/a><\/li>\n<li data-end=\"1263\" data-start=\"993\"><strong data-end=\"1017\" data-start=\"995\">Gef\u00fchrte Tour:&nbsp;<\/strong>&nbsp;Inklusive lizenziertem Guide, bevorzugtem Einlass und fachkundigen Erl\u00e4uterungen.\n<p data-pm-slice=\"1 1 []\">\u2192 Ideal f\u00fcr ein strukturiertes und intensiveres Erlebnis&nbsp;<\/p>\n<p>\ud83c\udf9f\ufe0f <a data-end=\"1261\" data-start=\"1150\" href=\"https:\/\/www.headout.com\/r\/most-amazing-placesrecommends-bdqYP\/\" rel=\"nofollow noopener\" target=\"_blank\" style=\"outline: none;\"><strong>Ticket hier kaufen:<\/strong><\/a><a data-end=\"1261\" data-start=\"1150\" href=\"https:\/\/www.headout.com\/de\/vatikan-tickets\/kombiticket-gefuhrte-tour-durch-das-kolosseum-vatikanischen-museen-e-15487\/?affiliate_code=KXkQ69&amp;utm_campaign=itideromecomboticketa&amp;utm_content=link&amp;utm_medium=affiliate&amp;utm_source=most_amazing_places\" rel=\"nofollow noopener\" target=\"_blank\" style=\"outline: none;\" data-lt-tmp-id=\"lt-99470\" spellcheck=\"false\">&nbsp;Kombitour: F\u00fchrung durch das Kolosseum und die Vatikanischen Museen<\/a><\/li>\n<\/ul>\n<h3 dir=\"ltr\">2. Das perfekte Kombiticket f\u00fcr Kunst &amp; Geschichte:&nbsp;<strong>Vatikanische Museen + Sixtinische Kapelle + Petersdom<\/strong><\/h3>\n<p><span><img decoding=\"async\" alt=\"\" data-id=\"11604\" width=\"736\" data-init-width=\"1600\" height=\"460\" data-init-height=\"1000\" title=\"Vatikanische Museen &amp; Sixtinische Kapelle + Kuppel des Petersdoms \u2013 F\u00fchrung\" loading=\"lazy\" src=\"https:\/\/italy-tourist-information.com\/wp-content\/uploads\/2025\/08\/Vatican-Museums-Sistine-Chapel-St.-Peters-Basilica-Dome-Guided-Tour-ota.avif\" data-width=\"736\" data-height=\"460\" style=\"aspect-ratio: auto 1600 \/ 1000;\"><\/span><\/p>\n<p data-pm-slice=\"1 1 []\">Dieses Rom Kombiticket geh\u00f6rt zu den beliebtesten Vatikan-Erlebnissen. Entdecken Sie die Vatikanischen Museen, erleben Sie die Sixtinische Kapelle und genie\u00dfen Sie eine F\u00fchrung durch den Petersdom.&nbsp;<\/p>\n<p data-pm-slice=\"1 1 []\">Mit tausenden positiven Bewertungen ist dieses Ticket ideal f\u00fcr alle, die Kunst, Geschichte und religi\u00f6se Bedeutung miteinander verbinden m\u00f6chten.<\/p>\n<ul>\n<li dir=\"ltr\">\ud83c\udf9f\ufe0f <a href=\"https:\/\/www.headout.com\/r\/most-amazing-placesrecommends-bi76Q\/\" target=\"_blank\" rel=\"nofollow noopener\" style=\"outline: none;\" data-lt-tmp-id=\"lt-192064\" spellcheck=\"false\"><strong>Details und Preise ansehen:&nbsp;<\/strong><\/a><a href=\"https:\/\/www.headout.com\/de\/vatikan-tickets\/kombiticket-petersdom-vatikanische-museen-sixtinische-kapelle-e-17798\/?affiliate_code=KXkQ69&amp;utm_campaign=itideromecomboticketa&amp;utm_content=link&amp;utm_medium=affiliate&amp;utm_source=most_amazing_places\" target=\"_blank\" rel=\"nofollow noopener\" style=\"outline: none;\" data-lt-tmp-id=\"lt-289879\" spellcheck=\"false\">Kombiticket: Vatikanische Museen &amp; Sixtinische Kapelle + gef\u00fchrte Besichtigung des Petersdoms<\/a><\/li>\n<li dir=\"ltr\"><strong data-end=\"735\" data-start=\"719\">Geheimtipp:<\/strong>&nbsp;<br \/>F\u00fcr ein ruhigeres Erlebnis empfiehlt sich eine&nbsp;<a href=\"https:\/\/www.headout.com\/de\/vatikan-tickets\/gefuhrte-tour-durch-die-vatikanischen-museen-und-die-sixtinische-kapelle-am-fruhen-morgen-e-29277\/?affiliate_code=KXkQ69&amp;utm_campaign=itideromecomboticketa&amp;utm_content=link&amp;utm_medium=affiliate&amp;utm_source=most_amazing_places\" target=\"_blank\" rel=\"nofollow noopener\" style=\"outline: none;\"><strong data-end=\"866\" data-start=\"789\">F\u00fchrung am fr\u00fchen morgen<\/strong><\/a>&nbsp;&#8211;&nbsp;so erleben Sie die Highlights vor dem gro\u00dfen Besucherandrang.&nbsp;<a href=\"https:\/\/www.headout.com\/de\/vatikan-tickets\/gefuhrte-tour-durch-die-vatikanischen-museen-und-die-sixtinische-kapelle-am-fruhen-morgen-e-29277\/?affiliate_code=KXkQ69&amp;utm_campaign=itideromecomboticketa&amp;utm_content=link&amp;utm_medium=affiliate&amp;utm_source=most_amazing_places\" target=\"_blank\" rel=\"nofollow noopener\" style=\"outline: none;\" data-lt-tmp-id=\"lt-94332\" spellcheck=\"false\">&gt;&gt; Weitere Informationen finden Sie hier.<\/a><\/li>\n<\/ul>\n<h3 dir=\"ltr\">3. F\u00fcr Geschichtsinteressierte: <strong>Engelsburg + Pantheon<\/strong><\/h3>\n<p><span><img decoding=\"async\" alt=\"\" data-id=\"11635\" width=\"736\" data-init-width=\"1600\" height=\"460\" data-init-height=\"1000\" title=\"Kombi-Tickets (5 % sparen) \u2013 Eintrittskarten f\u00fcr die Engelsburg und das Pantheon inklusive Audioguide\" loading=\"lazy\" src=\"https:\/\/italy-tourist-information.com\/wp-content\/uploads\/2025\/08\/Combo-Save-5-Castel-SantAngelo-Pantheon-Entry-Tickets-with-Audio-Guide-ota.avif\" data-width=\"736\" data-height=\"460\" style=\"aspect-ratio: auto 1600 \/ 1000;\"><\/span><\/p>\n<p data-pm-slice=\"1 1 []\">Diese Kombination verbindet z<strong>wei der faszinierendsten historischen Orte Roms.<\/strong> Erkunden Sie die <strong>Engelsburg<\/strong> mit ihren Panoramablicken und besuchen Sie anschlie\u00dfend das <strong>Pantheon<\/strong> mit bevorzugtem Einlass.<\/p>\n<p>Ideal f\u00fcr alle, die die Geschichte Roms abseits der klassischen Hauptattraktionen entdecken m\u00f6chten.<\/p>\n<ul>\n<li ltr\"\"=\"\">\ud83c\udf9f\ufe0f <strong>Preise und Details ansehen:<\/strong><a href=\"https:\/\/www.headout.com\/de\/pantheon-rom-tickets\/kombiticket-engelsburg-pantheon-mit-audioguide-e-15244\/?affiliate_code=KXkQ69&amp;utm_campaign=itideromecomboticketsa&amp;utm_content=link&amp;utm_medium=affiliate&amp;utm_source=most_amazing_places\" rel=\"nofollow noopener\" spellcheck=\"false\" style=\"outline: none;\" target=\"_blank\">&nbsp;Kombiticket: Eintrittskarten f\u00fcr die Engelsburg und das Pantheon inklusive Audioguide<\/a>&nbsp;<\/li>\n<\/ul>\n<h2 data-end=\"2781\" data-start=\"2740\" id=\"t-1755866045689\"><strong>Weitere empfohlene Rom-Kombitickets<\/strong><\/h2>\n<h3 data-end=\"3883\" data-start=\"3839\">4. F\u00fcr bequemes Sightseeing: <strong>Rom Hop-on-Hop-off-Bus + gef\u00fchrte Tour durch den Petersdom&nbsp;<\/strong><\/h3>\n<p><span><img decoding=\"async\" alt=\"\" data-id=\"11602\" width=\"736\" data-init-width=\"1600\" height=\"460\" data-init-height=\"1000\" title=\"Kombi-Angebot (18 % sparen) (10 % sparen) \u2013 Rom Hop-on\/Hop-off-Bustour + Tickets f\u00fcr eine F\u00fchrung durch den Petersdom\" loading=\"lazy\" src=\"https:\/\/italy-tourist-information.com\/wp-content\/uploads\/2025\/08\/Combo-Save-18-Save-10-Rome-Hop-on-Hop-off-Bus-Tour-St.-Peters-Basilica-Guided-Tour-Tickets-ota.avif\" data-width=\"736\" data-height=\"460\" style=\"aspect-ratio: auto 1600 \/ 1000;\"><\/span><\/p>\n<p data-pm-slice=\"1 1 []\">Erkunden Sie Rom flexibel mit dem <strong>Hop-on-Hop-off-Bus <\/strong>und kombinieren Sie dies mit einer gef\u00fchrten Tour durch den <strong>Petersdom<\/strong>.<\/p>\n<p data-pm-slice=\"1 1 []\">Diese Option eignet sich besonders f\u00fcr <strong>Erstbesucher<\/strong>, die Komfort und Orientierung mit einem gef\u00fchrten Erlebnis verbinden m\u00f6chten.<\/p>\n<ul>\n<li data-end=\"3883\" data-start=\"3839\">\ud83c\udf9f\ufe0f <a data-end=\"4412\" data-start=\"4272\" href=\"https:\/\/www.headout.com\/r\/most-amazing-placesrecommends-c5WuX\/\" style=\"outline: none;\" data-lt-tmp-id=\"lt-225917\" spellcheck=\"false\" target=\"_blank\" rel=\"nofollow noopener\"><strong>Preise und Details ansehen:<\/strong><\/a><a data-end=\"4412\" data-start=\"4272\" href=\"https:\/\/www.headout.com\/de\/kombiangebote\/kombi-sparen-sie-10-rom-hop-on-hop-off-bus-tour-petersdom-gefuhrte-tour-tickets-e-36212\/?affiliate_code=KXkQ69&amp;utm_campaign=itideromecomboticketa&amp;utm_content=link&amp;utm_medium=affiliate&amp;utm_source=most_amazing_places\" style=\"outline: none;\" data-lt-tmp-id=\"lt-330929\" spellcheck=\"false\" target=\"_blank\" rel=\"nofollow noopener\">&nbsp;Kombiticket: Rom Hop-on\/Hop-off-Bustour + F\u00fchrung durch den Petersdom<\/a><\/li>\n<li data-end=\"3883\" data-start=\"3839\"><strong data-end=\"538\" data-start=\"515\">Alternative Option:<\/strong>&nbsp;Fast-Track-Ticket f\u00fcr die Vatikanischen Museen + Stadtrundfahrt mit dem Sightseeing-Bus<br data-start=\"690\" data-end=\"693\"> \ud83c\udf9f\ufe0f&nbsp; <a href=\"https:\/\/www.tiqets.com\/de\/rome-attractions-c71631\/tickets-for-vatican-museums-fast-track-sightseeing-bus-tour-p1072649\/?partner=italytouristinformation&amp;tq_campaign=DeComboTicketA\" target=\"_blank\" rel=\"nofollow noopener\" style=\"outline: none;\"><strong>Weitere Informationen finden Sie hier:<\/strong> Fast-Track-Ticket f\u00fcr die Vatikanischen Museen + Stadtrundfahrt mit dem Sightseeing-Bus<\/a><\/li>\n<\/ul>\n<h3 data-end=\"4468\" data-start=\"4421\">5. F\u00fcr Entdecker zu Fu\u00df: <strong data-end=\"4531\" data-start=\"4469\">Rom Stadtrundgang + Fast-Track-Tickets f\u00fcr das Pantheon&nbsp;<\/strong><\/h3>\n<p><span><img decoding=\"async\" alt=\"\" data-id=\"11603\" width=\"736\" data-init-width=\"1600\" height=\"460\" data-init-height=\"1000\" title=\"Kombi-Angebot (21 % sparen): Stadtrundgang durch Rom + Fast-Track-Tickets f\u00fcr das Pantheon\" loading=\"lazy\" src=\"https:\/\/italy-tourist-information.com\/wp-content\/uploads\/2025\/08\/Combo-Save-21-Rome-Walking-Tour-Pantheon-Fast-Track-Tickets-ota.avif\" data-width=\"736\" data-height=\"460\" style=\"aspect-ratio: auto 1600 \/ 1000;\"><\/span><\/p>\n<p data-end=\"4957\" data-start=\"4469\"><strong>Schlendern Sie mit einem lizenzierten, englischsprachigen Reisef\u00fchrer<\/strong>&nbsp;durch Roms geschichtstr\u00e4chtige Stra\u00dfen&nbsp;und besuchen Sie anschlie\u00dfend das Pantheon ohne Wartezeit.<\/p>\n<p data-end=\"4957\" data-start=\"4469\">Dieses Rom Kombiticket ist ideal f\u00fcr alle, die die Stadt intensiv zu Fu\u00df erkunden und gleichzeitig eines der bekanntesten Bauwerke Roms erleben m\u00f6chten.<\/p>\n<ul>\n<li data-end=\"4957\" data-start=\"4469\">\ud83c\udf9f\ufe0f <strong>Tickets hier kaufen:<\/strong><a data-end=\"4955\" data-start=\"4829\" href=\"https:\/\/www.headout.com\/de\/pantheon-rom-tickets\/kombiticket-rom-rundgang-pantheon-fast-track-tickets-e-28834\/?affiliate_code=KXkQ69&amp;utm_campaign=itideromecomboticketa&amp;utm_content=link&amp;utm_medium=affiliate&amp;utm_source=most_amazing_places\" rel=\"nofollow noopener\" target=\"_blank\" style=\"outline: none;\" data-lt-tmp-id=\"lt-98179\" spellcheck=\"false\">&nbsp;Kombiticket: Stadtrundgang durch Rom + Fast-Track-Tickets f\u00fcr das Pantheon<\/a><\/li>\n<\/ul>\n<h3 data-end=\"5028\" data-start=\"4964\">6. F\u00fcr spirituelle und kulturelle Reisen: <strong data-end=\"5118\" data-start=\"5029\">Vatikanische Museen + Sixtinische Kapelle + Katakomben + Engelsburg + Castel Gandolfo<\/strong><\/h3>\n<p><span><img decoding=\"async\" alt=\"\" data-id=\"11601\" width=\"736\" data-init-width=\"1600\" height=\"460\" data-init-height=\"1000\" title=\"Jubil\u00e4ums-Goldpass \u2013 Vatikanische Museen + Katakomben des Heiligen Kallixtus + Engelsburg + Gandolfo-Kaste\" loading=\"lazy\" src=\"https:\/\/italy-tourist-information.com\/wp-content\/uploads\/2025\/08\/Jubilee-Gold-Pass-Vatican-Museums-Catacombs-of-St.-Callixtus-Castel-SantAngelo-Castel-Gandolfo-ota.avif\" data-width=\"736\" data-height=\"460\" style=\"aspect-ratio: auto 1600 \/ 1000;\"><\/span><\/p>\n<p data-pm-slice=\"1 1 []\">Dieses <strong>umfangreiche Kombiticket verbindet mehrere Highlights:<\/strong> die Vatikanischen Museen, die Sixtinische Kapelle, die Katakomben des Heiligen Kallixtus, die Engelsburg und Castel Gandolfo.<\/p>\n<p>Perfekt f\u00fcr Reisende, die Rom \u00fcber die klassischen Sehensw\u00fcrdigkeiten hinaus entdecken und <strong>tiefer in die religi\u00f6se und kulturelle Geschichte eintauchen<\/strong> m\u00f6chten.<\/p>\n<ul>\n<li data-end=\"5600\" data-start=\"5029\">\ud83c\udf9f\ufe0f <a data-end=\"5598\" data-start=\"5445\" href=\"https:\/\/www.headout.com\/de\/vatikan-tickets\/kombiticket-vatikanische-museen-katakomben-engelsburg-apostolischer-palast-von-castel-gandolfo-e-28870\/?affiliate_code=KXkQ69&amp;utm_campaign=itideromecomboticketa&amp;utm_content=link&amp;utm_medium=affiliate&amp;utm_source=most_amazing_places\" rel=\"nofollow noopener\" target=\"_blank\" style=\"outline: none;\" data-lt-tmp-id=\"lt-533528\" spellcheck=\"false\">Details und Preis ansehen: Kombi-Ticket: Vatikanische Museen + Katakomben des Heiligen Kallixtus + Engelsburg + Gandolfo&nbsp;<\/a><\/li>\n<\/ul>\n<h2 dir=\"ltr\" id=\"t-1755866045690\">Tipps zur Auswahl des richtigen Rom Kombitickets<\/h2>\n<p><span><img decoding=\"async\" alt=\"Kolosseum in Rom\" data-id=\"7822\" width=\"736\" data-init-width=\"1000\" height=\"491\" data-init-height=\"667\" title=\"Kolosseum in Rom\" loading=\"lazy\" src=\"https:\/\/italy-tourist-information.com\/wp-content\/uploads\/2024\/09\/Rome-Colosseum-9.jpg\" data-width=\"736\" data-height=\"491\" style=\"aspect-ratio: auto 1000 \/ 667;\"><\/span><\/p>\n<p data-pm-slice=\"1 1 []\">Die Wahl des passenden Rom-Kombitickets h\u00e4ngt davon ab, wie viel Zeit Sie haben, welchen Reisestil Sie bevorzugen und welche Erlebnisse Ihnen am wichtigsten sind. Beachten Sie vor der Buchung folgende Tipps:<\/p>\n<ul>\n<li dir=\"ltr\"><strong>Tickets im Voraus buchen:<\/strong> Beliebte Attraktionen wie Tickets <a href=\"https:\/\/italy-tourist-information.com\/de\/rom\/historische-wahrzeichen\/kolosseum\" style=\"outline: none;\" data-lt-tmp-id=\"lt-328944\" spellcheck=\"false\">f\u00fcr das Kolosseum<\/a>&nbsp;oder die Vatkianischen Museen&nbsp;sind oft Wochen im Voraus ausverkauft. Sobald Ihre Reisedaten feststehen, sollten Sie Ihre Tickets sichern.<\/li>\n<li dir=\"ltr\"><strong>Zeit realistisch planen:<\/strong>&nbsp;Ein&nbsp;<a href=\"#tve-jump-198d2489551\" jump-animation=\"smooth\" style=\"outline: none;\">umfangreiches Kombiticket<\/a> ist eine gute Wahl, wenn Sie nur einen Tag in Rom haben. Wenn Sie es jedoch etwas ruhiger angehen m\u00f6chten, teilen Sie Kolosseum und <a data-lt-tmp-id=\"lt-508444\" href=\"https:\/\/italy-tourist-information.com\/de\/rom\/historische-wahrzeichen\/museen\/vatikanische-museen\" spellcheck=\"false\" style=\"outline: none;\">Vatikanische Museen<\/a> an zwei separaten Tagen auf.<\/li>\n<li dir=\"ltr\"><strong>L<\/strong><strong>eistungen genau pr\u00fcfen:&nbsp;<\/strong>Einige Tickets beinhalten gef\u00fchrte Touren mit lizenzierten Guides und Audioger\u00e4ten, w\u00e4hrend andere nur bevorzugten Einlass bieten. Lesen Sie die Details sorgf\u00e4ltig, um genau zu wissen, was enthalten ist.<\/li>\n<li dir=\"ltr\"><strong>Auf Preisvorteile achten:<\/strong> Viele Kombitickets bieten Ersparnisse von etwa 10\u201320 %. Mit der richtigen Wahl sparen Sie nicht nur Geld, sondern auch wertvolle Zeit vor Ort.<strong><\/strong><\/li>\n<\/ul>\n<h2 dir=\"ltr\" id=\"t-1755875518673\">H\u00e4ufig gestellte Fragen zu Rom Kombitickets<\/h2>\n<h3 style=\"\">Verwandte Artikel:<\/h3>\n<p><a href=\"https:\/\/italy-tourist-information.com\/de\/rom\/historische-wahrzeichen\/museen\" dynamic-postlink=\"tcb_post_the_permalink\" data-shortcode-id=\"11530\"><\/a><\/p>\n<h2 style=\"padding-top: 0px !important; margin-top: 0px !important; text-align: center;\" id=\"t-1755866045691\" data-hide=\"true\"><span data-shortcode=\"tcb_post_title\" data-shortcode-name=\"Post title\" data-extra_key=\"\" data-attr-link=\"1\" data-attr-target=\"0\" data-attr-rel=\"0\" data-option-inline=\"1\" data-attr-static-link=\"{&quot;className&quot;:&quot;&quot;,&quot;href&quot;:&quot;https:\/\/italy-tourist-information.com\/de\/rom\/historische-wahrzeichen\/museen&quot;,&quot;title&quot;:&quot;15 beste Museen in Rom: \u00d6ffnungszeiten, Tickets &amp; Tipps&quot;,&quot;class&quot;:&quot;&quot;}\" data-attr-css=\"\"><a href=\"https:\/\/italy-tourist-information.com\/de\/rom\/historische-wahrzeichen\/museen\" title=\"15 beste Museen in Rom: \u00d6ffnungszeiten, Tickets &amp; Tipps\" data-css=\"\">15 beste Museen in Rom: \u00d6ffnungszeiten, Tickets &amp; Tipps<\/a><\/span><\/h2>\n","protected":false},"excerpt":{"rendered":"<p>Die Planung einer Reise nach Rom kann schnell \u00fcberw\u00e4ltigend werden \u2013 besonders bei der Vielzahl an Sehensw\u00fcrdigkeiten. Mit einem Kombiticket f\u00fcr Rom&nbsp;sparen Sie Zeit, vermeiden lange Warteschlangen und profitieren oft von g\u00fcnstigeren Preisen. Statt mehrere Tickets einzeln zu buchen, erhalten Sie Zugang zu den wichtigsten Highlights in einem Paket. In diesem Guide finden Sie die&nbsp;besten [&hellip;]<\/p>\n","protected":false},"author":6,"featured_media":17861,"parent":17844,"menu_order":0,"comment_status":"closed","ping_status":"closed","template":"","meta":{"footnotes":""},"categories":[143],"tags":[155,160],"class_list":["post-17860","page","type-page","status-publish","has-post-thumbnail","hentry","category-rom","tag-rom","tag-things-to-do","post-wrapper","thrv_wrapper"],"_links":{"self":[{"href":"https:\/\/italy-tourist-information.com\/de\/wp-json\/wp\/v2\/pages\/17860","targetHints":{"allow":["GET"]}}],"collection":[{"href":"https:\/\/italy-tourist-information.com\/de\/wp-json\/wp\/v2\/pages"}],"about":[{"href":"https:\/\/italy-tourist-information.com\/de\/wp-json\/wp\/v2\/types\/page"}],"author":[{"embeddable":true,"href":"https:\/\/italy-tourist-information.com\/de\/wp-json\/wp\/v2\/users\/6"}],"replies":[{"embeddable":true,"href":"https:\/\/italy-tourist-information.com\/de\/wp-json\/wp\/v2\/comments?post=17860"}],"version-history":[{"count":21,"href":"https:\/\/italy-tourist-information.com\/de\/wp-json\/wp\/v2\/pages\/17860\/revisions"}],"predecessor-version":[{"id":19810,"href":"https:\/\/italy-tourist-information.com\/de\/wp-json\/wp\/v2\/pages\/17860\/revisions\/19810"}],"up":[{"embeddable":true,"href":"https:\/\/italy-tourist-information.com\/de\/wp-json\/wp\/v2\/pages\/17844"}],"wp:featuredmedia":[{"embeddable":true,"href":"https:\/\/italy-tourist-information.com\/de\/wp-json\/wp\/v2\/media\/17861"}],"wp:attachment":[{"href":"https:\/\/italy-tourist-information.com\/de\/wp-json\/wp\/v2\/media?parent=17860"}],"wp:term":[{"taxonomy":"category","embeddable":true,"href":"https:\/\/italy-tourist-information.com\/de\/wp-json\/wp\/v2\/categories?post=17860"},{"taxonomy":"post_tag","embeddable":true,"href":"https:\/\/italy-tourist-information.com\/de\/wp-json\/wp\/v2\/tags?post=17860"}],"curies":[{"name":"wp","href":"https:\/\/api.w.org\/{rel}","templated":true}]}}