{"id":17872,"date":"2024-09-19T13:29:26","date_gmt":"2024-09-19T13:29:26","guid":{"rendered":"https:\/\/italy-tourist-information.com\/rome\/plan"},"modified":"2026-05-07T14:46:45","modified_gmt":"2026-05-07T14:46:45","slug":"planen","status":"publish","type":"page","link":"https:\/\/italy-tourist-information.com\/de\/rom\/planen","title":{"rendered":"Planen Sie Ihre Reise nach Rom: Kompletter Guide mit Reisetipps"},"content":{"rendered":"<h1 style=\"\">Planen Sie Ihre Reise nach Rom<\/h1>\n<p data-pm-slice=\"1 1 []\">Erfahren Sie mehr \u00fcber die wichtigsten Viertel, Sehensw\u00fcrdigkeiten, praktische Reisetipps und die zentralen Fragen, die Sie vor Ihrer Reise nach Rom kl\u00e4ren sollten.<\/p>\n<h2 style=\"text-align: center;\" id=\"t-1601911056482\">Wie komme ich nach Rom?<\/h2>\n<p style=\"text-align: center;\">Zug, Bus, Auto und Flugzeug<\/p>\n<h3 style=\"\" id=\"t-1601911056457\"><span data-attr-css=\"tve-u-66e9b440468316\" data-attr-link=\"1\" data-attr-rel=\"0\" data-attr-target=\"0\" data-extra_key=\"\" data-option-inline=\"1\" data-shortcode=\"tcb_post_title\" data-shortcode-name=\"Post title\" data-attr-static-link=\"{&quot;className&quot;:&quot;&quot;,&quot;href&quot;:&quot;https:\/\/italy-tourist-information.com\/de\/rom\/planen\/anreise&quot;,&quot;title&quot;:&quot;Guide zur Anreise nach Rom: Alle Optionen im \u00dcberblick&quot;,&quot;data-css&quot;:&quot;tve-u-66e9b440468316&quot;,&quot;class&quot;:&quot;&quot;}\" style=\"\"><a href=\"https:\/\/italy-tourist-information.com\/de\/rom\/planen\/anreise\" title=\"Guide zur Anreise nach Rom: Alle Optionen im \u00dcberblick\">Guide zur Anreise nach Rom: Alle Optionen im \u00dcberblick<\/a><\/span><\/h3>\n<p><a href=\"https:\/\/italy-tourist-information.com\/de\/rom\/planen\/flughafen-rom-fiumicino\" dynamic-postlink=\"tcb_post_the_permalink\" data-shortcode-id=\"17895\"><\/a><\/p>\n<h3 style=\"text-align: center; padding-top: 0px !important; margin-top: 0px !important;\" id=\"t-1601911056458\"><span data-attr-link=\"1\" data-attr-rel=\"0\" data-attr-target=\"0\" data-extra_key=\"\" data-option-inline=\"1\" data-shortcode=\"tcb_post_title\" data-shortcode-name=\"Post title\" data-attr-css=\"\" data-attr-static-link=\"{&quot;className&quot;:&quot;&quot;,&quot;href&quot;:&quot;https:\/\/italy-tourist-information.com\/de\/rom\/planen\/flughafen-rom-fiumicino&quot;,&quot;title&quot;:&quot;Guide zum Flughafen Rom Fiumicino: Ankunft, Abflug &amp; Transfers im \u00dcberblick&quot;,&quot;class&quot;:&quot;&quot;}\"><a href=\"https:\/\/italy-tourist-information.com\/de\/rom\/planen\/flughafen-rom-fiumicino\" title=\"Guide zum Flughafen Rom Fiumicino: Ankunft, Abflug &amp; Transfers im \u00dcberblick\" data-css=\"\">Guide zum Flughafen Rom Fiumicino: Ankunft, Abflug &amp; Transfers im \u00dcberblick<\/a><\/span><\/h3>\n<p>Willkommen in unserem Reisef\u00fchrer zum Flughafen Leonardo da <a href=\"https:\/\/italy-tourist-information.com\/de\/rom\/planen\/flughafen-rom-fiumicino#more-17895\">&#8230;<\/a><\/p>\n<p><a href=\"https:\/\/italy-tourist-information.com\/de\/rom\/planen\/flughafen-rom-fiumicino\" style=\"\"><span style=\"\"><span style=\"\"><strong>Weiterlesen<\/strong><\/span><\/span><\/a><a href=\"https:\/\/italy-tourist-information.com\/de\/rom\/planen\/rom-ciampino-flughafen\" dynamic-postlink=\"tcb_post_the_permalink\" data-shortcode-id=\"17895\"><\/a><\/p>\n<h3 style=\"text-align: center; padding-top: 0px !important; margin-top: 0px !important;\" id=\"t-1601911056458\"><span data-attr-link=\"1\" data-attr-rel=\"0\" data-attr-target=\"0\" data-extra_key=\"\" data-option-inline=\"1\" data-shortcode=\"tcb_post_title\" data-shortcode-name=\"Post title\" data-attr-css=\"\" data-attr-static-link=\"{&quot;className&quot;:&quot;&quot;,&quot;href&quot;:&quot;https:\/\/italy-tourist-information.com\/de\/rom\/planen\/flughafen-rom-fiumicino&quot;,&quot;title&quot;:&quot;Guide zum Flughafen Rom Fiumicino: Ankunft, Abflug &amp; Transfers im \u00dcberblick&quot;,&quot;class&quot;:&quot;&quot;}\"><a href=\"https:\/\/italy-tourist-information.com\/de\/rom\/planen\/rom-ciampino-flughafen\" title=\"Guide zum Rom Ciampino Flughafen (CIA): Ankunft, Abflug &amp; Transfers im \u00dcberblick\" data-css=\"\">Guide zum Rom Ciampino Flughafen (CIA): Ankunft, Abflug &amp; Transfers im \u00dcberblick<\/a><\/span><\/h3>\n<p>Willkommen in unserem Reisef\u00fchrer zum Flughafen Ciampino (CIA) <a href=\"https:\/\/italy-tourist-information.com\/de\/rom\/planen\/rom-ciampino-flughafen#more-17913\">&#8230;<\/a><\/p>\n<p><a href=\"https:\/\/italy-tourist-information.com\/de\/rom\/planen\/rom-ciampino-flughafen\" style=\"\"><span style=\"\"><span style=\"\"><strong>Weiterlesen<\/strong><\/span><\/span><\/a><a href=\"https:\/\/italy-tourist-information.com\/de\/rom\/planen\/oeffentlicher-verkehr\" dynamic-postlink=\"tcb_post_the_permalink\" data-shortcode-id=\"17895\"><\/a><\/p>\n<h3 style=\"text-align: center; padding-top: 0px !important; margin-top: 0px !important;\" id=\"t-1601911056458\"><span data-attr-link=\"1\" data-attr-rel=\"0\" data-attr-target=\"0\" data-extra_key=\"\" data-option-inline=\"1\" data-shortcode=\"tcb_post_title\" data-shortcode-name=\"Post title\" data-attr-css=\"\" data-attr-static-link=\"{&quot;className&quot;:&quot;&quot;,&quot;href&quot;:&quot;https:\/\/italy-tourist-information.com\/de\/rom\/planen\/flughafen-rom-fiumicino&quot;,&quot;title&quot;:&quot;Guide zum Flughafen Rom Fiumicino: Ankunft, Abflug &amp; Transfers im \u00dcberblick&quot;,&quot;class&quot;:&quot;&quot;}\"><a href=\"https:\/\/italy-tourist-information.com\/de\/rom\/planen\/oeffentlicher-verkehr\" title=\"\u00d6ffentlicher Verkehr in Rom: Metro, Bus &amp; Tickets im \u00dcberblick\" data-css=\"\">\u00d6ffentlicher Verkehr in Rom: Metro, Bus &amp; Tickets im \u00dcberblick<\/a><\/span><\/h3>\n<p>\u00d6ffentlicher Verkehr in Rom: Metro, Bus, Fahrpreise &amp; <a href=\"https:\/\/italy-tourist-information.com\/de\/rom\/planen\/oeffentlicher-verkehr#more-17930\">&#8230;<\/a><\/p>\n<p><a href=\"https:\/\/italy-tourist-information.com\/de\/rom\/planen\/oeffentlicher-verkehr\" style=\"\"><span style=\"\"><span style=\"\"><strong>Weiterlesen<\/strong><\/span><\/span><\/a><a href=\"javascript:void(0)\" style=\"\"><span style=\"\"><span style=\"\">Load More<\/span><\/span><\/a><\/p>\n<h3 style=\"\" id=\"t-1601911056464\">Rom-Reisef\u00fchrer<\/h3>\n<p>Holen Sie sich diese Audio-Guide-App mit mehr als 50 Sehensw\u00fcrdigkeiten, Touren und Tickets.<\/p>\n<h2 style=\"text-align: center;\" id=\"t-1601911056483\">Wo soll ich in Rom \u00fcbernachten?<\/h2>\n<p style=\"text-align: center;\">Stadtteile, Hotels, Apartments und mehr&#8230;<\/p>\n<h3 style=\"\" id=\"t-1601911056465\"><span data-attr-css=\"tve-u-66e9b440468838\" data-attr-link=\"1\" data-attr-rel=\"0\" data-attr-target=\"0\" data-extra_key=\"\" data-option-inline=\"1\" data-shortcode=\"tcb_post_title\" data-shortcode-name=\"Post title\" data-attr-static-link=\"{&quot;className&quot;:&quot;&quot;,&quot;href&quot;:&quot;#&quot;,&quot;title&quot;:&quot;Planen Sie Ihre Reise nach Rom: Kompletter Guide mit Reisetipps&quot;,&quot;data-css&quot;:&quot;tve-u-66e9b440468838&quot;,&quot;class&quot;:&quot;&quot;}\" style=\"\"><a href=\"https:\/\/italy-tourist-information.com\/de\/rom\/planen\" title=\"Planen Sie Ihre Reise nach Rom: Kompletter Guide mit Reisetipps\">Planen Sie Ihre Reise nach Rom: Kompletter Guide mit Reisetipps<\/a><\/span><\/h3>\n<p><a href=\"https:\/\/italy-tourist-information.com\/de\/rom\/hotels\/zentrum\" dynamic-postlink=\"tcb_post_the_permalink\" data-shortcode-id=\"17940\"><\/a><\/p>\n<h3 style=\"text-align: center; padding-top: 0px !important; margin-top: 0px !important;\" id=\"t-1601911056466\"><span data-attr-link=\"1\" data-attr-rel=\"0\" data-attr-target=\"0\" data-extra_key=\"\" data-option-inline=\"1\" data-shortcode=\"tcb_post_title\" data-shortcode-name=\"Post title\" data-attr-css=\"\" data-attr-static-link=\"{&quot;className&quot;:&quot;&quot;,&quot;href&quot;:&quot;https:\/\/italy-tourist-information.com\/de\/rom\/hotels\/zentrum&quot;,&quot;title&quot;:&quot;10 beste Hotels im Zentrum von Rom: Top Unterk\u00fcnfte &amp; Empfehlungen&quot;,&quot;class&quot;:&quot;&quot;}\"><a href=\"https:\/\/italy-tourist-information.com\/de\/rom\/hotels\/zentrum\" title=\"10 beste Hotels im Zentrum von Rom: Top Unterk\u00fcnfte &amp; Empfehlungen\" data-css=\"\">10 beste Hotels im Zentrum von Rom: Top Unterk\u00fcnfte &amp; Empfehlungen<\/a><\/span><\/h3>\n<p>Planen Sie eine Reise nach Rom und suchen <a href=\"https:\/\/italy-tourist-information.com\/de\/rom\/hotels\/zentrum#more-17940\">&#8230;<\/a><\/p>\n<p><a href=\"https:\/\/italy-tourist-information.com\/de\/rom\/hotels\/zentrum\" style=\"\"><span style=\"\"><span style=\"\"><strong>Weiterlesen<\/strong><\/span><\/span><\/a><a href=\"https:\/\/italy-tourist-information.com\/de\/rom\/hotels\/beste\" dynamic-postlink=\"tcb_post_the_permalink\" data-shortcode-id=\"17940\"><\/a><\/p>\n<h3 style=\"text-align: center; padding-top: 0px !important; margin-top: 0px !important;\" id=\"t-1601911056466\"><span data-attr-link=\"1\" data-attr-rel=\"0\" data-attr-target=\"0\" data-extra_key=\"\" data-option-inline=\"1\" data-shortcode=\"tcb_post_title\" data-shortcode-name=\"Post title\" data-attr-css=\"\" data-attr-static-link=\"{&quot;className&quot;:&quot;&quot;,&quot;href&quot;:&quot;https:\/\/italy-tourist-information.com\/de\/rom\/hotels\/zentrum&quot;,&quot;title&quot;:&quot;10 beste Hotels im Zentrum von Rom: Top Unterk\u00fcnfte &amp; Empfehlungen&quot;,&quot;class&quot;:&quot;&quot;}\"><a href=\"https:\/\/italy-tourist-information.com\/de\/rom\/hotels\/beste\" title=\"12 beste Hotels in Rom (4\u20135 Sterne): Kategorien &amp; Empfehlungen\" data-css=\"\">12 beste Hotels in Rom (4\u20135 Sterne): Kategorien &amp; Empfehlungen<\/a><\/span><\/h3>\n<p>Entdecken Sie die 12 besten Hotels in&nbsp; Rom, <a href=\"https:\/\/italy-tourist-information.com\/de\/rom\/hotels\/beste#more-17975\">&#8230;<\/a><\/p>\n<p><a href=\"https:\/\/italy-tourist-information.com\/de\/rom\/hotels\/beste\" style=\"\"><span style=\"\"><span style=\"\"><strong>Weiterlesen<\/strong><\/span><\/span><\/a><a href=\"javascript:void(0)\" style=\"\"><span style=\"\"><span style=\"\">Load More<\/span><\/span><\/a><\/p>\n<h3 style=\"\" id=\"t-1601911056469\"><span style=\"\">Full-Service-MICE&nbsp;<\/span><\/h3>\n<p>Wir k\u00f6nnen Ihnen das komplette Rahmenprogramm aus einer Hand anbieten \u2013 von Incentives bis hin zu Konferenzhotels mit 24-Stunden-Support.<\/p>\n<h2 style=\"text-align: center;\" id=\"t-1601911056484\">Was kann ich in Rom unternehmen?<\/h2>\n<p style=\"text-align: center;\">Historische Wahrzeichen, Sehensw\u00fcrdigkeiten und Attraktionen&#8230;<\/p>\n<h3 style=\"\" id=\"t-1601911056470\"><span data-attr-css=\"tve-u-66e9b440468dd5\" data-attr-link=\"1\" data-attr-rel=\"0\" data-attr-target=\"0\" data-extra_key=\"\" data-option-inline=\"1\" data-shortcode=\"tcb_post_title\" data-shortcode-name=\"Post title\" data-attr-static-link=\"{&quot;className&quot;:&quot;&quot;,&quot;href&quot;:&quot;#&quot;,&quot;title&quot;:&quot;Planen Sie Ihre Reise nach Rom: Kompletter Guide mit Reisetipps&quot;,&quot;data-css&quot;:&quot;tve-u-66e9b440468dd5&quot;,&quot;class&quot;:&quot;&quot;}\"><a href=\"https:\/\/italy-tourist-information.com\/de\/rom\/planen\" title=\"Planen Sie Ihre Reise nach Rom: Kompletter Guide mit Reisetipps\">Planen Sie Ihre Reise nach Rom: Kompletter Guide mit Reisetipps<\/a><\/span><\/h3>\n<p><a href=\"https:\/\/italy-tourist-information.com\/de\/rom\/sehenswuerdigkeiten\/schoene-straende-in-der-naehe-von-rom\" dynamic-postlink=\"tcb_post_the_permalink\" data-shortcode-id=\"18307\"><\/a><\/p>\n<h3 style=\"text-align: center; padding-top: 0px !important; margin-top: 0px !important;\" id=\"t-1601911056471\"><span data-attr-link=\"1\" data-attr-rel=\"0\" data-attr-target=\"0\" data-extra_key=\"\" data-option-inline=\"1\" data-shortcode=\"tcb_post_title\" data-shortcode-name=\"Post title\" data-attr-css=\"\" data-attr-static-link=\"{&quot;className&quot;:&quot;&quot;,&quot;href&quot;:&quot;https:\/\/italy-tourist-information.com\/de\/rom\/planen\/pass-fuer-rom&quot;,&quot;title&quot;:&quot;Bester City Pass f\u00fcr Rom: Rom Pass &amp; Touristenkarten im Vergleich&quot;,&quot;class&quot;:&quot;&quot;}\"><a href=\"https:\/\/italy-tourist-information.com\/de\/rom\/sehenswuerdigkeiten\/schoene-straende-in-der-naehe-von-rom\" title=\"10 sch\u00f6ne Str\u00e4nde in der N\u00e4he von Rom [mit Anfahrt]\" data-css=\"\">10 sch\u00f6ne Str\u00e4nde in der N\u00e4he von Rom [mit Anfahrt]<\/a><\/span><\/h3>\n<p>Rom ist f\u00fcr seine Sehensw\u00fcrdigkeiten bekannt, doch auch <a href=\"https:\/\/italy-tourist-information.com\/de\/rom\/sehenswuerdigkeiten\/schoene-straende-in-der-naehe-von-rom#more-18307\">&#8230;<\/a><\/p>\n<p><a href=\"https:\/\/italy-tourist-information.com\/de\/rom\/sehenswuerdigkeiten\/schoene-straende-in-der-naehe-von-rom\" style=\"\"><span style=\"\"><span style=\"\"><strong>Weiterlesen<\/strong><\/span><\/span><\/a><a href=\"https:\/\/italy-tourist-information.com\/de\/rom\/historische-wahrzeichen\/kirchen\" dynamic-postlink=\"tcb_post_the_permalink\" data-shortcode-id=\"18307\"><\/a><\/p>\n<h3 style=\"text-align: center; padding-top: 0px !important; margin-top: 0px !important;\" id=\"t-1601911056471\"><span data-attr-link=\"1\" data-attr-rel=\"0\" data-attr-target=\"0\" data-extra_key=\"\" data-option-inline=\"1\" data-shortcode=\"tcb_post_title\" data-shortcode-name=\"Post title\" data-attr-css=\"\" data-attr-static-link=\"{&quot;className&quot;:&quot;&quot;,&quot;href&quot;:&quot;https:\/\/italy-tourist-information.com\/de\/rom\/planen\/pass-fuer-rom&quot;,&quot;title&quot;:&quot;Bester City Pass f\u00fcr Rom: Rom Pass &amp; Touristenkarten im Vergleich&quot;,&quot;class&quot;:&quot;&quot;}\"><a href=\"https:\/\/italy-tourist-information.com\/de\/rom\/historische-wahrzeichen\/kirchen\" title=\"15 beliebte Kirchen in Rom: \u00d6ffnungszeiten &amp; beste Besuchszeiten\" data-css=\"\">15 beliebte Kirchen in Rom: \u00d6ffnungszeiten &amp; beste Besuchszeiten<\/a><\/span><\/h3>\n<p>Roms reiches kulturelles und religi\u00f6ses Erbe spiegelt sich <a href=\"https:\/\/italy-tourist-information.com\/de\/rom\/historische-wahrzeichen\/kirchen#more-18093\">&#8230;<\/a><\/p>\n<p><a href=\"https:\/\/italy-tourist-information.com\/de\/rom\/historische-wahrzeichen\/kirchen\" style=\"\"><span style=\"\"><span style=\"\"><strong>Weiterlesen<\/strong><\/span><\/span><\/a><a href=\"https:\/\/italy-tourist-information.com\/de\/rom\/historische-wahrzeichen\/museen\" dynamic-postlink=\"tcb_post_the_permalink\" data-shortcode-id=\"18307\"><\/a><\/p>\n<h3 style=\"text-align: center; padding-top: 0px !important; margin-top: 0px !important;\" id=\"t-1601911056471\"><span data-attr-link=\"1\" data-attr-rel=\"0\" data-attr-target=\"0\" data-extra_key=\"\" data-option-inline=\"1\" data-shortcode=\"tcb_post_title\" data-shortcode-name=\"Post title\" data-attr-css=\"\" data-attr-static-link=\"{&quot;className&quot;:&quot;&quot;,&quot;href&quot;:&quot;https:\/\/italy-tourist-information.com\/de\/rom\/planen\/pass-fuer-rom&quot;,&quot;title&quot;:&quot;Bester City Pass f\u00fcr Rom: Rom Pass &amp; Touristenkarten im Vergleich&quot;,&quot;class&quot;:&quot;&quot;}\"><a href=\"https:\/\/italy-tourist-information.com\/de\/rom\/historische-wahrzeichen\/museen\" title=\"15 beste Museen in Rom: \u00d6ffnungszeiten, Tickets &amp; Tipps\" data-css=\"\">15 beste Museen in Rom: \u00d6ffnungszeiten, Tickets &amp; Tipps<\/a><\/span><\/h3>\n<p>Roms reiche Kulturlandschaft wird in diesem Reisef\u00fchrer zu <a href=\"https:\/\/italy-tourist-information.com\/de\/rom\/historische-wahrzeichen\/museen#more-18028\">&#8230;<\/a><\/p>\n<p><a href=\"https:\/\/italy-tourist-information.com\/de\/rom\/historische-wahrzeichen\/museen\" style=\"\"><span style=\"\"><span style=\"\"><strong>Weiterlesen<\/strong><\/span><\/span><\/a><a href=\"https:\/\/italy-tourist-information.com\/de\/rom\/planen\/pass-fuer-rom\" dynamic-postlink=\"tcb_post_the_permalink\" data-shortcode-id=\"18307\"><\/a><\/p>\n<h3 style=\"text-align: center; padding-top: 0px !important; margin-top: 0px !important;\" id=\"t-1601911056471\"><span data-attr-link=\"1\" data-attr-rel=\"0\" data-attr-target=\"0\" data-extra_key=\"\" data-option-inline=\"1\" data-shortcode=\"tcb_post_title\" data-shortcode-name=\"Post title\" data-attr-css=\"\" data-attr-static-link=\"{&quot;className&quot;:&quot;&quot;,&quot;href&quot;:&quot;https:\/\/italy-tourist-information.com\/de\/rom\/planen\/pass-fuer-rom&quot;,&quot;title&quot;:&quot;Bester City Pass f\u00fcr Rom: Rom Pass &amp; Touristenkarten im Vergleich&quot;,&quot;class&quot;:&quot;&quot;}\"><a href=\"https:\/\/italy-tourist-information.com\/de\/rom\/planen\/pass-fuer-rom\" title=\"Bester City Pass f\u00fcr Rom: Rom Pass &amp; Touristenkarten im Vergleich\" data-css=\"\">Bester City Pass f\u00fcr Rom: Rom Pass &amp; Touristenkarten im Vergleich<\/a><\/span><\/h3>\n<p>Auf dieser Seite stellen wir Ihnen die besten <a href=\"https:\/\/italy-tourist-information.com\/de\/rom\/planen\/pass-fuer-rom#more-17877\">&#8230;<\/a><\/p>\n<p><a href=\"https:\/\/italy-tourist-information.com\/de\/rom\/planen\/pass-fuer-rom\" style=\"\"><span style=\"\"><span style=\"\"><strong>Weiterlesen<\/strong><\/span><\/span><\/a><a href=\"https:\/\/italy-tourist-information.com\/de\/rom\/historische-wahrzeichen\/kirchen\/basilika-santa-maria-maggiore\" dynamic-postlink=\"tcb_post_the_permalink\" data-shortcode-id=\"18307\"><\/a><\/p>\n<h3 style=\"text-align: center; padding-top: 0px !important; margin-top: 0px !important;\" id=\"t-1601911056471\"><span data-attr-link=\"1\" data-attr-rel=\"0\" data-attr-target=\"0\" data-extra_key=\"\" data-option-inline=\"1\" data-shortcode=\"tcb_post_title\" data-shortcode-name=\"Post title\" data-attr-css=\"\" data-attr-static-link=\"{&quot;className&quot;:&quot;&quot;,&quot;href&quot;:&quot;https:\/\/italy-tourist-information.com\/de\/rom\/planen\/pass-fuer-rom&quot;,&quot;title&quot;:&quot;Bester City Pass f\u00fcr Rom: Rom Pass &amp; Touristenkarten im Vergleich&quot;,&quot;class&quot;:&quot;&quot;}\"><a href=\"https:\/\/italy-tourist-information.com\/de\/rom\/historische-wahrzeichen\/kirchen\/basilika-santa-maria-maggiore\" title=\"Guide zur Basilika Santa Maria Maggiore: \u00d6ffnungszeiten, Highlights &amp; Besuchertipps\" data-css=\"\">Guide zur Basilika Santa Maria Maggiore: \u00d6ffnungszeiten, Highlights &amp; Besuchertipps<\/a><\/span><\/h3>\n<p>Die Basilika Santa Maria Maggiore (Basilika der Heiligen <a href=\"https:\/\/italy-tourist-information.com\/de\/rom\/historische-wahrzeichen\/kirchen\/basilika-santa-maria-maggiore#more-18130\">&#8230;<\/a><\/p>\n<p><a href=\"https:\/\/italy-tourist-information.com\/de\/rom\/historische-wahrzeichen\/kirchen\/basilika-santa-maria-maggiore\" style=\"\"><span style=\"\"><span style=\"\"><strong>Weiterlesen<\/strong><\/span><\/span><\/a><a href=\"https:\/\/italy-tourist-information.com\/de\/rom\/sehenswuerdigkeiten\/bei-regen\" dynamic-postlink=\"tcb_post_the_permalink\" data-shortcode-id=\"18307\"><\/a><\/p>\n<h3 style=\"text-align: center; padding-top: 0px !important; margin-top: 0px !important;\" id=\"t-1601911056471\"><span data-attr-link=\"1\" data-attr-rel=\"0\" data-attr-target=\"0\" data-extra_key=\"\" data-option-inline=\"1\" data-shortcode=\"tcb_post_title\" data-shortcode-name=\"Post title\" data-attr-css=\"\" data-attr-static-link=\"{&quot;className&quot;:&quot;&quot;,&quot;href&quot;:&quot;https:\/\/italy-tourist-information.com\/de\/rom\/planen\/pass-fuer-rom&quot;,&quot;title&quot;:&quot;Bester City Pass f\u00fcr Rom: Rom Pass &amp; Touristenkarten im Vergleich&quot;,&quot;class&quot;:&quot;&quot;}\"><a href=\"https:\/\/italy-tourist-information.com\/de\/rom\/sehenswuerdigkeiten\/bei-regen\" title=\"Rom bei Regen: 20 Schlechtwetter-Aktivit\u00e4ten [+ Tickets]\" data-css=\"\">Rom bei Regen: 20 Schlechtwetter-Aktivit\u00e4ten [+ Tickets]<\/a><\/span><\/h3>\n<p>Rom bei Regen bietet die perfekte Gelegenheit, die <a href=\"https:\/\/italy-tourist-information.com\/de\/rom\/sehenswuerdigkeiten\/bei-regen#more-18323\">&#8230;<\/a><\/p>\n<p><a href=\"https:\/\/italy-tourist-information.com\/de\/rom\/sehenswuerdigkeiten\/bei-regen\" style=\"\"><span style=\"\"><span style=\"\"><strong>Weiterlesen<\/strong><\/span><\/span><\/a><a href=\"javascript:void(0)\" style=\"\"><span style=\"\"><span style=\"\">Load More<\/span><\/span><\/a><\/p>\n<h3 style=\"\" id=\"t-1601911056477\"><span style=\"\">Ticketshop<\/span><\/h3>\n","protected":false},"excerpt":{"rendered":"<p>Planen Sie Ihre Reise nach Rom Erfahren Sie mehr \u00fcber die wichtigsten Viertel, Sehensw\u00fcrdigkeiten, praktische Reisetipps und die zentralen Fragen, die Sie vor Ihrer Reise nach Rom kl\u00e4ren sollten. Wie komme ich nach Rom? Zug, Bus, Auto und Flugzeug Guide zur Anreise nach Rom: Alle Optionen im \u00dcberblick Guide zum Flughafen Rom Fiumicino: Ankunft, Abflug [&hellip;]<\/p>\n","protected":false},"author":17,"featured_media":17873,"parent":17844,"menu_order":0,"comment_status":"closed","ping_status":"closed","template":"","meta":{"footnotes":"","tve_updated_post":"","tve_custom_css":"","tve_user_custom_css":"","tve_globals":{},"tcb2_ready":1,"tcb_editor_enabled":1,"tve_landing_page":"tcb2-blank-page","_tve_header":"17144","_tve_footer":"17145"},"categories":[143],"tags":[161,155],"class_list":["post-17872","page","type-page","status-publish","has-post-thumbnail","hentry","category-rom","tag-plan","tag-rom","post-wrapper","thrv_wrapper"],"_links":{"self":[{"href":"https:\/\/italy-tourist-information.com\/de\/wp-json\/wp\/v2\/pages\/17872","targetHints":{"allow":["GET"]}}],"collection":[{"href":"https:\/\/italy-tourist-information.com\/de\/wp-json\/wp\/v2\/pages"}],"about":[{"href":"https:\/\/italy-tourist-information.com\/de\/wp-json\/wp\/v2\/types\/page"}],"author":[{"embeddable":true,"href":"https:\/\/italy-tourist-information.com\/de\/wp-json\/wp\/v2\/users\/17"}],"replies":[{"embeddable":true,"href":"https:\/\/italy-tourist-information.com\/de\/wp-json\/wp\/v2\/comments?post=17872"}],"version-history":[{"count":10,"href":"https:\/\/italy-tourist-information.com\/de\/wp-json\/wp\/v2\/pages\/17872\/revisions"}],"predecessor-version":[{"id":20347,"href":"https:\/\/italy-tourist-information.com\/de\/wp-json\/wp\/v2\/pages\/17872\/revisions\/20347"}],"up":[{"embeddable":true,"href":"https:\/\/italy-tourist-information.com\/de\/wp-json\/wp\/v2\/pages\/17844"}],"wp:featuredmedia":[{"embeddable":true,"href":"https:\/\/italy-tourist-information.com\/de\/wp-json\/wp\/v2\/media\/17873"}],"wp:attachment":[{"href":"https:\/\/italy-tourist-information.com\/de\/wp-json\/wp\/v2\/media?parent=17872"}],"wp:term":[{"taxonomy":"category","embeddable":true,"href":"https:\/\/italy-tourist-information.com\/de\/wp-json\/wp\/v2\/categories?post=17872"},{"taxonomy":"post_tag","embeddable":true,"href":"https:\/\/italy-tourist-information.com\/de\/wp-json\/wp\/v2\/tags?post=17872"}],"curies":[{"name":"wp","href":"https:\/\/api.w.org\/{rel}","templated":true}]}}