{"id":17889,"date":"2020-10-15T14:04:53","date_gmt":"2020-10-15T14:04:53","guid":{"rendered":"https:\/\/italy-tourist-information.com\/rome\/plan\/arrival"},"modified":"2026-05-07T14:45:31","modified_gmt":"2026-05-07T14:45:31","slug":"anreise","status":"publish","type":"page","link":"https:\/\/italy-tourist-information.com\/de\/rom\/planen\/anreise","title":{"rendered":"Guide zur Anreise nach Rom: Alle Optionen im \u00dcberblick"},"content":{"rendered":"<h1>Guide zur Anreise nach Rom: Alle Optionen im \u00dcberblick<\/h1>\n<p data-pm-slice=\"1 1 []\">Planen Sie Ihre Anreise nach Rom einfach und flexibel mit Flug, Zug, Bus oder Auto.<\/p>\n<p style=\"text-align: center;\">Wie komme ich nach Rom?<\/p>\n<p style=\"text-align: center;\">&#8230; und wie bewege ich mich problemlos in der Stadt fort?<\/p>\n<h3 style=\"\"><span data-attr-css=\"tve-u-173e7860be8\" data-attr-link=\"1\" data-attr-rel=\"0\" data-attr-target=\"0\" data-extra_key=\"\" data-option-inline=\"1\" data-shortcode=\"tcb_post_title\" data-shortcode-name=\"Post title\" data-attr-static-link=\"{&quot;className&quot;:&quot;&quot;,&quot;href&quot;:&quot;#&quot;,&quot;title&quot;:&quot;Guide zur Anreise nach Rom: Alle Optionen im \u00dcberblick&quot;,&quot;data-css&quot;:&quot;tve-u-173e7860be8&quot;,&quot;class&quot;:&quot;&quot;}\" style=\"\"><a href=\"https:\/\/italy-tourist-information.com\/de\/rom\/planen\/anreise\" title=\"Guide zur Anreise nach Rom: Alle Optionen im \u00dcberblick\">Guide zur Anreise nach Rom: Alle Optionen im \u00dcberblick<\/a><\/span><\/h3>\n<p><a href=\"https:\/\/italy-tourist-information.com\/de\/rom\/planen\/flughafen-rom-fiumicino\" dynamic-postlink=\"tcb_post_the_permalink\" data-shortcode-id=\"5769\"><\/a><\/p>\n<h3 style=\"text-align: center; padding-top: 0px !important; margin-top: 0px !important;\"><span data-attr-link=\"1\" data-attr-rel=\"0\" data-attr-target=\"0\" data-extra_key=\"\" data-option-inline=\"1\" data-shortcode=\"tcb_post_title\" data-shortcode-name=\"Post title\" data-attr-css=\"\" data-attr-static-link=\"{&quot;className&quot;:&quot;&quot;,&quot;href&quot;:&quot;https:\/\/italy-tourist-information.com\/de\/rom\/planen\/flughafen-rom-fiumicino&quot;,&quot;title&quot;:&quot;Guide zum Flughafen Rom Fiumicino: Ankunft, Abflug &amp; Transfers im \u00dcberblick&quot;,&quot;class&quot;:&quot;&quot;}\" style=\"\"><a href=\"https:\/\/italy-tourist-information.com\/de\/rom\/planen\/flughafen-rom-fiumicino\" title=\"Guide zum Flughafen Rom Fiumicino: Ankunft, Abflug &amp; Transfers im \u00dcberblick\" data-css=\"\">Guide zum Flughafen Rom Fiumicino: Ankunft, Abflug &amp; Transfers im \u00dcberblick<\/a><\/span><\/h3>\n<p>Willkommen in unserem Reisef\u00fchrer zum Flughafen Leonardo da <a href=\"https:\/\/italy-tourist-information.com\/de\/rom\/planen\/flughafen-rom-fiumicino#more-17895\">&#8230;<\/a><\/p>\n<p><a href=\"https:\/\/italy-tourist-information.com\/de\/rom\/planen\/flughafen-rom-fiumicino\" style=\"\"><span style=\"\"><span style=\"\">Weiterlesen<\/span><\/span><\/a><a href=\"https:\/\/italy-tourist-information.com\/de\/rom\/planen\/rom-ciampino-flughafen\" dynamic-postlink=\"tcb_post_the_permalink\" data-shortcode-id=\"5769\"><\/a><\/p>\n<h3 style=\"text-align: center; padding-top: 0px !important; margin-top: 0px !important;\"><span data-attr-link=\"1\" data-attr-rel=\"0\" data-attr-target=\"0\" data-extra_key=\"\" data-option-inline=\"1\" data-shortcode=\"tcb_post_title\" data-shortcode-name=\"Post title\" data-attr-css=\"\" data-attr-static-link=\"{&quot;className&quot;:&quot;&quot;,&quot;href&quot;:&quot;https:\/\/italy-tourist-information.com\/de\/rom\/planen\/flughafen-rom-fiumicino&quot;,&quot;title&quot;:&quot;Guide zum Flughafen Rom Fiumicino: Ankunft, Abflug &amp; Transfers im \u00dcberblick&quot;,&quot;class&quot;:&quot;&quot;}\" style=\"\"><a href=\"https:\/\/italy-tourist-information.com\/de\/rom\/planen\/rom-ciampino-flughafen\" title=\"Guide zum Rom Ciampino Flughafen (CIA): Ankunft, Abflug &amp; Transfers im \u00dcberblick\" data-css=\"\">Guide zum Rom Ciampino Flughafen (CIA): Ankunft, Abflug &amp; Transfers im \u00dcberblick<\/a><\/span><\/h3>\n<p>Willkommen in unserem Reisef\u00fchrer zum Flughafen Ciampino (CIA) <a href=\"https:\/\/italy-tourist-information.com\/de\/rom\/planen\/rom-ciampino-flughafen#more-17913\">&#8230;<\/a><\/p>\n<p><a href=\"https:\/\/italy-tourist-information.com\/de\/rom\/planen\/rom-ciampino-flughafen\" style=\"\"><span style=\"\"><span style=\"\">Weiterlesen<\/span><\/span><\/a><a href=\"javascript:void(0)\" style=\"\"><span style=\"\"><span style=\"\">Load More<\/span><\/span><\/a><\/p>\n<p style=\"text-align: center;\">Einfach die Stadt erkunden<\/p>\n<p style=\"text-align: center;\">Tickets, Touren und Audioguides<\/p>\n<h3 style=\"\"><span data-attr-css=\"tve-u-173e7904c02\" data-attr-link=\"1\" data-attr-rel=\"0\" data-attr-target=\"0\" data-extra_key=\"\" data-option-inline=\"1\" data-shortcode=\"tcb_post_title\" data-shortcode-name=\"Post title\" data-attr-static-link=\"{&quot;className&quot;:&quot;&quot;,&quot;href&quot;:&quot;#&quot;,&quot;title&quot;:&quot;Guide zur Anreise nach Rom: Alle Optionen im \u00dcberblick&quot;,&quot;data-css&quot;:&quot;tve-u-173e7904c02&quot;,&quot;class&quot;:&quot;&quot;}\" style=\"\"><a href=\"https:\/\/italy-tourist-information.com\/de\/rom\/planen\/anreise\" title=\"Guide zur Anreise nach Rom: Alle Optionen im \u00dcberblick\">Guide zur Anreise nach Rom: Alle Optionen im \u00dcberblick<\/a><\/span><\/h3>\n<p><a href=\"javascript:void(0)\" style=\"\"><span style=\"\"><span style=\"\">Load More<\/span><\/span><\/a><\/p>\n<h2><strong>Fahrkarten f\u00fcr den \u00f6ffentlichen Nahverkehr in Rom<\/strong><\/h2>\n<p>In Rom lohnt sich der Kauf eines 24-Stunden-Tickets <strong>bereits nach drei einfachen Fahrten<\/strong> mit den \u00f6ffentlichen Verkehrsmitteln, zu denen Busse, Stra\u00dfenbahnen und U-Bahnen geh\u00f6ren.<\/p>\n<p>F\u00fcr bestimmte Gruppen wie Kinder, Senioren und Studenten gibt es au\u00dferdem <strong>erm\u00e4\u00dfigte Fahrpreise,<\/strong> wodurch Tageskarten eine kosteng\u00fcnstige Alternative darstellen.<\/p>\n<h3>Transfers<\/h3>\n<ul>\n<li style=\"\"><span style=\"\"><strong>Flughafen Rom-Fiumicino (FCO):<\/strong> Roms Hauptflughafen ist \u00fcber den Leonardo Express mit der Stadt verbunden. Die Fahrt zum Bahnhof Termini dauert 30 Minuten. Busse verkehren ebenfalls zwischen dem Flughafen und dem Stadtzentrum. Dar\u00fcber hinaus stehen <strong>private Transfers<\/strong>, Sammelshuttles und exklusive Transferm\u00f6glichkeiten wie Taxis und Uber zur Verf\u00fcgung.<strong> <br \/><\/strong><\/span><\/li>\n<li><span><strong>Bahnhof Termini:<\/strong>&nbsp;Roms Hauptbahnhof Termini liegt zentral und ist an das U-Bahn-Netz der Stadt angebunden. Taxis sind leicht verf\u00fcgbar, die Buchung \u00fcber Apps ist jedoch oft bequemer.<strong><br \/><\/strong><\/span><\/li>\n<li><span><strong>Busbahnhof:<\/strong> Der zentrale Busbahnhof Roms befindet sich direkt neben dem Bahnhof Termini und bietet nahtlose Verbindungen zum U-Bahn- und Busnetz f\u00fcr eine bequeme Anreise in die gesamte Stadt.<\/span><\/li>\n<\/ul>\n<p style=\"text-align: center;\">Flughafentransfers<\/p>\n<p style=\"text-align: center;\">Uber, Shuttlebusse und private Transfers<\/p>\n<h3 style=\"\"><span data-attr-css=\"tve-u-175028fc266\" data-attr-link=\"1\" data-attr-rel=\"0\" data-attr-target=\"0\" data-extra_key=\"\" data-option-inline=\"1\" data-shortcode=\"tcb_post_title\" data-shortcode-name=\"Post title\" data-attr-static-link=\"{&quot;className&quot;:&quot;&quot;,&quot;href&quot;:&quot;#&quot;,&quot;title&quot;:&quot;Guide zur Anreise nach Rom: Alle Optionen im \u00dcberblick&quot;,&quot;data-css&quot;:&quot;tve-u-175028fc266&quot;,&quot;class&quot;:&quot;&quot;}\" style=\"\"><a href=\"https:\/\/italy-tourist-information.com\/de\/rom\/planen\/anreise\" title=\"Guide zur Anreise nach Rom: Alle Optionen im \u00dcberblick\">Guide zur Anreise nach Rom: Alle Optionen im \u00dcberblick<\/a><\/span><\/h3>\n<p><a href=\"javascript:void(0)\" style=\"\"><span style=\"\"><span style=\"\">Load More<\/span><\/span><\/a><\/p>\n<p style=\"text-align: center;\">Gruppenreisen<\/p>\n<p style=\"text-align: center;\">Konferenzen, Tagungen, Messen, Vereinsausfl\u00fcge und Veranstaltungen<\/p>\n<h3 style=\"\"><span data-attr-css=\"tve-u-173e791164f\" data-attr-link=\"1\" data-attr-rel=\"0\" data-attr-target=\"0\" data-extra_key=\"\" data-option-inline=\"1\" data-shortcode=\"tcb_post_title\" data-shortcode-name=\"Post title\" data-attr-static-link=\"{&quot;className&quot;:&quot;&quot;,&quot;href&quot;:&quot;#&quot;,&quot;title&quot;:&quot;Guide zur Anreise nach Rom: Alle Optionen im \u00dcberblick&quot;,&quot;data-css&quot;:&quot;tve-u-173e791164f&quot;,&quot;class&quot;:&quot;&quot;}\" style=\"\"><a href=\"https:\/\/italy-tourist-information.com\/de\/rom\/planen\/anreise\" title=\"Guide zur Anreise nach Rom: Alle Optionen im \u00dcberblick\">Guide zur Anreise nach Rom: Alle Optionen im \u00dcberblick<\/a><\/span><\/h3>\n<p><a href=\"javascript:void(0)\" style=\"\"><span style=\"\"><span style=\"\">Load More<\/span><\/span><\/a><\/p>\n<h2>Konferenzen, Messen und Gruppenreisen<\/h2>\n<p data-pm-slice=\"0 0 []\">Italy TouristInformation.com ist eine Full-Service-Agentur und organisiert s\u00e4mtliche Aspekte von Gruppenreisen.<\/p>\n<p>Dazu z\u00e4hlen unter anderem die Buchung von Konferenzhotels, Gruppentransfers vom Flughafen, exklusive Fahrdienste f\u00fcr F\u00fchrungskr\u00e4fte, Catering, Incentive-Programme sowie die komplette Planung des Rahmenprogramms.<\/p>\n<p>In einem kostenlosen Erstgespr\u00e4ch besprechen wir gerne Ihre Anforderungen f\u00fcr Tagungen, Gruppenreisen und Veranstaltungen in Rom.<\/p>\n<h3 data-pm-slice=\"1 1 []\">Ihre Vorteile auf einen Blick<\/h3>\n<ul>\n<li style=\"\"><span style=\"\"><strong>24-Stunden-Support:&nbsp;<\/strong>&nbsp;Rund um die Uhr erreichbar \u2013 von der Planung bis zur Durchf\u00fchrung Ihrer Reise.<strong> <br \/><\/strong><\/span><\/li>\n<li><span><strong>Aus einer Hand:&nbsp;<\/strong>Komplette Organisation inklusive Rahmenprogramm mit einem zentralen Ansprechpartner.<strong> <br \/><\/strong><\/span><\/li>\n<li><span><strong>Kostenloses Erstgespr\u00e4ch:&nbsp;<\/strong>Wir pr\u00fcfen unverbindlich, ob und wie wir Ihre Anforderungen optimal umsetzen k\u00f6nnen..<\/span><\/li>\n<\/ul>\n<h2 style=\"text-align: center;\">Kostenlose Erstberatung f\u00fcr Gruppenreisen<\/h2>\n<p style=\"text-align: center;\">Wir besprechen gerne Ihre Erwartungen. Sie erreichen uns per E-Mail unter <em>support@italy-tourist-information.com<\/em> oder \u00fcber unser Kontaktformular.&nbsp;<\/p>\n","protected":false},"excerpt":{"rendered":"<p>Guide zur Anreise nach Rom: Alle Optionen im \u00dcberblick Planen Sie Ihre Anreise nach Rom einfach und flexibel mit Flug, Zug, Bus oder Auto. Wie komme ich nach Rom? &#8230; und wie bewege ich mich problemlos in der Stadt fort? Guide zur Anreise nach Rom: Alle Optionen im \u00dcberblick Guide zum Flughafen Rom Fiumicino: Ankunft, [&hellip;]<\/p>\n","protected":false},"author":17,"featured_media":17890,"parent":17872,"menu_order":0,"comment_status":"open","ping_status":"closed","template":"","meta":{"footnotes":"","tve_updated_post":"","tve_custom_css":"","tve_user_custom_css":"","tve_globals":{},"tcb2_ready":1,"tcb_editor_enabled":1,"tve_landing_page":"tcb2-blank-page","_tve_header":"17144","_tve_footer":"17145"},"categories":[],"tags":[163,155,164],"class_list":["post-17889","page","type-page","status-publish","has-post-thumbnail","hentry","tag-arrival","tag-rom","tag-transfer","post-wrapper","thrv_wrapper"],"_links":{"self":[{"href":"https:\/\/italy-tourist-information.com\/de\/wp-json\/wp\/v2\/pages\/17889","targetHints":{"allow":["GET"]}}],"collection":[{"href":"https:\/\/italy-tourist-information.com\/de\/wp-json\/wp\/v2\/pages"}],"about":[{"href":"https:\/\/italy-tourist-information.com\/de\/wp-json\/wp\/v2\/types\/page"}],"author":[{"embeddable":true,"href":"https:\/\/italy-tourist-information.com\/de\/wp-json\/wp\/v2\/users\/17"}],"replies":[{"embeddable":true,"href":"https:\/\/italy-tourist-information.com\/de\/wp-json\/wp\/v2\/comments?post=17889"}],"version-history":[{"count":9,"href":"https:\/\/italy-tourist-information.com\/de\/wp-json\/wp\/v2\/pages\/17889\/revisions"}],"predecessor-version":[{"id":20345,"href":"https:\/\/italy-tourist-information.com\/de\/wp-json\/wp\/v2\/pages\/17889\/revisions\/20345"}],"up":[{"embeddable":true,"href":"https:\/\/italy-tourist-information.com\/de\/wp-json\/wp\/v2\/pages\/17872"}],"wp:featuredmedia":[{"embeddable":true,"href":"https:\/\/italy-tourist-information.com\/de\/wp-json\/wp\/v2\/media\/17890"}],"wp:attachment":[{"href":"https:\/\/italy-tourist-information.com\/de\/wp-json\/wp\/v2\/media?parent=17889"}],"wp:term":[{"taxonomy":"category","embeddable":true,"href":"https:\/\/italy-tourist-information.com\/de\/wp-json\/wp\/v2\/categories?post=17889"},{"taxonomy":"post_tag","embeddable":true,"href":"https:\/\/italy-tourist-information.com\/de\/wp-json\/wp\/v2\/tags?post=17889"}],"curies":[{"name":"wp","href":"https:\/\/api.w.org\/{rel}","templated":true}]}}